{"id":15942,"date":"2023-07-24T17:12:45","date_gmt":"2023-07-24T17:12:45","guid":{"rendered":"https:\/\/babyvk.com\/?post_type=product&#038;p=15942"},"modified":"2025-03-10T20:03:33","modified_gmt":"2025-03-10T20:03:33","slug":"baby-panama-hat-sun-protection","status":"publish","type":"product","link":"https:\/\/babyvk.com\/fr\/product\/baby-panama-hat-sun-protection\/","title":{"rendered":"Chapeau Panama pour b\u00e9b\u00e9 Protection solaire"},"content":{"rendered":"<div data-elementor-type=\"product-post\" data-elementor-id=\"15942\" class=\"elementor elementor-15942\" data-elementor-post-type=\"product\">\n\t\t\t\t\t\t<section class=\"elementor-section elementor-top-section elementor-element elementor-element-19c208b elementor-section-boxed elementor-section-height-default elementor-section-height-default\" data-id=\"19c208b\" data-element_type=\"section\">\n\t\t\t\t\t\t<div class=\"elementor-container elementor-column-gap-default\">\n\t\t\t\t\t<div class=\"elementor-column elementor-col-100 elementor-top-column elementor-element elementor-element-6b967c0\" data-id=\"6b967c0\" data-element_type=\"column\">\n\t\t\t<div class=\"elementor-widget-wrap elementor-element-populated\">\n\t\t\t\t\t\t<div class=\"elementor-element elementor-element-2cf04dc elementor-widget elementor-widget-wd_text_block\" data-id=\"2cf04dc\" data-element_type=\"widget\" data-widget_type=\"wd_text_block.default\">\n\t\t\t\t<div class=\"elementor-widget-container\">\n\t\t\t\t\t\t\t<div class=\"wd-text-block reset-last-child text-left\">\n\t\t\t\n\t\t\t<p><strong>Description : <\/strong><\/p><p>Prot\u00e9gez votre enfant des rayons nocifs du soleil avec notre chapeau de soleil Baby Panama. Son design assure un maximum de confort et de style, ce qui en fait l'accessoire parfait pour les journ\u00e9es ensoleill\u00e9es. Gardez votre b\u00e9b\u00e9 en s\u00e9curit\u00e9 et adorable o\u00f9 qu'il aille ! \u2600\ufe0f\ud83d\udc76\ud83d\udc52<\/p>\n\t\t\t\t\t<\/div>\n\t\t\t\t\t\t<\/div>\n\t\t\t\t<\/div>\n\t\t\t\t<div class=\"elementor-element elementor-element-827d0fa elementor-widget elementor-widget-wd_text_block\" data-id=\"827d0fa\" data-element_type=\"widget\" data-widget_type=\"wd_text_block.default\">\n\t\t\t\t<div class=\"elementor-widget-container\">\n\t\t\t\t\t\t\t<div class=\"wd-text-block reset-last-child text-left\">\n\t\t\t\n\t\t\t<p><strong>Caract\u00e9ristiques :<\/strong><\/p><ol><li>Protection solaire : Nos chapeaux de soleil offrent une protection sup\u00e9rieure contre les UV, prot\u00e9geant ainsi la peau d\u00e9licate de votre b\u00e9b\u00e9.<\/li><li>Mati\u00e8re respirante : Fabriqu\u00e9 en tissu l\u00e9ger et respirant, il garantit un port confortable tout au long de la journ\u00e9e.<\/li><li>Mentonni\u00e8re ajustable : assure que le bonnet reste bien en place sur votre b\u00e9b\u00e9 pendant les aventures en plein air.<\/li><li>Design \u00e9l\u00e9gant : Les chapeaux de Panama \u00e0 la mode sont disponibles en diff\u00e9rentes couleurs pour s'adapter \u00e0 toutes les tenues.<\/li><li>Pratique \u00e0 transporter et \u00e0 emballer : Conception pliable pour un rangement facile dans les sacs \u00e0 langer ou les poussettes.<\/li><\/ol>\n\t\t\t\t\t<\/div>\n\t\t\t\t\t\t<\/div>\n\t\t\t\t<\/div>\n\t\t\t\t<div class=\"elementor-element elementor-element-4c91f64 elementor-widget elementor-widget-wd_text_block\" data-id=\"4c91f64\" data-element_type=\"widget\" data-widget_type=\"wd_text_block.default\">\n\t\t\t\t<div class=\"elementor-widget-container\">\n\t\t\t\t\t\t\t<div class=\"wd-text-block reset-last-child text-left\">\n\t\t\t\n\t\t\t<p><strong>Sp\u00e9cifications :<\/strong><\/p><ul><li>Nom : Chapeau de Panama pour b\u00e9b\u00e9 Protection solaire<\/li><li>Mati\u00e8re : M\u00e9lange coton\/polyester<\/li><li>Tailles : 3-12 mois<\/li><li>Couleurs : Bleu, gris, orange, rose, rouge, blanc<\/li><\/ul><p><strong>Paquet :<\/strong><\/p><ul><li>1 chapeau de Panama pour b\u00e9b\u00e9<\/li><\/ul>\n\t\t\t\t\t<\/div>\n\t\t\t\t\t\t<\/div>\n\t\t\t\t<\/div>\n\t\t\t\t<div class=\"elementor-element elementor-element-0942974 elementor-widget elementor-widget-wd_text_block\" data-id=\"0942974\" data-element_type=\"widget\" data-widget_type=\"wd_text_block.default\">\n\t\t\t\t<div class=\"elementor-widget-container\">\n\t\t\t\t\t\t\t<div class=\"wd-text-block reset-last-child text-left\">\n\t\t\t\n\t\t\t<p><strong>Pr\u00e9cautions :<\/strong><\/p><ol><li>Veuillez tenir compte d'un \u00e9cart de 1 \u00e0 3 cm d\u00fb aux mesures manuelles.<\/li><li>En raison de la diversit\u00e9 des \u00e9crans et de l'effet de la lumi\u00e8re, la couleur r\u00e9elle de l'article peut \u00eatre l\u00e9g\u00e8rement diff\u00e9rente de la couleur montr\u00e9e sur les photos.<\/li><\/ol>\n\t\t\t\t\t<\/div>\n\t\t\t\t\t\t<\/div>\n\t\t\t\t<\/div>\n\t\t\t\t\t<\/div>\n\t\t<\/div>\n\t\t\t\t\t<\/div>\n\t\t<\/section>\n\t\t\t\t<\/div>","protected":false},"excerpt":{"rendered":"<p>&#8220;<strong>Vous cherchez la protection solaire id\u00e9ale pour votre enfant ?<\/strong> D\u00e9couvrez notre chapeau Panama pour b\u00e9b\u00e9 - la solution id\u00e9ale pour prot\u00e9ger votre b\u00e9b\u00e9 des rayons UV nocifs. Achetez maintenant pour une livraison gratuite et obtenez 30% de r\u00e9duction !\"<\/p>","protected":false},"featured_media":15939,"comment_status":"open","ping_status":"closed","template":"","meta":{"_acf_changed":false},"product_brand":[],"product_cat":[32],"product_tag":[648,652,650,653,649,647,651],"class_list":{"0":"post-15942","1":"product","2":"type-product","3":"status-publish","4":"has-post-thumbnail","6":"product_cat-best-baby-clothing","7":"product_tag-baby-beach-hat","8":"product_tag-baby-bucket-hat","9":"product_tag-baby-panama-cap","10":"product_tag-baby-panama-hat","11":"product_tag-baby-sun-hat","12":"product_tag-infant-sun-cap","13":"product_tag-infant-sun-hat","15":"first","16":"instock","17":"sale","18":"taxable","19":"shipping-taxable","20":"purchasable","21":"product-type-variable","22":"wvs-archive-product-wrapper"},"acf":[],"_links":{"self":[{"href":"https:\/\/babyvk.com\/fr\/wp-json\/wp\/v2\/product\/15942","targetHints":{"allow":["GET"]}}],"collection":[{"href":"https:\/\/babyvk.com\/fr\/wp-json\/wp\/v2\/product"}],"about":[{"href":"https:\/\/babyvk.com\/fr\/wp-json\/wp\/v2\/types\/product"}],"replies":[{"embeddable":true,"href":"https:\/\/babyvk.com\/fr\/wp-json\/wp\/v2\/comments?post=15942"}],"version-history":[{"count":0,"href":"https:\/\/babyvk.com\/fr\/wp-json\/wp\/v2\/product\/15942\/revisions"}],"wp:featuredmedia":[{"embeddable":true,"href":"https:\/\/babyvk.com\/fr\/wp-json\/wp\/v2\/media\/15939"}],"wp:attachment":[{"href":"https:\/\/babyvk.com\/fr\/wp-json\/wp\/v2\/media?parent=15942"}],"wp:term":[{"taxonomy":"product_brand","embeddable":true,"href":"https:\/\/babyvk.com\/fr\/wp-json\/wp\/v2\/product_brand?post=15942"},{"taxonomy":"product_cat","embeddable":true,"href":"https:\/\/babyvk.com\/fr\/wp-json\/wp\/v2\/product_cat?post=15942"},{"taxonomy":"product_tag","embeddable":true,"href":"https:\/\/babyvk.com\/fr\/wp-json\/wp\/v2\/product_tag?post=15942"}],"curies":[{"name":"wp","href":"https:\/\/api.w.org\/{rel}","templated":true}]}}