{"id":15875,"date":"2023-07-20T18:27:11","date_gmt":"2023-07-20T18:27:11","guid":{"rendered":"https:\/\/babyvk.com\/?post_type=product&#038;p=15875"},"modified":"2025-04-02T19:13:30","modified_gmt":"2025-04-02T19:13:30","slug":"baby-head-protectors-for-crawling-walking","status":"publish","type":"product","link":"https:\/\/babyvk.com\/fr\/product\/baby-head-protectors-for-crawling-walking\/","title":{"rendered":"Casquette de protection de la t\u00eate pour b\u00e9b\u00e9"},"content":{"rendered":"<div data-elementor-type=\"product-post\" data-elementor-id=\"15875\" class=\"elementor elementor-15875\" data-elementor-post-type=\"product\">\n\t\t\t\t\t\t<section class=\"elementor-section elementor-top-section elementor-element elementor-element-a804ea6 elementor-section-boxed elementor-section-height-default elementor-section-height-default\" data-id=\"a804ea6\" data-element_type=\"section\">\n\t\t\t\t\t\t<div class=\"elementor-container elementor-column-gap-default\">\n\t\t\t\t\t<div class=\"elementor-column elementor-col-100 elementor-top-column elementor-element elementor-element-9c57e57\" data-id=\"9c57e57\" data-element_type=\"column\">\n\t\t\t<div class=\"elementor-widget-wrap elementor-element-populated\">\n\t\t\t\t\t\t<div class=\"elementor-element elementor-element-1d780c6 elementor-widget elementor-widget-wd_text_block\" data-id=\"1d780c6\" data-element_type=\"widget\" data-widget_type=\"wd_text_block.default\">\n\t\t\t\t<div class=\"elementor-widget-container\">\n\t\t\t\t\t\t\t<div class=\"wd-text-block reset-last-child text-center\">\n\t\t\t\n\t\t\t<p><span style=\"font-size: 14pt;\"><strong>Vous craignez toujours que votre b\u00e9b\u00e9 tombe et se blesse en rampant ou en apprenant \u00e0 marcher ?<\/strong><\/span><\/p><p>Nos protecteurs de t\u00eate pour b\u00e9b\u00e9 offrent une couverture \u00e0 360\u00b0, prot\u00e9geant leurs pr\u00e9cieuses t\u00eates contre les chocs et les chutes, offrant aux mamans une tranquillit\u00e9 d'esprit. \ud83e\udde1\ud83d\ude0a<\/p>\n\t\t\t\t\t<\/div>\n\t\t\t\t\t\t<\/div>\n\t\t\t\t<\/div>\n\t\t\t\t\t<\/div>\n\t\t<\/div>\n\t\t\t\t\t<\/div>\n\t\t<\/section>\n\t\t\t\t<section class=\"elementor-section elementor-top-section elementor-element elementor-element-47f63bc elementor-section-boxed elementor-section-height-default elementor-section-height-default\" data-id=\"47f63bc\" data-element_type=\"section\">\n\t\t\t\t\t\t<div class=\"elementor-container elementor-column-gap-default\">\n\t\t\t\t\t<div class=\"elementor-column elementor-col-100 elementor-top-column elementor-element elementor-element-0694a3e\" data-id=\"0694a3e\" data-element_type=\"column\">\n\t\t\t<div class=\"elementor-widget-wrap elementor-element-populated\">\n\t\t\t\t\t\t<div class=\"elementor-element elementor-element-b9403d8 elementor-widget elementor-widget-wd_image_or_svg\" data-id=\"b9403d8\" data-element_type=\"widget\" data-widget_type=\"wd_image_or_svg.default\">\n\t\t\t\t<div class=\"elementor-widget-container\">\n\t\t\t\t\t\n\t\t<div class=\"wd-image text-center\">\n\t\t\t\t\t\t\t\t<img fetchpriority=\"high\" decoding=\"async\" width=\"960\" height=\"508\" src=\"https:\/\/babyvk.com\/wp-content\/uploads\/2023\/07\/helmet-for-babies-learning-to-walk.webp\" class=\"attachment-full size-full wvs-archive-product-image\" alt=\"protecteur de t\u00eate pour la marche des b\u00e9b\u00e9s\" srcset=\"https:\/\/babyvk.com\/wp-content\/uploads\/2023\/07\/helmet-for-babies-learning-to-walk.webp 960w, https:\/\/babyvk.com\/wp-content\/uploads\/2023\/07\/helmet-for-babies-learning-to-walk-30x16.webp 30w, https:\/\/babyvk.com\/wp-content\/uploads\/2023\/07\/helmet-for-babies-learning-to-walk-400x212.webp 400w, https:\/\/babyvk.com\/wp-content\/uploads\/2023\/07\/helmet-for-babies-learning-to-walk-768x406.webp 768w, https:\/\/babyvk.com\/wp-content\/uploads\/2023\/07\/helmet-for-babies-learning-to-walk-860x455.webp 860w, https:\/\/babyvk.com\/wp-content\/uploads\/2023\/07\/helmet-for-babies-learning-to-walk-500x265.webp 500w, https:\/\/babyvk.com\/wp-content\/uploads\/2023\/07\/helmet-for-babies-learning-to-walk-430x228.webp 430w, https:\/\/babyvk.com\/wp-content\/uploads\/2023\/07\/helmet-for-babies-learning-to-walk-700x370.webp 700w\" sizes=\"(max-width: 960px) 100vw, 960px\" title=\"\">\t\t\t\t\t<\/div>\n\n\t\t\t\t\t\t<\/div>\n\t\t\t\t<\/div>\n\t\t\t\t\t<\/div>\n\t\t<\/div>\n\t\t\t\t\t<\/div>\n\t\t<\/section>\n\t\t\t\t<section class=\"elementor-section elementor-top-section elementor-element elementor-element-4399824 elementor-section-boxed elementor-section-height-default elementor-section-height-default\" data-id=\"4399824\" data-element_type=\"section\">\n\t\t\t\t\t\t<div class=\"elementor-container elementor-column-gap-default\">\n\t\t\t\t\t<div class=\"elementor-column elementor-col-100 elementor-top-column elementor-element elementor-element-e6191ab\" data-id=\"e6191ab\" data-element_type=\"column\">\n\t\t\t<div class=\"elementor-widget-wrap elementor-element-populated\">\n\t\t\t\t\t\t<div class=\"elementor-element elementor-element-a82586a elementor-widget elementor-widget-wd_text_block\" data-id=\"a82586a\" data-element_type=\"widget\" data-widget_type=\"wd_text_block.default\">\n\t\t\t\t<div class=\"elementor-widget-container\">\n\t\t\t\t\t\t\t<div class=\"wd-text-block reset-last-child text-left\">\n\t\t\t\n\t\t\t<h2>Caract\u00e9ristiques :<\/h2><ol><li>\ud835\uddd9\ud835\ude02\ud835\uddf9\ud835\uddf9 \ud835\udddb\ud835\uddf2\ud835\uddee\ud835\uddf1 \ud835\uddd6\ud835\uddfc\ud835\ude03\ud835\uddf2\ud835\uddff\ud835\uddee\ud835\uddf4\ud835\uddf2 : La protection \u00e0 360\u00b0 avec de solides mat\u00e9riaux absorbant les chocs emp\u00eache les bosses et les ecchymoses en cas de chute. <\/li><li>\ud835\udde6\ud835\uddee\ud835\uddf3\ud835\uddf2 \ud835\uddf3\ud835\uddfc\ud835\uddff \ud835\uddd5\ud835\uddee\ud835\uddef\ud835\ude06'\ud835\ude00 \ud835\uddd7\ud835\uddf2\ud835\uddf9\ud835\uddf6\ud835\uddf0\ud835\uddee\ud835\ude01\ud835\uddf2 \ud835\udde6\ud835\uddf8\ud835\uddf6\ud835\uddfb : Mat\u00e9riaux doux pour la peau, non toxiques et r\u00e9sistants \u00e0 la transpiration pour la peau d\u00e9licate des b\u00e9b\u00e9s. Facile \u00e0 nettoyer sans se d\u00e9former. <\/li><li>\ud835\uddd4\ud835\uddf1\ud835\uddf7\ud835\ude02\ud835\ude00\ud835\ude01\ud835\uddee\ud835\uddef\ud835\uddf9\ud835\uddf2 \ud835\uddf3\ud835\uddfc\ud835\uddff \ud835\uddd4\ud835\uddfb\ud835\ude06 \ud835\uddd5\ud835\uddee\ud835\uddef\ud835\ude06 : Convient \u00e0 une circonf\u00e9rence de t\u00eate de 16,5-21 pouces, 1 pouce d'\u00e9paisseur. Id\u00e9al pour les b\u00e9b\u00e9s de 6 \u00e0 36 mois. <\/li><li>\ud835\udde7\ud835\uddf5\ud835\uddfc\ud835\uddff\ud835\uddfc\ud835\ude02\ud835\uddf4\ud835\uddf5\ud835\uddf9\ud835\ude06 \ud835\udde7\ud835\uddf2\ud835\ude00\ud835\ude01\ud835\uddf2\ud835\uddf1 \ud835\uddee\ud835\uddfb\ud835\uddf1 \ud835\uddd6\ud835\uddfc\ud835\uddfa\ud835\uddfd\ud835\uddf9\ud835\uddf6\ud835\uddee\ud835\uddfb\ud835\uddf0\ud835\uddf2 : Test\u00e9 minutieusement et certifi\u00e9 par la CPSIA, garantissant une s\u00e9curit\u00e9 maximale pour vos pr\u00e9cieux petits. <\/li><li>\ud835\udde6\ud835\ude02\ud835\uddf6\ud835\ude01\ud835\uddee\ud835\uddef\ud835\uddf9\ud835\uddf2 \ud835\uddf3\ud835\uddfc\ud835\uddff \ud835\uddee\ud835\uddfb\ud835\ude06 \ud835\ude00\ud835\uddf0\ud835\uddf2\ud835\uddfb\ud835\uddee\ud835\uddff\ud835\uddf6\ud835\uddfc : Conception l\u00e9g\u00e8re (seulement 20g) et taille r\u00e9glable pour un ajustement confortable sans aucune g\u00eane. \ud83d\udd4a\ufe0f\ud83d\udc4d<\/li><\/ol>\n\t\t\t\t\t<\/div>\n\t\t\t\t\t\t<\/div>\n\t\t\t\t<\/div>\n\t\t\t\t\t<\/div>\n\t\t<\/div>\n\t\t\t\t\t<\/div>\n\t\t<\/section>\n\t\t\t\t<section class=\"elementor-section elementor-top-section elementor-element elementor-element-6fa7156 elementor-section-boxed elementor-section-height-default elementor-section-height-default\" data-id=\"6fa7156\" data-element_type=\"section\">\n\t\t\t\t\t\t<div class=\"elementor-container elementor-column-gap-default\">\n\t\t\t\t\t<div class=\"elementor-column elementor-col-100 elementor-top-column elementor-element elementor-element-408e9cc\" data-id=\"408e9cc\" data-element_type=\"column\">\n\t\t\t<div class=\"elementor-widget-wrap elementor-element-populated\">\n\t\t\t\t\t\t<div class=\"elementor-element elementor-element-f8893b5 elementor-widget elementor-widget-wd_image_or_svg\" data-id=\"f8893b5\" data-element_type=\"widget\" data-widget_type=\"wd_image_or_svg.default\">\n\t\t\t\t<div class=\"elementor-widget-container\">\n\t\t\t\t\t\n\t\t<div class=\"wd-image text-center\">\n\t\t\t\t\t\t\t\t<img decoding=\"async\" width=\"960\" height=\"332\" src=\"https:\/\/babyvk.com\/wp-content\/uploads\/2023\/07\/baby-crawling-helmet.webp\" class=\"attachment-full size-full wvs-archive-product-image\" alt=\"casque de s\u00e9curit\u00e9 pour b\u00e9b\u00e9\" srcset=\"https:\/\/babyvk.com\/wp-content\/uploads\/2023\/07\/baby-crawling-helmet.webp 960w, https:\/\/babyvk.com\/wp-content\/uploads\/2023\/07\/baby-crawling-helmet-30x10.webp 30w, https:\/\/babyvk.com\/wp-content\/uploads\/2023\/07\/baby-crawling-helmet-400x138.webp 400w, https:\/\/babyvk.com\/wp-content\/uploads\/2023\/07\/baby-crawling-helmet-768x266.webp 768w, https:\/\/babyvk.com\/wp-content\/uploads\/2023\/07\/baby-crawling-helmet-860x297.webp 860w, https:\/\/babyvk.com\/wp-content\/uploads\/2023\/07\/baby-crawling-helmet-500x173.webp 500w, https:\/\/babyvk.com\/wp-content\/uploads\/2023\/07\/baby-crawling-helmet-430x149.webp 430w, https:\/\/babyvk.com\/wp-content\/uploads\/2023\/07\/baby-crawling-helmet-700x242.webp 700w\" sizes=\"(max-width: 960px) 100vw, 960px\" title=\"\">\t\t\t\t\t<\/div>\n\n\t\t\t\t\t\t<\/div>\n\t\t\t\t<\/div>\n\t\t\t\t\t<\/div>\n\t\t<\/div>\n\t\t\t\t\t<\/div>\n\t\t<\/section>\n\t\t\t\t<section class=\"elementor-section elementor-top-section elementor-element elementor-element-4dc87d5 elementor-section-boxed elementor-section-height-default elementor-section-height-default\" data-id=\"4dc87d5\" data-element_type=\"section\">\n\t\t\t\t\t\t<div class=\"elementor-container elementor-column-gap-default\">\n\t\t\t\t\t<div class=\"elementor-column elementor-col-100 elementor-top-column elementor-element elementor-element-f352b0c\" data-id=\"f352b0c\" data-element_type=\"column\">\n\t\t\t<div class=\"elementor-widget-wrap elementor-element-populated\">\n\t\t\t\t\t\t<div class=\"elementor-element elementor-element-33d6b8b elementor-widget elementor-widget-wd_text_block\" data-id=\"33d6b8b\" data-element_type=\"widget\" data-widget_type=\"wd_text_block.default\">\n\t\t\t\t<div class=\"elementor-widget-container\">\n\t\t\t\t\t\t\t<div class=\"wd-text-block reset-last-child text-left\">\n\t\t\t\n\t\t\t<h2>Sp\u00e9cifications :<\/h2><ul><li>Mati\u00e8re : Coton de haute qualit\u00e9 + \u00e9ponge hautement \u00e9lastique<\/li><li>Taille : 40x40x53CM<\/li><li>Poids : 20g<\/li><li>Gamme d'\u00e2ge : 6-36 mois<\/li><li>Le paquet comprend : 1 x Prot\u00e8ge-t\u00eate pour b\u00e9b\u00e9<\/li><\/ul>\n\t\t\t\t\t<\/div>\n\t\t\t\t\t\t<\/div>\n\t\t\t\t<\/div>\n\t\t\t\t<div class=\"elementor-element elementor-element-6917033 elementor-widget elementor-widget-wd_image_or_svg\" data-id=\"6917033\" data-element_type=\"widget\" data-widget_type=\"wd_image_or_svg.default\">\n\t\t\t\t<div class=\"elementor-widget-container\">\n\t\t\t\t\t\n\t\t<div class=\"wd-image text-left\">\n\t\t\t\t\t\t\t\t<img decoding=\"async\" width=\"800\" height=\"800\" src=\"https:\/\/babyvk.com\/wp-content\/uploads\/2023\/07\/helmet-for-baby-head-protection.webp\" class=\"attachment-full size-full wvs-archive-product-image\" alt=\"protecteur de t\u00eate pour b\u00e9b\u00e9\" srcset=\"https:\/\/babyvk.com\/wp-content\/uploads\/2023\/07\/helmet-for-baby-head-protection.webp 800w, https:\/\/babyvk.com\/wp-content\/uploads\/2023\/07\/helmet-for-baby-head-protection-30x30.webp 30w, https:\/\/babyvk.com\/wp-content\/uploads\/2023\/07\/helmet-for-baby-head-protection-50x50.webp 50w, https:\/\/babyvk.com\/wp-content\/uploads\/2023\/07\/helmet-for-baby-head-protection-100x100.webp 100w, https:\/\/babyvk.com\/wp-content\/uploads\/2023\/07\/helmet-for-baby-head-protection-150x150.webp 150w, https:\/\/babyvk.com\/wp-content\/uploads\/2023\/07\/helmet-for-baby-head-protection-300x300.webp 300w, https:\/\/babyvk.com\/wp-content\/uploads\/2023\/07\/helmet-for-baby-head-protection-768x768.webp 768w, https:\/\/babyvk.com\/wp-content\/uploads\/2023\/07\/helmet-for-baby-head-protection-500x500.webp 500w, https:\/\/babyvk.com\/wp-content\/uploads\/2023\/07\/helmet-for-baby-head-protection-430x430.webp 430w, https:\/\/babyvk.com\/wp-content\/uploads\/2023\/07\/helmet-for-baby-head-protection-700x700.webp 700w\" sizes=\"(max-width: 800px) 100vw, 800px\" title=\"\">\t\t\t\t\t<\/div>\n\n\t\t\t\t\t\t<\/div>\n\t\t\t\t<\/div>\n\t\t\t\t<div class=\"elementor-element elementor-element-1e1095b elementor-widget elementor-widget-wd_text_block\" data-id=\"1e1095b\" data-element_type=\"widget\" data-widget_type=\"wd_text_block.default\">\n\t\t\t\t<div class=\"elementor-widget-container\">\n\t\t\t\t\t\t\t<div class=\"wd-text-block reset-last-child text-left\">\n\t\t\t\n\t\t\t<h2>Notes :<\/h2><ul><li>Notre produit utilise des mat\u00e9riaux de haute qualit\u00e9 pour une protection maximale. M\u00e9fiez-vous des alternatives \u00e0 bas prix sur le march\u00e9 qui peuvent compromettre la s\u00e9curit\u00e9.<\/li><li>La laine de soie n'est PAS utilis\u00e9e dans nos produits pour r\u00e9duire les co\u00fbts, ce qui garantit la meilleure protection pour la t\u00eate de votre b\u00e9b\u00e9.<\/li><\/ul>\n\t\t\t\t\t<\/div>\n\t\t\t\t\t\t<\/div>\n\t\t\t\t<\/div>\n\t\t\t\t\t<\/div>\n\t\t<\/div>\n\t\t\t\t\t<\/div>\n\t\t<\/section>\n\t\t\t\t<section class=\"wd-negative-gap elementor-section elementor-top-section elementor-element elementor-element-19fd586 elementor-section-boxed elementor-section-height-default elementor-section-height-default\" data-id=\"19fd586\" data-element_type=\"section\">\n\t\t\t\t\t\t<div class=\"elementor-container elementor-column-gap-default\">\n\t\t\t\t\t<div class=\"elementor-column elementor-col-100 elementor-top-column elementor-element elementor-element-2449ddb\" data-id=\"2449ddb\" data-element_type=\"column\">\n\t\t\t<div class=\"elementor-widget-wrap elementor-element-populated\">\n\t\t\t\t\t\t<div class=\"elementor-element elementor-element-68557ca wd-width-100 elementor-widget elementor-widget-wd_title\" data-id=\"68557ca\" data-element_type=\"widget\" data-widget_type=\"wd_title.default\">\n\t\t\t\t<div class=\"elementor-widget-container\">\n\t\t\t\t\t\t\t<div class=\"title-wrapper wd-set-mb reset-last-child wd-title-color-default wd-title-style-default wd-title-size-default text-center\">\n\n\t\t\t\t\t\t\t\t\t\t\t<div class=\"title-subtitle subtitle-color-default subtitle-style-default wd-fontsize-xs\">\n\t\t\t\t\tVOIR NOTRE EXPOSITION\t\t\t\t<\/div>\n\t\t\t\n\t\t\t<div class=\"liner-continer\">\n\t\t\t\t<h4 class=\"woodmart-title-container title wd-fontsize-l\">Notre courte vid\u00e9o<\/h4> \n\t\t\t\t\t\t\t<\/div>\n\n\t\t\t\t\t\t\t<div class=\"title-after_title reset-last-child wd-fontsize-xs\">\n\t\t\t\t\t<p>Montrer la sc\u00e8ne d'utilisation du produit, vous donner plus de d\u00e9tails.<\/p>\t\t\t\t<\/div>\n\t\t\t\t\t<\/div>\n\t\t\t\t\t\t<\/div>\n\t\t\t\t<\/div>\n\t\t\t\t<div class=\"elementor-element elementor-element-d4ec4a0 elementor-widget elementor-widget-wd_testimonials\" data-id=\"d4ec4a0\" data-element_type=\"widget\" data-widget_type=\"wd_testimonials.default\">\n\t\t\t\t<div class=\"elementor-widget-container\">\n\t\t\t\t\t\t\t<div class=\"testimonials testimon-style-standard  color-scheme- testimon-align-center wd-carousel-container\" id=\"carousel-2703\">\n\t\t\t\t\t\t\t<div class=\"wd-carousel-inner\">\n\t\t\t\n\t\t\t<div class=\"wd-carousel wd-grid\" data-scroll_per_page=\"yes\" style=\"--wd-col-lg:2;--wd-col-md:2;--wd-col-sm:1;--wd-gap-lg:30px;--wd-gap-sm:10px;\">\n\t\t\t\t\t\t\t\t\t<div class=\"wd-carousel-wrap\">\n\t\t\t\t\n\t\t\t\t\t\t\t\t\t\n<div class=\"testimonial wd-carousel-item\">\n\t<div class=\"testimonial-inner\">\n\t\t\n\t\t<div class=\"testimonial-content\">\n\t\t\t<div class=\"testimonial-rating\">\n\t\t\t\t<span class=\"star-rating\">\n\t\t\t\t\t<span style=\"width:100%\"><\/span>\n\t\t\t\t<\/span>\n\t\t\t<\/div>\n\n\t\t\t<p><iframe  id=\"_ytid_10112\"  width=\"800\" height=\"450\"  data-origwidth=\"800\" data-origheight=\"450\"  data-relstop=\"1\" src=\"https:\/\/www.youtube.com\/embed\/VmHvKULu_Rc?enablejsapi=1&autoplay=0&cc_load_policy=1&cc_lang_pref=&iv_load_policy=3&loop=0&rel=0&fs=1&playsinline=0&autohide=2&theme=dark&color=red&controls=1&disablekb=0&\" class=\"__youtube_prefs__  no-lazyload\" title=\"Lecteur YouTube\"  allow=\"fullscreen; accelerometer; autoplay; clipboard-write; encrypted-media; gyroscope; picture-in-picture; web-share\" referrerpolicy=\"strict-origin-when-cross-origin\" allowfullscreen data-no-lazy=\"1\" data-skipgform_ajax_framebjll=\"\"><\/iframe><\/p>\n\t\t\t<footer>\n\t\t\t\t\n\t\t\t\t\t\t\t<\/footer>\n\t\t<\/div>\n\t<\/div>\n<\/div>\t\t\t\t\t\t\t\t\t\n<div class=\"testimonial wd-carousel-item\">\n\t<div class=\"testimonial-inner\">\n\t\t\n\t\t<div class=\"testimonial-content\">\n\t\t\t<div class=\"testimonial-rating\">\n\t\t\t\t<span class=\"star-rating\">\n\t\t\t\t\t<span style=\"width:100%\"><\/span>\n\t\t\t\t<\/span>\n\t\t\t<\/div>\n\n\t\t\t<p><iframe  id=\"_ytid_58565\"  width=\"800\" height=\"450\"  data-origwidth=\"800\" data-origheight=\"450\"  data-relstop=\"1\" src=\"https:\/\/www.youtube.com\/embed\/692i_aD9vj8?enablejsapi=1&autoplay=0&cc_load_policy=1&cc_lang_pref=&iv_load_policy=3&loop=0&rel=0&fs=1&playsinline=0&autohide=2&theme=dark&color=red&controls=1&disablekb=0&\" class=\"__youtube_prefs__  no-lazyload\" title=\"Lecteur YouTube\"  allow=\"fullscreen; accelerometer; autoplay; clipboard-write; encrypted-media; gyroscope; picture-in-picture; web-share\" referrerpolicy=\"strict-origin-when-cross-origin\" allowfullscreen data-no-lazy=\"1\" data-skipgform_ajax_framebjll=\"\"><\/iframe><\/p>\n\t\t\t<footer>\n\t\t\t\t\n\t\t\t\t\t\t\t<\/footer>\n\t\t<\/div>\n\t<\/div>\n<\/div>\t\t\t\t\t\t\t\t\t\n<div class=\"testimonial wd-carousel-item\">\n\t<div class=\"testimonial-inner\">\n\t\t\n\t\t<div class=\"testimonial-content\">\n\t\t\t<div class=\"testimonial-rating\">\n\t\t\t\t<span class=\"star-rating\">\n\t\t\t\t\t<span style=\"width:100%\"><\/span>\n\t\t\t\t<\/span>\n\t\t\t<\/div>\n\n\t\t\t<p><iframe  id=\"_ytid_41758\"  width=\"800\" height=\"450\"  data-origwidth=\"800\" data-origheight=\"450\"  data-relstop=\"1\" src=\"https:\/\/www.youtube.com\/embed\/uO_xgTeB8sQ?enablejsapi=1&autoplay=0&cc_load_policy=1&cc_lang_pref=&iv_load_policy=3&loop=0&rel=0&fs=1&playsinline=0&autohide=2&theme=dark&color=red&controls=1&disablekb=0&\" class=\"__youtube_prefs__  no-lazyload\" title=\"Lecteur YouTube\"  allow=\"fullscreen; accelerometer; autoplay; clipboard-write; encrypted-media; gyroscope; picture-in-picture; web-share\" referrerpolicy=\"strict-origin-when-cross-origin\" allowfullscreen data-no-lazy=\"1\" data-skipgform_ajax_framebjll=\"\"><\/iframe><\/p>\n\t\t\t<footer>\n\t\t\t\t\n\t\t\t\t\t\t\t<\/footer>\n\t\t<\/div>\n\t<\/div>\n<\/div>\t\t\t\t\t\t\t\t\t\n<div class=\"testimonial wd-carousel-item\">\n\t<div class=\"testimonial-inner\">\n\t\t\n\t\t<div class=\"testimonial-content\">\n\t\t\t<div class=\"testimonial-rating\">\n\t\t\t\t<span class=\"star-rating\">\n\t\t\t\t\t<span style=\"width:100%\"><\/span>\n\t\t\t\t<\/span>\n\t\t\t<\/div>\n\n\t\t\t<p><iframe  id=\"_ytid_69377\"  width=\"800\" height=\"450\"  data-origwidth=\"800\" data-origheight=\"450\"  data-relstop=\"1\" src=\"https:\/\/www.youtube.com\/embed\/tVXd7nD4uHk?enablejsapi=1&autoplay=0&cc_load_policy=1&cc_lang_pref=&iv_load_policy=3&loop=0&rel=0&fs=1&playsinline=0&autohide=2&theme=dark&color=red&controls=1&disablekb=0&\" class=\"__youtube_prefs__  no-lazyload\" title=\"Lecteur YouTube\"  allow=\"fullscreen; accelerometer; autoplay; clipboard-write; encrypted-media; gyroscope; picture-in-picture; web-share\" referrerpolicy=\"strict-origin-when-cross-origin\" allowfullscreen data-no-lazy=\"1\" data-skipgform_ajax_framebjll=\"\"><\/iframe><\/p>\n\t\t\t<footer>\n\t\t\t\t\n\t\t\t\t\t\t\t<\/footer>\n\t\t<\/div>\n\t<\/div>\n<\/div>\t\t\t\t\t\t\t\t\t\n<div class=\"testimonial wd-carousel-item\">\n\t<div class=\"testimonial-inner\">\n\t\t\n\t\t<div class=\"testimonial-content\">\n\t\t\t<div class=\"testimonial-rating\">\n\t\t\t\t<span class=\"star-rating\">\n\t\t\t\t\t<span style=\"width:100%\"><\/span>\n\t\t\t\t<\/span>\n\t\t\t<\/div>\n\n\t\t\t<p><iframe  id=\"_ytid_44055\"  width=\"800\" height=\"450\"  data-origwidth=\"800\" data-origheight=\"450\"  data-relstop=\"1\" src=\"https:\/\/www.youtube.com\/embed\/T9lfO0HQzQc?enablejsapi=1&autoplay=0&cc_load_policy=1&cc_lang_pref=&iv_load_policy=3&loop=0&rel=0&fs=1&playsinline=0&autohide=2&theme=dark&color=red&controls=1&disablekb=0&\" class=\"__youtube_prefs__  no-lazyload\" title=\"Lecteur YouTube\"  allow=\"fullscreen; accelerometer; autoplay; clipboard-write; encrypted-media; gyroscope; picture-in-picture; web-share\" referrerpolicy=\"strict-origin-when-cross-origin\" allowfullscreen data-no-lazy=\"1\" data-skipgform_ajax_framebjll=\"\"><\/iframe><\/p>\n\t\t\t<footer>\n\t\t\t\t\n\t\t\t\t\t\t\t<\/footer>\n\t\t<\/div>\n\t<\/div>\n<\/div>\t\t\t\t\n\t\t\t\t\t\t\t\t\t<\/div>\n\t\t\t\t\t\t\t<\/div>\n\t\t\t\t\t\t\t\t\t\t\t\t\t\t<div class=\"wd-nav-arrows wd-pos-sep wd-hover-1 wd-icon-1\">\n\t\t\t<div class=\"wd-btn-arrow wd-prev wd-disabled\">\n\t\t\t\t<div class=\"wd-arrow-inner\"><\/div>\n\t\t\t<\/div>\n\t\t\t<div class=\"wd-btn-arrow wd-next\">\n\t\t\t\t<div class=\"wd-arrow-inner\"><\/div>\n\t\t\t<\/div>\n\t\t<\/div>\n\t\t\t\t\t\t\n\t\t\t\t<\/div>\n\n\t\t\t\t\t\t<div class=\"wd-nav-pagin-wrap text-center wd-style-shape wd-hide-md-sm wd-hide-sm\">\n\t\t\t<ul class=\"wd-nav-pagin\"><\/ul>\n\t\t<\/div>\n\t\t\t\t\t\t\t\t\t\t\t<\/div>\n\t\t\t\t\t\t<\/div>\n\t\t\t\t<\/div>\n\t\t\t\t\t<\/div>\n\t\t<\/div>\n\t\t\t\t\t<\/div>\n\t\t<\/section>\n\t\t\t\t<\/div>","protected":false},"excerpt":{"rendered":"<p>&#8220;<strong>Vous vous inqui\u00e9tez de la s\u00e9curit\u00e9 de votre b\u00e9b\u00e9 lorsqu'il rampe ou marche ?<\/strong> Nos protections de t\u00eate pour b\u00e9b\u00e9s pour la marche \u00e0 quatre pattes sont la solution parfaite pour que votre enfant explore en toute confiance. Achetez maintenant pour une livraison gratuite et obtenez 30% de r\u00e9duction !\"<\/p>","protected":false},"featured_media":15879,"comment_status":"open","ping_status":"closed","template":"","meta":{"_acf_changed":false},"product_brand":[],"product_cat":[32],"product_tag":[641,638,639,640],"class_list":{"0":"post-15875","1":"product","2":"type-product","3":"status-publish","4":"has-post-thumbnail","6":"product_cat-best-baby-clothing","7":"product_tag-baby-head-protectors","8":"product_tag-baby-helmet-for-crawling-walking","9":"product_tag-head-protection-for-baby","10":"product_tag-head-protector-for-baby-walking","12":"first","13":"instock","14":"sale","15":"taxable","16":"shipping-taxable","17":"purchasable","18":"product-type-variable","19":"wvs-archive-product-wrapper"},"acf":[],"_links":{"self":[{"href":"https:\/\/babyvk.com\/fr\/wp-json\/wp\/v2\/product\/15875","targetHints":{"allow":["GET"]}}],"collection":[{"href":"https:\/\/babyvk.com\/fr\/wp-json\/wp\/v2\/product"}],"about":[{"href":"https:\/\/babyvk.com\/fr\/wp-json\/wp\/v2\/types\/product"}],"replies":[{"embeddable":true,"href":"https:\/\/babyvk.com\/fr\/wp-json\/wp\/v2\/comments?post=15875"}],"version-history":[{"count":0,"href":"https:\/\/babyvk.com\/fr\/wp-json\/wp\/v2\/product\/15875\/revisions"}],"wp:featuredmedia":[{"embeddable":true,"href":"https:\/\/babyvk.com\/fr\/wp-json\/wp\/v2\/media\/15879"}],"wp:attachment":[{"href":"https:\/\/babyvk.com\/fr\/wp-json\/wp\/v2\/media?parent=15875"}],"wp:term":[{"taxonomy":"product_brand","embeddable":true,"href":"https:\/\/babyvk.com\/fr\/wp-json\/wp\/v2\/product_brand?post=15875"},{"taxonomy":"product_cat","embeddable":true,"href":"https:\/\/babyvk.com\/fr\/wp-json\/wp\/v2\/product_cat?post=15875"},{"taxonomy":"product_tag","embeddable":true,"href":"https:\/\/babyvk.com\/fr\/wp-json\/wp\/v2\/product_tag?post=15875"}],"curies":[{"name":"wp","href":"https:\/\/api.w.org\/{rel}","templated":true}]}}