{"id":15742,"date":"2023-07-13T18:23:07","date_gmt":"2023-07-13T18:23:07","guid":{"rendered":"https:\/\/babyvk.com\/?post_type=product&#038;p=15742"},"modified":"2025-11-04T07:43:04","modified_gmt":"2025-11-04T07:43:04","slug":"rechargeable-portable-clip-on-stroller-fan","status":"publish","type":"product","link":"https:\/\/babyvk.com\/fr\/product\/rechargeable-portable-clip-on-stroller-fan\/","title":{"rendered":"Ventilateur de poussette portable rechargeable \u00e0 pince"},"content":{"rendered":"<div data-elementor-type=\"product-post\" data-elementor-id=\"15742\" class=\"elementor elementor-15742\" data-elementor-post-type=\"product\">\n\t\t\t\t\t\t<section class=\"elementor-section elementor-top-section elementor-element elementor-element-3cceb9db elementor-section-boxed elementor-section-height-default elementor-section-height-default\" data-id=\"3cceb9db\" data-element_type=\"section\">\n\t\t\t\t\t\t<div class=\"elementor-container elementor-column-gap-default\">\n\t\t\t\t\t<div class=\"elementor-column elementor-col-100 elementor-top-column elementor-element elementor-element-78b58347\" data-id=\"78b58347\" data-element_type=\"column\">\n\t\t\t<div class=\"elementor-widget-wrap elementor-element-populated\">\n\t\t\t\t\t\t<div class=\"elementor-element elementor-element-17a91981 color-scheme-inherit text-left elementor-widget elementor-widget-text-editor\" data-id=\"17a91981\" data-element_type=\"widget\" data-widget_type=\"text-editor.default\">\n\t\t\t\t<div class=\"elementor-widget-container\">\n\t\t\t\t\t\t\t\t\t<h2>Vous en avez assez des sorties chaudes et \u00e9touffantes avec votre enfant ?<\/h2><p>Notre ventilateur portable rechargeable \u00e0 pince pour poussette est l\u00e0 pour sauver la situation ! \ud83c\udf2c\ufe0f\ud83d\ude0aEn tant que nouvelle maman, vous vous inqui\u00e9tez souvent du confort de votre b\u00e9b\u00e9, en particulier lors des promenades estivales ou des aventures en plein air. \ud83d\ude13\ud83c\udf1e Notre ventilateur de poussette innovant \u00e0 clipser est la solution ultime pour garder votre b\u00e9b\u00e9 au frais et heureux. Finis les moments de transpiration et de caprices ! \ud83d\ude45\u200d\u2640\ufe0f\ud83d\udca6<\/p><h2>Caract\u00e9ristiques :<\/h2><ol><li>Multifonctionnel : Utilisez-le comme ventilateur sur pied, ventilateur \u00e0 main, ventilateur \u00e0 pince ou ventilateur enveloppant pour une flexibilit\u00e9 maximale.<\/li><li>Rotation automatique de 130\u00b0 : Profitez d'une brise rafra\u00eechissante sous tous les angles, couvrant une large zone.<\/li><li>Batterie rechargeable : Gr\u00e2ce \u00e0 une puissante batterie de 3600mAh, il offre 2 \u00e0 12 heures d'utilisation sans fil, garantissant ainsi une fra\u00eecheur durable.<\/li><li>Vitesse du vent r\u00e9glable : Personnalisez le flux d'air avec quatre vitesses de ventilateur r\u00e9glables pour r\u00e9pondre \u00e0 vos besoins.<\/li><li>Couvercle de s\u00e9curit\u00e9 en maille : Con\u00e7u avec un couvercle de protection en maille pour garder les petits doigts en s\u00e9curit\u00e9.<\/li><\/ol><p><img fetchpriority=\"high\" decoding=\"async\" src=\"https:\/\/babyvk.com\/wp-content\/uploads\/2023\/07\/best-stroller-fan.webp\" sizes=\"(max-width: 800px) 100vw, 800px\" srcset=\"https:\/\/i0.wp.com\/babyvk.com\/wp-content\/uploads\/2023\/07\/best-stroller-fan.webp?w=800&amp;ssl=1 800w, https:\/\/i0.wp.com\/babyvk.com\/wp-content\/uploads\/2023\/07\/best-stroller-fan.webp?resize=300%2C300&amp;ssl=1 300w, https:\/\/i0.wp.com\/babyvk.com\/wp-content\/uploads\/2023\/07\/best-stroller-fan.webp?resize=150%2C150&amp;ssl=1 150w, https:\/\/i0.wp.com\/babyvk.com\/wp-content\/uploads\/2023\/07\/best-stroller-fan.webp?resize=768%2C768&amp;ssl=1 768w, https:\/\/i0.wp.com\/babyvk.com\/wp-content\/uploads\/2023\/07\/best-stroller-fan.webp?resize=430%2C430&amp;ssl=1 430w, https:\/\/i0.wp.com\/babyvk.com\/wp-content\/uploads\/2023\/07\/best-stroller-fan.webp?resize=700%2C700&amp;ssl=1 700w, https:\/\/i0.wp.com\/babyvk.com\/wp-content\/uploads\/2023\/07\/best-stroller-fan.webp?resize=60%2C60&amp;ssl=1 60w\" alt=\"le meilleur ventilateur de landau\" width=\"800\" height=\"800\" title=\"\"><\/p><h2>Sp\u00e9cifications :<\/h2><ul><li>Version de la batterie : 3600mAh<\/li><li>Mat\u00e9riaux : ABS\/PC\/Silicone\/Composants \u00e9lectroniques<\/li><li>Taille du produit : 110x<em>110x<\/em>263mm<\/li><li>Poids : 401g (net), 506g (brut)<\/li><li>Fonction suppl\u00e9mentaire : Fonction d'oscillation \u00e0 130\u00b0 (activ\u00e9e par une pression longue)<\/li><li>Temps de charge : environ 3,5 heures pour une charge compl\u00e8te<\/li><\/ul><h2>Le paquet comprend :<\/h2><ul><li>1 x Ventilateur pour poussette<\/li><li>1 x c\u00e2ble USB<\/li><li>1 x Manuel de l'utilisateur<\/li><\/ul><p><strong>Avec notre ventilateur de poussette portable rechargeable \u00e0 pince, vous pouvez vous assurer que votre b\u00e9b\u00e9 reste au frais et \u00e0 l'aise o\u00f9 que vous alliez. Dites adieu \u00e0 la surchauffe et bonjour aux sorties agr\u00e9ables ! \ud83c\udf2c\ufe0f\u2764\ufe0f<\/strong><\/p>\t\t\t\t\t\t\t\t<\/div>\n\t\t\t\t<\/div>\n\t\t\t\t\t<\/div>\n\t\t<\/div>\n\t\t\t\t\t<\/div>\n\t\t<\/section>\n\t\t\t\t<section class=\"wd-negative-gap elementor-section elementor-top-section elementor-element elementor-element-ba15d4a elementor-section-boxed elementor-section-height-default elementor-section-height-default\" data-id=\"ba15d4a\" data-element_type=\"section\">\n\t\t\t\t\t\t<div class=\"elementor-container elementor-column-gap-default\">\n\t\t\t\t\t<div class=\"elementor-column elementor-col-100 elementor-top-column elementor-element elementor-element-02ecf96\" data-id=\"02ecf96\" data-element_type=\"column\">\n\t\t\t<div class=\"elementor-widget-wrap elementor-element-populated\">\n\t\t\t\t\t\t<div class=\"elementor-element elementor-element-7720cd9 wd-width-100 elementor-widget elementor-widget-wd_title\" data-id=\"7720cd9\" data-element_type=\"widget\" data-widget_type=\"wd_title.default\">\n\t\t\t\t<div class=\"elementor-widget-container\">\n\t\t\t\t\t\t\t<div class=\"title-wrapper wd-set-mb reset-last-child wd-title-color-default wd-title-style-default wd-title-size-default text-center\">\n\n\t\t\t\t\t\t\t\t\t\t\t<div class=\"title-subtitle subtitle-color-default subtitle-style-default wd-fontsize-xs\">\n\t\t\t\t\tVOIR NOTRE EXPOSITION\t\t\t\t<\/div>\n\t\t\t\n\t\t\t<div class=\"liner-continer\">\n\t\t\t\t<h4 class=\"woodmart-title-container title wd-fontsize-l\">Notre courte vid\u00e9o<\/h4> \n\t\t\t\t\t\t\t<\/div>\n\n\t\t\t\t\t\t\t<div class=\"title-after_title reset-last-child wd-fontsize-xs\">\n\t\t\t\t\t<p>Montrer la sc\u00e8ne d'utilisation du produit, vous donner plus de d\u00e9tails.<\/p>\t\t\t\t<\/div>\n\t\t\t\t\t<\/div>\n\t\t\t\t\t\t<\/div>\n\t\t\t\t<\/div>\n\t\t\t\t<div class=\"elementor-element elementor-element-45ed0a6 elementor-widget elementor-widget-wd_testimonials\" data-id=\"45ed0a6\" data-element_type=\"widget\" data-widget_type=\"wd_testimonials.default\">\n\t\t\t\t<div class=\"elementor-widget-container\">\n\t\t\t\t\t\t\t<div class=\"testimonials testimon-style-standard  color-scheme- testimon-align-center wd-carousel-container\" id=\"carousel-9646\">\n\t\t\t\t\t\t\t<div class=\"wd-carousel-inner\">\n\t\t\t\n\t\t\t<div class=\"wd-carousel wd-grid\" data-scroll_per_page=\"yes\" style=\"--wd-col-lg:2;--wd-col-md:2;--wd-col-sm:1;--wd-gap-lg:30px;--wd-gap-sm:10px;\">\n\t\t\t\t\t\t\t\t\t<div class=\"wd-carousel-wrap\">\n\t\t\t\t\n\t\t\t\t\t\t\t\t\t\n<div class=\"testimonial wd-carousel-item\">\n\t<div class=\"testimonial-inner\">\n\t\t\n\t\t<div class=\"testimonial-content\">\n\t\t\t<div class=\"testimonial-rating\">\n\t\t\t\t<span class=\"star-rating\">\n\t\t\t\t\t<span style=\"width:100%\"><\/span>\n\t\t\t\t<\/span>\n\t\t\t<\/div>\n\n\t\t\t<p><iframe  id=\"_ytid_37412\"  width=\"800\" height=\"450\"  data-origwidth=\"800\" data-origheight=\"450\"  data-relstop=\"1\" src=\"https:\/\/www.youtube.com\/embed\/t0QJSq7MTxc?enablejsapi=1&autoplay=0&cc_load_policy=1&cc_lang_pref=&iv_load_policy=3&loop=0&rel=0&fs=1&playsinline=0&autohide=2&theme=dark&color=red&controls=1&disablekb=0&\" class=\"__youtube_prefs__  no-lazyload\" title=\"Lecteur YouTube\"  allow=\"fullscreen; accelerometer; autoplay; clipboard-write; encrypted-media; gyroscope; picture-in-picture; web-share\" referrerpolicy=\"strict-origin-when-cross-origin\" allowfullscreen data-no-lazy=\"1\" data-skipgform_ajax_framebjll=\"\"><\/iframe><\/p>\n\t\t\t<footer>\n\t\t\t\t\n\t\t\t\t\t\t\t<\/footer>\n\t\t<\/div>\n\t<\/div>\n<\/div>\t\t\t\t\t\t\t\t\t\n<div class=\"testimonial wd-carousel-item\">\n\t<div class=\"testimonial-inner\">\n\t\t\n\t\t<div class=\"testimonial-content\">\n\t\t\t<div class=\"testimonial-rating\">\n\t\t\t\t<span class=\"star-rating\">\n\t\t\t\t\t<span style=\"width:100%\"><\/span>\n\t\t\t\t<\/span>\n\t\t\t<\/div>\n\n\t\t\t<p><iframe  id=\"_ytid_19697\"  width=\"800\" height=\"450\"  data-origwidth=\"800\" data-origheight=\"450\"  data-relstop=\"1\" src=\"https:\/\/www.youtube.com\/embed\/qX3fuQX43aU?enablejsapi=1&autoplay=0&cc_load_policy=1&cc_lang_pref=&iv_load_policy=3&loop=0&rel=0&fs=1&playsinline=0&autohide=2&theme=dark&color=red&controls=1&disablekb=0&\" class=\"__youtube_prefs__  no-lazyload\" title=\"Lecteur YouTube\"  allow=\"fullscreen; accelerometer; autoplay; clipboard-write; encrypted-media; gyroscope; picture-in-picture; web-share\" referrerpolicy=\"strict-origin-when-cross-origin\" allowfullscreen data-no-lazy=\"1\" data-skipgform_ajax_framebjll=\"\"><\/iframe><\/p>\n\t\t\t<footer>\n\t\t\t\t\n\t\t\t\t\t\t\t<\/footer>\n\t\t<\/div>\n\t<\/div>\n<\/div>\t\t\t\t\t\t\t\t\t\n<div class=\"testimonial wd-carousel-item\">\n\t<div class=\"testimonial-inner\">\n\t\t\n\t\t<div class=\"testimonial-content\">\n\t\t\t<div class=\"testimonial-rating\">\n\t\t\t\t<span class=\"star-rating\">\n\t\t\t\t\t<span style=\"width:100%\"><\/span>\n\t\t\t\t<\/span>\n\t\t\t<\/div>\n\n\t\t\t<p><iframe  id=\"_ytid_57086\"  width=\"800\" height=\"450\"  data-origwidth=\"800\" data-origheight=\"450\"  data-relstop=\"1\" src=\"https:\/\/www.youtube.com\/embed\/9kzjdEIL25w?enablejsapi=1&autoplay=0&cc_load_policy=1&cc_lang_pref=&iv_load_policy=3&loop=0&rel=0&fs=1&playsinline=0&autohide=2&theme=dark&color=red&controls=1&disablekb=0&\" class=\"__youtube_prefs__  no-lazyload\" title=\"Lecteur YouTube\"  allow=\"fullscreen; accelerometer; autoplay; clipboard-write; encrypted-media; gyroscope; picture-in-picture; web-share\" referrerpolicy=\"strict-origin-when-cross-origin\" allowfullscreen data-no-lazy=\"1\" data-skipgform_ajax_framebjll=\"\"><\/iframe><\/p>\n\t\t\t<footer>\n\t\t\t\t\n\t\t\t\t\t\t\t<\/footer>\n\t\t<\/div>\n\t<\/div>\n<\/div>\t\t\t\t\t\t\t\t\t\n<div class=\"testimonial wd-carousel-item\">\n\t<div class=\"testimonial-inner\">\n\t\t\n\t\t<div class=\"testimonial-content\">\n\t\t\t<div class=\"testimonial-rating\">\n\t\t\t\t<span class=\"star-rating\">\n\t\t\t\t\t<span style=\"width:100%\"><\/span>\n\t\t\t\t<\/span>\n\t\t\t<\/div>\n\n\t\t\t<p><iframe  id=\"_ytid_27236\"  width=\"800\" height=\"450\"  data-origwidth=\"800\" data-origheight=\"450\"  data-relstop=\"1\" src=\"https:\/\/www.youtube.com\/embed\/jyZ3I6sy2Og?enablejsapi=1&autoplay=0&cc_load_policy=1&cc_lang_pref=&iv_load_policy=3&loop=0&rel=0&fs=1&playsinline=0&autohide=2&theme=dark&color=red&controls=1&disablekb=0&\" class=\"__youtube_prefs__  no-lazyload\" title=\"Lecteur YouTube\"  allow=\"fullscreen; accelerometer; autoplay; clipboard-write; encrypted-media; gyroscope; picture-in-picture; web-share\" referrerpolicy=\"strict-origin-when-cross-origin\" allowfullscreen data-no-lazy=\"1\" data-skipgform_ajax_framebjll=\"\"><\/iframe><\/p>\n\t\t\t<footer>\n\t\t\t\t\n\t\t\t\t\t\t\t<\/footer>\n\t\t<\/div>\n\t<\/div>\n<\/div>\t\t\t\t\n\t\t\t\t\t\t\t\t\t<\/div>\n\t\t\t\t\t\t\t<\/div>\n\t\t\t\t\t\t\t\t\t\t\t\t\t\t<div class=\"wd-nav-arrows wd-pos-sep wd-hover-1 wd-icon-1\">\n\t\t\t<div class=\"wd-btn-arrow wd-prev wd-disabled\">\n\t\t\t\t<div class=\"wd-arrow-inner\"><\/div>\n\t\t\t<\/div>\n\t\t\t<div class=\"wd-btn-arrow wd-next\">\n\t\t\t\t<div class=\"wd-arrow-inner\"><\/div>\n\t\t\t<\/div>\n\t\t<\/div>\n\t\t\t\t\t\t\n\t\t\t\t<\/div>\n\n\t\t\t\t\t\t<div class=\"wd-nav-pagin-wrap text-center wd-style-shape wd-hide-md-sm wd-hide-sm\">\n\t\t\t<ul class=\"wd-nav-pagin\"><\/ul>\n\t\t<\/div>\n\t\t\t\t\t\t\t\t\t\t\t<\/div>\n\t\t\t\t\t\t<\/div>\n\t\t\t\t<\/div>\n\t\t\t\t\t<\/div>\n\t\t<\/div>\n\t\t\t\t\t<\/div>\n\t\t<\/section>\n\t\t\t\t<\/div>","protected":false},"excerpt":{"rendered":"<p>&#8220;<strong>Besoin d'une brise en d\u00e9placement ?<\/strong> D\u00e9couvrez le ventilateur portable rechargeable \u00e0 pince pour poussette ! Vous vous demandez comment garder votre enfant au frais pendant les sorties ? Notre ventilateur est la solution parfaite. Achetez maintenant pour une livraison gratuite et obtenez 30% de r\u00e9duction !\"<\/p>","protected":false},"featured_media":15751,"comment_status":"open","ping_status":"closed","template":"","meta":{"_acf_changed":false},"product_brand":[],"product_cat":[509],"product_tag":[623,625,626,622,624,620,621],"class_list":{"0":"post-15742","1":"product","2":"type-product","3":"status-publish","4":"has-post-thumbnail","6":"product_cat-best-baby-toys","7":"product_tag-buggy-fan","8":"product_tag-clip-on-stroller-fan","9":"product_tag-portable-fan-for-stroller","10":"product_tag-pram-fan","11":"product_tag-pushchair-fan","12":"product_tag-rechargeable-pram-fan","13":"product_tag-stroller-fan","15":"first","16":"outofstock","17":"sale","18":"taxable","19":"shipping-taxable","20":"purchasable","21":"product-type-variable","22":"wvs-archive-product-wrapper"},"acf":[],"_links":{"self":[{"href":"https:\/\/babyvk.com\/fr\/wp-json\/wp\/v2\/product\/15742","targetHints":{"allow":["GET"]}}],"collection":[{"href":"https:\/\/babyvk.com\/fr\/wp-json\/wp\/v2\/product"}],"about":[{"href":"https:\/\/babyvk.com\/fr\/wp-json\/wp\/v2\/types\/product"}],"replies":[{"embeddable":true,"href":"https:\/\/babyvk.com\/fr\/wp-json\/wp\/v2\/comments?post=15742"}],"version-history":[{"count":0,"href":"https:\/\/babyvk.com\/fr\/wp-json\/wp\/v2\/product\/15742\/revisions"}],"wp:featuredmedia":[{"embeddable":true,"href":"https:\/\/babyvk.com\/fr\/wp-json\/wp\/v2\/media\/15751"}],"wp:attachment":[{"href":"https:\/\/babyvk.com\/fr\/wp-json\/wp\/v2\/media?parent=15742"}],"wp:term":[{"taxonomy":"product_brand","embeddable":true,"href":"https:\/\/babyvk.com\/fr\/wp-json\/wp\/v2\/product_brand?post=15742"},{"taxonomy":"product_cat","embeddable":true,"href":"https:\/\/babyvk.com\/fr\/wp-json\/wp\/v2\/product_cat?post=15742"},{"taxonomy":"product_tag","embeddable":true,"href":"https:\/\/babyvk.com\/fr\/wp-json\/wp\/v2\/product_tag?post=15742"}],"curies":[{"name":"wp","href":"https:\/\/api.w.org\/{rel}","templated":true}]}}