{"id":15710,"date":"2023-07-13T14:14:57","date_gmt":"2023-07-13T14:14:57","guid":{"rendered":"https:\/\/babyvk.com\/?post_type=product&#038;p=15710"},"modified":"2025-03-10T20:03:34","modified_gmt":"2025-03-10T20:03:34","slug":"baby-swimming-float-with-canopy","status":"publish","type":"product","link":"https:\/\/babyvk.com\/fr\/product\/baby-swimming-float-with-canopy\/","title":{"rendered":"Flotteur de natation pour b\u00e9b\u00e9 avec baldaquin"},"content":{"rendered":"<div data-elementor-type=\"product-post\" data-elementor-id=\"15710\" class=\"elementor elementor-15710\" data-elementor-post-type=\"product\">\n\t\t\t\t\t\t<section class=\"elementor-section elementor-top-section elementor-element elementor-element-db81a1a elementor-section-boxed elementor-section-height-default elementor-section-height-default\" data-id=\"db81a1a\" data-element_type=\"section\">\n\t\t\t\t\t\t<div class=\"elementor-container elementor-column-gap-default\">\n\t\t\t\t\t<div class=\"elementor-column elementor-col-100 elementor-top-column elementor-element elementor-element-b6144a9\" data-id=\"b6144a9\" data-element_type=\"column\">\n\t\t\t<div class=\"elementor-widget-wrap elementor-element-populated\">\n\t\t\t\t\t\t<div class=\"elementor-element elementor-element-4c1fd84 elementor-widget elementor-widget-wd_text_block\" data-id=\"4c1fd84\" data-element_type=\"widget\" data-widget_type=\"wd_text_block.default\">\n\t\t\t\t<div class=\"elementor-widget-container\">\n\t\t\t\t\t\t\t<div class=\"wd-text-block reset-last-child text-center\">\n\t\t\t\n\t\t\t<h2>\ud83d\udc76\ud83c\udfca\u200d\u2640\ufe0f Vous vous inqui\u00e9tez de la s\u00e9curit\u00e9 de votre b\u00e9b\u00e9 pendant la baignade ?<\/h2><p>Dites adieu \u00e0 vos soucis avec notre flotteur de natation pour b\u00e9b\u00e9 avec canop\u00e9e ! \ud83c\udf1e\u2600\ufe0f Con\u00e7u pour r\u00e9pondre aux pr\u00e9occupations des nouvelles mamans, cet anneau de flottaison offre la solution parfaite pour une exp\u00e9rience aquatique sans souci pour votre petit. \ud83c\udfca\u200d\u2640\ufe0f\ud83d\udc76<\/p>\n\t\t\t\t\t<\/div>\n\t\t\t\t\t\t<\/div>\n\t\t\t\t<\/div>\n\t\t\t\t\t<\/div>\n\t\t<\/div>\n\t\t\t\t\t<\/div>\n\t\t<\/section>\n\t\t\t\t<section class=\"wd-negative-gap elementor-section elementor-top-section elementor-element elementor-element-8a5d4dc elementor-section-boxed elementor-section-height-default elementor-section-height-default\" data-id=\"8a5d4dc\" data-element_type=\"section\">\n\t\t\t\t\t\t<div class=\"elementor-container elementor-column-gap-default\">\n\t\t\t\t\t<div class=\"elementor-column elementor-col-100 elementor-top-column elementor-element elementor-element-06fd8fc\" data-id=\"06fd8fc\" data-element_type=\"column\">\n\t\t\t<div class=\"elementor-widget-wrap elementor-element-populated\">\n\t\t\t\t\t\t<div class=\"elementor-element elementor-element-acf1a76 elementor-widget elementor-widget-wd_image_or_svg\" data-id=\"acf1a76\" data-element_type=\"widget\" data-widget_type=\"wd_image_or_svg.default\">\n\t\t\t\t<div class=\"elementor-widget-container\">\n\t\t\t\t\t\n\t\t<div class=\"wd-image text-left\">\n\t\t\t\t\t\t\t\t<img fetchpriority=\"high\" decoding=\"async\" width=\"1000\" height=\"1000\" src=\"https:\/\/babyvk.com\/wp-content\/uploads\/2023\/07\/swim-ring-baby.webp\" class=\"attachment-full size-full wvs-archive-product-image\" alt=\"flotteurs de natation pour b\u00e9b\u00e9s\" srcset=\"https:\/\/babyvk.com\/wp-content\/uploads\/2023\/07\/swim-ring-baby.webp 1000w, https:\/\/babyvk.com\/wp-content\/uploads\/2023\/07\/swim-ring-baby-30x30.webp 30w, https:\/\/babyvk.com\/wp-content\/uploads\/2023\/07\/swim-ring-baby-50x50.webp 50w, https:\/\/babyvk.com\/wp-content\/uploads\/2023\/07\/swim-ring-baby-100x100.webp 100w, https:\/\/babyvk.com\/wp-content\/uploads\/2023\/07\/swim-ring-baby-150x150.webp 150w, https:\/\/babyvk.com\/wp-content\/uploads\/2023\/07\/swim-ring-baby-300x300.webp 300w, https:\/\/babyvk.com\/wp-content\/uploads\/2023\/07\/swim-ring-baby-768x768.webp 768w, https:\/\/babyvk.com\/wp-content\/uploads\/2023\/07\/swim-ring-baby-800x800.webp 800w, https:\/\/babyvk.com\/wp-content\/uploads\/2023\/07\/swim-ring-baby-860x860.webp 860w, https:\/\/babyvk.com\/wp-content\/uploads\/2023\/07\/swim-ring-baby-500x500.webp 500w, https:\/\/babyvk.com\/wp-content\/uploads\/2023\/07\/swim-ring-baby-430x430.webp 430w, https:\/\/babyvk.com\/wp-content\/uploads\/2023\/07\/swim-ring-baby-700x700.webp 700w\" sizes=\"(max-width: 1000px) 100vw, 1000px\" title=\"\">\t\t\t\t\t<\/div>\n\n\t\t\t\t\t\t<\/div>\n\t\t\t\t<\/div>\n\t\t\t\t<div class=\"elementor-element elementor-element-56ed19b elementor-widget elementor-widget-wd_text_block\" data-id=\"56ed19b\" data-element_type=\"widget\" data-widget_type=\"wd_text_block.default\">\n\t\t\t\t<div class=\"elementor-widget-container\">\n\t\t\t\t\t\t\t<div class=\"wd-text-block reset-last-child text-left\">\n\t\t\t\n\t\t\t<h2>Caract\u00e9ristiques :<\/h2><ol><li>S\u00e9curit\u00e9 renforc\u00e9e : Notre anneau flottant pour b\u00e9b\u00e9 est 10% plus large et plus long que les autres, avec un support thoracique en \u00e9ponge non gonflable pour prot\u00e9ger le ventre de votre b\u00e9b\u00e9.<\/li><li>Conception stable : L'avant sur\u00e9lev\u00e9 et les c\u00f4t\u00e9s \u00e9largis emp\u00eachent le retournement, tandis que le fond souple offre un soutien suppl\u00e9mentaire pour \u00e9viter les glissements.<\/li><li>Tendance et pratique : Le dernier mod\u00e8le est \u00e9quip\u00e9 d'une capote respirante amovible, prot\u00e9geant votre b\u00e9b\u00e9 des rayons nocifs du soleil, vous permettant de profiter des journ\u00e9es ensoleill\u00e9es n'importe o\u00f9, n'importe quand.<\/li><li>Pratique et portable : Facile \u00e0 gonfler et \u00e0 d\u00e9gonfler gr\u00e2ce \u00e0 la pompe manuelle incluse, il est facile \u00e0 installer et \u00e0 ranger.<\/li><li>Attention aux d\u00e9tails : Notre produit est soumis \u00e0 des tests de gaz rigoureux, garantissant un niveau de gonflage parfait de 80%-90% pour une s\u00e9curit\u00e9 et un confort optimaux.<\/li><\/ol>\n\t\t\t\t\t<\/div>\n\t\t\t\t\t\t<\/div>\n\t\t\t\t<\/div>\n\t\t\t\t\t<\/div>\n\t\t<\/div>\n\t\t\t\t\t<\/div>\n\t\t<\/section>\n\t\t\t\t<section class=\"elementor-section elementor-top-section elementor-element elementor-element-580aef6 elementor-section-boxed elementor-section-height-default elementor-section-height-default\" data-id=\"580aef6\" data-element_type=\"section\">\n\t\t\t\t\t\t<div class=\"elementor-container elementor-column-gap-default\">\n\t\t\t\t\t<div class=\"elementor-column elementor-col-100 elementor-top-column elementor-element elementor-element-6341df4\" data-id=\"6341df4\" data-element_type=\"column\">\n\t\t\t<div class=\"elementor-widget-wrap elementor-element-populated\">\n\t\t\t\t\t\t<div class=\"elementor-element elementor-element-0564610 wd-width-100 elementor-widget elementor-widget-wd_title\" data-id=\"0564610\" data-element_type=\"widget\" data-widget_type=\"wd_title.default\">\n\t\t\t\t<div class=\"elementor-widget-container\">\n\t\t\t\t\t\t\t<div class=\"title-wrapper wd-set-mb reset-last-child wd-title-color-default wd-title-style-default wd-title-size-default text-center\">\n\n\t\t\t\n\t\t\t<div class=\"liner-continer\">\n\t\t\t\t<h4 class=\"woodmart-title-container title wd-fontsize-l\">Guide d'installation<\/h4> \n\t\t\t\t\t\t\t<\/div>\n\n\t\t\t\t\t<\/div>\n\t\t\t\t\t\t<\/div>\n\t\t\t\t<\/div>\n\t\t\t\t<div class=\"elementor-element elementor-element-5ee617b elementor-widget elementor-widget-wd_image_or_svg\" data-id=\"5ee617b\" data-element_type=\"widget\" data-widget_type=\"wd_image_or_svg.default\">\n\t\t\t\t<div class=\"elementor-widget-container\">\n\t\t\t\t\t\n\t\t<div class=\"wd-image text-left\">\n\t\t\t\t\t\t\t\t<img decoding=\"async\" width=\"1000\" height=\"1000\" src=\"https:\/\/babyvk.com\/wp-content\/uploads\/2023\/07\/baby-swimming-float.webp\" class=\"attachment-full size-full wvs-archive-product-image\" alt=\"Anneau flottant\" srcset=\"https:\/\/babyvk.com\/wp-content\/uploads\/2023\/07\/baby-swimming-float.webp 1000w, https:\/\/babyvk.com\/wp-content\/uploads\/2023\/07\/baby-swimming-float-30x30.webp 30w, https:\/\/babyvk.com\/wp-content\/uploads\/2023\/07\/baby-swimming-float-50x50.webp 50w, https:\/\/babyvk.com\/wp-content\/uploads\/2023\/07\/baby-swimming-float-100x100.webp 100w, https:\/\/babyvk.com\/wp-content\/uploads\/2023\/07\/baby-swimming-float-150x150.webp 150w, https:\/\/babyvk.com\/wp-content\/uploads\/2023\/07\/baby-swimming-float-300x300.webp 300w, https:\/\/babyvk.com\/wp-content\/uploads\/2023\/07\/baby-swimming-float-768x768.webp 768w, https:\/\/babyvk.com\/wp-content\/uploads\/2023\/07\/baby-swimming-float-800x800.webp 800w, https:\/\/babyvk.com\/wp-content\/uploads\/2023\/07\/baby-swimming-float-860x860.webp 860w, https:\/\/babyvk.com\/wp-content\/uploads\/2023\/07\/baby-swimming-float-500x500.webp 500w, https:\/\/babyvk.com\/wp-content\/uploads\/2023\/07\/baby-swimming-float-430x430.webp 430w, https:\/\/babyvk.com\/wp-content\/uploads\/2023\/07\/baby-swimming-float-700x700.webp 700w\" sizes=\"(max-width: 1000px) 100vw, 1000px\" title=\"\">\t\t\t\t\t<\/div>\n\n\t\t\t\t\t\t<\/div>\n\t\t\t\t<\/div>\n\t\t\t\t<div class=\"elementor-element elementor-element-4d11a2d elementor-widget elementor-widget-wd_text_block\" data-id=\"4d11a2d\" data-element_type=\"widget\" data-widget_type=\"wd_text_block.default\">\n\t\t\t\t<div class=\"elementor-widget-container\">\n\t\t\t\t\t\t\t<div class=\"wd-text-block reset-last-child text-left\">\n\t\t\t\n\t\t\t<h2>Sp\u00e9cifications :<\/h2><p>\ud83d\udccf Taille : S\/L\/XL <br \/>Couleur : bleu <br \/>\ud83e\uddea Mat\u00e9riau : Non-PVC <br \/>\ud83d\udc76 Tranche d'\u00e2ge : 4-48 mois <br \/>\ud83d\udce6 Emballage : Sac OPP, bo\u00eete de couleur <br \/>\ud83c\udf1e Saison : \u00e9t\u00e9 <br \/>\ud83d\udce6 Le paquet comprend : 1\u00d7 anneau de flottaison, 1\u00d7 pompe \u00e0 main<\/p>\n\t\t\t\t\t<\/div>\n\t\t\t\t\t\t<\/div>\n\t\t\t\t<\/div>\n\t\t\t\t<div class=\"elementor-element elementor-element-fff8391 elementor-widget elementor-widget-wd_image_or_svg\" data-id=\"fff8391\" data-element_type=\"widget\" data-widget_type=\"wd_image_or_svg.default\">\n\t\t\t\t<div class=\"elementor-widget-container\">\n\t\t\t\t\t\n\t\t<div class=\"wd-image text-left\">\n\t\t\t\t\t\t\t\t<img decoding=\"async\" width=\"1000\" height=\"1000\" src=\"https:\/\/babyvk.com\/wp-content\/uploads\/2023\/07\/ring-float-for-baby.webp\" class=\"attachment-full size-full wvs-archive-product-image\" alt=\"cercle de natation\" srcset=\"https:\/\/babyvk.com\/wp-content\/uploads\/2023\/07\/ring-float-for-baby.webp 1000w, https:\/\/babyvk.com\/wp-content\/uploads\/2023\/07\/ring-float-for-baby-30x30.webp 30w, https:\/\/babyvk.com\/wp-content\/uploads\/2023\/07\/ring-float-for-baby-50x50.webp 50w, https:\/\/babyvk.com\/wp-content\/uploads\/2023\/07\/ring-float-for-baby-100x100.webp 100w, https:\/\/babyvk.com\/wp-content\/uploads\/2023\/07\/ring-float-for-baby-150x150.webp 150w, https:\/\/babyvk.com\/wp-content\/uploads\/2023\/07\/ring-float-for-baby-300x300.webp 300w, https:\/\/babyvk.com\/wp-content\/uploads\/2023\/07\/ring-float-for-baby-768x768.webp 768w, https:\/\/babyvk.com\/wp-content\/uploads\/2023\/07\/ring-float-for-baby-800x800.webp 800w, https:\/\/babyvk.com\/wp-content\/uploads\/2023\/07\/ring-float-for-baby-860x860.webp 860w, https:\/\/babyvk.com\/wp-content\/uploads\/2023\/07\/ring-float-for-baby-500x500.webp 500w, https:\/\/babyvk.com\/wp-content\/uploads\/2023\/07\/ring-float-for-baby-430x430.webp 430w, https:\/\/babyvk.com\/wp-content\/uploads\/2023\/07\/ring-float-for-baby-700x700.webp 700w\" sizes=\"(max-width: 1000px) 100vw, 1000px\" title=\"\">\t\t\t\t\t<\/div>\n\n\t\t\t\t\t\t<\/div>\n\t\t\t\t<\/div>\n\t\t\t\t<div class=\"elementor-element elementor-element-f0f0b83 elementor-widget elementor-widget-wd_text_block\" data-id=\"f0f0b83\" data-element_type=\"widget\" data-widget_type=\"wd_text_block.default\">\n\t\t\t\t<div class=\"elementor-widget-container\">\n\t\t\t\t\t\t\t<div class=\"wd-text-block reset-last-child text-left\">\n\t\t\t\n\t\t\t<p><strong>Ne manquez pas ce flotteur de natation pour b\u00e9b\u00e9 indispensable ! Permettez \u00e0 votre enfant de profiter d'une exp\u00e9rience de baignade s\u00fbre et agr\u00e9able. Obtenez le v\u00f4tre maintenant ! \ud83c\udfca\u200d\u2640\ufe0f\ud83d\udc76\ud83d\udca6<\/strong><\/p>\n\t\t\t\t\t<\/div>\n\t\t\t\t\t\t<\/div>\n\t\t\t\t<\/div>\n\t\t\t\t\t<\/div>\n\t\t<\/div>\n\t\t\t\t\t<\/div>\n\t\t<\/section>\n\t\t\t\t<\/div>","protected":false},"excerpt":{"rendered":"<p>&#8220;<strong>Vous souhaitez que votre b\u00e9b\u00e9 puisse nager en toute s\u00e9curit\u00e9 et avec plaisir ?<\/strong> D\u00e9couvrez notre flotteur de natation pour b\u00e9b\u00e9 avec baldaquin ! Vous vous demandez comment assurer la protection solaire et le plaisir aquatique de votre enfant ? Notre flotteur innovant garantit \u00e0 la fois s\u00e9curit\u00e9 et plaisir dans l'eau. Achetez maintenant pour une livraison gratuite et obtenez 30% de r\u00e9duction !\"<\/p>","protected":false},"featured_media":15713,"comment_status":"open","ping_status":"closed","template":"","meta":{"_acf_changed":false},"product_brand":[],"product_cat":[509],"product_tag":[615,616,613,614,619,618,617],"class_list":{"0":"post-15710","1":"product","2":"type-product","3":"status-publish","4":"has-post-thumbnail","6":"product_cat-best-baby-toys","7":"product_tag-baby-float-ring","8":"product_tag-baby-floats","9":"product_tag-baby-floats-for-pool","10":"product_tag-baby-swimming-float","11":"product_tag-flotation-ring-baby","12":"product_tag-ring-float-for-baby","13":"product_tag-swim-ring-baby","15":"first","16":"instock","17":"sale","18":"taxable","19":"shipping-taxable","20":"purchasable","21":"product-type-variable","22":"wvs-archive-product-wrapper"},"acf":[],"_links":{"self":[{"href":"https:\/\/babyvk.com\/fr\/wp-json\/wp\/v2\/product\/15710","targetHints":{"allow":["GET"]}}],"collection":[{"href":"https:\/\/babyvk.com\/fr\/wp-json\/wp\/v2\/product"}],"about":[{"href":"https:\/\/babyvk.com\/fr\/wp-json\/wp\/v2\/types\/product"}],"replies":[{"embeddable":true,"href":"https:\/\/babyvk.com\/fr\/wp-json\/wp\/v2\/comments?post=15710"}],"version-history":[{"count":0,"href":"https:\/\/babyvk.com\/fr\/wp-json\/wp\/v2\/product\/15710\/revisions"}],"wp:featuredmedia":[{"embeddable":true,"href":"https:\/\/babyvk.com\/fr\/wp-json\/wp\/v2\/media\/15713"}],"wp:attachment":[{"href":"https:\/\/babyvk.com\/fr\/wp-json\/wp\/v2\/media?parent=15710"}],"wp:term":[{"taxonomy":"product_brand","embeddable":true,"href":"https:\/\/babyvk.com\/fr\/wp-json\/wp\/v2\/product_brand?post=15710"},{"taxonomy":"product_cat","embeddable":true,"href":"https:\/\/babyvk.com\/fr\/wp-json\/wp\/v2\/product_cat?post=15710"},{"taxonomy":"product_tag","embeddable":true,"href":"https:\/\/babyvk.com\/fr\/wp-json\/wp\/v2\/product_tag?post=15710"}],"curies":[{"name":"wp","href":"https:\/\/api.w.org\/{rel}","templated":true}]}}