{"id":15395,"date":"2023-07-07T05:17:13","date_gmt":"2023-07-07T05:17:13","guid":{"rendered":"https:\/\/babyvk.com\/?post_type=product&#038;p=15395"},"modified":"2025-03-10T20:03:34","modified_gmt":"2025-03-10T20:03:34","slug":"automatic-domino-train-for-kids","status":"publish","type":"product","link":"https:\/\/babyvk.com\/fr\/product\/automatic-domino-train-for-kids\/","title":{"rendered":"Train automatique de dominos pour enfants"},"content":{"rendered":"<div data-elementor-type=\"product-post\" data-elementor-id=\"15395\" class=\"elementor elementor-15395\" data-elementor-post-type=\"product\">\n\t\t\t\t\t\t<section class=\"wd-negative-gap elementor-section elementor-top-section elementor-element elementor-element-1761bd7 elementor-section-boxed elementor-section-height-default elementor-section-height-default\" data-id=\"1761bd7\" data-element_type=\"section\">\n\t\t\t\t\t\t<div class=\"elementor-container elementor-column-gap-default\">\n\t\t\t\t\t<div class=\"elementor-column elementor-col-100 elementor-top-column elementor-element elementor-element-6b50e76\" data-id=\"6b50e76\" data-element_type=\"column\">\n\t\t\t<div class=\"elementor-widget-wrap elementor-element-populated\">\n\t\t\t\t\t\t<div class=\"elementor-element elementor-element-d5b0ca7 elementor-widget elementor-widget-wd_text_block\" data-id=\"d5b0ca7\" data-element_type=\"widget\" data-widget_type=\"wd_text_block.default\">\n\t\t\t\t<div class=\"elementor-widget-container\">\n\t\t\t\t\t\t\t<div class=\"wd-text-block reset-last-child text-left\">\n\t\t\t\n\t\t\t<h2 style=\"text-align: left;\">\ud83d\ude82<strong>Vous cherchez un jouet captivant qui stimule la cr\u00e9ativit\u00e9 et le d\u00e9veloppement cognitif ? <\/strong><\/h2><p style=\"text-align: left;\">Notre train automatique de dominos pour enfants est le choix parfait ! \ud83c\udf08\ud83e\udde0<\/p><p style=\"text-align: left;\">Regardez les dominos tomber dans une r\u00e9action en cha\u00eene fascinante, stimulant les capacit\u00e9s de reconnaissance spatiale et des couleurs. Pr\u00e9parez-vous \u00e0 des heures de plaisir \u00e9ducatif ! \ud83c\udf81\ud83d\udc67\ud83d\udc66<\/p>\n\t\t\t\t\t<\/div>\n\t\t\t\t\t\t<\/div>\n\t\t\t\t<\/div>\n\t\t\t\t\t<\/div>\n\t\t<\/div>\n\t\t\t\t\t<\/div>\n\t\t<\/section>\n\t\t\t\t<section class=\"wd-negative-gap elementor-section elementor-top-section elementor-element elementor-element-6279208 elementor-section-boxed elementor-section-height-default elementor-section-height-default\" data-id=\"6279208\" data-element_type=\"section\">\n\t\t\t\t\t\t<div class=\"elementor-container elementor-column-gap-default\">\n\t\t\t\t\t<div class=\"elementor-column elementor-col-100 elementor-top-column elementor-element elementor-element-dd98411\" data-id=\"dd98411\" data-element_type=\"column\">\n\t\t\t<div class=\"elementor-widget-wrap elementor-element-populated\">\n\t\t\t\t\t\t<div class=\"elementor-element elementor-element-0d8adb3 elementor-widget elementor-widget-wd_image_or_svg\" data-id=\"0d8adb3\" data-element_type=\"widget\" data-widget_type=\"wd_image_or_svg.default\">\n\t\t\t\t<div class=\"elementor-widget-container\">\n\t\t\t\t\t\n\t\t<div class=\"wd-image text-left\">\n\t\t\t\t\t\t\t\t<img fetchpriority=\"high\" decoding=\"async\" width=\"800\" height=\"800\" src=\"https:\/\/babyvk.com\/wp-content\/uploads\/2023\/07\/automatic-domino-train-toy.webp\" class=\"attachment-full size-full wvs-archive-product-image\" alt=\"Le train des dominos pour les enfants\" srcset=\"https:\/\/babyvk.com\/wp-content\/uploads\/2023\/07\/automatic-domino-train-toy.webp 800w, https:\/\/babyvk.com\/wp-content\/uploads\/2023\/07\/automatic-domino-train-toy-30x30.webp 30w, https:\/\/babyvk.com\/wp-content\/uploads\/2023\/07\/automatic-domino-train-toy-50x50.webp 50w, https:\/\/babyvk.com\/wp-content\/uploads\/2023\/07\/automatic-domino-train-toy-100x100.webp 100w, https:\/\/babyvk.com\/wp-content\/uploads\/2023\/07\/automatic-domino-train-toy-150x150.webp 150w, https:\/\/babyvk.com\/wp-content\/uploads\/2023\/07\/automatic-domino-train-toy-300x300.webp 300w, https:\/\/babyvk.com\/wp-content\/uploads\/2023\/07\/automatic-domino-train-toy-768x768.webp 768w, https:\/\/babyvk.com\/wp-content\/uploads\/2023\/07\/automatic-domino-train-toy-500x500.webp 500w, https:\/\/babyvk.com\/wp-content\/uploads\/2023\/07\/automatic-domino-train-toy-430x430.webp 430w, https:\/\/babyvk.com\/wp-content\/uploads\/2023\/07\/automatic-domino-train-toy-700x700.webp 700w\" sizes=\"(max-width: 800px) 100vw, 800px\" title=\"\">\t\t\t\t\t<\/div>\n\n\t\t\t\t\t\t<\/div>\n\t\t\t\t<\/div>\n\t\t\t\t<div class=\"elementor-element elementor-element-f42d1de elementor-widget elementor-widget-wd_text_block\" data-id=\"f42d1de\" data-element_type=\"widget\" data-widget_type=\"wd_text_block.default\">\n\t\t\t\t<div class=\"elementor-widget-container\">\n\t\t\t\t\t\t\t<div class=\"wd-text-block reset-last-child text-left\">\n\t\t\t\n\t\t\t<h2>Caract\u00e9ristiques :<\/h2><p>1\ufe0f\u20e3 \u3010<strong>Pose automatique de dominos\u3011 :<\/strong> Avec notre train, installer des dominos devient un jeu d'enfant. Il suffit de pousser un bloc et d'assister \u00e0 l'incroyable r\u00e9action en cha\u00eene. C'est comme une comp\u00e9tition roulante ! \ud83d\ude82\ud83c\udf89<\/p><p>2\ufe0f\u20e3 \u3010<strong>Design stimulant pour le cerveau\u3011 :<\/strong> L'aspect accrocheur de notre train stimule les jeunes esprits et favorise leur d\u00e9veloppement cognitif. Pr\u00e9parez-vous \u00e0 un spectacle palpitant lorsque les dominos voyagent le long des rails ! \ud83d\udca1\ud83e\udde0<\/p><p>3\ufe0f\u20e3 \u3010<strong>La s\u00e9curit\u00e9 avant tout\u3011 :<\/strong> Fabriqu\u00e9 \u00e0 partir de mat\u00e9riaux ABS de haute qualit\u00e9, notre jeu de dominos est sans danger pour les enfants. Le bord de chaque domino est arrondi et lisse au toucher. La chemin\u00e9e de train rotative permet d'ajuster les directions. \ud83d\udd12\ud83d\udc76<\/p><p>4\ufe0f\u20e3<strong>\u00a0\u3010Creative Educational Game\u3011 :<\/strong> Lib\u00e9rez l'imagination de votre enfant avec ce fantastique jouet \u00e9ducatif. Il d\u00e9veloppe les comp\u00e9tences math\u00e9matiques, scientifiques, spatiales et tactiles par le biais d'un jeu captivant. Laissez-les cr\u00e9er leurs designs uniques ! \ud83c\udfae\ud83d\udcda\ud83c\udf0c<\/p><p>5\ufe0f\u20e3 \u3010<strong>Cadeau id\u00e9al pour les gar\u00e7ons et les filles\u3011 :<\/strong> Vous cherchez le cadeau id\u00e9al ? Notre train domino apporte de la joie aux enfants \u00e0 No\u00ebl, \u00e0 la f\u00eate des enfants et aux anniversaires. C'est un cadeau d\u00e9licieux qui convient aux enfants \u00e2g\u00e9s de 3 \u00e0 12 ans. \ud83c\udf81\ud83c\udf88\ud83d\udc67\ud83d\udc66<\/p>\n\t\t\t\t\t<\/div>\n\t\t\t\t\t\t<\/div>\n\t\t\t\t<\/div>\n\t\t\t\t\t<\/div>\n\t\t<\/div>\n\t\t\t\t\t<\/div>\n\t\t<\/section>\n\t\t\t\t<section class=\"wd-negative-gap elementor-section elementor-top-section elementor-element elementor-element-01db878 elementor-section-boxed elementor-section-height-default elementor-section-height-default\" data-id=\"01db878\" data-element_type=\"section\">\n\t\t\t\t\t\t<div class=\"elementor-container elementor-column-gap-default\">\n\t\t\t\t\t<div class=\"elementor-column elementor-col-100 elementor-top-column elementor-element elementor-element-5039460\" data-id=\"5039460\" data-element_type=\"column\">\n\t\t\t<div class=\"elementor-widget-wrap elementor-element-populated\">\n\t\t\t\t\t\t<div class=\"elementor-element elementor-element-6e301ac elementor-widget elementor-widget-video\" data-id=\"6e301ac\" data-element_type=\"widget\" data-settings=\"{&quot;video_type&quot;:&quot;hosted&quot;,&quot;controls&quot;:&quot;yes&quot;}\" data-widget_type=\"video.default\">\n\t\t\t\t<div class=\"elementor-widget-container\">\n\t\t\t\t\t\t\t<div class=\"e-hosted-video elementor-wrapper elementor-open-inline\">\n\t\t\t\t\t<video class=\"elementor-video\" src=\"https:\/\/babyvk.com\/wp-content\/uploads\/2023\/07\/B1022.mp4\" controls=\"\" preload=\"auto\" controlslist=\"nodownload\"><\/video>\n\t\t\t\t<\/div>\n\t\t\t\t\t\t<\/div>\n\t\t\t\t<\/div>\n\t\t\t\t<div class=\"elementor-element elementor-element-c651d2a elementor-widget elementor-widget-wd_text_block\" data-id=\"c651d2a\" data-element_type=\"widget\" data-widget_type=\"wd_text_block.default\">\n\t\t\t\t<div class=\"elementor-widget-container\">\n\t\t\t\t\t\t\t<div class=\"wd-text-block reset-last-child text-left\">\n\t\t\t\n\t\t\t<h2>Comment utiliser Automatic Domino Train ?<\/h2><ol><li>Il suffit de pousser la cartouche vers le bas sur le domino pour la charger.<\/li><li>Chargez la cartouche en haut du train et activez l'interrupteur du train.<\/li><li>Tourner la chemin\u00e9e du train vers la gauche et vers la droite<\/li><li>\u00a0Lorsque le train avance, il place les dominos debout dans une rang\u00e9e.<\/li><\/ol><p>Ce produit est con\u00e7u pour d\u00e9velopper l'imagination des enfants, leur coordination \u0153il-main et leur capacit\u00e9 \u00e0 reconna\u00eetre les couleurs et les formes.<\/p>\n\t\t\t\t\t<\/div>\n\t\t\t\t\t\t<\/div>\n\t\t\t\t<\/div>\n\t\t\t\t\t<\/div>\n\t\t<\/div>\n\t\t\t\t\t<\/div>\n\t\t<\/section>\n\t\t\t\t<section class=\"wd-negative-gap elementor-section elementor-top-section elementor-element elementor-element-0505436 elementor-section-boxed elementor-section-height-default elementor-section-height-default\" data-id=\"0505436\" data-element_type=\"section\">\n\t\t\t\t\t\t<div class=\"elementor-container elementor-column-gap-default\">\n\t\t\t\t\t<div class=\"elementor-column elementor-col-100 elementor-top-column elementor-element elementor-element-1b52654\" data-id=\"1b52654\" data-element_type=\"column\">\n\t\t\t<div class=\"elementor-widget-wrap elementor-element-populated\">\n\t\t\t\t\t\t<div class=\"elementor-element elementor-element-607dd0a elementor-widget elementor-widget-wd_text_block\" data-id=\"607dd0a\" data-element_type=\"widget\" data-widget_type=\"wd_text_block.default\">\n\t\t\t\t<div class=\"elementor-widget-container\">\n\t\t\t\t\t\t\t<div class=\"wd-text-block reset-last-child text-left\">\n\t\t\t\n\t\t\t<h2>Sp\u00e9cifications :<\/h2><ul><li>Mat\u00e9riau : ABS de haute qualit\u00e9<\/li><li>Gamme d'\u00e2ge : 3-12 ans<\/li><li>Taille : comme le montre l'image<\/li><li>N\u00e9cessite 2 piles \"AA\" (non incluses)<\/li><\/ul><h2>Paquet :<\/h2><ul><li>1 x Train automatique de dominos pour enfants<\/li><li>60pcs Domino<\/li><li>1 Chargement des cartouches<\/li><li>1 arbre<\/li><\/ul>\n\t\t\t\t\t<\/div>\n\t\t\t\t\t\t<\/div>\n\t\t\t\t<\/div>\n\t\t\t\t\t<\/div>\n\t\t<\/div>\n\t\t\t\t\t<\/div>\n\t\t<\/section>\n\t\t\t\t<section class=\"wd-negative-gap elementor-section elementor-top-section elementor-element elementor-element-b8175e3 elementor-section-boxed elementor-section-height-default elementor-section-height-default\" data-id=\"b8175e3\" data-element_type=\"section\">\n\t\t\t\t\t\t<div class=\"elementor-container elementor-column-gap-default\">\n\t\t\t\t\t<div class=\"elementor-column elementor-col-50 elementor-top-column elementor-element elementor-element-c809edc\" data-id=\"c809edc\" data-element_type=\"column\">\n\t\t\t<div class=\"elementor-widget-wrap elementor-element-populated\">\n\t\t\t\t\t\t<div class=\"elementor-element elementor-element-7b4c536 elementor-widget elementor-widget-wd_image_or_svg\" data-id=\"7b4c536\" data-element_type=\"widget\" data-widget_type=\"wd_image_or_svg.default\">\n\t\t\t\t<div class=\"elementor-widget-container\">\n\t\t\t\t\t\n\t\t<div class=\"wd-image text-left\">\n\t\t\t\t\t\t\t\t<img decoding=\"async\" width=\"640\" height=\"640\" src=\"https:\/\/babyvk.com\/wp-content\/uploads\/2023\/07\/domino-train-for-kids.webp\" class=\"attachment-full size-full wvs-archive-product-image\" alt=\"jeu de domino train\" srcset=\"https:\/\/babyvk.com\/wp-content\/uploads\/2023\/07\/domino-train-for-kids.webp 640w, https:\/\/babyvk.com\/wp-content\/uploads\/2023\/07\/domino-train-for-kids-30x30.webp 30w, https:\/\/babyvk.com\/wp-content\/uploads\/2023\/07\/domino-train-for-kids-50x50.webp 50w, https:\/\/babyvk.com\/wp-content\/uploads\/2023\/07\/domino-train-for-kids-100x100.webp 100w, https:\/\/babyvk.com\/wp-content\/uploads\/2023\/07\/domino-train-for-kids-150x150.webp 150w, https:\/\/babyvk.com\/wp-content\/uploads\/2023\/07\/domino-train-for-kids-300x300.webp 300w, https:\/\/babyvk.com\/wp-content\/uploads\/2023\/07\/domino-train-for-kids-500x500.webp 500w, https:\/\/babyvk.com\/wp-content\/uploads\/2023\/07\/domino-train-for-kids-430x430.webp 430w\" sizes=\"(max-width: 640px) 100vw, 640px\" title=\"\">\t\t\t\t\t<\/div>\n\n\t\t\t\t\t\t<\/div>\n\t\t\t\t<\/div>\n\t\t\t\t\t<\/div>\n\t\t<\/div>\n\t\t\t\t<div class=\"elementor-column elementor-col-50 elementor-top-column elementor-element elementor-element-4241f62\" data-id=\"4241f62\" data-element_type=\"column\">\n\t\t\t<div class=\"elementor-widget-wrap elementor-element-populated\">\n\t\t\t\t\t\t<div class=\"elementor-element elementor-element-b5e27fb elementor-widget elementor-widget-wd_image_or_svg\" data-id=\"b5e27fb\" data-element_type=\"widget\" data-widget_type=\"wd_image_or_svg.default\">\n\t\t\t\t<div class=\"elementor-widget-container\">\n\t\t\t\t\t\n\t\t<div class=\"wd-image text-left\">\n\t\t\t\t\t\t\t\t<img decoding=\"async\" width=\"640\" height=\"640\" src=\"https:\/\/babyvk.com\/wp-content\/uploads\/2023\/07\/domino-laying-train-1.webp\" class=\"attachment-full size-full wvs-archive-product-image\" alt=\"train de pose de dominos\" srcset=\"https:\/\/babyvk.com\/wp-content\/uploads\/2023\/07\/domino-laying-train-1.webp 640w, https:\/\/babyvk.com\/wp-content\/uploads\/2023\/07\/domino-laying-train-1-30x30.webp 30w, https:\/\/babyvk.com\/wp-content\/uploads\/2023\/07\/domino-laying-train-1-50x50.webp 50w, https:\/\/babyvk.com\/wp-content\/uploads\/2023\/07\/domino-laying-train-1-100x100.webp 100w, https:\/\/babyvk.com\/wp-content\/uploads\/2023\/07\/domino-laying-train-1-150x150.webp 150w, https:\/\/babyvk.com\/wp-content\/uploads\/2023\/07\/domino-laying-train-1-300x300.webp 300w, https:\/\/babyvk.com\/wp-content\/uploads\/2023\/07\/domino-laying-train-1-500x500.webp 500w, https:\/\/babyvk.com\/wp-content\/uploads\/2023\/07\/domino-laying-train-1-430x430.webp 430w\" sizes=\"(max-width: 640px) 100vw, 640px\" title=\"\">\t\t\t\t\t<\/div>\n\n\t\t\t\t\t\t<\/div>\n\t\t\t\t<\/div>\n\t\t\t\t\t<\/div>\n\t\t<\/div>\n\t\t\t\t\t<\/div>\n\t\t<\/section>\n\t\t\t\t<section class=\"wd-negative-gap elementor-section elementor-top-section elementor-element elementor-element-06a4aeb elementor-section-boxed elementor-section-height-default elementor-section-height-default\" data-id=\"06a4aeb\" data-element_type=\"section\">\n\t\t\t\t\t\t<div class=\"elementor-container elementor-column-gap-default\">\n\t\t\t\t\t<div class=\"elementor-column elementor-col-100 elementor-top-column elementor-element elementor-element-7858328\" data-id=\"7858328\" data-element_type=\"column\">\n\t\t\t<div class=\"elementor-widget-wrap elementor-element-populated\">\n\t\t\t\t\t\t<div class=\"elementor-element elementor-element-3c2c6bd2 wd-width-100 elementor-widget elementor-widget-wd_title\" data-id=\"3c2c6bd2\" data-element_type=\"widget\" data-widget_type=\"wd_title.default\">\n\t\t\t\t<div class=\"elementor-widget-container\">\n\t\t\t\t\t\t\t<div class=\"title-wrapper wd-set-mb reset-last-child wd-title-color-default wd-title-style-default wd-title-size-default text-center\">\n\n\t\t\t\t\t\t\t\t\t\t\t<div class=\"title-subtitle subtitle-color-default subtitle-style-default wd-fontsize-xs\">\n\t\t\t\t\tVOIR NOTRE EXPOSITION\t\t\t\t<\/div>\n\t\t\t\n\t\t\t<div class=\"liner-continer\">\n\t\t\t\t<h4 class=\"woodmart-title-container title wd-fontsize-l\">Notre courte vid\u00e9o<\/h4> \n\t\t\t\t\t\t\t<\/div>\n\n\t\t\t\t\t\t\t<div class=\"title-after_title reset-last-child wd-fontsize-xs\">\n\t\t\t\t\t<p>Montrer la sc\u00e8ne d'utilisation du produit, vous donner plus de d\u00e9tails.<\/p>\t\t\t\t<\/div>\n\t\t\t\t\t<\/div>\n\t\t\t\t\t\t<\/div>\n\t\t\t\t<\/div>\n\t\t\t\t<div class=\"elementor-element elementor-element-f3128b0 elementor-widget elementor-widget-wd_testimonials\" data-id=\"f3128b0\" data-element_type=\"widget\" data-widget_type=\"wd_testimonials.default\">\n\t\t\t\t<div class=\"elementor-widget-container\">\n\t\t\t\t\t\t\t<div class=\"testimonials testimon-style-standard  color-scheme- testimon-align-center wd-carousel-container\" id=\"carousel-8015\">\n\t\t\t\t\t\t\t<div class=\"wd-carousel-inner\">\n\t\t\t\n\t\t\t<div class=\"wd-carousel wd-grid\" data-scroll_per_page=\"yes\" style=\"--wd-col-lg:2;--wd-col-md:2;--wd-col-sm:1;--wd-gap-lg:30px;--wd-gap-sm:10px;\">\n\t\t\t\t\t\t\t\t\t<div class=\"wd-carousel-wrap\">\n\t\t\t\t\n\t\t\t\t\t\t\t\t\t\n<div class=\"testimonial wd-carousel-item\">\n\t<div class=\"testimonial-inner\">\n\t\t\n\t\t<div class=\"testimonial-content\">\n\t\t\t<div class=\"testimonial-rating\">\n\t\t\t\t<span class=\"star-rating\">\n\t\t\t\t\t<span style=\"width:100%\"><\/span>\n\t\t\t\t<\/span>\n\t\t\t<\/div>\n\n\t\t\t<p><iframe  id=\"_ytid_78101\"  width=\"800\" height=\"450\"  data-origwidth=\"800\" data-origheight=\"450\"  data-relstop=\"1\" src=\"https:\/\/www.youtube.com\/embed\/1-UBgeaPzU8?enablejsapi=1&autoplay=0&cc_load_policy=1&cc_lang_pref=&iv_load_policy=3&loop=0&rel=0&fs=1&playsinline=0&autohide=2&theme=dark&color=red&controls=1&disablekb=0&\" class=\"__youtube_prefs__  no-lazyload\" title=\"Lecteur YouTube\"  allow=\"fullscreen; accelerometer; autoplay; clipboard-write; encrypted-media; gyroscope; picture-in-picture; web-share\" referrerpolicy=\"strict-origin-when-cross-origin\" allowfullscreen data-no-lazy=\"1\" data-skipgform_ajax_framebjll=\"\"><\/iframe><\/p>\n\t\t\t<footer>\n\t\t\t\t\n\t\t\t\t\t\t\t<\/footer>\n\t\t<\/div>\n\t<\/div>\n<\/div>\t\t\t\t\t\t\t\t\t\n<div class=\"testimonial wd-carousel-item\">\n\t<div class=\"testimonial-inner\">\n\t\t\n\t\t<div class=\"testimonial-content\">\n\t\t\t<div class=\"testimonial-rating\">\n\t\t\t\t<span class=\"star-rating\">\n\t\t\t\t\t<span style=\"width:100%\"><\/span>\n\t\t\t\t<\/span>\n\t\t\t<\/div>\n\n\t\t\t<p><iframe  id=\"_ytid_39221\"  width=\"800\" height=\"450\"  data-origwidth=\"800\" data-origheight=\"450\"  data-relstop=\"1\" src=\"https:\/\/www.youtube.com\/embed\/53MdxBpu_U8?enablejsapi=1&autoplay=0&cc_load_policy=1&cc_lang_pref=&iv_load_policy=3&loop=0&rel=0&fs=1&playsinline=0&autohide=2&theme=dark&color=red&controls=1&disablekb=0&\" class=\"__youtube_prefs__  no-lazyload\" title=\"Lecteur YouTube\"  allow=\"fullscreen; accelerometer; autoplay; clipboard-write; encrypted-media; gyroscope; picture-in-picture; web-share\" referrerpolicy=\"strict-origin-when-cross-origin\" allowfullscreen data-no-lazy=\"1\" data-skipgform_ajax_framebjll=\"\"><\/iframe><\/p>\n\t\t\t<footer>\n\t\t\t\t\n\t\t\t\t\t\t\t<\/footer>\n\t\t<\/div>\n\t<\/div>\n<\/div>\t\t\t\t\t\t\t\t\t\n<div class=\"testimonial wd-carousel-item\">\n\t<div class=\"testimonial-inner\">\n\t\t\n\t\t<div class=\"testimonial-content\">\n\t\t\t<div class=\"testimonial-rating\">\n\t\t\t\t<span class=\"star-rating\">\n\t\t\t\t\t<span style=\"width:100%\"><\/span>\n\t\t\t\t<\/span>\n\t\t\t<\/div>\n\n\t\t\t<p><iframe  id=\"_ytid_17305\"  width=\"800\" height=\"450\"  data-origwidth=\"800\" data-origheight=\"450\"  data-relstop=\"1\" src=\"https:\/\/www.youtube.com\/embed\/kHytAiKyHQU?enablejsapi=1&autoplay=0&cc_load_policy=1&cc_lang_pref=&iv_load_policy=3&loop=0&rel=0&fs=1&playsinline=0&autohide=2&theme=dark&color=red&controls=1&disablekb=0&\" class=\"__youtube_prefs__  no-lazyload\" title=\"Lecteur YouTube\"  allow=\"fullscreen; accelerometer; autoplay; clipboard-write; encrypted-media; gyroscope; picture-in-picture; web-share\" referrerpolicy=\"strict-origin-when-cross-origin\" allowfullscreen data-no-lazy=\"1\" data-skipgform_ajax_framebjll=\"\"><\/iframe><\/p>\n\t\t\t<footer>\n\t\t\t\t\n\t\t\t\t\t\t\t<\/footer>\n\t\t<\/div>\n\t<\/div>\n<\/div>\t\t\t\t\t\t\t\t\t\n<div class=\"testimonial wd-carousel-item\">\n\t<div class=\"testimonial-inner\">\n\t\t\n\t\t<div class=\"testimonial-content\">\n\t\t\t<div class=\"testimonial-rating\">\n\t\t\t\t<span class=\"star-rating\">\n\t\t\t\t\t<span style=\"width:100%\"><\/span>\n\t\t\t\t<\/span>\n\t\t\t<\/div>\n\n\t\t\t<p><iframe  id=\"_ytid_80644\"  width=\"800\" height=\"450\"  data-origwidth=\"800\" data-origheight=\"450\"  data-relstop=\"1\" src=\"https:\/\/www.youtube.com\/embed\/7b2aeGYpdJA?enablejsapi=1&autoplay=0&cc_load_policy=1&cc_lang_pref=&iv_load_policy=3&loop=0&rel=0&fs=1&playsinline=0&autohide=2&theme=dark&color=red&controls=1&disablekb=0&\" class=\"__youtube_prefs__  no-lazyload\" title=\"Lecteur YouTube\"  allow=\"fullscreen; accelerometer; autoplay; clipboard-write; encrypted-media; gyroscope; picture-in-picture; web-share\" referrerpolicy=\"strict-origin-when-cross-origin\" allowfullscreen data-no-lazy=\"1\" data-skipgform_ajax_framebjll=\"\"><\/iframe><\/p>\n\t\t\t<footer>\n\t\t\t\t\n\t\t\t\t\t\t\t<\/footer>\n\t\t<\/div>\n\t<\/div>\n<\/div>\t\t\t\t\n\t\t\t\t\t\t\t\t\t<\/div>\n\t\t\t\t\t\t\t<\/div>\n\t\t\t\t\t\t\t\t\t\t\t\t\t\t<div class=\"wd-nav-arrows wd-pos-sep wd-hover-1 wd-icon-1\">\n\t\t\t<div class=\"wd-btn-arrow wd-prev wd-disabled\">\n\t\t\t\t<div class=\"wd-arrow-inner\"><\/div>\n\t\t\t<\/div>\n\t\t\t<div class=\"wd-btn-arrow wd-next\">\n\t\t\t\t<div class=\"wd-arrow-inner\"><\/div>\n\t\t\t<\/div>\n\t\t<\/div>\n\t\t\t\t\t\t\n\t\t\t\t<\/div>\n\n\t\t\t\t\t\t<div class=\"wd-nav-pagin-wrap text-center wd-style-shape wd-hide-md-sm wd-hide-sm\">\n\t\t\t<ul class=\"wd-nav-pagin\"><\/ul>\n\t\t<\/div>\n\t\t\t\t\t\t\t\t\t\t\t<\/div>\n\t\t\t\t\t\t<\/div>\n\t\t\t\t<\/div>\n\t\t\t\t\t<\/div>\n\t\t<\/div>\n\t\t\t\t\t<\/div>\n\t\t<\/section>\n\t\t\t\t<section class=\"wd-negative-gap elementor-section elementor-top-section elementor-element elementor-element-61f82ddb elementor-section-boxed elementor-section-height-default elementor-section-height-default\" data-id=\"61f82ddb\" data-element_type=\"section\">\n\t\t\t\t\t\t<div class=\"elementor-container elementor-column-gap-default\">\n\t\t\t\t\t<div class=\"elementor-column elementor-col-33 elementor-top-column elementor-element elementor-element-faf6bc5\" data-id=\"faf6bc5\" data-element_type=\"column\">\n\t\t\t<div class=\"elementor-widget-wrap elementor-element-populated\">\n\t\t\t\t\t\t<div class=\"elementor-element elementor-element-36121848 elementor-widget elementor-widget-wd_text_block\" data-id=\"36121848\" data-element_type=\"widget\" data-widget_type=\"wd_text_block.default\">\n\t\t\t\t<div class=\"elementor-widget-container\">\n\t\t\t\t\t\t\t<div class=\"wd-text-block reset-last-child text-left\">\n\t\t\t\n\t\t\t\n\t\t\t\t\t<\/div>\n\t\t\t\t\t\t<\/div>\n\t\t\t\t<\/div>\n\t\t\t\t\t<\/div>\n\t\t<\/div>\n\t\t\t\t<div class=\"elementor-column elementor-col-33 elementor-top-column elementor-element elementor-element-68734d05\" data-id=\"68734d05\" data-element_type=\"column\">\n\t\t\t<div class=\"elementor-widget-wrap elementor-element-populated\">\n\t\t\t\t\t\t<div class=\"elementor-element elementor-element-1f0e348d elementor-widget elementor-widget-wd_text_block\" data-id=\"1f0e348d\" data-element_type=\"widget\" data-widget_type=\"wd_text_block.default\">\n\t\t\t\t<div class=\"elementor-widget-container\">\n\t\t\t\t\t\t\t<div class=\"wd-text-block reset-last-child text-left\">\n\t\t\t\n\t\t\t\n\t\t\t\t\t<\/div>\n\t\t\t\t\t\t<\/div>\n\t\t\t\t<\/div>\n\t\t\t\t\t<\/div>\n\t\t<\/div>\n\t\t\t\t<div class=\"elementor-column elementor-col-33 elementor-top-column elementor-element elementor-element-5d3a9724\" data-id=\"5d3a9724\" data-element_type=\"column\">\n\t\t\t<div class=\"elementor-widget-wrap elementor-element-populated\">\n\t\t\t\t\t\t<div class=\"elementor-element elementor-element-3a4051f9 elementor-widget elementor-widget-wd_text_block\" data-id=\"3a4051f9\" data-element_type=\"widget\" data-widget_type=\"wd_text_block.default\">\n\t\t\t\t<div class=\"elementor-widget-container\">\n\t\t\t\t\t\t\t<div class=\"wd-text-block reset-last-child text-left\">\n\t\t\t\n\t\t\t\n\t\t\t\t\t<\/div>\n\t\t\t\t\t\t<\/div>\n\t\t\t\t<\/div>\n\t\t\t\t\t<\/div>\n\t\t<\/div>\n\t\t\t\t\t<\/div>\n\t\t<\/section>\n\t\t\t\t<\/div>","protected":false},"excerpt":{"rendered":"<p>&#8220;<strong>A la recherche d'un divertissement sans fin pour vos enfants ?<\/strong> D\u00e9couvrez le train automatique de dominos pour enfants - la solution parfaite pour les divertir pendant des heures ! D\u00e9couvrez les joies de l'automatisation des dominos. Achetez maintenant pour une livraison gratuite et obtenez 30% de r\u00e9duction !\"<\/p>","protected":false},"featured_media":15410,"comment_status":"open","ping_status":"closed","template":"","meta":{"_acf_changed":false},"product_brand":[],"product_cat":[509],"product_tag":[589,588,585,587,590,586],"class_list":{"0":"post-15395","1":"product","2":"type-product","3":"status-publish","4":"has-post-thumbnail","6":"product_cat-best-baby-toys","7":"product_tag-automatic-domino-train","8":"product_tag-domino-train-blocks-set","9":"product_tag-domino-train-toy","10":"product_tag-dominoes-train-for-kids","11":"product_tag-train-domino-stacker","12":"product_tag-train-with-dominos-toy","14":"first","15":"instock","16":"sale","17":"taxable","18":"shipping-taxable","19":"purchasable","20":"product-type-variable","21":"wvs-archive-product-wrapper"},"acf":[],"_links":{"self":[{"href":"https:\/\/babyvk.com\/fr\/wp-json\/wp\/v2\/product\/15395","targetHints":{"allow":["GET"]}}],"collection":[{"href":"https:\/\/babyvk.com\/fr\/wp-json\/wp\/v2\/product"}],"about":[{"href":"https:\/\/babyvk.com\/fr\/wp-json\/wp\/v2\/types\/product"}],"replies":[{"embeddable":true,"href":"https:\/\/babyvk.com\/fr\/wp-json\/wp\/v2\/comments?post=15395"}],"version-history":[{"count":0,"href":"https:\/\/babyvk.com\/fr\/wp-json\/wp\/v2\/product\/15395\/revisions"}],"wp:featuredmedia":[{"embeddable":true,"href":"https:\/\/babyvk.com\/fr\/wp-json\/wp\/v2\/media\/15410"}],"wp:attachment":[{"href":"https:\/\/babyvk.com\/fr\/wp-json\/wp\/v2\/media?parent=15395"}],"wp:term":[{"taxonomy":"product_brand","embeddable":true,"href":"https:\/\/babyvk.com\/fr\/wp-json\/wp\/v2\/product_brand?post=15395"},{"taxonomy":"product_cat","embeddable":true,"href":"https:\/\/babyvk.com\/fr\/wp-json\/wp\/v2\/product_cat?post=15395"},{"taxonomy":"product_tag","embeddable":true,"href":"https:\/\/babyvk.com\/fr\/wp-json\/wp\/v2\/product_tag?post=15395"}],"curies":[{"name":"wp","href":"https:\/\/api.w.org\/{rel}","templated":true}]}}