{"id":15141,"date":"2023-06-25T17:16:15","date_gmt":"2023-06-25T17:16:15","guid":{"rendered":"https:\/\/babyvk.com\/?post_type=product&#038;p=15141"},"modified":"2025-03-10T20:03:35","modified_gmt":"2025-03-10T20:03:35","slug":"baby-feeding-chair-seat-belt","status":"publish","type":"product","link":"https:\/\/babyvk.com\/fr\/product\/baby-feeding-chair-seat-belt\/","title":{"rendered":"Ceinture de s\u00e9curit\u00e9 de la chaise d'allaitement"},"content":{"rendered":"<div data-elementor-type=\"product-post\" data-elementor-id=\"15141\" class=\"elementor elementor-15141\" data-elementor-post-type=\"product\">\n\t\t\t\t\t\t<section class=\"wd-negative-gap elementor-section elementor-top-section elementor-element elementor-element-9a8e35d elementor-section-boxed elementor-section-height-default elementor-section-height-default\" data-id=\"9a8e35d\" data-element_type=\"section\">\n\t\t\t\t\t\t<div class=\"elementor-container elementor-column-gap-default\">\n\t\t\t\t\t<div class=\"elementor-column elementor-col-100 elementor-top-column elementor-element elementor-element-301fa46\" data-id=\"301fa46\" data-element_type=\"column\">\n\t\t\t<div class=\"elementor-widget-wrap elementor-element-populated\">\n\t\t\t\t\t\t<div class=\"elementor-element elementor-element-e70642b elementor-widget elementor-widget-wd_text_block\" data-id=\"e70642b\" data-element_type=\"widget\" data-widget_type=\"wd_text_block.default\">\n\t\t\t\t<div class=\"elementor-widget-container\">\n\t\t\t\t\t\t\t<div class=\"wd-text-block reset-last-child text-left\">\n\t\t\t\n\t\t\t<p>\ud83d\udc76 Assurez la s\u00e9curit\u00e9 de votre b\u00e9b\u00e9 avec notre ceinture de si\u00e8ge de chaise d'alimentation pour b\u00e9b\u00e9 ! Cette ceinture portable et pratique est un must-have pour les parents occup\u00e9s. Emportez-la partout - restaurants, maison des grands-parents, et plus encore ! \ud83c\udfe0\ud83c\udf7d\ufe0f<\/p>\n\t\t\t\t\t<\/div>\n\t\t\t\t\t\t<\/div>\n\t\t\t\t<\/div>\n\t\t\t\t<div class=\"elementor-element elementor-element-1096a67 elementor-widget elementor-widget-wd_image_or_svg\" data-id=\"1096a67\" data-element_type=\"widget\" data-widget_type=\"wd_image_or_svg.default\">\n\t\t\t\t<div class=\"elementor-widget-container\">\n\t\t\t\t\t\n\t\t<div class=\"wd-image text-left\">\n\t\t\t\t\t\t\t\t<img fetchpriority=\"high\" decoding=\"async\" width=\"800\" height=\"800\" src=\"https:\/\/babyvk.com\/wp-content\/uploads\/2023\/06\/high-chair-safety-belt.webp\" class=\"attachment-full size-full wvs-archive-product-image\" alt=\"Ceinture de s\u00e9curit\u00e9 de la chaise d&#039;allaitement\" srcset=\"https:\/\/babyvk.com\/wp-content\/uploads\/2023\/06\/high-chair-safety-belt.webp 800w, https:\/\/babyvk.com\/wp-content\/uploads\/2023\/06\/high-chair-safety-belt-30x30.webp 30w, https:\/\/babyvk.com\/wp-content\/uploads\/2023\/06\/high-chair-safety-belt-50x50.webp 50w, https:\/\/babyvk.com\/wp-content\/uploads\/2023\/06\/high-chair-safety-belt-100x100.webp 100w, https:\/\/babyvk.com\/wp-content\/uploads\/2023\/06\/high-chair-safety-belt-150x150.webp 150w, https:\/\/babyvk.com\/wp-content\/uploads\/2023\/06\/high-chair-safety-belt-300x300.webp 300w, https:\/\/babyvk.com\/wp-content\/uploads\/2023\/06\/high-chair-safety-belt-768x768.webp 768w, https:\/\/babyvk.com\/wp-content\/uploads\/2023\/06\/high-chair-safety-belt-500x500.webp 500w, https:\/\/babyvk.com\/wp-content\/uploads\/2023\/06\/high-chair-safety-belt-430x430.webp 430w, https:\/\/babyvk.com\/wp-content\/uploads\/2023\/06\/high-chair-safety-belt-700x700.webp 700w\" sizes=\"(max-width: 800px) 100vw, 800px\" title=\"\">\t\t\t\t\t<\/div>\n\n\t\t\t\t\t\t<\/div>\n\t\t\t\t<\/div>\n\t\t\t\t<div class=\"elementor-element elementor-element-235c1ee wd-width-100 elementor-widget elementor-widget-wd_title\" data-id=\"235c1ee\" data-element_type=\"widget\" data-widget_type=\"wd_title.default\">\n\t\t\t\t<div class=\"elementor-widget-container\">\n\t\t\t\t\t\t\t<div class=\"title-wrapper wd-set-mb reset-last-child wd-title-color-default wd-title-style-default wd-title-size-default text-left\">\n\n\t\t\t\n\t\t\t<div class=\"liner-continer\">\n\t\t\t\t<h4 class=\"woodmart-title-container title wd-fontsize-l\">Caract\u00e9ristiques :<\/h4> \n\t\t\t\t\t\t\t<\/div>\n\n\t\t\t\t\t<\/div>\n\t\t\t\t\t\t<\/div>\n\t\t\t\t<\/div>\n\t\t\t\t<div class=\"elementor-element elementor-element-ce66d8c elementor-widget elementor-widget-wd_text_block\" data-id=\"ce66d8c\" data-element_type=\"widget\" data-widget_type=\"wd_text_block.default\">\n\t\t\t\t<div class=\"elementor-widget-container\">\n\t\t\t\t\t\t\t<div class=\"wd-text-block reset-last-child text-left\">\n\t\t\t\n\t\t\t<ol><li>Portable : Lib\u00e9rez vos mains pendant que vous faites le m\u00e9nage ! Attachez la ceinture \u00e0 la chaise haute ou \u00e0 votre taille, ce qui vous permet de faire plusieurs choses \u00e0 la fois.<\/li><li>Assistant de voyage : Les sorties avec votre b\u00e9b\u00e9 deviennent un jeu d'enfant. S\u00e9curisez votre petit dans une chaise, r\u00e9duisant ainsi la tension li\u00e9e au fait de le tenir constamment dans les bras.<\/li><li>Compact et facile \u00e0 transporter : Pliez-le dans un format r\u00e9duit et rangez-le dans votre sac de b\u00e9b\u00e9 ou m\u00eame dans votre poche. Il ne prend que tr\u00e8s peu de place !<\/li><li>Facile \u00e0 utiliser : Fixez-le rapidement \u00e0 la plupart des chaises hautes \u00e0 l'aide de l'attache solide. R\u00e9glez la longueur en tirant sur la sangle. Simple et efficace !<\/li><li>Facile \u00e0 nettoyer : Fabriqu\u00e9 en nylon et en \u00e9ponge imperm\u00e9ables de haute qualit\u00e9, il est lavable en machine pour un nettoyage sans souci. S\u00e9curit\u00e9 et confort combin\u00e9s ! \ud83e\uddfc\u2728<\/li><\/ol>\n\t\t\t\t\t<\/div>\n\t\t\t\t\t\t<\/div>\n\t\t\t\t<\/div>\n\t\t\t\t\t<\/div>\n\t\t<\/div>\n\t\t\t\t\t<\/div>\n\t\t<\/section>\n\t\t\t\t<section class=\"wd-negative-gap elementor-section elementor-top-section elementor-element elementor-element-e84aaad elementor-section-boxed elementor-section-height-default elementor-section-height-default\" data-id=\"e84aaad\" data-element_type=\"section\">\n\t\t\t\t\t\t<div class=\"elementor-container elementor-column-gap-default\">\n\t\t\t\t\t<div class=\"elementor-column elementor-col-100 elementor-top-column elementor-element elementor-element-830390c\" data-id=\"830390c\" data-element_type=\"column\">\n\t\t\t<div class=\"elementor-widget-wrap elementor-element-populated\">\n\t\t\t\t\t\t<div class=\"elementor-element elementor-element-40be4bb wd-width-100 elementor-widget elementor-widget-wd_title\" data-id=\"40be4bb\" data-element_type=\"widget\" data-widget_type=\"wd_title.default\">\n\t\t\t\t<div class=\"elementor-widget-container\">\n\t\t\t\t\t\t\t<div class=\"title-wrapper wd-set-mb reset-last-child wd-title-color-default wd-title-style-default wd-title-size-default text-left\">\n\n\t\t\t\n\t\t\t<div class=\"liner-continer\">\n\t\t\t\t<h4 class=\"woodmart-title-container title wd-fontsize-l\">Sp\u00e9cifications :<\/h4> \n\t\t\t\t\t\t\t<\/div>\n\n\t\t\t\t\t<\/div>\n\t\t\t\t\t\t<\/div>\n\t\t\t\t<\/div>\n\t\t\t\t<div class=\"elementor-element elementor-element-c0eb7b8 elementor-widget elementor-widget-wd_text_block\" data-id=\"c0eb7b8\" data-element_type=\"widget\" data-widget_type=\"wd_text_block.default\">\n\t\t\t\t<div class=\"elementor-widget-container\">\n\t\t\t\t\t\t\t<div class=\"wd-text-block reset-last-child text-left\">\n\t\t\t\n\t\t\t<p>\ud83d\udd39 Mat\u00e9riau : Tissu 100% sans irritation, assurant durabilit\u00e9 et s\u00e9curit\u00e9. <br \/>M\u00e9thode de lavage : Laver \u00e0 la main ou \u00e0 la machine s\u00e9par\u00e9ment pour \u00e9viter la d\u00e9coloration. <br \/>\ud83d\udd39 \u00c2ge applicable : Convient aux b\u00e9b\u00e9s \u00e2g\u00e9s de 4 mois \u00e0 36 mois. <br \/>\ud83d\udd39 Poids : L\u00e9ger (105 g seulement), il est tr\u00e8s pratique en d\u00e9placement.<\/p>\n\t\t\t\t\t<\/div>\n\t\t\t\t\t\t<\/div>\n\t\t\t\t<\/div>\n\t\t\t\t<div class=\"elementor-element elementor-element-80247d0 wd-width-100 elementor-widget elementor-widget-wd_title\" data-id=\"80247d0\" data-element_type=\"widget\" data-widget_type=\"wd_title.default\">\n\t\t\t\t<div class=\"elementor-widget-container\">\n\t\t\t\t\t\t\t<div class=\"title-wrapper wd-set-mb reset-last-child wd-title-color-default wd-title-style-default wd-title-size-default text-left\">\n\n\t\t\t\n\t\t\t<div class=\"liner-continer\">\n\t\t\t\t<h4 class=\"woodmart-title-container title wd-fontsize-l\">Comment utiliser la ceinture de s\u00e9curit\u00e9 :<\/h4> \n\t\t\t\t\t\t\t<\/div>\n\n\t\t\t\t\t<\/div>\n\t\t\t\t\t\t<\/div>\n\t\t\t\t<\/div>\n\t\t\t\t<div class=\"elementor-element elementor-element-4632cb5 elementor-widget elementor-widget-wd_text_block\" data-id=\"4632cb5\" data-element_type=\"widget\" data-widget_type=\"wd_text_block.default\">\n\t\t\t\t<div class=\"elementor-widget-container\">\n\t\t\t\t\t\t\t<div class=\"wd-text-block reset-last-child text-left\">\n\t\t\t\n\t\t\t<ol><li>Placez la ceinture autour du dossier de la chaise ou de votre taille. <\/li><li>Ajustez la boucle pour \u00e9liminer tout \u00e9cart. <\/li><li>Fixez la boucle sous les bras du b\u00e9b\u00e9 des deux c\u00f4t\u00e9s. <\/li><li>Ajustez le serrage en fonction de la taille du b\u00e9b\u00e9.<\/li><\/ol>\n\t\t\t\t\t<\/div>\n\t\t\t\t\t\t<\/div>\n\t\t\t\t<\/div>\n\t\t\t\t<div class=\"elementor-element elementor-element-cb34fe3 wd-width-100 elementor-widget elementor-widget-wd_title\" data-id=\"cb34fe3\" data-element_type=\"widget\" data-widget_type=\"wd_title.default\">\n\t\t\t\t<div class=\"elementor-widget-container\">\n\t\t\t\t\t\t\t<div class=\"title-wrapper wd-set-mb reset-last-child wd-title-color-default wd-title-style-default wd-title-size-default text-left\">\n\n\t\t\t\n\t\t\t<div class=\"liner-continer\">\n\t\t\t\t<h4 class=\"woodmart-title-container title wd-fontsize-l\">Paquet :<\/h4> \n\t\t\t\t\t\t\t<\/div>\n\n\t\t\t\t\t<\/div>\n\t\t\t\t\t\t<\/div>\n\t\t\t\t<\/div>\n\t\t\t\t<div class=\"elementor-element elementor-element-290df9f elementor-widget elementor-widget-wd_text_block\" data-id=\"290df9f\" data-element_type=\"widget\" data-widget_type=\"wd_text_block.default\">\n\t\t\t\t<div class=\"elementor-widget-container\">\n\t\t\t\t\t\t\t<div class=\"wd-text-block reset-last-child text-left\">\n\t\t\t\n\t\t\t\ud83d\udce6 Inclus : 1* Ceinture de si\u00e8ge de chaise de salle \u00e0 manger pour b\u00e9b\u00e9\n\t\t\t\t\t<\/div>\n\t\t\t\t\t\t<\/div>\n\t\t\t\t<\/div>\n\t\t\t\t<div class=\"elementor-element elementor-element-f6c131b elementor-widget elementor-widget-wd_text_block\" data-id=\"f6c131b\" data-element_type=\"widget\" data-widget_type=\"wd_text_block.default\">\n\t\t\t\t<div class=\"elementor-widget-container\">\n\t\t\t\t\t\t\t<div class=\"wd-text-block reset-last-child text-left\">\n\t\t\t\n\t\t\t<p><strong>Assurez la s\u00e9curit\u00e9 de votre b\u00e9b\u00e9 et profitez d'une exp\u00e9rience culinaire sans souci gr\u00e2ce \u00e0 notre ceinture de s\u00e9curit\u00e9 pour b\u00e9b\u00e9 de haute qualit\u00e9. Commandez maintenant et offrez-vous la tranquillit\u00e9 d'esprit ! \ud83d\uded2\ud83d\udc76\ud83d\udc96<\/strong><\/p>\n\t\t\t\t\t<\/div>\n\t\t\t\t\t\t<\/div>\n\t\t\t\t<\/div>\n\t\t\t\t\t<\/div>\n\t\t<\/div>\n\t\t\t\t\t<\/div>\n\t\t<\/section>\n\t\t\t\t<section class=\"wd-negative-gap elementor-section elementor-top-section elementor-element elementor-element-0e761e0 elementor-section-boxed elementor-section-height-default elementor-section-height-default\" data-id=\"0e761e0\" data-element_type=\"section\">\n\t\t\t\t\t\t<div class=\"elementor-container elementor-column-gap-default\">\n\t\t\t\t\t<div class=\"elementor-column elementor-col-100 elementor-top-column elementor-element elementor-element-48461c1\" data-id=\"48461c1\" data-element_type=\"column\">\n\t\t\t<div class=\"elementor-widget-wrap elementor-element-populated\">\n\t\t\t\t\t\t<div class=\"elementor-element elementor-element-f284bd6 wd-width-100 elementor-widget elementor-widget-wd_title\" data-id=\"f284bd6\" data-element_type=\"widget\" data-widget_type=\"wd_title.default\">\n\t\t\t\t<div class=\"elementor-widget-container\">\n\t\t\t\t\t\t\t<div class=\"title-wrapper wd-set-mb reset-last-child wd-title-color-default wd-title-style-default wd-title-size-default text-center\">\n\n\t\t\t\t\t\t\t\t\t\t\t<div class=\"title-subtitle subtitle-color-default subtitle-style-default wd-fontsize-xs\">\n\t\t\t\t\tVOIR NOTRE EXPOSITION\t\t\t\t<\/div>\n\t\t\t\n\t\t\t<div class=\"liner-continer\">\n\t\t\t\t<h4 class=\"woodmart-title-container title wd-fontsize-l\">Notre courte vid\u00e9o<\/h4> \n\t\t\t\t\t\t\t<\/div>\n\n\t\t\t\t\t\t\t<div class=\"title-after_title reset-last-child wd-fontsize-xs\">\n\t\t\t\t\t<p>Montrer la sc\u00e8ne d'utilisation du produit, vous donner plus de d\u00e9tails.<\/p>\t\t\t\t<\/div>\n\t\t\t\t\t<\/div>\n\t\t\t\t\t\t<\/div>\n\t\t\t\t<\/div>\n\t\t\t\t<div class=\"elementor-element elementor-element-242b953 elementor-widget elementor-widget-wd_testimonials\" data-id=\"242b953\" data-element_type=\"widget\" data-widget_type=\"wd_testimonials.default\">\n\t\t\t\t<div class=\"elementor-widget-container\">\n\t\t\t\t\t\t\t<div class=\"testimonials testimon-style-standard  color-scheme- testimon-align-center wd-carousel-container\" id=\"carousel-3062\">\n\t\t\t\t\t\t\t<div class=\"wd-carousel-inner\">\n\t\t\t\n\t\t\t<div class=\"wd-carousel wd-grid\" data-scroll_per_page=\"yes\" style=\"--wd-col-lg:2;--wd-col-md:2;--wd-col-sm:1;--wd-gap-lg:30px;--wd-gap-sm:10px;\">\n\t\t\t\t\t\t\t\t\t<div class=\"wd-carousel-wrap\">\n\t\t\t\t\n\t\t\t\t\t\t\t\t\t\n<div class=\"testimonial wd-carousel-item\">\n\t<div class=\"testimonial-inner\">\n\t\t\n\t\t<div class=\"testimonial-content\">\n\t\t\t<div class=\"testimonial-rating\">\n\t\t\t\t<span class=\"star-rating\">\n\t\t\t\t\t<span style=\"width:100%\"><\/span>\n\t\t\t\t<\/span>\n\t\t\t<\/div>\n\n\t\t\t<p><iframe  id=\"_ytid_56486\"  width=\"800\" height=\"450\"  data-origwidth=\"800\" data-origheight=\"450\"  data-relstop=\"1\" src=\"https:\/\/www.youtube.com\/embed\/5_ix5c6vCoc?enablejsapi=1&autoplay=0&cc_load_policy=1&cc_lang_pref=&iv_load_policy=3&loop=0&rel=0&fs=1&playsinline=0&autohide=2&theme=dark&color=red&controls=1&disablekb=0&\" class=\"__youtube_prefs__  no-lazyload\" title=\"Lecteur YouTube\"  allow=\"fullscreen; accelerometer; autoplay; clipboard-write; encrypted-media; gyroscope; picture-in-picture; web-share\" referrerpolicy=\"strict-origin-when-cross-origin\" allowfullscreen data-no-lazy=\"1\" data-skipgform_ajax_framebjll=\"\"><\/iframe><\/p>\n\t\t\t<footer>\n\t\t\t\t\n\t\t\t\t\t\t\t<\/footer>\n\t\t<\/div>\n\t<\/div>\n<\/div>\t\t\t\t\t\t\t\t\t\n<div class=\"testimonial wd-carousel-item\">\n\t<div class=\"testimonial-inner\">\n\t\t\n\t\t<div class=\"testimonial-content\">\n\t\t\t<div class=\"testimonial-rating\">\n\t\t\t\t<span class=\"star-rating\">\n\t\t\t\t\t<span style=\"width:100%\"><\/span>\n\t\t\t\t<\/span>\n\t\t\t<\/div>\n\n\t\t\t<p>:\u00a0<span class=\"copycode\"><iframe  id=\"_ytid_33590\"  width=\"800\" height=\"450\"  data-origwidth=\"800\" data-origheight=\"450\"  data-relstop=\"1\" src=\"https:\/\/www.youtube.com\/embed\/_xchuBUko8g?enablejsapi=1&autoplay=0&cc_load_policy=1&cc_lang_pref=&iv_load_policy=3&loop=0&rel=0&fs=1&playsinline=0&autohide=2&theme=dark&color=red&controls=1&disablekb=0&\" class=\"__youtube_prefs__  no-lazyload\" title=\"Lecteur YouTube\"  allow=\"fullscreen; accelerometer; autoplay; clipboard-write; encrypted-media; gyroscope; picture-in-picture; web-share\" referrerpolicy=\"strict-origin-when-cross-origin\" allowfullscreen data-no-lazy=\"1\" data-skipgform_ajax_framebjll=\"\"><\/iframe><\/span><\/p>\n\t\t\t<footer>\n\t\t\t\t\n\t\t\t\t\t\t\t\t\t<span>\n\t\t\t\t\t\tD\u00e9veloppeur Web\t\t\t\t\t<\/span>\n\t\t\t\t\t\t\t<\/footer>\n\t\t<\/div>\n\t<\/div>\n<\/div>\t\t\t\t\t\t\t\t\t\n<div class=\"testimonial wd-carousel-item\">\n\t<div class=\"testimonial-inner\">\n\t\t\n\t\t<div class=\"testimonial-content\">\n\t\t\t<div class=\"testimonial-rating\">\n\t\t\t\t<span class=\"star-rating\">\n\t\t\t\t\t<span style=\"width:100%\"><\/span>\n\t\t\t\t<\/span>\n\t\t\t<\/div>\n\n\t\t\t<p><iframe  id=\"_ytid_28516\"  width=\"800\" height=\"450\"  data-origwidth=\"800\" data-origheight=\"450\"  data-relstop=\"1\" src=\"https:\/\/www.youtube.com\/embed\/PqvXPqbA2vc?enablejsapi=1&autoplay=0&cc_load_policy=1&cc_lang_pref=&iv_load_policy=3&loop=0&rel=0&fs=1&playsinline=0&autohide=2&theme=dark&color=red&controls=1&disablekb=0&\" class=\"__youtube_prefs__  no-lazyload\" title=\"Lecteur YouTube\"  allow=\"fullscreen; accelerometer; autoplay; clipboard-write; encrypted-media; gyroscope; picture-in-picture; web-share\" referrerpolicy=\"strict-origin-when-cross-origin\" allowfullscreen data-no-lazy=\"1\" data-skipgform_ajax_framebjll=\"\"><\/iframe><\/p>\n\t\t\t<footer>\n\t\t\t\t\n\t\t\t\t\t\t\t<\/footer>\n\t\t<\/div>\n\t<\/div>\n<\/div>\t\t\t\t\n\t\t\t\t\t\t\t\t\t<\/div>\n\t\t\t\t\t\t\t<\/div>\n\t\t\t\t\t\t\t\t\t\t\t\t\t\t<div class=\"wd-nav-arrows wd-pos-sep wd-hover-1 wd-icon-1\">\n\t\t\t<div class=\"wd-btn-arrow wd-prev wd-disabled\">\n\t\t\t\t<div class=\"wd-arrow-inner\"><\/div>\n\t\t\t<\/div>\n\t\t\t<div class=\"wd-btn-arrow wd-next\">\n\t\t\t\t<div class=\"wd-arrow-inner\"><\/div>\n\t\t\t<\/div>\n\t\t<\/div>\n\t\t\t\t\t\t\n\t\t\t\t<\/div>\n\n\t\t\t\t\t\t<div class=\"wd-nav-pagin-wrap text-center wd-style-shape wd-hide-md-sm wd-hide-sm\">\n\t\t\t<ul class=\"wd-nav-pagin\"><\/ul>\n\t\t<\/div>\n\t\t\t\t\t\t\t\t\t\t\t<\/div>\n\t\t\t\t\t\t<\/div>\n\t\t\t\t<\/div>\n\t\t\t\t\t<\/div>\n\t\t<\/div>\n\t\t\t\t\t<\/div>\n\t\t<\/section>\n\t\t\t\t<\/div>","protected":false},"excerpt":{"rendered":"<p>&#8220;<strong>Votre b\u00e9b\u00e9 bouge-t-il constamment pendant les repas ?<\/strong> Essayez notre ceinture de s\u00e9curit\u00e9 pour chaise d'allaitement ! S\u00fbre et fiable, elle maintient votre enfant confortablement assis, ce qui facilite l'heure des repas. Magasinez d\u00e8s maintenant et b\u00e9n\u00e9ficiez de la livraison gratuite !<\/p>","protected":false},"featured_media":15144,"comment_status":"open","ping_status":"closed","template":"","meta":{"_acf_changed":false},"product_brand":[],"product_cat":[508],"product_tag":[564,565,560,562,563,561,559],"class_list":{"0":"post-15141","1":"product","2":"type-product","3":"status-publish","4":"has-post-thumbnail","6":"product_cat-best-baby-feeding","7":"product_tag-baby-chair-safety-belt","8":"product_tag-baby-high-chair-seat-belt","9":"product_tag-baby-safety-belt","10":"product_tag-high-chair-belt","11":"product_tag-high-chair-safety-belt","12":"product_tag-high-chair-seat-belt","13":"product_tag-safety-belt-for-baby","15":"first","16":"instock","17":"taxable","18":"shipping-taxable","19":"purchasable","20":"product-type-variable","21":"wvs-archive-product-wrapper"},"acf":[],"_links":{"self":[{"href":"https:\/\/babyvk.com\/fr\/wp-json\/wp\/v2\/product\/15141","targetHints":{"allow":["GET"]}}],"collection":[{"href":"https:\/\/babyvk.com\/fr\/wp-json\/wp\/v2\/product"}],"about":[{"href":"https:\/\/babyvk.com\/fr\/wp-json\/wp\/v2\/types\/product"}],"replies":[{"embeddable":true,"href":"https:\/\/babyvk.com\/fr\/wp-json\/wp\/v2\/comments?post=15141"}],"version-history":[{"count":0,"href":"https:\/\/babyvk.com\/fr\/wp-json\/wp\/v2\/product\/15141\/revisions"}],"wp:featuredmedia":[{"embeddable":true,"href":"https:\/\/babyvk.com\/fr\/wp-json\/wp\/v2\/media\/15144"}],"wp:attachment":[{"href":"https:\/\/babyvk.com\/fr\/wp-json\/wp\/v2\/media?parent=15141"}],"wp:term":[{"taxonomy":"product_brand","embeddable":true,"href":"https:\/\/babyvk.com\/fr\/wp-json\/wp\/v2\/product_brand?post=15141"},{"taxonomy":"product_cat","embeddable":true,"href":"https:\/\/babyvk.com\/fr\/wp-json\/wp\/v2\/product_cat?post=15141"},{"taxonomy":"product_tag","embeddable":true,"href":"https:\/\/babyvk.com\/fr\/wp-json\/wp\/v2\/product_tag?post=15141"}],"curies":[{"name":"wp","href":"https:\/\/api.w.org\/{rel}","templated":true}]}}