{"id":14793,"date":"2023-06-18T08:22:06","date_gmt":"2023-06-18T08:22:06","guid":{"rendered":"https:\/\/babyvk.com\/?post_type=product&#038;p=14793"},"modified":"2025-12-03T18:00:22","modified_gmt":"2025-12-03T18:00:22","slug":"magnetic-drawing-board","status":"publish","type":"product","link":"https:\/\/babyvk.com\/fr\/product\/magnetic-drawing-board\/","title":{"rendered":"Planche \u00e0 dessin magn\u00e9tique"},"content":{"rendered":"<div data-elementor-type=\"product-post\" data-elementor-id=\"14793\" class=\"elementor elementor-14793\" data-elementor-post-type=\"product\">\n\t\t\t\t\t\t<section class=\"elementor-section elementor-top-section elementor-element elementor-element-ea6f95b elementor-section-boxed elementor-section-height-default elementor-section-height-default\" data-id=\"ea6f95b\" data-element_type=\"section\">\n\t\t\t\t\t\t<div class=\"elementor-container elementor-column-gap-default\">\n\t\t\t\t\t<div class=\"elementor-column elementor-col-100 elementor-top-column elementor-element elementor-element-40cf2d9\" data-id=\"40cf2d9\" data-element_type=\"column\">\n\t\t\t<div class=\"elementor-widget-wrap elementor-element-populated\">\n\t\t\t\t\t\t<div class=\"elementor-element elementor-element-238c056 elementor-widget elementor-widget-wd_text_block\" data-id=\"238c056\" data-element_type=\"widget\" data-widget_type=\"wd_text_block.default\">\n\t\t\t\t<div class=\"elementor-widget-container\">\n\t\t\t\t\t\t\t<div class=\"wd-text-block reset-last-child text-left\">\n\t\t\t\n\t\t\t<h2>Description :<\/h2><p>Oubliez les crayons de couleur salissants et le gaspillage de papier ! Notre tableau \u00e0 dessin magn\u00e9tique offre une cr\u00e9ativit\u00e9 illimit\u00e9e sans le d\u00e9sordre. Parfait pour les enfants, il permet de s'amuser \u00e0 tout moment et en tout lieu !<\/p>\n\t\t\t\t\t<\/div>\n\t\t\t\t\t\t<\/div>\n\t\t\t\t<\/div>\n\t\t\t\t<div class=\"elementor-element elementor-element-bc7ce94 elementor-widget elementor-widget-wd_text_block\" data-id=\"bc7ce94\" data-element_type=\"widget\" data-widget_type=\"wd_text_block.default\">\n\t\t\t\t<div class=\"elementor-widget-container\">\n\t\t\t\t\t\t\t<div class=\"wd-text-block reset-last-child text-left\">\n\t\t\t\n\t\t\t<h2>Fonctions :<\/h2><ol><li>Respectueux de l'environnement : Fini le g\u00e2chis des crayons ou du papier - dessinez, effacez, r\u00e9p\u00e9tez \u00e0 l'infini !<\/li><li>Peinture color\u00e9e : La surface de dessin aux couleurs vives de l'arc-en-ciel stimule l'imagination et la cr\u00e9ativit\u00e9 des enfants.<\/li><li>Surface magn\u00e9tique : Stylos et tampons magn\u00e9tiques faciles \u00e0 utiliser, pas besoin d'encre, la peinture devient un jeu d'enfant.<\/li><li>Effacement facile : Il suffit de faire glisser le bouton de la gomme pour effacer le tableau et recommencer.<\/li><li>Conception adapt\u00e9e aux enfants : Notre planche \u00e0 dessin est dot\u00e9e d'un cadre solide et de bords arrondis, s\u00fbrs et durables, adapt\u00e9s \u00e0 l'utilisation par les enfants de tous \u00e2ges.<\/li><\/ol>\n\t\t\t\t\t<\/div>\n\t\t\t\t\t\t<\/div>\n\t\t\t\t<\/div>\n\t\t\t\t<div class=\"elementor-element elementor-element-ee82338 elementor-widget elementor-widget-wd_text_block\" data-id=\"ee82338\" data-element_type=\"widget\" data-widget_type=\"wd_text_block.default\">\n\t\t\t\t<div class=\"elementor-widget-container\">\n\t\t\t\t\t\t\t<div class=\"wd-text-block reset-last-child text-left\">\n\t\t\t\n\t\t\t<h2>Sp\u00e9cifications :<\/h2><ul><li>Taille du cadre : Petit : 30.5\u00d723CM \/ Grand : 47.5X37.5CM<\/li><li>Mat\u00e9riau : Plastique ABS non toxique<\/li><li>Origine : Chine continentale Chine continentale<\/li><li>Fonction : Planche \u00e0 dessin magn\u00e9tique<\/li><li>Recommandation d'\u00e2ge : Convient aux enfants \u00e0 partir de 3 ans<\/li><\/ul>\n\t\t\t\t\t<\/div>\n\t\t\t\t\t\t<\/div>\n\t\t\t\t<\/div>\n\t\t\t\t<div class=\"elementor-element elementor-element-d5ce465 elementor-widget elementor-widget-wd_text_block\" data-id=\"d5ce465\" data-element_type=\"widget\" data-widget_type=\"wd_text_block.default\">\n\t\t\t\t<div class=\"elementor-widget-container\">\n\t\t\t\t\t\t\t<div class=\"wd-text-block reset-last-child text-left\">\n\t\t\t\n\t\t\t<h2>Paquet :\u00a0<\/h2><ul><li>1 planche \u00e0 dessin magn\u00e9tique, 15 cartes de moules, 2 pinceaux, 4 sceaux, 1 album photo, 1 outil<\/li><\/ul>\n\t\t\t\t\t<\/div>\n\t\t\t\t\t\t<\/div>\n\t\t\t\t<\/div>\n\t\t\t\t\t<\/div>\n\t\t<\/div>\n\t\t\t\t\t<\/div>\n\t\t<\/section>\n\t\t\t\t<section class=\"elementor-section elementor-top-section elementor-element elementor-element-2cfc9d3 elementor-section-boxed elementor-section-height-default elementor-section-height-default\" data-id=\"2cfc9d3\" data-element_type=\"section\">\n\t\t\t\t\t\t<div class=\"elementor-container elementor-column-gap-default\">\n\t\t\t\t\t<div class=\"elementor-column elementor-col-100 elementor-top-column elementor-element elementor-element-27faf21\" data-id=\"27faf21\" data-element_type=\"column\">\n\t\t\t<div class=\"elementor-widget-wrap elementor-element-populated\">\n\t\t\t\t\t\t<div class=\"elementor-element elementor-element-23836e4 wd-width-100 elementor-widget elementor-widget-wd_title\" data-id=\"23836e4\" data-element_type=\"widget\" data-widget_type=\"wd_title.default\">\n\t\t\t\t<div class=\"elementor-widget-container\">\n\t\t\t\t\t\t\t<div class=\"title-wrapper wd-set-mb reset-last-child wd-title-color-default wd-title-style-default wd-title-size-default text-center\">\n\n\t\t\t\n\t\t\t<div class=\"liner-continer\">\n\t\t\t\t<h4 class=\"woodmart-title-container title wd-fontsize-l\">Choix de la taille et de la couleur<\/h4> \n\t\t\t\t\t\t\t<\/div>\n\n\t\t\t\t\t<\/div>\n\t\t\t\t\t\t<\/div>\n\t\t\t\t<\/div>\n\t\t\t\t\t<\/div>\n\t\t<\/div>\n\t\t\t\t\t<\/div>\n\t\t<\/section>\n\t\t\t\t<section class=\"elementor-section elementor-top-section elementor-element elementor-element-1f776a2 elementor-section-boxed elementor-section-height-default elementor-section-height-default\" data-id=\"1f776a2\" data-element_type=\"section\">\n\t\t\t\t\t\t<div class=\"elementor-container elementor-column-gap-default\">\n\t\t\t\t\t<div class=\"elementor-column elementor-col-100 elementor-top-column elementor-element elementor-element-ab166d9\" data-id=\"ab166d9\" data-element_type=\"column\" data-settings=\"{&quot;background_background&quot;:&quot;classic&quot;}\">\n\t\t\t<div class=\"elementor-widget-wrap elementor-element-populated\">\n\t\t\t\t\t\t<div class=\"elementor-element elementor-element-c5daaae wd-width-100 elementor-widget elementor-widget-wd_title\" data-id=\"c5daaae\" data-element_type=\"widget\" data-widget_type=\"wd_title.default\">\n\t\t\t\t<div class=\"elementor-widget-container\">\n\t\t\t\t\t\t\t<div class=\"title-wrapper wd-set-mb reset-last-child wd-title-color-default wd-title-style-default wd-title-size-default text-left\">\n\n\t\t\t\n\t\t\t<div class=\"liner-continer\">\n\t\t\t\t<h4 class=\"woodmart-title-container title wd-fontsize-l\">Petit<\/h4> \n\t\t\t\t\t\t\t<\/div>\n\n\t\t\t\t\t\t\t<div class=\"title-after_title reset-last-child wd-fontsize-xs\">\n\t\t\t\t\t<p>Taille du cadre : 30.5X23CM, Ajouter les pieds de la table : 30.5\u00d723X14.5CM, Surface de peinture : 19X10.5CM<\/p>\t\t\t\t<\/div>\n\t\t\t\t\t<\/div>\n\t\t\t\t\t\t<\/div>\n\t\t\t\t<\/div>\n\t\t\t\t<section class=\"wd-negative-gap elementor-section elementor-inner-section elementor-element elementor-element-6ab09c1 elementor-section-boxed elementor-section-height-default elementor-section-height-default\" data-id=\"6ab09c1\" data-element_type=\"section\">\n\t\t\t\t\t\t<div class=\"elementor-container elementor-column-gap-default\">\n\t\t\t\t\t<div class=\"elementor-column elementor-col-50 elementor-inner-column elementor-element elementor-element-9e271d0\" data-id=\"9e271d0\" data-element_type=\"column\">\n\t\t\t<div class=\"elementor-widget-wrap elementor-element-populated\">\n\t\t\t\t\t\t<div class=\"elementor-element elementor-element-6ef8baf elementor-widget elementor-widget-wd_image_or_svg\" data-id=\"6ef8baf\" data-element_type=\"widget\" data-widget_type=\"wd_image_or_svg.default\">\n\t\t\t\t<div class=\"elementor-widget-container\">\n\t\t\t\t\t\n\t\t<div class=\"wd-image text-left\">\n\t\t\t\t\t\t\t\t<img fetchpriority=\"high\" decoding=\"async\" width=\"640\" height=\"640\" src=\"https:\/\/babyvk.com\/wp-content\/uploads\/2023\/06\/magnetic-doodle.webp\" class=\"attachment-full size-full wvs-archive-product-image\" alt=\"dessin magn\u00e9tique\" srcset=\"https:\/\/babyvk.com\/wp-content\/uploads\/2023\/06\/magnetic-doodle.webp 640w, https:\/\/babyvk.com\/wp-content\/uploads\/2023\/06\/magnetic-doodle-30x30.webp 30w, https:\/\/babyvk.com\/wp-content\/uploads\/2023\/06\/magnetic-doodle-50x50.webp 50w, https:\/\/babyvk.com\/wp-content\/uploads\/2023\/06\/magnetic-doodle-100x100.webp 100w, https:\/\/babyvk.com\/wp-content\/uploads\/2023\/06\/magnetic-doodle-150x150.webp 150w, https:\/\/babyvk.com\/wp-content\/uploads\/2023\/06\/magnetic-doodle-300x300.webp 300w, https:\/\/babyvk.com\/wp-content\/uploads\/2023\/06\/magnetic-doodle-500x500.webp 500w, https:\/\/babyvk.com\/wp-content\/uploads\/2023\/06\/magnetic-doodle-430x430.webp 430w\" sizes=\"(max-width: 640px) 100vw, 640px\" title=\"\">\t\t\t\t\t<\/div>\n\n\t\t\t\t\t\t<\/div>\n\t\t\t\t<\/div>\n\t\t\t\t\t<\/div>\n\t\t<\/div>\n\t\t\t\t<div class=\"elementor-column elementor-col-50 elementor-inner-column elementor-element elementor-element-08a856e\" data-id=\"08a856e\" data-element_type=\"column\">\n\t\t\t<div class=\"elementor-widget-wrap elementor-element-populated\">\n\t\t\t\t\t\t<div class=\"elementor-element elementor-element-9c13595 elementor-widget elementor-widget-wd_image_or_svg\" data-id=\"9c13595\" data-element_type=\"widget\" data-widget_type=\"wd_image_or_svg.default\">\n\t\t\t\t<div class=\"elementor-widget-container\">\n\t\t\t\t\t\n\t\t<div class=\"wd-image text-left\">\n\t\t\t\t\t\t\t\t<img decoding=\"async\" width=\"640\" height=\"640\" src=\"https:\/\/babyvk.com\/wp-content\/uploads\/2023\/06\/magnetic-sketch-pad.webp\" class=\"attachment-full size-full wvs-archive-product-image\" alt=\"tableau d&#039;esquisse magn\u00e9tique\" srcset=\"https:\/\/babyvk.com\/wp-content\/uploads\/2023\/06\/magnetic-sketch-pad.webp 640w, https:\/\/babyvk.com\/wp-content\/uploads\/2023\/06\/magnetic-sketch-pad-30x30.webp 30w, https:\/\/babyvk.com\/wp-content\/uploads\/2023\/06\/magnetic-sketch-pad-50x50.webp 50w, https:\/\/babyvk.com\/wp-content\/uploads\/2023\/06\/magnetic-sketch-pad-100x100.webp 100w, https:\/\/babyvk.com\/wp-content\/uploads\/2023\/06\/magnetic-sketch-pad-150x150.webp 150w, https:\/\/babyvk.com\/wp-content\/uploads\/2023\/06\/magnetic-sketch-pad-300x300.webp 300w, https:\/\/babyvk.com\/wp-content\/uploads\/2023\/06\/magnetic-sketch-pad-500x500.webp 500w, https:\/\/babyvk.com\/wp-content\/uploads\/2023\/06\/magnetic-sketch-pad-430x430.webp 430w\" sizes=\"(max-width: 640px) 100vw, 640px\" title=\"\">\t\t\t\t\t<\/div>\n\n\t\t\t\t\t\t<\/div>\n\t\t\t\t<\/div>\n\t\t\t\t\t<\/div>\n\t\t<\/div>\n\t\t\t\t\t<\/div>\n\t\t<\/section>\n\t\t\t\t\t<\/div>\n\t\t<\/div>\n\t\t\t\t\t<\/div>\n\t\t<\/section>\n\t\t\t\t<section class=\"elementor-section elementor-top-section elementor-element elementor-element-5181366 elementor-section-boxed elementor-section-height-default elementor-section-height-default\" data-id=\"5181366\" data-element_type=\"section\">\n\t\t\t\t\t\t<div class=\"elementor-container elementor-column-gap-default\">\n\t\t\t\t\t<div class=\"elementor-column elementor-col-100 elementor-top-column elementor-element elementor-element-7e27777\" data-id=\"7e27777\" data-element_type=\"column\" data-settings=\"{&quot;background_background&quot;:&quot;classic&quot;}\">\n\t\t\t<div class=\"elementor-widget-wrap elementor-element-populated\">\n\t\t\t\t\t\t<div class=\"elementor-element elementor-element-45c6118 wd-width-100 elementor-widget elementor-widget-wd_title\" data-id=\"45c6118\" data-element_type=\"widget\" data-widget_type=\"wd_title.default\">\n\t\t\t\t<div class=\"elementor-widget-container\">\n\t\t\t\t\t\t\t<div class=\"title-wrapper wd-set-mb reset-last-child wd-title-color-default wd-title-style-default wd-title-size-default text-left\">\n\n\t\t\t\n\t\t\t<div class=\"liner-continer\">\n\t\t\t\t<h4 class=\"woodmart-title-container title wd-fontsize-l\">Grandes<\/h4> \n\t\t\t\t\t\t\t<\/div>\n\n\t\t\t\t\t\t\t<div class=\"title-after_title reset-last-child wd-fontsize-xs\">\n\t\t\t\t\t<p>Taille du cadre : 47.5X37.5CM, Ajouter les pieds de la table : 47.5X37.5X21CM, Surface de peinture : 30.5\u00d722CM<\/p>\t\t\t\t<\/div>\n\t\t\t\t\t<\/div>\n\t\t\t\t\t\t<\/div>\n\t\t\t\t<\/div>\n\t\t\t\t<section class=\"wd-negative-gap elementor-section elementor-inner-section elementor-element elementor-element-bb192d0 elementor-section-boxed elementor-section-height-default elementor-section-height-default\" data-id=\"bb192d0\" data-element_type=\"section\">\n\t\t\t\t\t\t<div class=\"elementor-container elementor-column-gap-default\">\n\t\t\t\t\t<div class=\"elementor-column elementor-col-50 elementor-inner-column elementor-element elementor-element-4ac3796\" data-id=\"4ac3796\" data-element_type=\"column\">\n\t\t\t<div class=\"elementor-widget-wrap elementor-element-populated\">\n\t\t\t\t\t\t<div class=\"elementor-element elementor-element-be360a9 elementor-widget elementor-widget-wd_image_or_svg\" data-id=\"be360a9\" data-element_type=\"widget\" data-widget_type=\"wd_image_or_svg.default\">\n\t\t\t\t<div class=\"elementor-widget-container\">\n\t\t\t\t\t\n\t\t<div class=\"wd-image text-left\">\n\t\t\t\t\t\t\t\t<img decoding=\"async\" width=\"640\" height=\"640\" src=\"https:\/\/babyvk.com\/wp-content\/uploads\/2023\/06\/magnetic-drawing-pad.webp\" class=\"attachment-full size-full wvs-archive-product-image\" alt=\"magna doodle\" srcset=\"https:\/\/babyvk.com\/wp-content\/uploads\/2023\/06\/magnetic-drawing-pad.webp 640w, https:\/\/babyvk.com\/wp-content\/uploads\/2023\/06\/magnetic-drawing-pad-30x30.webp 30w, https:\/\/babyvk.com\/wp-content\/uploads\/2023\/06\/magnetic-drawing-pad-50x50.webp 50w, https:\/\/babyvk.com\/wp-content\/uploads\/2023\/06\/magnetic-drawing-pad-100x100.webp 100w, https:\/\/babyvk.com\/wp-content\/uploads\/2023\/06\/magnetic-drawing-pad-150x150.webp 150w, https:\/\/babyvk.com\/wp-content\/uploads\/2023\/06\/magnetic-drawing-pad-300x300.webp 300w, https:\/\/babyvk.com\/wp-content\/uploads\/2023\/06\/magnetic-drawing-pad-500x500.webp 500w, https:\/\/babyvk.com\/wp-content\/uploads\/2023\/06\/magnetic-drawing-pad-430x430.webp 430w\" sizes=\"(max-width: 640px) 100vw, 640px\" title=\"\">\t\t\t\t\t<\/div>\n\n\t\t\t\t\t\t<\/div>\n\t\t\t\t<\/div>\n\t\t\t\t\t<\/div>\n\t\t<\/div>\n\t\t\t\t<div class=\"elementor-column elementor-col-50 elementor-inner-column elementor-element elementor-element-80637ce\" data-id=\"80637ce\" data-element_type=\"column\">\n\t\t\t<div class=\"elementor-widget-wrap elementor-element-populated\">\n\t\t\t\t\t\t<div class=\"elementor-element elementor-element-64cacab elementor-widget elementor-widget-wd_image_or_svg\" data-id=\"64cacab\" data-element_type=\"widget\" data-widget_type=\"wd_image_or_svg.default\">\n\t\t\t\t<div class=\"elementor-widget-container\">\n\t\t\t\t\t\n\t\t<div class=\"wd-image text-left\">\n\t\t\t\t\t\t\t\t<img loading=\"lazy\" decoding=\"async\" width=\"640\" height=\"640\" src=\"https:\/\/babyvk.com\/wp-content\/uploads\/2023\/06\/magnetic-sketch-board.webp\" class=\"attachment-full size-full wvs-archive-product-image\" alt=\"carnet de croquis magn\u00e9tique\" srcset=\"https:\/\/babyvk.com\/wp-content\/uploads\/2023\/06\/magnetic-sketch-board.webp 640w, https:\/\/babyvk.com\/wp-content\/uploads\/2023\/06\/magnetic-sketch-board-30x30.webp 30w, https:\/\/babyvk.com\/wp-content\/uploads\/2023\/06\/magnetic-sketch-board-50x50.webp 50w, https:\/\/babyvk.com\/wp-content\/uploads\/2023\/06\/magnetic-sketch-board-100x100.webp 100w, https:\/\/babyvk.com\/wp-content\/uploads\/2023\/06\/magnetic-sketch-board-150x150.webp 150w, https:\/\/babyvk.com\/wp-content\/uploads\/2023\/06\/magnetic-sketch-board-300x300.webp 300w, https:\/\/babyvk.com\/wp-content\/uploads\/2023\/06\/magnetic-sketch-board-500x500.webp 500w, https:\/\/babyvk.com\/wp-content\/uploads\/2023\/06\/magnetic-sketch-board-430x430.webp 430w\" sizes=\"(max-width: 640px) 100vw, 640px\" title=\"\">\t\t\t\t\t<\/div>\n\n\t\t\t\t\t\t<\/div>\n\t\t\t\t<\/div>\n\t\t\t\t\t<\/div>\n\t\t<\/div>\n\t\t\t\t\t<\/div>\n\t\t<\/section>\n\t\t\t\t\t<\/div>\n\t\t<\/div>\n\t\t\t\t\t<\/div>\n\t\t<\/section>\n\t\t\t\t<section class=\"wd-negative-gap elementor-section elementor-top-section elementor-element elementor-element-e4dbdc1 elementor-section-boxed elementor-section-height-default elementor-section-height-default\" data-id=\"e4dbdc1\" data-element_type=\"section\">\n\t\t\t\t\t\t<div class=\"elementor-container elementor-column-gap-default\">\n\t\t\t\t\t<div class=\"elementor-column elementor-col-100 elementor-top-column elementor-element elementor-element-334e720\" data-id=\"334e720\" data-element_type=\"column\">\n\t\t\t<div class=\"elementor-widget-wrap elementor-element-populated\">\n\t\t\t\t\t\t<div class=\"elementor-element elementor-element-3d7d7bd wd-width-100 elementor-widget elementor-widget-wd_title\" data-id=\"3d7d7bd\" data-element_type=\"widget\" data-widget_type=\"wd_title.default\">\n\t\t\t\t<div class=\"elementor-widget-container\">\n\t\t\t\t\t\t\t<div class=\"title-wrapper wd-set-mb reset-last-child wd-title-color-default wd-title-style-default wd-title-size-default text-center\">\n\n\t\t\t\t\t\t\t\t\t\t\t<div class=\"title-subtitle subtitle-color-default subtitle-style-default wd-fontsize-xs\">\n\t\t\t\t\tVOIR NOTRE EXPOSITION\t\t\t\t<\/div>\n\t\t\t\n\t\t\t<div class=\"liner-continer\">\n\t\t\t\t<h4 class=\"woodmart-title-container title wd-fontsize-l\">Notre courte vid\u00e9o<\/h4> \n\t\t\t\t\t\t\t<\/div>\n\n\t\t\t\t\t\t\t<div class=\"title-after_title reset-last-child wd-fontsize-xs\">\n\t\t\t\t\t<p>Montrer la sc\u00e8ne d'utilisation du produit, vous donner plus de d\u00e9tails.<\/p>\t\t\t\t<\/div>\n\t\t\t\t\t<\/div>\n\t\t\t\t\t\t<\/div>\n\t\t\t\t<\/div>\n\t\t\t\t<div class=\"elementor-element elementor-element-d58011b elementor-widget elementor-widget-wd_testimonials\" data-id=\"d58011b\" data-element_type=\"widget\" data-widget_type=\"wd_testimonials.default\">\n\t\t\t\t<div class=\"elementor-widget-container\">\n\t\t\t\t\t\t\t<div class=\"testimonials testimon-style-standard  color-scheme- testimon-align-center wd-carousel-container\" id=\"carousel-9130\">\n\t\t\t\t\t\t\t<div class=\"wd-carousel-inner\">\n\t\t\t\n\t\t\t<div class=\"wd-carousel wd-grid\" data-scroll_per_page=\"yes\" style=\"--wd-col-lg:2;--wd-col-md:2;--wd-col-sm:1;--wd-gap-lg:30px;--wd-gap-sm:10px;\">\n\t\t\t\t\t\t\t\t\t<div class=\"wd-carousel-wrap\">\n\t\t\t\t\n\t\t\t\t\t\t\t\t\t\n<div class=\"testimonial wd-carousel-item\">\n\t<div class=\"testimonial-inner\">\n\t\t\n\t\t<div class=\"testimonial-content\">\n\t\t\t<div class=\"testimonial-rating\">\n\t\t\t\t<span class=\"star-rating\">\n\t\t\t\t\t<span style=\"width:100%\"><\/span>\n\t\t\t\t<\/span>\n\t\t\t<\/div>\n\n\t\t\t<p><iframe  id=\"_ytid_56350\"  width=\"800\" height=\"450\"  data-origwidth=\"800\" data-origheight=\"450\"  data-relstop=\"1\" src=\"https:\/\/www.youtube.com\/embed\/GZ80fotFo4I?enablejsapi=1&autoplay=0&cc_load_policy=1&cc_lang_pref=&iv_load_policy=3&loop=0&rel=0&fs=1&playsinline=0&autohide=2&theme=dark&color=red&controls=1&disablekb=0&\" class=\"__youtube_prefs__  no-lazyload\" title=\"Lecteur YouTube\"  allow=\"fullscreen; accelerometer; autoplay; clipboard-write; encrypted-media; gyroscope; picture-in-picture; web-share\" referrerpolicy=\"strict-origin-when-cross-origin\" allowfullscreen data-no-lazy=\"1\" data-skipgform_ajax_framebjll=\"\"><\/iframe><\/p>\n\t\t\t<footer>\n\t\t\t\t\n\t\t\t\t\t\t\t<\/footer>\n\t\t<\/div>\n\t<\/div>\n<\/div>\t\t\t\t\t\t\t\t\t\n<div class=\"testimonial wd-carousel-item\">\n\t<div class=\"testimonial-inner\">\n\t\t\n\t\t<div class=\"testimonial-content\">\n\t\t\t<div class=\"testimonial-rating\">\n\t\t\t\t<span class=\"star-rating\">\n\t\t\t\t\t<span style=\"width:100%\"><\/span>\n\t\t\t\t<\/span>\n\t\t\t<\/div>\n\n\t\t\t<p><iframe  id=\"_ytid_42746\"  width=\"800\" height=\"450\"  data-origwidth=\"800\" data-origheight=\"450\"  data-relstop=\"1\" src=\"https:\/\/www.youtube.com\/embed\/dXH25ZypgKU?enablejsapi=1&autoplay=0&cc_load_policy=1&cc_lang_pref=&iv_load_policy=3&loop=0&rel=0&fs=1&playsinline=0&autohide=2&theme=dark&color=red&controls=1&disablekb=0&\" class=\"__youtube_prefs__  no-lazyload\" title=\"Lecteur YouTube\"  allow=\"fullscreen; accelerometer; autoplay; clipboard-write; encrypted-media; gyroscope; picture-in-picture; web-share\" referrerpolicy=\"strict-origin-when-cross-origin\" allowfullscreen data-no-lazy=\"1\" data-skipgform_ajax_framebjll=\"\"><\/iframe><\/p>\n\t\t\t<footer>\n\t\t\t\t\n\t\t\t\t\t\t\t<\/footer>\n\t\t<\/div>\n\t<\/div>\n<\/div>\t\t\t\t\t\t\t\t\t\n<div class=\"testimonial wd-carousel-item\">\n\t<div class=\"testimonial-inner\">\n\t\t\n\t\t<div class=\"testimonial-content\">\n\t\t\t<div class=\"testimonial-rating\">\n\t\t\t\t<span class=\"star-rating\">\n\t\t\t\t\t<span style=\"width:100%\"><\/span>\n\t\t\t\t<\/span>\n\t\t\t<\/div>\n\n\t\t\t<p><iframe  id=\"_ytid_85103\"  width=\"800\" height=\"450\"  data-origwidth=\"800\" data-origheight=\"450\"  data-relstop=\"1\" src=\"https:\/\/www.youtube.com\/embed\/0kVZHqUFiwM?enablejsapi=1&autoplay=0&cc_load_policy=1&cc_lang_pref=&iv_load_policy=3&loop=0&rel=0&fs=1&playsinline=0&autohide=2&theme=dark&color=red&controls=1&disablekb=0&\" class=\"__youtube_prefs__  no-lazyload\" title=\"Lecteur YouTube\"  allow=\"fullscreen; accelerometer; autoplay; clipboard-write; encrypted-media; gyroscope; picture-in-picture; web-share\" referrerpolicy=\"strict-origin-when-cross-origin\" allowfullscreen data-no-lazy=\"1\" data-skipgform_ajax_framebjll=\"\"><\/iframe><\/p>\n\t\t\t<footer>\n\t\t\t\t\n\t\t\t\t\t\t\t<\/footer>\n\t\t<\/div>\n\t<\/div>\n<\/div>\t\t\t\t\n\t\t\t\t\t\t\t\t\t<\/div>\n\t\t\t\t\t\t\t<\/div>\n\t\t\t\t\t\t\t\t\t\t\t\t\t\t<div class=\"wd-nav-arrows wd-pos-sep wd-hover-1 wd-icon-1\">\n\t\t\t<div class=\"wd-btn-arrow wd-prev wd-disabled\">\n\t\t\t\t<div class=\"wd-arrow-inner\"><\/div>\n\t\t\t<\/div>\n\t\t\t<div class=\"wd-btn-arrow wd-next\">\n\t\t\t\t<div class=\"wd-arrow-inner\"><\/div>\n\t\t\t<\/div>\n\t\t<\/div>\n\t\t\t\t\t\t\n\t\t\t\t<\/div>\n\n\t\t\t\t\t\t<div class=\"wd-nav-pagin-wrap text-center wd-style-shape wd-hide-md-sm wd-hide-sm\">\n\t\t\t<ul class=\"wd-nav-pagin\"><\/ul>\n\t\t<\/div>\n\t\t\t\t\t\t\t\t\t\t\t<\/div>\n\t\t\t\t\t\t<\/div>\n\t\t\t\t<\/div>\n\t\t\t\t\t<\/div>\n\t\t<\/div>\n\t\t\t\t\t<\/div>\n\t\t<\/section>\n\t\t\t\t<\/div>","protected":false},"excerpt":{"rendered":"<p>&#8220;<strong>\u00c0 la recherche d'une cr\u00e9ativit\u00e9 sans fin ?<\/strong> D\u00e9couvrez notre tableau \u00e0 dessin magn\u00e9tique - la solution ultime pour inspirer l'expression artistique chez les enfants. Lib\u00e9rez l'imagination, amusez-vous sans vous salir et nettoyez facilement. Achetez maintenant pour obtenir 30% OFF !\"<\/p>","protected":false},"featured_media":14783,"comment_status":"open","ping_status":"closed","template":"","meta":{"_acf_changed":false},"product_brand":[],"product_cat":[509],"product_tag":[537,539,541,540,538,542],"class_list":{"0":"post-14793","1":"product","2":"type-product","3":"status-publish","4":"has-post-thumbnail","6":"product_cat-best-baby-toys","7":"product_tag-magna-doodle","8":"product_tag-magna-doodle-board","9":"product_tag-magnet-drawing-toy","10":"product_tag-magnetic-doodle-board","11":"product_tag-magnetic-drawing-board","12":"product_tag-magnetic-drawing-pad","14":"first","15":"outofstock","16":"sale","17":"taxable","18":"shipping-taxable","19":"purchasable","20":"product-type-variable","21":"wvs-archive-product-wrapper"},"acf":[],"_links":{"self":[{"href":"https:\/\/babyvk.com\/fr\/wp-json\/wp\/v2\/product\/14793","targetHints":{"allow":["GET"]}}],"collection":[{"href":"https:\/\/babyvk.com\/fr\/wp-json\/wp\/v2\/product"}],"about":[{"href":"https:\/\/babyvk.com\/fr\/wp-json\/wp\/v2\/types\/product"}],"replies":[{"embeddable":true,"href":"https:\/\/babyvk.com\/fr\/wp-json\/wp\/v2\/comments?post=14793"}],"version-history":[{"count":0,"href":"https:\/\/babyvk.com\/fr\/wp-json\/wp\/v2\/product\/14793\/revisions"}],"wp:featuredmedia":[{"embeddable":true,"href":"https:\/\/babyvk.com\/fr\/wp-json\/wp\/v2\/media\/14783"}],"wp:attachment":[{"href":"https:\/\/babyvk.com\/fr\/wp-json\/wp\/v2\/media?parent=14793"}],"wp:term":[{"taxonomy":"product_brand","embeddable":true,"href":"https:\/\/babyvk.com\/fr\/wp-json\/wp\/v2\/product_brand?post=14793"},{"taxonomy":"product_cat","embeddable":true,"href":"https:\/\/babyvk.com\/fr\/wp-json\/wp\/v2\/product_cat?post=14793"},{"taxonomy":"product_tag","embeddable":true,"href":"https:\/\/babyvk.com\/fr\/wp-json\/wp\/v2\/product_tag?post=14793"}],"curies":[{"name":"wp","href":"https:\/\/api.w.org\/{rel}","templated":true}]}}