{"id":14295,"date":"2023-05-26T13:28:38","date_gmt":"2023-05-26T13:28:38","guid":{"rendered":"https:\/\/babyvk.com\/?post_type=product&#038;p=14295"},"modified":"2025-03-10T20:03:36","modified_gmt":"2025-03-10T20:03:36","slug":"baby-fruit-feeder-pacifier","status":"publish","type":"product","link":"https:\/\/babyvk.com\/fr\/product\/baby-fruit-feeder-pacifier\/","title":{"rendered":"Sucette pour b\u00e9b\u00e9"},"content":{"rendered":"<div data-elementor-type=\"product-post\" data-elementor-id=\"14295\" class=\"elementor elementor-14295\" data-elementor-post-type=\"product\">\n\t\t\t\t\t\t<section class=\"elementor-section elementor-top-section elementor-element elementor-element-7a7317b elementor-section-boxed elementor-section-height-default elementor-section-height-default\" data-id=\"7a7317b\" data-element_type=\"section\">\n\t\t\t\t\t\t<div class=\"elementor-container elementor-column-gap-default\">\n\t\t\t\t\t<div class=\"elementor-column elementor-col-100 elementor-top-column elementor-element elementor-element-9f17075\" data-id=\"9f17075\" data-element_type=\"column\">\n\t\t\t<div class=\"elementor-widget-wrap elementor-element-populated\">\n\t\t\t\t\t\t<div class=\"elementor-element elementor-element-8fecd91 wd-width-100 elementor-widget elementor-widget-wd_title\" data-id=\"8fecd91\" data-element_type=\"widget\" data-widget_type=\"wd_title.default\">\n\t\t\t\t<div class=\"elementor-widget-container\">\n\t\t\t\t\t\t\t<div class=\"title-wrapper wd-set-mb reset-last-child wd-title-color-default wd-title-style-default wd-title-size-default text-left\">\n\n\t\t\t\n\t\t\t<div class=\"liner-continer\">\n\t\t\t\t<h4 class=\"woodmart-title-container title wd-fontsize-l\">Description du produit :<\/h4> \n\t\t\t\t\t\t\t<\/div>\n\n\t\t\t\t\t\t\t<div class=\"title-after_title reset-last-child wd-fontsize-xs\">\n\t\t\t\t\t<p>La sucette Baby Fruit Feeder est un outil d'alimentation s\u00fbr et fiable pour les b\u00e9b\u00e9s. Elle est fabriqu\u00e9e en silicone alimentaire 100%, ce qui garantit l'absence de BPA, de PVC, de caoutchouc, de m\u00e9taux, de phtalates, de toxines et de rouille. Cette t\u00e9tine combine les fonctionnalit\u00e9s d'une t\u00e9tine et d'un jouet de dentition, \u00e9liminant ainsi la n\u00e9cessit\u00e9 d'\u00e9craser les aliments. La pochette de stockage spacieuse peut contenir des fruits, des l\u00e9gumes, du lait maternel ou des pur\u00e9es, ce qui permet \u00e0 votre b\u00e9b\u00e9 de m\u00e2cher des aliments solides avant l'apparition de ses dents. La t\u00e9tine en silicone est \u00e9galement munie d'un capuchon protecteur qui la rend propre et hygi\u00e9nique, \u00e9vitant ainsi que de la nourriture ne se retrouve sur vos mains. La surface textur\u00e9e de la t\u00e9tine stimule les gencives et favorise la croissance des dents de devant, du milieu et de derri\u00e8re. Le nettoyage est un jeu d'enfant, puisqu'il suffit de frotter doucement la t\u00e9tine \u00e0 l'eau chaude savonneuse pour \u00e9liminer les restes de nourriture. La sucette Baby Fruit Feeder peut \u00eatre utilis\u00e9e pendant la phase de d\u00e9veloppement bucco-dentaire de votre b\u00e9b\u00e9.<\/p>\t\t\t\t<\/div>\n\t\t\t\t\t<\/div>\n\t\t\t\t\t\t<\/div>\n\t\t\t\t<\/div>\n\t\t\t\t\t<\/div>\n\t\t<\/div>\n\t\t\t\t\t<\/div>\n\t\t<\/section>\n\t\t\t\t<section class=\"elementor-section elementor-top-section elementor-element elementor-element-40b7233 elementor-section-boxed elementor-section-height-default elementor-section-height-default\" data-id=\"40b7233\" data-element_type=\"section\">\n\t\t\t\t\t\t<div class=\"elementor-container elementor-column-gap-default\">\n\t\t\t\t\t<div class=\"elementor-column elementor-col-100 elementor-top-column elementor-element elementor-element-d33c743\" data-id=\"d33c743\" data-element_type=\"column\">\n\t\t\t<div class=\"elementor-widget-wrap elementor-element-populated\">\n\t\t\t\t\t\t<div class=\"elementor-element elementor-element-ece2bab elementor-widget elementor-widget-wd_text_block\" data-id=\"ece2bab\" data-element_type=\"widget\" data-widget_type=\"wd_text_block.default\">\n\t\t\t\t<div class=\"elementor-widget-container\">\n\t\t\t\t\t\t\t<div class=\"wd-text-block reset-last-child text-left\">\n\t\t\t\n\t\t\t<p><strong><span style=\"color: #000000;\">Caract\u00e9ristiques :<\/span><\/strong><\/p><ol><li><p><b>Conception multifonctionnelle :<\/b> La sucette Baby Fruit Feeder combine les fonctions d'une sucette et d'un jouet de dentition, \u00e9liminant ainsi la n\u00e9cessit\u00e9 de r\u00e9duire les aliments en pur\u00e9e. La pochette g\u00e9n\u00e9reuse peut contenir des fruits, des l\u00e9gumes, du lait maternel ou des pur\u00e9es, ce qui \u00e9vite \u00e0 votre b\u00e9b\u00e9 de mordre de gros morceaux de nourriture.<\/p><\/li><li><p><b>S\u00e9curit\u00e9 et fiabilit\u00e9 :<\/b> Fabriqu\u00e9e en silicone alimentaire certifi\u00e9 100%, la t\u00e9tine est exempte de BPA, de PVC, de caoutchouc, de m\u00e9taux, de phtalates, de toxines et de rouille, ce qui garantit qu'elle r\u00e9pond aux normes les plus strictes en mati\u00e8re de sant\u00e9 et de s\u00e9curit\u00e9 pour votre b\u00e9b\u00e9.<\/p><\/li><li><p><b>Conception d'un capuchon protecteur :<\/b> Dot\u00e9e d'un capuchon protecteur, la t\u00e9tine garde la t\u00e9tine en silicone propre et hygi\u00e9nique tout en \u00e9vitant que la nourriture ne se retrouve sur vos mains. Il suffit de verrouiller la poign\u00e9e apr\u00e8s avoir rempli le r\u00e9servoir de nourriture pour que votre b\u00e9b\u00e9 puisse l'utiliser.<\/p><\/li><li><p><b>Stimulation des gencives : <\/b>La surface textur\u00e9e de la t\u00e9tine masse et stimule les gencives de votre b\u00e9b\u00e9, favorisant l'\u00e9ruption des dents de devant, du milieu et de derri\u00e8re. Elle peut \u00eatre utilis\u00e9e pendant les phases de d\u00e9veloppement de votre b\u00e9b\u00e9.<\/p><\/li><li><p><b>Nettoyage et rangement faciles :<\/b> Le distributeur de nourriture en silicone est incroyablement facile \u00e0 nettoyer. Un l\u00e9ger frottement \u00e0 l'eau chaude savonneuse suffit pour \u00e9liminer les restes de nourriture. Il est \u00e9galement pratique \u00e0 ranger car il occupe un espace minimal.<\/p><\/li><\/ol>\n\t\t\t\t\t<\/div>\n\t\t\t\t\t\t<\/div>\n\t\t\t\t<\/div>\n\t\t\t\t\t<\/div>\n\t\t<\/div>\n\t\t\t\t\t<\/div>\n\t\t<\/section>\n\t\t\t\t<section class=\"elementor-section elementor-top-section elementor-element elementor-element-580d9e5 elementor-section-boxed elementor-section-height-default elementor-section-height-default\" data-id=\"580d9e5\" data-element_type=\"section\">\n\t\t\t\t\t\t<div class=\"elementor-container elementor-column-gap-default\">\n\t\t\t\t\t<div class=\"elementor-column elementor-col-100 elementor-top-column elementor-element elementor-element-5c2c3b7\" data-id=\"5c2c3b7\" data-element_type=\"column\">\n\t\t\t<div class=\"elementor-widget-wrap elementor-element-populated\">\n\t\t\t\t\t\t<div class=\"elementor-element elementor-element-349c27f elementor-widget elementor-widget-wd_text_block\" data-id=\"349c27f\" data-element_type=\"widget\" data-widget_type=\"wd_text_block.default\">\n\t\t\t\t<div class=\"elementor-widget-container\">\n\t\t\t\t\t\t\t<div class=\"wd-text-block reset-last-child text-left\">\n\t\t\t\n\t\t\t<p><strong><span style=\"color: #000000;\">Sp\u00e9cifications du produit :<\/span><\/strong><\/p><ul><li><b>Nom du produit : <\/b>Sucette pour b\u00e9b\u00e9<\/li><li><b>Mat\u00e9riau :<\/b> 100% silicone de qualit\u00e9 alimentaire<\/li><li><b>Gratuit depuis :<\/b> BPA, PVC, caoutchouc, m\u00e9taux, phtalates, toxines et rouille<\/li><li><b>Conception multifonctionnelle :<\/b> Combinaison de sucette et de jouet de dentition<\/li><li><b>Capacit\u00e9 de la pochette de stockage des aliments : <\/b>Convient pour les fruits, les l\u00e9gumes, le lait maternel ou les pur\u00e9es<\/li><li><b>Capuchon de protection :<\/b> Maintient la t\u00e9tine propre et hygi\u00e9nique<\/li><li><b>Stimulation des gencives : <\/b>Surface textur\u00e9e pour le massage et la stimulation des gencives<\/li><li><b>M\u00e9thode de nettoyage :<\/b> Frotter doucement avec de l'eau chaude savonneuse<\/li><li><b>Adaptation \u00e0 l'\u00e2ge : <\/b>Convient aux b\u00e9b\u00e9s en phase de d\u00e9veloppement bucco-dentaire<\/li><\/ul>\n\t\t\t\t\t<\/div>\n\t\t\t\t\t\t<\/div>\n\t\t\t\t<\/div>\n\t\t\t\t<div class=\"elementor-element elementor-element-3a159c1 elementor-widget elementor-widget-wd_image_or_svg\" data-id=\"3a159c1\" data-element_type=\"widget\" data-widget_type=\"wd_image_or_svg.default\">\n\t\t\t\t<div class=\"elementor-widget-container\">\n\t\t\t\t\t\n\t\t<div class=\"wd-image text-left\">\n\t\t\t\t\t\t\t\t<img fetchpriority=\"high\" decoding=\"async\" width=\"800\" height=\"800\" src=\"https:\/\/babyvk.com\/wp-content\/uploads\/2023\/05\/pacifier-you-can-put-fruit-in.webp\" class=\"attachment-full size-full wvs-archive-product-image\" alt=\"T\u00e9tine pour fruits\" srcset=\"https:\/\/babyvk.com\/wp-content\/uploads\/2023\/05\/pacifier-you-can-put-fruit-in.webp 800w, https:\/\/babyvk.com\/wp-content\/uploads\/2023\/05\/pacifier-you-can-put-fruit-in-30x30.webp 30w, https:\/\/babyvk.com\/wp-content\/uploads\/2023\/05\/pacifier-you-can-put-fruit-in-50x50.webp 50w, https:\/\/babyvk.com\/wp-content\/uploads\/2023\/05\/pacifier-you-can-put-fruit-in-100x100.webp 100w, https:\/\/babyvk.com\/wp-content\/uploads\/2023\/05\/pacifier-you-can-put-fruit-in-150x150.webp 150w, https:\/\/babyvk.com\/wp-content\/uploads\/2023\/05\/pacifier-you-can-put-fruit-in-300x300.webp 300w, https:\/\/babyvk.com\/wp-content\/uploads\/2023\/05\/pacifier-you-can-put-fruit-in-768x768.webp 768w, https:\/\/babyvk.com\/wp-content\/uploads\/2023\/05\/pacifier-you-can-put-fruit-in-500x500.webp 500w, https:\/\/babyvk.com\/wp-content\/uploads\/2023\/05\/pacifier-you-can-put-fruit-in-430x430.webp 430w, https:\/\/babyvk.com\/wp-content\/uploads\/2023\/05\/pacifier-you-can-put-fruit-in-700x700.webp 700w\" sizes=\"(max-width: 800px) 100vw, 800px\" title=\"\">\t\t\t\t\t<\/div>\n\n\t\t\t\t\t\t<\/div>\n\t\t\t\t<\/div>\n\t\t\t\t\t<\/div>\n\t\t<\/div>\n\t\t\t\t\t<\/div>\n\t\t<\/section>\n\t\t\t\t<section class=\"elementor-section elementor-top-section elementor-element elementor-element-4296e4b elementor-section-boxed elementor-section-height-default elementor-section-height-default\" data-id=\"4296e4b\" data-element_type=\"section\">\n\t\t\t\t\t\t<div class=\"elementor-container elementor-column-gap-default\">\n\t\t\t\t\t<div class=\"elementor-column elementor-col-100 elementor-top-column elementor-element elementor-element-63f513c\" data-id=\"63f513c\" data-element_type=\"column\">\n\t\t\t<div class=\"elementor-widget-wrap elementor-element-populated\">\n\t\t\t\t\t\t<div class=\"elementor-element elementor-element-eb6792d elementor-widget elementor-widget-wd_text_block\" data-id=\"eb6792d\" data-element_type=\"widget\" data-widget_type=\"wd_text_block.default\">\n\t\t\t\t<div class=\"elementor-widget-container\">\n\t\t\t\t\t\t\t<div class=\"wd-text-block reset-last-child text-left\">\n\t\t\t\n\t\t\t<p>Qu'elle soit utilis\u00e9e comme outil d'alimentation pour l'introduction des aliments solides ou comme jouet apaisant pour soulager l'inconfort des pouss\u00e9es dentaires, la sucette Baby Fruit Feeder est un choix s\u00fbr, pratique et facile \u00e0 nettoyer. Nous sommes convaincus de la qualit\u00e9 de notre produit et offrons une garantie de remboursement inconditionnel pour assurer votre satisfaction.<\/p>\n\t\t\t\t\t<\/div>\n\t\t\t\t\t\t<\/div>\n\t\t\t\t<\/div>\n\t\t\t\t\t<\/div>\n\t\t<\/div>\n\t\t\t\t\t<\/div>\n\t\t<\/section>\n\t\t\t\t<section class=\"wd-negative-gap elementor-section elementor-top-section elementor-element elementor-element-c0a251a elementor-section-boxed elementor-section-height-default elementor-section-height-default\" data-id=\"c0a251a\" data-element_type=\"section\">\n\t\t\t\t\t\t<div class=\"elementor-container elementor-column-gap-default\">\n\t\t\t\t\t<div class=\"elementor-column elementor-col-100 elementor-top-column elementor-element elementor-element-2938f65\" data-id=\"2938f65\" data-element_type=\"column\">\n\t\t\t<div class=\"elementor-widget-wrap elementor-element-populated\">\n\t\t\t\t\t\t<div class=\"elementor-element elementor-element-a98f768 wd-width-100 elementor-widget elementor-widget-wd_title\" data-id=\"a98f768\" data-element_type=\"widget\" data-widget_type=\"wd_title.default\">\n\t\t\t\t<div class=\"elementor-widget-container\">\n\t\t\t\t\t\t\t<div class=\"title-wrapper wd-set-mb reset-last-child wd-title-color-default wd-title-style-default wd-title-size-default text-center\">\n\n\t\t\t\t\t\t\t\t\t\t\t<div class=\"title-subtitle subtitle-color-default subtitle-style-default wd-fontsize-xs\">\n\t\t\t\t\tVOIR NOTRE EXPOSITION\t\t\t\t<\/div>\n\t\t\t\n\t\t\t<div class=\"liner-continer\">\n\t\t\t\t<h4 class=\"woodmart-title-container title wd-fontsize-l\">Notre courte vid\u00e9o<\/h4> \n\t\t\t\t\t\t\t<\/div>\n\n\t\t\t\t\t\t\t<div class=\"title-after_title reset-last-child wd-fontsize-xs\">\n\t\t\t\t\t<p>Montrer la sc\u00e8ne d'utilisation du produit, vous donner plus de d\u00e9tails.<\/p>\t\t\t\t<\/div>\n\t\t\t\t\t<\/div>\n\t\t\t\t\t\t<\/div>\n\t\t\t\t<\/div>\n\t\t\t\t<div class=\"elementor-element elementor-element-c983a29 elementor-widget elementor-widget-wd_testimonials\" data-id=\"c983a29\" data-element_type=\"widget\" data-widget_type=\"wd_testimonials.default\">\n\t\t\t\t<div class=\"elementor-widget-container\">\n\t\t\t\t\t\t\t<div class=\"testimonials testimon-style-standard  color-scheme- testimon-align-center wd-carousel-container\" id=\"carousel-4605\">\n\t\t\t\t\t\t\t<div class=\"wd-carousel-inner\">\n\t\t\t\n\t\t\t<div class=\"wd-carousel wd-grid\" data-scroll_per_page=\"yes\" style=\"--wd-col-lg:2;--wd-col-md:2;--wd-col-sm:1;--wd-gap-lg:30px;--wd-gap-sm:10px;\">\n\t\t\t\t\t\t\t\t\t<div class=\"wd-carousel-wrap\">\n\t\t\t\t\n\t\t\t\t\t\t\t\t\t\n<div class=\"testimonial wd-carousel-item\">\n\t<div class=\"testimonial-inner\">\n\t\t\n\t\t<div class=\"testimonial-content\">\n\t\t\t<div class=\"testimonial-rating\">\n\t\t\t\t<span class=\"star-rating\">\n\t\t\t\t\t<span style=\"width:100%\"><\/span>\n\t\t\t\t<\/span>\n\t\t\t<\/div>\n\n\t\t\t<p><iframe  id=\"_ytid_66115\"  width=\"800\" height=\"450\"  data-origwidth=\"800\" data-origheight=\"450\"  data-relstop=\"1\" src=\"https:\/\/www.youtube.com\/embed\/GTuSklCtIEY?enablejsapi=1&autoplay=0&cc_load_policy=1&cc_lang_pref=&iv_load_policy=3&loop=0&rel=0&fs=1&playsinline=0&autohide=2&theme=dark&color=red&controls=1&disablekb=0&\" class=\"__youtube_prefs__  no-lazyload\" title=\"Lecteur YouTube\"  allow=\"fullscreen; accelerometer; autoplay; clipboard-write; encrypted-media; gyroscope; picture-in-picture; web-share\" referrerpolicy=\"strict-origin-when-cross-origin\" allowfullscreen data-no-lazy=\"1\" data-skipgform_ajax_framebjll=\"\"><\/iframe><\/p>\n\t\t\t<footer>\n\t\t\t\t\n\t\t\t\t\t\t\t<\/footer>\n\t\t<\/div>\n\t<\/div>\n<\/div>\t\t\t\t\t\t\t\t\t\n<div class=\"testimonial wd-carousel-item\">\n\t<div class=\"testimonial-inner\">\n\t\t\n\t\t<div class=\"testimonial-content\">\n\t\t\t<div class=\"testimonial-rating\">\n\t\t\t\t<span class=\"star-rating\">\n\t\t\t\t\t<span style=\"width:100%\"><\/span>\n\t\t\t\t<\/span>\n\t\t\t<\/div>\n\n\t\t\t<p><iframe  id=\"_ytid_47417\"  width=\"800\" height=\"450\"  data-origwidth=\"800\" data-origheight=\"450\"  data-relstop=\"1\" src=\"https:\/\/www.youtube.com\/embed\/pcF7I9DNWh4?enablejsapi=1&autoplay=0&cc_load_policy=1&cc_lang_pref=&iv_load_policy=3&loop=0&rel=0&fs=1&playsinline=0&autohide=2&theme=dark&color=red&controls=1&disablekb=0&\" class=\"__youtube_prefs__  no-lazyload\" title=\"Lecteur YouTube\"  allow=\"fullscreen; accelerometer; autoplay; clipboard-write; encrypted-media; gyroscope; picture-in-picture; web-share\" referrerpolicy=\"strict-origin-when-cross-origin\" allowfullscreen data-no-lazy=\"1\" data-skipgform_ajax_framebjll=\"\"><\/iframe><\/p>\n\t\t\t<footer>\n\t\t\t\t\n\t\t\t\t\t\t\t<\/footer>\n\t\t<\/div>\n\t<\/div>\n<\/div>\t\t\t\t\t\t\t\t\t\n<div class=\"testimonial wd-carousel-item\">\n\t<div class=\"testimonial-inner\">\n\t\t\n\t\t<div class=\"testimonial-content\">\n\t\t\t<div class=\"testimonial-rating\">\n\t\t\t\t<span class=\"star-rating\">\n\t\t\t\t\t<span style=\"width:100%\"><\/span>\n\t\t\t\t<\/span>\n\t\t\t<\/div>\n\n\t\t\t<p><iframe  id=\"_ytid_91070\"  width=\"800\" height=\"450\"  data-origwidth=\"800\" data-origheight=\"450\"  data-relstop=\"1\" src=\"https:\/\/www.youtube.com\/embed\/J7e-Kk5uL10?enablejsapi=1&autoplay=0&cc_load_policy=1&cc_lang_pref=&iv_load_policy=3&loop=0&rel=0&fs=1&playsinline=0&autohide=2&theme=dark&color=red&controls=1&disablekb=0&\" class=\"__youtube_prefs__  no-lazyload\" title=\"Lecteur YouTube\"  allow=\"fullscreen; accelerometer; autoplay; clipboard-write; encrypted-media; gyroscope; picture-in-picture; web-share\" referrerpolicy=\"strict-origin-when-cross-origin\" allowfullscreen data-no-lazy=\"1\" data-skipgform_ajax_framebjll=\"\"><\/iframe><\/p>\n\t\t\t<footer>\n\t\t\t\t\n\t\t\t\t\t\t\t<\/footer>\n\t\t<\/div>\n\t<\/div>\n<\/div>\t\t\t\t\t\t\t\t\t\n<div class=\"testimonial wd-carousel-item\">\n\t<div class=\"testimonial-inner\">\n\t\t\n\t\t<div class=\"testimonial-content\">\n\t\t\t<div class=\"testimonial-rating\">\n\t\t\t\t<span class=\"star-rating\">\n\t\t\t\t\t<span style=\"width:100%\"><\/span>\n\t\t\t\t<\/span>\n\t\t\t<\/div>\n\n\t\t\t<p><iframe  id=\"_ytid_41376\"  width=\"800\" height=\"450\"  data-origwidth=\"800\" data-origheight=\"450\"  data-relstop=\"1\" src=\"https:\/\/www.youtube.com\/embed\/CyAsDEWkNHY?enablejsapi=1&autoplay=0&cc_load_policy=1&cc_lang_pref=&iv_load_policy=3&loop=0&rel=0&fs=1&playsinline=0&autohide=2&theme=dark&color=red&controls=1&disablekb=0&\" class=\"__youtube_prefs__  no-lazyload\" title=\"Lecteur YouTube\"  allow=\"fullscreen; accelerometer; autoplay; clipboard-write; encrypted-media; gyroscope; picture-in-picture; web-share\" referrerpolicy=\"strict-origin-when-cross-origin\" allowfullscreen data-no-lazy=\"1\" data-skipgform_ajax_framebjll=\"\"><\/iframe><\/p>\n\t\t\t<footer>\n\t\t\t\t\n\t\t\t\t\t\t\t<\/footer>\n\t\t<\/div>\n\t<\/div>\n<\/div>\t\t\t\t\t\t\t\t\t\n<div class=\"testimonial wd-carousel-item\">\n\t<div class=\"testimonial-inner\">\n\t\t\n\t\t<div class=\"testimonial-content\">\n\t\t\t<div class=\"testimonial-rating\">\n\t\t\t\t<span class=\"star-rating\">\n\t\t\t\t\t<span style=\"width:100%\"><\/span>\n\t\t\t\t<\/span>\n\t\t\t<\/div>\n\n\t\t\t<p><iframe  id=\"_ytid_25908\"  width=\"800\" height=\"450\"  data-origwidth=\"800\" data-origheight=\"450\"  data-relstop=\"1\" src=\"https:\/\/www.youtube.com\/embed\/x5CythGRBzI?enablejsapi=1&autoplay=0&cc_load_policy=1&cc_lang_pref=&iv_load_policy=3&loop=0&rel=0&fs=1&playsinline=0&autohide=2&theme=dark&color=red&controls=1&disablekb=0&\" class=\"__youtube_prefs__  no-lazyload\" title=\"Lecteur YouTube\"  allow=\"fullscreen; accelerometer; autoplay; clipboard-write; encrypted-media; gyroscope; picture-in-picture; web-share\" referrerpolicy=\"strict-origin-when-cross-origin\" allowfullscreen data-no-lazy=\"1\" data-skipgform_ajax_framebjll=\"\"><\/iframe><\/p>\n\t\t\t<footer>\n\t\t\t\t\n\t\t\t\t\t\t\t<\/footer>\n\t\t<\/div>\n\t<\/div>\n<\/div>\t\t\t\t\n\t\t\t\t\t\t\t\t\t<\/div>\n\t\t\t\t\t\t\t<\/div>\n\t\t\t\t\t\t\t\t\t\t\t\t\t\t<div class=\"wd-nav-arrows wd-pos-sep wd-hover-1 wd-icon-1\">\n\t\t\t<div class=\"wd-btn-arrow wd-prev wd-disabled\">\n\t\t\t\t<div class=\"wd-arrow-inner\"><\/div>\n\t\t\t<\/div>\n\t\t\t<div class=\"wd-btn-arrow wd-next\">\n\t\t\t\t<div class=\"wd-arrow-inner\"><\/div>\n\t\t\t<\/div>\n\t\t<\/div>\n\t\t\t\t\t\t\n\t\t\t\t<\/div>\n\n\t\t\t\t\t\t<div class=\"wd-nav-pagin-wrap text-center wd-style-shape wd-hide-md-sm wd-hide-sm\">\n\t\t\t<ul class=\"wd-nav-pagin\"><\/ul>\n\t\t<\/div>\n\t\t\t\t\t\t\t\t\t\t\t<\/div>\n\t\t\t\t\t\t<\/div>\n\t\t\t\t<\/div>\n\t\t\t\t\t<\/div>\n\t\t<\/div>\n\t\t\t\t\t<\/div>\n\t\t<\/section>\n\t\t\t\t<\/div>","protected":false},"excerpt":{"rendered":"<p>&#8220;<strong>Vous cherchez un moyen s\u00fbr d'introduire les aliments solides dans l'alimentation de votre b\u00e9b\u00e9 ?<\/strong> Essayez notre sucette Baby Fruit Feeder ! Con\u00e7ue pour faciliter la transition vers les aliments solides et soulager l'inconfort des pouss\u00e9es dentaires. Magasinez maintenant pour une livraison gratuite et obtenez 30% de rabais !\"<\/p>","protected":false},"featured_media":14287,"comment_status":"open","ping_status":"closed","template":"","meta":{"_acf_changed":false},"product_brand":[],"product_cat":[508],"product_tag":[525,526,527,523,524],"class_list":{"0":"post-14295","1":"product","2":"type-product","3":"status-publish","4":"has-post-thumbnail","6":"product_cat-best-baby-feeding","7":"product_tag-feeder-pacifier","8":"product_tag-food-feeder-pacifier","9":"product_tag-fruit-feeding-nipple","10":"product_tag-fruit-pacifier","11":"product_tag-mesh-fruit-teether","13":"first","14":"instock","15":"sale","16":"taxable","17":"shipping-taxable","18":"purchasable","19":"product-type-variable","20":"wvs-archive-product-wrapper"},"acf":[],"_links":{"self":[{"href":"https:\/\/babyvk.com\/fr\/wp-json\/wp\/v2\/product\/14295","targetHints":{"allow":["GET"]}}],"collection":[{"href":"https:\/\/babyvk.com\/fr\/wp-json\/wp\/v2\/product"}],"about":[{"href":"https:\/\/babyvk.com\/fr\/wp-json\/wp\/v2\/types\/product"}],"replies":[{"embeddable":true,"href":"https:\/\/babyvk.com\/fr\/wp-json\/wp\/v2\/comments?post=14295"}],"version-history":[{"count":0,"href":"https:\/\/babyvk.com\/fr\/wp-json\/wp\/v2\/product\/14295\/revisions"}],"wp:featuredmedia":[{"embeddable":true,"href":"https:\/\/babyvk.com\/fr\/wp-json\/wp\/v2\/media\/14287"}],"wp:attachment":[{"href":"https:\/\/babyvk.com\/fr\/wp-json\/wp\/v2\/media?parent=14295"}],"wp:term":[{"taxonomy":"product_brand","embeddable":true,"href":"https:\/\/babyvk.com\/fr\/wp-json\/wp\/v2\/product_brand?post=14295"},{"taxonomy":"product_cat","embeddable":true,"href":"https:\/\/babyvk.com\/fr\/wp-json\/wp\/v2\/product_cat?post=14295"},{"taxonomy":"product_tag","embeddable":true,"href":"https:\/\/babyvk.com\/fr\/wp-json\/wp\/v2\/product_tag?post=14295"}],"curies":[{"name":"wp","href":"https:\/\/api.w.org\/{rel}","templated":true}]}}