{"id":14144,"date":"2023-05-21T09:04:36","date_gmt":"2023-05-21T09:04:36","guid":{"rendered":"https:\/\/babyvk.com\/?post_type=product&#038;p=14144"},"modified":"2025-03-10T20:03:36","modified_gmt":"2025-03-10T20:03:36","slug":"bunny-stuffed-plush-toy-for-kids","status":"publish","type":"product","link":"https:\/\/babyvk.com\/fr\/product\/bunny-stuffed-plush-toy-for-kids\/","title":{"rendered":"Peluche lapin mignon"},"content":{"rendered":"<div data-elementor-type=\"product-post\" data-elementor-id=\"14144\" class=\"elementor elementor-14144\" data-elementor-post-type=\"product\">\n\t\t\t\t\t\t<section class=\"elementor-section elementor-top-section elementor-element elementor-element-17a9aa7 elementor-section-boxed elementor-section-height-default elementor-section-height-default\" data-id=\"17a9aa7\" data-element_type=\"section\">\n\t\t\t\t\t\t<div class=\"elementor-container elementor-column-gap-default\">\n\t\t\t\t\t<div class=\"elementor-column elementor-col-100 elementor-top-column elementor-element elementor-element-f460264\" data-id=\"f460264\" data-element_type=\"column\">\n\t\t\t<div class=\"elementor-widget-wrap elementor-element-populated\">\n\t\t\t\t\t\t<div class=\"elementor-element elementor-element-3bf778c wd-width-100 elementor-widget elementor-widget-wd_title\" data-id=\"3bf778c\" data-element_type=\"widget\" data-widget_type=\"wd_title.default\">\n\t\t\t\t<div class=\"elementor-widget-container\">\n\t\t\t\t\t\t\t<div class=\"title-wrapper wd-set-mb reset-last-child wd-title-color-default wd-title-style-default wd-title-size-default text-left\">\n\n\t\t\t\n\t\t\t<div class=\"liner-continer\">\n\t\t\t\t<h4 class=\"woodmart-title-container title wd-fontsize-l\">Description :<\/h4> \n\t\t\t\t\t\t\t<\/div>\n\n\t\t\t\t\t\t\t<div class=\"title-after_title reset-last-child wd-fontsize-xs\">\n\t\t\t\t\t<p>Voici le jouet en peluche Bunny Hide and Seek, une cr\u00e9ation d\u00e9licieuse et douillette. Ouvrez la fraise pour d\u00e9couvrir un charmant lapin blanc, parfait pour des c\u00e2lins sans fin. Fabriqu\u00e9 en peluche courte super douce de haute qualit\u00e9 et rempli de coton PP, notre peluche lapin offre une touche douillette appr\u00e9ci\u00e9e des enfants et des adultes.<\/p><p>Choisissez entre le lapin carotte et le lapin fraise, et trouvez le lapin en peluche parfait pour vos pr\u00e9f\u00e9rences. Il n'est pas seulement id\u00e9al pour jouer, il constitue \u00e9galement un cadeau charmant et adorable pour les amis, et peut servir de d\u00e9coration ou de cadeau de f\u00eate.<\/p><p>Chaque d\u00e9tail de notre conception t\u00e9moigne de notre engagement en faveur de l'excellence. Du tissu pelucheux doux et court au rembourrage en coton dodu, chaque \u00e9l\u00e9ment est soigneusement choisi pour un confort optimal et une durabilit\u00e9 \u00e0 long terme. Notre peluche lapin est r\u00e9sistante aux peluches et \u00e0 la d\u00e9formation, ce qui garantit qu'elle restera un \u00e9l\u00e9ment pr\u00e9cieux de votre maison.<\/p><p>Les enfants de tous \u00e2ges adoreront notre peluche lapin. Il peut \u00eatre utilis\u00e9 pour jouer, comme un grand oreiller pour lire, regarder la t\u00e9l\u00e9vision, \u00e9tudier ou faire une sieste douillette. Qu'il soit utilis\u00e9 comme oreiller d\u00e9coratif ou comme compagnon c\u00e2lin, son style mignon apportera de la joie dans n'importe quel environnement.<\/p>\t\t\t\t<\/div>\n\t\t\t\t\t<\/div>\n\t\t\t\t\t\t<\/div>\n\t\t\t\t<\/div>\n\t\t\t\t<div class=\"elementor-element elementor-element-ba3c9ac elementor-widget elementor-widget-wd_text_block\" data-id=\"ba3c9ac\" data-element_type=\"widget\" data-widget_type=\"wd_text_block.default\">\n\t\t\t\t<div class=\"elementor-widget-container\">\n\t\t\t\t\t\t\t<div class=\"wd-text-block reset-last-child text-left\">\n\t\t\t\n\t\t\t<p><span style=\"font-size: 14pt;\"><strong>Caract\u00e9ristiques :<\/strong><\/span><\/p><ul><li><strong>Peluche lapin r\u00e9versible :<\/strong> Cette peluche lapin polyvalente est fabriqu\u00e9e dans un tissu doux pour la peau et ultra-doux, rempli de coton PP dodu. Il se transforme en oreiller \u00e0 fraises ou \u00e0 carottes, parfait pour P\u00e2ques et pour ajouter de la joie \u00e0 vos c\u00e9l\u00e9brations.<\/li><li><strong>Polyvalent et adorable :<\/strong> Notre lapin aux fraises n'est pas seulement mignon, il est aussi tr\u00e8s pratique. Il peut \u00eatre expos\u00e9 comme d\u00e9coration, utilis\u00e9 comme coussin ou comme oreiller pour la sieste. En ouvrant la carotte ou la fraise, vous d\u00e9couvrirez un lapin blanc qui vous fera sourire.<\/li><li><strong>Doux et durable :<\/strong> Fabriqu\u00e9e avec un tissu doux et un rembourrage en coton PP durable, notre peluche lapin de P\u00e2ques conserve sa forme. Elle peut \u00eatre utilis\u00e9e comme oreiller de maison ou comme coussin de taille. Les gar\u00e7ons et les filles adoreront son mignon design de lapin et son emballage de carottes et de fraises.<\/li><li><strong>Confort et facilit\u00e9 d'entretien :<\/strong> Ce lapin en peluche offre un confort parfait en tant qu'oreiller et coussin de taille. Il est dot\u00e9 de longs poils doux pour la peau, ce qui permet de le c\u00e2liner confortablement. Le nettoyage est facile - laver d\u00e9licatement \u00e0 l'eau froide et suspendre pour s\u00e9cher. Il s'agit d'un cadeau id\u00e9al pour les enfants et d'un merveilleux compl\u00e9ment \u00e0 leur temps de jeu.<\/li><li><strong>Adorable lapin en peluche :<\/strong> Faites de chaque occasion un moment sp\u00e9cial avec cet adorable lapin en peluche. Il symbolise les nouveaux d\u00e9parts et apporte de la joie dans tous les foyers. Qu'il s'agisse d'un anniversaire, de No\u00ebl ou d'un cadeau de f\u00eate, cette peluche c\u00e2line est appr\u00e9ci\u00e9e des enfants comme des adultes.<\/li><\/ul>\n\t\t\t\t\t<\/div>\n\t\t\t\t\t\t<\/div>\n\t\t\t\t<\/div>\n\t\t\t\t\t<\/div>\n\t\t<\/div>\n\t\t\t\t\t<\/div>\n\t\t<\/section>\n\t\t\t\t<section class=\"elementor-section elementor-top-section elementor-element elementor-element-b25a5d4 elementor-section-boxed elementor-section-height-default elementor-section-height-default\" data-id=\"b25a5d4\" data-element_type=\"section\">\n\t\t\t\t\t\t<div class=\"elementor-container elementor-column-gap-default\">\n\t\t\t\t\t<div class=\"elementor-column elementor-col-100 elementor-top-column elementor-element elementor-element-6d98dd1\" data-id=\"6d98dd1\" data-element_type=\"column\">\n\t\t\t<div class=\"elementor-widget-wrap elementor-element-populated\">\n\t\t\t\t\t\t<div class=\"elementor-element elementor-element-ba9db19 color-scheme-inherit text-left elementor-widget elementor-widget-text-editor\" data-id=\"ba9db19\" data-element_type=\"widget\" data-widget_type=\"text-editor.default\">\n\t\t\t\t<div class=\"elementor-widget-container\">\n\t\t\t\t\t\t\t\t\t<p><strong>Sp\u00e9cifications :<\/strong><\/p><ul><li>100% poup\u00e9e en peluche neuve et de haute qualit\u00e9<\/li><li>Mati\u00e8re : peluche douce<\/li><li>Int\u00e9rieur : coton pp<\/li><li>Couleur : Orange \/ Rose<\/li><li>Taille : environ 18\/25\/35cm<\/li><li>Emballage : sac opp + emballage ext\u00e9rieur en sac plastique ordinaire<\/li><\/ul>\t\t\t\t\t\t\t\t<\/div>\n\t\t\t\t<\/div>\n\t\t\t\t\t<\/div>\n\t\t<\/div>\n\t\t\t\t\t<\/div>\n\t\t<\/section>\n\t\t\t\t<section class=\"elementor-section elementor-top-section elementor-element elementor-element-9813a9e elementor-section-boxed elementor-section-height-default elementor-section-height-default\" data-id=\"9813a9e\" data-element_type=\"section\">\n\t\t\t\t\t\t<div class=\"elementor-container elementor-column-gap-default\">\n\t\t\t\t\t<div class=\"elementor-column elementor-col-33 elementor-top-column elementor-element elementor-element-488ce7d\" data-id=\"488ce7d\" data-element_type=\"column\">\n\t\t\t<div class=\"elementor-widget-wrap elementor-element-populated\">\n\t\t\t\t\t\t<div class=\"elementor-element elementor-element-56d0dda wd-width-100 elementor-widget elementor-widget-wd_title\" data-id=\"56d0dda\" data-element_type=\"widget\" data-widget_type=\"wd_title.default\">\n\t\t\t\t<div class=\"elementor-widget-container\">\n\t\t\t\t\t\t\t<div class=\"title-wrapper wd-set-mb reset-last-child wd-title-color-default wd-title-style-default wd-title-size-default text-left\">\n\n\t\t\t\n\t\t\t<div class=\"liner-continer\">\n\t\t\t\t<h4 class=\"woodmart-title-container title wd-fontsize-l\">Choix multiples<\/h4> \n\t\t\t\t\t\t\t<\/div>\n\n\t\t\t\t\t<\/div>\n\t\t\t\t\t\t<\/div>\n\t\t\t\t<\/div>\n\t\t\t\t<div class=\"elementor-element elementor-element-09c1e7e elementor-widget elementor-widget-wd_text_block\" data-id=\"09c1e7e\" data-element_type=\"widget\" data-widget_type=\"wd_text_block.default\">\n\t\t\t\t<div class=\"elementor-widget-container\">\n\t\t\t\t\t\t\t<div class=\"wd-text-block reset-last-child text-left\">\n\t\t\t\n\t\t\t<p><strong>Choix de la taille :<\/strong> <span style=\"color: #ff0000;\">S : 18cm, M : 25cm, L : 35cm<\/span><\/p>\n\t\t\t\t\t<\/div>\n\t\t\t\t\t\t<\/div>\n\t\t\t\t<\/div>\n\t\t\t\t<div class=\"elementor-element elementor-element-485339e elementor-widget elementor-widget-wd_image_or_svg\" data-id=\"485339e\" data-element_type=\"widget\" data-widget_type=\"wd_image_or_svg.default\">\n\t\t\t\t<div class=\"elementor-widget-container\">\n\t\t\t\t\t\n\t\t<div class=\"wd-image text-left\">\n\t\t\t\t\t\t\t\t<img fetchpriority=\"high\" decoding=\"async\" width=\"867\" height=\"867\" src=\"https:\/\/babyvk.com\/wp-content\/uploads\/2023\/05\/soft-toy-bunny.webp\" class=\"attachment-full size-full wvs-archive-product-image\" alt=\"lapin en peluche\" srcset=\"https:\/\/babyvk.com\/wp-content\/uploads\/2023\/05\/soft-toy-bunny.webp 867w, https:\/\/babyvk.com\/wp-content\/uploads\/2023\/05\/soft-toy-bunny-30x30.webp 30w, https:\/\/babyvk.com\/wp-content\/uploads\/2023\/05\/soft-toy-bunny-50x50.webp 50w, https:\/\/babyvk.com\/wp-content\/uploads\/2023\/05\/soft-toy-bunny-100x100.webp 100w, https:\/\/babyvk.com\/wp-content\/uploads\/2023\/05\/soft-toy-bunny-150x150.webp 150w, https:\/\/babyvk.com\/wp-content\/uploads\/2023\/05\/soft-toy-bunny-300x300.webp 300w, https:\/\/babyvk.com\/wp-content\/uploads\/2023\/05\/soft-toy-bunny-768x768.webp 768w, https:\/\/babyvk.com\/wp-content\/uploads\/2023\/05\/soft-toy-bunny-800x800.webp 800w, https:\/\/babyvk.com\/wp-content\/uploads\/2023\/05\/soft-toy-bunny-860x860.webp 860w, https:\/\/babyvk.com\/wp-content\/uploads\/2023\/05\/soft-toy-bunny-500x500.webp 500w, https:\/\/babyvk.com\/wp-content\/uploads\/2023\/05\/soft-toy-bunny-430x430.webp 430w, https:\/\/babyvk.com\/wp-content\/uploads\/2023\/05\/soft-toy-bunny-700x700.webp 700w\" sizes=\"(max-width: 867px) 100vw, 867px\" title=\"\">\t\t\t\t\t<\/div>\n\n\t\t\t\t\t\t<\/div>\n\t\t\t\t<\/div>\n\t\t\t\t\t<\/div>\n\t\t<\/div>\n\t\t\t\t<div class=\"elementor-column elementor-col-33 elementor-top-column elementor-element elementor-element-4c00a9b\" data-id=\"4c00a9b\" data-element_type=\"column\">\n\t\t\t<div class=\"elementor-widget-wrap elementor-element-populated\">\n\t\t\t\t\t\t<div class=\"elementor-element elementor-element-9ed76aa wd-width-100 elementor-widget elementor-widget-wd_title\" data-id=\"9ed76aa\" data-element_type=\"widget\" data-widget_type=\"wd_title.default\">\n\t\t\t\t<div class=\"elementor-widget-container\">\n\t\t\t\t\t\t\t<div class=\"title-wrapper wd-set-mb reset-last-child wd-title-color-default wd-title-style-default wd-title-size-default text-center\">\n\n\t\t\t\n\t\t\t<div class=\"liner-continer\">\n\t\t\t\t<h4 class=\"woodmart-title-container title wd-fontsize-l\">Carotte orange<\/h4> \n\t\t\t\t\t\t\t<\/div>\n\n\t\t\t\t\t<\/div>\n\t\t\t\t\t\t<\/div>\n\t\t\t\t<\/div>\n\t\t\t\t<div class=\"elementor-element elementor-element-1f6d3d8 elementor-widget elementor-widget-wd_image_or_svg\" data-id=\"1f6d3d8\" data-element_type=\"widget\" data-widget_type=\"wd_image_or_svg.default\">\n\t\t\t\t<div class=\"elementor-widget-container\">\n\t\t\t\t\t\n\t\t<div class=\"wd-image text-left\">\n\t\t\t\t\t\t\t\t<img decoding=\"async\" width=\"640\" height=\"640\" src=\"https:\/\/babyvk.com\/wp-content\/uploads\/2023\/05\/rabbits-soft-toys.webp\" class=\"attachment-full size-full wvs-archive-product-image\" alt=\"Peluche lapin\" srcset=\"https:\/\/babyvk.com\/wp-content\/uploads\/2023\/05\/rabbits-soft-toys.webp 640w, https:\/\/babyvk.com\/wp-content\/uploads\/2023\/05\/rabbits-soft-toys-30x30.webp 30w, https:\/\/babyvk.com\/wp-content\/uploads\/2023\/05\/rabbits-soft-toys-50x50.webp 50w, https:\/\/babyvk.com\/wp-content\/uploads\/2023\/05\/rabbits-soft-toys-100x100.webp 100w, https:\/\/babyvk.com\/wp-content\/uploads\/2023\/05\/rabbits-soft-toys-150x150.webp 150w, https:\/\/babyvk.com\/wp-content\/uploads\/2023\/05\/rabbits-soft-toys-300x300.webp 300w, https:\/\/babyvk.com\/wp-content\/uploads\/2023\/05\/rabbits-soft-toys-500x500.webp 500w, https:\/\/babyvk.com\/wp-content\/uploads\/2023\/05\/rabbits-soft-toys-430x430.webp 430w\" sizes=\"(max-width: 640px) 100vw, 640px\" title=\"\">\t\t\t\t\t<\/div>\n\n\t\t\t\t\t\t<\/div>\n\t\t\t\t<\/div>\n\t\t\t\t\t<\/div>\n\t\t<\/div>\n\t\t\t\t<div class=\"elementor-column elementor-col-33 elementor-top-column elementor-element elementor-element-9ae7251\" data-id=\"9ae7251\" data-element_type=\"column\">\n\t\t\t<div class=\"elementor-widget-wrap elementor-element-populated\">\n\t\t\t\t\t\t<div class=\"elementor-element elementor-element-e3d6b4b wd-width-100 elementor-widget elementor-widget-wd_title\" data-id=\"e3d6b4b\" data-element_type=\"widget\" data-widget_type=\"wd_title.default\">\n\t\t\t\t<div class=\"elementor-widget-container\">\n\t\t\t\t\t\t\t<div class=\"title-wrapper wd-set-mb reset-last-child wd-title-color-default wd-title-style-default wd-title-size-default text-center\">\n\n\t\t\t\n\t\t\t<div class=\"liner-continer\">\n\t\t\t\t<h4 class=\"woodmart-title-container title wd-fontsize-l\">Fraise rose<\/h4> \n\t\t\t\t\t\t\t<\/div>\n\n\t\t\t\t\t<\/div>\n\t\t\t\t\t\t<\/div>\n\t\t\t\t<\/div>\n\t\t\t\t<div class=\"elementor-element elementor-element-68ea44c elementor-widget elementor-widget-wd_image_or_svg\" data-id=\"68ea44c\" data-element_type=\"widget\" data-widget_type=\"wd_image_or_svg.default\">\n\t\t\t\t<div class=\"elementor-widget-container\">\n\t\t\t\t\t\n\t\t<div class=\"wd-image text-left\">\n\t\t\t\t\t\t\t\t<img decoding=\"async\" width=\"640\" height=\"640\" src=\"https:\/\/babyvk.com\/wp-content\/uploads\/2023\/05\/rabbit-plush.webp\" class=\"attachment-full size-full wvs-archive-product-image\" alt=\"cute bunny plush\" srcset=\"https:\/\/babyvk.com\/wp-content\/uploads\/2023\/05\/rabbit-plush.webp 640w, https:\/\/babyvk.com\/wp-content\/uploads\/2023\/05\/rabbit-plush-30x30.webp 30w, https:\/\/babyvk.com\/wp-content\/uploads\/2023\/05\/rabbit-plush-50x50.webp 50w, https:\/\/babyvk.com\/wp-content\/uploads\/2023\/05\/rabbit-plush-100x100.webp 100w, https:\/\/babyvk.com\/wp-content\/uploads\/2023\/05\/rabbit-plush-150x150.webp 150w, https:\/\/babyvk.com\/wp-content\/uploads\/2023\/05\/rabbit-plush-300x300.webp 300w, https:\/\/babyvk.com\/wp-content\/uploads\/2023\/05\/rabbit-plush-500x500.webp 500w, https:\/\/babyvk.com\/wp-content\/uploads\/2023\/05\/rabbit-plush-430x430.webp 430w\" sizes=\"(max-width: 640px) 100vw, 640px\" title=\"\">\t\t\t\t\t<\/div>\n\n\t\t\t\t\t\t<\/div>\n\t\t\t\t<\/div>\n\t\t\t\t\t<\/div>\n\t\t<\/div>\n\t\t\t\t\t<\/div>\n\t\t<\/section>\n\t\t\t\t<section class=\"wd-negative-gap elementor-section elementor-top-section elementor-element elementor-element-f2fe4e7 elementor-section-boxed elementor-section-height-default elementor-section-height-default\" data-id=\"f2fe4e7\" data-element_type=\"section\">\n\t\t\t\t\t\t<div class=\"elementor-container elementor-column-gap-default\">\n\t\t\t\t\t<div class=\"elementor-column elementor-col-100 elementor-top-column elementor-element elementor-element-2a2f855\" data-id=\"2a2f855\" data-element_type=\"column\">\n\t\t\t<div class=\"elementor-widget-wrap elementor-element-populated\">\n\t\t\t\t\t\t<div class=\"elementor-element elementor-element-659ae77 wd-width-100 elementor-widget elementor-widget-wd_title\" data-id=\"659ae77\" data-element_type=\"widget\" data-widget_type=\"wd_title.default\">\n\t\t\t\t<div class=\"elementor-widget-container\">\n\t\t\t\t\t\t\t<div class=\"title-wrapper wd-set-mb reset-last-child wd-title-color-default wd-title-style-default wd-title-size-default text-center\">\n\n\t\t\t\t\t\t\t\t\t\t\t<div class=\"title-subtitle subtitle-color-default subtitle-style-default wd-fontsize-xs\">\n\t\t\t\t\tVOIR NOTRE EXPOSITION\t\t\t\t<\/div>\n\t\t\t\n\t\t\t<div class=\"liner-continer\">\n\t\t\t\t<h4 class=\"woodmart-title-container title wd-fontsize-l\">Notre courte vid\u00e9o<\/h4> \n\t\t\t\t\t\t\t<\/div>\n\n\t\t\t\t\t\t\t<div class=\"title-after_title reset-last-child wd-fontsize-xs\">\n\t\t\t\t\t<p>Montrer la sc\u00e8ne d'utilisation du produit, vous donner plus de d\u00e9tails.<\/p>\t\t\t\t<\/div>\n\t\t\t\t\t<\/div>\n\t\t\t\t\t\t<\/div>\n\t\t\t\t<\/div>\n\t\t\t\t<div class=\"elementor-element elementor-element-8f707d8 elementor-widget elementor-widget-wd_testimonials\" data-id=\"8f707d8\" data-element_type=\"widget\" data-widget_type=\"wd_testimonials.default\">\n\t\t\t\t<div class=\"elementor-widget-container\">\n\t\t\t\t\t\t\t<div class=\"testimonials testimon-style-standard  color-scheme- testimon-align-center wd-carousel-container\" id=\"carousel-7395\">\n\t\t\t\t\t\t\t<div class=\"wd-carousel-inner\">\n\t\t\t\n\t\t\t<div class=\"wd-carousel wd-grid\" data-scroll_per_page=\"yes\" style=\"--wd-col-lg:2;--wd-col-md:2;--wd-col-sm:1;--wd-gap-lg:30px;--wd-gap-sm:10px;\">\n\t\t\t\t\t\t\t\t\t<div class=\"wd-carousel-wrap\">\n\t\t\t\t\n\t\t\t\t\t\t\t\t\t\n<div class=\"testimonial wd-carousel-item\">\n\t<div class=\"testimonial-inner\">\n\t\t\n\t\t<div class=\"testimonial-content\">\n\t\t\t<div class=\"testimonial-rating\">\n\t\t\t\t<span class=\"star-rating\">\n\t\t\t\t\t<span style=\"width:100%\"><\/span>\n\t\t\t\t<\/span>\n\t\t\t<\/div>\n\n\t\t\t<p><iframe  id=\"_ytid_22074\"  width=\"800\" height=\"450\"  data-origwidth=\"800\" data-origheight=\"450\"  data-relstop=\"1\" src=\"https:\/\/www.youtube.com\/embed\/CvtFJl1jPf0?enablejsapi=1&autoplay=0&cc_load_policy=1&cc_lang_pref=&iv_load_policy=3&loop=0&rel=0&fs=1&playsinline=0&autohide=2&theme=dark&color=red&controls=1&disablekb=0&\" class=\"__youtube_prefs__  no-lazyload\" title=\"Lecteur YouTube\"  allow=\"fullscreen; accelerometer; autoplay; clipboard-write; encrypted-media; gyroscope; picture-in-picture; web-share\" referrerpolicy=\"strict-origin-when-cross-origin\" allowfullscreen data-no-lazy=\"1\" data-skipgform_ajax_framebjll=\"\"><\/iframe><\/p>\n\t\t\t<footer>\n\t\t\t\t\n\t\t\t\t\t\t\t<\/footer>\n\t\t<\/div>\n\t<\/div>\n<\/div>\t\t\t\t\t\t\t\t\t\n<div class=\"testimonial wd-carousel-item\">\n\t<div class=\"testimonial-inner\">\n\t\t\n\t\t<div class=\"testimonial-content\">\n\t\t\t<div class=\"testimonial-rating\">\n\t\t\t\t<span class=\"star-rating\">\n\t\t\t\t\t<span style=\"width:100%\"><\/span>\n\t\t\t\t<\/span>\n\t\t\t<\/div>\n\n\t\t\t<p><iframe  id=\"_ytid_44489\"  width=\"800\" height=\"450\"  data-origwidth=\"800\" data-origheight=\"450\"  data-relstop=\"1\" src=\"https:\/\/www.youtube.com\/embed\/xCqWSbBzLqw?enablejsapi=1&autoplay=0&cc_load_policy=1&cc_lang_pref=&iv_load_policy=3&loop=0&rel=0&fs=1&playsinline=0&autohide=2&theme=dark&color=red&controls=1&disablekb=0&\" class=\"__youtube_prefs__  no-lazyload\" title=\"Lecteur YouTube\"  allow=\"fullscreen; accelerometer; autoplay; clipboard-write; encrypted-media; gyroscope; picture-in-picture; web-share\" referrerpolicy=\"strict-origin-when-cross-origin\" allowfullscreen data-no-lazy=\"1\" data-skipgform_ajax_framebjll=\"\"><\/iframe><\/p>\n\t\t\t<footer>\n\t\t\t\t\n\t\t\t\t\t\t\t<\/footer>\n\t\t<\/div>\n\t<\/div>\n<\/div>\t\t\t\t\t\t\t\t\t\n<div class=\"testimonial wd-carousel-item\">\n\t<div class=\"testimonial-inner\">\n\t\t\n\t\t<div class=\"testimonial-content\">\n\t\t\t<div class=\"testimonial-rating\">\n\t\t\t\t<span class=\"star-rating\">\n\t\t\t\t\t<span style=\"width:100%\"><\/span>\n\t\t\t\t<\/span>\n\t\t\t<\/div>\n\n\t\t\t<p><iframe  id=\"_ytid_75711\"  width=\"800\" height=\"450\"  data-origwidth=\"800\" data-origheight=\"450\"  data-relstop=\"1\" src=\"https:\/\/www.youtube.com\/embed\/ezbHhSvLS7s?enablejsapi=1&autoplay=0&cc_load_policy=1&cc_lang_pref=&iv_load_policy=3&loop=0&rel=0&fs=1&playsinline=0&autohide=2&theme=dark&color=red&controls=1&disablekb=0&\" class=\"__youtube_prefs__  no-lazyload\" title=\"Lecteur YouTube\"  allow=\"fullscreen; accelerometer; autoplay; clipboard-write; encrypted-media; gyroscope; picture-in-picture; web-share\" referrerpolicy=\"strict-origin-when-cross-origin\" allowfullscreen data-no-lazy=\"1\" data-skipgform_ajax_framebjll=\"\"><\/iframe><\/p>\n\t\t\t<footer>\n\t\t\t\t\n\t\t\t\t\t\t\t<\/footer>\n\t\t<\/div>\n\t<\/div>\n<\/div>\t\t\t\t\t\t\t\t\t\n<div class=\"testimonial wd-carousel-item\">\n\t<div class=\"testimonial-inner\">\n\t\t\n\t\t<div class=\"testimonial-content\">\n\t\t\t<div class=\"testimonial-rating\">\n\t\t\t\t<span class=\"star-rating\">\n\t\t\t\t\t<span style=\"width:100%\"><\/span>\n\t\t\t\t<\/span>\n\t\t\t<\/div>\n\n\t\t\t<p><iframe  id=\"_ytid_51586\"  width=\"800\" height=\"450\"  data-origwidth=\"800\" data-origheight=\"450\"  data-relstop=\"1\" src=\"https:\/\/www.youtube.com\/embed\/HWW4RVUAHN8?enablejsapi=1&autoplay=0&cc_load_policy=1&cc_lang_pref=&iv_load_policy=3&loop=0&rel=0&fs=1&playsinline=0&autohide=2&theme=dark&color=red&controls=1&disablekb=0&\" class=\"__youtube_prefs__  no-lazyload\" title=\"Lecteur YouTube\"  allow=\"fullscreen; accelerometer; autoplay; clipboard-write; encrypted-media; gyroscope; picture-in-picture; web-share\" referrerpolicy=\"strict-origin-when-cross-origin\" allowfullscreen data-no-lazy=\"1\" data-skipgform_ajax_framebjll=\"\"><\/iframe><\/p>\n\t\t\t<footer>\n\t\t\t\t\n\t\t\t\t\t\t\t<\/footer>\n\t\t<\/div>\n\t<\/div>\n<\/div>\t\t\t\t\t\t\t\t\t\n<div class=\"testimonial wd-carousel-item\">\n\t<div class=\"testimonial-inner\">\n\t\t\n\t\t<div class=\"testimonial-content\">\n\t\t\t<div class=\"testimonial-rating\">\n\t\t\t\t<span class=\"star-rating\">\n\t\t\t\t\t<span style=\"width:100%\"><\/span>\n\t\t\t\t<\/span>\n\t\t\t<\/div>\n\n\t\t\t<p><iframe  id=\"_ytid_53314\"  width=\"800\" height=\"450\"  data-origwidth=\"800\" data-origheight=\"450\"  data-relstop=\"1\" src=\"https:\/\/www.youtube.com\/embed\/-jwnHcjSzZ0?enablejsapi=1&autoplay=0&cc_load_policy=1&cc_lang_pref=&iv_load_policy=3&loop=0&rel=0&fs=1&playsinline=0&autohide=2&theme=dark&color=red&controls=1&disablekb=0&\" class=\"__youtube_prefs__  no-lazyload\" title=\"Lecteur YouTube\"  allow=\"fullscreen; accelerometer; autoplay; clipboard-write; encrypted-media; gyroscope; picture-in-picture; web-share\" referrerpolicy=\"strict-origin-when-cross-origin\" allowfullscreen data-no-lazy=\"1\" data-skipgform_ajax_framebjll=\"\"><\/iframe><\/p>\n\t\t\t<footer>\n\t\t\t\t\n\t\t\t\t\t\t\t<\/footer>\n\t\t<\/div>\n\t<\/div>\n<\/div>\t\t\t\t\n\t\t\t\t\t\t\t\t\t<\/div>\n\t\t\t\t\t\t\t<\/div>\n\t\t\t\t\t\t\t\t\t\t\t\t\t\t<div class=\"wd-nav-arrows wd-pos-sep wd-hover-1 wd-icon-1\">\n\t\t\t<div class=\"wd-btn-arrow wd-prev wd-disabled\">\n\t\t\t\t<div class=\"wd-arrow-inner\"><\/div>\n\t\t\t<\/div>\n\t\t\t<div class=\"wd-btn-arrow wd-next\">\n\t\t\t\t<div class=\"wd-arrow-inner\"><\/div>\n\t\t\t<\/div>\n\t\t<\/div>\n\t\t\t\t\t\t\n\t\t\t\t<\/div>\n\n\t\t\t\t\t\t<div class=\"wd-nav-pagin-wrap text-center wd-style-shape wd-hide-md-sm wd-hide-sm\">\n\t\t\t<ul class=\"wd-nav-pagin\"><\/ul>\n\t\t<\/div>\n\t\t\t\t\t\t\t\t\t\t\t<\/div>\n\t\t\t\t\t\t<\/div>\n\t\t\t\t<\/div>\n\t\t\t\t\t<\/div>\n\t\t<\/div>\n\t\t\t\t\t<\/div>\n\t\t<\/section>\n\t\t\t\t<\/div>","protected":false},"excerpt":{"rendered":"<p>&#8220;<strong>Vous cherchez le compagnon c\u00e2lin id\u00e9al ?<\/strong> D\u00e9couvrez la peluche Cute Bunny - la solution id\u00e9ale pour ajouter de la chaleur et de la joie \u00e0 chaque instant. Am\u00e9liorez votre confort et embrassez la mignonnerie d\u00e8s aujourd'hui ! Achetez maintenant pour une livraison gratuite et obtenez 30% de r\u00e9duction !\"<\/p>","protected":false},"featured_media":14637,"comment_status":"open","ping_status":"closed","template":"","meta":{"_acf_changed":false},"product_brand":[],"product_cat":[509],"product_tag":[517,519,518,516],"class_list":{"0":"post-14144","1":"product","2":"type-product","3":"status-publish","4":"has-post-thumbnail","6":"product_cat-best-baby-toys","7":"product_tag-bunny-stuffed-plush-toy","8":"product_tag-bunny-toys-for-kids","9":"product_tag-easter-bunny-stuffed-animal","10":"product_tag-plush-doll-gift-for-kids","12":"first","13":"instock","14":"taxable","15":"shipping-taxable","16":"purchasable","17":"product-type-variable","18":"wvs-archive-product-wrapper"},"acf":[],"_links":{"self":[{"href":"https:\/\/babyvk.com\/fr\/wp-json\/wp\/v2\/product\/14144","targetHints":{"allow":["GET"]}}],"collection":[{"href":"https:\/\/babyvk.com\/fr\/wp-json\/wp\/v2\/product"}],"about":[{"href":"https:\/\/babyvk.com\/fr\/wp-json\/wp\/v2\/types\/product"}],"replies":[{"embeddable":true,"href":"https:\/\/babyvk.com\/fr\/wp-json\/wp\/v2\/comments?post=14144"}],"version-history":[{"count":0,"href":"https:\/\/babyvk.com\/fr\/wp-json\/wp\/v2\/product\/14144\/revisions"}],"wp:featuredmedia":[{"embeddable":true,"href":"https:\/\/babyvk.com\/fr\/wp-json\/wp\/v2\/media\/14637"}],"wp:attachment":[{"href":"https:\/\/babyvk.com\/fr\/wp-json\/wp\/v2\/media?parent=14144"}],"wp:term":[{"taxonomy":"product_brand","embeddable":true,"href":"https:\/\/babyvk.com\/fr\/wp-json\/wp\/v2\/product_brand?post=14144"},{"taxonomy":"product_cat","embeddable":true,"href":"https:\/\/babyvk.com\/fr\/wp-json\/wp\/v2\/product_cat?post=14144"},{"taxonomy":"product_tag","embeddable":true,"href":"https:\/\/babyvk.com\/fr\/wp-json\/wp\/v2\/product_tag?post=14144"}],"curies":[{"name":"wp","href":"https:\/\/api.w.org\/{rel}","templated":true}]}}