{"id":13943,"date":"2023-05-13T18:50:07","date_gmt":"2023-05-13T18:50:07","guid":{"rendered":"https:\/\/babyvk.com\/?post_type=product&#038;p=13943"},"modified":"2025-09-08T17:04:41","modified_gmt":"2025-09-08T17:04:41","slug":"potty-training-urinal-for-boys","status":"publish","type":"product","link":"https:\/\/babyvk.com\/fr\/product\/potty-training-urinal-for-boys\/","title":{"rendered":"Urinoir d'apprentissage de la propret\u00e9 pour gar\u00e7ons"},"content":{"rendered":"<div data-elementor-type=\"product-post\" data-elementor-id=\"13943\" class=\"elementor elementor-13943\" data-elementor-post-type=\"product\">\n\t\t\t\t\t\t<section class=\"elementor-section elementor-top-section elementor-element elementor-element-ba39e7e elementor-section-boxed elementor-section-height-default elementor-section-height-default\" data-id=\"ba39e7e\" data-element_type=\"section\">\n\t\t\t\t\t\t<div class=\"elementor-container elementor-column-gap-default\">\n\t\t\t\t\t<div class=\"elementor-column elementor-col-100 elementor-top-column elementor-element elementor-element-f25df86\" data-id=\"f25df86\" data-element_type=\"column\">\n\t\t\t<div class=\"elementor-widget-wrap elementor-element-populated\">\n\t\t\t\t\t\t<div class=\"elementor-element elementor-element-6167aa0 elementor-widget elementor-widget-wd_text_block\" data-id=\"6167aa0\" data-element_type=\"widget\" data-widget_type=\"wd_text_block.default\">\n\t\t\t\t<div class=\"elementor-widget-container\">\n\t\t\t\t\t\t\t<div class=\"wd-text-block reset-last-child text-left\">\n\t\t\t\n\t\t\t<p><span style=\"color: #000000; font-size: 14pt;\"><strong>Description du produit :<\/strong><\/span><\/p><p>Nous vous pr\u00e9sentons notre incroyable urinoir d'apprentissage de la propret\u00e9 pour b\u00e9b\u00e9, un outil indispensable pour tous les parents qui souhaitent faire de l'apprentissage de la propret\u00e9 un jeu d'enfant ! Nous avons con\u00e7u ce produit avec le plus grand soin et la plus grande attention aux d\u00e9tails, en veillant \u00e0 ce qu'il offre une exp\u00e9rience exceptionnelle \u00e0 la fois pour vous et pour votre pr\u00e9cieux petit.<\/p><ol><li><b>Respectueux de l'environnement et s\u00fbr : <\/b><br \/>Fabriqu\u00e9 \u00e0 partir de mat\u00e9riaux de qualit\u00e9 sup\u00e9rieure et respectueux de l'environnement, notre urinoir d'apprentissage de la propret\u00e9 pour b\u00e9b\u00e9 est totalement non toxique et exempt d'odeurs d\u00e9sagr\u00e9ables. Vous pouvez avoir l'esprit tranquille en sachant qu'il pr\u00e9servera la sant\u00e9 et le bien-\u00eatre de votre b\u00e9b\u00e9 tout au long de son apprentissage de la propret\u00e9.<\/li><li><b>Nettoyage sans effort :<br \/><\/b>Gr\u00e2ce \u00e0 sa conception innovante de s\u00e9paration des sillons d'urine et \u00e0 sa surface lisse, il n'a jamais \u00e9t\u00e9 aussi facile de nettoyer le pot de votre b\u00e9b\u00e9. Il suffit d'essuyer la surface et de dire adieu aux salissures persistantes. Notre urinoir d'apprentissage de la propret\u00e9 pour b\u00e9b\u00e9 est con\u00e7u pour vous simplifier la vie tout en faisant de l'hygi\u00e8ne une priorit\u00e9 absolue.<\/li><li><b>Conception de grenouilles captivantes :<br \/><\/b>Dites adieu aux difficult\u00e9s de convaincre votre b\u00e9b\u00e9 d'utiliser le pot ! Notre urinoir d'apprentissage de la propret\u00e9 pour b\u00e9b\u00e9 est dot\u00e9 d'une adorable grenouille et d'un charmant moulin \u00e0 vent rotatif. Ces ajouts charmants ne manqueront pas de captiver l'attention de votre b\u00e9b\u00e9, transformant l'heure du pot en une exp\u00e9rience excitante et agr\u00e9able. Fini la r\u00e9sistance ou la r\u00e9ticence - votre b\u00e9b\u00e9 sera impatient d'utiliser sa petite grenouille !<\/li><li><b>S\u00e9curis\u00e9 et ajustable :<br \/><\/b>L'urinal d'apprentissage de la propret\u00e9 pour b\u00e9b\u00e9 est \u00e9quip\u00e9 d'une solide base \u00e0 ventouse qui assure la stabilit\u00e9 et emp\u00eache tout glissement ind\u00e9sirable. R\u00e9glez la hauteur de l'appareil en fonction des besoins de votre b\u00e9b\u00e9, afin de lui offrir un confort optimal pendant ses s\u00e9ances d'apprentissage de la propret\u00e9. Vous pouvez \u00eatre s\u00fbr que notre produit restera en place, permettant \u00e0 votre enfant de se concentrer sur ses progr\u00e8s en mati\u00e8re d'apprentissage de la propret\u00e9.<\/li><li><b>Capacit\u00e9 g\u00e9n\u00e9reuse :<br \/><\/b>Nous comprenons l'importance d'un pot d'apprentissage fiable, capable de supporter les journ\u00e9es les plus charg\u00e9es. C'est pourquoi notre urinoir d'apprentissage de la propret\u00e9 pour b\u00e9b\u00e9 est dot\u00e9 d'une grande capacit\u00e9, ce qui garantit que l'urine ne d\u00e9bordera pas et ne causera pas de d\u00e9g\u00e2ts inutiles. Soyez assur\u00e9 que notre produit est con\u00e7u pour r\u00e9pondre aux exigences de votre enfant en pleine croissance.<\/li><\/ol>\n\t\t\t\t\t<\/div>\n\t\t\t\t\t\t<\/div>\n\t\t\t\t<\/div>\n\t\t\t\t<div class=\"elementor-element elementor-element-1218843 elementor-widget elementor-widget-wd_text_block\" data-id=\"1218843\" data-element_type=\"widget\" data-widget_type=\"wd_text_block.default\">\n\t\t\t\t<div class=\"elementor-widget-container\">\n\t\t\t\t\t\t\t<div class=\"wd-text-block reset-last-child text-left\">\n\t\t\t\n\t\t\t<p><span style=\"color: #000000; font-size: 14pt;\"><strong>Sp\u00e9cification :<\/strong><\/span><\/p><ul><li><b>Mat\u00e9riaux : <\/b>Plastique<br \/><b><\/b><\/li><li><b>Th\u00e8me : <\/b>Urinoir grenouille<br \/><b><\/b><\/li><li><b>Couleur : <\/b>Caf\u00e9\/Bleu\/Orange\/Vert<br \/><b><\/b><\/li><li><b>Adapt\u00e9 :<\/b> Pour les enfants de 8 mois \u00e0 6 ans<br \/><b><\/b><\/li><li><b>Poids de l'emballage : <\/b>0,352 kg<br \/><b><\/b><\/li><li><b>Taille de l'emballage : <\/b>8 x 6 x 11 pouces<br \/><b><\/b><\/li><li><b>Contenu du paquet : <\/b>1 x Urinoir pour b\u00e9b\u00e9<\/li><\/ul>\n\t\t\t\t\t<\/div>\n\t\t\t\t\t\t<\/div>\n\t\t\t\t<\/div>\n\t\t\t\t\t<\/div>\n\t\t<\/div>\n\t\t\t\t\t<\/div>\n\t\t<\/section>\n\t\t\t\t<section class=\"elementor-section elementor-top-section elementor-element elementor-element-caf69e6 elementor-section-boxed elementor-section-height-default elementor-section-height-default\" data-id=\"caf69e6\" data-element_type=\"section\">\n\t\t\t\t\t\t<div class=\"elementor-container elementor-column-gap-default\">\n\t\t\t\t\t<div class=\"elementor-column elementor-col-50 elementor-top-column elementor-element elementor-element-6bc3c5e\" data-id=\"6bc3c5e\" data-element_type=\"column\">\n\t\t\t<div class=\"elementor-widget-wrap elementor-element-populated\">\n\t\t\t\t\t\t<div class=\"elementor-element elementor-element-d4de3eb elementor-widget elementor-widget-wd_image_or_svg\" data-id=\"d4de3eb\" data-element_type=\"widget\" data-widget_type=\"wd_image_or_svg.default\">\n\t\t\t\t<div class=\"elementor-widget-container\">\n\t\t\t\t\t\n\t\t<div class=\"wd-image text-left\">\n\t\t\t\t\t\t\t\t<img fetchpriority=\"high\" decoding=\"async\" width=\"1000\" height=\"1000\" src=\"https:\/\/babyvk.com\/wp-content\/uploads\/2023\/05\/potty-training-boys.webp\" class=\"attachment-full size-full wvs-archive-product-image\" alt=\"Urinoir d&#039;apprentissage de la propret\u00e9\" srcset=\"https:\/\/babyvk.com\/wp-content\/uploads\/2023\/05\/potty-training-boys.webp 1000w, https:\/\/babyvk.com\/wp-content\/uploads\/2023\/05\/potty-training-boys-30x30.webp 30w, https:\/\/babyvk.com\/wp-content\/uploads\/2023\/05\/potty-training-boys-50x50.webp 50w, https:\/\/babyvk.com\/wp-content\/uploads\/2023\/05\/potty-training-boys-100x100.webp 100w, https:\/\/babyvk.com\/wp-content\/uploads\/2023\/05\/potty-training-boys-150x150.webp 150w, https:\/\/babyvk.com\/wp-content\/uploads\/2023\/05\/potty-training-boys-300x300.webp 300w, https:\/\/babyvk.com\/wp-content\/uploads\/2023\/05\/potty-training-boys-768x768.webp 768w, https:\/\/babyvk.com\/wp-content\/uploads\/2023\/05\/potty-training-boys-800x800.webp 800w, https:\/\/babyvk.com\/wp-content\/uploads\/2023\/05\/potty-training-boys-860x860.webp 860w, https:\/\/babyvk.com\/wp-content\/uploads\/2023\/05\/potty-training-boys-500x500.webp 500w, https:\/\/babyvk.com\/wp-content\/uploads\/2023\/05\/potty-training-boys-430x430.webp 430w, https:\/\/babyvk.com\/wp-content\/uploads\/2023\/05\/potty-training-boys-700x700.webp 700w\" sizes=\"(max-width: 1000px) 100vw, 1000px\" title=\"\">\t\t\t\t\t<\/div>\n\n\t\t\t\t\t\t<\/div>\n\t\t\t\t<\/div>\n\t\t\t\t\t<\/div>\n\t\t<\/div>\n\t\t\t\t<div class=\"elementor-column elementor-col-50 elementor-top-column elementor-element elementor-element-5c53899\" data-id=\"5c53899\" data-element_type=\"column\">\n\t\t\t<div class=\"elementor-widget-wrap elementor-element-populated\">\n\t\t\t\t\t\t<div class=\"elementor-element elementor-element-77dcd90 elementor-widget elementor-widget-wd_image_or_svg\" data-id=\"77dcd90\" data-element_type=\"widget\" data-widget_type=\"wd_image_or_svg.default\">\n\t\t\t\t<div class=\"elementor-widget-container\">\n\t\t\t\t\t\n\t\t<div class=\"wd-image text-left\">\n\t\t\t\t\t\t\t\t<img decoding=\"async\" width=\"1000\" height=\"1000\" src=\"https:\/\/babyvk.com\/wp-content\/uploads\/2023\/05\/boys-peeing.webp\" class=\"attachment-full size-full wvs-archive-product-image\" alt=\"Le meilleur apprentissage de la propret\u00e9 pour les gar\u00e7ons\" srcset=\"https:\/\/babyvk.com\/wp-content\/uploads\/2023\/05\/boys-peeing.webp 1000w, https:\/\/babyvk.com\/wp-content\/uploads\/2023\/05\/boys-peeing-30x30.webp 30w, https:\/\/babyvk.com\/wp-content\/uploads\/2023\/05\/boys-peeing-50x50.webp 50w, https:\/\/babyvk.com\/wp-content\/uploads\/2023\/05\/boys-peeing-100x100.webp 100w, https:\/\/babyvk.com\/wp-content\/uploads\/2023\/05\/boys-peeing-150x150.webp 150w, https:\/\/babyvk.com\/wp-content\/uploads\/2023\/05\/boys-peeing-300x300.webp 300w, https:\/\/babyvk.com\/wp-content\/uploads\/2023\/05\/boys-peeing-768x768.webp 768w, https:\/\/babyvk.com\/wp-content\/uploads\/2023\/05\/boys-peeing-800x800.webp 800w, https:\/\/babyvk.com\/wp-content\/uploads\/2023\/05\/boys-peeing-860x860.webp 860w, https:\/\/babyvk.com\/wp-content\/uploads\/2023\/05\/boys-peeing-500x500.webp 500w, https:\/\/babyvk.com\/wp-content\/uploads\/2023\/05\/boys-peeing-430x430.webp 430w, https:\/\/babyvk.com\/wp-content\/uploads\/2023\/05\/boys-peeing-700x700.webp 700w\" sizes=\"(max-width: 1000px) 100vw, 1000px\" title=\"\">\t\t\t\t\t<\/div>\n\n\t\t\t\t\t\t<\/div>\n\t\t\t\t<\/div>\n\t\t\t\t\t<\/div>\n\t\t<\/div>\n\t\t\t\t\t<\/div>\n\t\t<\/section>\n\t\t\t\t<section class=\"elementor-section elementor-top-section elementor-element elementor-element-c73a545 elementor-section-boxed elementor-section-height-default elementor-section-height-default\" data-id=\"c73a545\" data-element_type=\"section\">\n\t\t\t\t\t\t<div class=\"elementor-container elementor-column-gap-default\">\n\t\t\t\t\t<div class=\"elementor-column elementor-col-100 elementor-top-column elementor-element elementor-element-1549f51\" data-id=\"1549f51\" data-element_type=\"column\">\n\t\t\t<div class=\"elementor-widget-wrap elementor-element-populated\">\n\t\t\t\t\t\t<div class=\"elementor-element elementor-element-2b16c09 color-scheme-inherit text-left elementor-widget elementor-widget-text-editor\" data-id=\"2b16c09\" data-element_type=\"widget\" data-widget_type=\"text-editor.default\">\n\t\t\t\t<div class=\"elementor-widget-container\">\n\t\t\t\t\t\t\t\t\t<p>Faites de l'apprentissage de la propret\u00e9 une exp\u00e9rience joyeuse et r\u00e9ussie pour vous et votre b\u00e9b\u00e9 gr\u00e2ce \u00e0 notre exceptionnel urinoir d'apprentissage de la propret\u00e9 pour b\u00e9b\u00e9. Investissez dans ce produit innovant et fiable, et observez votre enfant passer en toute confiance \u00e0 l'utilisation autonome du pot. Dites adieu au stress et bonjour \u00e0 la r\u00e9ussite !<\/p>\t\t\t\t\t\t\t\t<\/div>\n\t\t\t\t<\/div>\n\t\t\t\t\t<\/div>\n\t\t<\/div>\n\t\t\t\t\t<\/div>\n\t\t<\/section>\n\t\t\t\t<section class=\"wd-negative-gap elementor-section elementor-top-section elementor-element elementor-element-ac2c6e4 elementor-section-boxed elementor-section-height-default elementor-section-height-default\" data-id=\"ac2c6e4\" data-element_type=\"section\">\n\t\t\t\t\t\t<div class=\"elementor-container elementor-column-gap-default\">\n\t\t\t\t\t<div class=\"elementor-column elementor-col-100 elementor-top-column elementor-element elementor-element-305c1c6\" data-id=\"305c1c6\" data-element_type=\"column\">\n\t\t\t<div class=\"elementor-widget-wrap elementor-element-populated\">\n\t\t\t\t\t\t<div class=\"elementor-element elementor-element-58c1418 wd-width-100 elementor-widget elementor-widget-wd_title\" data-id=\"58c1418\" data-element_type=\"widget\" data-widget_type=\"wd_title.default\">\n\t\t\t\t<div class=\"elementor-widget-container\">\n\t\t\t\t\t\t\t<div class=\"title-wrapper wd-set-mb reset-last-child wd-title-color-default wd-title-style-default wd-title-size-default text-center\">\n\n\t\t\t\t\t\t\t\t\t\t\t<div class=\"title-subtitle subtitle-color-default subtitle-style-default wd-fontsize-xs\">\n\t\t\t\t\tVOIR NOTRE EXPOSITION\t\t\t\t<\/div>\n\t\t\t\n\t\t\t<div class=\"liner-continer\">\n\t\t\t\t<h4 class=\"woodmart-title-container title wd-fontsize-l\">Notre courte vid\u00e9o<\/h4> \n\t\t\t\t\t\t\t<\/div>\n\n\t\t\t\t\t\t\t<div class=\"title-after_title reset-last-child wd-fontsize-xs\">\n\t\t\t\t\t<p>Montrer la sc\u00e8ne d'utilisation du produit, vous donner plus de d\u00e9tails.<\/p>\t\t\t\t<\/div>\n\t\t\t\t\t<\/div>\n\t\t\t\t\t\t<\/div>\n\t\t\t\t<\/div>\n\t\t\t\t<div class=\"elementor-element elementor-element-8b12d1c elementor-widget elementor-widget-wd_testimonials\" data-id=\"8b12d1c\" data-element_type=\"widget\" data-widget_type=\"wd_testimonials.default\">\n\t\t\t\t<div class=\"elementor-widget-container\">\n\t\t\t\t\t\t\t<div class=\"testimonials testimon-style-standard  color-scheme- testimon-align-center wd-carousel-container\" id=\"carousel-6141\">\n\t\t\t\t\t\t\t<div class=\"wd-carousel-inner\">\n\t\t\t\n\t\t\t<div class=\"wd-carousel wd-grid\" data-scroll_per_page=\"yes\" style=\"--wd-col-lg:2;--wd-col-md:2;--wd-col-sm:1;--wd-gap-lg:30px;--wd-gap-sm:10px;\">\n\t\t\t\t\t\t\t\t\t<div class=\"wd-carousel-wrap\">\n\t\t\t\t\n\t\t\t\t\t\t\t\t\t\n<div class=\"testimonial wd-carousel-item\">\n\t<div class=\"testimonial-inner\">\n\t\t\n\t\t<div class=\"testimonial-content\">\n\t\t\t<div class=\"testimonial-rating\">\n\t\t\t\t<span class=\"star-rating\">\n\t\t\t\t\t<span style=\"width:100%\"><\/span>\n\t\t\t\t<\/span>\n\t\t\t<\/div>\n\n\t\t\t<p><iframe  id=\"_ytid_20745\"  width=\"800\" height=\"450\"  data-origwidth=\"800\" data-origheight=\"450\"  data-relstop=\"1\" src=\"https:\/\/www.youtube.com\/embed\/6ue7rca2U38?enablejsapi=1&autoplay=0&cc_load_policy=1&cc_lang_pref=&iv_load_policy=3&loop=0&rel=0&fs=1&playsinline=0&autohide=2&theme=dark&color=red&controls=1&disablekb=0&\" class=\"__youtube_prefs__  no-lazyload\" title=\"Lecteur YouTube\"  allow=\"fullscreen; accelerometer; autoplay; clipboard-write; encrypted-media; gyroscope; picture-in-picture; web-share\" referrerpolicy=\"strict-origin-when-cross-origin\" allowfullscreen data-no-lazy=\"1\" data-skipgform_ajax_framebjll=\"\"><\/iframe><\/p>\n\t\t\t<footer>\n\t\t\t\t\n\t\t\t\t\t\t\t<\/footer>\n\t\t<\/div>\n\t<\/div>\n<\/div>\t\t\t\t\t\t\t\t\t\n<div class=\"testimonial wd-carousel-item\">\n\t<div class=\"testimonial-inner\">\n\t\t\n\t\t<div class=\"testimonial-content\">\n\t\t\t<div class=\"testimonial-rating\">\n\t\t\t\t<span class=\"star-rating\">\n\t\t\t\t\t<span style=\"width:100%\"><\/span>\n\t\t\t\t<\/span>\n\t\t\t<\/div>\n\n\t\t\t<p><iframe  id=\"_ytid_50440\"  width=\"800\" height=\"450\"  data-origwidth=\"800\" data-origheight=\"450\"  data-relstop=\"1\" src=\"https:\/\/www.youtube.com\/embed\/Sud-V5cVW3g?enablejsapi=1&autoplay=0&cc_load_policy=1&cc_lang_pref=&iv_load_policy=3&loop=0&rel=0&fs=1&playsinline=0&autohide=2&theme=dark&color=red&controls=1&disablekb=0&\" class=\"__youtube_prefs__  no-lazyload\" title=\"Lecteur YouTube\"  allow=\"fullscreen; accelerometer; autoplay; clipboard-write; encrypted-media; gyroscope; picture-in-picture; web-share\" referrerpolicy=\"strict-origin-when-cross-origin\" allowfullscreen data-no-lazy=\"1\" data-skipgform_ajax_framebjll=\"\"><\/iframe><\/p>\n\t\t\t<footer>\n\t\t\t\t\n\t\t\t\t\t\t\t<\/footer>\n\t\t<\/div>\n\t<\/div>\n<\/div>\t\t\t\t\t\t\t\t\t\n<div class=\"testimonial wd-carousel-item\">\n\t<div class=\"testimonial-inner\">\n\t\t\n\t\t<div class=\"testimonial-content\">\n\t\t\t<div class=\"testimonial-rating\">\n\t\t\t\t<span class=\"star-rating\">\n\t\t\t\t\t<span style=\"width:100%\"><\/span>\n\t\t\t\t<\/span>\n\t\t\t<\/div>\n\n\t\t\t<p><iframe  id=\"_ytid_85707\"  width=\"800\" height=\"450\"  data-origwidth=\"800\" data-origheight=\"450\"  data-relstop=\"1\" src=\"https:\/\/www.youtube.com\/embed\/-LXM-3GtSBQ?enablejsapi=1&autoplay=0&cc_load_policy=1&cc_lang_pref=&iv_load_policy=3&loop=0&rel=0&fs=1&playsinline=0&autohide=2&theme=dark&color=red&controls=1&disablekb=0&\" class=\"__youtube_prefs__  no-lazyload\" title=\"Lecteur YouTube\"  allow=\"fullscreen; accelerometer; autoplay; clipboard-write; encrypted-media; gyroscope; picture-in-picture; web-share\" referrerpolicy=\"strict-origin-when-cross-origin\" allowfullscreen data-no-lazy=\"1\" data-skipgform_ajax_framebjll=\"\"><\/iframe><\/p>\n\t\t\t<footer>\n\t\t\t\t\n\t\t\t\t\t\t\t<\/footer>\n\t\t<\/div>\n\t<\/div>\n<\/div>\t\t\t\t\t\t\t\t\t\n<div class=\"testimonial wd-carousel-item\">\n\t<div class=\"testimonial-inner\">\n\t\t\n\t\t<div class=\"testimonial-content\">\n\t\t\t<div class=\"testimonial-rating\">\n\t\t\t\t<span class=\"star-rating\">\n\t\t\t\t\t<span style=\"width:100%\"><\/span>\n\t\t\t\t<\/span>\n\t\t\t<\/div>\n\n\t\t\t<p><iframe  id=\"_ytid_62051\"  width=\"800\" height=\"450\"  data-origwidth=\"800\" data-origheight=\"450\"  data-relstop=\"1\" src=\"https:\/\/www.youtube.com\/embed\/lZrmI1cXa_c?enablejsapi=1&autoplay=0&cc_load_policy=1&cc_lang_pref=&iv_load_policy=3&loop=0&rel=0&fs=1&playsinline=0&autohide=2&theme=dark&color=red&controls=1&disablekb=0&\" class=\"__youtube_prefs__  no-lazyload\" title=\"Lecteur YouTube\"  allow=\"fullscreen; accelerometer; autoplay; clipboard-write; encrypted-media; gyroscope; picture-in-picture; web-share\" referrerpolicy=\"strict-origin-when-cross-origin\" allowfullscreen data-no-lazy=\"1\" data-skipgform_ajax_framebjll=\"\"><\/iframe><\/p>\n\t\t\t<footer>\n\t\t\t\t\n\t\t\t\t\t\t\t<\/footer>\n\t\t<\/div>\n\t<\/div>\n<\/div>\t\t\t\t\t\t\t\t\t\n<div class=\"testimonial wd-carousel-item\">\n\t<div class=\"testimonial-inner\">\n\t\t\n\t\t<div class=\"testimonial-content\">\n\t\t\t<div class=\"testimonial-rating\">\n\t\t\t\t<span class=\"star-rating\">\n\t\t\t\t\t<span style=\"width:100%\"><\/span>\n\t\t\t\t<\/span>\n\t\t\t<\/div>\n\n\t\t\t<p><iframe  id=\"_ytid_70568\"  width=\"800\" height=\"450\"  data-origwidth=\"800\" data-origheight=\"450\"  data-relstop=\"1\" src=\"https:\/\/www.youtube.com\/embed\/GMJ-TgYV5qs?enablejsapi=1&autoplay=0&cc_load_policy=1&cc_lang_pref=&iv_load_policy=3&loop=0&rel=0&fs=1&playsinline=0&autohide=2&theme=dark&color=red&controls=1&disablekb=0&\" class=\"__youtube_prefs__  no-lazyload\" title=\"Lecteur YouTube\"  allow=\"fullscreen; accelerometer; autoplay; clipboard-write; encrypted-media; gyroscope; picture-in-picture; web-share\" referrerpolicy=\"strict-origin-when-cross-origin\" allowfullscreen data-no-lazy=\"1\" data-skipgform_ajax_framebjll=\"\"><\/iframe><\/p>\n\t\t\t<footer>\n\t\t\t\t\n\t\t\t\t\t\t\t<\/footer>\n\t\t<\/div>\n\t<\/div>\n<\/div>\t\t\t\t\n\t\t\t\t\t\t\t\t\t<\/div>\n\t\t\t\t\t\t\t<\/div>\n\t\t\t\t\t\t\t\t\t\t\t\t\t\t<div class=\"wd-nav-arrows wd-pos-sep wd-hover-1 wd-icon-1\">\n\t\t\t<div class=\"wd-btn-arrow wd-prev wd-disabled\">\n\t\t\t\t<div class=\"wd-arrow-inner\"><\/div>\n\t\t\t<\/div>\n\t\t\t<div class=\"wd-btn-arrow wd-next\">\n\t\t\t\t<div class=\"wd-arrow-inner\"><\/div>\n\t\t\t<\/div>\n\t\t<\/div>\n\t\t\t\t\t\t\n\t\t\t\t<\/div>\n\n\t\t\t\t\t\t<div class=\"wd-nav-pagin-wrap text-center wd-style-shape wd-hide-md-sm wd-hide-sm\">\n\t\t\t<ul class=\"wd-nav-pagin\"><\/ul>\n\t\t<\/div>\n\t\t\t\t\t\t\t\t\t\t\t<\/div>\n\t\t\t\t\t\t<\/div>\n\t\t\t\t<\/div>\n\t\t\t\t\t<\/div>\n\t\t<\/div>\n\t\t\t\t\t<\/div>\n\t\t<\/section>\n\t\t\t\t<\/div>","protected":false},"excerpt":{"rendered":"<p>&#8220;<strong>Vous cherchez une solution efficace pour apprendre la propret\u00e9 \u00e0 vos gar\u00e7ons ?<\/strong> Voici notre Urinoir d'apprentissage de la propret\u00e9 sur pied pour gar\u00e7ons ! Dites adieu au d\u00e9sordre et aux tracas - notre produit rend l'entra\u00eenement amusant et facile. Magasinez maintenant pour une livraison gratuite et obtenez 30% de rabais !\"<\/p>","protected":false},"featured_media":13941,"comment_status":"open","ping_status":"closed","template":"","meta":{"_acf_changed":false},"product_brand":[],"product_cat":[29],"product_tag":[258,259,256,257,254,255],"class_list":{"0":"post-13943","1":"product","2":"type-product","3":"status-publish","4":"has-post-thumbnail","6":"product_cat-best-baby-care","7":"product_tag-boys-potty","8":"product_tag-potties-for-boys","9":"product_tag-potty-training-boys","10":"product_tag-potty-training-for-boys","11":"product_tag-potty-training-urinal","12":"product_tag-toddler-urinal","14":"first","15":"instock","16":"sale","17":"taxable","18":"shipping-taxable","19":"purchasable","20":"product-type-variable","21":"wvs-archive-product-wrapper"},"acf":[],"_links":{"self":[{"href":"https:\/\/babyvk.com\/fr\/wp-json\/wp\/v2\/product\/13943","targetHints":{"allow":["GET"]}}],"collection":[{"href":"https:\/\/babyvk.com\/fr\/wp-json\/wp\/v2\/product"}],"about":[{"href":"https:\/\/babyvk.com\/fr\/wp-json\/wp\/v2\/types\/product"}],"replies":[{"embeddable":true,"href":"https:\/\/babyvk.com\/fr\/wp-json\/wp\/v2\/comments?post=13943"}],"version-history":[{"count":0,"href":"https:\/\/babyvk.com\/fr\/wp-json\/wp\/v2\/product\/13943\/revisions"}],"wp:featuredmedia":[{"embeddable":true,"href":"https:\/\/babyvk.com\/fr\/wp-json\/wp\/v2\/media\/13941"}],"wp:attachment":[{"href":"https:\/\/babyvk.com\/fr\/wp-json\/wp\/v2\/media?parent=13943"}],"wp:term":[{"taxonomy":"product_brand","embeddable":true,"href":"https:\/\/babyvk.com\/fr\/wp-json\/wp\/v2\/product_brand?post=13943"},{"taxonomy":"product_cat","embeddable":true,"href":"https:\/\/babyvk.com\/fr\/wp-json\/wp\/v2\/product_cat?post=13943"},{"taxonomy":"product_tag","embeddable":true,"href":"https:\/\/babyvk.com\/fr\/wp-json\/wp\/v2\/product_tag?post=13943"}],"curies":[{"name":"wp","href":"https:\/\/api.w.org\/{rel}","templated":true}]}}