{"id":13698,"date":"2023-05-09T17:36:42","date_gmt":"2023-05-09T17:36:42","guid":{"rendered":"https:\/\/babyvk.com\/?post_type=product&#038;p=13698"},"modified":"2025-03-10T20:03:37","modified_gmt":"2025-03-10T20:03:37","slug":"motherly-baby-diaper-bag","status":"publish","type":"product","link":"https:\/\/babyvk.com\/fr\/product\/motherly-baby-diaper-bag\/","title":{"rendered":"Sac \u00e0 langer maternel"},"content":{"rendered":"<div data-elementor-type=\"product-post\" data-elementor-id=\"13698\" class=\"elementor elementor-13698\" data-elementor-post-type=\"product\">\n\t\t\t\t\t\t<section class=\"wd-negative-gap elementor-section elementor-top-section elementor-element elementor-element-eeaa63a elementor-section-boxed elementor-section-height-default elementor-section-height-default\" data-id=\"eeaa63a\" data-element_type=\"section\">\n\t\t\t\t\t\t<div class=\"elementor-container elementor-column-gap-default\">\n\t\t\t\t\t<div class=\"elementor-column elementor-col-100 elementor-top-column elementor-element elementor-element-1a0c12f\" data-id=\"1a0c12f\" data-element_type=\"column\">\n\t\t\t<div class=\"elementor-widget-wrap elementor-element-populated\">\n\t\t\t\t\t\t<div class=\"elementor-element elementor-element-990efb1 elementor-widget elementor-widget-wd_text_block\" data-id=\"990efb1\" data-element_type=\"widget\" data-widget_type=\"wd_text_block.default\">\n\t\t\t\t<div class=\"elementor-widget-container\">\n\t\t\t\t\t\t\t<div class=\"wd-text-block reset-last-child text-left\">\n\t\t\t\n\t\t\t<p><strong>Description du produit :<\/strong><\/p><p>Dites adieu aux sacs \u00e0 langer encombrants et encombr\u00e9s ! Notre sac \u00e0 couches compact Motherly Baby est la solution ultime pour les mamans occup\u00e9es. Il offre un vaste espace de rangement, des compartiments organis\u00e9s et un design \u00e9l\u00e9gant. Simplifiez vos sorties avec notre sac \u00e0 couches et profitez d'une parentalit\u00e9 sans stress ! \ud83c\udf92\ud83d\udc76\ud83c\udf7c<\/p>\n\t\t\t\t\t<\/div>\n\t\t\t\t\t\t<\/div>\n\t\t\t\t<\/div>\n\t\t\t\t\t<\/div>\n\t\t<\/div>\n\t\t\t\t\t<\/div>\n\t\t<\/section>\n\t\t\t\t<section class=\"wd-negative-gap elementor-section elementor-top-section elementor-element elementor-element-8a5fe29 elementor-section-boxed elementor-section-height-default elementor-section-height-default\" data-id=\"8a5fe29\" data-element_type=\"section\">\n\t\t\t\t\t\t<div class=\"elementor-container elementor-column-gap-default\">\n\t\t\t\t\t<div class=\"elementor-column elementor-col-100 elementor-top-column elementor-element elementor-element-404fa1c\" data-id=\"404fa1c\" data-element_type=\"column\">\n\t\t\t<div class=\"elementor-widget-wrap elementor-element-populated\">\n\t\t\t\t\t\t<div class=\"elementor-element elementor-element-bc233ef elementor-widget elementor-widget-wd_text_block\" data-id=\"bc233ef\" data-element_type=\"widget\" data-widget_type=\"wd_text_block.default\">\n\t\t\t\t<div class=\"elementor-widget-container\">\n\t\t\t\t\t\t\t<div class=\"wd-text-block reset-last-child text-left\">\n\t\t\t\n\t\t\t<p><strong>Caract\u00e9ristiques :<\/strong><\/p><ul><li><b>Taille compacte :<\/b> Ce sac \u00e0 langer Motherly Baby est parfait pour les mamans qui ont besoin de transporter tous les articles essentiels pour leur b\u00e9b\u00e9, mais qui ne veulent pas s'encombrer d'un sac trop volumineux.<\/li><li><b>Espace suffisant :<\/b> Avec deux poches en filet suppl\u00e9mentaires, ce sac \u00e0 langer offre beaucoup d'espace pour les couches, les lingettes, les biberons et autres n\u00e9cessit\u00e9s de votre b\u00e9b\u00e9.<\/li><li><b>\u00c9l\u00e9gant et polyvalent : <\/b>Avec une vari\u00e9t\u00e9 de couleurs au choix, ce sac \u00e0 langer Motherly n'est pas seulement fonctionnel, il est aussi \u00e0 la mode, ce qui vous permet de l'assortir \u00e0 n'importe quelle tenue ou \u00e0 n'importe quelle poussette.<\/li><li><b>Durable et l\u00e9ger :<\/b> Fabriqu\u00e9 avec des mat\u00e9riaux de haute qualit\u00e9, ce sac \u00e0 langer est \u00e0 la fois robuste et l\u00e9ger, ce qui le rend facile \u00e0 transporter toute la journ\u00e9e.<\/li><li><b>Confortable et ergonomique : <\/b>La bandouli\u00e8re r\u00e9glable rend ce sac \u00e0 langer pour femmes confortable \u00e0 porter m\u00eame pendant de longues p\u00e9riodes, tandis que les poign\u00e9es robustes offrent des options de transport suppl\u00e9mentaires.<\/li><li><b>Polyvalent et d'un bon rapport qualit\u00e9-prix : <\/b>Ce sac \u00e0 langer polyvalent peut \u00e9galement servir de sac de voyage, de sac de sport ou m\u00eame de sac \u00e0 main ordinaire, ce qui en fait un excellent investissement pour toute maman \u00e0 la recherche d'un accessoire fonctionnel et \u00e9l\u00e9gant.<\/li><\/ul>\n\t\t\t\t\t<\/div>\n\t\t\t\t\t\t<\/div>\n\t\t\t\t<\/div>\n\t\t\t\t<div class=\"elementor-element elementor-element-b739489 elementor-widget elementor-widget-wd_text_block\" data-id=\"b739489\" data-element_type=\"widget\" data-widget_type=\"wd_text_block.default\">\n\t\t\t\t<div class=\"elementor-widget-container\">\n\t\t\t\t\t\t\t<div class=\"wd-text-block reset-last-child text-left\">\n\t\t\t\n\t\t\t<p><strong>Sp\u00e9cifications :<\/strong><\/p><ul><li>Nom du produit : Sac \u00e0 couches pour b\u00e9b\u00e9 maternel<\/li><li>Mati\u00e8re : Tissu imperm\u00e9able<\/li><li>Dimensions : 24 x 13 x 19 cm<\/li><li>Options de couleur : Beige\uff0cBlack\uff0cYellow\uff0cPink\uff0cPurple\uff0cRed<\/li><\/ul><p><strong>Paquet :<\/strong><\/p><ul><li>1 * Sac \u00e0 couches pour b\u00e9b\u00e9 maternel<\/li><\/ul>\n\t\t\t\t\t<\/div>\n\t\t\t\t\t\t<\/div>\n\t\t\t\t<\/div>\n\t\t\t\t<div class=\"elementor-element elementor-element-08f780a elementor-widget elementor-widget-wd_image_or_svg\" data-id=\"08f780a\" data-element_type=\"widget\" data-widget_type=\"wd_image_or_svg.default\">\n\t\t\t\t<div class=\"elementor-widget-container\">\n\t\t\t\t\t\n\t\t<div class=\"wd-image text-left\">\n\t\t\t\t\t\t\t\t<img fetchpriority=\"high\" decoding=\"async\" width=\"800\" height=\"800\" src=\"https:\/\/babyvk.com\/wp-content\/uploads\/2023\/05\/diaper-bags-for-mom.webp\" class=\"attachment-full size-full wvs-archive-product-image\" alt=\"Sac \u00e0 langer maternel\" srcset=\"https:\/\/babyvk.com\/wp-content\/uploads\/2023\/05\/diaper-bags-for-mom.webp 800w, https:\/\/babyvk.com\/wp-content\/uploads\/2023\/05\/diaper-bags-for-mom-30x30.webp 30w, https:\/\/babyvk.com\/wp-content\/uploads\/2023\/05\/diaper-bags-for-mom-50x50.webp 50w, https:\/\/babyvk.com\/wp-content\/uploads\/2023\/05\/diaper-bags-for-mom-100x100.webp 100w, https:\/\/babyvk.com\/wp-content\/uploads\/2023\/05\/diaper-bags-for-mom-150x150.webp 150w, https:\/\/babyvk.com\/wp-content\/uploads\/2023\/05\/diaper-bags-for-mom-300x300.webp 300w, https:\/\/babyvk.com\/wp-content\/uploads\/2023\/05\/diaper-bags-for-mom-768x768.webp 768w, https:\/\/babyvk.com\/wp-content\/uploads\/2023\/05\/diaper-bags-for-mom-500x500.webp 500w, https:\/\/babyvk.com\/wp-content\/uploads\/2023\/05\/diaper-bags-for-mom-430x430.webp 430w, https:\/\/babyvk.com\/wp-content\/uploads\/2023\/05\/diaper-bags-for-mom-700x700.webp 700w\" sizes=\"(max-width: 800px) 100vw, 800px\" title=\"\">\t\t\t\t\t<\/div>\n\n\t\t\t\t\t\t<\/div>\n\t\t\t\t<\/div>\n\t\t\t\t<div class=\"elementor-element elementor-element-6ff0ba9 elementor-widget elementor-widget-wd_text_block\" data-id=\"6ff0ba9\" data-element_type=\"widget\" data-widget_type=\"wd_text_block.default\">\n\t\t\t\t<div class=\"elementor-widget-container\">\n\t\t\t\t\t\t\t<div class=\"wd-text-block reset-last-child text-left\">\n\t\t\t\n\t\t\t<p><strong style=\"font-size: 16px; color: var(--wd-text-color);\">Notes :<\/strong><span style=\"font-size: 16px; color: var(--wd-text-color);\"> Veuillez noter que les couleurs peuvent varier l\u00e9g\u00e8rement en fonction des r\u00e9glages du moniteur ! <\/span><\/p>\n\t\t\t\t\t<\/div>\n\t\t\t\t\t\t<\/div>\n\t\t\t\t<\/div>\n\t\t\t\t\t<\/div>\n\t\t<\/div>\n\t\t\t\t\t<\/div>\n\t\t<\/section>\n\t\t\t\t<\/div>","protected":false},"excerpt":{"rendered":"<p>&#8220;<strong>Vous cherchez un sac \u00e0 langer \u00e9l\u00e9gant et compact ?<\/strong> Essayez celui-ci ! Il offre beaucoup d'espace de rangement et des compartiments pratiques, de sorte que vous n'aurez pas \u00e0 vous soucier de chercher des choses pendant que vous \u00eates \u00e0 l'ext\u00e9rieur. Magasinez maintenant pour une livraison gratuite et obtenez 30% de rabais !\"<\/p>","protected":false},"featured_media":13701,"comment_status":"open","ping_status":"closed","template":"","meta":{"_acf_changed":false},"product_brand":[],"product_cat":[42],"product_tag":[520,241,242,239,240],"class_list":{"0":"post-13698","1":"product","2":"type-product","3":"status-publish","4":"has-post-thumbnail","6":"product_cat-best-travel-gear","7":"product_tag-bento-insulated-bag","8":"product_tag-diaper-bags-for-mom","9":"product_tag-motherly-diaper-bag","10":"product_tag-small-diaper-bag","11":"product_tag-womens-diaper-bag","13":"first","14":"instock","15":"sale","16":"taxable","17":"shipping-taxable","18":"purchasable","19":"product-type-variable","20":"wvs-archive-product-wrapper"},"acf":[],"_links":{"self":[{"href":"https:\/\/babyvk.com\/fr\/wp-json\/wp\/v2\/product\/13698","targetHints":{"allow":["GET"]}}],"collection":[{"href":"https:\/\/babyvk.com\/fr\/wp-json\/wp\/v2\/product"}],"about":[{"href":"https:\/\/babyvk.com\/fr\/wp-json\/wp\/v2\/types\/product"}],"replies":[{"embeddable":true,"href":"https:\/\/babyvk.com\/fr\/wp-json\/wp\/v2\/comments?post=13698"}],"version-history":[{"count":0,"href":"https:\/\/babyvk.com\/fr\/wp-json\/wp\/v2\/product\/13698\/revisions"}],"wp:featuredmedia":[{"embeddable":true,"href":"https:\/\/babyvk.com\/fr\/wp-json\/wp\/v2\/media\/13701"}],"wp:attachment":[{"href":"https:\/\/babyvk.com\/fr\/wp-json\/wp\/v2\/media?parent=13698"}],"wp:term":[{"taxonomy":"product_brand","embeddable":true,"href":"https:\/\/babyvk.com\/fr\/wp-json\/wp\/v2\/product_brand?post=13698"},{"taxonomy":"product_cat","embeddable":true,"href":"https:\/\/babyvk.com\/fr\/wp-json\/wp\/v2\/product_cat?post=13698"},{"taxonomy":"product_tag","embeddable":true,"href":"https:\/\/babyvk.com\/fr\/wp-json\/wp\/v2\/product_tag?post=13698"}],"curies":[{"name":"wp","href":"https:\/\/api.w.org\/{rel}","templated":true}]}}