{"id":13677,"date":"2023-05-09T03:09:52","date_gmt":"2023-05-09T03:09:52","guid":{"rendered":"https:\/\/babyvk.com\/?post_type=product&#038;p=13677"},"modified":"2025-03-10T20:03:37","modified_gmt":"2025-03-10T20:03:37","slug":"childrens-puzzle-stress-relief-toy","status":"publish","type":"product","link":"https:\/\/babyvk.com\/fr\/product\/childrens-puzzle-stress-relief-toy\/","title":{"rendered":"Casse-t\u00eate pour enfants Jouet anti-stress"},"content":{"rendered":"<div data-elementor-type=\"product-post\" data-elementor-id=\"13677\" class=\"elementor elementor-13677\" data-elementor-post-type=\"product\">\n\t\t\t\t\t\t<section class=\"wd-negative-gap elementor-section elementor-top-section elementor-element elementor-element-f6476cc elementor-section-boxed elementor-section-height-default elementor-section-height-default\" data-id=\"f6476cc\" data-element_type=\"section\">\n\t\t\t\t\t\t<div class=\"elementor-container elementor-column-gap-default\">\n\t\t\t\t\t<div class=\"elementor-column elementor-col-100 elementor-top-column elementor-element elementor-element-74c89df\" data-id=\"74c89df\" data-element_type=\"column\">\n\t\t\t<div class=\"elementor-widget-wrap elementor-element-populated\">\n\t\t\t\t\t\t<div class=\"elementor-element elementor-element-85883b9 elementor-widget elementor-widget-wd_text_block\" data-id=\"85883b9\" data-element_type=\"widget\" data-widget_type=\"wd_text_block.default\">\n\t\t\t\t<div class=\"elementor-widget-container\">\n\t\t\t\t\t\t\t<div class=\"wd-text-block reset-last-child text-left\">\n\t\t\t\n\t\t\t<h2><strong>Caract\u00e9ristiques :<\/strong><\/h2><ul><li>\u3010Premium Material\u3011Le jouet Magic Beans est fabriqu\u00e9 \u00e0 partir d'un mat\u00e9riau ABS de haute qualit\u00e9 avec une surface lisse, offrant un toucher confortable et une exp\u00e9rience r\u00e9sistante aux rayures. Il n'a pas d'odeur particuli\u00e8re et peut \u00eatre utilis\u00e9 plusieurs fois, garantissant des moments de jeu durables et agr\u00e9ables en toute confiance.<\/li><li>\u3010Portable Design\u3011Con\u00e7u pour tenir parfaitement dans vos mains, le jouet Magic Beans est l\u00e9ger et facile \u00e0 transporter, ce qui en fait un excellent moyen de soulager le stress en d\u00e9placement. Vous pouvez le mettre dans votre poche sans vous sentir encombr\u00e9.<\/li><li>\u3010Patience Building\u3011Ce jouet sensoriel est excellent pour am\u00e9liorer la flexibilit\u00e9 des doigts, la coordination \u0153il-main, la concentration, la patience et les comp\u00e9tences de r\u00e9solution de probl\u00e8mes. Convient aux adolescents pour \u00e9largir leur cercle social et aux adultes pour \u00e9vacuer le stress.<\/li><li>\u3010Flexible Gameplay\u3011Le jouet anti-stress offre un gameplay flexible ; vous pouvez restaurer chaque haricot fendu \u00e0 la m\u00eame couleur ou croiser deux couleurs de haricots, deux haricots se croisent, et ainsi de suite, fournissant un divertissement sans fin.<\/li><li>\u3010Perfect Gift\u3011Les jouets Magic Beans sont le cadeau id\u00e9al pour les anniversaires, P\u00e2ques, No\u00ebl ou toute autre occasion sp\u00e9ciale. Chaque jouet toupie Rainbow ball puzzle est emball\u00e9 dans une belle bo\u00eete de couleur, ce qui en fait un cadeau id\u00e9al pour la famille, les amis et les coll\u00e8gues.<\/li><\/ul>\n\t\t\t\t\t<\/div>\n\t\t\t\t\t\t<\/div>\n\t\t\t\t<\/div>\n\t\t\t\t\t<\/div>\n\t\t<\/div>\n\t\t\t\t\t<\/div>\n\t\t<\/section>\n\t\t\t\t<section class=\"wd-negative-gap elementor-section elementor-top-section elementor-element elementor-element-2c9b68c elementor-section-boxed elementor-section-height-default elementor-section-height-default\" data-id=\"2c9b68c\" data-element_type=\"section\">\n\t\t\t\t\t\t<div class=\"elementor-container elementor-column-gap-default\">\n\t\t\t\t\t<div class=\"elementor-column elementor-col-100 elementor-top-column elementor-element elementor-element-f9d20ea\" data-id=\"f9d20ea\" data-element_type=\"column\">\n\t\t\t<div class=\"elementor-widget-wrap elementor-element-populated\">\n\t\t\t\t\t\t<div class=\"elementor-element elementor-element-1a75f1b elementor-widget elementor-widget-wd_text_block\" data-id=\"1a75f1b\" data-element_type=\"widget\" data-widget_type=\"wd_text_block.default\">\n\t\t\t\t<div class=\"elementor-widget-container\">\n\t\t\t\t\t\t\t<div class=\"wd-text-block reset-last-child text-left\">\n\t\t\t\n\t\t\t<h2><strong>Description :<\/strong><\/h2><p>Le Magic Bean Cube est un jouet b\u00e9n\u00e9fique qui peut am\u00e9liorer la concentration, la patience, la r\u00e9flexion strat\u00e9gique et les capacit\u00e9s de r\u00e9solution de probl\u00e8mes chez les enfants. Il aide \u00e9galement les adultes \u00e0 soulager le stress et \u00e0 pr\u00e9venir la maladie d'Alzheimer chez les personnes \u00e2g\u00e9es, ce qui en fait un jouet amusant qui peut \u00eatre appr\u00e9ci\u00e9 par toute la famille.<\/p><p>Fabriqu\u00e9 en ABS de premi\u00e8re qualit\u00e9, le jouet Magic Beans est durable et offre une exp\u00e9rience de jeu heureuse et d\u00e9tendue. Il est livr\u00e9 avec une lani\u00e8re pour un transport facile, ce qui le rend parfait pour le divertissement en d\u00e9placement.<\/p><p>Ce jouet exquis est un excellent moyen de soulager le stress et un outil \u00e9ducatif qui peut \u00eatre offert aux enfants, aux amis et \u00e0 la famille. Il permet d'\u00e9tablir des relations solides entre les personnes.<\/p>\n\t\t\t\t\t<\/div>\n\t\t\t\t\t\t<\/div>\n\t\t\t\t<\/div>\n\t\t\t\t\t<\/div>\n\t\t<\/div>\n\t\t\t\t\t<\/div>\n\t\t<\/section>\n\t\t\t\t<section class=\"wd-negative-gap elementor-section elementor-top-section elementor-element elementor-element-e0e91da elementor-section-boxed elementor-section-height-default elementor-section-height-default\" data-id=\"e0e91da\" data-element_type=\"section\">\n\t\t\t\t\t\t<div class=\"elementor-container elementor-column-gap-default\">\n\t\t\t\t\t<div class=\"elementor-column elementor-col-100 elementor-top-column elementor-element elementor-element-2c9cfe3\" data-id=\"2c9cfe3\" data-element_type=\"column\">\n\t\t\t<div class=\"elementor-widget-wrap elementor-element-populated\">\n\t\t\t\t\t\t<div class=\"elementor-element elementor-element-3c3dc6e elementor-widget elementor-widget-wd_text_block\" data-id=\"3c3dc6e\" data-element_type=\"widget\" data-widget_type=\"wd_text_block.default\">\n\t\t\t\t<div class=\"elementor-widget-container\">\n\t\t\t\t\t\t\t<div class=\"wd-text-block reset-last-child text-left\">\n\t\t\t\n\t\t\t<h2><strong>Sp\u00e9cification :<\/strong><\/h2><p>Nom du produit : Bo\u00eete de haricots magiques<br \/>Mat\u00e9riau du produit : ABS<br \/>Emballage du produit : bo\u00eete de couleur exquise<br \/>Taille r\u00e9elle : 5.6*5.6*6.8cm\/2.2*2.2*2.67in<br \/>Taille de l'emballage du produit : 6*6*7cm\/2.36*2.36*2.76in<\/p><h2><strong>Le paquet comprend :<\/strong><\/h2><p>1x Bo\u00eete de haricots magiques<br \/>1x Lanyard<br \/>1x bo\u00eete de couleur<\/p>\n\t\t\t\t\t<\/div>\n\t\t\t\t\t\t<\/div>\n\t\t\t\t<\/div>\n\t\t\t\t\t<\/div>\n\t\t<\/div>\n\t\t\t\t\t<\/div>\n\t\t<\/section>\n\t\t\t\t<\/div>","protected":false},"excerpt":{"rendered":"<p>&#8220;<strong>Vous avez du mal \u00e0 garder vos enfants occup\u00e9s et sans stress ?<\/strong> Voici le jouet anti-stress Puzzle pour enfants - la solution ultime pour un temps de jeu amusant et apaisant. Achetez maintenant pour une livraison gratuite et obtenez 30% de r\u00e9duction ! \ud83e\udde9\u2728\"<\/p>","protected":false},"featured_media":13689,"comment_status":"open","ping_status":"closed","template":"","meta":{"_acf_changed":false},"product_brand":[],"product_cat":[509],"product_tag":[234,232,235,236,233],"class_list":{"0":"post-13677","1":"product","2":"type-product","3":"status-publish","4":"has-post-thumbnail","6":"product_cat-best-baby-toys","7":"product_tag-baby-fidgeting-toy","8":"product_tag-decompression-toys","9":"product_tag-educational-toy","10":"product_tag-puzzle-stress-relief-toy","11":"product_tag-rotating-magic-bean","13":"first","14":"instock","15":"sale","16":"taxable","17":"shipping-taxable","18":"purchasable","19":"product-type-variable","20":"wvs-archive-product-wrapper"},"acf":[],"_links":{"self":[{"href":"https:\/\/babyvk.com\/fr\/wp-json\/wp\/v2\/product\/13677","targetHints":{"allow":["GET"]}}],"collection":[{"href":"https:\/\/babyvk.com\/fr\/wp-json\/wp\/v2\/product"}],"about":[{"href":"https:\/\/babyvk.com\/fr\/wp-json\/wp\/v2\/types\/product"}],"replies":[{"embeddable":true,"href":"https:\/\/babyvk.com\/fr\/wp-json\/wp\/v2\/comments?post=13677"}],"version-history":[{"count":0,"href":"https:\/\/babyvk.com\/fr\/wp-json\/wp\/v2\/product\/13677\/revisions"}],"wp:featuredmedia":[{"embeddable":true,"href":"https:\/\/babyvk.com\/fr\/wp-json\/wp\/v2\/media\/13689"}],"wp:attachment":[{"href":"https:\/\/babyvk.com\/fr\/wp-json\/wp\/v2\/media?parent=13677"}],"wp:term":[{"taxonomy":"product_brand","embeddable":true,"href":"https:\/\/babyvk.com\/fr\/wp-json\/wp\/v2\/product_brand?post=13677"},{"taxonomy":"product_cat","embeddable":true,"href":"https:\/\/babyvk.com\/fr\/wp-json\/wp\/v2\/product_cat?post=13677"},{"taxonomy":"product_tag","embeddable":true,"href":"https:\/\/babyvk.com\/fr\/wp-json\/wp\/v2\/product_tag?post=13677"}],"curies":[{"name":"wp","href":"https:\/\/api.w.org\/{rel}","templated":true}]}}