{"id":13557,"date":"2023-04-27T15:58:35","date_gmt":"2023-04-27T15:58:35","guid":{"rendered":"https:\/\/babyvk.com\/?post_type=product&#038;p=13557"},"modified":"2025-03-10T20:03:38","modified_gmt":"2025-03-10T20:03:38","slug":"battery-operated-nail-file-for-babies","status":"publish","type":"product","link":"https:\/\/babyvk.com\/fr\/product\/battery-operated-nail-file-for-babies\/","title":{"rendered":"Lime \u00e0 ongles \u00e0 piles pour b\u00e9b\u00e9s"},"content":{"rendered":"<div data-elementor-type=\"product-post\" data-elementor-id=\"13557\" class=\"elementor elementor-13557\" data-elementor-post-type=\"product\">\n\t\t\t\t\t\t<section class=\"elementor-section elementor-top-section elementor-element elementor-element-9d450e9 elementor-section-boxed elementor-section-height-default elementor-section-height-default\" data-id=\"9d450e9\" data-element_type=\"section\">\n\t\t\t\t\t\t<div class=\"elementor-container elementor-column-gap-default\">\n\t\t\t\t\t<div class=\"elementor-column elementor-col-100 elementor-top-column elementor-element elementor-element-77e7298\" data-id=\"77e7298\" data-element_type=\"column\">\n\t\t\t<div class=\"elementor-widget-wrap elementor-element-populated\">\n\t\t\t\t\t\t<div class=\"elementor-element elementor-element-c039b82 elementor-widget elementor-widget-wd_text_block\" data-id=\"c039b82\" data-element_type=\"widget\" data-widget_type=\"wd_text_block.default\">\n\t\t\t\t<div class=\"elementor-widget-container\">\n\t\t\t\t\t\t\t<div class=\"wd-text-block reset-last-child text-left\">\n\t\t\t\n\t\t\t<h3>Caract\u00e9ristiques :<\/h3><ul><li><strong>S\u00fbr :<\/strong> La conception brevet\u00e9e du couvercle de s\u00e9curit\u00e9 emp\u00eache les coupures accidentelles des ongles et de la peau de b\u00e9b\u00e9.<\/li><li><strong>L\u00e9ger :<\/strong> petit et compact, facile \u00e0 transporter et \u00e0 ranger<\/li><li><strong>\u00c9lectrique :<\/strong> \u00e9quip\u00e9 d'un moteur et d'une batterie \u00e0 haute efficacit\u00e9 pour une coupe rapide et facile des ongles<\/li><li><strong>Silence :<\/strong> Conception silencieuse qui n'effraie pas votre b\u00e9b\u00e9.<\/li><li><strong>Multifonctionnel :<\/strong> est livr\u00e9 avec 6 t\u00eates de filtre \u00e0 ongles diff\u00e9rentes pour diff\u00e9rents types d'ongles et de besoins de coupe.<\/li><li><strong>Facile \u00e0 nettoyer :<\/strong> conception amovible, facile \u00e0 nettoyer.<\/li><\/ul>\n\t\t\t\t\t<\/div>\n\t\t\t\t\t\t<\/div>\n\t\t\t\t<\/div>\n\t\t\t\t\t<\/div>\n\t\t<\/div>\n\t\t\t\t\t<\/div>\n\t\t<\/section>\n\t\t\t\t<section class=\"elementor-section elementor-top-section elementor-element elementor-element-467f90b elementor-section-boxed elementor-section-height-default elementor-section-height-default\" data-id=\"467f90b\" data-element_type=\"section\">\n\t\t\t\t\t\t<div class=\"elementor-container elementor-column-gap-default\">\n\t\t\t\t\t<div class=\"elementor-column elementor-col-100 elementor-top-column elementor-element elementor-element-155e507\" data-id=\"155e507\" data-element_type=\"column\">\n\t\t\t<div class=\"elementor-widget-wrap elementor-element-populated\">\n\t\t\t\t\t\t<div class=\"elementor-element elementor-element-b42c7d7 elementor-widget elementor-widget-wd_text_block\" data-id=\"b42c7d7\" data-element_type=\"widget\" data-widget_type=\"wd_text_block.default\">\n\t\t\t\t<div class=\"elementor-widget-container\">\n\t\t\t\t\t\t\t<div class=\"wd-text-block reset-last-child text-left\">\n\t\t\t\n\t\t\t<h3>Sp\u00e9cifications :<\/h3><ul><li>Mat\u00e9riau : Plastique ABS<\/li><li>Taille de la bo\u00eete : 55 mm X 40 mm<\/li><li>Taille du filtre : 13 mm X 20 mm<\/li><li>Couleur : rose clair et bleu clair<\/li><li>Nombre de t\u00eates de coupe : 6<\/li><li>Objets concern\u00e9s : b\u00e9b\u00e9s et adultes<\/li><li>Liste d'emballage : 1x coupe-ongles \u00e9lectrique, 6x t\u00eates de coupe, bo\u00eete, manuel d'instructions.<\/li><\/ul>\n\t\t\t\t\t<\/div>\n\t\t\t\t\t\t<\/div>\n\t\t\t\t<\/div>\n\t\t\t\t<div class=\"elementor-element elementor-element-dfa8fbc elementor-widget elementor-widget-wd_text_block\" data-id=\"dfa8fbc\" data-element_type=\"widget\" data-widget_type=\"wd_text_block.default\">\n\t\t\t\t<div class=\"elementor-widget-container\">\n\t\t\t\t\t\t\t<div class=\"wd-text-block reset-last-child text-left\">\n\t\t\t\n\t\t\t<h3>Comment l'utiliser ?<\/h3><ol><li>S\u00e9lectionnez la t\u00eate de coupe appropri\u00e9e.<\/li><li>Ins\u00e9rer la t\u00eate du coupe-ongles dans le coupe-ongles.<\/li><li>Mettez l'appareil sous tension et commencez \u00e0 vous couper les ongles.<\/li><li>Apr\u00e8s la coupe, \u00e9teignez l'appareil, retirez la t\u00eate du coupe-ongles et nettoyez le coupe-ongles et la t\u00eate du coupe-ongles.<\/li><\/ol>\n\t\t\t\t\t<\/div>\n\t\t\t\t\t\t<\/div>\n\t\t\t\t<\/div>\n\t\t\t\t\t<\/div>\n\t\t<\/div>\n\t\t\t\t\t<\/div>\n\t\t<\/section>\n\t\t\t\t<section class=\"elementor-section elementor-top-section elementor-element elementor-element-1ac0f19 elementor-section-boxed elementor-section-height-default elementor-section-height-default\" data-id=\"1ac0f19\" data-element_type=\"section\">\n\t\t\t\t\t\t<div class=\"elementor-container elementor-column-gap-default\">\n\t\t\t\t\t<div class=\"elementor-column elementor-col-50 elementor-top-column elementor-element elementor-element-a093a5e\" data-id=\"a093a5e\" data-element_type=\"column\">\n\t\t\t<div class=\"elementor-widget-wrap elementor-element-populated\">\n\t\t\t\t\t\t<div class=\"elementor-element elementor-element-f178359 elementor-widget elementor-widget-wd_image_or_svg\" data-id=\"f178359\" data-element_type=\"widget\" data-widget_type=\"wd_image_or_svg.default\">\n\t\t\t\t<div class=\"elementor-widget-container\">\n\t\t\t\t\t\n\t\t<div class=\"wd-image text-left\">\n\t\t\t\t\t\t\t\t<img fetchpriority=\"high\" decoding=\"async\" width=\"800\" height=\"800\" src=\"https:\/\/babyvk.com\/wp-content\/uploads\/2023\/04\/infant-nail-cutter.webp\" class=\"attachment-full size-full wvs-archive-product-image\" alt=\"battery operated nail file\" srcset=\"https:\/\/babyvk.com\/wp-content\/uploads\/2023\/04\/infant-nail-cutter.webp 800w, https:\/\/babyvk.com\/wp-content\/uploads\/2023\/04\/infant-nail-cutter-30x30.webp 30w, https:\/\/babyvk.com\/wp-content\/uploads\/2023\/04\/infant-nail-cutter-50x50.webp 50w, https:\/\/babyvk.com\/wp-content\/uploads\/2023\/04\/infant-nail-cutter-100x100.webp 100w, https:\/\/babyvk.com\/wp-content\/uploads\/2023\/04\/infant-nail-cutter-150x150.webp 150w, https:\/\/babyvk.com\/wp-content\/uploads\/2023\/04\/infant-nail-cutter-300x300.webp 300w, https:\/\/babyvk.com\/wp-content\/uploads\/2023\/04\/infant-nail-cutter-768x768.webp 768w, https:\/\/babyvk.com\/wp-content\/uploads\/2023\/04\/infant-nail-cutter-500x500.webp 500w, https:\/\/babyvk.com\/wp-content\/uploads\/2023\/04\/infant-nail-cutter-430x430.webp 430w, https:\/\/babyvk.com\/wp-content\/uploads\/2023\/04\/infant-nail-cutter-700x700.webp 700w\" sizes=\"(max-width: 800px) 100vw, 800px\" title=\"\">\t\t\t\t\t<\/div>\n\n\t\t\t\t\t\t<\/div>\n\t\t\t\t<\/div>\n\t\t\t\t\t<\/div>\n\t\t<\/div>\n\t\t\t\t<div class=\"elementor-column elementor-col-50 elementor-top-column elementor-element elementor-element-652513e\" data-id=\"652513e\" data-element_type=\"column\">\n\t\t\t<div class=\"elementor-widget-wrap elementor-element-populated\">\n\t\t\t\t\t\t<div class=\"elementor-element elementor-element-9af857a elementor-widget elementor-widget-wd_image_or_svg\" data-id=\"9af857a\" data-element_type=\"widget\" data-widget_type=\"wd_image_or_svg.default\">\n\t\t\t\t<div class=\"elementor-widget-container\">\n\t\t\t\t\t\n\t\t<div class=\"wd-image text-left\">\n\t\t\t\t\t\t\t\t<img decoding=\"async\" width=\"800\" height=\"800\" src=\"https:\/\/babyvk.com\/wp-content\/uploads\/2023\/04\/nail-clippers-for-kids.webp\" class=\"attachment-full size-full wvs-archive-product-image\" alt=\"manicure set for babies\" srcset=\"https:\/\/babyvk.com\/wp-content\/uploads\/2023\/04\/nail-clippers-for-kids.webp 800w, https:\/\/babyvk.com\/wp-content\/uploads\/2023\/04\/nail-clippers-for-kids-30x30.webp 30w, https:\/\/babyvk.com\/wp-content\/uploads\/2023\/04\/nail-clippers-for-kids-50x50.webp 50w, https:\/\/babyvk.com\/wp-content\/uploads\/2023\/04\/nail-clippers-for-kids-100x100.webp 100w, https:\/\/babyvk.com\/wp-content\/uploads\/2023\/04\/nail-clippers-for-kids-150x150.webp 150w, https:\/\/babyvk.com\/wp-content\/uploads\/2023\/04\/nail-clippers-for-kids-300x300.webp 300w, https:\/\/babyvk.com\/wp-content\/uploads\/2023\/04\/nail-clippers-for-kids-768x768.webp 768w, https:\/\/babyvk.com\/wp-content\/uploads\/2023\/04\/nail-clippers-for-kids-500x500.webp 500w, https:\/\/babyvk.com\/wp-content\/uploads\/2023\/04\/nail-clippers-for-kids-430x430.webp 430w, https:\/\/babyvk.com\/wp-content\/uploads\/2023\/04\/nail-clippers-for-kids-700x700.webp 700w\" sizes=\"(max-width: 800px) 100vw, 800px\" title=\"\">\t\t\t\t\t<\/div>\n\n\t\t\t\t\t\t<\/div>\n\t\t\t\t<\/div>\n\t\t\t\t\t<\/div>\n\t\t<\/div>\n\t\t\t\t\t<\/div>\n\t\t<\/section>\n\t\t\t\t<section class=\"elementor-section elementor-top-section elementor-element elementor-element-6c9e176 elementor-section-boxed elementor-section-height-default elementor-section-height-default\" data-id=\"6c9e176\" data-element_type=\"section\">\n\t\t\t\t\t\t<div class=\"elementor-container elementor-column-gap-default\">\n\t\t\t\t\t<div class=\"elementor-column elementor-col-100 elementor-top-column elementor-element elementor-element-72214a2\" data-id=\"72214a2\" data-element_type=\"column\">\n\t\t\t<div class=\"elementor-widget-wrap elementor-element-populated\">\n\t\t\t\t\t\t<div class=\"elementor-element elementor-element-54b6b9c elementor-widget elementor-widget-wd_image_or_svg\" data-id=\"54b6b9c\" data-element_type=\"widget\" data-widget_type=\"wd_image_or_svg.default\">\n\t\t\t\t<div class=\"elementor-widget-container\">\n\t\t\t\t\t\n\t\t<div class=\"wd-image text-center\">\n\t\t\t\t\t\t\t\t<img decoding=\"async\" width=\"1000\" height=\"991\" src=\"https:\/\/babyvk.com\/wp-content\/uploads\/2023\/04\/electric-toenail-clippers.webp\" class=\"attachment-full size-full wvs-archive-product-image\" alt=\"best baby nail files\" srcset=\"https:\/\/babyvk.com\/wp-content\/uploads\/2023\/04\/electric-toenail-clippers.webp 1000w, https:\/\/babyvk.com\/wp-content\/uploads\/2023\/04\/electric-toenail-clippers-30x30.webp 30w, https:\/\/babyvk.com\/wp-content\/uploads\/2023\/04\/electric-toenail-clippers-50x50.webp 50w, https:\/\/babyvk.com\/wp-content\/uploads\/2023\/04\/electric-toenail-clippers-100x100.webp 100w, https:\/\/babyvk.com\/wp-content\/uploads\/2023\/04\/electric-toenail-clippers-150x150.webp 150w, https:\/\/babyvk.com\/wp-content\/uploads\/2023\/04\/electric-toenail-clippers-303x300.webp 303w, https:\/\/babyvk.com\/wp-content\/uploads\/2023\/04\/electric-toenail-clippers-768x761.webp 768w, https:\/\/babyvk.com\/wp-content\/uploads\/2023\/04\/electric-toenail-clippers-807x800.webp 807w, https:\/\/babyvk.com\/wp-content\/uploads\/2023\/04\/electric-toenail-clippers-860x852.webp 860w, https:\/\/babyvk.com\/wp-content\/uploads\/2023\/04\/electric-toenail-clippers-500x496.webp 500w, https:\/\/babyvk.com\/wp-content\/uploads\/2023\/04\/electric-toenail-clippers-430x426.webp 430w, https:\/\/babyvk.com\/wp-content\/uploads\/2023\/04\/electric-toenail-clippers-700x694.webp 700w\" sizes=\"(max-width: 1000px) 100vw, 1000px\" title=\"\">\t\t\t\t\t<\/div>\n\n\t\t\t\t\t\t<\/div>\n\t\t\t\t<\/div>\n\t\t\t\t<div class=\"elementor-element elementor-element-82a3e77 elementor-widget elementor-widget-wd_image_or_svg\" data-id=\"82a3e77\" data-element_type=\"widget\" data-widget_type=\"wd_image_or_svg.default\">\n\t\t\t\t<div class=\"elementor-widget-container\">\n\t\t\t\t\t\n\t\t<div class=\"wd-image text-center\">\n\t\t\t\t\t\t\t\t<img loading=\"lazy\" decoding=\"async\" width=\"1000\" height=\"1000\" src=\"https:\/\/babyvk.com\/wp-content\/uploads\/2023\/04\/electric-toenail-clipper.webp\" class=\"attachment-full size-full wvs-archive-product-image\" alt=\"nail filer machine\" srcset=\"https:\/\/babyvk.com\/wp-content\/uploads\/2023\/04\/electric-toenail-clipper.webp 1000w, https:\/\/babyvk.com\/wp-content\/uploads\/2023\/04\/electric-toenail-clipper-30x30.webp 30w, https:\/\/babyvk.com\/wp-content\/uploads\/2023\/04\/electric-toenail-clipper-50x50.webp 50w, https:\/\/babyvk.com\/wp-content\/uploads\/2023\/04\/electric-toenail-clipper-100x100.webp 100w, https:\/\/babyvk.com\/wp-content\/uploads\/2023\/04\/electric-toenail-clipper-150x150.webp 150w, https:\/\/babyvk.com\/wp-content\/uploads\/2023\/04\/electric-toenail-clipper-300x300.webp 300w, https:\/\/babyvk.com\/wp-content\/uploads\/2023\/04\/electric-toenail-clipper-768x768.webp 768w, https:\/\/babyvk.com\/wp-content\/uploads\/2023\/04\/electric-toenail-clipper-800x800.webp 800w, https:\/\/babyvk.com\/wp-content\/uploads\/2023\/04\/electric-toenail-clipper-860x860.webp 860w, https:\/\/babyvk.com\/wp-content\/uploads\/2023\/04\/electric-toenail-clipper-500x500.webp 500w, https:\/\/babyvk.com\/wp-content\/uploads\/2023\/04\/electric-toenail-clipper-430x430.webp 430w, https:\/\/babyvk.com\/wp-content\/uploads\/2023\/04\/electric-toenail-clipper-700x700.webp 700w\" sizes=\"(max-width: 1000px) 100vw, 1000px\" title=\"\">\t\t\t\t\t<\/div>\n\n\t\t\t\t\t\t<\/div>\n\t\t\t\t<\/div>\n\t\t\t\t<div class=\"elementor-element elementor-element-863294b elementor-widget elementor-widget-wd_image_or_svg\" data-id=\"863294b\" data-element_type=\"widget\" data-widget_type=\"wd_image_or_svg.default\">\n\t\t\t\t<div class=\"elementor-widget-container\">\n\t\t\t\t\t\n\t\t<div class=\"wd-image text-center\">\n\t\t\t\t\t\t\t\t<img loading=\"lazy\" decoding=\"async\" width=\"1000\" height=\"1000\" src=\"https:\/\/babyvk.com\/wp-content\/uploads\/2023\/04\/electric-finger-nail-file.webp\" class=\"attachment-full size-full wvs-archive-product-image\" alt=\"nail trimmer electric\" srcset=\"https:\/\/babyvk.com\/wp-content\/uploads\/2023\/04\/electric-finger-nail-file.webp 1000w, https:\/\/babyvk.com\/wp-content\/uploads\/2023\/04\/electric-finger-nail-file-30x30.webp 30w, https:\/\/babyvk.com\/wp-content\/uploads\/2023\/04\/electric-finger-nail-file-50x50.webp 50w, https:\/\/babyvk.com\/wp-content\/uploads\/2023\/04\/electric-finger-nail-file-100x100.webp 100w, https:\/\/babyvk.com\/wp-content\/uploads\/2023\/04\/electric-finger-nail-file-150x150.webp 150w, https:\/\/babyvk.com\/wp-content\/uploads\/2023\/04\/electric-finger-nail-file-300x300.webp 300w, https:\/\/babyvk.com\/wp-content\/uploads\/2023\/04\/electric-finger-nail-file-768x768.webp 768w, https:\/\/babyvk.com\/wp-content\/uploads\/2023\/04\/electric-finger-nail-file-800x800.webp 800w, https:\/\/babyvk.com\/wp-content\/uploads\/2023\/04\/electric-finger-nail-file-860x860.webp 860w, https:\/\/babyvk.com\/wp-content\/uploads\/2023\/04\/electric-finger-nail-file-500x500.webp 500w, https:\/\/babyvk.com\/wp-content\/uploads\/2023\/04\/electric-finger-nail-file-430x430.webp 430w, https:\/\/babyvk.com\/wp-content\/uploads\/2023\/04\/electric-finger-nail-file-700x700.webp 700w\" sizes=\"(max-width: 1000px) 100vw, 1000px\" title=\"\">\t\t\t\t\t<\/div>\n\n\t\t\t\t\t\t<\/div>\n\t\t\t\t<\/div>\n\t\t\t\t<div class=\"elementor-element elementor-element-c9d92b9 elementor-widget elementor-widget-wd_image_or_svg\" data-id=\"c9d92b9\" data-element_type=\"widget\" data-widget_type=\"wd_image_or_svg.default\">\n\t\t\t\t<div class=\"elementor-widget-container\">\n\t\t\t\t\t\n\t\t<div class=\"wd-image text-center\">\n\t\t\t\t\t\t\t\t<img loading=\"lazy\" decoding=\"async\" width=\"1000\" height=\"984\" src=\"https:\/\/babyvk.com\/wp-content\/uploads\/2023\/04\/best-baby-nail-files.webp\" class=\"attachment-full size-full wvs-archive-product-image\" alt=\"coupe-ongles \u00e9lectriques\" srcset=\"https:\/\/babyvk.com\/wp-content\/uploads\/2023\/04\/best-baby-nail-files.webp 1000w, https:\/\/babyvk.com\/wp-content\/uploads\/2023\/04\/best-baby-nail-files-30x30.webp 30w, https:\/\/babyvk.com\/wp-content\/uploads\/2023\/04\/best-baby-nail-files-50x50.webp 50w, https:\/\/babyvk.com\/wp-content\/uploads\/2023\/04\/best-baby-nail-files-305x300.webp 305w, https:\/\/babyvk.com\/wp-content\/uploads\/2023\/04\/best-baby-nail-files-768x756.webp 768w, https:\/\/babyvk.com\/wp-content\/uploads\/2023\/04\/best-baby-nail-files-813x800.webp 813w, https:\/\/babyvk.com\/wp-content\/uploads\/2023\/04\/best-baby-nail-files-860x846.webp 860w, https:\/\/babyvk.com\/wp-content\/uploads\/2023\/04\/best-baby-nail-files-500x492.webp 500w, https:\/\/babyvk.com\/wp-content\/uploads\/2023\/04\/best-baby-nail-files-430x423.webp 430w, https:\/\/babyvk.com\/wp-content\/uploads\/2023\/04\/best-baby-nail-files-700x689.webp 700w\" sizes=\"(max-width: 1000px) 100vw, 1000px\" title=\"\">\t\t\t\t\t<\/div>\n\n\t\t\t\t\t\t<\/div>\n\t\t\t\t<\/div>\n\t\t\t\t\t<\/div>\n\t\t<\/div>\n\t\t\t\t\t<\/div>\n\t\t<\/section>\n\t\t\t\t<section class=\"wd-negative-gap elementor-section elementor-top-section elementor-element elementor-element-ca18f9b elementor-section-boxed elementor-section-height-default elementor-section-height-default\" data-id=\"ca18f9b\" data-element_type=\"section\">\n\t\t\t\t\t\t<div class=\"elementor-container elementor-column-gap-default\">\n\t\t\t\t\t<div class=\"elementor-column elementor-col-100 elementor-top-column elementor-element elementor-element-18a4d59\" data-id=\"18a4d59\" data-element_type=\"column\">\n\t\t\t<div class=\"elementor-widget-wrap elementor-element-populated\">\n\t\t\t\t\t\t<div class=\"elementor-element elementor-element-fbe4705 wd-width-100 elementor-widget elementor-widget-wd_title\" data-id=\"fbe4705\" data-element_type=\"widget\" data-widget_type=\"wd_title.default\">\n\t\t\t\t<div class=\"elementor-widget-container\">\n\t\t\t\t\t\t\t<div class=\"title-wrapper wd-set-mb reset-last-child wd-title-color-default wd-title-style-default wd-title-size-default text-center\">\n\n\t\t\t\t\t\t\t\t\t\t\t<div class=\"title-subtitle subtitle-color-default subtitle-style-default wd-fontsize-xs\">\n\t\t\t\t\tVOIR NOTRE EXPOSITION\t\t\t\t<\/div>\n\t\t\t\n\t\t\t<div class=\"liner-continer\">\n\t\t\t\t<h4 class=\"woodmart-title-container title wd-fontsize-l\">Notre courte vid\u00e9o<\/h4> \n\t\t\t\t\t\t\t<\/div>\n\n\t\t\t\t\t\t\t<div class=\"title-after_title reset-last-child wd-fontsize-xs\">\n\t\t\t\t\t<p>Montrer la sc\u00e8ne d'utilisation du produit, vous donner plus de d\u00e9tails.<\/p>\t\t\t\t<\/div>\n\t\t\t\t\t<\/div>\n\t\t\t\t\t\t<\/div>\n\t\t\t\t<\/div>\n\t\t\t\t<div class=\"elementor-element elementor-element-25e4df8 elementor-widget elementor-widget-wd_testimonials\" data-id=\"25e4df8\" data-element_type=\"widget\" data-widget_type=\"wd_testimonials.default\">\n\t\t\t\t<div class=\"elementor-widget-container\">\n\t\t\t\t\t\t\t<div class=\"testimonials testimon-style-standard  color-scheme- testimon-align-center wd-carousel-container\" id=\"carousel-2905\">\n\t\t\t\t\t\t\t<div class=\"wd-carousel-inner\">\n\t\t\t\n\t\t\t<div class=\"wd-carousel wd-grid\" data-scroll_per_page=\"yes\" style=\"--wd-col-lg:2;--wd-col-md:2;--wd-col-sm:1;--wd-gap-lg:30px;--wd-gap-sm:10px;\">\n\t\t\t\t\t\t\t\t\t<div class=\"wd-carousel-wrap\">\n\t\t\t\t\n\t\t\t\t\t\t\t\t\t\n<div class=\"testimonial wd-carousel-item\">\n\t<div class=\"testimonial-inner\">\n\t\t\n\t\t<div class=\"testimonial-content\">\n\t\t\t<div class=\"testimonial-rating\">\n\t\t\t\t<span class=\"star-rating\">\n\t\t\t\t\t<span style=\"width:100%\"><\/span>\n\t\t\t\t<\/span>\n\t\t\t<\/div>\n\n\t\t\t<p><iframe  id=\"_ytid_75218\"  width=\"800\" height=\"450\"  data-origwidth=\"800\" data-origheight=\"450\"  data-relstop=\"1\" src=\"https:\/\/www.youtube.com\/embed\/N3bTTBu7v90?enablejsapi=1&autoplay=0&cc_load_policy=1&cc_lang_pref=&iv_load_policy=3&loop=0&rel=0&fs=1&playsinline=0&autohide=2&theme=dark&color=red&controls=1&disablekb=0&\" class=\"__youtube_prefs__  no-lazyload\" title=\"Lecteur YouTube\"  allow=\"fullscreen; accelerometer; autoplay; clipboard-write; encrypted-media; gyroscope; picture-in-picture; web-share\" referrerpolicy=\"strict-origin-when-cross-origin\" allowfullscreen data-no-lazy=\"1\" data-skipgform_ajax_framebjll=\"\"><\/iframe><\/p>\n\t\t\t<footer>\n\t\t\t\t\n\t\t\t\t\t\t\t<\/footer>\n\t\t<\/div>\n\t<\/div>\n<\/div>\t\t\t\t\t\t\t\t\t\n<div class=\"testimonial wd-carousel-item\">\n\t<div class=\"testimonial-inner\">\n\t\t\n\t\t<div class=\"testimonial-content\">\n\t\t\t<div class=\"testimonial-rating\">\n\t\t\t\t<span class=\"star-rating\">\n\t\t\t\t\t<span style=\"width:100%\"><\/span>\n\t\t\t\t<\/span>\n\t\t\t<\/div>\n\n\t\t\t<p><iframe  id=\"_ytid_66177\"  width=\"800\" height=\"450\"  data-origwidth=\"800\" data-origheight=\"450\"  data-relstop=\"1\" src=\"https:\/\/www.youtube.com\/embed\/vkMwUyROdJ4?enablejsapi=1&autoplay=0&cc_load_policy=1&cc_lang_pref=&iv_load_policy=3&loop=0&rel=0&fs=1&playsinline=0&autohide=2&theme=dark&color=red&controls=1&disablekb=0&\" class=\"__youtube_prefs__  no-lazyload\" title=\"Lecteur YouTube\"  allow=\"fullscreen; accelerometer; autoplay; clipboard-write; encrypted-media; gyroscope; picture-in-picture; web-share\" referrerpolicy=\"strict-origin-when-cross-origin\" allowfullscreen data-no-lazy=\"1\" data-skipgform_ajax_framebjll=\"\"><\/iframe><\/p>\n\t\t\t<footer>\n\t\t\t\t\n\t\t\t\t\t\t\t<\/footer>\n\t\t<\/div>\n\t<\/div>\n<\/div>\t\t\t\t\t\t\t\t\t\n<div class=\"testimonial wd-carousel-item\">\n\t<div class=\"testimonial-inner\">\n\t\t\n\t\t<div class=\"testimonial-content\">\n\t\t\t<div class=\"testimonial-rating\">\n\t\t\t\t<span class=\"star-rating\">\n\t\t\t\t\t<span style=\"width:100%\"><\/span>\n\t\t\t\t<\/span>\n\t\t\t<\/div>\n\n\t\t\t<p><iframe  id=\"_ytid_26367\"  width=\"800\" height=\"450\"  data-origwidth=\"800\" data-origheight=\"450\"  data-relstop=\"1\" src=\"https:\/\/www.youtube.com\/embed\/oZkw7v8LDLE?enablejsapi=1&autoplay=0&cc_load_policy=1&cc_lang_pref=&iv_load_policy=3&loop=0&rel=0&fs=1&playsinline=0&autohide=2&theme=dark&color=red&controls=1&disablekb=0&\" class=\"__youtube_prefs__  no-lazyload\" title=\"Lecteur YouTube\"  allow=\"fullscreen; accelerometer; autoplay; clipboard-write; encrypted-media; gyroscope; picture-in-picture; web-share\" referrerpolicy=\"strict-origin-when-cross-origin\" allowfullscreen data-no-lazy=\"1\" data-skipgform_ajax_framebjll=\"\"><\/iframe><\/p>\n\t\t\t<footer>\n\t\t\t\t\n\t\t\t\t\t\t\t<\/footer>\n\t\t<\/div>\n\t<\/div>\n<\/div>\t\t\t\t\n\t\t\t\t\t\t\t\t\t<\/div>\n\t\t\t\t\t\t\t<\/div>\n\t\t\t\t\t\t\t\t\t\t\t\t\t\t<div class=\"wd-nav-arrows wd-pos-sep wd-hover-1 wd-icon-1\">\n\t\t\t<div class=\"wd-btn-arrow wd-prev wd-disabled\">\n\t\t\t\t<div class=\"wd-arrow-inner\"><\/div>\n\t\t\t<\/div>\n\t\t\t<div class=\"wd-btn-arrow wd-next\">\n\t\t\t\t<div class=\"wd-arrow-inner\"><\/div>\n\t\t\t<\/div>\n\t\t<\/div>\n\t\t\t\t\t\t\n\t\t\t\t<\/div>\n\n\t\t\t\t\t\t<div class=\"wd-nav-pagin-wrap text-center wd-style-shape wd-hide-md-sm wd-hide-sm\">\n\t\t\t<ul class=\"wd-nav-pagin\"><\/ul>\n\t\t<\/div>\n\t\t\t\t\t\t\t\t\t\t\t<\/div>\n\t\t\t\t\t\t<\/div>\n\t\t\t\t<\/div>\n\t\t\t\t\t<\/div>\n\t\t<\/div>\n\t\t\t\t\t<\/div>\n\t\t<\/section>\n\t\t\t\t<\/div>","protected":false},"excerpt":{"rendered":"<p>&#8220;<strong>Vous cherchez une solution s\u00fbre pour couper les ongles de votre b\u00e9b\u00e9 ?<\/strong> Voici la lime \u00e0 ongles \u00e0 piles pour b\u00e9b\u00e9s ! Coupez les ongles en toute s\u00e9curit\u00e9 sans vous inqui\u00e9ter. Magasinez maintenant pour une livraison gratuite et obtenez 30% de rabais !\"<\/p>","protected":false},"featured_media":14131,"comment_status":"open","ping_status":"closed","template":"","meta":{"_acf_changed":false},"product_brand":[],"product_cat":[29],"product_tag":[522,521],"class_list":{"0":"post-13557","1":"product","2":"type-product","3":"status-publish","4":"has-post-thumbnail","6":"product_cat-best-baby-care","7":"product_tag-baby-nail-file","8":"product_tag-battery-operated-nail-file","10":"first","11":"instock","12":"sale","13":"taxable","14":"shipping-taxable","15":"purchasable","16":"product-type-variable","17":"wvs-archive-product-wrapper"},"acf":[],"_links":{"self":[{"href":"https:\/\/babyvk.com\/fr\/wp-json\/wp\/v2\/product\/13557","targetHints":{"allow":["GET"]}}],"collection":[{"href":"https:\/\/babyvk.com\/fr\/wp-json\/wp\/v2\/product"}],"about":[{"href":"https:\/\/babyvk.com\/fr\/wp-json\/wp\/v2\/types\/product"}],"replies":[{"embeddable":true,"href":"https:\/\/babyvk.com\/fr\/wp-json\/wp\/v2\/comments?post=13557"}],"version-history":[{"count":0,"href":"https:\/\/babyvk.com\/fr\/wp-json\/wp\/v2\/product\/13557\/revisions"}],"wp:featuredmedia":[{"embeddable":true,"href":"https:\/\/babyvk.com\/fr\/wp-json\/wp\/v2\/media\/14131"}],"wp:attachment":[{"href":"https:\/\/babyvk.com\/fr\/wp-json\/wp\/v2\/media?parent=13557"}],"wp:term":[{"taxonomy":"product_brand","embeddable":true,"href":"https:\/\/babyvk.com\/fr\/wp-json\/wp\/v2\/product_brand?post=13557"},{"taxonomy":"product_cat","embeddable":true,"href":"https:\/\/babyvk.com\/fr\/wp-json\/wp\/v2\/product_cat?post=13557"},{"taxonomy":"product_tag","embeddable":true,"href":"https:\/\/babyvk.com\/fr\/wp-json\/wp\/v2\/product_tag?post=13557"}],"curies":[{"name":"wp","href":"https:\/\/api.w.org\/{rel}","templated":true}]}}