{"id":25125,"date":"2026-01-22T17:17:37","date_gmt":"2026-01-22T17:17:37","guid":{"rendered":"https:\/\/babyvk.com\/?post_type=product&#038;p=25125"},"modified":"2026-01-22T17:45:35","modified_gmt":"2026-01-22T17:45:35","slug":"foldable-infant-bathtub","status":"publish","type":"product","link":"https:\/\/babyvk.com\/es\/product\/foldable-infant-bathtub\/","title":{"rendered":"Ba\u00f1era plegable para beb\u00e9s"},"content":{"rendered":"<div data-elementor-type=\"product-post\" data-elementor-id=\"25125\" class=\"elementor elementor-25125\" data-elementor-post-type=\"product\">\n\t\t\t\t\t\t<section class=\"wd-negative-gap elementor-section elementor-top-section elementor-element elementor-element-dcc6111 elementor-section-boxed elementor-section-height-default elementor-section-height-default\" data-id=\"dcc6111\" data-element_type=\"section\">\n\t\t\t\t\t\t<div class=\"elementor-container elementor-column-gap-default\">\n\t\t\t\t\t<div class=\"elementor-column elementor-col-100 elementor-top-column elementor-element elementor-element-77174f9\" data-id=\"77174f9\" data-element_type=\"column\">\n\t\t\t<div class=\"elementor-widget-wrap elementor-element-populated\">\n\t\t\t\t\t\t<div class=\"elementor-element elementor-element-2e4d1d8 elementor-widget elementor-widget-image\" data-id=\"2e4d1d8\" data-element_type=\"widget\" data-widget_type=\"image.default\">\n\t\t\t\t<div class=\"elementor-widget-container\">\n\t\t\t\t\t\t\t\t\t\t\t\t\t\t\t<img fetchpriority=\"high\" decoding=\"async\" width=\"1200\" height=\"492\" src=\"https:\/\/babyvk.com\/wp-content\/themes\/woodmart\/images\/lazy.svg\" data-src=\"https:\/\/babyvk.com\/wp-content\/uploads\/2026\/01\/baby-bath-tub-0-36-months.jpg\" class=\"wd-lazy-blur attachment-large size-large wp-image-25114 wvs-archive-product-image\" alt=\"baby bathtub for travel\" srcset=\"\" data-srcset=\"https:\/\/babyvk.com\/wp-content\/uploads\/2026\/01\/baby-bath-tub-0-36-months.jpg 1200w, https:\/\/babyvk.com\/wp-content\/uploads\/2026\/01\/baby-bath-tub-0-36-months-400x164.jpg 400w, https:\/\/babyvk.com\/wp-content\/uploads\/2026\/01\/baby-bath-tub-0-36-months-768x315.jpg 768w, https:\/\/babyvk.com\/wp-content\/uploads\/2026\/01\/baby-bath-tub-0-36-months-18x7.jpg 18w, https:\/\/babyvk.com\/wp-content\/uploads\/2026\/01\/baby-bath-tub-0-36-months-1000x410.jpg 1000w, https:\/\/babyvk.com\/wp-content\/uploads\/2026\/01\/baby-bath-tub-0-36-months-100x41.jpg 100w\" sizes=\"(max-width: 1200px) 100vw, 1200px\" title=\"\">\t\t\t\t\t\t\t\t\t\t\t\t\t\t\t<\/div>\n\t\t\t\t<\/div>\n\t\t\t\t<div class=\"elementor-element elementor-element-be361b5 elementor-widget elementor-widget-image\" data-id=\"be361b5\" data-element_type=\"widget\" data-widget_type=\"image.default\">\n\t\t\t\t<div class=\"elementor-widget-container\">\n\t\t\t\t\t\t\t\t\t\t\t\t\t\t\t<img decoding=\"async\" width=\"1200\" height=\"492\" src=\"https:\/\/babyvk.com\/wp-content\/themes\/woodmart\/images\/lazy.svg\" data-src=\"https:\/\/babyvk.com\/wp-content\/uploads\/2026\/01\/newborn-baby-bathtub.jpg\" class=\"wd-lazy-blur attachment-large size-large wp-image-25110 wvs-archive-product-image\" alt=\"bathtub for newborn baby\" srcset=\"\" data-srcset=\"https:\/\/babyvk.com\/wp-content\/uploads\/2026\/01\/newborn-baby-bathtub.jpg 1200w, https:\/\/babyvk.com\/wp-content\/uploads\/2026\/01\/newborn-baby-bathtub-400x164.jpg 400w, https:\/\/babyvk.com\/wp-content\/uploads\/2026\/01\/newborn-baby-bathtub-768x315.jpg 768w, https:\/\/babyvk.com\/wp-content\/uploads\/2026\/01\/newborn-baby-bathtub-18x7.jpg 18w, https:\/\/babyvk.com\/wp-content\/uploads\/2026\/01\/newborn-baby-bathtub-1000x410.jpg 1000w, https:\/\/babyvk.com\/wp-content\/uploads\/2026\/01\/newborn-baby-bathtub-100x41.jpg 100w\" sizes=\"(max-width: 1200px) 100vw, 1200px\" title=\"\">\t\t\t\t\t\t\t\t\t\t\t\t\t\t\t<\/div>\n\t\t\t\t<\/div>\n\t\t\t\t\t<\/div>\n\t\t<\/div>\n\t\t\t\t\t<\/div>\n\t\t<\/section>\n\t\t\t\t<section class=\"wd-negative-gap elementor-section elementor-top-section elementor-element elementor-element-b63034c elementor-section-boxed elementor-section-height-default elementor-section-height-default\" data-id=\"b63034c\" data-element_type=\"section\">\n\t\t\t\t\t\t<div class=\"elementor-container elementor-column-gap-default\">\n\t\t\t\t\t<div class=\"elementor-column elementor-col-100 elementor-top-column elementor-element elementor-element-3ee4e79\" data-id=\"3ee4e79\" data-element_type=\"column\">\n\t\t\t<div class=\"elementor-widget-wrap elementor-element-populated\">\n\t\t\t\t\t\t<div class=\"elementor-element elementor-element-27c4732 color-scheme-inherit text-left elementor-widget elementor-widget-text-editor\" data-id=\"27c4732\" data-element_type=\"widget\" data-widget_type=\"text-editor.default\">\n\t\t\t\t<div class=\"elementor-widget-container\">\n\t\t\t\t\t\t\t\t\t<h2 data-start=\"1142\" data-end=\"1160\">DESCRIPCI\u00d3N<\/h2>\n<p data-start=\"1162\" data-end=\"1510\">Haga que la hora del ba\u00f1o sea m\u00e1s segura y f\u00e1cil en cualquier lugar con el <strong data-start=\"1212\" data-end=\"1244\">Ba\u00f1era port\u00e1til de viaje para beb\u00e9s<\/strong>. Dise\u00f1ado para beb\u00e9s <strong data-start=\"1266\" data-end=\"1281\">0-36 meses<\/strong>Esta ba\u00f1era plegable <strong data-start=\"1315\" data-end=\"1347\">sensor de temperatura en tiempo real<\/strong>, a <strong data-start=\"1351\" data-end=\"1376\">coj\u00edn flotante blando<\/strong>y un <strong data-start=\"1384\" data-end=\"1406\">sistema de desag\u00fce inteligente<\/strong>El ba\u00f1o de los beb\u00e9s es una experiencia c\u00f3moda y segura, tanto en casa como fuera de ella.<\/p>\t\t\t\t\t\t\t\t<\/div>\n\t\t\t\t<\/div>\n\t\t\t\t<div class=\"elementor-element elementor-element-4d6a56a color-scheme-inherit text-left elementor-widget elementor-widget-text-editor\" data-id=\"4d6a56a\" data-element_type=\"widget\" data-widget_type=\"text-editor.default\">\n\t\t\t\t<div class=\"elementor-widget-container\">\n\t\t\t\t\t\t\t\t\t<h2 data-start=\"1517\" data-end=\"1540\">CARACTER\u00cdSTICAS<\/h2><ul data-start=\"1542\" data-end=\"1846\"><li data-start=\"1542\" data-end=\"1594\"><p data-start=\"1544\" data-end=\"1594\">Sensor de temperatura en tiempo real para un ba\u00f1o m\u00e1s seguro<\/p><\/li><li data-start=\"1595\" data-end=\"1647\"><p data-start=\"1597\" data-end=\"1647\">Dise\u00f1o plegable para viajar y guardar f\u00e1cilmente<\/p><\/li><li data-start=\"1648\" data-end=\"1693\"><p data-start=\"1650\" data-end=\"1693\">Suave coj\u00edn flotante para apoyar a los reci\u00e9n nacidos<\/p><\/li><li data-start=\"1694\" data-end=\"1740\"><p data-start=\"1696\" data-end=\"1740\">Desag\u00fce fuera del suelo con tap\u00f3n de f\u00e1cil extracci\u00f3n<\/p><\/li><li data-start=\"1741\" data-end=\"1793\"><p data-start=\"1743\" data-end=\"1793\">Materiales PP + TPE de primera calidad, seguros y sin olores<\/p><\/li><li data-start=\"1794\" data-end=\"1846\"><p data-start=\"1796\" data-end=\"1846\">Adecuado desde reci\u00e9n nacido hasta ni\u00f1o peque\u00f1o (0-36 meses)<\/p><\/li><\/ul>\t\t\t\t\t\t\t\t<\/div>\n\t\t\t\t<\/div>\n\t\t\t\t\t<\/div>\n\t\t<\/div>\n\t\t\t\t\t<\/div>\n\t\t<\/section>\n\t\t\t\t<section class=\"wd-negative-gap elementor-section elementor-top-section elementor-element elementor-element-879f6d1 elementor-section-boxed elementor-section-height-default elementor-section-height-default\" data-id=\"879f6d1\" data-element_type=\"section\">\n\t\t\t\t\t\t<div class=\"elementor-container elementor-column-gap-default\">\n\t\t\t\t\t<div class=\"elementor-column elementor-col-100 elementor-top-column elementor-element elementor-element-333c44c\" data-id=\"333c44c\" data-element_type=\"column\">\n\t\t\t<div class=\"elementor-widget-wrap elementor-element-populated\">\n\t\t\t\t\t\t<div class=\"elementor-element elementor-element-9ccdd5d elementor-widget elementor-widget-image\" data-id=\"9ccdd5d\" data-element_type=\"widget\" data-widget_type=\"image.default\">\n\t\t\t\t<div class=\"elementor-widget-container\">\n\t\t\t\t\t\t\t\t\t\t\t\t\t\t\t<img decoding=\"async\" width=\"800\" height=\"800\" src=\"https:\/\/babyvk.com\/wp-content\/themes\/woodmart\/images\/lazy.svg\" data-src=\"https:\/\/babyvk.com\/wp-content\/uploads\/2026\/01\/collapsible-baby-bathtub-800x800.jpg\" class=\"wd-lazy-blur attachment-large size-large wp-image-25119 wvs-archive-product-image\" alt=\"ba\u00f1era plegable para beb\u00e9s\" srcset=\"\" data-srcset=\"https:\/\/babyvk.com\/wp-content\/uploads\/2026\/01\/collapsible-baby-bathtub-800x800.jpg 800w, https:\/\/babyvk.com\/wp-content\/uploads\/2026\/01\/collapsible-baby-bathtub-300x300.jpg 300w, https:\/\/babyvk.com\/wp-content\/uploads\/2026\/01\/collapsible-baby-bathtub-150x150.jpg 150w, https:\/\/babyvk.com\/wp-content\/uploads\/2026\/01\/collapsible-baby-bathtub-768x768.jpg 768w, https:\/\/babyvk.com\/wp-content\/uploads\/2026\/01\/collapsible-baby-bathtub-12x12.jpg 12w, https:\/\/babyvk.com\/wp-content\/uploads\/2026\/01\/collapsible-baby-bathtub-1000x1000.jpg 1000w, https:\/\/babyvk.com\/wp-content\/uploads\/2026\/01\/collapsible-baby-bathtub-100x100.jpg 100w, https:\/\/babyvk.com\/wp-content\/uploads\/2026\/01\/collapsible-baby-bathtub-50x50.jpg 50w, https:\/\/babyvk.com\/wp-content\/uploads\/2026\/01\/collapsible-baby-bathtub.jpg 1300w\" sizes=\"(max-width: 800px) 100vw, 800px\" title=\"\">\t\t\t\t\t\t\t\t\t\t\t\t\t\t\t<\/div>\n\t\t\t\t<\/div>\n\t\t\t\t<div class=\"elementor-element elementor-element-178cb55 elementor-widget elementor-widget-image\" data-id=\"178cb55\" data-element_type=\"widget\" data-widget_type=\"image.default\">\n\t\t\t\t<div class=\"elementor-widget-container\">\n\t\t\t\t\t\t\t\t\t\t\t\t\t\t\t<img loading=\"lazy\" decoding=\"async\" width=\"800\" height=\"800\" src=\"https:\/\/babyvk.com\/wp-content\/themes\/woodmart\/images\/lazy.svg\" data-src=\"https:\/\/babyvk.com\/wp-content\/uploads\/2026\/01\/infant-bath-tub-with-thermometer-800x800.jpg\" class=\"wd-lazy-blur attachment-large size-large wp-image-25123 wvs-archive-product-image\" alt=\"ba\u00f1era plegable para beb\u00e9s\" srcset=\"\" data-srcset=\"https:\/\/babyvk.com\/wp-content\/uploads\/2026\/01\/infant-bath-tub-with-thermometer-800x800.jpg 800w, https:\/\/babyvk.com\/wp-content\/uploads\/2026\/01\/infant-bath-tub-with-thermometer-300x300.jpg 300w, https:\/\/babyvk.com\/wp-content\/uploads\/2026\/01\/infant-bath-tub-with-thermometer-150x150.jpg 150w, https:\/\/babyvk.com\/wp-content\/uploads\/2026\/01\/infant-bath-tub-with-thermometer-768x768.jpg 768w, https:\/\/babyvk.com\/wp-content\/uploads\/2026\/01\/infant-bath-tub-with-thermometer-12x12.jpg 12w, https:\/\/babyvk.com\/wp-content\/uploads\/2026\/01\/infant-bath-tub-with-thermometer-1000x1000.jpg 1000w, https:\/\/babyvk.com\/wp-content\/uploads\/2026\/01\/infant-bath-tub-with-thermometer-100x100.jpg 100w, https:\/\/babyvk.com\/wp-content\/uploads\/2026\/01\/infant-bath-tub-with-thermometer-50x50.jpg 50w, https:\/\/babyvk.com\/wp-content\/uploads\/2026\/01\/infant-bath-tub-with-thermometer.jpg 1300w\" sizes=\"(max-width: 800px) 100vw, 800px\" title=\"\">\t\t\t\t\t\t\t\t\t\t\t\t\t\t\t<\/div>\n\t\t\t\t<\/div>\n\t\t\t\t<div class=\"elementor-element elementor-element-79cc748 elementor-widget elementor-widget-image\" data-id=\"79cc748\" data-element_type=\"widget\" data-widget_type=\"image.default\">\n\t\t\t\t<div class=\"elementor-widget-container\">\n\t\t\t\t\t\t\t\t\t\t\t\t\t\t\t<img loading=\"lazy\" decoding=\"async\" width=\"800\" height=\"800\" src=\"https:\/\/babyvk.com\/wp-content\/themes\/woodmart\/images\/lazy.svg\" data-src=\"https:\/\/babyvk.com\/wp-content\/uploads\/2026\/01\/collapsible-infant-bathtub-800x800.jpg\" class=\"wd-lazy-blur attachment-large size-large wp-image-25120 wvs-archive-product-image\" alt=\"ba\u00f1era infantil con sensor de temperatura\" srcset=\"\" data-srcset=\"https:\/\/babyvk.com\/wp-content\/uploads\/2026\/01\/collapsible-infant-bathtub-800x800.jpg 800w, https:\/\/babyvk.com\/wp-content\/uploads\/2026\/01\/collapsible-infant-bathtub-300x300.jpg 300w, https:\/\/babyvk.com\/wp-content\/uploads\/2026\/01\/collapsible-infant-bathtub-150x150.jpg 150w, https:\/\/babyvk.com\/wp-content\/uploads\/2026\/01\/collapsible-infant-bathtub-768x768.jpg 768w, https:\/\/babyvk.com\/wp-content\/uploads\/2026\/01\/collapsible-infant-bathtub-12x12.jpg 12w, https:\/\/babyvk.com\/wp-content\/uploads\/2026\/01\/collapsible-infant-bathtub-1000x1000.jpg 1000w, https:\/\/babyvk.com\/wp-content\/uploads\/2026\/01\/collapsible-infant-bathtub-100x100.jpg 100w, https:\/\/babyvk.com\/wp-content\/uploads\/2026\/01\/collapsible-infant-bathtub-50x50.jpg 50w, https:\/\/babyvk.com\/wp-content\/uploads\/2026\/01\/collapsible-infant-bathtub.jpg 1300w\" sizes=\"(max-width: 800px) 100vw, 800px\" title=\"\">\t\t\t\t\t\t\t\t\t\t\t\t\t\t\t<\/div>\n\t\t\t\t<\/div>\n\t\t\t\t<div class=\"elementor-element elementor-element-b3c6c0f elementor-widget elementor-widget-image\" data-id=\"b3c6c0f\" data-element_type=\"widget\" data-widget_type=\"image.default\">\n\t\t\t\t<div class=\"elementor-widget-container\">\n\t\t\t\t\t\t\t\t\t\t\t\t\t\t\t<img loading=\"lazy\" decoding=\"async\" width=\"800\" height=\"800\" src=\"https:\/\/babyvk.com\/wp-content\/themes\/woodmart\/images\/lazy.svg\" data-src=\"https:\/\/babyvk.com\/wp-content\/uploads\/2026\/01\/baby-bathtub-for-travel-800x800.jpg\" class=\"wd-lazy-blur attachment-large size-large wp-image-25115 wvs-archive-product-image\" alt=\"ba\u00f1era infantil port\u00e1til\" srcset=\"\" data-srcset=\"https:\/\/babyvk.com\/wp-content\/uploads\/2026\/01\/baby-bathtub-for-travel-800x800.jpg 800w, https:\/\/babyvk.com\/wp-content\/uploads\/2026\/01\/baby-bathtub-for-travel-300x300.jpg 300w, https:\/\/babyvk.com\/wp-content\/uploads\/2026\/01\/baby-bathtub-for-travel-150x150.jpg 150w, https:\/\/babyvk.com\/wp-content\/uploads\/2026\/01\/baby-bathtub-for-travel-768x768.jpg 768w, https:\/\/babyvk.com\/wp-content\/uploads\/2026\/01\/baby-bathtub-for-travel-12x12.jpg 12w, https:\/\/babyvk.com\/wp-content\/uploads\/2026\/01\/baby-bathtub-for-travel-1000x1000.jpg 1000w, https:\/\/babyvk.com\/wp-content\/uploads\/2026\/01\/baby-bathtub-for-travel-100x100.jpg 100w, https:\/\/babyvk.com\/wp-content\/uploads\/2026\/01\/baby-bathtub-for-travel-50x50.jpg 50w, https:\/\/babyvk.com\/wp-content\/uploads\/2026\/01\/baby-bathtub-for-travel.jpg 1300w\" sizes=\"(max-width: 800px) 100vw, 800px\" title=\"\">\t\t\t\t\t\t\t\t\t\t\t\t\t\t\t<\/div>\n\t\t\t\t<\/div>\n\t\t\t\t<div class=\"elementor-element elementor-element-858c1e7 elementor-widget elementor-widget-image\" data-id=\"858c1e7\" data-element_type=\"widget\" data-widget_type=\"image.default\">\n\t\t\t\t<div class=\"elementor-widget-container\">\n\t\t\t\t\t\t\t\t\t\t\t\t\t\t\t<img loading=\"lazy\" decoding=\"async\" width=\"801\" height=\"800\" src=\"https:\/\/babyvk.com\/wp-content\/themes\/woodmart\/images\/lazy.svg\" data-src=\"https:\/\/babyvk.com\/wp-content\/uploads\/2026\/01\/portable-baby-bathtub-801x800.jpg\" class=\"wd-lazy-blur attachment-large size-large wp-image-25111 wvs-archive-product-image\" alt=\"collapsible infant bathtub\" srcset=\"\" data-srcset=\"https:\/\/babyvk.com\/wp-content\/uploads\/2026\/01\/portable-baby-bathtub-801x800.jpg 801w, https:\/\/babyvk.com\/wp-content\/uploads\/2026\/01\/portable-baby-bathtub-300x300.jpg 300w, https:\/\/babyvk.com\/wp-content\/uploads\/2026\/01\/portable-baby-bathtub-150x150.jpg 150w, https:\/\/babyvk.com\/wp-content\/uploads\/2026\/01\/portable-baby-bathtub-768x767.jpg 768w, https:\/\/babyvk.com\/wp-content\/uploads\/2026\/01\/portable-baby-bathtub-12x12.jpg 12w, https:\/\/babyvk.com\/wp-content\/uploads\/2026\/01\/portable-baby-bathtub-1000x999.jpg 1000w, https:\/\/babyvk.com\/wp-content\/uploads\/2026\/01\/portable-baby-bathtub-100x100.jpg 100w, https:\/\/babyvk.com\/wp-content\/uploads\/2026\/01\/portable-baby-bathtub-50x50.jpg 50w, https:\/\/babyvk.com\/wp-content\/uploads\/2026\/01\/portable-baby-bathtub.jpg 1300w\" sizes=\"(max-width: 801px) 100vw, 801px\" title=\"\">\t\t\t\t\t\t\t\t\t\t\t\t\t\t\t<\/div>\n\t\t\t\t<\/div>\n\t\t\t\t<div class=\"elementor-element elementor-element-e6b21fa elementor-widget elementor-widget-image\" data-id=\"e6b21fa\" data-element_type=\"widget\" data-widget_type=\"image.default\">\n\t\t\t\t<div class=\"elementor-widget-container\">\n\t\t\t\t\t\t\t\t\t\t\t\t\t\t\t<img loading=\"lazy\" decoding=\"async\" width=\"800\" height=\"800\" src=\"https:\/\/babyvk.com\/wp-content\/themes\/woodmart\/images\/lazy.svg\" data-src=\"https:\/\/babyvk.com\/wp-content\/uploads\/2026\/01\/compact-baby-bathtub-800x800.jpg\" class=\"wd-lazy-blur attachment-large size-large wp-image-25121 wvs-archive-product-image\" alt=\"ba\u00f1era para beb\u00e9s con term\u00f3metro\" srcset=\"\" data-srcset=\"https:\/\/babyvk.com\/wp-content\/uploads\/2026\/01\/compact-baby-bathtub-800x800.jpg 800w, https:\/\/babyvk.com\/wp-content\/uploads\/2026\/01\/compact-baby-bathtub-300x300.jpg 300w, https:\/\/babyvk.com\/wp-content\/uploads\/2026\/01\/compact-baby-bathtub-150x150.jpg 150w, https:\/\/babyvk.com\/wp-content\/uploads\/2026\/01\/compact-baby-bathtub-768x768.jpg 768w, https:\/\/babyvk.com\/wp-content\/uploads\/2026\/01\/compact-baby-bathtub-12x12.jpg 12w, https:\/\/babyvk.com\/wp-content\/uploads\/2026\/01\/compact-baby-bathtub-1000x1000.jpg 1000w, https:\/\/babyvk.com\/wp-content\/uploads\/2026\/01\/compact-baby-bathtub-100x100.jpg 100w, https:\/\/babyvk.com\/wp-content\/uploads\/2026\/01\/compact-baby-bathtub-50x50.jpg 50w, https:\/\/babyvk.com\/wp-content\/uploads\/2026\/01\/compact-baby-bathtub.jpg 1300w\" sizes=\"(max-width: 800px) 100vw, 800px\" title=\"\">\t\t\t\t\t\t\t\t\t\t\t\t\t\t\t<\/div>\n\t\t\t\t<\/div>\n\t\t\t\t<div class=\"elementor-element elementor-element-000379f elementor-widget elementor-widget-image\" data-id=\"000379f\" data-element_type=\"widget\" data-widget_type=\"image.default\">\n\t\t\t\t<div class=\"elementor-widget-container\">\n\t\t\t\t\t\t\t\t\t\t\t\t\t\t\t<img loading=\"lazy\" decoding=\"async\" width=\"800\" height=\"800\" src=\"https:\/\/babyvk.com\/wp-content\/themes\/woodmart\/images\/lazy.svg\" data-src=\"https:\/\/babyvk.com\/wp-content\/uploads\/2026\/01\/portable-infant-bathtub-800x800.jpg\" class=\"wd-lazy-blur attachment-large size-large wp-image-25112 wvs-archive-product-image\" alt=\"baby bath tub with drain hole\" srcset=\"\" data-srcset=\"https:\/\/babyvk.com\/wp-content\/uploads\/2026\/01\/portable-infant-bathtub-800x800.jpg 800w, https:\/\/babyvk.com\/wp-content\/uploads\/2026\/01\/portable-infant-bathtub-300x300.jpg 300w, https:\/\/babyvk.com\/wp-content\/uploads\/2026\/01\/portable-infant-bathtub-150x150.jpg 150w, https:\/\/babyvk.com\/wp-content\/uploads\/2026\/01\/portable-infant-bathtub-768x768.jpg 768w, https:\/\/babyvk.com\/wp-content\/uploads\/2026\/01\/portable-infant-bathtub-12x12.jpg 12w, https:\/\/babyvk.com\/wp-content\/uploads\/2026\/01\/portable-infant-bathtub-1000x1000.jpg 1000w, https:\/\/babyvk.com\/wp-content\/uploads\/2026\/01\/portable-infant-bathtub-100x100.jpg 100w, https:\/\/babyvk.com\/wp-content\/uploads\/2026\/01\/portable-infant-bathtub-50x50.jpg 50w, https:\/\/babyvk.com\/wp-content\/uploads\/2026\/01\/portable-infant-bathtub.jpg 1300w\" sizes=\"(max-width: 800px) 100vw, 800px\" title=\"\">\t\t\t\t\t\t\t\t\t\t\t\t\t\t\t<\/div>\n\t\t\t\t<\/div>\n\t\t\t\t\t<\/div>\n\t\t<\/div>\n\t\t\t\t\t<\/div>\n\t\t<\/section>\n\t\t\t\t<section class=\"wd-negative-gap elementor-section elementor-top-section elementor-element elementor-element-148a65e elementor-section-boxed elementor-section-height-default elementor-section-height-default\" data-id=\"148a65e\" data-element_type=\"section\">\n\t\t\t\t\t\t<div class=\"elementor-container elementor-column-gap-default\">\n\t\t\t\t\t<div class=\"elementor-column elementor-col-100 elementor-top-column elementor-element elementor-element-f88b008\" data-id=\"f88b008\" data-element_type=\"column\">\n\t\t\t<div class=\"elementor-widget-wrap elementor-element-populated\">\n\t\t\t\t\t\t<div class=\"elementor-element elementor-element-0ad525f color-scheme-inherit text-left elementor-widget elementor-widget-text-editor\" data-id=\"0ad525f\" data-element_type=\"widget\" data-widget_type=\"text-editor.default\">\n\t\t\t\t<div class=\"elementor-widget-container\">\n\t\t\t\t\t\t\t\t\t<h2 data-start=\"2150\" data-end=\"2176\">\u00bfPOR QU\u00c9 LES ENCANTA A LOS PADRES?<\/h2><p data-start=\"2178\" data-end=\"2465\">A los padres les encanta esta ba\u00f1era porque <strong data-start=\"2215\" data-end=\"2252\">elimina el estr\u00e9s de la hora del ba\u00f1o<\/strong>. El term\u00f3metro incorporado ayuda a evitar errores en la temperatura del agua, el suave coj\u00edn mantiene c\u00f3modos a los beb\u00e9s y el dise\u00f1o plegable facilita guardarla o llevarla a cualquier parte: todo en una ba\u00f1era inteligente y duradera.<\/p>\t\t\t\t\t\t\t\t<\/div>\n\t\t\t\t<\/div>\n\t\t\t\t\t<\/div>\n\t\t<\/div>\n\t\t\t\t\t<\/div>\n\t\t<\/section>\n\t\t\t\t<\/div>","protected":false},"excerpt":{"rendered":"<p><strong data-start=\"992\" data-end=\"1030\">\u00bfNecesitas un regalo pr\u00e1ctico para la fiesta del beb\u00e9?<\/strong> La ba\u00f1era de viaje para beb\u00e9s con coj\u00edn flotante combina seguridad, portabilidad y un dise\u00f1o inteligente que encanta a los padres.<\/p>","protected":false},"featured_media":25122,"comment_status":"open","ping_status":"closed","template":"","meta":{"_acf_changed":false},"product_brand":[],"product_cat":[29],"product_tag":[1175,1174,1176,1177,1173,1178],"class_list":{"0":"post-25125","1":"product","2":"type-product","3":"status-publish","4":"has-post-thumbnail","6":"product_cat-best-baby-care","7":"product_tag-baby-bathtub-with-thermometer","8":"product_tag-collapsible-baby-bathtub","9":"product_tag-foldable-baby-bathtub","10":"product_tag-newborn-baby-bathtub","11":"product_tag-portable-baby-bathtub","12":"product_tag-portable-infant-bathtub","14":"first","15":"instock","16":"sale","17":"taxable","18":"shipping-taxable","19":"purchasable","20":"product-type-variable","21":"wvs-archive-product-wrapper"},"acf":[],"_links":{"self":[{"href":"https:\/\/babyvk.com\/es\/wp-json\/wp\/v2\/product\/25125","targetHints":{"allow":["GET"]}}],"collection":[{"href":"https:\/\/babyvk.com\/es\/wp-json\/wp\/v2\/product"}],"about":[{"href":"https:\/\/babyvk.com\/es\/wp-json\/wp\/v2\/types\/product"}],"replies":[{"embeddable":true,"href":"https:\/\/babyvk.com\/es\/wp-json\/wp\/v2\/comments?post=25125"}],"version-history":[{"count":11,"href":"https:\/\/babyvk.com\/es\/wp-json\/wp\/v2\/product\/25125\/revisions"}],"predecessor-version":[{"id":25140,"href":"https:\/\/babyvk.com\/es\/wp-json\/wp\/v2\/product\/25125\/revisions\/25140"}],"wp:featuredmedia":[{"embeddable":true,"href":"https:\/\/babyvk.com\/es\/wp-json\/wp\/v2\/media\/25122"}],"wp:attachment":[{"href":"https:\/\/babyvk.com\/es\/wp-json\/wp\/v2\/media?parent=25125"}],"wp:term":[{"taxonomy":"product_brand","embeddable":true,"href":"https:\/\/babyvk.com\/es\/wp-json\/wp\/v2\/product_brand?post=25125"},{"taxonomy":"product_cat","embeddable":true,"href":"https:\/\/babyvk.com\/es\/wp-json\/wp\/v2\/product_cat?post=25125"},{"taxonomy":"product_tag","embeddable":true,"href":"https:\/\/babyvk.com\/es\/wp-json\/wp\/v2\/product_tag?post=25125"}],"curies":[{"name":"wp","href":"https:\/\/api.w.org\/{rel}","templated":true}]}}