{"id":25092,"date":"2026-01-21T16:48:31","date_gmt":"2026-01-21T16:48:31","guid":{"rendered":"https:\/\/babyvk.com\/?post_type=product&#038;p=25092"},"modified":"2026-01-21T17:05:27","modified_gmt":"2026-01-21T17:05:27","slug":"2-in-1-toddler-potty-seat-with-steps","status":"publish","type":"product","link":"https:\/\/babyvk.com\/es\/product\/2-in-1-toddler-potty-seat-with-steps\/","title":{"rendered":"Orinal 2 en 1 para ni\u00f1os peque\u00f1os con escalones"},"content":{"rendered":"<div data-elementor-type=\"product-post\" data-elementor-id=\"25092\" class=\"elementor elementor-25092\" data-elementor-post-type=\"product\">\n\t\t\t\t\t\t<section class=\"wd-negative-gap elementor-section elementor-top-section elementor-element elementor-element-4fc6fcb elementor-section-boxed elementor-section-height-default elementor-section-height-default\" data-id=\"4fc6fcb\" data-element_type=\"section\">\n\t\t\t\t\t\t<div class=\"elementor-container elementor-column-gap-default\">\n\t\t\t\t\t<div class=\"elementor-column elementor-col-100 elementor-top-column elementor-element elementor-element-df1ba9f\" data-id=\"df1ba9f\" data-element_type=\"column\">\n\t\t\t<div class=\"elementor-widget-wrap elementor-element-populated\">\n\t\t\t\t\t\t<div class=\"elementor-element elementor-element-68f3c4f color-scheme-inherit text-left elementor-widget elementor-widget-text-editor\" data-id=\"68f3c4f\" data-element_type=\"widget\" data-widget_type=\"text-editor.default\">\n\t\t\t\t<div class=\"elementor-widget-container\">\n\t\t\t\t\t\t\t\t\t<h2 data-start=\"1231\" data-end=\"1255\">DESCRIPCI\u00d3N<\/h2>\n<p data-start=\"1257\" data-end=\"1555\">Haga que el aprendizaje para ir al ba\u00f1o sea m\u00e1s f\u00e1cil y seguro con el <strong data-start=\"1303\" data-end=\"1351\">Asiento ajustable 2 en 1 para el orinal<\/strong>. Dise\u00f1ado para adaptarse a la mayor\u00eda de los inodoros, este orinal plegable combina un suave asiento acolchado con una robusta escalera de mano, lo que ayuda a los ni\u00f1os peque\u00f1os a ganar confianza e independencia y a los padres a despreocuparse.<\/p>\t\t\t\t\t\t\t\t<\/div>\n\t\t\t\t<\/div>\n\t\t\t\t<div class=\"elementor-element elementor-element-b85a2d3 color-scheme-inherit text-left elementor-widget elementor-widget-text-editor\" data-id=\"b85a2d3\" data-element_type=\"widget\" data-widget_type=\"text-editor.default\">\n\t\t\t\t<div class=\"elementor-widget-container\">\n\t\t\t\t\t\t\t\t\t<h2 data-start=\"1562\" data-end=\"1585\">CARACTER\u00cdSTICAS<\/h2>\n<ul data-start=\"1587\" data-end=\"1868\">\n \t<li data-start=\"1587\" data-end=\"1638\">\n<p data-start=\"1589\" data-end=\"1638\">\u2705 Dise\u00f1o 2 en 1: orinal + escalera taburete<\/p>\n<\/li>\n \t<li data-start=\"1639\" data-end=\"1691\">\n<p data-start=\"1641\" data-end=\"1691\">\u2705 Se adapta a la mayor\u00eda de las formas de inodoro (V, U, O - no cuadrado).<\/p>\n<\/li>\n \t<li data-start=\"1692\" data-end=\"1739\">\n<p data-start=\"1694\" data-end=\"1739\">\u2705 Pelda\u00f1os y almohadillas antideslizantes para mayor seguridad.<\/p>\n<\/li>\n \t<li data-start=\"1740\" data-end=\"1781\">\n<p data-start=\"1742\" data-end=\"1781\">\u2705 Coj\u00edn suave y extra\u00edble para mayor comodidad.<\/p>\n<\/li>\n \t<li data-start=\"1782\" data-end=\"1820\">\n<p data-start=\"1784\" data-end=\"1820\">\u2705 Dise\u00f1o plegable que ahorra espacio<\/p>\n<\/li>\n \t<li data-start=\"1821\" data-end=\"1868\">\n<p data-start=\"1823\" data-end=\"1868\">\u2705 Recoge pip\u00ed a prueba de salpicaduras para facilitar la limpieza<\/p>\n<\/li>\n<\/ul>\t\t\t\t\t\t\t\t<\/div>\n\t\t\t\t<\/div>\n\t\t\t\t<div class=\"elementor-element elementor-element-fd81fd5 color-scheme-inherit text-left elementor-widget elementor-widget-text-editor\" data-id=\"fd81fd5\" data-element_type=\"widget\" data-widget_type=\"text-editor.default\">\n\t\t\t\t<div class=\"elementor-widget-container\">\n\t\t\t\t\t\t\t\t\t<h2 data-start=\"1875\" data-end=\"1896\">ESPECIFICACIONES<\/h2>\n<ul data-start=\"1898\" data-end=\"2204\">\n \t<li data-start=\"1898\" data-end=\"1954\">\n<p data-start=\"1900\" data-end=\"1954\"><strong data-start=\"1900\" data-end=\"1917\">Tipo de producto:<\/strong> Asiento de v\u00e1ter para ni\u00f1os peque\u00f1os<\/p>\n<\/li>\n \t<li data-start=\"1955\" data-end=\"2008\">\n<p data-start=\"1957\" data-end=\"2008\"><strong data-start=\"1957\" data-end=\"1970\">Funci\u00f3n:<\/strong> Asiento orinal y escalera para el inodoro (2 en 1)<\/p>\n<\/li>\n \t<li data-start=\"2009\" data-end=\"2044\">\n<p data-start=\"2011\" data-end=\"2044\"><strong data-start=\"2011\" data-end=\"2024\">Material:<\/strong> PP + Coj\u00edn blando<\/p>\n<\/li>\n \t<li data-start=\"2045\" data-end=\"2088\">\n<p data-start=\"2047\" data-end=\"2088\"><strong data-start=\"2047\" data-end=\"2067\">Capacidad de peso:<\/strong> Hasta 75 kg<\/p>\n<\/li>\n \t<li data-start=\"2089\" data-end=\"2125\">\n<p data-start=\"2091\" data-end=\"2125\"><strong data-start=\"2091\" data-end=\"2108\">Adecuado para:<\/strong> Ni\u00f1os y ni\u00f1as<\/p>\n<\/li>\n \t<li data-start=\"2126\" data-end=\"2177\">\n<p data-start=\"2128\" data-end=\"2177\"><strong data-start=\"2128\" data-end=\"2145\">Instalaci\u00f3n:<\/strong> Montaje r\u00e1pido (5-10 minutos)<\/p>\n<\/li>\n \t<li data-start=\"2178\" data-end=\"2204\">\n<p data-start=\"2180\" data-end=\"2204\"><strong data-start=\"2180\" data-end=\"2191\">Colores:<\/strong> Gris<\/p>\n<\/li>\n<\/ul>\t\t\t\t\t\t\t\t<\/div>\n\t\t\t\t<\/div>\n\t\t\t\t<div class=\"elementor-element elementor-element-73be7aa color-scheme-inherit text-left elementor-widget elementor-widget-text-editor\" data-id=\"73be7aa\" data-element_type=\"widget\" data-widget_type=\"text-editor.default\">\n\t\t\t\t<div class=\"elementor-widget-container\">\n\t\t\t\t\t\t\t\t\t<h2 data-start=\"2211\" data-end=\"2237\">\u00bfPOR QU\u00c9 LES ENCANTA A LOS PADRES?<\/h2>\n<p data-start=\"2239\" data-end=\"2536\">A los padres les encanta <strong data-start=\"2257\" data-end=\"2295\">Asiento de v\u00e1ter para ni\u00f1os peque\u00f1os<\/strong> porque ayuda a los ni\u00f1os a usar el inodoro de forma independiente, sin dejar de estar seguros y c\u00f3modos. Su construcci\u00f3n robusta, su dise\u00f1o antideslizante y su estructura plegable hacen que el aprendizaje para ir al ba\u00f1o sea menos estresante, m\u00e1s limpio y m\u00e1s c\u00f3modo para la vida familiar diaria.<\/p>\t\t\t\t\t\t\t\t<\/div>\n\t\t\t\t<\/div>\n\t\t\t\t\t<\/div>\n\t\t<\/div>\n\t\t\t\t\t<\/div>\n\t\t<\/section>\n\t\t\t\t<\/div>","protected":false},"excerpt":{"rendered":"<p><strong data-start=\"447\" data-end=\"490\">\u00bfTe cuesta ense\u00f1ar a tu hijo a ir al ba\u00f1o?<\/strong> El Asiento con Escalera para el Orinal Infantil ayuda a los ni\u00f1os a subir con seguridad, sentarse c\u00f3modamente y aprender a ser independientes m\u00e1s r\u00e1pidamente.<\/p>","protected":false},"featured_media":25087,"comment_status":"open","ping_status":"closed","template":"","meta":{"_acf_changed":false},"product_brand":[],"product_cat":[29],"product_tag":[1169,1171,1172,1170,1168,1167],"class_list":{"0":"post-25092","1":"product","2":"type-product","3":"status-publish","4":"has-post-thumbnail","6":"product_cat-best-baby-care","7":"product_tag-2-in-1-potty-chair-for-toddlers","8":"product_tag-adjustable-potty-training-seat","9":"product_tag-foldable-toddler-potty-seat","10":"product_tag-kids-toilet-training-seat","11":"product_tag-potty-training-seat-with-ladder","12":"product_tag-toddler-potty-training-toilet-seat","14":"first","15":"instock","16":"sale","17":"taxable","18":"shipping-taxable","19":"purchasable","20":"product-type-variable","21":"wvs-archive-product-wrapper"},"acf":[],"_links":{"self":[{"href":"https:\/\/babyvk.com\/es\/wp-json\/wp\/v2\/product\/25092","targetHints":{"allow":["GET"]}}],"collection":[{"href":"https:\/\/babyvk.com\/es\/wp-json\/wp\/v2\/product"}],"about":[{"href":"https:\/\/babyvk.com\/es\/wp-json\/wp\/v2\/types\/product"}],"replies":[{"embeddable":true,"href":"https:\/\/babyvk.com\/es\/wp-json\/wp\/v2\/comments?post=25092"}],"version-history":[{"count":4,"href":"https:\/\/babyvk.com\/es\/wp-json\/wp\/v2\/product\/25092\/revisions"}],"predecessor-version":[{"id":25098,"href":"https:\/\/babyvk.com\/es\/wp-json\/wp\/v2\/product\/25092\/revisions\/25098"}],"wp:featuredmedia":[{"embeddable":true,"href":"https:\/\/babyvk.com\/es\/wp-json\/wp\/v2\/media\/25087"}],"wp:attachment":[{"href":"https:\/\/babyvk.com\/es\/wp-json\/wp\/v2\/media?parent=25092"}],"wp:term":[{"taxonomy":"product_brand","embeddable":true,"href":"https:\/\/babyvk.com\/es\/wp-json\/wp\/v2\/product_brand?post=25092"},{"taxonomy":"product_cat","embeddable":true,"href":"https:\/\/babyvk.com\/es\/wp-json\/wp\/v2\/product_cat?post=25092"},{"taxonomy":"product_tag","embeddable":true,"href":"https:\/\/babyvk.com\/es\/wp-json\/wp\/v2\/product_tag?post=25092"}],"curies":[{"name":"wp","href":"https:\/\/api.w.org\/{rel}","templated":true}]}}