{"id":24876,"date":"2026-01-01T15:39:16","date_gmt":"2026-01-01T15:39:16","guid":{"rendered":"https:\/\/babyvk.com\/?post_type=product&#038;p=24876"},"modified":"2026-01-01T17:24:59","modified_gmt":"2026-01-01T17:24:59","slug":"foldable-baby-bath-stand","status":"publish","type":"product","link":"https:\/\/babyvk.com\/es\/product\/foldable-baby-bath-stand\/","title":{"rendered":"Soporte plegable para ba\u00f1era de beb\u00e9"},"content":{"rendered":"<div data-elementor-type=\"product-post\" data-elementor-id=\"24876\" class=\"elementor elementor-24876\" data-elementor-post-type=\"product\">\n\t\t\t\t\t\t<section class=\"wd-negative-gap elementor-section elementor-top-section elementor-element elementor-element-7a7060c elementor-section-boxed elementor-section-height-default elementor-section-height-default\" data-id=\"7a7060c\" data-element_type=\"section\">\n\t\t\t\t\t\t<div class=\"elementor-container elementor-column-gap-default\">\n\t\t\t\t\t<div class=\"elementor-column elementor-col-100 elementor-top-column elementor-element elementor-element-20129eb\" data-id=\"20129eb\" data-element_type=\"column\">\n\t\t\t<div class=\"elementor-widget-wrap elementor-element-populated\">\n\t\t\t\t\t\t<div class=\"elementor-element elementor-element-df46238 color-scheme-inherit text-left elementor-widget elementor-widget-text-editor\" data-id=\"df46238\" data-element_type=\"widget\" data-widget_type=\"text-editor.default\">\n\t\t\t\t<div class=\"elementor-widget-container\">\n\t\t\t\t\t\t\t\t\t<p>Mantenga la hora del ba\u00f1o segura y sin estr\u00e9s con el <strong data-start=\"1255\" data-end=\"1293\">Soporte de ba\u00f1o plegable para beb\u00e9s y ni\u00f1os peque\u00f1os<\/strong>. Dise\u00f1ado ergon\u00f3micamente con altura ajustable y soporte para la espalda, almohadillas antideslizantes y una base triangular estable, garantiza que su beb\u00e9 est\u00e9 c\u00f3modo y seguro mientras se ba\u00f1a. F\u00e1cil de montar, plegar y limpiar, este soporte es ideal para beb\u00e9s y ni\u00f1os peque\u00f1os de 8 a 36 meses.<\/p>\t\t\t\t\t\t\t\t<\/div>\n\t\t\t\t<\/div>\n\t\t\t\t<div class=\"elementor-element elementor-element-cd8546d color-scheme-inherit text-left elementor-widget elementor-widget-text-editor\" data-id=\"cd8546d\" data-element_type=\"widget\" data-widget_type=\"text-editor.default\">\n\t\t\t\t<div class=\"elementor-widget-container\">\n\t\t\t\t\t\t\t\t\t<h2>Caracter\u00edsticas<\/h2><ul data-start=\"1543\" data-end=\"2261\"><li data-start=\"1543\" data-end=\"1658\"><p data-start=\"1545\" data-end=\"1658\"><strong data-start=\"1547\" data-end=\"1580\">Dise\u00f1o ergon\u00f3mico y ajustable<\/strong> - Apoya a los beb\u00e9s de 8 a 36 meses con ajuste del respaldo para una postura saludable.<\/p><\/li><li data-start=\"1659\" data-end=\"1780\"><p data-start=\"1661\" data-end=\"1780\"><strong data-start=\"1663\" data-end=\"1691\">Seguridad estable y antideslizante<\/strong> - La estructura triangular con almohadillas antideslizantes y orificios de drenaje de agua evita resbalones.<\/p><\/li><li data-start=\"1781\" data-end=\"1885\"><p data-start=\"1783\" data-end=\"1885\"><strong data-start=\"1785\" data-end=\"1813\">F\u00e1cil montaje y limpieza<\/strong> - Estructura de tres niveles que encaja en su sitio; se pliega r\u00e1pidamente para guardarla.<\/p><\/li><li data-start=\"1886\" data-end=\"2023\"><p data-start=\"1888\" data-end=\"2023\"><strong data-start=\"1890\" data-end=\"1920\">Dise\u00f1o vers\u00e1til multiusos<\/strong> - Sirve como asiento de ba\u00f1o con reposabrazos ajustables para ba\u00f1arse, cambiar pa\u00f1ales o aplicar lociones.<\/p><\/li><li data-start=\"2024\" data-end=\"2111\"><p data-start=\"2026\" data-end=\"2111\"><strong data-start=\"2028\" data-end=\"2054\">Soporte de ducha integrado<\/strong> - Comodidad manos libres para los padres durante el ba\u00f1o.<\/p><\/li><li data-start=\"2112\" data-end=\"2261\"><p data-start=\"2114\" data-end=\"2261\"><strong data-start=\"2116\" data-end=\"2154\">Altura ajustable y fuerte apoyo<\/strong> - Altura 18.5-22.83 in, estribo equilibrado, soporte ancho y fuerte, asa de f\u00e1cil apertura, estructura de flujo de agua.<\/p><\/li><\/ul>\t\t\t\t\t\t\t\t<\/div>\n\t\t\t\t<\/div>\n\t\t\t\t<div class=\"elementor-element elementor-element-9fd496a color-scheme-inherit text-left elementor-widget elementor-widget-text-editor\" data-id=\"9fd496a\" data-element_type=\"widget\" data-widget_type=\"text-editor.default\">\n\t\t\t\t<div class=\"elementor-widget-container\">\n\t\t\t\t\t\t\t\t\t<h2 data-start=\"2268\" data-end=\"2291\">Especificaciones<\/h2><ul data-start=\"2292\" data-end=\"2630\"><li data-start=\"2292\" data-end=\"2348\"><p data-start=\"2294\" data-end=\"2348\"><strong data-start=\"2294\" data-end=\"2311\">Nombre del producto:<\/strong> Soporte plegable para ba\u00f1era de beb\u00e9<\/p><\/li><li data-start=\"2349\" data-end=\"2378\"><p data-start=\"2351\" data-end=\"2378\"><strong data-start=\"2351\" data-end=\"2364\">Material:<\/strong> Pl\u00e1stico ABS<\/p><\/li><li data-start=\"2379\" data-end=\"2409\"><p data-start=\"2381\" data-end=\"2409\"><strong data-start=\"2381\" data-end=\"2395\">Edades:<\/strong> 8-36 meses<\/p><\/li><li data-start=\"2410\" data-end=\"2454\"><p data-start=\"2412\" data-end=\"2454\"><strong data-start=\"2412\" data-end=\"2434\">Altura regulable:<\/strong> 18,5-22,83 pulgadas<\/p><\/li><li data-start=\"2576\" data-end=\"2630\"><p data-start=\"2578\" data-end=\"2630\"><strong data-start=\"2578\" data-end=\"2599\">El paquete incluye:<\/strong> 1 x Soporte plegable para ba\u00f1era de beb\u00e9<\/p><\/li><\/ul>\t\t\t\t\t\t\t\t<\/div>\n\t\t\t\t<\/div>\n\t\t\t\t<div class=\"elementor-element elementor-element-047a22a color-scheme-inherit text-left elementor-widget elementor-widget-text-editor\" data-id=\"047a22a\" data-element_type=\"widget\" data-widget_type=\"text-editor.default\">\n\t\t\t\t<div class=\"elementor-widget-container\">\n\t\t\t\t\t\t\t\t\t<h2>Por qu\u00e9 les encanta a los padres\uff1f<\/h2><p data-start=\"2666\" data-end=\"3001\">A los padres les encanta <strong data-start=\"2684\" data-end=\"2712\">Soporte plegable para ba\u00f1era de beb\u00e9<\/strong> porque <strong data-start=\"2724\" data-end=\"2774\">hace que la hora del ba\u00f1o sea m\u00e1s segura, f\u00e1cil y sin estr\u00e9s<\/strong>. Su soporte ergon\u00f3mico, base antideslizante, altura regulable y soporte de ducha incorporado proporcionan tranquilidad. El dise\u00f1o plegable ahorra espacio, mientras que la funcionalidad vers\u00e1til funciona para el ba\u00f1o, el cambio de pa\u00f1ales o la aplicaci\u00f3n de lociones.<\/p>\t\t\t\t\t\t\t\t<\/div>\n\t\t\t\t<\/div>\n\t\t\t\t\t<\/div>\n\t\t<\/div>\n\t\t\t\t\t<\/div>\n\t\t<\/section>\n\t\t\t\t<\/div>","protected":false},"excerpt":{"rendered":"<p><strong data-start=\"420\" data-end=\"474\">\u00bfCansado de batallar para ba\u00f1ar a su escurridizo hijo?<\/strong> El soporte plegable para el ba\u00f1o del beb\u00e9 mantiene a su beb\u00e9 seguro con almohadillas antideslizantes, soporte ergon\u00f3mico y altura ajustable.<\/p>","protected":false},"featured_media":24873,"comment_status":"open","ping_status":"closed","template":"","meta":{"_acf_changed":false},"product_brand":[],"product_cat":[29],"product_tag":[1166,1123,1162,1164,1163,1165],"class_list":{"0":"post-24876","1":"product","2":"type-product","3":"status-publish","4":"has-post-thumbnail","6":"product_cat-best-baby-care","7":"product_tag-adjustable-height-baby-bath-stand","8":"product_tag-anti-slip-baby-bath-seat","9":"product_tag-foldable-baby-bath-stand","10":"product_tag-standing-baby-bathtub-support","11":"product_tag-toddler-bath-stand","12":"product_tag-toddler-shower-stand","14":"first","15":"instock","16":"sale","17":"taxable","18":"shipping-taxable","19":"purchasable","20":"product-type-variable","21":"wvs-archive-product-wrapper"},"acf":[],"_links":{"self":[{"href":"https:\/\/babyvk.com\/es\/wp-json\/wp\/v2\/product\/24876","targetHints":{"allow":["GET"]}}],"collection":[{"href":"https:\/\/babyvk.com\/es\/wp-json\/wp\/v2\/product"}],"about":[{"href":"https:\/\/babyvk.com\/es\/wp-json\/wp\/v2\/types\/product"}],"replies":[{"embeddable":true,"href":"https:\/\/babyvk.com\/es\/wp-json\/wp\/v2\/comments?post=24876"}],"version-history":[{"count":4,"href":"https:\/\/babyvk.com\/es\/wp-json\/wp\/v2\/product\/24876\/revisions"}],"predecessor-version":[{"id":24882,"href":"https:\/\/babyvk.com\/es\/wp-json\/wp\/v2\/product\/24876\/revisions\/24882"}],"wp:featuredmedia":[{"embeddable":true,"href":"https:\/\/babyvk.com\/es\/wp-json\/wp\/v2\/media\/24873"}],"wp:attachment":[{"href":"https:\/\/babyvk.com\/es\/wp-json\/wp\/v2\/media?parent=24876"}],"wp:term":[{"taxonomy":"product_brand","embeddable":true,"href":"https:\/\/babyvk.com\/es\/wp-json\/wp\/v2\/product_brand?post=24876"},{"taxonomy":"product_cat","embeddable":true,"href":"https:\/\/babyvk.com\/es\/wp-json\/wp\/v2\/product_cat?post=24876"},{"taxonomy":"product_tag","embeddable":true,"href":"https:\/\/babyvk.com\/es\/wp-json\/wp\/v2\/product_tag?post=24876"}],"curies":[{"name":"wp","href":"https:\/\/api.w.org\/{rel}","templated":true}]}}