{"id":24487,"date":"2025-11-20T17:15:09","date_gmt":"2025-11-20T17:15:09","guid":{"rendered":"https:\/\/babyvk.com\/?post_type=product&#038;p=24487"},"modified":"2025-11-20T17:32:15","modified_gmt":"2025-11-20T17:32:15","slug":"silicone-baby-teething-toy","status":"publish","type":"product","link":"https:\/\/babyvk.com\/es\/product\/silicone-baby-teething-toy\/","title":{"rendered":"Juguete de silicona para la dentici\u00f3n del beb\u00e9"},"content":{"rendered":"<div data-elementor-type=\"product-post\" data-elementor-id=\"24487\" class=\"elementor elementor-24487\" data-elementor-post-type=\"product\">\n\t\t\t\t\t\t<section class=\"wd-negative-gap elementor-section elementor-top-section elementor-element elementor-element-492caa2 elementor-section-boxed elementor-section-height-default elementor-section-height-default\" data-id=\"492caa2\" data-element_type=\"section\">\n\t\t\t\t\t\t<div class=\"elementor-container elementor-column-gap-default\">\n\t\t\t\t\t<div class=\"elementor-column elementor-col-100 elementor-top-column elementor-element elementor-element-82555ea\" data-id=\"82555ea\" data-element_type=\"column\">\n\t\t\t<div class=\"elementor-widget-wrap elementor-element-populated\">\n\t\t\t\t\t\t<div class=\"elementor-element elementor-element-9e6d458 color-scheme-inherit text-left elementor-widget elementor-widget-text-editor\" data-id=\"9e6d458\" data-element_type=\"widget\" data-widget_type=\"text-editor.default\">\n\t\t\t\t<div class=\"elementor-widget-container\">\n\t\t\t\t\t\t\t\t\t<h2 data-start=\"1183\" data-end=\"1206\">Descripci\u00f3n<\/h2><p data-start=\"1208\" data-end=\"1581\">Este <strong data-start=\"1213\" data-end=\"1256\">Mordedor de silicona para beb\u00e9s con base de succi\u00f3n<\/strong> est\u00e1 fabricado con silicona l\u00edquida de calidad alimentaria, ofreciendo una experiencia de masticaci\u00f3n suave, el\u00e1stica y sin olores que alivia de forma segura las molestias de la dentici\u00f3n. Dise\u00f1ado con un escudo antimordeduras de 180\u00b0, una textura similar a la del pecho y una base de succi\u00f3n que se adhiere firmemente a las mesas, ayuda a los beb\u00e9s a masticar de forma segura a la vez que evita que se muerdan las manos y los h\u00e1bitos antihigi\u00e9nicos.<\/p>\t\t\t\t\t\t\t\t<\/div>\n\t\t\t\t<\/div>\n\t\t\t\t<div class=\"elementor-element elementor-element-f852656 color-scheme-inherit text-left elementor-widget elementor-widget-text-editor\" data-id=\"f852656\" data-element_type=\"widget\" data-widget_type=\"text-editor.default\">\n\t\t\t\t<div class=\"elementor-widget-container\">\n\t\t\t\t\t\t\t\t\t<h2 data-start=\"1588\" data-end=\"1610\">Caracter\u00edsticas<\/h2><ul data-start=\"1612\" data-end=\"1963\"><li data-start=\"1612\" data-end=\"1674\"><p data-start=\"1614\" data-end=\"1674\">\u2705 Silicona l\u00edquida Q-soft, inodora y segura para masticar.<\/p><\/li><li data-start=\"1675\" data-end=\"1731\"><p data-start=\"1677\" data-end=\"1731\">\u2705 Escudo antimordeduras de 180\u00b0 que protege al beb\u00e9 durante la dentici\u00f3n.<\/p><\/li><li data-start=\"1732\" data-end=\"1783\"><p data-start=\"1734\" data-end=\"1783\">\u2705 Imita la suavidad del pecho para una aceptaci\u00f3n natural<\/p><\/li><li data-start=\"1784\" data-end=\"1851\"><p data-start=\"1786\" data-end=\"1851\">\u2705 La fuerte base de succi\u00f3n mantiene el mordedor limpio y alejado del suelo<\/p><\/li><li data-start=\"1852\" data-end=\"1908\"><p data-start=\"1854\" data-end=\"1908\">Esterilizaci\u00f3n a alta temperatura: UV, ebullici\u00f3n, vapor<\/p><\/li><li data-start=\"1909\" data-end=\"1963\"><p data-start=\"1911\" data-end=\"1963\">\u2705 Antipolvo, antiadherente, suave con las enc\u00edas en desarrollo<\/p><\/li><\/ul>\t\t\t\t\t\t\t\t<\/div>\n\t\t\t\t<\/div>\n\t\t\t\t<div class=\"elementor-element elementor-element-83b41af color-scheme-inherit text-left elementor-widget elementor-widget-text-editor\" data-id=\"83b41af\" data-element_type=\"widget\" data-widget_type=\"text-editor.default\">\n\t\t\t\t<div class=\"elementor-widget-container\">\n\t\t\t\t\t\t\t\t\t<h2 data-start=\"1970\" data-end=\"1990\">Especificaciones<\/h2><ul data-start=\"1992\" data-end=\"2264\"><li data-start=\"1992\" data-end=\"2036\"><p data-start=\"1994\" data-end=\"2036\"><strong data-start=\"1994\" data-end=\"2007\">Material:<\/strong> Silicona l\u00edquida alimentaria<\/p><\/li><li data-start=\"2037\" data-end=\"2078\"><p data-start=\"2039\" data-end=\"2078\"><strong data-start=\"2039\" data-end=\"2050\">Colores:<\/strong> Azul, Verde, Rosa, Naranja<\/p><\/li><li data-start=\"2079\" data-end=\"2104\"><p data-start=\"2081\" data-end=\"2104\"><strong data-start=\"2081\" data-end=\"2090\">Tama\u00f1o:<\/strong> 82 mm \u00d7 72 mm<\/p><\/li><li data-start=\"2105\" data-end=\"2200\"><p data-start=\"2107\" data-end=\"2200\"><strong data-start=\"2107\" data-end=\"2121\">Funciones:<\/strong> Alivio de la dentici\u00f3n, correcci\u00f3n del h\u00e1bito de morder, entrenamiento del agarre con las manos, protecci\u00f3n de las enc\u00edas<\/p><\/li><li data-start=\"2201\" data-end=\"2264\"><p data-start=\"2203\" data-end=\"2264\"><strong data-start=\"2203\" data-end=\"2216\">Limpieza:<\/strong> Admite la esterilizaci\u00f3n por ebullici\u00f3n, vapor y UV<\/p><\/li><\/ul>\t\t\t\t\t\t\t\t<\/div>\n\t\t\t\t<\/div>\n\t\t\t\t<div class=\"elementor-element elementor-element-7bdb3a2 color-scheme-inherit text-left elementor-widget elementor-widget-text-editor\" data-id=\"7bdb3a2\" data-element_type=\"widget\" data-widget_type=\"text-editor.default\">\n\t\t\t\t<div class=\"elementor-widget-container\">\n\t\t\t\t\t\t\t\t\t<h2 data-start=\"2271\" data-end=\"2296\">\u00bfPor qu\u00e9 les encanta a los padres?<\/h2><p data-start=\"2298\" data-end=\"2585\">A los padres les encanta este mordedor porque <strong data-start=\"2337\" data-end=\"2434\">seguro, suave, higi\u00e9nico y dise\u00f1ado para evitar que los beb\u00e9s se muerdan los dedos u objetos al azar<\/strong>. La base de succi\u00f3n lo mantiene limpio y alejado del suelo, mientras que la suave textura el\u00e1stica reconforta las enc\u00edas durante la dentici\u00f3n y favorece un desarrollo bucal m\u00e1s saludable.<\/p>\t\t\t\t\t\t\t\t<\/div>\n\t\t\t\t<\/div>\n\t\t\t\t\t<\/div>\n\t\t<\/div>\n\t\t\t\t\t<\/div>\n\t\t<\/section>\n\t\t\t\t<\/div>","protected":false},"excerpt":{"rendered":"<p><strong data-start=\"381\" data-end=\"439\">\u00bfLe preocupa que su beb\u00e9 siga mordi\u00e9ndose las manos durante la dentici\u00f3n?<\/strong> El juguete de silicona para la dentici\u00f3n del beb\u00e9 con base de succi\u00f3n ofrece un alivio seguro, inodoro y suave al morder para proteger las enc\u00edas y acabar con el h\u00e1bito de morderse las manos.<\/p>","protected":false},"featured_media":24471,"comment_status":"open","ping_status":"closed","template":"","meta":{"_acf_changed":false},"product_brand":[],"product_cat":[29],"product_tag":[1144,1148,1145,1146,1147],"class_list":{"0":"post-24487","1":"product","2":"type-product","3":"status-publish","4":"has-post-thumbnail","6":"product_cat-best-baby-care","7":"product_tag-baby-hand-grip-training-teether","8":"product_tag-baby-silicone-teether-with-suction-base","9":"product_tag-food-grade-silicone-baby-teether","10":"product_tag-infant-gum-soothing-teether","11":"product_tag-silicone-baby-teething-toy","13":"first","14":"instock","15":"sale","16":"taxable","17":"shipping-taxable","18":"purchasable","19":"product-type-variable","20":"wvs-archive-product-wrapper"},"acf":[],"_links":{"self":[{"href":"https:\/\/babyvk.com\/es\/wp-json\/wp\/v2\/product\/24487","targetHints":{"allow":["GET"]}}],"collection":[{"href":"https:\/\/babyvk.com\/es\/wp-json\/wp\/v2\/product"}],"about":[{"href":"https:\/\/babyvk.com\/es\/wp-json\/wp\/v2\/types\/product"}],"replies":[{"embeddable":true,"href":"https:\/\/babyvk.com\/es\/wp-json\/wp\/v2\/comments?post=24487"}],"version-history":[{"count":0,"href":"https:\/\/babyvk.com\/es\/wp-json\/wp\/v2\/product\/24487\/revisions"}],"wp:featuredmedia":[{"embeddable":true,"href":"https:\/\/babyvk.com\/es\/wp-json\/wp\/v2\/media\/24471"}],"wp:attachment":[{"href":"https:\/\/babyvk.com\/es\/wp-json\/wp\/v2\/media?parent=24487"}],"wp:term":[{"taxonomy":"product_brand","embeddable":true,"href":"https:\/\/babyvk.com\/es\/wp-json\/wp\/v2\/product_brand?post=24487"},{"taxonomy":"product_cat","embeddable":true,"href":"https:\/\/babyvk.com\/es\/wp-json\/wp\/v2\/product_cat?post=24487"},{"taxonomy":"product_tag","embeddable":true,"href":"https:\/\/babyvk.com\/es\/wp-json\/wp\/v2\/product_tag?post=24487"}],"curies":[{"name":"wp","href":"https:\/\/api.w.org\/{rel}","templated":true}]}}