{"id":24455,"date":"2025-11-19T18:59:20","date_gmt":"2025-11-19T18:59:20","guid":{"rendered":"https:\/\/babyvk.com\/?post_type=product&#038;p=24455"},"modified":"2025-11-22T07:07:23","modified_gmt":"2025-11-22T07:07:23","slug":"mommy-bag-backpack","status":"publish","type":"product","link":"https:\/\/babyvk.com\/es\/product\/mommy-bag-backpack\/","title":{"rendered":"Mochila Mommy Bag"},"content":{"rendered":"<div data-elementor-type=\"product-post\" data-elementor-id=\"24455\" class=\"elementor elementor-24455\" data-elementor-post-type=\"product\">\n\t\t\t\t\t\t<section class=\"wd-negative-gap elementor-section elementor-top-section elementor-element elementor-element-7d7375b elementor-section-boxed elementor-section-height-default elementor-section-height-default\" data-id=\"7d7375b\" data-element_type=\"section\">\n\t\t\t\t\t\t<div class=\"elementor-container elementor-column-gap-default\">\n\t\t\t\t\t<div class=\"elementor-column elementor-col-100 elementor-top-column elementor-element elementor-element-a6f4807\" data-id=\"a6f4807\" data-element_type=\"column\">\n\t\t\t<div class=\"elementor-widget-wrap elementor-element-populated\">\n\t\t\t\t\t\t<div class=\"elementor-element elementor-element-376f324 color-scheme-inherit text-left elementor-widget elementor-widget-text-editor\" data-id=\"376f324\" data-element_type=\"widget\" data-widget_type=\"text-editor.default\">\n\t\t\t\t<div class=\"elementor-widget-container\">\n\t\t\t\t\t\t\t\t\t<h2 data-start=\"1130\" data-end=\"1153\">Descripci\u00f3n<\/h2><p data-start=\"1154\" data-end=\"1499\">En <strong data-start=\"1158\" data-end=\"1204\">Mochila Oxford multifuncional para mam\u00e1<\/strong> est\u00e1 dise\u00f1ado para padres modernos que necesitan durabilidad, comodidad y un gran espacio de almacenamiento. Fabricada con tejido Oxford de alta calidad resistente al desgaste y con aislamiento incorporado, mantiene el biber\u00f3n protegido y a temperatura controlada a la vez que ofrece un espacio organizado para los viajes, las salidas diarias y las necesidades de los padres.<\/p>\t\t\t\t\t\t\t\t<\/div>\n\t\t\t\t<\/div>\n\t\t\t\t<div class=\"elementor-element elementor-element-163d47a color-scheme-inherit text-left elementor-widget elementor-widget-text-editor\" data-id=\"163d47a\" data-element_type=\"widget\" data-widget_type=\"text-editor.default\">\n\t\t\t\t<div class=\"elementor-widget-container\">\n\t\t\t\t\t\t\t\t\t<h2 data-start=\"1506\" data-end=\"1528\">Caracter\u00edsticas<\/h2><ul data-start=\"1529\" data-end=\"1859\"><li data-start=\"1529\" data-end=\"1583\"><p data-start=\"1531\" data-end=\"1583\">\u2714 Material Oxford resistente al desgaste para un uso prolongado<\/p><\/li><li data-start=\"1584\" data-end=\"1648\"><p data-start=\"1586\" data-end=\"1648\">\u2714 Gran capacidad para art\u00edculos de beb\u00e9, equipo de viaje y art\u00edculos esenciales.<\/p><\/li><li data-start=\"1649\" data-end=\"1706\"><p data-start=\"1651\" data-end=\"1706\">\u2714 Aislamiento incorporado para mantener calientes biberones y aperitivos.<\/p><\/li><li data-start=\"1707\" data-end=\"1751\"><p data-start=\"1709\" data-end=\"1751\">\u2714 Cierre de cremallera seguro para un almacenamiento seguro<\/p><\/li><li data-start=\"1752\" data-end=\"1801\"><p data-start=\"1754\" data-end=\"1801\">C\u00f3moda asa blanda y correas para los hombros<\/p><\/li><li data-start=\"1802\" data-end=\"1859\"><p data-start=\"1804\" data-end=\"1859\">\u2714 El forro acr\u00edlico a\u00f1ade durabilidad y protecci\u00f3n adicionales.<\/p><\/li><\/ul>\t\t\t\t\t\t\t\t<\/div>\n\t\t\t\t<\/div>\n\t\t\t\t<div class=\"elementor-element elementor-element-3a56a2a color-scheme-inherit text-left elementor-widget elementor-widget-text-editor\" data-id=\"3a56a2a\" data-element_type=\"widget\" data-widget_type=\"text-editor.default\">\n\t\t\t\t<div class=\"elementor-widget-container\">\n\t\t\t\t\t\t\t\t\t<h1 data-start=\"1866\" data-end=\"1888\">Especificaciones<\/h1><ul data-start=\"1889\" data-end=\"2101\"><li data-start=\"1889\" data-end=\"1930\"><p data-start=\"1891\" data-end=\"1930\"><strong data-start=\"1891\" data-end=\"1904\">Material:<\/strong> Oxford + forro acr\u00edlico<\/p><\/li><li data-start=\"1931\" data-end=\"1954\"><p data-start=\"1933\" data-end=\"1954\"><strong data-start=\"1933\" data-end=\"1945\">Cierre:<\/strong> Cremallera<\/p><\/li><li data-start=\"1955\" data-end=\"1975\"><p data-start=\"1957\" data-end=\"1975\"><strong data-start=\"1957\" data-end=\"1967\">Anchura:<\/strong> 24 cm<\/p><\/li><li data-start=\"1976\" data-end=\"2000\"><p data-start=\"1978\" data-end=\"2000\"><strong data-start=\"1978\" data-end=\"1992\">Grosor:<\/strong> 17 cm<\/p><\/li><li data-start=\"2001\" data-end=\"2022\"><p data-start=\"2003\" data-end=\"2022\"><strong data-start=\"2003\" data-end=\"2014\">Altura:<\/strong> 36 cm<\/p><\/li><li data-start=\"2023\" data-end=\"2046\"><p data-start=\"2025\" data-end=\"2046\"><strong data-start=\"2025\" data-end=\"2036\">Peso:<\/strong> 0,44 kg<\/p><\/li><li data-start=\"2047\" data-end=\"2101\"><p data-start=\"2049\" data-end=\"2101\"><strong data-start=\"2049\" data-end=\"2057\">Uso:<\/strong> Bolso para mam\u00e1 \/ Mochila de viaje \/ Para llevar a diario<\/p><\/li><\/ul>\t\t\t\t\t\t\t\t<\/div>\n\t\t\t\t<\/div>\n\t\t\t\t<div class=\"elementor-element elementor-element-b3ef117 color-scheme-inherit text-left elementor-widget elementor-widget-text-editor\" data-id=\"b3ef117\" data-element_type=\"widget\" data-widget_type=\"text-editor.default\">\n\t\t\t\t<div class=\"elementor-widget-container\">\n\t\t\t\t\t\t\t\t\t<h1 data-start=\"2108\" data-end=\"2135\">Por qu\u00e9 les encanta a los padres\uff1f<\/h1><p data-start=\"2136\" data-end=\"2397\">A los padres les encanta esta mochila para mam\u00e1s por su capacidad extragrande, su pr\u00e1ctico dise\u00f1o multifuncional y su resistente tejido Oxford. Es elegante, ligera y perfecta para viajar, hacer los recados diarios y organizar todo lo que necesita el beb\u00e9, sin que resulte voluminosa ni pesada.<\/p>\t\t\t\t\t\t\t\t<\/div>\n\t\t\t\t<\/div>\n\t\t\t\t\t<\/div>\n\t\t<\/div>\n\t\t\t\t\t<\/div>\n\t\t<\/section>\n\t\t\t\t<\/div>","protected":false},"excerpt":{"rendered":"<p><strong data-start=\"977\" data-end=\"1032\">\u00bfBusca una mochila para mam\u00e1 elegante pero pr\u00e1ctica?<\/strong> La mochila resistente al desgaste para mam\u00e1s ofrece moda, comodidad y multiusos para viajar.<\/p>","protected":false},"featured_media":24447,"comment_status":"open","ping_status":"closed","template":"","meta":{"_acf_changed":false},"product_brand":[],"product_cat":[42,20],"product_tag":[1142,1139,1140,1141,1143],"class_list":{"0":"post-24455","1":"product","2":"type-product","3":"status-publish","4":"has-post-thumbnail","6":"product_cat-best-travel-gear","7":"product_cat-new-mom","8":"product_tag-insulated-baby-travel-bag","9":"product_tag-large-capacity-mommy-bag-backpack","10":"product_tag-multifunctional-travel-diaper-bag","11":"product_tag-oxford-waterproof-mommy-backpack","12":"product_tag-wear-resistant-mommy-backpack","14":"first","15":"outofstock","16":"sale","17":"taxable","18":"shipping-taxable","19":"purchasable","20":"product-type-variable","21":"wvs-archive-product-wrapper"},"acf":[],"_links":{"self":[{"href":"https:\/\/babyvk.com\/es\/wp-json\/wp\/v2\/product\/24455","targetHints":{"allow":["GET"]}}],"collection":[{"href":"https:\/\/babyvk.com\/es\/wp-json\/wp\/v2\/product"}],"about":[{"href":"https:\/\/babyvk.com\/es\/wp-json\/wp\/v2\/types\/product"}],"replies":[{"embeddable":true,"href":"https:\/\/babyvk.com\/es\/wp-json\/wp\/v2\/comments?post=24455"}],"version-history":[{"count":0,"href":"https:\/\/babyvk.com\/es\/wp-json\/wp\/v2\/product\/24455\/revisions"}],"wp:featuredmedia":[{"embeddable":true,"href":"https:\/\/babyvk.com\/es\/wp-json\/wp\/v2\/media\/24447"}],"wp:attachment":[{"href":"https:\/\/babyvk.com\/es\/wp-json\/wp\/v2\/media?parent=24455"}],"wp:term":[{"taxonomy":"product_brand","embeddable":true,"href":"https:\/\/babyvk.com\/es\/wp-json\/wp\/v2\/product_brand?post=24455"},{"taxonomy":"product_cat","embeddable":true,"href":"https:\/\/babyvk.com\/es\/wp-json\/wp\/v2\/product_cat?post=24455"},{"taxonomy":"product_tag","embeddable":true,"href":"https:\/\/babyvk.com\/es\/wp-json\/wp\/v2\/product_tag?post=24455"}],"curies":[{"name":"wp","href":"https:\/\/api.w.org\/{rel}","templated":true}]}}