{"id":24430,"date":"2025-11-19T17:40:02","date_gmt":"2025-11-19T17:40:02","guid":{"rendered":"https:\/\/babyvk.com\/?post_type=product&#038;p=24430"},"modified":"2025-11-19T17:53:21","modified_gmt":"2025-11-19T17:53:21","slug":"baby-hooded-bath-towel","status":"publish","type":"product","link":"https:\/\/babyvk.com\/es\/product\/baby-hooded-bath-towel\/","title":{"rendered":"Toalla de ba\u00f1o con capucha para beb\u00e9"},"content":{"rendered":"<div data-elementor-type=\"product-post\" data-elementor-id=\"24430\" class=\"elementor elementor-24430\" data-elementor-post-type=\"product\">\n\t\t\t\t\t\t<section class=\"wd-negative-gap elementor-section elementor-top-section elementor-element elementor-element-83222da elementor-section-boxed elementor-section-height-default elementor-section-height-default\" data-id=\"83222da\" data-element_type=\"section\">\n\t\t\t\t\t\t<div class=\"elementor-container elementor-column-gap-default\">\n\t\t\t\t\t<div class=\"elementor-column elementor-col-100 elementor-top-column elementor-element elementor-element-c3a05ca\" data-id=\"c3a05ca\" data-element_type=\"column\">\n\t\t\t<div class=\"elementor-widget-wrap elementor-element-populated\">\n\t\t\t\t\t\t<div class=\"elementor-element elementor-element-a1e401b color-scheme-inherit text-left elementor-widget elementor-widget-text-editor\" data-id=\"a1e401b\" data-element_type=\"widget\" data-widget_type=\"text-editor.default\">\n\t\t\t\t<div class=\"elementor-widget-container\">\n\t\t\t\t\t\t\t\t\t<h2 data-start=\"1100\" data-end=\"1120\">Descripci\u00f3n<\/h2><p data-start=\"1121\" data-end=\"1348\">Mant\u00e9n a tu beb\u00e9 calentito y acogedor despu\u00e9s de cada ba\u00f1o con el <strong data-start=\"1176\" data-end=\"1202\">Toalla de ba\u00f1o con capucha para beb\u00e9<\/strong>. Confeccionada en forro polar coral ultrasuave, sirve como toalla con capucha, albornoz o manta envolvente, perfecta para reci\u00e9n nacidos y ni\u00f1os peque\u00f1os durante todo el a\u00f1o.<\/p>\t\t\t\t\t\t\t\t<\/div>\n\t\t\t\t<\/div>\n\t\t\t\t<div class=\"elementor-element elementor-element-909e801 color-scheme-inherit text-left elementor-widget elementor-widget-text-editor\" data-id=\"909e801\" data-element_type=\"widget\" data-widget_type=\"text-editor.default\">\n\t\t\t\t<div class=\"elementor-widget-container\">\n\t\t\t\t\t\t\t\t\t<h2 data-start=\"1355\" data-end=\"1383\">Caracter\u00edsticas<\/h2><ul data-start=\"1384\" data-end=\"1663\"><li data-start=\"1384\" data-end=\"1435\"><p data-start=\"1386\" data-end=\"1435\">\u2705 Suave forro polar de coral que protege la delicada piel del beb\u00e9.<\/p><\/li><li data-start=\"1436\" data-end=\"1480\"><p data-start=\"1438\" data-end=\"1480\">\u2705 El dise\u00f1o con capucha mantiene la cabeza caliente y acogedora<\/p><\/li><li data-start=\"1481\" data-end=\"1535\"><p data-start=\"1483\" data-end=\"1535\">\u2705 Uso vers\u00e1til: toalla de ba\u00f1o, albornoz o envoltorio envolvente.<\/p><\/li><li data-start=\"1536\" data-end=\"1576\"><p data-start=\"1538\" data-end=\"1576\">\u2705 Tama\u00f1o generoso de 80x80 cm para ni\u00f1os peque\u00f1os<\/p><\/li><li data-start=\"1577\" data-end=\"1624\"><p data-start=\"1579\" data-end=\"1624\">\u2705 El dise\u00f1o de animales de dibujos animados hace que la hora del ba\u00f1o sea divertida<\/p><\/li><li data-start=\"1625\" data-end=\"1663\"><p data-start=\"1627\" data-end=\"1663\">\u2705 F\u00e1cil cuidado, lavado a mano y duradero.<\/p><\/li><\/ul>\t\t\t\t\t\t\t\t<\/div>\n\t\t\t\t<\/div>\n\t\t\t\t<div class=\"elementor-element elementor-element-4b63900 color-scheme-inherit text-left elementor-widget elementor-widget-text-editor\" data-id=\"4b63900\" data-element_type=\"widget\" data-widget_type=\"text-editor.default\">\n\t\t\t\t<div class=\"elementor-widget-container\">\n\t\t\t\t\t\t\t\t\t<h2 data-start=\"1670\" data-end=\"1693\">Especificaciones<\/h2><ul data-start=\"1694\" data-end=\"1939\"><li data-start=\"1694\" data-end=\"1730\"><p data-start=\"1696\" data-end=\"1730\"><strong data-start=\"1696\" data-end=\"1710\">Nombre del art\u00edculo:<\/strong> Toalla con capucha para beb\u00e9<\/p><\/li><li data-start=\"1731\" data-end=\"1772\"><p data-start=\"1733\" data-end=\"1772\"><strong data-start=\"1733\" data-end=\"1742\">Tama\u00f1o:<\/strong> 80 cm x 80 cm (31,5\" x 31,5\")<\/p><\/li><li data-start=\"1773\" data-end=\"1803\"><p data-start=\"1775\" data-end=\"1803\"><strong data-start=\"1775\" data-end=\"1788\">Material:<\/strong> Vell\u00f3n coral<\/p><\/li><li data-start=\"1804\" data-end=\"1843\"><p data-start=\"1806\" data-end=\"1843\"><strong data-start=\"1806\" data-end=\"1817\">Colores:<\/strong> Rosa, Azul, Blanco, Gris<\/p><\/li><li data-start=\"1844\" data-end=\"1900\"><p data-start=\"1846\" data-end=\"1900\"><strong data-start=\"1846\" data-end=\"1867\">Temporadas adecuadas:<\/strong> Primavera, Verano, Oto\u00f1o, Invierno<\/p><\/li><li data-start=\"1901\" data-end=\"1939\"><p data-start=\"1903\" data-end=\"1939\"><strong data-start=\"1903\" data-end=\"1924\">Paquete incluido:<\/strong> Manta de 1 pieza<\/p><\/li><\/ul>\t\t\t\t\t\t\t\t<\/div>\n\t\t\t\t<\/div>\n\t\t\t\t<div class=\"elementor-element elementor-element-73f3e65 color-scheme-inherit text-left elementor-widget elementor-widget-text-editor\" data-id=\"73f3e65\" data-element_type=\"widget\" data-widget_type=\"text-editor.default\">\n\t\t\t\t<div class=\"elementor-widget-container\">\n\t\t\t\t\t\t\t\t\t<h2 data-start=\"1946\" data-end=\"1974\">\u00bfPor qu\u00e9 les encanta a los padres?<\/h2><p data-start=\"1975\" data-end=\"2254\">A los padres les encanta <strong data-start=\"1993\" data-end=\"2019\">Toalla de ba\u00f1o con capucha para beb\u00e9<\/strong> porque mantiene a los beb\u00e9s calentitos, suaves y c\u00f3modos despu\u00e9s de cada ba\u00f1o. Su uso vers\u00e1til, sus bonitos dise\u00f1os y su generoso tama\u00f1o hacen que la hora del ba\u00f1o sea m\u00e1s f\u00e1cil y agradable, a la vez que ahorran espacio y dinero en comparaci\u00f3n con varias mantas o toallas.<\/p>\t\t\t\t\t\t\t\t<\/div>\n\t\t\t\t<\/div>\n\t\t\t\t\t<\/div>\n\t\t<\/div>\n\t\t\t\t\t<\/div>\n\t\t<\/section>\n\t\t\t\t<\/div>","protected":false},"excerpt":{"rendered":"<p><strong data-start=\"356\" data-end=\"401\">\u00bfLe preocupa que su beb\u00e9 se enfr\u00ede despu\u00e9s del ba\u00f1o?<\/strong> La toalla de ba\u00f1o con capucha Baby mantiene calientes a los reci\u00e9n nacidos con su suave forro polar coral y su adorable dise\u00f1o de dibujos animados.<\/p>","protected":false},"featured_media":24429,"comment_status":"open","ping_status":"closed","template":"","meta":{"_acf_changed":false},"product_brand":[],"product_cat":[32],"product_tag":[1134,1137,1135,1138,1136],"class_list":{"0":"post-24430","1":"product","2":"type-product","3":"status-publish","4":"has-post-thumbnail","6":"product_cat-best-baby-clothing","7":"product_tag-baby-hooded-bath-towel","8":"product_tag-cartoon-animal-baby-hooded-towel","9":"product_tag-newborn-hooded-towel-blanket","10":"product_tag-soft-coral-fleece-baby-bath-wrap","11":"product_tag-toddler-hooded-bathrobe-for-boys-girls","13":"first","14":"instock","15":"sale","16":"taxable","17":"shipping-taxable","18":"purchasable","19":"product-type-variable","20":"wvs-archive-product-wrapper"},"acf":[],"_links":{"self":[{"href":"https:\/\/babyvk.com\/es\/wp-json\/wp\/v2\/product\/24430","targetHints":{"allow":["GET"]}}],"collection":[{"href":"https:\/\/babyvk.com\/es\/wp-json\/wp\/v2\/product"}],"about":[{"href":"https:\/\/babyvk.com\/es\/wp-json\/wp\/v2\/types\/product"}],"replies":[{"embeddable":true,"href":"https:\/\/babyvk.com\/es\/wp-json\/wp\/v2\/comments?post=24430"}],"version-history":[{"count":0,"href":"https:\/\/babyvk.com\/es\/wp-json\/wp\/v2\/product\/24430\/revisions"}],"wp:featuredmedia":[{"embeddable":true,"href":"https:\/\/babyvk.com\/es\/wp-json\/wp\/v2\/media\/24429"}],"wp:attachment":[{"href":"https:\/\/babyvk.com\/es\/wp-json\/wp\/v2\/media?parent=24430"}],"wp:term":[{"taxonomy":"product_brand","embeddable":true,"href":"https:\/\/babyvk.com\/es\/wp-json\/wp\/v2\/product_brand?post=24430"},{"taxonomy":"product_cat","embeddable":true,"href":"https:\/\/babyvk.com\/es\/wp-json\/wp\/v2\/product_cat?post=24430"},{"taxonomy":"product_tag","embeddable":true,"href":"https:\/\/babyvk.com\/es\/wp-json\/wp\/v2\/product_tag?post=24430"}],"curies":[{"name":"wp","href":"https:\/\/api.w.org\/{rel}","templated":true}]}}