{"id":24344,"date":"2025-11-12T08:52:28","date_gmt":"2025-11-12T08:52:28","guid":{"rendered":"https:\/\/babyvk.com\/?post_type=product&#038;p=24344"},"modified":"2025-11-12T09:00:18","modified_gmt":"2025-11-12T09:00:18","slug":"adjustable-baby-bath-bed","status":"publish","type":"product","link":"https:\/\/babyvk.com\/es\/product\/adjustable-baby-bath-bed\/","title":{"rendered":"Cama de ba\u00f1o ajustable para beb\u00e9s"},"content":{"rendered":"<div data-elementor-type=\"product-post\" data-elementor-id=\"24344\" class=\"elementor elementor-24344\" data-elementor-post-type=\"product\">\n\t\t\t\t\t\t<section class=\"wd-negative-gap elementor-section elementor-top-section elementor-element elementor-element-efa4dc1 elementor-section-boxed elementor-section-height-default elementor-section-height-default\" data-id=\"efa4dc1\" data-element_type=\"section\">\n\t\t\t\t\t\t<div class=\"elementor-container elementor-column-gap-default\">\n\t\t\t\t\t<div class=\"elementor-column elementor-col-100 elementor-top-column elementor-element elementor-element-fae5fa8\" data-id=\"fae5fa8\" data-element_type=\"column\">\n\t\t\t<div class=\"elementor-widget-wrap elementor-element-populated\">\n\t\t\t\t\t\t<div class=\"elementor-element elementor-element-fc839c4 color-scheme-inherit text-left elementor-widget elementor-widget-text-editor\" data-id=\"fc839c4\" data-element_type=\"widget\" data-widget_type=\"text-editor.default\">\n\t\t\t\t<div class=\"elementor-widget-container\">\n\t\t\t\t\t\t\t\t\t<h2 data-start=\"161\" data-end=\"240\">UN BA\u00d1O INTELIGENTE, SEGURO Y RELAJANTE PARA TU BEB\u00c9<\/h2><p data-start=\"298\" data-end=\"632\">Haga que la hora del ba\u00f1o sea m\u00e1s f\u00e1cil y segura con el <strong data-start=\"339\" data-end=\"367\">Cama de ba\u00f1o ajustable para beb\u00e9s<\/strong>dise\u00f1ado para madres que quieren <strong data-start=\"401\" data-end=\"424\">comodidad y control<\/strong>. En <strong data-start=\"436\" data-end=\"479\">detecci\u00f3n digital inteligente de la temperatura<\/strong>, <strong data-start=\"481\" data-end=\"510\">Ajuste de altura en 3 niveles<\/strong>y <strong data-start=\"516\" data-end=\"542\">suave soporte ergon\u00f3mico<\/strong>Esta cama de ba\u00f1o garantiza que cada ba\u00f1o sea c\u00e1lido, seguro y placentero tanto para el beb\u00e9 como para los padres.<\/p>\t\t\t\t\t\t\t\t<\/div>\n\t\t\t\t<\/div>\n\t\t\t\t<div class=\"elementor-element elementor-element-f5e30a4 color-scheme-inherit text-left elementor-widget elementor-widget-text-editor\" data-id=\"f5e30a4\" data-element_type=\"widget\" data-widget_type=\"text-editor.default\">\n\t\t\t\t<div class=\"elementor-widget-container\">\n\t\t\t\t\t\t\t\t\t<h3 data-start=\"639\" data-end=\"673\">\ud83c\udf21 INDICADOR DE TEMPERATURA INTELIGENTE<\/h3><p data-start=\"674\" data-end=\"836\">No se preocupe por nada <strong data-start=\"697\" data-end=\"730\">visualizaci\u00f3n de la temperatura en tiempo real<\/strong> y <strong data-start=\"735\" data-end=\"767\">Sistema de alerta LED de tres colores<\/strong> - saber al instante si el agua est\u00e1 demasiado fr\u00eda, en su punto o demasiado caliente.<\/p><ul data-start=\"837\" data-end=\"955\"><li data-start=\"837\" data-end=\"871\"><p data-start=\"839\" data-end=\"871\"><strong data-start=\"839\" data-end=\"854\">Luz azul:<\/strong> Agua demasiado fr\u00eda<\/p><\/li><li data-start=\"872\" data-end=\"912\"><p data-start=\"874\" data-end=\"912\"><strong data-start=\"874\" data-end=\"890\">Luz verde:<\/strong> Temperatura perfecta<\/p><\/li><li data-start=\"913\" data-end=\"955\"><p data-start=\"915\" data-end=\"955\"><strong data-start=\"915\" data-end=\"929\">Luz roja:<\/strong> Demasiado caliente - ajustar con seguridad<\/p><\/li><\/ul>\t\t\t\t\t\t\t\t<\/div>\n\t\t\t\t<\/div>\n\t\t\t\t<div class=\"elementor-element elementor-element-c2cd487 color-scheme-inherit text-left elementor-widget elementor-widget-text-editor\" data-id=\"c2cd487\" data-element_type=\"widget\" data-widget_type=\"text-editor.default\">\n\t\t\t\t<div class=\"elementor-widget-container\">\n\t\t\t\t\t\t\t\t\t<h3 data-start=\"962\" data-end=\"996\">\ud83e\ude9c DISE\u00d1O AJUSTABLE DE 3 NIVELES<\/h3><p data-start=\"997\" data-end=\"1070\">Dise\u00f1ado ergon\u00f3micamente para beb\u00e9s en crecimiento y padres de todas las estaturas:<\/p><ul data-start=\"1071\" data-end=\"1253\"><li data-start=\"1071\" data-end=\"1127\"><p data-start=\"1073\" data-end=\"1127\">3 niveles ajustables para adaptarse a las diferentes etapas del beb\u00e9<\/p><\/li><li data-start=\"1128\" data-end=\"1189\"><p data-start=\"1130\" data-end=\"1189\">Basta con presionar y girar las patas de apoyo para cambiar la altura<\/p><\/li><li data-start=\"1190\" data-end=\"1253\"><p data-start=\"1192\" data-end=\"1253\">La base estable y antideslizante mantiene al beb\u00e9 seguro y c\u00f3modo<\/p><\/li><\/ul>\t\t\t\t\t\t\t\t<\/div>\n\t\t\t\t<\/div>\n\t\t\t\t<div class=\"elementor-element elementor-element-1f124df color-scheme-inherit text-left elementor-widget elementor-widget-text-editor\" data-id=\"1f124df\" data-element_type=\"widget\" data-widget_type=\"text-editor.default\">\n\t\t\t\t<div class=\"elementor-widget-container\">\n\t\t\t\t\t\t\t\t\t<h3 data-start=\"1260\" data-end=\"1304\">\ud83e\uddf8 M\u00c1XIMA COMODIDAD Y PROTECCI\u00d3N DE LA COLUMNA VERTEBRAL<\/h3><p data-start=\"1305\" data-end=\"1453\">En <strong data-start=\"1309\" data-end=\"1336\">Material TPE de tacto suave<\/strong> imita el confort del vientre materno, proporcionando un soporte suave que se alinea con la curva natural de la columna vertebral del beb\u00e9.<\/p><ul data-start=\"1454\" data-end=\"1613\"><li data-start=\"1454\" data-end=\"1493\"><p data-start=\"1456\" data-end=\"1493\">Suave, transpirable y agradable para la piel<\/p><\/li><li data-start=\"1494\" data-end=\"1545\"><p data-start=\"1496\" data-end=\"1545\">Distribuci\u00f3n uniforme de la presi\u00f3n para proteger la columna vertebral<\/p><\/li><li data-start=\"1546\" data-end=\"1613\"><p data-start=\"1548\" data-end=\"1613\">Su dise\u00f1o antideslizante y antiahogo mantiene al beb\u00e9 seguro durante el ba\u00f1o<\/p><\/li><\/ul>\t\t\t\t\t\t\t\t<\/div>\n\t\t\t\t<\/div>\n\t\t\t\t<div class=\"elementor-element elementor-element-57bc874 color-scheme-inherit text-left elementor-widget elementor-widget-text-editor\" data-id=\"57bc874\" data-element_type=\"widget\" data-widget_type=\"text-editor.default\">\n\t\t\t\t<div class=\"elementor-widget-container\">\n\t\t\t\t\t\t\t\t\t<h3 data-start=\"1620\" data-end=\"1656\">\ud83d\udca1 CONVENIENTE PARA TODOS LOS PADRES<\/h3><ul data-start=\"1657\" data-end=\"1957\"><li data-start=\"1657\" data-end=\"1711\"><p data-start=\"1659\" data-end=\"1711\"><strong data-start=\"1659\" data-end=\"1687\">No requiere instalaci\u00f3n<\/strong> - simplemente desplegar y utilizar<\/p><\/li><li data-start=\"1712\" data-end=\"1779\"><p data-start=\"1714\" data-end=\"1779\"><strong data-start=\"1714\" data-end=\"1743\">Soporte delantero elevado de 12 cm<\/strong> evita el deslizamiento o el ahogamiento por agua<\/p><\/li><li data-start=\"1780\" data-end=\"1836\"><p data-start=\"1782\" data-end=\"1836\"><strong data-start=\"1782\" data-end=\"1801\">Dise\u00f1o plegable<\/strong> - f\u00e1cil de guardar o colgar en cualquier sitio<\/p><\/li><li data-start=\"1837\" data-end=\"1890\"><p data-start=\"1839\" data-end=\"1890\"><strong data-start=\"1839\" data-end=\"1856\">Ajuste universal<\/strong> para la mayor\u00eda de ba\u00f1eras o lavabos para beb\u00e9s<\/p><\/li><li data-start=\"1891\" data-end=\"1957\"><p data-start=\"1893\" data-end=\"1957\"><strong data-start=\"1893\" data-end=\"1923\">Materiales duraderos PP + TPE<\/strong> - seguro, no t\u00f3xico, duradero<\/p><\/li><\/ul>\t\t\t\t\t\t\t\t<\/div>\n\t\t\t\t<\/div>\n\t\t\t\t<div class=\"elementor-element elementor-element-67444b5 color-scheme-inherit text-left elementor-widget elementor-widget-text-editor\" data-id=\"67444b5\" data-element_type=\"widget\" data-widget_type=\"text-editor.default\">\n\t\t\t\t<div class=\"elementor-widget-container\">\n\t\t\t\t\t\t\t\t\t<h3 data-start=\"1964\" data-end=\"1991\">\u2728 POR QU\u00c9 LES ENCANTA A LOS PADRES<\/h3><p data-start=\"1992\" data-end=\"2317\">\u2705 Detecci\u00f3n inteligente de la temperatura: ba\u00f1o m\u00e1s seguro<br data-start=\"2043\" data-end=\"2046\" \/>\u2705 3 niveles de altura ajustables: crece con tu beb\u00e9<br data-start=\"2097\" data-end=\"2100\" \/>\u2705 Dise\u00f1o ergon\u00f3mico: suave, estable y de apoyo.<br data-start=\"2149\" data-end=\"2152\" \/>\u2705 Plegable y f\u00e1cil de guardar: ahorra espacio<br data-start=\"2191\" data-end=\"2194\" \/>\u2705 Materiales de seguridad de primera calidad: sin BPA y respetuosos con el medio ambiente<br data-start=\"2246\" data-end=\"2249\" \/>Lujo asequible: comodidad de nivel m\u00e9dico sin un precio elevado<\/p>\t\t\t\t\t\t\t\t<\/div>\n\t\t\t\t<\/div>\n\t\t\t\t<div class=\"elementor-element elementor-element-b5fe8d2 color-scheme-inherit text-left elementor-widget elementor-widget-text-editor\" data-id=\"b5fe8d2\" data-element_type=\"widget\" data-widget_type=\"text-editor.default\">\n\t\t\t\t<div class=\"elementor-widget-container\">\n\t\t\t\t\t\t\t\t\t<h3 data-start=\"2324\" data-end=\"2347\">ESPECIFICACIONES<\/h3><ul data-start=\"2348\" data-end=\"2607\"><li data-start=\"2348\" data-end=\"2394\"><p data-start=\"2350\" data-end=\"2394\"><strong data-start=\"2350\" data-end=\"2367\">Nombre del producto:<\/strong> Cama de ba\u00f1o ajustable para beb\u00e9s<\/p><\/li><li data-start=\"2395\" data-end=\"2434\"><p data-start=\"2397\" data-end=\"2434\"><strong data-start=\"2397\" data-end=\"2410\">Material:<\/strong> PP + TPE (grado alimentario)<\/p><\/li><li data-start=\"2435\" data-end=\"2471\"><p data-start=\"2437\" data-end=\"2471\"><strong data-start=\"2437\" data-end=\"2455\">Opciones de color:<\/strong> Blanco \/ Verde<\/p><\/li><li data-start=\"2472\" data-end=\"2512\"><p data-start=\"2474\" data-end=\"2512\"><strong data-start=\"2474\" data-end=\"2491\">Edad adecuada:<\/strong> 0 meses y m\u00e1s<\/p><\/li><li data-start=\"2513\" data-end=\"2607\"><p data-start=\"2515\" data-end=\"2607\"><strong data-start=\"2515\" data-end=\"2528\">Caracter\u00edsticas:<\/strong> Altura regulable \/ Indicaci\u00f3n de la temperatura \/ Protecci\u00f3n de la columna vertebral \/ Dise\u00f1o plegable<\/p><\/li><\/ul>\t\t\t\t\t\t\t\t<\/div>\n\t\t\t\t<\/div>\n\t\t\t\t<div class=\"elementor-element elementor-element-7241e74 color-scheme-inherit text-left elementor-widget elementor-widget-text-editor\" data-id=\"7241e74\" data-element_type=\"widget\" data-widget_type=\"text-editor.default\">\n\t\t\t\t<div class=\"elementor-widget-container\">\n\t\t\t\t\t\t\t\t\t<h3 data-start=\"2614\" data-end=\"2642\">\ud83d\udcb0 LA MEJOR RELACI\u00d3N CALIDAD-PRECIO PARA LAS MAM\u00c1S<\/h3><p data-start=\"2643\" data-end=\"2822\">Disfrute de <strong data-start=\"2649\" data-end=\"2694\">seguridad de nivel m\u00e9dico y dise\u00f1o ergon\u00f3mico<\/strong> a un precio familiar.<br data-start=\"2722\" data-end=\"2725\" \/>El confort de su beb\u00e9 y su comodidad: \u00a1los dos est\u00e1n asegurados!<br data-start=\"2787\" data-end=\"2790\" \/><strong data-start=\"2790\" data-end=\"2822\">Env\u00edo gratuito en todos los pedidos.<\/strong><\/p>\t\t\t\t\t\t\t\t<\/div>\n\t\t\t\t<\/div>\n\t\t\t\t\t<\/div>\n\t\t<\/div>\n\t\t\t\t\t<\/div>\n\t\t<\/section>\n\t\t\t\t<\/div>","protected":false},"excerpt":{"rendered":"<p>\ud83d\udec1SMART, SAFE, AND SOOTHING BATH TIME FOR YOUR BABY Make bath time easier and safer with the Adjustable Baby Bath<\/p>","protected":false},"featured_media":24336,"comment_status":"open","ping_status":"closed","template":"","meta":{"_acf_changed":false},"product_brand":[],"product_cat":[29],"product_tag":[1120,1123,1124,1121,1122,1125],"class_list":{"0":"post-24344","1":"product","2":"type-product","3":"status-publish","4":"has-post-thumbnail","6":"product_cat-best-baby-care","7":"product_tag-adjustable-baby-bath-bed","8":"product_tag-anti-slip-baby-bath-seat","9":"product_tag-baby-bath-recliner-for-newborns","10":"product_tag-baby-bath-support-with-thermometer","11":"product_tag-foldable-baby-bath-chair","12":"product_tag-newborn-bathing-helper","14":"first","15":"instock","16":"sale","17":"taxable","18":"shipping-taxable","19":"purchasable","20":"product-type-variable","21":"wvs-archive-product-wrapper"},"acf":[],"_links":{"self":[{"href":"https:\/\/babyvk.com\/es\/wp-json\/wp\/v2\/product\/24344","targetHints":{"allow":["GET"]}}],"collection":[{"href":"https:\/\/babyvk.com\/es\/wp-json\/wp\/v2\/product"}],"about":[{"href":"https:\/\/babyvk.com\/es\/wp-json\/wp\/v2\/types\/product"}],"replies":[{"embeddable":true,"href":"https:\/\/babyvk.com\/es\/wp-json\/wp\/v2\/comments?post=24344"}],"version-history":[{"count":0,"href":"https:\/\/babyvk.com\/es\/wp-json\/wp\/v2\/product\/24344\/revisions"}],"wp:featuredmedia":[{"embeddable":true,"href":"https:\/\/babyvk.com\/es\/wp-json\/wp\/v2\/media\/24336"}],"wp:attachment":[{"href":"https:\/\/babyvk.com\/es\/wp-json\/wp\/v2\/media?parent=24344"}],"wp:term":[{"taxonomy":"product_brand","embeddable":true,"href":"https:\/\/babyvk.com\/es\/wp-json\/wp\/v2\/product_brand?post=24344"},{"taxonomy":"product_cat","embeddable":true,"href":"https:\/\/babyvk.com\/es\/wp-json\/wp\/v2\/product_cat?post=24344"},{"taxonomy":"product_tag","embeddable":true,"href":"https:\/\/babyvk.com\/es\/wp-json\/wp\/v2\/product_tag?post=24344"}],"curies":[{"name":"wp","href":"https:\/\/api.w.org\/{rel}","templated":true}]}}