{"id":24295,"date":"2025-11-10T17:40:41","date_gmt":"2025-11-10T17:40:41","guid":{"rendered":"https:\/\/babyvk.com\/?post_type=product&#038;p=24295"},"modified":"2025-11-10T17:52:32","modified_gmt":"2025-11-10T17:52:32","slug":"silicone-breastfeeding-nipple-shield","status":"publish","type":"product","link":"https:\/\/babyvk.com\/es\/product\/silicone-breastfeeding-nipple-shield\/","title":{"rendered":"Pezonera de lactancia de silicona"},"content":{"rendered":"<div data-elementor-type=\"product-post\" data-elementor-id=\"24295\" class=\"elementor elementor-24295\" data-elementor-post-type=\"product\">\n\t\t\t\t\t\t<section class=\"wd-negative-gap elementor-section elementor-top-section elementor-element elementor-element-93482bc elementor-section-boxed elementor-section-height-default elementor-section-height-default\" data-id=\"93482bc\" data-element_type=\"section\">\n\t\t\t\t\t\t<div class=\"elementor-container elementor-column-gap-default\">\n\t\t\t\t\t<div class=\"elementor-column elementor-col-100 elementor-top-column elementor-element elementor-element-1fcf56a\" data-id=\"1fcf56a\" data-element_type=\"column\">\n\t\t\t<div class=\"elementor-widget-wrap elementor-element-populated\">\n\t\t\t\t\t\t<div class=\"elementor-element elementor-element-01352dc color-scheme-inherit text-left elementor-widget elementor-widget-text-editor\" data-id=\"01352dc\" data-element_type=\"widget\" data-widget_type=\"text-editor.default\">\n\t\t\t\t<div class=\"elementor-widget-container\">\n\t\t\t\t\t\t\t\t\t<h2 data-start=\"1885\" data-end=\"1909\">Caracter\u00edsticas<\/h2><ul data-start=\"1911\" data-end=\"2969\"><li data-start=\"1911\" data-end=\"2073\"><p data-start=\"1913\" data-end=\"2073\">\u2705 <strong data-start=\"1915\" data-end=\"1949\">100% Silicona segura y no t\u00f3xica<\/strong> - Hecho de material de silicona suave de grado alimenticio, libre de BPA y sustancias nocivas, suave para la boca del beb\u00e9 y la piel de la mam\u00e1.<\/p><\/li><li data-start=\"2074\" data-end=\"2235\"><p data-start=\"2076\" data-end=\"2235\">\u2705 <strong data-start=\"2078\" data-end=\"2109\">Simulaci\u00f3n de areola humanizada<\/strong> - La textura de puntos convexos repartidos por el pez\u00f3n imita la areola natural de la madre, mejorando el agarre y la comodidad del beb\u00e9.<\/p><\/li><li data-start=\"2236\" data-end=\"2393\"><p data-start=\"2238\" data-end=\"2393\">\u2705 <strong data-start=\"2240\" data-end=\"2280\">Dise\u00f1o de p\u00e9talos para mayor comodidad y estabilidad<\/strong> - Su ligera forma de p\u00e9talo permite a las mam\u00e1s sujetarlo con facilidad y mantiene el protector seguro en su sitio durante la alimentaci\u00f3n.<\/p><\/li><li data-start=\"2394\" data-end=\"2536\"><p data-start=\"2396\" data-end=\"2536\">\u2705 <strong data-start=\"2398\" data-end=\"2422\">Contacto piel con piel<\/strong> - La forma de p\u00e9talo abierto favorece el m\u00e1ximo contacto entre la madre y el beb\u00e9 para crear un v\u00ednculo natural durante la lactancia.<\/p><\/li><li data-start=\"2537\" data-end=\"2682\"><p data-start=\"2539\" data-end=\"2682\">\u2705 <strong data-start=\"2541\" data-end=\"2575\">Estructura en espiral anticolapso<\/strong> - La punta de la tetina presenta una mec\u00e1nica en espiral que evita que se abollen durante la alimentaci\u00f3n, garantizando un flujo de leche constante.<\/p><\/li><li data-start=\"2683\" data-end=\"2837\"><p data-start=\"2685\" data-end=\"2837\">\u2705 <strong data-start=\"2687\" data-end=\"2714\">Anti-Mordeduras y Alivio del Dolor<\/strong> - Dise\u00f1ado con un espacio entre el pez\u00f3n de la mam\u00e1 y la cabeza del escudo, lo que evita que se muerda y reduce las molestias o las grietas.<\/p><\/li><li data-start=\"2838\" data-end=\"2969\"><p data-start=\"2840\" data-end=\"2969\">\u2705 <strong data-start=\"2842\" data-end=\"2872\">Caudal variable para todas las edades<\/strong> - La salida de leche con orificios cruzados proporciona un flujo suave, adecuado tanto para reci\u00e9n nacidos como para beb\u00e9s en crecimiento.<\/p><\/li><\/ul>\t\t\t\t\t\t\t\t<\/div>\n\t\t\t\t<\/div>\n\t\t\t\t\t<\/div>\n\t\t<\/div>\n\t\t\t\t\t<\/div>\n\t\t<\/section>\n\t\t\t\t<section class=\"wd-negative-gap elementor-section elementor-top-section elementor-element elementor-element-9c9bb49 elementor-section-boxed elementor-section-height-default elementor-section-height-default\" data-id=\"9c9bb49\" data-element_type=\"section\">\n\t\t\t\t\t\t<div class=\"elementor-container elementor-column-gap-default\">\n\t\t\t\t\t<div class=\"elementor-column elementor-col-100 elementor-top-column elementor-element elementor-element-eb026aa\" data-id=\"eb026aa\" data-element_type=\"column\">\n\t\t\t<div class=\"elementor-widget-wrap elementor-element-populated\">\n\t\t\t\t\t\t<div class=\"elementor-element elementor-element-b1c28d5 color-scheme-inherit text-left elementor-widget elementor-widget-text-editor\" data-id=\"b1c28d5\" data-element_type=\"widget\" data-widget_type=\"text-editor.default\">\n\t\t\t\t<div class=\"elementor-widget-container\">\n\t\t\t\t\t\t\t\t\t<h2 data-start=\"1453\" data-end=\"1495\">Especificaciones<\/h2><ul data-start=\"1496\" data-end=\"1878\"><li data-start=\"1496\" data-end=\"1554\"><p data-start=\"1498\" data-end=\"1554\"><strong data-start=\"1498\" data-end=\"1515\">Nombre del producto:<\/strong> Pezonera de lactancia de silicona<\/p><\/li><li data-start=\"1555\" data-end=\"1609\"><p data-start=\"1557\" data-end=\"1609\"><strong data-start=\"1557\" data-end=\"1570\">Material:<\/strong> 100% Silicona alimentaria<\/p><\/li><li data-start=\"1670\" data-end=\"1750\"><p data-start=\"1672\" data-end=\"1750\"><strong data-start=\"1672\" data-end=\"1685\">Funci\u00f3n:<\/strong> Antimordeduras, protecci\u00f3n del confort, apoyo a la lactancia sin dolor<\/p><\/li><li data-start=\"1802\" data-end=\"1851\"><p data-start=\"1804\" data-end=\"1851\"><strong data-start=\"1804\" data-end=\"1813\">Tama\u00f1o:<\/strong> Universal (se adapta a la mayor\u00eda de las formas de pecho)<\/p><\/li><li data-start=\"1852\" data-end=\"1878\"><p data-start=\"1854\" data-end=\"1878\"><strong data-start=\"1854\" data-end=\"1864\">Color:<\/strong> Blanco\/Amarillo<\/p><\/li><\/ul>\t\t\t\t\t\t\t\t<\/div>\n\t\t\t\t<\/div>\n\t\t\t\t\t<\/div>\n\t\t<\/div>\n\t\t\t\t\t<\/div>\n\t\t<\/section>\n\t\t\t\t<\/div>","protected":false},"excerpt":{"rendered":"<p>Protector de pezones de lactancia de suave silicona con dise\u00f1o de p\u00e9talos. 100% de calidad alimentaria, seguro, no t\u00f3xico y respetuoso con la piel. Imita la areola real para mayor comodidad y protecci\u00f3n.<\/p>","protected":false},"featured_media":24292,"comment_status":"open","ping_status":"closed","template":"","meta":{"_acf_changed":false},"product_brand":[],"product_cat":[20],"product_tag":[1113,1110,1112,1111,1109,1062],"class_list":{"0":"post-24295","1":"product","2":"type-product","3":"status-publish","4":"has-post-thumbnail","6":"product_cat-new-mom","7":"product_tag-anti-bite-silicone-nipple-protector","8":"product_tag-baby-breastfeeding-shield","9":"product_tag-baby-latch-assist-nipple-shield","10":"product_tag-nipple-protector-for-breastfeeding-moms","11":"product_tag-silicone-breastfeeding-nipple-shield","12":"product_tag-soft-silicone-nipple-protector","14":"first","15":"instock","16":"sale","17":"taxable","18":"shipping-taxable","19":"purchasable","20":"product-type-variable","21":"wvs-archive-product-wrapper"},"acf":[],"_links":{"self":[{"href":"https:\/\/babyvk.com\/es\/wp-json\/wp\/v2\/product\/24295","targetHints":{"allow":["GET"]}}],"collection":[{"href":"https:\/\/babyvk.com\/es\/wp-json\/wp\/v2\/product"}],"about":[{"href":"https:\/\/babyvk.com\/es\/wp-json\/wp\/v2\/types\/product"}],"replies":[{"embeddable":true,"href":"https:\/\/babyvk.com\/es\/wp-json\/wp\/v2\/comments?post=24295"}],"version-history":[{"count":0,"href":"https:\/\/babyvk.com\/es\/wp-json\/wp\/v2\/product\/24295\/revisions"}],"wp:featuredmedia":[{"embeddable":true,"href":"https:\/\/babyvk.com\/es\/wp-json\/wp\/v2\/media\/24292"}],"wp:attachment":[{"href":"https:\/\/babyvk.com\/es\/wp-json\/wp\/v2\/media?parent=24295"}],"wp:term":[{"taxonomy":"product_brand","embeddable":true,"href":"https:\/\/babyvk.com\/es\/wp-json\/wp\/v2\/product_brand?post=24295"},{"taxonomy":"product_cat","embeddable":true,"href":"https:\/\/babyvk.com\/es\/wp-json\/wp\/v2\/product_cat?post=24295"},{"taxonomy":"product_tag","embeddable":true,"href":"https:\/\/babyvk.com\/es\/wp-json\/wp\/v2\/product_tag?post=24295"}],"curies":[{"name":"wp","href":"https:\/\/api.w.org\/{rel}","templated":true}]}}