{"id":24188,"date":"2025-11-04T16:23:06","date_gmt":"2025-11-04T16:23:06","guid":{"rendered":"https:\/\/babyvk.com\/?post_type=product&#038;p=24188"},"modified":"2025-11-17T10:03:27","modified_gmt":"2025-11-17T10:03:27","slug":"baby-navel-sticker","status":"publish","type":"product","link":"https:\/\/babyvk.com\/es\/product\/baby-navel-sticker\/","title":{"rendered":"Pegatina Ombligo de beb\u00e9"},"content":{"rendered":"<div data-elementor-type=\"product-post\" data-elementor-id=\"24188\" class=\"elementor elementor-24188\" data-elementor-post-type=\"product\">\n\t\t\t\t\t\t<section class=\"wd-negative-gap elementor-section elementor-top-section elementor-element elementor-element-1b2dcc5 elementor-section-boxed elementor-section-height-default elementor-section-height-default\" data-id=\"1b2dcc5\" data-element_type=\"section\">\n\t\t\t\t\t\t<div class=\"elementor-container elementor-column-gap-default\">\n\t\t\t\t\t<div class=\"elementor-column elementor-col-100 elementor-top-column elementor-element elementor-element-394dcc7\" data-id=\"394dcc7\" data-element_type=\"column\">\n\t\t\t<div class=\"elementor-widget-wrap elementor-element-populated\">\n\t\t\t\t\t\t<div class=\"elementor-element elementor-element-1a49873 color-scheme-inherit text-left elementor-widget elementor-widget-text-editor\" data-id=\"1a49873\" data-element_type=\"widget\" data-widget_type=\"text-editor.default\">\n\t\t\t\t<div class=\"elementor-widget-container\">\n\t\t\t\t\t\t\t\t\t<p><b>Caracter\u00edstica:<\/b><\/p><ol><li>C\u00f3modo, agradable a la piel y f\u00e1cil de rasgar, sin da\u00f1ar la tierna piel del beb\u00e9.<\/li><li>C\u00f3modo, seguro, no irritante y no al\u00e9rgico. Protegen eficazmente la salud de su beb\u00e9.<\/li><li>Fabricado con membrana impermeable transparente de PE de alta elasticidad que tiene una excelente capacidad de transpiraci\u00f3n.<\/li><li>Puede resistir la presi\u00f3n del agua de 1000mm, con la adherencia inalterada, no se preocupe por caerse y desplazarse.<\/li><li>Cada pieza utiliza un envase sellado independiente para evitar la contaminaci\u00f3n externa.<\/li><\/ol>\t\t\t\t\t\t\t\t<\/div>\n\t\t\t\t<\/div>\n\t\t\t\t<div class=\"elementor-element elementor-element-23150e4 color-scheme-inherit text-left elementor-widget elementor-widget-text-editor\" data-id=\"23150e4\" data-element_type=\"widget\" data-widget_type=\"text-editor.default\">\n\t\t\t\t<div class=\"elementor-widget-container\">\n\t\t\t\t\t\t\t\t\t<p><b>Especificaci\u00f3n:<\/b><\/p><div><ul><li>Estado: Nuevo<\/li><li>Tipo de art\u00edculo: Pegatina Ombligo Beb\u00e9<\/li><li>Cantidad: 10pcs \/\u00a0<span style=\"font-family: Lato, Arial, Helvetica, sans-serif; font-size: 16px; font-style: normal; font-variant-ligatures: normal; font-variant-caps: normal; font-weight: 400;\">20 piezas<\/span><\/li><li><span style=\"font-family: Lato, Arial, Helvetica, sans-serif; font-size: 16px; font-style: normal; font-variant-ligatures: normal; font-variant-caps: normal; font-weight: 400;\">Tama\u00f1o\uff1a6cm x 7cm<\/span><\/li><li>Caducidad: 3 a\u00f1os<\/li><li>Materiales: Cinta adhesiva, papel absorbente, papel antiadherente, papel de di\u00e1lisis<br \/>Aplicaciones: Ba\u00f1o y nataci\u00f3n del beb\u00e9<\/li><li>Utilizaci\u00f3n: Uso externo<\/li><li>Despega la cinta adhesiva del lateral y p\u00e9gala en el ombligo; a continuaci\u00f3n, despega una capa de papel de pl\u00e1stico transparente.\u00a0<\/li><li>\u00a0<\/li><\/ul><\/div>\t\t\t\t\t\t\t\t<\/div>\n\t\t\t\t<\/div>\n\t\t\t\t<div class=\"elementor-element elementor-element-426dfc6 color-scheme-inherit text-left elementor-widget elementor-widget-text-editor\" data-id=\"426dfc6\" data-element_type=\"widget\" data-widget_type=\"text-editor.default\">\n\t\t\t\t<div class=\"elementor-widget-container\">\n\t\t\t\t\t\t\t\t\t<p><b>Lista de paquetes:<\/b><\/p>\n<ul>\n<li>10 x Pegatinas Ombligo de Beb\u00e9 \/ 20 x Pegatinas Ombligo de Beb\u00e9<\/li>\n<\/ul>\t\t\t\t\t\t\t\t<\/div>\n\t\t\t\t<\/div>\n\t\t\t\t<div class=\"elementor-element elementor-element-3a019bb color-scheme-inherit text-left elementor-widget elementor-widget-text-editor\" data-id=\"3a019bb\" data-element_type=\"widget\" data-widget_type=\"text-editor.default\">\n\t\t\t\t<div class=\"elementor-widget-container\">\n\t\t\t\t\t\t\t\t\t<p><b>Nota:<\/b><\/p><ol><li>Por favor, retira la pasta umbilical lo antes posible despu\u00e9s de nadar, no la apliques durante un tiempo.<\/li><li>Este producto es un producto desechable, por favor no lo reutilice y no utilice el da\u00f1ado.<\/li><li>Si tiene alergias o molestias, deje de utilizarlo o consulte a un m\u00e9dico.<\/li><li>Tenga en cuenta que el nuevo tipo y el viejo tipo de este producto se enviar\u00e1 al azar, y aseg\u00farese de que no le importar\u00e1 antes de ordenar.<\/li><\/ol>\t\t\t\t\t\t\t\t<\/div>\n\t\t\t\t<\/div>\n\t\t\t\t\t<\/div>\n\t\t<\/div>\n\t\t\t\t\t<\/div>\n\t\t<\/section>\n\t\t\t\t<\/div>","protected":false},"excerpt":{"rendered":"<p>Adhesivo para el ombligo del beb\u00e9 con l\u00e1mina de PE impermeable y transpirable. Dise\u00f1o suave, agradable para la piel y no irritante para proteger la zona umbilical del beb\u00e9 durante el ba\u00f1o y la nataci\u00f3n. Paquete de 20 unidades, seguro y desechable.<\/p>","protected":false},"featured_media":24185,"comment_status":"open","ping_status":"closed","template":"","meta":{"_acf_changed":false},"product_brand":[],"product_cat":[29],"product_tag":[1102,1101,1099,1103,1100],"class_list":{"0":"post-24188","1":"product","2":"type-product","3":"status-publish","4":"has-post-thumbnail","6":"product_cat-best-baby-care","7":"product_tag-baby-belly-button-sticker","8":"product_tag-baby-navel-protector-for-bath","9":"product_tag-baby-navel-sticker","10":"product_tag-baby-waterproof-belly-button-cover","11":"product_tag-waterproof-baby-umbilical-patch","13":"first","14":"instock","15":"sale","16":"taxable","17":"shipping-taxable","18":"purchasable","19":"product-type-variable","20":"wvs-archive-product-wrapper"},"acf":[],"_links":{"self":[{"href":"https:\/\/babyvk.com\/es\/wp-json\/wp\/v2\/product\/24188","targetHints":{"allow":["GET"]}}],"collection":[{"href":"https:\/\/babyvk.com\/es\/wp-json\/wp\/v2\/product"}],"about":[{"href":"https:\/\/babyvk.com\/es\/wp-json\/wp\/v2\/types\/product"}],"replies":[{"embeddable":true,"href":"https:\/\/babyvk.com\/es\/wp-json\/wp\/v2\/comments?post=24188"}],"version-history":[{"count":0,"href":"https:\/\/babyvk.com\/es\/wp-json\/wp\/v2\/product\/24188\/revisions"}],"wp:featuredmedia":[{"embeddable":true,"href":"https:\/\/babyvk.com\/es\/wp-json\/wp\/v2\/media\/24185"}],"wp:attachment":[{"href":"https:\/\/babyvk.com\/es\/wp-json\/wp\/v2\/media?parent=24188"}],"wp:term":[{"taxonomy":"product_brand","embeddable":true,"href":"https:\/\/babyvk.com\/es\/wp-json\/wp\/v2\/product_brand?post=24188"},{"taxonomy":"product_cat","embeddable":true,"href":"https:\/\/babyvk.com\/es\/wp-json\/wp\/v2\/product_cat?post=24188"},{"taxonomy":"product_tag","embeddable":true,"href":"https:\/\/babyvk.com\/es\/wp-json\/wp\/v2\/product_tag?post=24188"}],"curies":[{"name":"wp","href":"https:\/\/api.w.org\/{rel}","templated":true}]}}