{"id":23757,"date":"2025-09-08T16:31:29","date_gmt":"2025-09-08T16:31:29","guid":{"rendered":"https:\/\/babyvk.com\/?post_type=product&#038;p=23757"},"modified":"2025-09-08T17:05:42","modified_gmt":"2025-09-08T17:05:42","slug":"silicone-breast-milk-saver-collector-cup","status":"publish","type":"product","link":"https:\/\/babyvk.com\/es\/product\/silicone-breast-milk-saver-collector-cup\/","title":{"rendered":"Vaso recolector de silicona para leche materna"},"content":{"rendered":"<div data-elementor-type=\"product-post\" data-elementor-id=\"23757\" class=\"elementor elementor-23757\" data-elementor-post-type=\"product\">\n\t\t\t\t\t\t<section class=\"wd-negative-gap elementor-section elementor-top-section elementor-element elementor-element-d9ae6f7 elementor-section-boxed elementor-section-height-default elementor-section-height-default\" data-id=\"d9ae6f7\" data-element_type=\"section\">\n\t\t\t\t\t\t<div class=\"elementor-container elementor-column-gap-default\">\n\t\t\t\t\t<div class=\"elementor-column elementor-col-100 elementor-top-column elementor-element elementor-element-638607c\" data-id=\"638607c\" data-element_type=\"column\">\n\t\t\t<div class=\"elementor-widget-wrap elementor-element-populated\">\n\t\t\t\t\t\t<div class=\"elementor-element elementor-element-4d73ee2 color-scheme-inherit text-left elementor-widget elementor-widget-text-editor\" data-id=\"4d73ee2\" data-element_type=\"widget\" data-widget_type=\"text-editor.default\">\n\t\t\t\t<div class=\"elementor-widget-container\">\n\t\t\t\t\t\t\t\t\t<h2 data-start=\"1783\" data-end=\"1807\">Caracter\u00edsticas y ventajas<\/h2><ul data-start=\"1809\" data-end=\"2688\"><li data-start=\"1809\" data-end=\"1931\"><p data-start=\"1811\" data-end=\"1931\">\u2705 <strong data-start=\"1813\" data-end=\"1840\">Ahorre hasta la \u00faltima gota de leche<\/strong> - Recoge las p\u00e9rdidas de leche materna (200-300 ml diarios de media) que de otro modo se desperdiciar\u00edan.<\/p><\/li><li data-start=\"1932\" data-end=\"2061\"><p data-start=\"1934\" data-end=\"2061\">\u2705 <strong data-start=\"1936\" data-end=\"1962\">Ajuste suave y c\u00f3modo<\/strong> - El dise\u00f1o el\u00e1stico en forma de p\u00e9talo se adapta al pecho de forma natural, reduciendo las molestias y la presi\u00f3n.<\/p><\/li><li data-start=\"2062\" data-end=\"2208\"><p data-start=\"2064\" data-end=\"2208\">\u2705 <strong data-start=\"2066\" data-end=\"2094\">Protecci\u00f3n de doble funci\u00f3n<\/strong> - Funciona tanto como almohadilla antifugas como protector de pezones, evitando la fricci\u00f3n de la ropa y ayudando a la recuperaci\u00f3n.<\/p><\/li><li data-start=\"2209\" data-end=\"2333\"><p data-start=\"2211\" data-end=\"2333\">\u2705 <strong data-start=\"2213\" data-end=\"2243\">Dise\u00f1o port\u00e1til y discreto<\/strong> - Peque\u00f1o y ligero, f\u00e1cil de llevar en el bolso de lactancia o debajo de la ropa en cualquier momento.<\/p><\/li><li data-start=\"2334\" data-end=\"2452\"><p data-start=\"2336\" data-end=\"2452\">\u2705 <strong data-start=\"2338\" data-end=\"2367\">Materiales seguros para uso alimentario<\/strong> - Fabricado con carcasa de PP y silicona l\u00edquida suave, totalmente seguro y delicado con la piel.<\/p><\/li><li data-start=\"2453\" data-end=\"2567\"><p data-start=\"2455\" data-end=\"2567\">\u2705 <strong data-start=\"2457\" data-end=\"2484\">Reutilizable y respetuoso con el medio ambiente<\/strong> - Dise\u00f1o duradero con una larga vida \u00fatil de hasta 10 a\u00f1os a temperatura ambiente.<\/p><\/li><li data-start=\"2568\" data-end=\"2688\"><p data-start=\"2570\" data-end=\"2688\">\u2705 <strong data-start=\"2572\" data-end=\"2594\">Uso en m\u00faltiples escenarios<\/strong> - Adecuada para estar tumbada, dar el pecho o llevar de viaje, ofrece a las madres la m\u00e1xima flexibilidad.<\/p><\/li><\/ul>\t\t\t\t\t\t\t\t<\/div>\n\t\t\t\t<\/div>\n\t\t\t\t\t<\/div>\n\t\t<\/div>\n\t\t\t\t\t<\/div>\n\t\t<\/section>\n\t\t\t\t<section class=\"wd-negative-gap elementor-section elementor-top-section elementor-element elementor-element-b1298b5 elementor-section-boxed elementor-section-height-default elementor-section-height-default\" data-id=\"b1298b5\" data-element_type=\"section\">\n\t\t\t\t\t\t<div class=\"elementor-container elementor-column-gap-default\">\n\t\t\t\t\t<div class=\"elementor-column elementor-col-100 elementor-top-column elementor-element elementor-element-7c85a56\" data-id=\"7c85a56\" data-element_type=\"column\">\n\t\t\t<div class=\"elementor-widget-wrap elementor-element-populated\">\n\t\t\t\t\t\t<div class=\"elementor-element elementor-element-22d5953 color-scheme-inherit text-left elementor-widget elementor-widget-text-editor\" data-id=\"22d5953\" data-element_type=\"widget\" data-widget_type=\"text-editor.default\">\n\t\t\t\t<div class=\"elementor-widget-container\">\n\t\t\t\t\t\t\t\t\t<h2 data-start=\"1342\" data-end=\"1384\">Especificaciones<\/h2>\n<ul data-start=\"1385\" data-end=\"1776\">\n<li data-start=\"1385\" data-end=\"1447\">\n<p data-start=\"1387\" data-end=\"1447\"><strong data-start=\"1387\" data-end=\"1404\">Nombre:<\/strong> Colector de leche materna de silicona<\/p>\n<\/li>\n<li data-start=\"1448\" data-end=\"1510\">\n<p data-start=\"1450\" data-end=\"1510\"><strong data-start=\"1450\" data-end=\"1463\">Material:<\/strong> Carcasa de PP alimentario \/ Revestimiento de silicona l\u00edquida<\/p>\n<\/li>\n<li data-start=\"1511\" data-end=\"1555\">\n<p data-start=\"1513\" data-end=\"1555\"><strong data-start=\"1513\" data-end=\"1522\">Tama\u00f1o:<\/strong> Di\u00e1metro 85 mm \/ Espesor 25 mm<\/p>\n<\/li>\n<li data-start=\"1556\" data-end=\"1626\">\n<p data-start=\"1558\" data-end=\"1626\"><strong data-start=\"1558\" data-end=\"1571\">Capacidad:<\/strong> Var\u00eda seg\u00fan el flujo de leche, adecuado para la recogida diaria<\/p>\n<\/li>\n<li data-start=\"1627\" data-end=\"1679\">\n<p data-start=\"1629\" data-end=\"1679\"><strong data-start=\"1629\" data-end=\"1642\">Garant\u00eda:<\/strong> Unos 10 a\u00f1os a temperatura ambiente<\/p><\/li>\n<\/ul>\t\t\t\t\t\t\t\t<\/div>\n\t\t\t\t<\/div>\n\t\t\t\t\t<\/div>\n\t\t<\/div>\n\t\t\t\t\t<\/div>\n\t\t<\/section>\n\t\t\t\t<\/div>","protected":false},"excerpt":{"rendered":"<p>Colector de leche materna con dise\u00f1o de p\u00e9talos de ajuste suave. Evita las p\u00e9rdidas, recoge la leche sobrante y protege los pezones de la fricci\u00f3n. Port\u00e1til, discreto y reutilizable. Env\u00edo gratuito.<\/p>","protected":false},"featured_media":23752,"comment_status":"open","ping_status":"closed","template":"","meta":{"_acf_changed":false},"product_brand":[],"product_cat":[20],"product_tag":[1088,1091,1090,1092,1089],"class_list":{"0":"post-23757","1":"product","2":"type-product","3":"status-publish","4":"has-post-thumbnail","6":"product_cat-new-mom","7":"product_tag-breast-milk-collector","8":"product_tag-leak-proof-nursing-shell","9":"product_tag-milk-saver-breastfeeding","10":"product_tag-nursing-milk-collector","11":"product_tag-silicone-breast-milk-collector","13":"first","14":"instock","15":"sale","16":"taxable","17":"shipping-taxable","18":"purchasable","19":"product-type-variable","20":"wvs-archive-product-wrapper"},"acf":[],"_links":{"self":[{"href":"https:\/\/babyvk.com\/es\/wp-json\/wp\/v2\/product\/23757","targetHints":{"allow":["GET"]}}],"collection":[{"href":"https:\/\/babyvk.com\/es\/wp-json\/wp\/v2\/product"}],"about":[{"href":"https:\/\/babyvk.com\/es\/wp-json\/wp\/v2\/types\/product"}],"replies":[{"embeddable":true,"href":"https:\/\/babyvk.com\/es\/wp-json\/wp\/v2\/comments?post=23757"}],"version-history":[{"count":0,"href":"https:\/\/babyvk.com\/es\/wp-json\/wp\/v2\/product\/23757\/revisions"}],"wp:featuredmedia":[{"embeddable":true,"href":"https:\/\/babyvk.com\/es\/wp-json\/wp\/v2\/media\/23752"}],"wp:attachment":[{"href":"https:\/\/babyvk.com\/es\/wp-json\/wp\/v2\/media?parent=23757"}],"wp:term":[{"taxonomy":"product_brand","embeddable":true,"href":"https:\/\/babyvk.com\/es\/wp-json\/wp\/v2\/product_brand?post=23757"},{"taxonomy":"product_cat","embeddable":true,"href":"https:\/\/babyvk.com\/es\/wp-json\/wp\/v2\/product_cat?post=23757"},{"taxonomy":"product_tag","embeddable":true,"href":"https:\/\/babyvk.com\/es\/wp-json\/wp\/v2\/product_tag?post=23757"}],"curies":[{"name":"wp","href":"https:\/\/api.w.org\/{rel}","templated":true}]}}