{"id":23343,"date":"2025-07-30T17:27:34","date_gmt":"2025-07-30T17:27:34","guid":{"rendered":"https:\/\/babyvk.com\/?post_type=product&#038;p=23343"},"modified":"2025-09-08T17:05:55","modified_gmt":"2025-09-08T17:05:55","slug":"breastfeeding-nipple-shield","status":"publish","type":"product","link":"https:\/\/babyvk.com\/es\/product\/breastfeeding-nipple-shield\/","title":{"rendered":"Pezonera de lactancia"},"content":{"rendered":"<div data-elementor-type=\"product-post\" data-elementor-id=\"23343\" class=\"elementor elementor-23343\" data-elementor-post-type=\"product\">\n\t\t\t\t\t\t<section class=\"wd-negative-gap elementor-section elementor-top-section elementor-element elementor-element-22277c1 elementor-section-boxed elementor-section-height-default elementor-section-height-default\" data-id=\"22277c1\" data-element_type=\"section\">\n\t\t\t\t\t\t<div class=\"elementor-container elementor-column-gap-default\">\n\t\t\t\t\t<div class=\"elementor-column elementor-col-100 elementor-top-column elementor-element elementor-element-415fd4c\" data-id=\"415fd4c\" data-element_type=\"column\">\n\t\t\t<div class=\"elementor-widget-wrap elementor-element-populated\">\n\t\t\t\t\t\t<div class=\"elementor-element elementor-element-b619c05 elementor-widget__width-initial color-scheme-inherit text-left elementor-widget elementor-widget-text-editor\" data-id=\"b619c05\" data-element_type=\"widget\" data-widget_type=\"text-editor.default\">\n\t\t\t\t<div class=\"elementor-widget-container\">\n\t\t\t\t\t\t\t\t\t<p><strong>Diga adi\u00f3s al dolor de pezones, a los mordiscos y a los problemas de agarre.<\/strong> Nuestro protector de pezones mejorado de silicona de doble capa imita la piel real, ofreciendo una experiencia de lactancia suave, segura y agradable para el beb\u00e9. Adecuado para beb\u00e9s de m\u00e1s de 0 meses.<\/p><h2>\ud83c\udf7c Beneficios<\/h2><ul><li><strong>\u2705 Protecci\u00f3n de doble capa:<\/strong> Su dise\u00f1o anti-mordeduras y anti-dolor protege los pezones sensibles de las molestias.<\/li><li><strong>Textura similar a la piel:<\/strong> La suave silicona de tacto realista y color tono piel ayuda a los beb\u00e9s a prenderse m\u00e1s f\u00e1cilmente.<\/li><li><strong>\u2705 Ajuste sin costuras:<\/strong> El dise\u00f1o de ala de mariposa mantiene el protector en su sitio, sin deslizamientos, incluso durante la alimentaci\u00f3n activa.<\/li><li><strong>\u2705 Mejor succi\u00f3n, menos aire:<\/strong> El dise\u00f1o de adsorci\u00f3n mejorado reduce la entrada de aire y evita la asfixia.<\/li><li><strong>F\u00e1cil de limpiar:<\/strong> Silicona apta para hervir y esterilizar para la higiene diaria.<\/li><\/ul><h2>\ud83d\udce6 Detalles del producto<\/h2><ul><li>Material: Silicona de grado m\u00e9dico sin BPA<\/li><li>Color: Marr\u00f3n brumoso (tono natural de la piel)<\/li><li>Edad: Reci\u00e9n nacido en adelante (0 meses+)<\/li><li>Incluye: 1 x Pezonera<\/li><\/ul><h2>\ud83d\udc69\u200d\u2695\ufe0f C\u00f3mo utilizarlo<\/h2><ol><li>Lave y esterilice el protector antes de utilizarlo por primera vez.<\/li><li>Alinee el protector con el pez\u00f3n y presione suavemente para ajustarlo.<\/li><li>Deja que el beb\u00e9 se agarre al pecho de forma natural, sin necesidad de ajustes adicionales.<\/li><li>Limpiar a fondo despu\u00e9s de cada uso.<\/li><\/ol>\t\t\t\t\t\t\t\t<\/div>\n\t\t\t\t<\/div>\n\t\t\t\t\t<\/div>\n\t\t<\/div>\n\t\t\t\t\t<\/div>\n\t\t<\/section>\n\t\t\t\t<section class=\"wd-negative-gap elementor-section elementor-top-section elementor-element elementor-element-e448ebb elementor-section-boxed elementor-section-height-default elementor-section-height-default\" data-id=\"e448ebb\" data-element_type=\"section\">\n\t\t\t\t\t\t<div class=\"elementor-container elementor-column-gap-default\">\n\t\t\t\t\t<div class=\"elementor-column elementor-col-100 elementor-top-column elementor-element elementor-element-9284d7d\" data-id=\"9284d7d\" data-element_type=\"column\">\n\t\t\t<div class=\"elementor-widget-wrap elementor-element-populated\">\n\t\t\t\t\t\t<div class=\"elementor-element elementor-element-be88d7b color-scheme-inherit text-left elementor-widget elementor-widget-text-editor\" data-id=\"be88d7b\" data-element_type=\"widget\" data-widget_type=\"text-editor.default\">\n\t\t\t\t<div class=\"elementor-widget-container\">\n\t\t\t\t\t\t\t\t\t<h2>\u2753FAQ<\/h2><p data-start=\"2010\" data-end=\"2080\"><strong data-start=\"2010\" data-end=\"2041\">P: \u00bfEs seguro para los reci\u00e9n nacidos?<\/strong><br data-start=\"2041\" data-end=\"2044\" \/>S\u00ed, apto para beb\u00e9s desde el nacimiento.<\/p><p data-start=\"2082\" data-end=\"2196\"><strong data-start=\"2082\" data-end=\"2116\">P: \u00bfReducir\u00e1 el dolor en los pezones?<\/strong><br data-start=\"2116\" data-end=\"2119\" \/>S\u00ed, la silicona de doble capa protege tus pezones de mordiscos y dolor.<\/p><p data-start=\"2198\" data-end=\"2277\"><strong data-start=\"2198\" data-end=\"2223\">P: \u00bfC\u00f3mo se limpia?<\/strong><br data-start=\"2223\" data-end=\"2226\" \/>Lavar con agua tibia y jab\u00f3n o esterilizar hirviendo.<\/p><p data-start=\"2279\" data-end=\"2370\"><strong data-start=\"2279\" data-end=\"2311\">P: \u00bfAfecta al flujo de leche?<\/strong><br data-start=\"2311\" data-end=\"2314\" \/>No, dise\u00f1ado para permitir el flujo natural de la leche sin atragantarse.<\/p>\t\t\t\t\t\t\t\t<\/div>\n\t\t\t\t<\/div>\n\t\t\t\t\t<\/div>\n\t\t<\/div>\n\t\t\t\t\t<\/div>\n\t\t<\/section>\n\t\t\t\t<section class=\"wd-negative-gap elementor-section elementor-top-section elementor-element elementor-element-8b09cd4 elementor-section-boxed elementor-section-height-default elementor-section-height-default\" data-id=\"8b09cd4\" data-element_type=\"section\">\n\t\t\t\t\t\t<div class=\"elementor-container elementor-column-gap-default\">\n\t\t\t\t\t<div class=\"elementor-column elementor-col-100 elementor-top-column elementor-element elementor-element-c0aa9f7\" data-id=\"c0aa9f7\" data-element_type=\"column\">\n\t\t\t<div class=\"elementor-widget-wrap elementor-element-populated\">\n\t\t\t\t\t\t<div class=\"elementor-element elementor-element-768976d color-scheme-inherit text-left elementor-widget elementor-widget-text-editor\" data-id=\"768976d\" data-element_type=\"widget\" data-widget_type=\"text-editor.default\">\n\t\t\t\t<div class=\"elementor-widget-container\">\n\t\t\t\t\t\t\t\t\t<h2 data-start=\"2543\" data-end=\"2562\">Llamamiento a la acci\u00f3n<\/h2><p data-start=\"2564\" data-end=\"2737\"><strong data-start=\"2564\" data-end=\"2609\">\u00a1Experimente hoy mismo una lactancia sin dolor!<\/strong><br data-start=\"2609\" data-end=\"2612\" \/>Pida su <strong data-start=\"2623\" data-end=\"2654\">Pezonera de lactancia<\/strong> ahora y disfrute de c\u00f3modos momentos de alimentaci\u00f3n.<br \/><br data-start=\"2697\" data-end=\"2700\" \/><span style=\"color: #ff6600; font-size: 14pt;\"><strong data-start=\"2700\" data-end=\"2737\">\u00a1Env\u00edo gratuito en pedidos superiores a $16.99!<\/strong><\/span><\/p>\t\t\t\t\t\t\t\t<\/div>\n\t\t\t\t<\/div>\n\t\t\t\t\t<\/div>\n\t\t<\/div>\n\t\t\t\t\t<\/div>\n\t\t<\/section>\n\t\t\t\t<\/div>","protected":false},"excerpt":{"rendered":"<p>&#8220;<strong>\u00bfTe duelen los pezones durante la lactancia?<\/strong> El Protector de Pez\u00f3n de Lactancia ofrece una protecci\u00f3n de doble capa para un confort sin dolor, antimordeduras y similar a la piel. Compre ahora para un alivio r\u00e1pido y env\u00edo gratuito\".<\/p>","protected":false},"featured_media":23336,"comment_status":"open","ping_status":"closed","template":"","meta":{"_acf_changed":false},"product_brand":[],"product_cat":[20],"product_tag":[1061,1064,1060,1063,1062],"class_list":{"0":"post-23343","1":"product","2":"type-product","3":"status-publish","4":"has-post-thumbnail","6":"product_cat-new-mom","7":"product_tag-anti-bite-nipple-shield-for-newborns","8":"product_tag-best-nipple-shield","9":"product_tag-breastfeeding-nipple-shield","10":"product_tag-pain-relief-nipple-shield","11":"product_tag-soft-silicone-nipple-protector","13":"first","14":"instock","15":"taxable","16":"shipping-taxable","17":"purchasable","18":"product-type-variable","19":"wvs-archive-product-wrapper"},"acf":[],"_links":{"self":[{"href":"https:\/\/babyvk.com\/es\/wp-json\/wp\/v2\/product\/23343","targetHints":{"allow":["GET"]}}],"collection":[{"href":"https:\/\/babyvk.com\/es\/wp-json\/wp\/v2\/product"}],"about":[{"href":"https:\/\/babyvk.com\/es\/wp-json\/wp\/v2\/types\/product"}],"replies":[{"embeddable":true,"href":"https:\/\/babyvk.com\/es\/wp-json\/wp\/v2\/comments?post=23343"}],"version-history":[{"count":0,"href":"https:\/\/babyvk.com\/es\/wp-json\/wp\/v2\/product\/23343\/revisions"}],"wp:featuredmedia":[{"embeddable":true,"href":"https:\/\/babyvk.com\/es\/wp-json\/wp\/v2\/media\/23336"}],"wp:attachment":[{"href":"https:\/\/babyvk.com\/es\/wp-json\/wp\/v2\/media?parent=23343"}],"wp:term":[{"taxonomy":"product_brand","embeddable":true,"href":"https:\/\/babyvk.com\/es\/wp-json\/wp\/v2\/product_brand?post=23343"},{"taxonomy":"product_cat","embeddable":true,"href":"https:\/\/babyvk.com\/es\/wp-json\/wp\/v2\/product_cat?post=23343"},{"taxonomy":"product_tag","embeddable":true,"href":"https:\/\/babyvk.com\/es\/wp-json\/wp\/v2\/product_tag?post=23343"}],"curies":[{"name":"wp","href":"https:\/\/api.w.org\/{rel}","templated":true}]}}