{"id":23137,"date":"2025-07-03T18:42:50","date_gmt":"2025-07-03T18:42:50","guid":{"rendered":"https:\/\/babyvk.com\/?post_type=product&#038;p=23137"},"modified":"2025-08-01T17:25:13","modified_gmt":"2025-08-01T17:25:13","slug":"baby-silicone-food-bottle","status":"publish","type":"product","link":"https:\/\/babyvk.com\/es\/product\/baby-silicone-food-bottle\/","title":{"rendered":"Biber\u00f3n de silicona 3 en 1"},"content":{"rendered":"<div data-elementor-type=\"product-post\" data-elementor-id=\"23137\" class=\"elementor elementor-23137\" data-elementor-post-type=\"product\">\n\t\t\t\t\t\t<section class=\"wd-negative-gap elementor-section elementor-top-section elementor-element elementor-element-7950f12 elementor-section-boxed elementor-section-height-default elementor-section-height-default\" data-id=\"7950f12\" data-element_type=\"section\">\n\t\t\t\t\t\t<div class=\"elementor-container elementor-column-gap-default\">\n\t\t\t\t\t<div class=\"elementor-column elementor-col-100 elementor-top-column elementor-element elementor-element-7ec84dd\" data-id=\"7ec84dd\" data-element_type=\"column\">\n\t\t\t<div class=\"elementor-widget-wrap elementor-element-populated\">\n\t\t\t\t\t\t<div class=\"elementor-element elementor-element-5d616e6 color-scheme-inherit text-left elementor-widget elementor-widget-text-editor\" data-id=\"5d616e6\" data-element_type=\"widget\" data-widget_type=\"text-editor.default\">\n\t\t\t\t<div class=\"elementor-widget-container\">\n\t\t\t\t\t\t\t\t\t<h2 data-start=\"126\" data-end=\"170\">Un biber\u00f3n, tres formas inteligentes de alimentarse<\/h2><p data-start=\"172\" data-end=\"374\">Facilita la hora de la comida con este biber\u00f3n multifunci\u00f3n 3 en 1 de silicona. Ya sea leche, pur\u00e9s o s\u00f3lidos blandos, este biber\u00f3n crece con la alimentaci\u00f3n de su beb\u00e9, todo en una soluci\u00f3n c\u00f3moda y sin complicaciones.<\/p>\t\t\t\t\t\t\t\t<\/div>\n\t\t\t\t<\/div>\n\t\t\t\t<div class=\"elementor-element elementor-element-983e551 color-scheme-inherit text-left elementor-widget elementor-widget-text-editor\" data-id=\"983e551\" data-element_type=\"widget\" data-widget_type=\"text-editor.default\">\n\t\t\t\t<div class=\"elementor-widget-container\">\n\t\t\t\t\t\t\t\t\t<h2 data-start=\"381\" data-end=\"409\">Por qu\u00e9 les encanta a los padres:<\/h2><p data-start=\"411\" data-end=\"573\">\u2705 <strong data-start=\"413\" data-end=\"439\">Kit de alimentaci\u00f3n todo en uno<\/strong><br data-start=\"439\" data-end=\"442\" \/>Viene con un cuerpo de biber\u00f3n, una tetina normal, una cuchara dispensadora y una tetina para pur\u00e9 de frutas, perfecto para la transici\u00f3n de la leche a los s\u00f3lidos.<\/p><p data-start=\"575\" data-end=\"725\">\u2705 <strong data-start=\"577\" data-end=\"600\">Materiales seguros para beb\u00e9s<\/strong><br data-start=\"600\" data-end=\"603\" \/>Hecho de silicona suave de alta calidad que es suave con las enc\u00edas, sin olor y seguro para apretar. Sin malos olores, sin preocupaciones.<\/p><p data-start=\"727\" data-end=\"883\">\u2705 <strong data-start=\"729\" data-end=\"758\">Dispensaci\u00f3n de alimentos sin complicaciones<\/strong><br data-start=\"758\" data-end=\"761\" \/>Apriete para introducir la leche, el pur\u00e9 o la papilla directamente en la boca del beb\u00e9, sin ensuciar, sin alboroto y sin necesidad de cuencos adicionales.<\/p><p data-start=\"885\" data-end=\"1011\">\u2705 <strong data-start=\"887\" data-end=\"915\">F\u00e1cil de limpiar y montar<\/strong><br data-start=\"915\" data-end=\"918\" \/>Cada pieza se desmonta f\u00e1cilmente para una limpieza r\u00e1pida y a fondo. Se puede lavar en el lavavajillas para mayor comodidad.<\/p><p data-start=\"1013\" data-end=\"1155\">\u2705 <strong data-start=\"1015\" data-end=\"1049\">Listo para viajar y resistente a salpicaduras<\/strong><br data-start=\"1049\" data-end=\"1052\" \/>Compacto y ligero. Ideal para alimentar en casa o sobre la marcha.<\/p>\t\t\t\t\t\t\t\t<\/div>\n\t\t\t\t<\/div>\n\t\t\t\t<div class=\"elementor-element elementor-element-b7be08e color-scheme-inherit text-left elementor-widget elementor-widget-text-editor\" data-id=\"b7be08e\" data-element_type=\"widget\" data-widget_type=\"text-editor.default\">\n\t\t\t\t<div class=\"elementor-widget-container\">\n\t\t\t\t\t\t\t\t\t<h2 data-start=\"1162\" data-end=\"1186\">Detalles del producto:<\/h2>\n<ul data-start=\"1188\" data-end=\"1533\">\n \t<li data-start=\"1188\" data-end=\"1208\">\n<p data-start=\"1190\" data-end=\"1208\"><strong data-start=\"1190\" data-end=\"1200\">Color:<\/strong> Marr\u00f3n<\/p>\n<\/li>\n \t<li data-start=\"1209\" data-end=\"1279\">\n<p data-start=\"1211\" data-end=\"1279\"><strong data-start=\"1211\" data-end=\"1225\">Materiales:<\/strong> PP (tap\u00f3n del biber\u00f3n), silicona (biber\u00f3n y tetinas)<\/p>\n<\/li>\n \t<li data-start=\"1409\" data-end=\"1457\">\n<p data-start=\"1411\" data-end=\"1457\"><strong data-start=\"1411\" data-end=\"1419\">Uso:<\/strong> Para l\u00edquidos, pur\u00e9s y alimentos blandos<\/p>\n<\/li>\n \t<li data-start=\"1458\" data-end=\"1533\">\n<p data-start=\"1460\" data-end=\"1533\"><strong data-start=\"1460\" data-end=\"1473\">Limpieza:<\/strong> F\u00e1cil de desmontar; se puede lavar a mano o en el lavavajillas.<\/p>\n<\/li>\n<\/ul>\n<h2 data-start=\"1282\" data-end=\"1297\">El paquete incluye::<\/h2>\n<ul>\n \t<li data-start=\"1302\" data-end=\"1319\">1 x Cuerpo de la botella<\/li>\n \t<li data-start=\"1324\" data-end=\"1344\">1 x Tetina normal<\/li>\n \t<li data-start=\"1349\" data-end=\"1371\">1 x Cuchara dispensadora<\/li>\n \t<li data-start=\"1376\" data-end=\"1408\">1 x Tetina para pur\u00e9 de frutas<\/li>\n<\/ul>\t\t\t\t\t\t\t\t<\/div>\n\t\t\t\t<\/div>\n\t\t\t\t\t<\/div>\n\t\t<\/div>\n\t\t\t\t\t<\/div>\n\t\t<\/section>\n\t\t\t\t<\/div>","protected":false},"excerpt":{"rendered":"<p>&#8220;<strong>\u00bfLe cuesta pasar de la leche a los s\u00f3lidos?<\/strong> El biber\u00f3n de silicona 3 en 1 para beb\u00e9s hace que la alimentaci\u00f3n sea perfecta gracias a las opciones de cuchara y pur\u00e9. Compre ahora y reciba el env\u00edo gratis\".<\/p>","protected":false},"featured_media":23126,"comment_status":"open","ping_status":"closed","template":"","meta":{"_acf_changed":false},"product_brand":[],"product_cat":[508],"product_tag":[1056,1057,1059,1058,1055],"class_list":{"0":"post-23137","1":"product","2":"type-product","3":"status-publish","4":"has-post-thumbnail","6":"product_cat-best-baby-feeding","7":"product_tag-3in1-silicone-baby-food-dispenser","8":"product_tag-baby-food-bottle-with-spoon-nipple","9":"product_tag-silicone-squeeze-baby-bottle-feeder","10":"product_tag-soft-silicone-spoon-feeder-bottle","11":"product_tag-squeeze-feeder-baby-food-bottle","13":"first","14":"instock","15":"taxable","16":"shipping-taxable","17":"purchasable","18":"product-type-variable","19":"wvs-archive-product-wrapper"},"acf":[],"_links":{"self":[{"href":"https:\/\/babyvk.com\/es\/wp-json\/wp\/v2\/product\/23137","targetHints":{"allow":["GET"]}}],"collection":[{"href":"https:\/\/babyvk.com\/es\/wp-json\/wp\/v2\/product"}],"about":[{"href":"https:\/\/babyvk.com\/es\/wp-json\/wp\/v2\/types\/product"}],"replies":[{"embeddable":true,"href":"https:\/\/babyvk.com\/es\/wp-json\/wp\/v2\/comments?post=23137"}],"version-history":[{"count":0,"href":"https:\/\/babyvk.com\/es\/wp-json\/wp\/v2\/product\/23137\/revisions"}],"wp:featuredmedia":[{"embeddable":true,"href":"https:\/\/babyvk.com\/es\/wp-json\/wp\/v2\/media\/23126"}],"wp:attachment":[{"href":"https:\/\/babyvk.com\/es\/wp-json\/wp\/v2\/media?parent=23137"}],"wp:term":[{"taxonomy":"product_brand","embeddable":true,"href":"https:\/\/babyvk.com\/es\/wp-json\/wp\/v2\/product_brand?post=23137"},{"taxonomy":"product_cat","embeddable":true,"href":"https:\/\/babyvk.com\/es\/wp-json\/wp\/v2\/product_cat?post=23137"},{"taxonomy":"product_tag","embeddable":true,"href":"https:\/\/babyvk.com\/es\/wp-json\/wp\/v2\/product_tag?post=23137"}],"curies":[{"name":"wp","href":"https:\/\/api.w.org\/{rel}","templated":true}]}}