{"id":23101,"date":"2025-07-02T15:13:30","date_gmt":"2025-07-02T15:13:30","guid":{"rendered":"https:\/\/babyvk.com\/?post_type=product&#038;p=23101"},"modified":"2025-07-02T15:43:30","modified_gmt":"2025-07-02T15:43:30","slug":"waterproof-baby-silicone-bibs","status":"publish","type":"product","link":"https:\/\/babyvk.com\/es\/product\/waterproof-baby-silicone-bibs\/","title":{"rendered":"Baberos de silicona para beb\u00e9s con recogedor de comida"},"content":{"rendered":"<div data-elementor-type=\"product-post\" data-elementor-id=\"23101\" class=\"elementor elementor-23101\" data-elementor-post-type=\"product\">\n\t\t\t\t\t\t<section class=\"wd-negative-gap elementor-section elementor-top-section elementor-element elementor-element-e68f406 elementor-section-boxed elementor-section-height-default elementor-section-height-default\" data-id=\"e68f406\" data-element_type=\"section\">\n\t\t\t\t\t\t<div class=\"elementor-container elementor-column-gap-default\">\n\t\t\t\t\t<div class=\"elementor-column elementor-col-100 elementor-top-column elementor-element elementor-element-b5541ad\" data-id=\"b5541ad\" data-element_type=\"column\">\n\t\t\t<div class=\"elementor-widget-wrap elementor-element-populated\">\n\t\t\t\t\t\t<div class=\"elementor-element elementor-element-e1e4456 color-scheme-inherit text-left elementor-widget elementor-widget-text-editor\" data-id=\"e1e4456\" data-element_type=\"widget\" data-widget_type=\"text-editor.default\">\n\t\t\t\t<div class=\"elementor-widget-container\">\n\t\t\t\t\t\t\t\t\t<h2 data-start=\"106\" data-end=\"152\">Comidas sin l\u00edos. Crianza sin preocupaciones.<\/h2><p data-start=\"154\" data-end=\"327\">Diga adi\u00f3s a los interminables lavados y a los baberos desechables. Nuestro babero de silicona impermeable para beb\u00e9s es el accesorio diario perfecto para una comida limpia y sin estr\u00e9s, tanto en casa como fuera de ella.<\/p>\t\t\t\t\t\t\t\t<\/div>\n\t\t\t\t<\/div>\n\t\t\t\t<div class=\"elementor-element elementor-element-bf4de75 color-scheme-inherit text-left elementor-widget elementor-widget-text-editor\" data-id=\"bf4de75\" data-element_type=\"widget\" data-widget_type=\"text-editor.default\">\n\t\t\t\t<div class=\"elementor-widget-container\">\n\t\t\t\t\t\t\t\t\t<h2 data-start=\"334\" data-end=\"362\">Por qu\u00e9 les encanta a los padres:<\/h2><p data-start=\"364\" data-end=\"493\">\u2705 <strong data-start=\"366\" data-end=\"390\">100% Seguro para beb\u00e9s<\/strong><br data-start=\"390\" data-end=\"393\" \/>Fabricado con silicona alimentaria pura, sin BPA, PVC, plomo, l\u00e1tex ni otras sustancias qu\u00edmicas nocivas.<\/p><p data-start=\"495\" data-end=\"614\">\u2705 <strong data-start=\"497\" data-end=\"527\">Ecol\u00f3gico y econ\u00f3mico<\/strong><br data-start=\"527\" data-end=\"530\" \/>Reutilizables y fabricados para durar: desh\u00e1gase de los desechables y reduzca los residuos ahorrando dinero.<\/p><p data-start=\"616\" data-end=\"747\">\u2705 <strong data-start=\"618\" data-end=\"653\">Suave, ligera y c\u00f3moda<\/strong><br data-start=\"653\" data-end=\"656\" \/>La silicona ultraligera es suave con la piel sensible y m\u00e1s c\u00f3moda que los baberos de tela o pl\u00e1stico.<\/p><p data-start=\"749\" data-end=\"874\">\u2705 <strong data-start=\"751\" data-end=\"774\">Dise\u00f1o listo para viajar<\/strong><br data-start=\"774\" data-end=\"777\" \/>Se enrolla para guardarla f\u00e1cilmente y viene con un pr\u00e1ctico estuche de viaje, perfecto para excursiones y bolsas de pa\u00f1ales.<\/p><p data-start=\"876\" data-end=\"1005\">\u2705 <strong data-start=\"878\" data-end=\"903\">Bolsillo ancho<\/strong><br data-start=\"903\" data-end=\"906\" \/>El bolsillo extraprofundo permanece abierto para recoger todas las migas y derrames. Mantiene la ropa limpia y la limpieza es r\u00e1pida.<\/p>\t\t\t\t\t\t\t\t<\/div>\n\t\t\t\t<\/div>\n\t\t\t\t<div class=\"elementor-element elementor-element-d16c89d color-scheme-inherit text-left elementor-widget elementor-widget-text-editor\" data-id=\"d16c89d\" data-element_type=\"widget\" data-widget_type=\"text-editor.default\">\n\t\t\t\t<div class=\"elementor-widget-container\">\n\t\t\t\t\t\t\t\t\t<h2 data-start=\"1012\" data-end=\"1036\">Detalles del producto:<\/h2><ul data-start=\"1038\" data-end=\"1282\"><li data-start=\"1038\" data-end=\"1080\"><p data-start=\"1040\" data-end=\"1080\"><strong data-start=\"1040\" data-end=\"1053\">Material:<\/strong> 100% Silicona alimentaria<\/p><\/li><li data-start=\"1081\" data-end=\"1119\"><p data-start=\"1083\" data-end=\"1119\"><strong data-start=\"1083\" data-end=\"1097\">Edades:<\/strong> De 3 meses a 6 a\u00f1os<\/p><\/li><li data-start=\"1120\" data-end=\"1171\"><p data-start=\"1122\" data-end=\"1171\"><strong data-start=\"1122\" data-end=\"1135\">Ajuste del cuello:<\/strong> Correa ajustable para un ajuste personalizado<\/p><\/li><li data-start=\"1172\" data-end=\"1227\"><p data-start=\"1174\" data-end=\"1227\"><strong data-start=\"1174\" data-end=\"1189\">Impermeable:<\/strong> S\u00ed - protege la ropa de salpicaduras<\/p><\/li><li data-start=\"1228\" data-end=\"1282\"><p data-start=\"1230\" data-end=\"1282\"><strong data-start=\"1230\" data-end=\"1243\">Limpieza:<\/strong> Se limpia con un pa\u00f1o o se mete en el lavavajillas<\/p><\/li><\/ul>\t\t\t\t\t\t\t\t<\/div>\n\t\t\t\t<\/div>\n\t\t\t\t\t<\/div>\n\t\t<\/div>\n\t\t\t\t\t<\/div>\n\t\t<\/section>\n\t\t\t\t<\/div>","protected":false},"excerpt":{"rendered":"<p>&#8220;<strong>\u00bfCansado de las comidas desordenadas con su beb\u00e9?<\/strong> Los baberos de silicona para beb\u00e9s con recogedor de comida mantienen la ropa limpia gracias a su amplio bolsillo y c\u00f3modo ajuste. Compre ahora y reciba el env\u00edo gratis\".<\/p>","protected":false},"featured_media":23093,"comment_status":"open","ping_status":"closed","template":"","meta":{"_acf_changed":false},"product_brand":[],"product_cat":[29],"product_tag":[1050,1048,1052,1051,1053,1049],"class_list":{"0":"post-23101","1":"product","2":"type-product","3":"status-publish","4":"has-post-thumbnail","6":"product_cat-best-baby-care","7":"product_tag-adjustable-baby-silicone-bibs","8":"product_tag-baby-silicone-bibs-waterproof","9":"product_tag-bpa-free-silicone-bibs","10":"product_tag-foldable-travel-silicone-bibs","11":"product_tag-lightweight-silicone-bibs-for-infants","12":"product_tag-silicone-bibs-easy-clean","14":"first","15":"instock","16":"taxable","17":"shipping-taxable","18":"purchasable","19":"product-type-variable","20":"wvs-archive-product-wrapper"},"acf":[],"_links":{"self":[{"href":"https:\/\/babyvk.com\/es\/wp-json\/wp\/v2\/product\/23101","targetHints":{"allow":["GET"]}}],"collection":[{"href":"https:\/\/babyvk.com\/es\/wp-json\/wp\/v2\/product"}],"about":[{"href":"https:\/\/babyvk.com\/es\/wp-json\/wp\/v2\/types\/product"}],"replies":[{"embeddable":true,"href":"https:\/\/babyvk.com\/es\/wp-json\/wp\/v2\/comments?post=23101"}],"version-history":[{"count":0,"href":"https:\/\/babyvk.com\/es\/wp-json\/wp\/v2\/product\/23101\/revisions"}],"wp:featuredmedia":[{"embeddable":true,"href":"https:\/\/babyvk.com\/es\/wp-json\/wp\/v2\/media\/23093"}],"wp:attachment":[{"href":"https:\/\/babyvk.com\/es\/wp-json\/wp\/v2\/media?parent=23101"}],"wp:term":[{"taxonomy":"product_brand","embeddable":true,"href":"https:\/\/babyvk.com\/es\/wp-json\/wp\/v2\/product_brand?post=23101"},{"taxonomy":"product_cat","embeddable":true,"href":"https:\/\/babyvk.com\/es\/wp-json\/wp\/v2\/product_cat?post=23101"},{"taxonomy":"product_tag","embeddable":true,"href":"https:\/\/babyvk.com\/es\/wp-json\/wp\/v2\/product_tag?post=23101"}],"curies":[{"name":"wp","href":"https:\/\/api.w.org\/{rel}","templated":true}]}}