{"id":23033,"date":"2025-06-24T02:55:08","date_gmt":"2025-06-24T02:55:08","guid":{"rendered":"https:\/\/babyvk.com\/?post_type=product&#038;p=23033"},"modified":"2025-12-15T06:01:58","modified_gmt":"2025-12-15T06:01:58","slug":"baby-helmet-for-crawling-walking","status":"publish","type":"product","link":"https:\/\/babyvk.com\/es\/product\/baby-helmet-for-crawling-walking\/","title":{"rendered":"Casco para beb\u00e9s que gatean"},"content":{"rendered":"<div data-elementor-type=\"product-post\" data-elementor-id=\"23033\" class=\"elementor elementor-23033\" data-elementor-post-type=\"product\">\n\t\t\t\t\t\t<section class=\"wd-negative-gap elementor-section elementor-top-section elementor-element elementor-element-0e32176 elementor-section-boxed elementor-section-height-default elementor-section-height-default\" data-id=\"0e32176\" data-element_type=\"section\">\n\t\t\t\t\t\t<div class=\"elementor-container elementor-column-gap-default\">\n\t\t\t\t\t<div class=\"elementor-column elementor-col-100 elementor-top-column elementor-element elementor-element-a2bafe2\" data-id=\"a2bafe2\" data-element_type=\"column\">\n\t\t\t<div class=\"elementor-widget-wrap elementor-element-populated\">\n\t\t\t\t\t\t<div class=\"elementor-element elementor-element-3acd3b9 color-scheme-inherit text-left elementor-widget elementor-widget-text-editor\" data-id=\"3acd3b9\" data-element_type=\"widget\" data-widget_type=\"text-editor.default\">\n\t\t\t\t<div class=\"elementor-widget-container\">\n\t\t\t\t\t\t\t\t\t<h2 data-start=\"39\" data-end=\"73\">Caracter\u00edsticas<\/h2><ol data-start=\"75\" data-end=\"855\"><li data-start=\"75\" data-end=\"263\"><p data-start=\"78\" data-end=\"263\"><strong data-start=\"78\" data-end=\"108\">Protecci\u00f3n integral de la cabeza<\/strong><br data-start=\"108\" data-end=\"111\" \/>Con un peso de s\u00f3lo 0,26 lb, este casco protege la cabeza del beb\u00e9 desde todos los \u00e1ngulos sin forzar el cuello, perfecto para el gateo y los primeros pasos.<\/p><\/li><li data-start=\"265\" data-end=\"403\"><p data-start=\"268\" data-end=\"403\"><strong data-start=\"268\" data-end=\"294\">Suave y amortiguador<\/strong><br data-start=\"294\" data-end=\"297\" \/>Fabricado con algod\u00f3n 100% y espuma EVA para amortiguar las ca\u00eddas y proteger de los golpes de los muebles o el suelo.<\/p><\/li><li data-start=\"405\" data-end=\"560\"><p data-start=\"408\" data-end=\"560\"><strong data-start=\"408\" data-end=\"441\">Transpirable y ajustable<\/strong><br data-start=\"441\" data-end=\"444\" \/>29 orificios de ventilaci\u00f3n y una suave correa para la barbilla mantienen al beb\u00e9 fresco y c\u00f3modo, con un ajuste flexible que crece con \u00e9l.<\/p><\/li><li data-start=\"562\" data-end=\"716\"><p data-start=\"565\" data-end=\"716\"><strong data-start=\"565\" data-end=\"588\">Seguro para el uso diario<\/strong><br data-start=\"588\" data-end=\"591\" \/>Suave con la piel sensible y dise\u00f1ado para uso diario en interiores o exteriores, ideal para jugar, estar boca abajo o dar los primeros pasos.<\/p><\/li><li data-start=\"718\" data-end=\"855\"><p data-start=\"721\" data-end=\"855\"><strong data-start=\"721\" data-end=\"751\">F\u00e1cil de limpiar y listo para regalar<\/strong><br data-start=\"751\" data-end=\"754\" \/>Se puede lavar a mano y es perfecto para baby showers, vacaciones o el primer cumplea\u00f1os. Pr\u00e1ctico y atento.<\/p><\/li><\/ol>\t\t\t\t\t\t\t\t<\/div>\n\t\t\t\t<\/div>\n\t\t\t\t\t<\/div>\n\t\t<\/div>\n\t\t\t\t\t<\/div>\n\t\t<\/section>\n\t\t\t\t<section class=\"wd-negative-gap elementor-section elementor-top-section elementor-element elementor-element-939a069 elementor-section-boxed elementor-section-height-default elementor-section-height-default\" data-id=\"939a069\" data-element_type=\"section\">\n\t\t\t\t\t\t<div class=\"elementor-container elementor-column-gap-default\">\n\t\t\t\t\t<div class=\"elementor-column elementor-col-100 elementor-top-column elementor-element elementor-element-3a58b75\" data-id=\"3a58b75\" data-element_type=\"column\">\n\t\t\t<div class=\"elementor-widget-wrap elementor-element-populated\">\n\t\t\t\t\t\t<div class=\"elementor-element elementor-element-1d60b65 color-scheme-inherit text-left elementor-widget elementor-widget-text-editor\" data-id=\"1d60b65\" data-element_type=\"widget\" data-widget_type=\"text-editor.default\">\n\t\t\t\t<div class=\"elementor-widget-container\">\n\t\t\t\t\t\t\t\t\t<h2 data-start=\"753\" data-end=\"777\">Especificaciones del producto<\/h2><ul data-start=\"779\" data-end=\"984\"><li data-start=\"779\" data-end=\"809\"><p data-start=\"781\" data-end=\"809\"><strong data-start=\"781\" data-end=\"792\">Peso:<\/strong> 120 g (0,26 lb)<\/p><\/li><li data-start=\"810\" data-end=\"846\"><p data-start=\"812\" data-end=\"846\"><strong data-start=\"812\" data-end=\"832\">Edad recomendada:<\/strong> 6-24 meses<\/p><\/li><li data-start=\"847\" data-end=\"902\"><p data-start=\"849\" data-end=\"902\"><strong data-start=\"849\" data-end=\"876\">Ajuste de la circunferencia de la cabeza:<\/strong> 15,7-18,9 pulgadas (40-48 cm)<\/p><\/li><li data-start=\"903\" data-end=\"943\"><p data-start=\"905\" data-end=\"943\"><strong data-start=\"905\" data-end=\"918\">Material:<\/strong> Espuma EVA + algod\u00f3n 100%<\/p><\/li><li data-start=\"944\" data-end=\"984\"><p data-start=\"946\" data-end=\"984\"><strong data-start=\"946\" data-end=\"963\">Tipo de cierre:<\/strong> Correas autoadherentes<\/p><\/li><\/ul>\t\t\t\t\t\t\t\t<\/div>\n\t\t\t\t<\/div>\n\t\t\t\t\t<\/div>\n\t\t<\/div>\n\t\t\t\t\t<\/div>\n\t\t<\/section>\n\t\t\t\t<\/div>","protected":false},"excerpt":{"rendered":"<p>&#8220;<strong>\u00bfLe preocupan los golpes durante los primeros pasos del beb\u00e9?<\/strong> Casco para beb\u00e9s que gatean y caminan ofrece protecci\u00f3n integral para la cabeza. Compre ahora y reciba el env\u00edo gratis\".<\/p>","protected":false},"featured_media":23021,"comment_status":"open","ping_status":"closed","template":"","meta":{"_acf_changed":false},"product_brand":[],"product_cat":[29],"product_tag":[1044,639,640,1045,1046,1047],"class_list":{"0":"post-23033","1":"product","2":"type-product","3":"status-publish","4":"has-post-thumbnail","6":"product_cat-best-baby-care","7":"product_tag-baby-safety-helmet","8":"product_tag-head-protection-for-baby","9":"product_tag-head-protector-for-baby-walking","10":"product_tag-infant-safety-helmet","11":"product_tag-toddler-head-protection-helmets","12":"product_tag-toddler-helmets-1-2-years","14":"first","15":"instock","16":"taxable","17":"shipping-taxable","18":"purchasable","19":"product-type-variable","20":"wvs-archive-product-wrapper"},"acf":[],"_links":{"self":[{"href":"https:\/\/babyvk.com\/es\/wp-json\/wp\/v2\/product\/23033","targetHints":{"allow":["GET"]}}],"collection":[{"href":"https:\/\/babyvk.com\/es\/wp-json\/wp\/v2\/product"}],"about":[{"href":"https:\/\/babyvk.com\/es\/wp-json\/wp\/v2\/types\/product"}],"replies":[{"embeddable":true,"href":"https:\/\/babyvk.com\/es\/wp-json\/wp\/v2\/comments?post=23033"}],"version-history":[{"count":0,"href":"https:\/\/babyvk.com\/es\/wp-json\/wp\/v2\/product\/23033\/revisions"}],"wp:featuredmedia":[{"embeddable":true,"href":"https:\/\/babyvk.com\/es\/wp-json\/wp\/v2\/media\/23021"}],"wp:attachment":[{"href":"https:\/\/babyvk.com\/es\/wp-json\/wp\/v2\/media?parent=23033"}],"wp:term":[{"taxonomy":"product_brand","embeddable":true,"href":"https:\/\/babyvk.com\/es\/wp-json\/wp\/v2\/product_brand?post=23033"},{"taxonomy":"product_cat","embeddable":true,"href":"https:\/\/babyvk.com\/es\/wp-json\/wp\/v2\/product_cat?post=23033"},{"taxonomy":"product_tag","embeddable":true,"href":"https:\/\/babyvk.com\/es\/wp-json\/wp\/v2\/product_tag?post=23033"}],"curies":[{"name":"wp","href":"https:\/\/api.w.org\/{rel}","templated":true}]}}