{"id":22999,"date":"2025-06-21T17:54:09","date_gmt":"2025-06-21T17:54:09","guid":{"rendered":"https:\/\/babyvk.com\/?post_type=product&#038;p=22999"},"modified":"2025-06-24T03:37:12","modified_gmt":"2025-06-24T03:37:12","slug":"baby-gym-play-mat","status":"publish","type":"product","link":"https:\/\/babyvk.com\/es\/product\/baby-gym-play-mat\/","title":{"rendered":"Gimnasio para beb\u00e9s Alfombra de juegos con m\u00fasica y luces"},"content":{"rendered":"<div data-elementor-type=\"product-post\" data-elementor-id=\"22999\" class=\"elementor elementor-22999\" data-elementor-post-type=\"product\">\n\t\t\t\t\t\t<section class=\"wd-negative-gap elementor-section elementor-top-section elementor-element elementor-element-f921f8c elementor-section-boxed elementor-section-height-default elementor-section-height-default\" data-id=\"f921f8c\" data-element_type=\"section\">\n\t\t\t\t\t\t<div class=\"elementor-container elementor-column-gap-default\">\n\t\t\t\t\t<div class=\"elementor-column elementor-col-100 elementor-top-column elementor-element elementor-element-182de90\" data-id=\"182de90\" data-element_type=\"column\">\n\t\t\t<div class=\"elementor-widget-wrap elementor-element-populated\">\n\t\t\t\t\t\t<div class=\"elementor-element elementor-element-8c08d45 color-scheme-inherit text-left elementor-widget elementor-widget-text-editor\" data-id=\"8c08d45\" data-element_type=\"widget\" data-widget_type=\"text-editor.default\">\n\t\t\t\t<div class=\"elementor-widget-container\">\n\t\t\t\t\t\t\t\t\t<h2 data-start=\"68\" data-end=\"112\">Caracter\u00edsticas<\/h2><ol data-start=\"114\" data-end=\"981\"><li data-start=\"114\" data-end=\"319\"><p data-start=\"117\" data-end=\"319\"><strong data-start=\"117\" data-end=\"147\">Desarrollo multisensorial:<\/strong><br data-start=\"147\" data-end=\"150\" \/>Incluye 5 coloridos sonajeros colgantes y un piano musical para ayudar a desarrollar la coordinaci\u00f3n, las habilidades motoras y la conciencia sensorial a trav\u00e9s del juego tumbado, boca abajo y sentado.<\/p><\/li><li data-start=\"321\" data-end=\"490\"><p data-start=\"324\" data-end=\"490\"><strong data-start=\"324\" data-end=\"353\">Piano musical ajustable:<\/strong><br data-start=\"353\" data-end=\"356\" \/>El piano toca suaves melod\u00edas al golpearlo, fomentando la exploraci\u00f3n musical. El \u00e1ngulo puede ajustarse para adaptarse a la posici\u00f3n del beb\u00e9.<\/p><\/li><li data-start=\"492\" data-end=\"641\"><p data-start=\"495\" data-end=\"641\"><strong data-start=\"495\" data-end=\"523\">Luces LED agradables a la vista:<\/strong><br data-start=\"523\" data-end=\"526\" \/>Las suaves luces LED incorporadas protegen la vista del beb\u00e9 y mejoran su desarrollo visual con divertidos efectos intermitentes.<\/p><\/li><li data-start=\"643\" data-end=\"814\"><p data-start=\"646\" data-end=\"814\"><strong data-start=\"646\" data-end=\"675\">Port\u00e1til y f\u00e1cil de limpiar:<\/strong><br data-start=\"675\" data-end=\"678\" \/>Los arcos extra\u00edbles y la alfombrilla plegable la hacen ideal para viajar. Fabricada con bordes lisos y tejido suave y detallado, duradero y seguro.<\/p><\/li><li data-start=\"816\" data-end=\"981\"><p data-start=\"819\" data-end=\"981\"><strong data-start=\"819\" data-end=\"853\">Materiales seguros y respetuosos con el beb\u00e9:<\/strong><br data-start=\"853\" data-end=\"856\" \/>Fabricada en terciopelo de piel de melocot\u00f3n transpirable y suave con un n\u00facleo no tejido, seguro incluso para la piel desnuda. Sin pl\u00e1stico en la superficie de la esterilla.<\/p><\/li><\/ol>\t\t\t\t\t\t\t\t<\/div>\n\t\t\t\t<\/div>\n\t\t\t\t\t<\/div>\n\t\t<\/div>\n\t\t\t\t\t<\/div>\n\t\t<\/section>\n\t\t\t\t<section class=\"wd-negative-gap elementor-section elementor-top-section elementor-element elementor-element-1f8ecbb elementor-section-boxed elementor-section-height-default elementor-section-height-default\" data-id=\"1f8ecbb\" data-element_type=\"section\">\n\t\t\t\t\t\t<div class=\"elementor-container elementor-column-gap-default\">\n\t\t\t\t\t<div class=\"elementor-column elementor-col-100 elementor-top-column elementor-element elementor-element-6a2224c\" data-id=\"6a2224c\" data-element_type=\"column\">\n\t\t\t<div class=\"elementor-widget-wrap elementor-element-populated\">\n\t\t\t\t\t\t<div class=\"elementor-element elementor-element-1fe64dc color-scheme-inherit text-left elementor-widget elementor-widget-text-editor\" data-id=\"1fe64dc\" data-element_type=\"widget\" data-widget_type=\"text-editor.default\">\n\t\t\t\t<div class=\"elementor-widget-container\">\n\t\t\t\t\t\t\t\t\t<h2 data-start=\"988\" data-end=\"1019\">Especificaciones<\/h2><ul data-start=\"1021\" data-end=\"1296\"><li data-start=\"1021\" data-end=\"1056\"><p data-start=\"1023\" data-end=\"1056\"><strong data-start=\"1023\" data-end=\"1038\">Dimensiones:<\/strong> 47 x 72 x 40 cm<\/p><\/li><li data-start=\"1057\" data-end=\"1093\"><p data-start=\"1059\" data-end=\"1093\"><strong data-start=\"1059\" data-end=\"1079\">Edad recomendada:<\/strong> 0-36 meses<\/p><\/li><li data-start=\"1094\" data-end=\"1152\"><p data-start=\"1096\" data-end=\"1152\"><strong data-start=\"1096\" data-end=\"1109\">Incluido:<\/strong> 5 juguetes colgantes, teclado de piano, alfombra de juegos<\/p><\/li><\/ul>\t\t\t\t\t\t\t\t<\/div>\n\t\t\t\t<\/div>\n\t\t\t\t\t<\/div>\n\t\t<\/div>\n\t\t\t\t\t<\/div>\n\t\t<\/section>\n\t\t\t\t<\/div>","protected":false},"excerpt":{"rendered":"<p>&#8220;<strong>\u00bfBusca una forma divertida de estimular el desarrollo de su beb\u00e9?<\/strong> Baby Gym Play Mat mejora la motricidad, los sentidos y la coordinaci\u00f3n. Compre ahora y reciba el env\u00edo gratis\".<\/p>","protected":false},"featured_media":22990,"comment_status":"open","ping_status":"closed","template":"","meta":{"_acf_changed":false},"product_brand":[],"product_cat":[509],"product_tag":[1036,1038,1043,1042,1037,1039,1040,1041],"class_list":{"0":"post-22999","1":"product","2":"type-product","3":"status-publish","4":"has-post-thumbnail","6":"product_cat-best-baby-toys","7":"product_tag-baby-activity-gym","8":"product_tag-baby-activity-mat","9":"product_tag-baby-gyms-playmats","10":"product_tag-baby-piano-gym-mat","11":"product_tag-baby-play-gym","12":"product_tag-baby-play-mat-gym","13":"product_tag-play-piano-activity-mat","14":"product_tag-tummy-time-mat","16":"first","17":"instock","18":"taxable","19":"shipping-taxable","20":"purchasable","21":"product-type-variable","22":"wvs-archive-product-wrapper"},"acf":[],"_links":{"self":[{"href":"https:\/\/babyvk.com\/es\/wp-json\/wp\/v2\/product\/22999","targetHints":{"allow":["GET"]}}],"collection":[{"href":"https:\/\/babyvk.com\/es\/wp-json\/wp\/v2\/product"}],"about":[{"href":"https:\/\/babyvk.com\/es\/wp-json\/wp\/v2\/types\/product"}],"replies":[{"embeddable":true,"href":"https:\/\/babyvk.com\/es\/wp-json\/wp\/v2\/comments?post=22999"}],"version-history":[{"count":0,"href":"https:\/\/babyvk.com\/es\/wp-json\/wp\/v2\/product\/22999\/revisions"}],"wp:featuredmedia":[{"embeddable":true,"href":"https:\/\/babyvk.com\/es\/wp-json\/wp\/v2\/media\/22990"}],"wp:attachment":[{"href":"https:\/\/babyvk.com\/es\/wp-json\/wp\/v2\/media?parent=22999"}],"wp:term":[{"taxonomy":"product_brand","embeddable":true,"href":"https:\/\/babyvk.com\/es\/wp-json\/wp\/v2\/product_brand?post=22999"},{"taxonomy":"product_cat","embeddable":true,"href":"https:\/\/babyvk.com\/es\/wp-json\/wp\/v2\/product_cat?post=22999"},{"taxonomy":"product_tag","embeddable":true,"href":"https:\/\/babyvk.com\/es\/wp-json\/wp\/v2\/product_tag?post=22999"}],"curies":[{"name":"wp","href":"https:\/\/api.w.org\/{rel}","templated":true}]}}