{"id":22896,"date":"2025-06-07T18:59:08","date_gmt":"2025-06-07T18:59:08","guid":{"rendered":"https:\/\/babyvk.com\/?post_type=product&#038;p=22896"},"modified":"2025-06-07T19:32:48","modified_gmt":"2025-06-07T19:32:48","slug":"newborn-teething-mittens","status":"publish","type":"product","link":"https:\/\/babyvk.com\/es\/product\/newborn-teething-mittens\/","title":{"rendered":"Manoplas de dentici\u00f3n para reci\u00e9n nacidos"},"content":{"rendered":"<div data-elementor-type=\"product-post\" data-elementor-id=\"22896\" class=\"elementor elementor-22896\" data-elementor-post-type=\"product\">\n\t\t\t\t\t\t<section class=\"wd-negative-gap elementor-section elementor-top-section elementor-element elementor-element-a02af71 elementor-section-boxed elementor-section-height-default elementor-section-height-default\" data-id=\"a02af71\" data-element_type=\"section\">\n\t\t\t\t\t\t<div class=\"elementor-container elementor-column-gap-default\">\n\t\t\t\t\t<div class=\"elementor-column elementor-col-100 elementor-top-column elementor-element elementor-element-a2bd8b6\" data-id=\"a2bd8b6\" data-element_type=\"column\">\n\t\t\t<div class=\"elementor-widget-wrap elementor-element-populated\">\n\t\t\t\t\t\t<div class=\"elementor-element elementor-element-88d1cf0 color-scheme-inherit text-left elementor-widget elementor-widget-text-editor\" data-id=\"88d1cf0\" data-element_type=\"widget\" data-widget_type=\"text-editor.default\">\n\t\t\t\t<div class=\"elementor-widget-container\">\n\t\t\t\t\t\t\t\t\t<h2 data-start=\"74\" data-end=\"86\">Caracter\u00edsticas<\/h2><ul data-start=\"88\" data-end=\"983\"><li data-start=\"88\" data-end=\"382\"><p data-start=\"90\" data-end=\"382\"><strong data-start=\"90\" data-end=\"118\">Material de primera calidad<\/strong><br data-start=\"118\" data-end=\"121\" \/>Fabricadas con silicona alimentaria 100%, nuestras manoplas de dentici\u00f3n para reci\u00e9n nacidos tienen una textura suave y calmante que masajea suavemente las enc\u00edas inflamadas del beb\u00e9 y alivia las molestias de la dentici\u00f3n. Esta textura divertida y masticable tambi\u00e9n anima a su beb\u00e9 a explorar y descubrir nuevas sensaciones.<\/p><\/li><li data-start=\"384\" data-end=\"567\"><p data-start=\"386\" data-end=\"567\"><strong data-start=\"386\" data-end=\"420\">Alivio suave para las enc\u00edas inflamadas<\/strong><br data-start=\"420\" data-end=\"423\" \/>Dise\u00f1adas para ser seguras y suaves con las enc\u00edas sensibles, nuestras manoplas de dentici\u00f3n proporcionan comodidad a los beb\u00e9s que a\u00fan no son capaces de agarrar los mordedores tradicionales.<\/p><\/li><li data-start=\"569\" data-end=\"807\"><p data-start=\"571\" data-end=\"807\"><strong data-start=\"571\" data-end=\"603\">Dise\u00f1o entretenido y seguro<\/strong><br data-start=\"603\" data-end=\"606\" \/>Las manoplas tienen un cierre de velcro ajustable para que queden bien ajustadas y no se salgan, ni siquiera durante el juego activo. Adem\u00e1s, las manoplas emiten un atractivo sonido de \"crujido\" que mantiene al beb\u00e9 felizmente ocupado.<\/p><\/li><li data-start=\"809\" data-end=\"983\"><p data-start=\"811\" data-end=\"983\"><strong data-start=\"811\" data-end=\"844\">Protecci\u00f3n contra ara\u00f1azos<\/strong><br data-start=\"844\" data-end=\"847\" \/>Adem\u00e1s de aliviar la dentici\u00f3n, las manoplas ayudan a evitar que los beb\u00e9s se ara\u00f1en su delicada piel o se pinchen accidentalmente los ojos.<\/p><\/li><\/ul>\t\t\t\t\t\t\t\t<\/div>\n\t\t\t\t<\/div>\n\t\t\t\t\t<\/div>\n\t\t<\/div>\n\t\t\t\t\t<\/div>\n\t\t<\/section>\n\t\t\t\t<section class=\"wd-negative-gap elementor-section elementor-top-section elementor-element elementor-element-1ffb6c0 elementor-section-boxed elementor-section-height-default elementor-section-height-default\" data-id=\"1ffb6c0\" data-element_type=\"section\">\n\t\t\t\t\t\t<div class=\"elementor-container elementor-column-gap-default\">\n\t\t\t\t\t<div class=\"elementor-column elementor-col-100 elementor-top-column elementor-element elementor-element-774922b\" data-id=\"774922b\" data-element_type=\"column\">\n\t\t\t<div class=\"elementor-widget-wrap elementor-element-populated\">\n\t\t\t\t\t\t<div class=\"elementor-element elementor-element-94bd17f color-scheme-inherit text-left elementor-widget elementor-widget-text-editor\" data-id=\"94bd17f\" data-element_type=\"widget\" data-widget_type=\"text-editor.default\">\n\t\t\t\t<div class=\"elementor-widget-container\">\n\t\t\t\t\t\t\t\t\t<h2 data-start=\"990\" data-end=\"1016\">Especificaciones<\/h2><ul data-start=\"1018\" data-end=\"1295\"><li data-start=\"1018\" data-end=\"1055\"><p data-start=\"1020\" data-end=\"1055\"><strong data-start=\"1020\" data-end=\"1033\">Material:<\/strong> Silicona alimentaria<\/p><\/li><li data-start=\"1056\" data-end=\"1091\"><p data-start=\"1058\" data-end=\"1091\"><strong data-start=\"1058\" data-end=\"1068\">Estilo:<\/strong> Dise\u00f1o adaptado a los beb\u00e9s<\/p><\/li><li data-start=\"1092\" data-end=\"1136\"><p data-start=\"1094\" data-end=\"1136\"><strong data-start=\"1094\" data-end=\"1111\">Uso previsto:<\/strong> Calma el dolor de la dentici\u00f3n<\/p><\/li><li data-start=\"1137\" data-end=\"1216\"><p data-start=\"1139\" data-end=\"1216\"><strong data-start=\"1139\" data-end=\"1148\">Tama\u00f1o:<\/strong> 10 cm x 6,5 cm (3,94\" x 2,56\"), adecuado para beb\u00e9s mayores de 3 meses<\/p><\/li><li data-start=\"1217\" data-end=\"1295\"><p data-start=\"1219\" data-end=\"1295\"><strong data-start=\"1219\" data-end=\"1230\">Peso:<\/strong> 26 gramos (consulte el peso exacto en el producto real)<\/p><\/li><\/ul>\t\t\t\t\t\t\t\t<\/div>\n\t\t\t\t<\/div>\n\t\t\t\t\t<\/div>\n\t\t<\/div>\n\t\t\t\t\t<\/div>\n\t\t<\/section>\n\t\t\t\t<section class=\"wd-negative-gap elementor-section elementor-top-section elementor-element elementor-element-5dfe83d elementor-section-boxed elementor-section-height-default elementor-section-height-default\" data-id=\"5dfe83d\" data-element_type=\"section\">\n\t\t\t\t\t\t<div class=\"elementor-container elementor-column-gap-default\">\n\t\t\t\t\t<div class=\"elementor-column elementor-col-100 elementor-top-column elementor-element elementor-element-45c78d1\" data-id=\"45c78d1\" data-element_type=\"column\">\n\t\t\t<div class=\"elementor-widget-wrap elementor-element-populated\">\n\t\t\t\t\t\t<div class=\"elementor-element elementor-element-57a460d color-scheme-inherit text-left elementor-widget elementor-widget-text-editor\" data-id=\"57a460d\" data-element_type=\"widget\" data-widget_type=\"text-editor.default\">\n\t\t\t\t<div class=\"elementor-widget-container\">\n\t\t\t\t\t\t\t\t\t<h2 data-start=\"1302\" data-end=\"1322\">El paquete incluye<\/h2><ul data-start=\"1324\" data-end=\"1357\"><li data-start=\"1324\" data-end=\"1357\"><p data-start=\"1326\" data-end=\"1357\">1 x Manopla para la dentici\u00f3n del reci\u00e9n nacido<\/p><\/li><\/ul>\t\t\t\t\t\t\t\t<\/div>\n\t\t\t\t<\/div>\n\t\t\t\t<div class=\"elementor-element elementor-element-82d7c53 color-scheme-inherit text-left elementor-widget elementor-widget-text-editor\" data-id=\"82d7c53\" data-element_type=\"widget\" data-widget_type=\"text-editor.default\">\n\t\t\t\t<div class=\"elementor-widget-container\">\n\t\t\t\t\t\t\t\t\t<h3 data-start=\"1364\" data-end=\"1383\">Notas importantes<\/h3><ul data-start=\"1385\" data-end=\"1576\"><li data-start=\"1385\" data-end=\"1471\"><p data-start=\"1387\" data-end=\"1471\">Por favor, permita una variaci\u00f3n de 1-5 cm en las medidas debido a la medici\u00f3n manual. Gracias por su comprensi\u00f3n.<\/p><\/li><li data-start=\"1472\" data-end=\"1576\"><p data-start=\"1474\" data-end=\"1576\">Los colores pueden variar ligeramente debido a las diferencias de resoluci\u00f3n, brillo y contraste de las pantallas de los ordenadores.<\/p><\/li><\/ul>\t\t\t\t\t\t\t\t<\/div>\n\t\t\t\t<\/div>\n\t\t\t\t\t<\/div>\n\t\t<\/div>\n\t\t\t\t\t<\/div>\n\t\t<\/section>\n\t\t\t\t<\/div>","protected":false},"excerpt":{"rendered":"<p>&#8220;<strong>\u00bfLe cuesta aliviar el dolor de dentici\u00f3n de su reci\u00e9n nacido?<\/strong> Las manoplas de dentici\u00f3n para reci\u00e9n nacidos proporcionan un suave alivio para las enc\u00edas doloridas. Compre ahora con env\u00edo gratuito\".<\/p>","protected":false},"featured_media":22910,"comment_status":"open","ping_status":"closed","template":"","meta":{"_acf_changed":false},"product_brand":[],"product_cat":[29],"product_tag":[1034,1028,1030,1029,1032,1031,1033],"class_list":{"0":"post-22896","1":"product","2":"type-product","3":"status-publish","4":"has-post-thumbnail","6":"product_cat-best-baby-care","7":"product_tag-baby-mittens-0-6-months","8":"product_tag-baby-teethers-0-6-months","9":"product_tag-newborn-teething-mittens","10":"product_tag-newborn-teething-silicone-mittens","11":"product_tag-newborn-teething-silicone-toys","12":"product_tag-newborn-teething-toys","13":"product_tag-teething-mittens-3-6-months","15":"first","16":"instock","17":"taxable","18":"shipping-taxable","19":"purchasable","20":"product-type-variable","21":"wvs-archive-product-wrapper"},"acf":[],"_links":{"self":[{"href":"https:\/\/babyvk.com\/es\/wp-json\/wp\/v2\/product\/22896","targetHints":{"allow":["GET"]}}],"collection":[{"href":"https:\/\/babyvk.com\/es\/wp-json\/wp\/v2\/product"}],"about":[{"href":"https:\/\/babyvk.com\/es\/wp-json\/wp\/v2\/types\/product"}],"replies":[{"embeddable":true,"href":"https:\/\/babyvk.com\/es\/wp-json\/wp\/v2\/comments?post=22896"}],"version-history":[{"count":0,"href":"https:\/\/babyvk.com\/es\/wp-json\/wp\/v2\/product\/22896\/revisions"}],"wp:featuredmedia":[{"embeddable":true,"href":"https:\/\/babyvk.com\/es\/wp-json\/wp\/v2\/media\/22910"}],"wp:attachment":[{"href":"https:\/\/babyvk.com\/es\/wp-json\/wp\/v2\/media?parent=22896"}],"wp:term":[{"taxonomy":"product_brand","embeddable":true,"href":"https:\/\/babyvk.com\/es\/wp-json\/wp\/v2\/product_brand?post=22896"},{"taxonomy":"product_cat","embeddable":true,"href":"https:\/\/babyvk.com\/es\/wp-json\/wp\/v2\/product_cat?post=22896"},{"taxonomy":"product_tag","embeddable":true,"href":"https:\/\/babyvk.com\/es\/wp-json\/wp\/v2\/product_tag?post=22896"}],"curies":[{"name":"wp","href":"https:\/\/api.w.org\/{rel}","templated":true}]}}