{"id":22677,"date":"2025-04-11T04:36:13","date_gmt":"2025-04-11T04:36:13","guid":{"rendered":"https:\/\/babyvk.com\/?post_type=product&#038;p=22677"},"modified":"2025-09-26T17:12:00","modified_gmt":"2025-09-26T17:12:00","slug":"baby-food-dispensing-spoon","status":"publish","type":"product","link":"https:\/\/babyvk.com\/es\/product\/baby-food-dispensing-spoon\/","title":{"rendered":"Cuchara dispensadora de alimentos para beb\u00e9s"},"content":{"rendered":"<div data-elementor-type=\"product-post\" data-elementor-id=\"22677\" class=\"elementor elementor-22677\" data-elementor-post-type=\"product\">\n\t\t\t\t\t\t<section class=\"wd-negative-gap elementor-section elementor-top-section elementor-element elementor-element-1fb473a elementor-section-boxed elementor-section-height-default elementor-section-height-default\" data-id=\"1fb473a\" data-element_type=\"section\">\n\t\t\t\t\t\t<div class=\"elementor-container elementor-column-gap-default\">\n\t\t\t\t\t<div class=\"elementor-column elementor-col-100 elementor-top-column elementor-element elementor-element-95f8cb6\" data-id=\"95f8cb6\" data-element_type=\"column\">\n\t\t\t<div class=\"elementor-widget-wrap elementor-element-populated\">\n\t\t\t\t\t\t<div class=\"elementor-element elementor-element-1a30634 wd-width-100 elementor-widget elementor-widget-wd_title\" data-id=\"1a30634\" data-element_type=\"widget\" data-widget_type=\"wd_title.default\">\n\t\t\t\t<div class=\"elementor-widget-container\">\n\t\t\t\t\t\t\t<div class=\"title-wrapper wd-set-mb reset-last-child wd-title-color-default wd-title-style-default wd-title-size-default text-center\">\n\n\t\t\t\t\t\t\t\t\t\t\t<div class=\"title-subtitle subtitle-color-default subtitle-style-default wd-fontsize-xs\">\n\t\t\t\t\tLINDA BATALLA DE ALIMENTACI\u00d3N DE BEB\u00c9S\t\t\t\t<\/div>\n\t\t\t\n\t\t\t<div class=\"liner-continer\">\n\t\t\t\t<h4 class=\"woodmart-title-container title wd-fontsize-l\">UNA LUCHA CA\u00d3TICA CON MOMENTOS TORPES<\/h4> \n\t\t\t\t\t\t\t<\/div>\n\n\t\t\t\t\t\t\t<div class=\"title-after_title reset-last-child wd-fontsize-xs\">\n\t\t\t\t\t<p>Alimentar a un beb\u00e9 es como una gran guerra del siglo. Travieso, inquieto y ensuciando accidentalmente la ropa, resulta dif\u00edcil de resistir para una madre con tres cabezas y seis brazos.<\/p>\t\t\t\t<\/div>\n\t\t\t\t\t<\/div>\n\t\t\t\t\t\t<\/div>\n\t\t\t\t<\/div>\n\t\t\t\t<div class=\"elementor-element elementor-element-e46e85d elementor-widget elementor-widget-image\" data-id=\"e46e85d\" data-element_type=\"widget\" data-widget_type=\"image.default\">\n\t\t\t\t<div class=\"elementor-widget-container\">\n\t\t\t\t\t\t\t\t\t\t\t\t\t\t\t<img fetchpriority=\"high\" decoding=\"async\" width=\"750\" height=\"515\" src=\"https:\/\/babyvk.com\/wp-content\/themes\/woodmart\/images\/lazy.svg\" data-src=\"https:\/\/babyvk.com\/wp-content\/uploads\/2025\/04\/baby-food-bottle-feeder-e1744346756798.png\" class=\"wd-lazy-blur attachment-full size-full wp-image-22669 wvs-archive-product-image\" alt=\"alimentador de biberones\" srcset=\"\" data-srcset=\"https:\/\/babyvk.com\/wp-content\/uploads\/2025\/04\/baby-food-bottle-feeder-e1744346756798.png 750w, https:\/\/babyvk.com\/wp-content\/uploads\/2025\/04\/baby-food-bottle-feeder-e1744346756798-400x275.png 400w, https:\/\/babyvk.com\/wp-content\/uploads\/2025\/04\/baby-food-bottle-feeder-e1744346756798-430x295.png 430w, https:\/\/babyvk.com\/wp-content\/uploads\/2025\/04\/baby-food-bottle-feeder-e1744346756798-700x481.png 700w, https:\/\/babyvk.com\/wp-content\/uploads\/2025\/04\/baby-food-bottle-feeder-e1744346756798-100x69.png 100w\" sizes=\"(max-width: 750px) 100vw, 750px\" title=\"\">\t\t\t\t\t\t\t\t\t\t\t\t\t\t\t<\/div>\n\t\t\t\t<\/div>\n\t\t\t\t<div class=\"elementor-element elementor-element-9413dae elementor-widget elementor-widget-image\" data-id=\"9413dae\" data-element_type=\"widget\" data-widget_type=\"image.default\">\n\t\t\t\t<div class=\"elementor-widget-container\">\n\t\t\t\t\t\t\t\t\t\t\t\t\t\t\t<img decoding=\"async\" width=\"800\" height=\"800\" src=\"https:\/\/babyvk.com\/wp-content\/themes\/woodmart\/images\/lazy.svg\" data-src=\"https:\/\/babyvk.com\/wp-content\/uploads\/2025\/04\/baby-food-spoon-feeder.jpg\" class=\"wd-lazy-blur attachment-large size-large wp-image-22672 wvs-archive-product-image\" alt=\"Cuchara de silicona para comer\" srcset=\"\" data-srcset=\"https:\/\/babyvk.com\/wp-content\/uploads\/2025\/04\/baby-food-spoon-feeder.jpg 801w, https:\/\/babyvk.com\/wp-content\/uploads\/2025\/04\/baby-food-spoon-feeder-300x300.jpg 300w, https:\/\/babyvk.com\/wp-content\/uploads\/2025\/04\/baby-food-spoon-feeder-150x150.jpg 150w, https:\/\/babyvk.com\/wp-content\/uploads\/2025\/04\/baby-food-spoon-feeder-768x768.jpg 768w, https:\/\/babyvk.com\/wp-content\/uploads\/2025\/04\/baby-food-spoon-feeder-430x430.jpg 430w, https:\/\/babyvk.com\/wp-content\/uploads\/2025\/04\/baby-food-spoon-feeder-700x700.jpg 700w, https:\/\/babyvk.com\/wp-content\/uploads\/2025\/04\/baby-food-spoon-feeder-100x100.jpg 100w, https:\/\/babyvk.com\/wp-content\/uploads\/2025\/04\/baby-food-spoon-feeder-50x50.jpg 50w\" sizes=\"(max-width: 800px) 100vw, 800px\" title=\"\">\t\t\t\t\t\t\t\t\t\t\t\t\t\t\t<\/div>\n\t\t\t\t<\/div>\n\t\t\t\t<div class=\"elementor-element elementor-element-3a60904 color-scheme-inherit text-left elementor-widget elementor-widget-text-editor\" data-id=\"3a60904\" data-element_type=\"widget\" data-widget_type=\"text-editor.default\">\n\t\t\t\t<div class=\"elementor-widget-container\">\n\t\t\t\t\t\t\t\t\t<h3 class=\"\" data-start=\"73\" data-end=\"94\">Caracter\u00edsticas:<\/h3><ol data-start=\"95\" data-end=\"641\"><li class=\"\" data-start=\"95\" data-end=\"242\"><p class=\"\" data-start=\"98\" data-end=\"242\"><strong data-start=\"98\" data-end=\"116\">Materiales seguros<\/strong>: Fabricado en PP+silicona de grado alimentario de alta calidad, sin BPA, perfecto para la transici\u00f3n de la leche materna\/de f\u00f3rmula a los alimentos s\u00f3lidos.<\/p><\/li><li class=\"\" data-start=\"243\" data-end=\"343\"><p class=\"\" data-start=\"246\" data-end=\"343\"><strong data-start=\"246\" data-end=\"267\">Dise\u00f1o para una sola mano<\/strong>: Su dise\u00f1o permite comer f\u00e1cilmente con una sola mano, haciendo que las comidas sean menos sucias.<\/p><\/li><li class=\"\" data-start=\"344\" data-end=\"455\"><p class=\"\" data-start=\"347\" data-end=\"455\"><strong data-start=\"347\" data-end=\"376\">Filtro para evitar la asfixia<\/strong>: Incluye una tapa de filtro para eliminar las part\u00edculas grandes de comida y controlar el flujo de alimentos.<\/p><\/li><li class=\"\" data-start=\"456\" data-end=\"531\"><p class=\"\" data-start=\"459\" data-end=\"531\"><strong data-start=\"459\" data-end=\"473\">A prueba de fugas<\/strong>: Dispone de una tapa de cierre herm\u00e9tico para evitar fugas durante el viaje.<\/p><\/li><li class=\"\" data-start=\"532\" data-end=\"641\"><p class=\"\" data-start=\"535\" data-end=\"641\"><strong data-start=\"535\" data-end=\"555\">Base de ventosa<\/strong>: Viene con una ventosa para evitar vuelcos y mantener la cuchara estable durante las pausas.<\/p><\/li><\/ol>\t\t\t\t\t\t\t\t<\/div>\n\t\t\t\t<\/div>\n\t\t\t\t<div class=\"elementor-element elementor-element-4fa6aad elementor-widget elementor-widget-image\" data-id=\"4fa6aad\" data-element_type=\"widget\" data-widget_type=\"image.default\">\n\t\t\t\t<div class=\"elementor-widget-container\">\n\t\t\t\t\t\t\t\t\t\t\t\t\t\t\t<img decoding=\"async\" width=\"568\" height=\"800\" src=\"https:\/\/babyvk.com\/wp-content\/themes\/woodmart\/images\/lazy.svg\" data-src=\"https:\/\/babyvk.com\/wp-content\/uploads\/2025\/04\/Baby-Food-Dispensing-Spoon-568x800.png\" class=\"wd-lazy-blur attachment-large size-large wp-image-22670 wvs-archive-product-image\" alt=\"biber\u00f3n alimentador\" srcset=\"\" data-srcset=\"https:\/\/babyvk.com\/wp-content\/uploads\/2025\/04\/Baby-Food-Dispensing-Spoon-568x800.png 568w, https:\/\/babyvk.com\/wp-content\/uploads\/2025\/04\/Baby-Food-Dispensing-Spoon-213x300.png 213w, https:\/\/babyvk.com\/wp-content\/uploads\/2025\/04\/Baby-Food-Dispensing-Spoon-430x605.png 430w, https:\/\/babyvk.com\/wp-content\/uploads\/2025\/04\/Baby-Food-Dispensing-Spoon-700x985.png 700w, https:\/\/babyvk.com\/wp-content\/uploads\/2025\/04\/Baby-Food-Dispensing-Spoon-100x141.png 100w, https:\/\/babyvk.com\/wp-content\/uploads\/2025\/04\/Baby-Food-Dispensing-Spoon.png 751w\" sizes=\"(max-width: 568px) 100vw, 568px\" title=\"\">\t\t\t\t\t\t\t\t\t\t\t\t\t\t\t<\/div>\n\t\t\t\t<\/div>\n\t\t\t\t<div class=\"elementor-element elementor-element-10a25d1 elementor-widget elementor-widget-image\" data-id=\"10a25d1\" data-element_type=\"widget\" data-widget_type=\"image.default\">\n\t\t\t\t<div class=\"elementor-widget-container\">\n\t\t\t\t\t\t\t\t\t\t\t\t\t\t\t<img loading=\"lazy\" decoding=\"async\" width=\"751\" height=\"739\" src=\"https:\/\/babyvk.com\/wp-content\/themes\/woodmart\/images\/lazy.svg\" data-src=\"https:\/\/babyvk.com\/wp-content\/uploads\/2025\/04\/Baby-Squeeze-Feeder-Dispenser.png\" class=\"wd-lazy-blur attachment-large size-large wp-image-22664 wvs-archive-product-image\" alt=\"cuchara para pur\u00e9 de beb\u00e9\" srcset=\"\" data-srcset=\"https:\/\/babyvk.com\/wp-content\/uploads\/2025\/04\/Baby-Squeeze-Feeder-Dispenser.png 751w, https:\/\/babyvk.com\/wp-content\/uploads\/2025\/04\/Baby-Squeeze-Feeder-Dispenser-305x300.png 305w, https:\/\/babyvk.com\/wp-content\/uploads\/2025\/04\/Baby-Squeeze-Feeder-Dispenser-430x423.png 430w, https:\/\/babyvk.com\/wp-content\/uploads\/2025\/04\/Baby-Squeeze-Feeder-Dispenser-700x689.png 700w, https:\/\/babyvk.com\/wp-content\/uploads\/2025\/04\/Baby-Squeeze-Feeder-Dispenser-100x98.png 100w, https:\/\/babyvk.com\/wp-content\/uploads\/2025\/04\/Baby-Squeeze-Feeder-Dispenser-50x50.png 50w\" sizes=\"(max-width: 751px) 100vw, 751px\" title=\"\">\t\t\t\t\t\t\t\t\t\t\t\t\t\t\t<\/div>\n\t\t\t\t<\/div>\n\t\t\t\t<div class=\"elementor-element elementor-element-83da607 elementor-widget elementor-widget-image\" data-id=\"83da607\" data-element_type=\"widget\" data-widget_type=\"image.default\">\n\t\t\t\t<div class=\"elementor-widget-container\">\n\t\t\t\t\t\t\t\t\t\t\t\t\t\t\t<img loading=\"lazy\" decoding=\"async\" width=\"751\" height=\"642\" src=\"https:\/\/babyvk.com\/wp-content\/themes\/woodmart\/images\/lazy.svg\" data-src=\"https:\/\/babyvk.com\/wp-content\/uploads\/2025\/04\/Squeeze-Feeder-Dispenser-for-Baby.jpg\" class=\"wd-lazy-blur attachment-large size-large wp-image-22665 wvs-archive-product-image\" alt=\"alimentador de cuchara para alimentos infantiles\" srcset=\"\" data-srcset=\"https:\/\/babyvk.com\/wp-content\/uploads\/2025\/04\/Squeeze-Feeder-Dispenser-for-Baby.jpg 751w, https:\/\/babyvk.com\/wp-content\/uploads\/2025\/04\/Squeeze-Feeder-Dispenser-for-Baby-351x300.jpg 351w, https:\/\/babyvk.com\/wp-content\/uploads\/2025\/04\/Squeeze-Feeder-Dispenser-for-Baby-430x368.jpg 430w, https:\/\/babyvk.com\/wp-content\/uploads\/2025\/04\/Squeeze-Feeder-Dispenser-for-Baby-700x598.jpg 700w, https:\/\/babyvk.com\/wp-content\/uploads\/2025\/04\/Squeeze-Feeder-Dispenser-for-Baby-100x85.jpg 100w\" sizes=\"(max-width: 751px) 100vw, 751px\" title=\"\">\t\t\t\t\t\t\t\t\t\t\t\t\t\t\t<\/div>\n\t\t\t\t<\/div>\n\t\t\t\t\t<\/div>\n\t\t<\/div>\n\t\t\t\t\t<\/div>\n\t\t<\/section>\n\t\t\t\t<section class=\"wd-negative-gap elementor-section elementor-top-section elementor-element elementor-element-2fcf576 elementor-section-boxed elementor-section-height-default elementor-section-height-default\" data-id=\"2fcf576\" data-element_type=\"section\">\n\t\t\t\t\t\t<div class=\"elementor-container elementor-column-gap-default\">\n\t\t\t\t\t<div class=\"elementor-column elementor-col-100 elementor-top-column elementor-element elementor-element-141e33c\" data-id=\"141e33c\" data-element_type=\"column\">\n\t\t\t<div class=\"elementor-widget-wrap elementor-element-populated\">\n\t\t\t\t\t\t<div class=\"elementor-element elementor-element-94e0239 color-scheme-inherit text-left elementor-widget elementor-widget-text-editor\" data-id=\"94e0239\" data-element_type=\"widget\" data-widget_type=\"text-editor.default\">\n\t\t\t\t<div class=\"elementor-widget-container\">\n\t\t\t\t\t\t\t\t\t<p class=\"\" data-start=\"0\" data-end=\"196\"><strong>Especificaciones:<\/strong><\/p><ul><li data-start=\"0\" data-end=\"196\"><strong data-start=\"26\" data-end=\"42\">Nombre<\/strong>: Botella de silicona para cereales<\/li><li data-start=\"0\" data-end=\"196\"><strong data-start=\"74\" data-end=\"86\">Capacidad<\/strong>: 120ml<\/li><li data-start=\"0\" data-end=\"196\"><strong data-start=\"96\" data-end=\"115\">Edad recomendada<\/strong>: A partir de 4-6 meses<\/li><li data-start=\"0\" data-end=\"196\"><strong data-start=\"137\" data-end=\"150\">Materiales<\/strong>: Silicona, PP<\/li><li data-start=\"0\" data-end=\"196\"><strong data-start=\"167\" data-end=\"193\">Resistencia a la temperatura<\/strong>: PP: -20\u00b0C a 100\u00b0C\uff0cSilicona Botella\/Cuchara Punta: -20\u00b0C a 180\u00b0C<\/li><li data-start=\"0\" data-end=\"196\"><strong data-start=\"267\" data-end=\"281\">Dimensiones<\/strong>: 6,3 \u00d7 6,3 \u00d7 21 cm<\/li><\/ul>\t\t\t\t\t\t\t\t<\/div>\n\t\t\t\t<\/div>\n\t\t\t\t<div class=\"elementor-element elementor-element-dc5f1f9 elementor-widget elementor-widget-image\" data-id=\"dc5f1f9\" data-element_type=\"widget\" data-widget_type=\"image.default\">\n\t\t\t\t<div class=\"elementor-widget-container\">\n\t\t\t\t\t\t\t\t\t\t\t\t\t\t\t<img loading=\"lazy\" decoding=\"async\" width=\"350\" height=\"350\" src=\"https:\/\/babyvk.com\/wp-content\/themes\/woodmart\/images\/lazy.svg\" data-src=\"https:\/\/babyvk.com\/wp-content\/uploads\/2025\/04\/baby-food-feeder-bottle.jpg\" class=\"wd-lazy-blur attachment-full size-full wp-image-22671 wvs-archive-product-image\" alt=\"alimentador de cuchara\" srcset=\"\" data-srcset=\"https:\/\/babyvk.com\/wp-content\/uploads\/2025\/04\/baby-food-feeder-bottle.jpg 350w, https:\/\/babyvk.com\/wp-content\/uploads\/2025\/04\/baby-food-feeder-bottle-300x300.jpg 300w, https:\/\/babyvk.com\/wp-content\/uploads\/2025\/04\/baby-food-feeder-bottle-150x150.jpg 150w, https:\/\/babyvk.com\/wp-content\/uploads\/2025\/04\/baby-food-feeder-bottle-100x100.jpg 100w, https:\/\/babyvk.com\/wp-content\/uploads\/2025\/04\/baby-food-feeder-bottle-50x50.jpg 50w\" sizes=\"(max-width: 350px) 100vw, 350px\" title=\"\">\t\t\t\t\t\t\t\t\t\t\t\t\t\t\t<\/div>\n\t\t\t\t<\/div>\n\t\t\t\t\t<\/div>\n\t\t<\/div>\n\t\t\t\t\t<\/div>\n\t\t<\/section>\n\t\t\t\t<\/div>","protected":false},"excerpt":{"rendered":"<p>&#8220;<strong>\u00bfLe cuesta dar de comer a su beb\u00e9 sin ensuciar?<\/strong> La Cuchara Dispensadora de Comida para Beb\u00e9 hace que la alimentaci\u00f3n con una sola mano sea sencilla y limpia. Compre ahora y reciba el env\u00edo gratis\".<\/p>","protected":false},"featured_media":22667,"comment_status":"open","ping_status":"closed","template":"","meta":{"_acf_changed":false},"product_brand":[],"product_cat":[508],"product_tag":[1021,1019,1020,1016,1017,1018],"class_list":{"0":"post-22677","1":"product","2":"type-product","3":"status-publish","4":"has-post-thumbnail","6":"product_cat-best-baby-feeding","7":"product_tag-baby-bottle-spoon-feeder","8":"product_tag-baby-food-feeder-bottle","9":"product_tag-baby-spoons-self-feeding-6-months","10":"product_tag-infant-fruit-squeeze-feeder","11":"product_tag-silicone-baby-food-dispensing-spoon","12":"product_tag-silicone-squeeze-feeding-spoon","14":"first","15":"instock","16":"taxable","17":"shipping-taxable","18":"purchasable","19":"product-type-variable","20":"wvs-archive-product-wrapper"},"acf":[],"_links":{"self":[{"href":"https:\/\/babyvk.com\/es\/wp-json\/wp\/v2\/product\/22677","targetHints":{"allow":["GET"]}}],"collection":[{"href":"https:\/\/babyvk.com\/es\/wp-json\/wp\/v2\/product"}],"about":[{"href":"https:\/\/babyvk.com\/es\/wp-json\/wp\/v2\/types\/product"}],"replies":[{"embeddable":true,"href":"https:\/\/babyvk.com\/es\/wp-json\/wp\/v2\/comments?post=22677"}],"version-history":[{"count":0,"href":"https:\/\/babyvk.com\/es\/wp-json\/wp\/v2\/product\/22677\/revisions"}],"wp:featuredmedia":[{"embeddable":true,"href":"https:\/\/babyvk.com\/es\/wp-json\/wp\/v2\/media\/22667"}],"wp:attachment":[{"href":"https:\/\/babyvk.com\/es\/wp-json\/wp\/v2\/media?parent=22677"}],"wp:term":[{"taxonomy":"product_brand","embeddable":true,"href":"https:\/\/babyvk.com\/es\/wp-json\/wp\/v2\/product_brand?post=22677"},{"taxonomy":"product_cat","embeddable":true,"href":"https:\/\/babyvk.com\/es\/wp-json\/wp\/v2\/product_cat?post=22677"},{"taxonomy":"product_tag","embeddable":true,"href":"https:\/\/babyvk.com\/es\/wp-json\/wp\/v2\/product_tag?post=22677"}],"curies":[{"name":"wp","href":"https:\/\/api.w.org\/{rel}","templated":true}]}}