{"id":22632,"date":"2025-04-08T20:44:32","date_gmt":"2025-04-08T20:44:32","guid":{"rendered":"https:\/\/babyvk.com\/?post_type=product&#038;p=22632"},"modified":"2025-06-29T03:02:47","modified_gmt":"2025-06-29T03:02:47","slug":"baby-carrier-newborn-to-toddler","status":"publish","type":"product","link":"https:\/\/babyvk.com\/es\/product\/baby-carrier-newborn-to-toddler\/","title":{"rendered":"Portabeb\u00e9s para reci\u00e9n nacidos y ni\u00f1os peque\u00f1os"},"content":{"rendered":"<div data-elementor-type=\"product-post\" data-elementor-id=\"22632\" class=\"elementor elementor-22632\" data-elementor-post-type=\"product\">\n\t\t\t\t\t\t<section class=\"wd-negative-gap elementor-section elementor-top-section elementor-element elementor-element-77a9043 elementor-section-boxed elementor-section-height-default elementor-section-height-default\" data-id=\"77a9043\" data-element_type=\"section\">\n\t\t\t\t\t\t<div class=\"elementor-container elementor-column-gap-default\">\n\t\t\t\t\t<div class=\"elementor-column elementor-col-100 elementor-top-column elementor-element elementor-element-997c02f\" data-id=\"997c02f\" data-element_type=\"column\">\n\t\t\t<div class=\"elementor-widget-wrap elementor-element-populated\">\n\t\t\t\t\t\t<div class=\"elementor-element elementor-element-8829fd2 elementor-widget elementor-widget-image\" data-id=\"8829fd2\" data-element_type=\"widget\" data-widget_type=\"image.default\">\n\t\t\t\t<div class=\"elementor-widget-container\">\n\t\t\t\t\t\t\t\t\t\t\t\t\t\t\t<img fetchpriority=\"high\" decoding=\"async\" width=\"800\" height=\"800\" src=\"https:\/\/babyvk.com\/wp-content\/themes\/woodmart\/images\/lazy.svg\" data-src=\"https:\/\/babyvk.com\/wp-content\/uploads\/2025\/04\/baby-carrier-newborn-to-toddler.jpg\" class=\"wd-lazy-blur attachment-large size-large wp-image-22631 wvs-archive-product-image\" alt=\"Fular portabeb\u00e9s de reci\u00e9n nacido a ni\u00f1o peque\u00f1o\" srcset=\"\" data-srcset=\"https:\/\/babyvk.com\/wp-content\/uploads\/2025\/04\/baby-carrier-newborn-to-toddler.jpg 800w, https:\/\/babyvk.com\/wp-content\/uploads\/2025\/04\/baby-carrier-newborn-to-toddler-300x300.jpg 300w, https:\/\/babyvk.com\/wp-content\/uploads\/2025\/04\/baby-carrier-newborn-to-toddler-150x150.jpg 150w, https:\/\/babyvk.com\/wp-content\/uploads\/2025\/04\/baby-carrier-newborn-to-toddler-768x768.jpg 768w, https:\/\/babyvk.com\/wp-content\/uploads\/2025\/04\/baby-carrier-newborn-to-toddler-430x430.jpg 430w, https:\/\/babyvk.com\/wp-content\/uploads\/2025\/04\/baby-carrier-newborn-to-toddler-700x700.jpg 700w, https:\/\/babyvk.com\/wp-content\/uploads\/2025\/04\/baby-carrier-newborn-to-toddler-100x100.jpg 100w, https:\/\/babyvk.com\/wp-content\/uploads\/2025\/04\/baby-carrier-newborn-to-toddler-50x50.jpg 50w\" sizes=\"(max-width: 800px) 100vw, 800px\" title=\"\">\t\t\t\t\t\t\t\t\t\t\t\t\t\t\t<\/div>\n\t\t\t\t<\/div>\n\t\t\t\t<div class=\"elementor-element elementor-element-7f2d18e color-scheme-inherit text-left elementor-widget elementor-widget-text-editor\" data-id=\"7f2d18e\" data-element_type=\"widget\" data-widget_type=\"text-editor.default\">\n\t\t\t\t<div class=\"elementor-widget-container\">\n\t\t\t\t\t\t\t\t\t<h3 class=\"\" data-start=\"61\" data-end=\"110\">Caracter\u00edsticas:<\/h3><ol data-start=\"112\" data-end=\"1057\"><li class=\"\" data-start=\"112\" data-end=\"296\"><p class=\"\" data-start=\"115\" data-end=\"296\"><strong data-start=\"115\" data-end=\"137\">Dise\u00f1o Hip-Healthy<\/strong><br data-start=\"137\" data-end=\"140\" \/>Certificado por el Instituto Internacional de Displasia de Cadera, este portabeb\u00e9s favorece una posici\u00f3n natural en \"M\" de las caderas del beb\u00e9, promoviendo un desarrollo saludable.<\/p><\/li><li class=\"\" data-start=\"298\" data-end=\"487\"><p class=\"\" data-start=\"301\" data-end=\"487\"><strong data-start=\"301\" data-end=\"333\">Tejido supersuave y el\u00e1stico<\/strong><br data-start=\"333\" data-end=\"336\" \/>Fabricado con algod\u00f3n de rizo franc\u00e9s 95% y elastano 5%, el tejido el\u00e1stico en cuatro direcciones es transpirable, lavable a m\u00e1quina y apto para secadora, perfecto para el uso diario.<\/p><\/li><li class=\"\" data-start=\"489\" data-end=\"686\"><p class=\"\" data-start=\"492\" data-end=\"686\"><strong data-start=\"492\" data-end=\"537\">Comodidad manos libres con soporte ergon\u00f3mico<\/strong><br data-start=\"537\" data-end=\"540\" \/>Incorpora una almohadilla de EVA en la cintura y gruesos tirantes acolchados para reducir la presi\u00f3n sobre la espalda y los hombros y garantizar la comodidad durante todo el d\u00eda.<\/p><\/li><li class=\"\" data-start=\"688\" data-end=\"846\"><p class=\"\" data-start=\"691\" data-end=\"846\"><strong data-start=\"691\" data-end=\"721\">A la medida de todos los padres<\/strong><br data-start=\"721\" data-end=\"724\" \/>F\u00e1cilmente ajustable para adaptarse a diferentes tipos de cuerpo, este portabeb\u00e9s se mantiene seguro sin combarse, ideal tanto para mam\u00e1s como para pap\u00e1s.<\/p><\/li><li class=\"\" data-start=\"848\" data-end=\"1057\"><p class=\"\" data-start=\"851\" data-end=\"1057\"><strong data-start=\"851\" data-end=\"887\">Todo en uno para el d\u00eda a d\u00eda y los viajes<\/strong><br data-start=\"887\" data-end=\"890\" \/>Ligero y f\u00e1cil de llevar, este portabeb\u00e9s 2 en 1 es perfecto para hacer recados, salir a pasear o viajar con tu beb\u00e9 sin renunciar al estilo y la comodidad.<\/p><\/li><\/ol>\t\t\t\t\t\t\t\t<\/div>\n\t\t\t\t<\/div>\n\t\t\t\t\t<\/div>\n\t\t<\/div>\n\t\t\t\t\t<\/div>\n\t\t<\/section>\n\t\t\t\t<section class=\"wd-negative-gap elementor-section elementor-top-section elementor-element elementor-element-1da5bf7 elementor-section-boxed elementor-section-height-default elementor-section-height-default\" data-id=\"1da5bf7\" data-element_type=\"section\">\n\t\t\t\t\t\t<div class=\"elementor-container elementor-column-gap-default\">\n\t\t\t\t\t<div class=\"elementor-column elementor-col-100 elementor-top-column elementor-element elementor-element-9cb637a\" data-id=\"9cb637a\" data-element_type=\"column\">\n\t\t\t<div class=\"elementor-widget-wrap elementor-element-populated\">\n\t\t\t\t\t\t<div class=\"elementor-element elementor-element-b0dc6e2 elementor-widget elementor-widget-image\" data-id=\"b0dc6e2\" data-element_type=\"widget\" data-widget_type=\"image.default\">\n\t\t\t\t<div class=\"elementor-widget-container\">\n\t\t\t\t\t\t\t\t\t\t\t\t\t\t\t<img decoding=\"async\" width=\"800\" height=\"800\" src=\"https:\/\/babyvk.com\/wp-content\/themes\/woodmart\/images\/lazy.svg\" data-src=\"https:\/\/babyvk.com\/wp-content\/uploads\/2025\/04\/Newborn-to-Toddler-Infant-Baby-Sling.jpg\" class=\"wd-lazy-blur attachment-large size-large wp-image-22637 wvs-archive-product-image\" alt=\"Sujetapa\u00f1ales Manos Libres para Reci\u00e9n Nacidos\" srcset=\"\" data-srcset=\"https:\/\/babyvk.com\/wp-content\/uploads\/2025\/04\/Newborn-to-Toddler-Infant-Baby-Sling.jpg 800w, https:\/\/babyvk.com\/wp-content\/uploads\/2025\/04\/Newborn-to-Toddler-Infant-Baby-Sling-300x300.jpg 300w, https:\/\/babyvk.com\/wp-content\/uploads\/2025\/04\/Newborn-to-Toddler-Infant-Baby-Sling-150x150.jpg 150w, https:\/\/babyvk.com\/wp-content\/uploads\/2025\/04\/Newborn-to-Toddler-Infant-Baby-Sling-768x768.jpg 768w, https:\/\/babyvk.com\/wp-content\/uploads\/2025\/04\/Newborn-to-Toddler-Infant-Baby-Sling-430x430.jpg 430w, https:\/\/babyvk.com\/wp-content\/uploads\/2025\/04\/Newborn-to-Toddler-Infant-Baby-Sling-700x700.jpg 700w, https:\/\/babyvk.com\/wp-content\/uploads\/2025\/04\/Newborn-to-Toddler-Infant-Baby-Sling-100x100.jpg 100w, https:\/\/babyvk.com\/wp-content\/uploads\/2025\/04\/Newborn-to-Toddler-Infant-Baby-Sling-50x50.jpg 50w\" sizes=\"(max-width: 800px) 100vw, 800px\" title=\"\">\t\t\t\t\t\t\t\t\t\t\t\t\t\t\t<\/div>\n\t\t\t\t<\/div>\n\t\t\t\t\t<\/div>\n\t\t<\/div>\n\t\t\t\t\t<\/div>\n\t\t<\/section>\n\t\t\t\t<\/div>","protected":false},"excerpt":{"rendered":"<p>&#8220;<strong>\u00bfCansada de sufrir dolores de espalda por llevar a su beb\u00e9?<\/strong> La Mochila Porta Beb\u00e9 para reci\u00e9n nacidos y ni\u00f1os peque\u00f1os proporciona apoyo ergon\u00f3mico y equilibrio. Compre ahora y reciba el env\u00edo gratis\".<\/p>","protected":false},"featured_media":22626,"comment_status":"open","ping_status":"closed","template":"","meta":{"_acf_changed":false},"product_brand":[],"product_cat":[42],"product_tag":[1014,611,610,1015,1012,1013],"class_list":{"0":"post-22632","1":"product","2":"type-product","3":"status-publish","4":"has-post-thumbnail","6":"product_cat-best-travel-gear","7":"product_tag-baby-bjorn-carrier","8":"product_tag-baby-carrier","9":"product_tag-baby-carrier-wrap","10":"product_tag-baby-sling-carrier","11":"product_tag-baby-wraps-carrier","12":"product_tag-toddler-carrier","14":"first","15":"instock","16":"taxable","17":"shipping-taxable","18":"purchasable","19":"product-type-variable","20":"wvs-archive-product-wrapper"},"acf":[],"_links":{"self":[{"href":"https:\/\/babyvk.com\/es\/wp-json\/wp\/v2\/product\/22632","targetHints":{"allow":["GET"]}}],"collection":[{"href":"https:\/\/babyvk.com\/es\/wp-json\/wp\/v2\/product"}],"about":[{"href":"https:\/\/babyvk.com\/es\/wp-json\/wp\/v2\/types\/product"}],"replies":[{"embeddable":true,"href":"https:\/\/babyvk.com\/es\/wp-json\/wp\/v2\/comments?post=22632"}],"version-history":[{"count":0,"href":"https:\/\/babyvk.com\/es\/wp-json\/wp\/v2\/product\/22632\/revisions"}],"wp:featuredmedia":[{"embeddable":true,"href":"https:\/\/babyvk.com\/es\/wp-json\/wp\/v2\/media\/22626"}],"wp:attachment":[{"href":"https:\/\/babyvk.com\/es\/wp-json\/wp\/v2\/media?parent=22632"}],"wp:term":[{"taxonomy":"product_brand","embeddable":true,"href":"https:\/\/babyvk.com\/es\/wp-json\/wp\/v2\/product_brand?post=22632"},{"taxonomy":"product_cat","embeddable":true,"href":"https:\/\/babyvk.com\/es\/wp-json\/wp\/v2\/product_cat?post=22632"},{"taxonomy":"product_tag","embeddable":true,"href":"https:\/\/babyvk.com\/es\/wp-json\/wp\/v2\/product_tag?post=22632"}],"curies":[{"name":"wp","href":"https:\/\/api.w.org\/{rel}","templated":true}]}}