{"id":22535,"date":"2025-04-04T20:39:11","date_gmt":"2025-04-04T20:39:11","guid":{"rendered":"https:\/\/babyvk.com\/?post_type=product&#038;p=22535"},"modified":"2025-04-04T21:24:59","modified_gmt":"2025-04-04T21:24:59","slug":"automatic-baby-formula-mixer","status":"publish","type":"product","link":"https:\/\/babyvk.com\/es\/product\/automatic-baby-formula-mixer\/","title":{"rendered":"Preparador autom\u00e1tico de biberones"},"content":{"rendered":"<div data-elementor-type=\"product-post\" data-elementor-id=\"22535\" class=\"elementor elementor-22535\" data-elementor-post-type=\"product\">\n\t\t\t\t\t\t<section class=\"wd-negative-gap elementor-section elementor-top-section elementor-element elementor-element-5fe2e15 elementor-section-boxed elementor-section-height-default elementor-section-height-default\" data-id=\"5fe2e15\" data-element_type=\"section\">\n\t\t\t\t\t\t<div class=\"elementor-container elementor-column-gap-default\">\n\t\t\t\t\t<div class=\"elementor-column elementor-col-100 elementor-top-column elementor-element elementor-element-86cfee0\" data-id=\"86cfee0\" data-element_type=\"column\">\n\t\t\t<div class=\"elementor-widget-wrap elementor-element-populated\">\n\t\t\t\t\t\t<div class=\"elementor-element elementor-element-fd41709 elementor-widget elementor-widget-image\" data-id=\"fd41709\" data-element_type=\"widget\" data-widget_type=\"image.default\">\n\t\t\t\t<div class=\"elementor-widget-container\">\n\t\t\t\t\t\t\t\t\t\t\t\t\t\t\t<img fetchpriority=\"high\" decoding=\"async\" width=\"800\" height=\"800\" src=\"https:\/\/babyvk.com\/wp-content\/themes\/woodmart\/images\/lazy.svg\" data-src=\"https:\/\/babyvk.com\/wp-content\/uploads\/2025\/04\/baby-formula-maker-800x800.jpeg\" class=\"wd-lazy-blur attachment-large size-large wp-image-22523 wvs-archive-product-image\" alt=\"agitador de leche beb\u00e9\" srcset=\"\" data-srcset=\"https:\/\/babyvk.com\/wp-content\/uploads\/2025\/04\/baby-formula-maker-800x800.jpeg 800w, https:\/\/babyvk.com\/wp-content\/uploads\/2025\/04\/baby-formula-maker-300x300.jpeg 300w, https:\/\/babyvk.com\/wp-content\/uploads\/2025\/04\/baby-formula-maker-150x150.jpeg 150w, https:\/\/babyvk.com\/wp-content\/uploads\/2025\/04\/baby-formula-maker-768x768.jpeg 768w, https:\/\/babyvk.com\/wp-content\/uploads\/2025\/04\/baby-formula-maker-860x860.jpeg 860w, https:\/\/babyvk.com\/wp-content\/uploads\/2025\/04\/baby-formula-maker-430x430.jpeg 430w, https:\/\/babyvk.com\/wp-content\/uploads\/2025\/04\/baby-formula-maker-700x700.jpeg 700w, https:\/\/babyvk.com\/wp-content\/uploads\/2025\/04\/baby-formula-maker-100x100.jpeg 100w, https:\/\/babyvk.com\/wp-content\/uploads\/2025\/04\/baby-formula-maker-50x50.jpeg 50w, https:\/\/babyvk.com\/wp-content\/uploads\/2025\/04\/baby-formula-maker.jpeg 1000w\" sizes=\"(max-width: 800px) 100vw, 800px\" title=\"\">\t\t\t\t\t\t\t\t\t\t\t\t\t\t\t<\/div>\n\t\t\t\t<\/div>\n\t\t\t\t\t<\/div>\n\t\t<\/div>\n\t\t\t\t\t<\/div>\n\t\t<\/section>\n\t\t\t\t<section class=\"wd-negative-gap elementor-section elementor-top-section elementor-element elementor-element-437bef0 elementor-section-boxed elementor-section-height-default elementor-section-height-default\" data-id=\"437bef0\" data-element_type=\"section\">\n\t\t\t\t\t\t<div class=\"elementor-container elementor-column-gap-default\">\n\t\t\t\t\t<div class=\"elementor-column elementor-col-100 elementor-top-column elementor-element elementor-element-fe57f98\" data-id=\"fe57f98\" data-element_type=\"column\">\n\t\t\t<div class=\"elementor-widget-wrap elementor-element-populated\">\n\t\t\t\t\t\t<div class=\"elementor-element elementor-element-06324fa color-scheme-inherit text-left elementor-widget elementor-widget-text-editor\" data-id=\"06324fa\" data-element_type=\"widget\" data-widget_type=\"text-editor.default\">\n\t\t\t\t<div class=\"elementor-widget-container\">\n\t\t\t\t\t\t\t\t\t<h2 data-start=\"118\" data-end=\"197\">Caracter\u00edsticas<\/h2><ol data-start=\"199\" data-end=\"1239\"><li class=\"\" data-start=\"199\" data-end=\"331\"><p class=\"\" data-start=\"202\" data-end=\"331\"><strong data-start=\"202\" data-end=\"228\">Mezcla uniforme, sin grumos<\/strong><br data-start=\"228\" data-end=\"231\" \/>El control inteligente por microordenador mezcla la f\u00f3rmula y el agua de forma homog\u00e9nea y sin grumos.<\/p><\/li><li class=\"\" data-start=\"333\" data-end=\"467\"><p class=\"\" data-start=\"336\" data-end=\"467\"><strong data-start=\"336\" data-end=\"367\">Menos espuma, m\u00e1s f\u00e1cil de digerir<\/strong><br data-start=\"367\" data-end=\"370\" \/>El giro de 360\u00b0 a velocidad constante reduce las burbujas, protegiendo la barriguita del beb\u00e9 y evitando los gases.<\/p><\/li><li class=\"\" data-start=\"469\" data-end=\"672\"><p class=\"\" data-start=\"472\" data-end=\"520\"><strong data-start=\"472\" data-end=\"518\">3 modos de sincronizaci\u00f3n para distintos tipos de f\u00f3rmula<\/strong><\/p><ul data-start=\"524\" data-end=\"672\"><li class=\"\" data-start=\"524\" data-end=\"568\"><p class=\"\" data-start=\"526\" data-end=\"568\">Modo 1: para f\u00f3rmulas f\u00e1cilmente disolubles<\/p><\/li><li class=\"\" data-start=\"572\" data-end=\"614\"><p class=\"\" data-start=\"574\" data-end=\"614\">Modo 2: para f\u00f3rmula de disoluci\u00f3n media<\/p><\/li><li class=\"\" data-start=\"618\" data-end=\"672\"><p class=\"\" data-start=\"620\" data-end=\"672\">Modo 3: para f\u00f3rmulas m\u00e1s espesas o dif\u00edciles de disolver<\/p><\/li><\/ul><\/li><li class=\"\" data-start=\"674\" data-end=\"794\"><p class=\"\" data-start=\"677\" data-end=\"794\"><strong data-start=\"677\" data-end=\"705\">Manos libres y ahorro de tiempo<\/strong><br data-start=\"705\" data-end=\"708\" \/>Funcionamiento con un solo bot\u00f3n, sin necesidad de agitar a mano. Ahorra esfuerzo y facilita la alimentaci\u00f3n.<\/p><\/li><li class=\"\" data-start=\"796\" data-end=\"946\"><p class=\"\" data-start=\"799\" data-end=\"946\"><strong data-start=\"799\" data-end=\"840\">Compatible con botellas y m\u00e1s bebidas<\/strong><br data-start=\"840\" data-end=\"843\" \/>Se adapta a botellas de 50-75mm (2-3 pulgadas) de di\u00e1metro. Tambi\u00e9n es ideal para mezclar caf\u00e9, zumo, t\u00e9 y mucho m\u00e1s.<\/p><\/li><li class=\"\" data-start=\"948\" data-end=\"1077\"><p class=\"\" data-start=\"951\" data-end=\"1077\"><strong data-start=\"951\" data-end=\"981\">Fuerte base de triple succi\u00f3n<\/strong><br data-start=\"981\" data-end=\"984\" \/>Tres potentes ventosas mantienen la batidora estable en superficies planas, sin resbalones ni vuelcos.<\/p><\/li><li class=\"\" data-start=\"1079\" data-end=\"1239\"><p class=\"\" data-start=\"1082\" data-end=\"1239\"><strong data-start=\"1082\" data-end=\"1109\">Recargable y port\u00e1til<\/strong><br data-start=\"1109\" data-end=\"1112\" \/>Bater\u00eda integrada de 1200 mAh con carga Type-C. Funciona con port\u00e1tiles, power banks y cargadores de coche, perfecto para casa o de viaje.<\/p><\/li><\/ol>\t\t\t\t\t\t\t\t<\/div>\n\t\t\t\t<\/div>\n\t\t\t\t\t<\/div>\n\t\t<\/div>\n\t\t\t\t\t<\/div>\n\t\t<\/section>\n\t\t\t\t<section class=\"wd-negative-gap elementor-section elementor-top-section elementor-element elementor-element-13f2587 elementor-section-boxed elementor-section-height-default elementor-section-height-default\" data-id=\"13f2587\" data-element_type=\"section\">\n\t\t\t\t\t\t<div class=\"elementor-container elementor-column-gap-default\">\n\t\t\t\t\t<div class=\"elementor-column elementor-col-100 elementor-top-column elementor-element elementor-element-b366d30\" data-id=\"b366d30\" data-element_type=\"column\">\n\t\t\t<div class=\"elementor-widget-wrap elementor-element-populated\">\n\t\t\t\t\t\t<div class=\"elementor-element elementor-element-3723fff elementor-widget elementor-widget-heading\" data-id=\"3723fff\" data-element_type=\"widget\" data-widget_type=\"heading.default\">\n\t\t\t\t<div class=\"elementor-widget-container\">\n\t\t\t\t\t<p class=\"elementor-heading-title elementor-size-default\">Nota: Este mezclador autom\u00e1tico de leche maternizada s\u00f3lo es adecuado para biberones con un di\u00e1metro de 50-75 mm. Los biberones con aberturas m\u00e1s peque\u00f1as pueden salirse con facilidad. Utilice los biberones de cristal con precauci\u00f3n.<\/p>\t\t\t\t<\/div>\n\t\t\t\t<\/div>\n\t\t\t\t<div class=\"elementor-element elementor-element-ffaa0bc elementor-widget elementor-widget-image\" data-id=\"ffaa0bc\" data-element_type=\"widget\" data-widget_type=\"image.default\">\n\t\t\t\t<div class=\"elementor-widget-container\">\n\t\t\t\t\t\t\t\t\t\t\t\t\t\t\t<img decoding=\"async\" width=\"800\" height=\"800\" src=\"https:\/\/babyvk.com\/wp-content\/themes\/woodmart\/images\/lazy.svg\" data-src=\"https:\/\/babyvk.com\/wp-content\/uploads\/2025\/04\/baby-bottle-shaker-800x800.jpeg\" class=\"wd-lazy-blur attachment-large size-large wp-image-22522 wvs-archive-product-image\" alt=\"agitador el\u00e9ctrico de biberones\" srcset=\"\" data-srcset=\"https:\/\/babyvk.com\/wp-content\/uploads\/2025\/04\/baby-bottle-shaker-800x800.jpeg 800w, https:\/\/babyvk.com\/wp-content\/uploads\/2025\/04\/baby-bottle-shaker-300x300.jpeg 300w, https:\/\/babyvk.com\/wp-content\/uploads\/2025\/04\/baby-bottle-shaker-150x150.jpeg 150w, https:\/\/babyvk.com\/wp-content\/uploads\/2025\/04\/baby-bottle-shaker-768x768.jpeg 768w, https:\/\/babyvk.com\/wp-content\/uploads\/2025\/04\/baby-bottle-shaker-860x860.jpeg 860w, https:\/\/babyvk.com\/wp-content\/uploads\/2025\/04\/baby-bottle-shaker-430x430.jpeg 430w, https:\/\/babyvk.com\/wp-content\/uploads\/2025\/04\/baby-bottle-shaker-700x700.jpeg 700w, https:\/\/babyvk.com\/wp-content\/uploads\/2025\/04\/baby-bottle-shaker-100x100.jpeg 100w, https:\/\/babyvk.com\/wp-content\/uploads\/2025\/04\/baby-bottle-shaker-50x50.jpeg 50w, https:\/\/babyvk.com\/wp-content\/uploads\/2025\/04\/baby-bottle-shaker.jpeg 1000w\" sizes=\"(max-width: 800px) 100vw, 800px\" title=\"\">\t\t\t\t\t\t\t\t\t\t\t\t\t\t\t<\/div>\n\t\t\t\t<\/div>\n\t\t\t\t<div class=\"elementor-element elementor-element-fb20435 elementor-widget elementor-widget-image\" data-id=\"fb20435\" data-element_type=\"widget\" data-widget_type=\"image.default\">\n\t\t\t\t<div class=\"elementor-widget-container\">\n\t\t\t\t\t\t\t\t\t\t\t\t\t\t\t<img decoding=\"async\" width=\"651\" height=\"800\" src=\"https:\/\/babyvk.com\/wp-content\/themes\/woodmart\/images\/lazy.svg\" data-src=\"https:\/\/babyvk.com\/wp-content\/uploads\/2025\/04\/bottle-maker-formula-machine-1-651x800.jpg\" class=\"wd-lazy-blur attachment-large size-large wp-image-22544 wvs-archive-product-image\" alt=\"Preparador autom\u00e1tico de biberones\" srcset=\"\" data-srcset=\"https:\/\/babyvk.com\/wp-content\/uploads\/2025\/04\/bottle-maker-formula-machine-1-651x800.jpg 651w, https:\/\/babyvk.com\/wp-content\/uploads\/2025\/04\/bottle-maker-formula-machine-1-244x300.jpg 244w, https:\/\/babyvk.com\/wp-content\/uploads\/2025\/04\/bottle-maker-formula-machine-1-430x528.jpg 430w, https:\/\/babyvk.com\/wp-content\/uploads\/2025\/04\/bottle-maker-formula-machine-1-700x860.jpg 700w, https:\/\/babyvk.com\/wp-content\/uploads\/2025\/04\/bottle-maker-formula-machine-1-100x123.jpg 100w, https:\/\/babyvk.com\/wp-content\/uploads\/2025\/04\/bottle-maker-formula-machine-1.jpg 751w\" sizes=\"(max-width: 651px) 100vw, 651px\" title=\"\">\t\t\t\t\t\t\t\t\t\t\t\t\t\t\t<\/div>\n\t\t\t\t<\/div>\n\t\t\t\t\t<\/div>\n\t\t<\/div>\n\t\t\t\t\t<\/div>\n\t\t<\/section>\n\t\t\t\t<section class=\"wd-negative-gap elementor-section elementor-top-section elementor-element elementor-element-e8e45dc elementor-section-boxed elementor-section-height-default elementor-section-height-default\" data-id=\"e8e45dc\" data-element_type=\"section\">\n\t\t\t\t\t\t<div class=\"elementor-container elementor-column-gap-default\">\n\t\t\t\t\t<div class=\"elementor-column elementor-col-100 elementor-top-column elementor-element elementor-element-0f1fdcc\" data-id=\"0f1fdcc\" data-element_type=\"column\">\n\t\t\t<div class=\"elementor-widget-wrap elementor-element-populated\">\n\t\t\t\t\t\t<div class=\"elementor-element elementor-element-a703aeb color-scheme-inherit text-left elementor-widget elementor-widget-text-editor\" data-id=\"a703aeb\" data-element_type=\"widget\" data-widget_type=\"text-editor.default\">\n\t\t\t\t<div class=\"elementor-widget-container\">\n\t\t\t\t\t\t\t\t\t<h3 class=\"\" data-start=\"73\" data-end=\"103\"><strong data-start=\"77\" data-end=\"103\">Especificaciones del producto<\/strong><\/h3><ul data-start=\"105\" data-end=\"770\"><li class=\"\" data-start=\"105\" data-end=\"155\"><p class=\"\" data-start=\"107\" data-end=\"155\"><strong data-start=\"107\" data-end=\"124\">Nombre del producto:<\/strong> Preparador autom\u00e1tico de biberones<\/p><\/li><li class=\"\" data-start=\"156\" data-end=\"222\"><p class=\"\" data-start=\"158\" data-end=\"222\"><strong data-start=\"158\" data-end=\"173\">Dimensiones:<\/strong> 12,7 \u00d7 12,7 \u00d7 12,2 cm (5,0 \u00d7 5,0 \u00d7 4,8 pulgadas)<\/p><\/li><li class=\"\" data-start=\"283\" data-end=\"354\"><p class=\"\" data-start=\"285\" data-end=\"354\"><strong data-start=\"285\" data-end=\"298\">Material:<\/strong> Pl\u00e1stico sin BPA, ABS<\/p><\/li><li class=\"\" data-start=\"355\" data-end=\"403\"><p class=\"\" data-start=\"357\" data-end=\"403\"><strong data-start=\"357\" data-end=\"378\">Capacidad de la bater\u00eda:<\/strong> 1200mAh (Recargable)<\/p><\/li><li class=\"\" data-start=\"404\" data-end=\"433\"><p class=\"\" data-start=\"406\" data-end=\"433\"><strong data-start=\"406\" data-end=\"424\">Puerto de carga:<\/strong> Tipo-C<\/p><\/li><li class=\"\" data-start=\"434\" data-end=\"520\"><p class=\"\" data-start=\"436\" data-end=\"520\"><strong data-start=\"436\" data-end=\"461\">Compatibilidad con biberones:<\/strong> Se adapta a botellas con di\u00e1metros entre 50-75mm (2-3 pulgadas)<\/p><\/li><li class=\"\" data-start=\"521\" data-end=\"564\"><p class=\"\" data-start=\"523\" data-end=\"564\"><strong data-start=\"523\" data-end=\"540\">Modos de mezcla:<\/strong> 3 modos<\/p><\/li><li class=\"\" data-start=\"565\" data-end=\"618\"><p class=\"\" data-start=\"567\" data-end=\"618\"><strong data-start=\"567\" data-end=\"587\">M\u00e9todo de rotaci\u00f3n:<\/strong> 360\u00b0 de giro a velocidad constante<\/p><\/li><li class=\"\" data-start=\"674\" data-end=\"770\"><p class=\"\" data-start=\"676\" data-end=\"770\"><strong data-start=\"676\" data-end=\"694\">Funcionalidad:<\/strong> Adecuado para mezclar preparados para lactantes, leche materna, caf\u00e9, t\u00e9, zumo y mucho m\u00e1s<\/p><\/li><\/ul>\t\t\t\t\t\t\t\t<\/div>\n\t\t\t\t<\/div>\n\t\t\t\t<div class=\"elementor-element elementor-element-2ecf009 elementor-widget elementor-widget-image\" data-id=\"2ecf009\" data-element_type=\"widget\" data-widget_type=\"image.default\">\n\t\t\t\t<div class=\"elementor-widget-container\">\n\t\t\t\t\t\t\t\t\t\t\t\t\t\t\t<img loading=\"lazy\" decoding=\"async\" width=\"493\" height=\"493\" src=\"https:\/\/babyvk.com\/wp-content\/themes\/woodmart\/images\/lazy.svg\" data-src=\"https:\/\/babyvk.com\/wp-content\/uploads\/2025\/04\/electric-baby-bottle-shaker.jpg\" class=\"wd-lazy-blur attachment-full size-full wp-image-22536 wvs-archive-product-image\" alt=\"mezclador de preparados para lactantes\" srcset=\"\" data-srcset=\"https:\/\/babyvk.com\/wp-content\/uploads\/2025\/04\/electric-baby-bottle-shaker.jpg 493w, https:\/\/babyvk.com\/wp-content\/uploads\/2025\/04\/electric-baby-bottle-shaker-300x300.jpg 300w, https:\/\/babyvk.com\/wp-content\/uploads\/2025\/04\/electric-baby-bottle-shaker-150x150.jpg 150w, https:\/\/babyvk.com\/wp-content\/uploads\/2025\/04\/electric-baby-bottle-shaker-430x430.jpg 430w, https:\/\/babyvk.com\/wp-content\/uploads\/2025\/04\/electric-baby-bottle-shaker-100x100.jpg 100w, https:\/\/babyvk.com\/wp-content\/uploads\/2025\/04\/electric-baby-bottle-shaker-50x50.jpg 50w\" sizes=\"(max-width: 493px) 100vw, 493px\" title=\"\">\t\t\t\t\t\t\t\t\t\t\t\t\t\t\t<\/div>\n\t\t\t\t<\/div>\n\t\t\t\t\t<\/div>\n\t\t<\/div>\n\t\t\t\t\t<\/div>\n\t\t<\/section>\n\t\t\t\t<\/div>","protected":false},"excerpt":{"rendered":"<p>Features Even Mixing, No ClumpsSmart micro-computer control blends formula and water thoroughly\u2014smooth and lump-free every time. Less Foam, Easier Digestion360\u00b0<\/p>","protected":false},"featured_media":22524,"comment_status":"open","ping_status":"closed","template":"","meta":{"_acf_changed":false},"product_brand":[],"product_cat":[508],"product_tag":[1002,999,1004,1001,1000,1003],"class_list":{"0":"post-22535","1":"product","2":"type-product","3":"status-publish","4":"has-post-thumbnail","6":"product_cat-best-baby-feeding","7":"product_tag-baby-formula-maker","8":"product_tag-baby-milk-shaker","9":"product_tag-electric-automatic-infant-bottle-shaker","10":"product_tag-electric-baby-bottle-shaker","11":"product_tag-formula-shaker","12":"product_tag-usb-charging-baby-milk-bottle-shaker","14":"first","15":"instock","16":"taxable","17":"shipping-taxable","18":"purchasable","19":"product-type-variable","20":"wvs-archive-product-wrapper"},"acf":[],"_links":{"self":[{"href":"https:\/\/babyvk.com\/es\/wp-json\/wp\/v2\/product\/22535","targetHints":{"allow":["GET"]}}],"collection":[{"href":"https:\/\/babyvk.com\/es\/wp-json\/wp\/v2\/product"}],"about":[{"href":"https:\/\/babyvk.com\/es\/wp-json\/wp\/v2\/types\/product"}],"replies":[{"embeddable":true,"href":"https:\/\/babyvk.com\/es\/wp-json\/wp\/v2\/comments?post=22535"}],"version-history":[{"count":0,"href":"https:\/\/babyvk.com\/es\/wp-json\/wp\/v2\/product\/22535\/revisions"}],"wp:featuredmedia":[{"embeddable":true,"href":"https:\/\/babyvk.com\/es\/wp-json\/wp\/v2\/media\/22524"}],"wp:attachment":[{"href":"https:\/\/babyvk.com\/es\/wp-json\/wp\/v2\/media?parent=22535"}],"wp:term":[{"taxonomy":"product_brand","embeddable":true,"href":"https:\/\/babyvk.com\/es\/wp-json\/wp\/v2\/product_brand?post=22535"},{"taxonomy":"product_cat","embeddable":true,"href":"https:\/\/babyvk.com\/es\/wp-json\/wp\/v2\/product_cat?post=22535"},{"taxonomy":"product_tag","embeddable":true,"href":"https:\/\/babyvk.com\/es\/wp-json\/wp\/v2\/product_tag?post=22535"}],"curies":[{"name":"wp","href":"https:\/\/api.w.org\/{rel}","templated":true}]}}