{"id":22287,"date":"2025-03-22T03:53:54","date_gmt":"2025-03-22T03:53:54","guid":{"rendered":"https:\/\/babyvk.com\/?post_type=product&#038;p=22287"},"modified":"2025-04-05T17:33:28","modified_gmt":"2025-04-05T17:33:28","slug":"gauze-baby-diapers","status":"publish","type":"product","link":"https:\/\/babyvk.com\/es\/product\/gauze-baby-diapers\/","title":{"rendered":"Pa\u00f1ales transpirables de gasa para beb\u00e9s"},"content":{"rendered":"<div data-elementor-type=\"product-post\" data-elementor-id=\"22287\" class=\"elementor elementor-22287\" data-elementor-post-type=\"product\">\n\t\t\t\t\t\t<section class=\"wd-negative-gap elementor-section elementor-top-section elementor-element elementor-element-15c98bd elementor-section-boxed elementor-section-height-default elementor-section-height-default\" data-id=\"15c98bd\" data-element_type=\"section\">\n\t\t\t\t\t\t<div class=\"elementor-container elementor-column-gap-default\">\n\t\t\t\t\t<div class=\"elementor-column elementor-col-100 elementor-top-column elementor-element elementor-element-8f714f5\" data-id=\"8f714f5\" data-element_type=\"column\">\n\t\t\t<div class=\"elementor-widget-wrap elementor-element-populated\">\n\t\t\t\t\t\t<div class=\"elementor-element elementor-element-8571aeb wd-width-100 elementor-widget elementor-widget-wd_title\" data-id=\"8571aeb\" data-element_type=\"widget\" data-widget_type=\"wd_title.default\">\n\t\t\t\t<div class=\"elementor-widget-container\">\n\t\t\t\t\t\t\t<div class=\"title-wrapper wd-set-mb reset-last-child wd-title-color-default wd-title-style-default wd-title-size-default text-left\">\n\n\t\t\t\n\t\t\t<div class=\"liner-continer\">\n\t\t\t\t<h2 class=\"woodmart-title-container title wd-fontsize-l\">1. Absorci\u00f3n y transpirabilidad instant\u00e1neas<br \/>\nCuidado Limpio y Suave<\/h2> \n\t\t\t\t\t\t\t<\/div>\n\n\t\t\t\t\t\t\t<div class=\"title-after_title reset-last-child wd-fontsize-xs\">\n\t\t\t\t\t<p>Transpirabilidad en capas: diga adi\u00f3s a la dermatitis del pa\u00f1al<\/p>\t\t\t\t<\/div>\n\t\t\t\t\t<\/div>\n\t\t\t\t\t\t<\/div>\n\t\t\t\t<\/div>\n\t\t\t\t<div class=\"elementor-element elementor-element-51f6d1a elementor-widget elementor-widget-wd_image_or_svg\" data-id=\"51f6d1a\" data-element_type=\"widget\" data-widget_type=\"wd_image_or_svg.default\">\n\t\t\t\t<div class=\"elementor-widget-container\">\n\t\t\t\t\t\n\t\t<div class=\"wd-image text-left\">\n\t\t\t\t\t\t\t\t<img fetchpriority=\"high\" decoding=\"async\" width=\"969\" height=\"1206\" src=\"https:\/\/babyvk.com\/wp-content\/uploads\/2025\/03\/baby-cloth-diapers-flat-fold.jpg\" class=\"attachment-full size-full wvs-archive-product-image\" alt=\"tela de gasa para pa\u00f1ales\" srcset=\"https:\/\/babyvk.com\/wp-content\/uploads\/2025\/03\/baby-cloth-diapers-flat-fold.jpg 969w, https:\/\/babyvk.com\/wp-content\/uploads\/2025\/03\/baby-cloth-diapers-flat-fold-241x300.jpg 241w, https:\/\/babyvk.com\/wp-content\/uploads\/2025\/03\/baby-cloth-diapers-flat-fold-643x800.jpg 643w, https:\/\/babyvk.com\/wp-content\/uploads\/2025\/03\/baby-cloth-diapers-flat-fold-768x956.jpg 768w, https:\/\/babyvk.com\/wp-content\/uploads\/2025\/03\/baby-cloth-diapers-flat-fold-860x1070.jpg 860w, https:\/\/babyvk.com\/wp-content\/uploads\/2025\/03\/baby-cloth-diapers-flat-fold-430x535.jpg 430w, https:\/\/babyvk.com\/wp-content\/uploads\/2025\/03\/baby-cloth-diapers-flat-fold-700x871.jpg 700w, https:\/\/babyvk.com\/wp-content\/uploads\/2025\/03\/baby-cloth-diapers-flat-fold-100x124.jpg 100w\" sizes=\"(max-width: 969px) 100vw, 969px\" title=\"\">\t\t\t\t\t<\/div>\n\n\t\t\t\t\t\t<\/div>\n\t\t\t\t<\/div>\n\t\t\t\t<div class=\"elementor-element elementor-element-38734b5 wd-width-100 elementor-widget elementor-widget-wd_title\" data-id=\"38734b5\" data-element_type=\"widget\" data-widget_type=\"wd_title.default\">\n\t\t\t\t<div class=\"elementor-widget-container\">\n\t\t\t\t\t\t\t<div class=\"title-wrapper wd-set-mb reset-last-child wd-title-color-default wd-title-style-default wd-title-size-default text-left\">\n\n\t\t\t\n\t\t\t<div class=\"liner-continer\">\n\t\t\t\t<h2 class=\"woodmart-title-container title wd-fontsize-l\">2. Algod\u00f3n puro de primera calidad: suave y c\u00f3modo<\/h2> \n\t\t\t\t\t\t\t<\/div>\n\n\t\t\t\t\t\t\t<div class=\"title-after_title reset-last-child wd-fontsize-xs\">\n\t\t\t\t\t<p>Mantiene el culito del beb\u00e9 c\u00f3modo y feliz<\/p>\t\t\t\t<\/div>\n\t\t\t\t\t<\/div>\n\t\t\t\t\t\t<\/div>\n\t\t\t\t<\/div>\n\t\t\t\t<div class=\"elementor-element elementor-element-3427796 elementor-widget elementor-widget-wd_image_or_svg\" data-id=\"3427796\" data-element_type=\"widget\" data-widget_type=\"wd_image_or_svg.default\">\n\t\t\t\t<div class=\"elementor-widget-container\">\n\t\t\t\t\t\n\t\t<div class=\"wd-image text-left\">\n\t\t\t\t\t\t\t\t<img decoding=\"async\" width=\"790\" height=\"577\" src=\"https:\/\/babyvk.com\/wp-content\/uploads\/2025\/03\/baby-cloth-diaper-liners-reusable.jpg\" class=\"attachment-full size-full wvs-archive-product-image\" alt=\"pa\u00f1ales de gasa\" srcset=\"https:\/\/babyvk.com\/wp-content\/uploads\/2025\/03\/baby-cloth-diaper-liners-reusable.jpg 790w, https:\/\/babyvk.com\/wp-content\/uploads\/2025\/03\/baby-cloth-diaper-liners-reusable-400x292.jpg 400w, https:\/\/babyvk.com\/wp-content\/uploads\/2025\/03\/baby-cloth-diaper-liners-reusable-768x561.jpg 768w, https:\/\/babyvk.com\/wp-content\/uploads\/2025\/03\/baby-cloth-diaper-liners-reusable-430x314.jpg 430w, https:\/\/babyvk.com\/wp-content\/uploads\/2025\/03\/baby-cloth-diaper-liners-reusable-700x511.jpg 700w, https:\/\/babyvk.com\/wp-content\/uploads\/2025\/03\/baby-cloth-diaper-liners-reusable-100x73.jpg 100w\" sizes=\"(max-width: 790px) 100vw, 790px\" title=\"\">\t\t\t\t\t<\/div>\n\n\t\t\t\t\t\t<\/div>\n\t\t\t\t<\/div>\n\t\t\t\t<div class=\"elementor-element elementor-element-d01ca47 wd-width-100 elementor-widget elementor-widget-wd_title\" data-id=\"d01ca47\" data-element_type=\"widget\" data-widget_type=\"wd_title.default\">\n\t\t\t\t<div class=\"elementor-widget-container\">\n\t\t\t\t\t\t\t<div class=\"title-wrapper wd-set-mb reset-last-child wd-title-color-default wd-title-style-default wd-title-size-default text-left\">\n\n\t\t\t\n\t\t\t<div class=\"liner-continer\">\n\t\t\t\t<h2 class=\"woodmart-title-container title wd-fontsize-l\">3. Dise\u00f1o de coj\u00edn elevado: mayor absorci\u00f3n<\/h2> \n\t\t\t\t\t\t\t<\/div>\n\n\t\t\t\t\t\t\t<div class=\"title-after_title reset-last-child wd-fontsize-xs\">\n\t\t\t\t\t<p>Expande el interior de la gasa para un mayor contacto y absorci\u00f3n<\/p>\t\t\t\t<\/div>\n\t\t\t\t\t<\/div>\n\t\t\t\t\t\t<\/div>\n\t\t\t\t<\/div>\n\t\t\t\t<div class=\"elementor-element elementor-element-08ecac8 elementor-widget elementor-widget-wd_image_or_svg\" data-id=\"08ecac8\" data-element_type=\"widget\" data-widget_type=\"wd_image_or_svg.default\">\n\t\t\t\t<div class=\"elementor-widget-container\">\n\t\t\t\t\t\n\t\t<div class=\"wd-image text-left\">\n\t\t\t\t\t\t\t\t<img decoding=\"async\" width=\"968\" height=\"998\" src=\"https:\/\/babyvk.com\/wp-content\/uploads\/2025\/03\/baby-cloth-diapers-washable-reusable-cotton-white.jpg\" class=\"attachment-full size-full wvs-archive-product-image\" alt=\"pa\u00f1ales de tela de gasa premium con pliegue plano\" srcset=\"https:\/\/babyvk.com\/wp-content\/uploads\/2025\/03\/baby-cloth-diapers-washable-reusable-cotton-white.jpg 968w, https:\/\/babyvk.com\/wp-content\/uploads\/2025\/03\/baby-cloth-diapers-washable-reusable-cotton-white-291x300.jpg 291w, https:\/\/babyvk.com\/wp-content\/uploads\/2025\/03\/baby-cloth-diapers-washable-reusable-cotton-white-776x800.jpg 776w, https:\/\/babyvk.com\/wp-content\/uploads\/2025\/03\/baby-cloth-diapers-washable-reusable-cotton-white-768x792.jpg 768w, https:\/\/babyvk.com\/wp-content\/uploads\/2025\/03\/baby-cloth-diapers-washable-reusable-cotton-white-860x887.jpg 860w, https:\/\/babyvk.com\/wp-content\/uploads\/2025\/03\/baby-cloth-diapers-washable-reusable-cotton-white-430x443.jpg 430w, https:\/\/babyvk.com\/wp-content\/uploads\/2025\/03\/baby-cloth-diapers-washable-reusable-cotton-white-700x722.jpg 700w, https:\/\/babyvk.com\/wp-content\/uploads\/2025\/03\/baby-cloth-diapers-washable-reusable-cotton-white-100x103.jpg 100w\" sizes=\"(max-width: 968px) 100vw, 968px\" title=\"\">\t\t\t\t\t<\/div>\n\n\t\t\t\t\t\t<\/div>\n\t\t\t\t<\/div>\n\t\t\t\t<div class=\"elementor-element elementor-element-db3b354 wd-width-100 elementor-widget elementor-widget-wd_title\" data-id=\"db3b354\" data-element_type=\"widget\" data-widget_type=\"wd_title.default\">\n\t\t\t\t<div class=\"elementor-widget-container\">\n\t\t\t\t\t\t\t<div class=\"title-wrapper wd-set-mb reset-last-child wd-title-color-default wd-title-style-default wd-title-size-default text-left\">\n\n\t\t\t\n\t\t\t<div class=\"liner-continer\">\n\t\t\t\t<h2 class=\"woodmart-title-container title wd-fontsize-l\">4. Potente absorci\u00f3n: mantiene seco el culito del beb\u00e9.<\/h2> \n\t\t\t\t\t\t\t<\/div>\n\n\t\t\t\t\t\t\t<div class=\"title-after_title reset-last-child wd-fontsize-xs\">\n\t\t\t\t\t<p>Capas de gasa de alta densidad para una m\u00e1xima absorci\u00f3n<\/p>\t\t\t\t<\/div>\n\t\t\t\t\t<\/div>\n\t\t\t\t\t\t<\/div>\n\t\t\t\t<\/div>\n\t\t\t\t<div class=\"elementor-element elementor-element-627c89a elementor-widget elementor-widget-wd_image_or_svg\" data-id=\"627c89a\" data-element_type=\"widget\" data-widget_type=\"wd_image_or_svg.default\">\n\t\t\t\t<div class=\"elementor-widget-container\">\n\t\t\t\t\t\n\t\t<div class=\"wd-image text-left\">\n\t\t\t\t\t\t\t\t<img loading=\"lazy\" decoding=\"async\" width=\"969\" height=\"1001\" src=\"https:\/\/babyvk.com\/wp-content\/uploads\/2025\/03\/baby-cloth-diaper.jpg\" class=\"attachment-full size-full wvs-archive-product-image\" alt=\"pa\u00f1al de gasa prefold\" srcset=\"https:\/\/babyvk.com\/wp-content\/uploads\/2025\/03\/baby-cloth-diaper.jpg 969w, https:\/\/babyvk.com\/wp-content\/uploads\/2025\/03\/baby-cloth-diaper-290x300.jpg 290w, https:\/\/babyvk.com\/wp-content\/uploads\/2025\/03\/baby-cloth-diaper-774x800.jpg 774w, https:\/\/babyvk.com\/wp-content\/uploads\/2025\/03\/baby-cloth-diaper-768x793.jpg 768w, https:\/\/babyvk.com\/wp-content\/uploads\/2025\/03\/baby-cloth-diaper-860x888.jpg 860w, https:\/\/babyvk.com\/wp-content\/uploads\/2025\/03\/baby-cloth-diaper-430x444.jpg 430w, https:\/\/babyvk.com\/wp-content\/uploads\/2025\/03\/baby-cloth-diaper-700x723.jpg 700w, https:\/\/babyvk.com\/wp-content\/uploads\/2025\/03\/baby-cloth-diaper-100x103.jpg 100w\" sizes=\"(max-width: 969px) 100vw, 969px\" title=\"\">\t\t\t\t\t<\/div>\n\n\t\t\t\t\t\t<\/div>\n\t\t\t\t<\/div>\n\t\t\t\t<div class=\"elementor-element elementor-element-fd33a31 wd-width-100 elementor-widget elementor-widget-wd_title\" data-id=\"fd33a31\" data-element_type=\"widget\" data-widget_type=\"wd_title.default\">\n\t\t\t\t<div class=\"elementor-widget-container\">\n\t\t\t\t\t\t\t<div class=\"title-wrapper wd-set-mb reset-last-child wd-title-color-default wd-title-style-default wd-title-size-default text-left\">\n\n\t\t\t\n\t\t\t<div class=\"liner-continer\">\n\t\t\t\t<h2 class=\"woodmart-title-container title wd-fontsize-l\">5. Crea una zona de confort para el culito de tu beb\u00e9<\/h2> \n\t\t\t\t\t\t\t<\/div>\n\n\t\t\t\t\t\t\t<div class=\"title-after_title reset-last-child wd-fontsize-xs\">\n\t\t\t\t\t<p>Mantiene el culito del beb\u00e9 seco, fresco y transpirable<\/p>\t\t\t\t<\/div>\n\t\t\t\t\t<\/div>\n\t\t\t\t\t\t<\/div>\n\t\t\t\t<\/div>\n\t\t\t\t<div class=\"elementor-element elementor-element-75253ba elementor-widget elementor-widget-wd_image_or_svg\" data-id=\"75253ba\" data-element_type=\"widget\" data-widget_type=\"wd_image_or_svg.default\">\n\t\t\t\t<div class=\"elementor-widget-container\">\n\t\t\t\t\t\n\t\t<div class=\"wd-image text-left\">\n\t\t\t\t\t\t\t\t<img loading=\"lazy\" decoding=\"async\" width=\"969\" height=\"1131\" src=\"https:\/\/babyvk.com\/wp-content\/uploads\/2025\/03\/baby-cloth-diapers-girls.jpg\" class=\"attachment-full size-full wvs-archive-product-image\" alt=\"Pa\u00f1ales transpirables de gasa para beb\u00e9s\" srcset=\"https:\/\/babyvk.com\/wp-content\/uploads\/2025\/03\/baby-cloth-diapers-girls.jpg 969w, https:\/\/babyvk.com\/wp-content\/uploads\/2025\/03\/baby-cloth-diapers-girls-257x300.jpg 257w, https:\/\/babyvk.com\/wp-content\/uploads\/2025\/03\/baby-cloth-diapers-girls-685x800.jpg 685w, https:\/\/babyvk.com\/wp-content\/uploads\/2025\/03\/baby-cloth-diapers-girls-768x896.jpg 768w, https:\/\/babyvk.com\/wp-content\/uploads\/2025\/03\/baby-cloth-diapers-girls-860x1004.jpg 860w, https:\/\/babyvk.com\/wp-content\/uploads\/2025\/03\/baby-cloth-diapers-girls-430x502.jpg 430w, https:\/\/babyvk.com\/wp-content\/uploads\/2025\/03\/baby-cloth-diapers-girls-700x817.jpg 700w, https:\/\/babyvk.com\/wp-content\/uploads\/2025\/03\/baby-cloth-diapers-girls-100x117.jpg 100w\" sizes=\"(max-width: 969px) 100vw, 969px\" title=\"\">\t\t\t\t\t<\/div>\n\n\t\t\t\t\t\t<\/div>\n\t\t\t\t<\/div>\n\t\t\t\t<div class=\"elementor-element elementor-element-87620ea wd-width-100 elementor-widget elementor-widget-wd_title\" data-id=\"87620ea\" data-element_type=\"widget\" data-widget_type=\"wd_title.default\">\n\t\t\t\t<div class=\"elementor-widget-container\">\n\t\t\t\t\t\t\t<div class=\"title-wrapper wd-set-mb reset-last-child wd-title-color-default wd-title-style-default wd-title-size-default text-left\">\n\n\t\t\t\n\t\t\t<div class=\"liner-continer\">\n\t\t\t\t<h2 class=\"woodmart-title-container title wd-fontsize-l\">6. Seco y transpirable - Di no a la dermatitis del pa\u00f1al<\/h2> \n\t\t\t\t\t\t\t<\/div>\n\n\t\t\t\t\t\t\t<div class=\"title-after_title reset-last-child wd-fontsize-xs\">\n\t\t\t\t\t<p>Con 12 capas de gasa de alta densidad para una transpirabilidad visible<\/p>\t\t\t\t<\/div>\n\t\t\t\t\t<\/div>\n\t\t\t\t\t\t<\/div>\n\t\t\t\t<\/div>\n\t\t\t\t<div class=\"elementor-element elementor-element-9cc2fc4 elementor-widget elementor-widget-wd_image_or_svg\" data-id=\"9cc2fc4\" data-element_type=\"widget\" data-widget_type=\"wd_image_or_svg.default\">\n\t\t\t\t<div class=\"elementor-widget-container\">\n\t\t\t\t\t\n\t\t<div class=\"wd-image text-left\">\n\t\t\t\t\t\t\t\t<img loading=\"lazy\" decoding=\"async\" width=\"968\" height=\"918\" src=\"https:\/\/babyvk.com\/wp-content\/uploads\/2025\/03\/baby-cloth-diaper-pants.jpg\" class=\"attachment-full size-full wvs-archive-product-image\" alt=\"pa\u00f1ales de gasa para beb\u00e9\" srcset=\"https:\/\/babyvk.com\/wp-content\/uploads\/2025\/03\/baby-cloth-diaper-pants.jpg 968w, https:\/\/babyvk.com\/wp-content\/uploads\/2025\/03\/baby-cloth-diaper-pants-316x300.jpg 316w, https:\/\/babyvk.com\/wp-content\/uploads\/2025\/03\/baby-cloth-diaper-pants-844x800.jpg 844w, https:\/\/babyvk.com\/wp-content\/uploads\/2025\/03\/baby-cloth-diaper-pants-768x728.jpg 768w, https:\/\/babyvk.com\/wp-content\/uploads\/2025\/03\/baby-cloth-diaper-pants-860x816.jpg 860w, https:\/\/babyvk.com\/wp-content\/uploads\/2025\/03\/baby-cloth-diaper-pants-430x408.jpg 430w, https:\/\/babyvk.com\/wp-content\/uploads\/2025\/03\/baby-cloth-diaper-pants-700x664.jpg 700w, https:\/\/babyvk.com\/wp-content\/uploads\/2025\/03\/baby-cloth-diaper-pants-100x95.jpg 100w\" sizes=\"(max-width: 968px) 100vw, 968px\" title=\"\">\t\t\t\t\t<\/div>\n\n\t\t\t\t\t\t<\/div>\n\t\t\t\t<\/div>\n\t\t\t\t<div class=\"elementor-element elementor-element-56eef89 wd-width-100 elementor-widget elementor-widget-wd_title\" data-id=\"56eef89\" data-element_type=\"widget\" data-widget_type=\"wd_title.default\">\n\t\t\t\t<div class=\"elementor-widget-container\">\n\t\t\t\t\t\t\t<div class=\"title-wrapper wd-set-mb reset-last-child wd-title-color-default wd-title-style-default wd-title-size-default text-left\">\n\n\t\t\t\n\t\t\t<div class=\"liner-continer\">\n\t\t\t\t<h2 class=\"woodmart-title-container title wd-fontsize-l\">7. Material mejorado de alta densidad - Tacto m\u00e1s suave<\/h2> \n\t\t\t\t\t\t\t<\/div>\n\n\t\t\t\t\t\t\t<div class=\"title-after_title reset-last-child wd-fontsize-xs\">\n\t\t\t\t\t<p>No se desprende y proporciona un cuidado duradero a su beb\u00e9<\/p>\t\t\t\t<\/div>\n\t\t\t\t\t<\/div>\n\t\t\t\t\t\t<\/div>\n\t\t\t\t<\/div>\n\t\t\t\t<div class=\"elementor-element elementor-element-066daf2 elementor-widget elementor-widget-wd_image_or_svg\" data-id=\"066daf2\" data-element_type=\"widget\" data-widget_type=\"wd_image_or_svg.default\">\n\t\t\t\t<div class=\"elementor-widget-container\">\n\t\t\t\t\t\n\t\t<div class=\"wd-image text-left\">\n\t\t\t\t\t\t\t\t<img loading=\"lazy\" decoding=\"async\" width=\"1501\" height=\"1501\" src=\"https:\/\/babyvk.com\/wp-content\/uploads\/2025\/03\/gauze-diaper.jpg\" class=\"attachment-full size-full wvs-archive-product-image\" alt=\"pa\u00f1ales de tela para beb\u00e9s\" srcset=\"https:\/\/babyvk.com\/wp-content\/uploads\/2025\/03\/gauze-diaper.jpg 1501w, https:\/\/babyvk.com\/wp-content\/uploads\/2025\/03\/gauze-diaper-300x300.jpg 300w, https:\/\/babyvk.com\/wp-content\/uploads\/2025\/03\/gauze-diaper-800x800.jpg 800w, https:\/\/babyvk.com\/wp-content\/uploads\/2025\/03\/gauze-diaper-150x150.jpg 150w, https:\/\/babyvk.com\/wp-content\/uploads\/2025\/03\/gauze-diaper-768x768.jpg 768w, https:\/\/babyvk.com\/wp-content\/uploads\/2025\/03\/gauze-diaper-860x860.jpg 860w, https:\/\/babyvk.com\/wp-content\/uploads\/2025\/03\/gauze-diaper-1320x1320.jpg 1320w, https:\/\/babyvk.com\/wp-content\/uploads\/2025\/03\/gauze-diaper-430x430.jpg 430w, https:\/\/babyvk.com\/wp-content\/uploads\/2025\/03\/gauze-diaper-700x700.jpg 700w, https:\/\/babyvk.com\/wp-content\/uploads\/2025\/03\/gauze-diaper-100x100.jpg 100w, https:\/\/babyvk.com\/wp-content\/uploads\/2025\/03\/gauze-diaper-50x50.jpg 50w\" sizes=\"(max-width: 1501px) 100vw, 1501px\" title=\"\">\t\t\t\t\t<\/div>\n\n\t\t\t\t\t\t<\/div>\n\t\t\t\t<\/div>\n\t\t\t\t<div class=\"elementor-element elementor-element-0a696c7 wd-width-100 elementor-widget elementor-widget-wd_title\" data-id=\"0a696c7\" data-element_type=\"widget\" data-widget_type=\"wd_title.default\">\n\t\t\t\t<div class=\"elementor-widget-container\">\n\t\t\t\t\t\t\t<div class=\"title-wrapper wd-set-mb reset-last-child wd-title-color-default wd-title-style-default wd-title-size-default text-left\">\n\n\t\t\t\n\t\t\t<div class=\"liner-continer\">\n\t\t\t\t<h2 class=\"woodmart-title-container title wd-fontsize-l\">8. Norma de clase A - Seguro y c\u00f3modo de llevar<\/h2> \n\t\t\t\t\t\t\t<\/div>\n\n\t\t\t\t\t\t\t<div class=\"title-after_title reset-last-child wd-fontsize-xs\">\n\t\t\t\t\t<p>Dar a tu beb\u00e9 los cuidados que se merece<\/p>\t\t\t\t<\/div>\n\t\t\t\t\t<\/div>\n\t\t\t\t\t\t<\/div>\n\t\t\t\t<\/div>\n\t\t\t\t<div class=\"elementor-element elementor-element-37eeab6 elementor-widget elementor-widget-wd_image_or_svg\" data-id=\"37eeab6\" data-element_type=\"widget\" data-widget_type=\"wd_image_or_svg.default\">\n\t\t\t\t<div class=\"elementor-widget-container\">\n\t\t\t\t\t\n\t\t<div class=\"wd-image text-left\">\n\t\t\t\t\t\t\t\t<img loading=\"lazy\" decoding=\"async\" width=\"968\" height=\"1118\" src=\"https:\/\/babyvk.com\/wp-content\/uploads\/2025\/03\/baby-cloth-diapers-bulk.jpg\" class=\"attachment-full size-full wvs-archive-product-image\" alt=\"pa\u00f1al de gasa\" srcset=\"https:\/\/babyvk.com\/wp-content\/uploads\/2025\/03\/baby-cloth-diapers-bulk.jpg 968w, https:\/\/babyvk.com\/wp-content\/uploads\/2025\/03\/baby-cloth-diapers-bulk-260x300.jpg 260w, https:\/\/babyvk.com\/wp-content\/uploads\/2025\/03\/baby-cloth-diapers-bulk-693x800.jpg 693w, https:\/\/babyvk.com\/wp-content\/uploads\/2025\/03\/baby-cloth-diapers-bulk-768x887.jpg 768w, https:\/\/babyvk.com\/wp-content\/uploads\/2025\/03\/baby-cloth-diapers-bulk-860x993.jpg 860w, https:\/\/babyvk.com\/wp-content\/uploads\/2025\/03\/baby-cloth-diapers-bulk-430x497.jpg 430w, https:\/\/babyvk.com\/wp-content\/uploads\/2025\/03\/baby-cloth-diapers-bulk-700x808.jpg 700w, https:\/\/babyvk.com\/wp-content\/uploads\/2025\/03\/baby-cloth-diapers-bulk-100x115.jpg 100w\" sizes=\"(max-width: 968px) 100vw, 968px\" title=\"\">\t\t\t\t\t<\/div>\n\n\t\t\t\t\t\t<\/div>\n\t\t\t\t<\/div>\n\t\t\t\t<div class=\"elementor-element elementor-element-6f19adf wd-width-100 elementor-widget elementor-widget-wd_title\" data-id=\"6f19adf\" data-element_type=\"widget\" data-widget_type=\"wd_title.default\">\n\t\t\t\t<div class=\"elementor-widget-container\">\n\t\t\t\t\t\t\t<div class=\"title-wrapper wd-set-mb reset-last-child wd-title-color-default wd-title-style-default wd-title-size-default text-left\">\n\n\t\t\t\n\t\t\t<div class=\"liner-continer\">\n\t\t\t\t<h2 class=\"woodmart-title-container title wd-fontsize-l\">9. Informaci\u00f3n<\/h2> \n\t\t\t\t\t\t\t<\/div>\n\n\t\t\t\t\t<\/div>\n\t\t\t\t\t\t<\/div>\n\t\t\t\t<\/div>\n\t\t\t\t<div class=\"elementor-element elementor-element-c7cdfc4 color-scheme-inherit text-left elementor-widget elementor-widget-text-editor\" data-id=\"c7cdfc4\" data-element_type=\"widget\" data-widget_type=\"text-editor.default\">\n\t\t\t\t<div class=\"elementor-widget-container\">\n\t\t\t\t\t\t\t\t\t<p class=\"\" data-start=\"0\" data-end=\"43\"><strong data-start=\"23\" data-end=\"41\">Especificaciones<\/strong><\/p><ul data-start=\"44\" data-end=\"418\"><li class=\"\" data-start=\"44\" data-end=\"98\"><p class=\"\" data-start=\"46\" data-end=\"98\"><strong data-start=\"46\" data-end=\"62\">Nombre del producto<\/strong>: Pa\u00f1al de gasa 12 capas todo en uno<\/p><\/li><li class=\"\" data-start=\"278\" data-end=\"342\"><p class=\"\" data-start=\"280\" data-end=\"342\"><strong data-start=\"280\" data-end=\"295\">Composici\u00f3n<\/strong>: 100% Algod\u00f3n (excluidos los materiales auxiliares)<\/p><\/li><li class=\"\" data-start=\"343\" data-end=\"383\"><p class=\"\" data-start=\"345\" data-end=\"383\"><strong data-start=\"345\" data-end=\"365\">Temporadas adecuadas<\/strong>: Todo el a\u00f1o<\/p><\/li><li class=\"\" data-start=\"384\" data-end=\"418\"><p class=\"\" data-start=\"386\" data-end=\"418\"><strong data-start=\"386\" data-end=\"405\">Edad recomendada<\/strong>: 0-2 a\u00f1os<\/p><\/li><li class=\"\" data-start=\"99\" data-end=\"277\"><p class=\"\" data-start=\"101\" data-end=\"113\"><strong data-start=\"101\" data-end=\"110\">Tallas<\/strong>:<\/p><ul data-start=\"116\" data-end=\"277\"><li class=\"\" data-start=\"116\" data-end=\"167\"><p class=\"\" data-start=\"118\" data-end=\"167\"><b>S<\/b>\u00a0 (0-3 meses, recomendado para beb\u00e9s de 3-5KG)<\/p><\/li><li class=\"\" data-start=\"170\" data-end=\"221\"><p class=\"\" data-start=\"172\" data-end=\"221\"><b>M<\/b>\u00a0 (3-9 meses, recomendado para beb\u00e9s de 5-10KG)<\/p><\/li><li class=\"\" data-start=\"224\" data-end=\"277\"><p class=\"\" data-start=\"226\" data-end=\"277\"><b>L<\/b>\u00a0 (9-12 meses, recomendado para beb\u00e9s de 10-15KG)<\/p><\/li><\/ul><\/li><\/ul>\t\t\t\t\t\t\t\t<\/div>\n\t\t\t\t<\/div>\n\t\t\t\t<div class=\"elementor-element elementor-element-f79c9f5 elementor-widget elementor-widget-wd_image_or_svg\" data-id=\"f79c9f5\" data-element_type=\"widget\" data-widget_type=\"wd_image_or_svg.default\">\n\t\t\t\t<div class=\"elementor-widget-container\">\n\t\t\t\t\t\n\t\t<div class=\"wd-image text-left\">\n\t\t\t\t\t\t\t\t<img loading=\"lazy\" decoding=\"async\" width=\"969\" height=\"888\" src=\"https:\/\/babyvk.com\/wp-content\/uploads\/2025\/03\/baby-cloth-diaper-liners.jpg\" class=\"attachment-full size-full wvs-archive-product-image\" alt=\"pa\u00f1ales de gasa desplegados\" srcset=\"https:\/\/babyvk.com\/wp-content\/uploads\/2025\/03\/baby-cloth-diaper-liners.jpg 969w, https:\/\/babyvk.com\/wp-content\/uploads\/2025\/03\/baby-cloth-diaper-liners-327x300.jpg 327w, https:\/\/babyvk.com\/wp-content\/uploads\/2025\/03\/baby-cloth-diaper-liners-873x800.jpg 873w, https:\/\/babyvk.com\/wp-content\/uploads\/2025\/03\/baby-cloth-diaper-liners-768x704.jpg 768w, https:\/\/babyvk.com\/wp-content\/uploads\/2025\/03\/baby-cloth-diaper-liners-860x788.jpg 860w, https:\/\/babyvk.com\/wp-content\/uploads\/2025\/03\/baby-cloth-diaper-liners-430x394.jpg 430w, https:\/\/babyvk.com\/wp-content\/uploads\/2025\/03\/baby-cloth-diaper-liners-700x641.jpg 700w, https:\/\/babyvk.com\/wp-content\/uploads\/2025\/03\/baby-cloth-diaper-liners-100x92.jpg 100w\" sizes=\"(max-width: 969px) 100vw, 969px\" title=\"\">\t\t\t\t\t<\/div>\n\n\t\t\t\t\t\t<\/div>\n\t\t\t\t<\/div>\n\t\t\t\t<div class=\"elementor-element elementor-element-eea0777 color-scheme-inherit text-left elementor-widget elementor-widget-text-editor\" data-id=\"eea0777\" data-element_type=\"widget\" data-widget_type=\"text-editor.default\">\n\t\t\t\t<div class=\"elementor-widget-container\">\n\t\t\t\t\t\t\t\t\t<p><strong>Instrucciones de cuidado:<\/strong> <br \/>Lavar a una temperatura no superior a 30\u00b0C, no usar lej\u00eda, no planchar, no limpiar en seco y colgar para secar.<\/p>\t\t\t\t\t\t\t\t<\/div>\n\t\t\t\t<\/div>\n\t\t\t\t\t<\/div>\n\t\t<\/div>\n\t\t\t\t\t<\/div>\n\t\t<\/section>\n\t\t\t\t<\/div>","protected":false},"excerpt":{"rendered":"<p>1. Instant Absorption &amp; Breathability Clean &amp; Gentle Care Layered Breathability \u2013 Say Goodbye to Diaper Rash 2. Premium Pure<\/p>","protected":false},"featured_media":22291,"comment_status":"open","ping_status":"closed","template":"","meta":{"_acf_changed":false},"product_brand":[],"product_cat":[32],"product_tag":[977,980,979,978,981],"class_list":{"0":"post-22287","1":"product","2":"type-product","3":"status-publish","4":"has-post-thumbnail","6":"product_cat-best-baby-clothing","7":"product_tag-baby-cloth-diaper","8":"product_tag-gauze-cloth-diapers","9":"product_tag-gauze-diaper","10":"product_tag-gauze-diaper-cloth","11":"product_tag-gauze-diapers-for-baby","13":"first","14":"instock","15":"sale","16":"taxable","17":"shipping-taxable","18":"purchasable","19":"product-type-variable","20":"wvs-archive-product-wrapper"},"acf":[],"_links":{"self":[{"href":"https:\/\/babyvk.com\/es\/wp-json\/wp\/v2\/product\/22287","targetHints":{"allow":["GET"]}}],"collection":[{"href":"https:\/\/babyvk.com\/es\/wp-json\/wp\/v2\/product"}],"about":[{"href":"https:\/\/babyvk.com\/es\/wp-json\/wp\/v2\/types\/product"}],"replies":[{"embeddable":true,"href":"https:\/\/babyvk.com\/es\/wp-json\/wp\/v2\/comments?post=22287"}],"version-history":[{"count":0,"href":"https:\/\/babyvk.com\/es\/wp-json\/wp\/v2\/product\/22287\/revisions"}],"wp:featuredmedia":[{"embeddable":true,"href":"https:\/\/babyvk.com\/es\/wp-json\/wp\/v2\/media\/22291"}],"wp:attachment":[{"href":"https:\/\/babyvk.com\/es\/wp-json\/wp\/v2\/media?parent=22287"}],"wp:term":[{"taxonomy":"product_brand","embeddable":true,"href":"https:\/\/babyvk.com\/es\/wp-json\/wp\/v2\/product_brand?post=22287"},{"taxonomy":"product_cat","embeddable":true,"href":"https:\/\/babyvk.com\/es\/wp-json\/wp\/v2\/product_cat?post=22287"},{"taxonomy":"product_tag","embeddable":true,"href":"https:\/\/babyvk.com\/es\/wp-json\/wp\/v2\/product_tag?post=22287"}],"curies":[{"name":"wp","href":"https:\/\/api.w.org\/{rel}","templated":true}]}}