{"id":21973,"date":"2025-03-06T18:57:54","date_gmt":"2025-03-06T18:57:54","guid":{"rendered":"https:\/\/babyvk.com\/?post_type=product&#038;p=21973"},"modified":"2025-04-06T18:13:43","modified_gmt":"2025-04-06T18:13:43","slug":"folding-camping-chair-for-baby","status":"publish","type":"product","link":"https:\/\/babyvk.com\/es\/product\/folding-camping-chair-for-baby\/","title":{"rendered":"Silla de camping plegable para beb\u00e9"},"content":{"rendered":"<div data-elementor-type=\"product-post\" data-elementor-id=\"21973\" class=\"elementor elementor-21973\" data-elementor-post-type=\"product\">\n\t\t\t\t\t\t<section class=\"wd-negative-gap elementor-section elementor-top-section elementor-element elementor-element-456cce5 elementor-section-boxed elementor-section-height-default elementor-section-height-default\" data-id=\"456cce5\" data-element_type=\"section\">\n\t\t\t\t\t\t<div class=\"elementor-container elementor-column-gap-default\">\n\t\t\t\t\t<div class=\"elementor-column elementor-col-100 elementor-top-column elementor-element elementor-element-4b05e86\" data-id=\"4b05e86\" data-element_type=\"column\">\n\t\t\t<div class=\"elementor-widget-wrap elementor-element-populated\">\n\t\t\t\t\t\t<div class=\"elementor-element elementor-element-2affac9 color-scheme-inherit text-left elementor-widget elementor-widget-text-editor\" data-id=\"2affac9\" data-element_type=\"widget\" data-widget_type=\"text-editor.default\">\n\t\t\t\t<div class=\"elementor-widget-container\">\n\t\t\t\t\t\t\t\t\t<h3 data-start=\"0\" data-end=\"55\">Acerca de este art\u00edculo<\/h3><ol data-start=\"57\" data-end=\"623\" data-is-only-node=\"\" data-is-last-node=\"\"><li data-start=\"57\" data-end=\"149\"><strong data-start=\"60\" data-end=\"84\">Doblar y listo en un segundo<\/strong> - El dise\u00f1o de plegado r\u00e1pido facilita su almacenamiento y transporte a cualquier lugar.<\/li><li data-start=\"150\" data-end=\"267\"><strong data-start=\"153\" data-end=\"183\">Ligero y listo para viajar<\/strong> - Viene con una bolsa de transporte con correa para el hombro, perfecta para acampadas, picnics y viajes.<\/li><li data-start=\"268\" data-end=\"376\"><strong data-start=\"271\" data-end=\"296\">Creado para la comodidad<\/strong> - Bandeja de alimentaci\u00f3n extra\u00edble y sombrilla ajustable para un uso en exteriores sin complicaciones.<\/li><li data-start=\"377\" data-end=\"515\"><strong data-start=\"380\" data-end=\"397\">Seguro y resistente<\/strong> - El arn\u00e9s de 3 puntos y los materiales sin BPA garantizan seguridad y comodidad para beb\u00e9s de 6 meses a 3 a\u00f1os (hasta 37 lbs).<\/li><li data-start=\"516\" data-end=\"623\" data-is-last-node=\"\"><strong data-start=\"519\" data-end=\"544\">F\u00e1cil de limpiar y almacenar<\/strong> - Las superficies limpiables y un pr\u00e1ctico bolsillo de almacenamiento mantienen las cosas ordenadas y organizadas.<\/li><\/ol>\t\t\t\t\t\t\t\t<\/div>\n\t\t\t\t<\/div>\n\t\t\t\t\t<\/div>\n\t\t<\/div>\n\t\t\t\t\t<\/div>\n\t\t<\/section>\n\t\t\t\t<section class=\"wd-negative-gap elementor-section elementor-top-section elementor-element elementor-element-f627ae4 elementor-section-boxed elementor-section-height-default elementor-section-height-default\" data-id=\"f627ae4\" data-element_type=\"section\">\n\t\t\t\t\t\t<div class=\"elementor-container elementor-column-gap-default\">\n\t\t\t\t\t<div class=\"elementor-column elementor-col-100 elementor-top-column elementor-element elementor-element-d678168\" data-id=\"d678168\" data-element_type=\"column\">\n\t\t\t<div class=\"elementor-widget-wrap elementor-element-populated\">\n\t\t\t\t\t\t<div class=\"elementor-element elementor-element-381b645 elementor-widget elementor-widget-wd_image_or_svg\" data-id=\"381b645\" data-element_type=\"widget\" data-widget_type=\"wd_image_or_svg.default\">\n\t\t\t\t<div class=\"elementor-widget-container\">\n\t\t\t\t\t\n\t\t<div class=\"wd-image text-left\">\n\t\t\t\t\t\t\t\t<img fetchpriority=\"high\" decoding=\"async\" width=\"975\" height=\"1614\" src=\"https:\/\/babyvk.com\/wp-content\/uploads\/2025\/03\/kids-camping-chair.jpg\" class=\"attachment-full size-full wvs-archive-product-image\" alt=\"silla de camping para ni\u00f1os\" srcset=\"https:\/\/babyvk.com\/wp-content\/uploads\/2025\/03\/kids-camping-chair.jpg 975w, https:\/\/babyvk.com\/wp-content\/uploads\/2025\/03\/kids-camping-chair-181x300.jpg 181w, https:\/\/babyvk.com\/wp-content\/uploads\/2025\/03\/kids-camping-chair-483x800.jpg 483w, https:\/\/babyvk.com\/wp-content\/uploads\/2025\/03\/kids-camping-chair-768x1271.jpg 768w, https:\/\/babyvk.com\/wp-content\/uploads\/2025\/03\/kids-camping-chair-928x1536.jpg 928w, https:\/\/babyvk.com\/wp-content\/uploads\/2025\/03\/kids-camping-chair-860x1424.jpg 860w, https:\/\/babyvk.com\/wp-content\/uploads\/2025\/03\/kids-camping-chair-430x712.jpg 430w, https:\/\/babyvk.com\/wp-content\/uploads\/2025\/03\/kids-camping-chair-700x1159.jpg 700w, https:\/\/babyvk.com\/wp-content\/uploads\/2025\/03\/kids-camping-chair-100x166.jpg 100w\" sizes=\"(max-width: 975px) 100vw, 975px\" title=\"\">\t\t\t\t\t<\/div>\n\n\t\t\t\t\t\t<\/div>\n\t\t\t\t<\/div>\n\t\t\t\t\t<\/div>\n\t\t<\/div>\n\t\t\t\t\t<\/div>\n\t\t<\/section>\n\t\t\t\t<section class=\"wd-negative-gap elementor-section elementor-top-section elementor-element elementor-element-8362539 elementor-section-boxed elementor-section-height-default elementor-section-height-default\" data-id=\"8362539\" data-element_type=\"section\">\n\t\t\t\t\t\t<div class=\"elementor-container elementor-column-gap-default\">\n\t\t\t\t\t<div class=\"elementor-column elementor-col-100 elementor-top-column elementor-element elementor-element-53f2739\" data-id=\"53f2739\" data-element_type=\"column\">\n\t\t\t<div class=\"elementor-widget-wrap elementor-element-populated\">\n\t\t\t\t\t\t<div class=\"elementor-element elementor-element-284b25e elementor-widget elementor-widget-image\" data-id=\"284b25e\" data-element_type=\"widget\" data-widget_type=\"image.default\">\n\t\t\t\t<div class=\"elementor-widget-container\">\n\t\t\t\t\t\t\t\t\t\t\t\t\t\t\t<img decoding=\"async\" width=\"791\" height=\"1325\" src=\"https:\/\/babyvk.com\/wp-content\/themes\/woodmart\/images\/lazy.svg\" data-src=\"https:\/\/babyvk.com\/wp-content\/uploads\/2025\/03\/kids-camping-chairs-8-10.jpg\" class=\"wd-lazy-blur attachment-full size-full wp-image-21959 wvs-archive-product-image\" alt=\"silla de camping plegable\" srcset=\"\" data-srcset=\"https:\/\/babyvk.com\/wp-content\/uploads\/2025\/03\/kids-camping-chairs-8-10.jpg 791w, https:\/\/babyvk.com\/wp-content\/uploads\/2025\/03\/kids-camping-chairs-8-10-179x300.jpg 179w, https:\/\/babyvk.com\/wp-content\/uploads\/2025\/03\/kids-camping-chairs-8-10-478x800.jpg 478w, https:\/\/babyvk.com\/wp-content\/uploads\/2025\/03\/kids-camping-chairs-8-10-768x1286.jpg 768w, https:\/\/babyvk.com\/wp-content\/uploads\/2025\/03\/kids-camping-chairs-8-10-430x720.jpg 430w, https:\/\/babyvk.com\/wp-content\/uploads\/2025\/03\/kids-camping-chairs-8-10-700x1173.jpg 700w, https:\/\/babyvk.com\/wp-content\/uploads\/2025\/03\/kids-camping-chairs-8-10-100x168.jpg 100w\" sizes=\"(max-width: 791px) 100vw, 791px\" title=\"\">\t\t\t\t\t\t\t\t\t\t\t\t\t\t\t<\/div>\n\t\t\t\t<\/div>\n\t\t\t\t<div class=\"elementor-element elementor-element-a2235ec elementor-widget elementor-widget-image\" data-id=\"a2235ec\" data-element_type=\"widget\" data-widget_type=\"image.default\">\n\t\t\t\t<div class=\"elementor-widget-container\">\n\t\t\t\t\t\t\t\t\t\t\t\t\t\t\t<img decoding=\"async\" width=\"755\" height=\"357\" src=\"https:\/\/babyvk.com\/wp-content\/themes\/woodmart\/images\/lazy.svg\" data-src=\"https:\/\/babyvk.com\/wp-content\/uploads\/2025\/03\/kids-camping-chairs.png\" class=\"wd-lazy-blur attachment-large size-large wp-image-21960 wvs-archive-product-image\" alt=\"trona de camping para beb\u00e9\" srcset=\"\" data-srcset=\"https:\/\/babyvk.com\/wp-content\/uploads\/2025\/03\/kids-camping-chairs.png 755w, https:\/\/babyvk.com\/wp-content\/uploads\/2025\/03\/kids-camping-chairs-400x189.png 400w, https:\/\/babyvk.com\/wp-content\/uploads\/2025\/03\/kids-camping-chairs-430x203.png 430w, https:\/\/babyvk.com\/wp-content\/uploads\/2025\/03\/kids-camping-chairs-700x331.png 700w, https:\/\/babyvk.com\/wp-content\/uploads\/2025\/03\/kids-camping-chairs-100x47.png 100w\" sizes=\"(max-width: 755px) 100vw, 755px\" title=\"\">\t\t\t\t\t\t\t\t\t\t\t\t\t\t\t<\/div>\n\t\t\t\t<\/div>\n\t\t\t\t<div class=\"elementor-element elementor-element-5209439 elementor-widget elementor-widget-image\" data-id=\"5209439\" data-element_type=\"widget\" data-widget_type=\"image.default\">\n\t\t\t\t<div class=\"elementor-widget-container\">\n\t\t\t\t\t\t\t\t\t\t\t\t\t\t\t<img loading=\"lazy\" decoding=\"async\" width=\"800\" height=\"800\" src=\"https:\/\/babyvk.com\/wp-content\/themes\/woodmart\/images\/lazy.svg\" data-src=\"https:\/\/babyvk.com\/wp-content\/uploads\/2025\/03\/baby-camping-chair-with-tray-and-canopy.jpg\" class=\"wd-lazy-blur attachment-large size-large wp-image-21967 wvs-archive-product-image\" alt=\"silla de camping para beb\u00e9\" srcset=\"\" data-srcset=\"https:\/\/babyvk.com\/wp-content\/uploads\/2025\/03\/baby-camping-chair-with-tray-and-canopy.jpg 800w, https:\/\/babyvk.com\/wp-content\/uploads\/2025\/03\/baby-camping-chair-with-tray-and-canopy-300x300.jpg 300w, https:\/\/babyvk.com\/wp-content\/uploads\/2025\/03\/baby-camping-chair-with-tray-and-canopy-150x150.jpg 150w, https:\/\/babyvk.com\/wp-content\/uploads\/2025\/03\/baby-camping-chair-with-tray-and-canopy-768x768.jpg 768w, https:\/\/babyvk.com\/wp-content\/uploads\/2025\/03\/baby-camping-chair-with-tray-and-canopy-430x430.jpg 430w, https:\/\/babyvk.com\/wp-content\/uploads\/2025\/03\/baby-camping-chair-with-tray-and-canopy-700x700.jpg 700w, https:\/\/babyvk.com\/wp-content\/uploads\/2025\/03\/baby-camping-chair-with-tray-and-canopy-100x100.jpg 100w, https:\/\/babyvk.com\/wp-content\/uploads\/2025\/03\/baby-camping-chair-with-tray-and-canopy-50x50.jpg 50w\" sizes=\"(max-width: 800px) 100vw, 800px\" title=\"\">\t\t\t\t\t\t\t\t\t\t\t\t\t\t\t<\/div>\n\t\t\t\t<\/div>\n\t\t\t\t<div class=\"elementor-element elementor-element-7b1e5d2 elementor-widget elementor-widget-image\" data-id=\"7b1e5d2\" data-element_type=\"widget\" data-widget_type=\"image.default\">\n\t\t\t\t<div class=\"elementor-widget-container\">\n\t\t\t\t\t\t\t\t\t\t\t\t\t\t\t<img loading=\"lazy\" decoding=\"async\" width=\"771\" height=\"771\" src=\"https:\/\/babyvk.com\/wp-content\/themes\/woodmart\/images\/lazy.svg\" data-src=\"https:\/\/babyvk.com\/wp-content\/uploads\/2025\/03\/portable-camping-high-chair-for-baby.jpg\" class=\"wd-lazy-blur attachment-large size-large wp-image-21961 wvs-archive-product-image\" alt=\"silla de camping para beb\u00e9 con bandeja y capota\" srcset=\"\" data-srcset=\"https:\/\/babyvk.com\/wp-content\/uploads\/2025\/03\/portable-camping-high-chair-for-baby.jpg 771w, https:\/\/babyvk.com\/wp-content\/uploads\/2025\/03\/portable-camping-high-chair-for-baby-300x300.jpg 300w, https:\/\/babyvk.com\/wp-content\/uploads\/2025\/03\/portable-camping-high-chair-for-baby-150x150.jpg 150w, https:\/\/babyvk.com\/wp-content\/uploads\/2025\/03\/portable-camping-high-chair-for-baby-768x768.jpg 768w, https:\/\/babyvk.com\/wp-content\/uploads\/2025\/03\/portable-camping-high-chair-for-baby-430x430.jpg 430w, https:\/\/babyvk.com\/wp-content\/uploads\/2025\/03\/portable-camping-high-chair-for-baby-700x700.jpg 700w, https:\/\/babyvk.com\/wp-content\/uploads\/2025\/03\/portable-camping-high-chair-for-baby-100x100.jpg 100w, https:\/\/babyvk.com\/wp-content\/uploads\/2025\/03\/portable-camping-high-chair-for-baby-50x50.jpg 50w\" sizes=\"(max-width: 771px) 100vw, 771px\" title=\"\">\t\t\t\t\t\t\t\t\t\t\t\t\t\t\t<\/div>\n\t\t\t\t<\/div>\n\t\t\t\t\t<\/div>\n\t\t<\/div>\n\t\t\t\t\t<\/div>\n\t\t<\/section>\n\t\t\t\t<\/div>","protected":false},"excerpt":{"rendered":"<p>&#8220;<strong>\u00bfNecesita una silla de beb\u00e9 ligera y f\u00e1cil de transportar para viajar?<\/strong> La silla de camping plegable para beb\u00e9 es la soluci\u00f3n perfecta para los desplazamientos. Compre ahora y reciba el env\u00edo gratis\".<\/p>","protected":false},"featured_media":21972,"comment_status":"open","ping_status":"closed","template":"","meta":{"_acf_changed":false},"product_brand":[],"product_cat":[42],"product_tag":[952,953,951,950],"class_list":{"0":"post-21973","1":"product","2":"type-product","3":"status-publish","4":"has-post-thumbnail","6":"product_cat-best-travel-gear","7":"product_tag-baby-camping-chair","8":"product_tag-baby-camping-chair-with-umbrella","9":"product_tag-camping-chair-for-kids","10":"product_tag-folding-camping-chair","12":"first","13":"instock","14":"sale","15":"taxable","16":"shipping-taxable","17":"purchasable","18":"product-type-variable","19":"wvs-archive-product-wrapper"},"acf":[],"_links":{"self":[{"href":"https:\/\/babyvk.com\/es\/wp-json\/wp\/v2\/product\/21973","targetHints":{"allow":["GET"]}}],"collection":[{"href":"https:\/\/babyvk.com\/es\/wp-json\/wp\/v2\/product"}],"about":[{"href":"https:\/\/babyvk.com\/es\/wp-json\/wp\/v2\/types\/product"}],"replies":[{"embeddable":true,"href":"https:\/\/babyvk.com\/es\/wp-json\/wp\/v2\/comments?post=21973"}],"version-history":[{"count":0,"href":"https:\/\/babyvk.com\/es\/wp-json\/wp\/v2\/product\/21973\/revisions"}],"wp:featuredmedia":[{"embeddable":true,"href":"https:\/\/babyvk.com\/es\/wp-json\/wp\/v2\/media\/21972"}],"wp:attachment":[{"href":"https:\/\/babyvk.com\/es\/wp-json\/wp\/v2\/media?parent=21973"}],"wp:term":[{"taxonomy":"product_brand","embeddable":true,"href":"https:\/\/babyvk.com\/es\/wp-json\/wp\/v2\/product_brand?post=21973"},{"taxonomy":"product_cat","embeddable":true,"href":"https:\/\/babyvk.com\/es\/wp-json\/wp\/v2\/product_cat?post=21973"},{"taxonomy":"product_tag","embeddable":true,"href":"https:\/\/babyvk.com\/es\/wp-json\/wp\/v2\/product_tag?post=21973"}],"curies":[{"name":"wp","href":"https:\/\/api.w.org\/{rel}","templated":true}]}}