{"id":21437,"date":"2024-11-13T17:32:22","date_gmt":"2024-11-13T17:32:22","guid":{"rendered":"https:\/\/babyvk.com\/?post_type=product&#038;p=21437"},"modified":"2024-11-26T14:05:50","modified_gmt":"2024-11-26T14:05:50","slug":"baby-nest-lounger","status":"publish","type":"product","link":"https:\/\/babyvk.com\/es\/product\/baby-nest-lounger\/","title":{"rendered":"Tumbona Nido Con Correas"},"content":{"rendered":"<div data-elementor-type=\"product-post\" data-elementor-id=\"21437\" class=\"elementor elementor-21437\" data-elementor-post-type=\"product\">\n\t\t\t\t\t\t<section class=\"wd-negative-gap elementor-section elementor-top-section elementor-element elementor-element-3f89355 elementor-section-boxed elementor-section-height-default elementor-section-height-default\" data-id=\"3f89355\" data-element_type=\"section\">\n\t\t\t\t\t\t<div class=\"elementor-container elementor-column-gap-default\">\n\t\t\t\t\t<div class=\"elementor-column elementor-col-100 elementor-top-column elementor-element elementor-element-5ca6451\" data-id=\"5ca6451\" data-element_type=\"column\">\n\t\t\t<div class=\"elementor-widget-wrap elementor-element-populated\">\n\t\t\t\t\t\t<div class=\"elementor-element elementor-element-86397f6 color-scheme-inherit text-left elementor-widget elementor-widget-text-editor\" data-id=\"86397f6\" data-element_type=\"widget\" data-widget_type=\"text-editor.default\">\n\t\t\t\t<div class=\"elementor-widget-container\">\n\t\t\t\t\t\t\t\t\t<h2>Caracter\u00edsticas:<\/h2><ol><li><strong>Confort para todas las estaciones:<\/strong> El dise\u00f1o de 2 caras de la funda mantiene a tu beb\u00e9 fresco cuando hace calor y abrigado cuando hace fr\u00edo, \u00a1perfecto para cualquier estaci\u00f3n!<\/li><li><strong>Seguridad antiarranque:<\/strong> Equipado con un dise\u00f1o antiarranque y un cintur\u00f3n de manta para evitar que ruede, para que pueda descansar tranquilo.<\/li><li><strong>Esencial para m\u00faltiples usos:<\/strong> Util\u00edcelo como nido para beb\u00e9s, como asiento de suelo en superficies firmes o incluso como mois\u00e9s port\u00e1til: \u00a1todo depende de usted!<\/li><li><strong>Apoyo \u00f3ptimo:<\/strong> El algod\u00f3n de aire altamente el\u00e1stico proporciona un suave soporte para la cabeza, la columna vertebral, las caderas y las piernas del beb\u00e9, manteni\u00e9ndolo c\u00f3modo y tranquilo.<\/li><li><strong>Funda Easy-Care:<\/strong> Funda extra\u00edble y lavable a m\u00e1quina para una limpieza sin complicaciones, \u00a1porque sabemos lo ajetreada que puede ser la vida con un beb\u00e9!<\/li><\/ol>\t\t\t\t\t\t\t\t<\/div>\n\t\t\t\t<\/div>\n\t\t\t\t\t<\/div>\n\t\t<\/div>\n\t\t\t\t\t<\/div>\n\t\t<\/section>\n\t\t\t\t<section class=\"wd-negative-gap elementor-section elementor-top-section elementor-element elementor-element-7c5010b elementor-section-boxed elementor-section-height-default elementor-section-height-default\" data-id=\"7c5010b\" data-element_type=\"section\">\n\t\t\t\t\t\t<div class=\"elementor-container elementor-column-gap-default\">\n\t\t\t\t\t<div class=\"elementor-column elementor-col-100 elementor-top-column elementor-element elementor-element-b60c283\" data-id=\"b60c283\" data-element_type=\"column\">\n\t\t\t<div class=\"elementor-widget-wrap elementor-element-populated\">\n\t\t\t\t\t\t<div class=\"elementor-element elementor-element-9c16994 elementor-widget elementor-widget-wd_image_or_svg\" data-id=\"9c16994\" data-element_type=\"widget\" data-widget_type=\"wd_image_or_svg.default\">\n\t\t\t\t<div class=\"elementor-widget-container\">\n\t\t\t\t\t\n\t\t<div class=\"wd-image text-left\">\n\t\t\t\t\t\t\t\t<img fetchpriority=\"high\" decoding=\"async\" width=\"800\" height=\"800\" src=\"https:\/\/babyvk.com\/wp-content\/uploads\/2024\/11\/baby-nest-with-incline.png\" class=\"attachment-full size-full wvs-archive-product-image\" alt=\"nido de beb\u00e9 con almohada\" srcset=\"https:\/\/babyvk.com\/wp-content\/uploads\/2024\/11\/baby-nest-with-incline.png 800w, https:\/\/babyvk.com\/wp-content\/uploads\/2024\/11\/baby-nest-with-incline-300x300.png 300w, https:\/\/babyvk.com\/wp-content\/uploads\/2024\/11\/baby-nest-with-incline-150x150.png 150w, https:\/\/babyvk.com\/wp-content\/uploads\/2024\/11\/baby-nest-with-incline-768x768.png 768w, https:\/\/babyvk.com\/wp-content\/uploads\/2024\/11\/baby-nest-with-incline-430x430.png 430w, https:\/\/babyvk.com\/wp-content\/uploads\/2024\/11\/baby-nest-with-incline-700x700.png 700w, https:\/\/babyvk.com\/wp-content\/uploads\/2024\/11\/baby-nest-with-incline-100x100.png 100w, https:\/\/babyvk.com\/wp-content\/uploads\/2024\/11\/baby-nest-with-incline-50x50.png 50w\" sizes=\"(max-width: 800px) 100vw, 800px\" title=\"\">\t\t\t\t\t<\/div>\n\n\t\t\t\t\t\t<\/div>\n\t\t\t\t<\/div>\n\t\t\t\t\t<\/div>\n\t\t<\/div>\n\t\t\t\t\t<\/div>\n\t\t<\/section>\n\t\t\t\t<section class=\"wd-negative-gap elementor-section elementor-top-section elementor-element elementor-element-7890c27 elementor-section-boxed elementor-section-height-default elementor-section-height-default\" data-id=\"7890c27\" data-element_type=\"section\">\n\t\t\t\t\t\t<div class=\"elementor-container elementor-column-gap-default\">\n\t\t\t\t\t<div class=\"elementor-column elementor-col-100 elementor-top-column elementor-element elementor-element-65876cc\" data-id=\"65876cc\" data-element_type=\"column\">\n\t\t\t<div class=\"elementor-widget-wrap elementor-element-populated\">\n\t\t\t\t\t\t<div class=\"elementor-element elementor-element-ee83971 elementor-widget elementor-widget-wd_image_or_svg\" data-id=\"ee83971\" data-element_type=\"widget\" data-widget_type=\"wd_image_or_svg.default\">\n\t\t\t\t<div class=\"elementor-widget-container\">\n\t\t\t\t\t\n\t\t<div class=\"wd-image text-left\">\n\t\t\t\t\t\t\t\t<img decoding=\"async\" width=\"800\" height=\"800\" src=\"https:\/\/babyvk.com\/wp-content\/uploads\/2024\/11\/baby-nest-pillow.png\" class=\"attachment-full size-full wvs-archive-product-image\" alt=\"almohada tumbona para reci\u00e9n nacido\" srcset=\"https:\/\/babyvk.com\/wp-content\/uploads\/2024\/11\/baby-nest-pillow.png 800w, https:\/\/babyvk.com\/wp-content\/uploads\/2024\/11\/baby-nest-pillow-300x300.png 300w, https:\/\/babyvk.com\/wp-content\/uploads\/2024\/11\/baby-nest-pillow-150x150.png 150w, https:\/\/babyvk.com\/wp-content\/uploads\/2024\/11\/baby-nest-pillow-768x768.png 768w, https:\/\/babyvk.com\/wp-content\/uploads\/2024\/11\/baby-nest-pillow-430x430.png 430w, https:\/\/babyvk.com\/wp-content\/uploads\/2024\/11\/baby-nest-pillow-700x700.png 700w, https:\/\/babyvk.com\/wp-content\/uploads\/2024\/11\/baby-nest-pillow-100x100.png 100w, https:\/\/babyvk.com\/wp-content\/uploads\/2024\/11\/baby-nest-pillow-50x50.png 50w\" sizes=\"(max-width: 800px) 100vw, 800px\" title=\"\">\t\t\t\t\t<\/div>\n\n\t\t\t\t\t\t<\/div>\n\t\t\t\t<\/div>\n\t\t\t\t\t<\/div>\n\t\t<\/div>\n\t\t\t\t\t<\/div>\n\t\t<\/section>\n\t\t\t\t<section class=\"wd-negative-gap elementor-section elementor-top-section elementor-element elementor-element-8c089dc elementor-section-boxed elementor-section-height-default elementor-section-height-default\" data-id=\"8c089dc\" data-element_type=\"section\">\n\t\t\t\t\t\t<div class=\"elementor-container elementor-column-gap-default\">\n\t\t\t\t\t<div class=\"elementor-column elementor-col-50 elementor-top-column elementor-element elementor-element-1b62675\" data-id=\"1b62675\" data-element_type=\"column\">\n\t\t\t<div class=\"elementor-widget-wrap elementor-element-populated\">\n\t\t\t\t\t\t<div class=\"elementor-element elementor-element-de25edc elementor-widget elementor-widget-wd_image_or_svg\" data-id=\"de25edc\" data-element_type=\"widget\" data-widget_type=\"wd_image_or_svg.default\">\n\t\t\t\t<div class=\"elementor-widget-container\">\n\t\t\t\t\t\n\t\t<div class=\"wd-image text-left\">\n\t\t\t\t\t\t\t\t<img decoding=\"async\" width=\"800\" height=\"800\" src=\"https:\/\/babyvk.com\/wp-content\/uploads\/2024\/11\/baby-nest.png\" class=\"attachment-full size-full wvs-archive-product-image\" alt=\"tumbona infantil\" srcset=\"https:\/\/babyvk.com\/wp-content\/uploads\/2024\/11\/baby-nest.png 800w, https:\/\/babyvk.com\/wp-content\/uploads\/2024\/11\/baby-nest-300x300.png 300w, https:\/\/babyvk.com\/wp-content\/uploads\/2024\/11\/baby-nest-150x150.png 150w, https:\/\/babyvk.com\/wp-content\/uploads\/2024\/11\/baby-nest-768x768.png 768w, https:\/\/babyvk.com\/wp-content\/uploads\/2024\/11\/baby-nest-430x430.png 430w, https:\/\/babyvk.com\/wp-content\/uploads\/2024\/11\/baby-nest-700x700.png 700w, https:\/\/babyvk.com\/wp-content\/uploads\/2024\/11\/baby-nest-100x100.png 100w, https:\/\/babyvk.com\/wp-content\/uploads\/2024\/11\/baby-nest-50x50.png 50w\" sizes=\"(max-width: 800px) 100vw, 800px\" title=\"\">\t\t\t\t\t<\/div>\n\n\t\t\t\t\t\t<\/div>\n\t\t\t\t<\/div>\n\t\t\t\t\t<\/div>\n\t\t<\/div>\n\t\t\t\t<div class=\"elementor-column elementor-col-50 elementor-top-column elementor-element elementor-element-5e4d528\" data-id=\"5e4d528\" data-element_type=\"column\">\n\t\t\t<div class=\"elementor-widget-wrap elementor-element-populated\">\n\t\t\t\t\t\t<div class=\"elementor-element elementor-element-a0fad2e elementor-widget elementor-widget-wd_image_or_svg\" data-id=\"a0fad2e\" data-element_type=\"widget\" data-widget_type=\"wd_image_or_svg.default\">\n\t\t\t\t<div class=\"elementor-widget-container\">\n\t\t\t\t\t\n\t\t<div class=\"wd-image text-left\">\n\t\t\t\t\t\t\t\t<img loading=\"lazy\" decoding=\"async\" width=\"800\" height=\"800\" src=\"https:\/\/babyvk.com\/wp-content\/uploads\/2024\/11\/baby-nest-cover.png\" class=\"attachment-full size-full wvs-archive-product-image\" alt=\"tumbona nido de beb\u00e9\" srcset=\"https:\/\/babyvk.com\/wp-content\/uploads\/2024\/11\/baby-nest-cover.png 800w, https:\/\/babyvk.com\/wp-content\/uploads\/2024\/11\/baby-nest-cover-300x300.png 300w, https:\/\/babyvk.com\/wp-content\/uploads\/2024\/11\/baby-nest-cover-150x150.png 150w, https:\/\/babyvk.com\/wp-content\/uploads\/2024\/11\/baby-nest-cover-768x768.png 768w, https:\/\/babyvk.com\/wp-content\/uploads\/2024\/11\/baby-nest-cover-430x430.png 430w, https:\/\/babyvk.com\/wp-content\/uploads\/2024\/11\/baby-nest-cover-700x700.png 700w, https:\/\/babyvk.com\/wp-content\/uploads\/2024\/11\/baby-nest-cover-100x100.png 100w, https:\/\/babyvk.com\/wp-content\/uploads\/2024\/11\/baby-nest-cover-50x50.png 50w\" sizes=\"(max-width: 800px) 100vw, 800px\" title=\"\">\t\t\t\t\t<\/div>\n\n\t\t\t\t\t\t<\/div>\n\t\t\t\t<\/div>\n\t\t\t\t\t<\/div>\n\t\t<\/div>\n\t\t\t\t\t<\/div>\n\t\t<\/section>\n\t\t\t\t<section class=\"wd-negative-gap elementor-section elementor-top-section elementor-element elementor-element-fbad5ca elementor-section-boxed elementor-section-height-default elementor-section-height-default\" data-id=\"fbad5ca\" data-element_type=\"section\">\n\t\t\t\t\t\t<div class=\"elementor-container elementor-column-gap-default\">\n\t\t\t\t\t<div class=\"elementor-column elementor-col-100 elementor-top-column elementor-element elementor-element-2562cea\" data-id=\"2562cea\" data-element_type=\"column\">\n\t\t\t<div class=\"elementor-widget-wrap elementor-element-populated\">\n\t\t\t\t\t\t<div class=\"elementor-element elementor-element-b4a8c0d color-scheme-inherit text-left elementor-widget elementor-widget-text-editor\" data-id=\"b4a8c0d\" data-element_type=\"widget\" data-widget_type=\"text-editor.default\">\n\t\t\t\t<div class=\"elementor-widget-container\">\n\t\t\t\t\t\t\t\t\t<h2>Especificaciones:<\/h2><ul><li>Nombre del producto: Almohada tumbona infantil<\/li><li>Material: Algod\u00f3n de aire altamente el\u00e1stico, cubierta de tela suave<\/li><li>Dimensiones: 41 x 23,6 x 4,3 pulgadas \/ 104 x 60 x 11 cm<\/li><li>Edades: Reci\u00e9n nacido a 12 meses<\/li><\/ul>\t\t\t\t\t\t\t\t<\/div>\n\t\t\t\t<\/div>\n\t\t\t\t\t<\/div>\n\t\t<\/div>\n\t\t\t\t\t<\/div>\n\t\t<\/section>\n\t\t\t\t<section class=\"wd-negative-gap elementor-section elementor-top-section elementor-element elementor-element-fb911fa elementor-section-boxed elementor-section-height-default elementor-section-height-default\" data-id=\"fb911fa\" data-element_type=\"section\">\n\t\t\t\t\t\t<div class=\"elementor-container elementor-column-gap-default\">\n\t\t\t\t\t<div class=\"elementor-column elementor-col-50 elementor-top-column elementor-element elementor-element-ef9c007\" data-id=\"ef9c007\" data-element_type=\"column\">\n\t\t\t<div class=\"elementor-widget-wrap elementor-element-populated\">\n\t\t\t\t\t\t<div class=\"elementor-element elementor-element-fcf19c3 elementor-widget elementor-widget-wd_image_or_svg\" data-id=\"fcf19c3\" data-element_type=\"widget\" data-widget_type=\"wd_image_or_svg.default\">\n\t\t\t\t<div class=\"elementor-widget-container\">\n\t\t\t\t\t\n\t\t<div class=\"wd-image text-left\">\n\t\t\t\t\t\t\t\t<img loading=\"lazy\" decoding=\"async\" width=\"800\" height=\"800\" src=\"https:\/\/babyvk.com\/wp-content\/uploads\/2024\/11\/baby-nest-with-pillow.jpg\" class=\"attachment-full size-full wvs-archive-product-image\" alt=\"nido de beb\u00e9 con correas\" srcset=\"https:\/\/babyvk.com\/wp-content\/uploads\/2024\/11\/baby-nest-with-pillow.jpg 800w, https:\/\/babyvk.com\/wp-content\/uploads\/2024\/11\/baby-nest-with-pillow-300x300.jpg 300w, https:\/\/babyvk.com\/wp-content\/uploads\/2024\/11\/baby-nest-with-pillow-150x150.jpg 150w, https:\/\/babyvk.com\/wp-content\/uploads\/2024\/11\/baby-nest-with-pillow-768x768.jpg 768w, https:\/\/babyvk.com\/wp-content\/uploads\/2024\/11\/baby-nest-with-pillow-430x430.jpg 430w, https:\/\/babyvk.com\/wp-content\/uploads\/2024\/11\/baby-nest-with-pillow-700x700.jpg 700w, https:\/\/babyvk.com\/wp-content\/uploads\/2024\/11\/baby-nest-with-pillow-100x100.jpg 100w, https:\/\/babyvk.com\/wp-content\/uploads\/2024\/11\/baby-nest-with-pillow-50x50.jpg 50w\" sizes=\"(max-width: 800px) 100vw, 800px\" title=\"\">\t\t\t\t\t<\/div>\n\n\t\t\t\t\t\t<\/div>\n\t\t\t\t<\/div>\n\t\t\t\t\t<\/div>\n\t\t<\/div>\n\t\t\t\t<div class=\"elementor-column elementor-col-50 elementor-top-column elementor-element elementor-element-0e75e7b\" data-id=\"0e75e7b\" data-element_type=\"column\">\n\t\t\t<div class=\"elementor-widget-wrap elementor-element-populated\">\n\t\t\t\t\t\t<div class=\"elementor-element elementor-element-c7aa738 elementor-widget elementor-widget-wd_image_or_svg\" data-id=\"c7aa738\" data-element_type=\"widget\" data-widget_type=\"wd_image_or_svg.default\">\n\t\t\t\t<div class=\"elementor-widget-container\">\n\t\t\t\t\t\n\t\t<div class=\"wd-image text-left\">\n\t\t\t\t\t\t\t\t<img loading=\"lazy\" decoding=\"async\" width=\"800\" height=\"800\" src=\"https:\/\/babyvk.com\/wp-content\/uploads\/2024\/11\/baby-nester.jpg\" class=\"attachment-full size-full wvs-archive-product-image\" alt=\"nido de beb\u00e9 con inclinaci\u00f3n\" srcset=\"https:\/\/babyvk.com\/wp-content\/uploads\/2024\/11\/baby-nester.jpg 800w, https:\/\/babyvk.com\/wp-content\/uploads\/2024\/11\/baby-nester-300x300.jpg 300w, https:\/\/babyvk.com\/wp-content\/uploads\/2024\/11\/baby-nester-150x150.jpg 150w, https:\/\/babyvk.com\/wp-content\/uploads\/2024\/11\/baby-nester-768x768.jpg 768w, https:\/\/babyvk.com\/wp-content\/uploads\/2024\/11\/baby-nester-430x430.jpg 430w, https:\/\/babyvk.com\/wp-content\/uploads\/2024\/11\/baby-nester-700x700.jpg 700w, https:\/\/babyvk.com\/wp-content\/uploads\/2024\/11\/baby-nester-100x100.jpg 100w, https:\/\/babyvk.com\/wp-content\/uploads\/2024\/11\/baby-nester-50x50.jpg 50w\" sizes=\"(max-width: 800px) 100vw, 800px\" title=\"\">\t\t\t\t\t<\/div>\n\n\t\t\t\t\t\t<\/div>\n\t\t\t\t<\/div>\n\t\t\t\t\t<\/div>\n\t\t<\/div>\n\t\t\t\t\t<\/div>\n\t\t<\/section>\n\t\t\t\t<section class=\"wd-negative-gap elementor-section elementor-top-section elementor-element elementor-element-9c8490b elementor-section-boxed elementor-section-height-default elementor-section-height-default\" data-id=\"9c8490b\" data-element_type=\"section\">\n\t\t\t\t\t\t<div class=\"elementor-container elementor-column-gap-default\">\n\t\t\t\t\t<div class=\"elementor-column elementor-col-100 elementor-top-column elementor-element elementor-element-1ed5f7e\" data-id=\"1ed5f7e\" data-element_type=\"column\">\n\t\t\t<div class=\"elementor-widget-wrap elementor-element-populated\">\n\t\t\t\t\t\t<div class=\"elementor-element elementor-element-308ce56 color-scheme-inherit text-left elementor-widget elementor-widget-text-editor\" data-id=\"308ce56\" data-element_type=\"widget\" data-widget_type=\"text-editor.default\">\n\t\t\t\t<div class=\"elementor-widget-container\">\n\t\t\t\t\t\t\t\t\t<h2>Paquete:<\/h2><ul><li>1 Almohada infantil<\/li><li>1 Plataforma inclinada<\/li><li>1 Columna de descompresi\u00f3n<\/li><\/ul>\t\t\t\t\t\t\t\t<\/div>\n\t\t\t\t<\/div>\n\t\t\t\t\t<\/div>\n\t\t<\/div>\n\t\t\t\t\t<\/div>\n\t\t<\/section>\n\t\t\t\t<section class=\"wd-negative-gap elementor-section elementor-top-section elementor-element elementor-element-1506de9 elementor-section-boxed elementor-section-height-default elementor-section-height-default\" data-id=\"1506de9\" data-element_type=\"section\">\n\t\t\t\t\t\t<div class=\"elementor-container elementor-column-gap-default\">\n\t\t\t\t\t<div class=\"elementor-column elementor-col-100 elementor-top-column elementor-element elementor-element-4affea6\" data-id=\"4affea6\" data-element_type=\"column\">\n\t\t\t<div class=\"elementor-widget-wrap elementor-element-populated\">\n\t\t\t\t\t\t<div class=\"elementor-element elementor-element-c711fd3 color-scheme-inherit text-left elementor-widget elementor-widget-text-editor\" data-id=\"c711fd3\" data-element_type=\"widget\" data-widget_type=\"text-editor.default\">\n\t\t\t\t<div class=\"elementor-widget-container\">\n\t\t\t\t\t\t\t\t\t<h2>Notas:<\/h2><p>Tenga en cuenta que esta tumbona est\u00e1 dise\u00f1ada para un uso supervisado \u00fanicamente en superficies planas y firmes. No deje nunca a su beb\u00e9 desatendido mientras utiliza este producto. Disfrute de la tranquilidad y la felicidad de su beb\u00e9 con nuestra tumbona infantil.<\/p>\t\t\t\t\t\t\t\t<\/div>\n\t\t\t\t<\/div>\n\t\t\t\t\t<\/div>\n\t\t<\/div>\n\t\t\t\t\t<\/div>\n\t\t<\/section>\n\t\t\t\t<\/div>","protected":false},"excerpt":{"rendered":"<p>\"Mantenga a su beb\u00e9 sano y salvo con la tumbona Baby Nest. Dise\u00f1ada para evitar sobresaltos y reflujos, asegurando siestas tranquilas. Compre ahora para mayor comodidad\".<\/p>","protected":false},"featured_media":21458,"comment_status":"open","ping_status":"closed","template":"","meta":{"_acf_changed":false},"product_brand":[],"product_cat":[29],"product_tag":[940,942,943,939,941],"class_list":{"0":"post-21437","1":"product","2":"type-product","3":"status-publish","4":"has-post-thumbnail","6":"product_cat-best-baby-care","7":"product_tag-baby-lounger-pillow","8":"product_tag-baby-nest-bed","9":"product_tag-baby-nest-for-co-sleeping","10":"product_tag-baby-nest-lounger","11":"product_tag-baby-nest-with-belt","13":"first","14":"outofstock","15":"sale","16":"taxable","17":"shipping-taxable","18":"purchasable","19":"product-type-variable","20":"wvs-archive-product-wrapper"},"acf":[],"_links":{"self":[{"href":"https:\/\/babyvk.com\/es\/wp-json\/wp\/v2\/product\/21437","targetHints":{"allow":["GET"]}}],"collection":[{"href":"https:\/\/babyvk.com\/es\/wp-json\/wp\/v2\/product"}],"about":[{"href":"https:\/\/babyvk.com\/es\/wp-json\/wp\/v2\/types\/product"}],"replies":[{"embeddable":true,"href":"https:\/\/babyvk.com\/es\/wp-json\/wp\/v2\/comments?post=21437"}],"version-history":[{"count":0,"href":"https:\/\/babyvk.com\/es\/wp-json\/wp\/v2\/product\/21437\/revisions"}],"wp:featuredmedia":[{"embeddable":true,"href":"https:\/\/babyvk.com\/es\/wp-json\/wp\/v2\/media\/21458"}],"wp:attachment":[{"href":"https:\/\/babyvk.com\/es\/wp-json\/wp\/v2\/media?parent=21437"}],"wp:term":[{"taxonomy":"product_brand","embeddable":true,"href":"https:\/\/babyvk.com\/es\/wp-json\/wp\/v2\/product_brand?post=21437"},{"taxonomy":"product_cat","embeddable":true,"href":"https:\/\/babyvk.com\/es\/wp-json\/wp\/v2\/product_cat?post=21437"},{"taxonomy":"product_tag","embeddable":true,"href":"https:\/\/babyvk.com\/es\/wp-json\/wp\/v2\/product_tag?post=21437"}],"curies":[{"name":"wp","href":"https:\/\/api.w.org\/{rel}","templated":true}]}}