{"id":21191,"date":"2024-10-18T07:44:48","date_gmt":"2024-10-18T07:44:48","guid":{"rendered":"https:\/\/babyvk.com\/?post_type=product&#038;p=21191"},"modified":"2025-06-22T03:32:06","modified_gmt":"2025-06-22T03:32:06","slug":"baby-formula-container-to-go","status":"publish","type":"product","link":"https:\/\/babyvk.com\/es\/product\/baby-formula-container-to-go\/","title":{"rendered":"Contenedor de leche maternizada To Go"},"content":{"rendered":"<div data-elementor-type=\"product-post\" data-elementor-id=\"21191\" class=\"elementor elementor-21191\" data-elementor-post-type=\"product\">\n\t\t\t\t\t\t<section class=\"wd-negative-gap elementor-section elementor-top-section elementor-element elementor-element-c5909ca elementor-section-boxed elementor-section-height-default elementor-section-height-default\" data-id=\"c5909ca\" data-element_type=\"section\">\n\t\t\t\t\t\t<div class=\"elementor-container elementor-column-gap-default\">\n\t\t\t\t\t<div class=\"elementor-column elementor-col-100 elementor-top-column elementor-element elementor-element-e60aa3f\" data-id=\"e60aa3f\" data-element_type=\"column\">\n\t\t\t<div class=\"elementor-widget-wrap elementor-element-populated\">\n\t\t\t\t\t\t<div class=\"elementor-element elementor-element-cb800c9 color-scheme-inherit text-left elementor-widget elementor-widget-text-editor\" data-id=\"cb800c9\" data-element_type=\"widget\" data-widget_type=\"text-editor.default\">\n\t\t\t\t<div class=\"elementor-widget-container\">\n\t\t\t\t\t\t\t\t\t<h2>Caracter\u00edsticas:<\/h2><ol class=\"a-unordered-list a-vertical a-spacing-mini\"><li class=\"a-spacing-mini\"><span class=\"a-list-item\">Incluye recipientes de almacenamiento de alimentos para beb\u00e9s de 4 capas con capacidad suficiente para sus necesidades de uso. Cada capa puede contener alrededor de 35-40 g. Cada paquete de recipiente dispensador de f\u00f3rmula con actividades de 4 capas que puede contener alrededor de 175-200 g.<\/span><\/li><li class=\"a-spacing-mini\"><span class=\"a-list-item\">Esta caja de polvos de leche para beb\u00e9s mide 7,5 cm x 22 cm (2,95 x 8,85 pulgadas), es compacta y port\u00e1til, ideal para el cuidado de los ni\u00f1os, la guarder\u00eda, el hogar y los desplazamientos.Material de PP sin BPA de primera calidad, apto para lavavajillas.<\/span><\/li><li class=\"a-spacing-mini\"><span class=\"a-list-item\">Adem\u00e1s de la leche maternizada en polvo, el generoso espacio de almacenamiento permite utilizar el dispensador tambi\u00e9n para frutas, aperitivos, comida s\u00f3lida para beb\u00e9s y accesorios como chupetes, pezoneras y tetinas de biber\u00f3n.<\/span><\/li><li class=\"a-spacing-mini\"><span class=\"a-list-item\">F\u00e1cil de separar los compartimentos y la tapa para limpiar despu\u00e9s de su uso.Huella estrecha significa que se puede almacenar f\u00e1cilmente en bolsas de cochecito y la botella y la taza de caf\u00e9 \/ portabebidas.<\/span><\/li><li class=\"a-spacing-mini\"><span class=\"a-list-item\">Los 4 compartimentos de este dispensador de leche en polvo se pueden combinar en orden diferente y en cualquier n\u00famero, y cada capa tambi\u00e9n se puede sacar y utilizar de forma independiente.<\/span><\/li><\/ol>\t\t\t\t\t\t\t\t<\/div>\n\t\t\t\t<\/div>\n\t\t\t\t\t<\/div>\n\t\t<\/div>\n\t\t\t\t\t<\/div>\n\t\t<\/section>\n\t\t\t\t<section class=\"wd-negative-gap elementor-section elementor-top-section elementor-element elementor-element-4e45fc1 elementor-section-boxed elementor-section-height-default elementor-section-height-default\" data-id=\"4e45fc1\" data-element_type=\"section\">\n\t\t\t\t\t\t<div class=\"elementor-container elementor-column-gap-default\">\n\t\t\t\t\t<div class=\"elementor-column elementor-col-100 elementor-top-column elementor-element elementor-element-48a53b7\" data-id=\"48a53b7\" data-element_type=\"column\">\n\t\t\t<div class=\"elementor-widget-wrap elementor-element-populated\">\n\t\t\t\t\t\t<div class=\"elementor-element elementor-element-6da4a00 color-scheme-inherit text-left elementor-widget elementor-widget-text-editor\" data-id=\"6da4a00\" data-element_type=\"widget\" data-widget_type=\"text-editor.default\">\n\t\t\t\t<div class=\"elementor-widget-container\">\n\t\t\t\t\t\t\t\t\t<h2>Especificaciones:<\/h2><ul><li>Tama\u00f1o: 7,5 cm x 22 cm (2,95 x 8,85 pulgadas).<\/li><li>Paquete: 1 paquete (4 capas).<\/li><li>Capacidad: Cada capa puede contener alrededor de 35-40g.Each paquete de envase dispensador de f\u00f3rmula con actividades de 4 capas que puede contener alrededor de 175-200g.<\/li><\/ul>\t\t\t\t\t\t\t\t<\/div>\n\t\t\t\t<\/div>\n\t\t\t\t\t<\/div>\n\t\t<\/div>\n\t\t\t\t\t<\/div>\n\t\t<\/section>\n\t\t\t\t<section class=\"wd-negative-gap elementor-section elementor-top-section elementor-element elementor-element-b66fc99 elementor-section-boxed elementor-section-height-default elementor-section-height-default\" data-id=\"b66fc99\" data-element_type=\"section\">\n\t\t\t\t\t\t<div class=\"elementor-container elementor-column-gap-default\">\n\t\t\t\t\t<div class=\"elementor-column elementor-col-100 elementor-top-column elementor-element elementor-element-55a75f9\" data-id=\"55a75f9\" data-element_type=\"column\">\n\t\t\t<div class=\"elementor-widget-wrap elementor-element-populated\">\n\t\t\t\t\t\t<div class=\"elementor-element elementor-element-e697049 color-scheme-inherit text-left elementor-widget elementor-widget-text-editor\" data-id=\"e697049\" data-element_type=\"widget\" data-widget_type=\"text-editor.default\">\n\t\t\t\t<div class=\"elementor-widget-container\">\n\t\t\t\t\t\t\t\t\t<h2>Nota:<\/h2><ol><li>El color de la foto puede variar ligeramente debido a la iluminaci\u00f3n y la pantalla diferente.<\/li><li>Por favor, permita 1-3 cm de desviaci\u00f3n debido a la medici\u00f3n manual.<\/li><\/ol>\t\t\t\t\t\t\t\t<\/div>\n\t\t\t\t<\/div>\n\t\t\t\t\t<\/div>\n\t\t<\/div>\n\t\t\t\t\t<\/div>\n\t\t<\/section>\n\t\t\t\t<\/div>","protected":false},"excerpt":{"rendered":"<p>Features: Includes 4-Layer Baby Food Storage Containers With Enough Capacity For Your Usage Needs.Each Layer Can Hold About 35-40g.Each Pack<\/p>","protected":false},"featured_media":21186,"comment_status":"open","ping_status":"closed","template":"","meta":{"_acf_changed":false},"product_brand":[],"product_cat":[508],"product_tag":[856,854,932,931,855,933],"class_list":{"0":"post-21191","1":"product","2":"type-product","3":"status-publish","4":"has-post-thumbnail","6":"product_cat-best-baby-feeding","7":"product_tag-baby-formula-container","8":"product_tag-baby-formula-dispenser","9":"product_tag-baby-snack-containers","10":"product_tag-formula-container-to-go","11":"product_tag-formula-dispenser-on-the-go","12":"product_tag-travel-formula-container","14":"first","15":"instock","16":"sale","17":"taxable","18":"shipping-taxable","19":"purchasable","20":"product-type-variable","21":"wvs-archive-product-wrapper"},"acf":[],"_links":{"self":[{"href":"https:\/\/babyvk.com\/es\/wp-json\/wp\/v2\/product\/21191","targetHints":{"allow":["GET"]}}],"collection":[{"href":"https:\/\/babyvk.com\/es\/wp-json\/wp\/v2\/product"}],"about":[{"href":"https:\/\/babyvk.com\/es\/wp-json\/wp\/v2\/types\/product"}],"replies":[{"embeddable":true,"href":"https:\/\/babyvk.com\/es\/wp-json\/wp\/v2\/comments?post=21191"}],"version-history":[{"count":1,"href":"https:\/\/babyvk.com\/es\/wp-json\/wp\/v2\/product\/21191\/revisions"}],"predecessor-version":[{"id":24852,"href":"https:\/\/babyvk.com\/es\/wp-json\/wp\/v2\/product\/21191\/revisions\/24852"}],"wp:featuredmedia":[{"embeddable":true,"href":"https:\/\/babyvk.com\/es\/wp-json\/wp\/v2\/media\/21186"}],"wp:attachment":[{"href":"https:\/\/babyvk.com\/es\/wp-json\/wp\/v2\/media?parent=21191"}],"wp:term":[{"taxonomy":"product_brand","embeddable":true,"href":"https:\/\/babyvk.com\/es\/wp-json\/wp\/v2\/product_brand?post=21191"},{"taxonomy":"product_cat","embeddable":true,"href":"https:\/\/babyvk.com\/es\/wp-json\/wp\/v2\/product_cat?post=21191"},{"taxonomy":"product_tag","embeddable":true,"href":"https:\/\/babyvk.com\/es\/wp-json\/wp\/v2\/product_tag?post=21191"}],"curies":[{"name":"wp","href":"https:\/\/api.w.org\/{rel}","templated":true}]}}