{"id":20978,"date":"2024-09-12T13:34:08","date_gmt":"2024-09-12T13:34:08","guid":{"rendered":"https:\/\/babyvk.com\/?post_type=product&#038;p=20978"},"modified":"2026-01-14T02:07:24","modified_gmt":"2026-01-14T02:07:24","slug":"glass-baby-bottle-4-2oz-120ml","status":"publish","type":"product","link":"https:\/\/babyvk.com\/es\/product\/glass-baby-bottle-4-2oz-120ml\/","title":{"rendered":"Biber\u00f3n de vidrio 4.2oz\/120ml"},"content":{"rendered":"<div data-elementor-type=\"product-post\" data-elementor-id=\"20978\" class=\"elementor elementor-20978\" data-elementor-post-type=\"product\">\n\t\t\t\t\t\t<section class=\"wd-negative-gap elementor-section elementor-top-section elementor-element elementor-element-d28830b elementor-section-boxed elementor-section-height-default elementor-section-height-default\" data-id=\"d28830b\" data-element_type=\"section\">\n\t\t\t\t\t\t<div class=\"elementor-container elementor-column-gap-default\">\n\t\t\t\t\t<div class=\"elementor-column elementor-col-100 elementor-top-column elementor-element elementor-element-edeb7da\" data-id=\"edeb7da\" data-element_type=\"column\">\n\t\t\t<div class=\"elementor-widget-wrap elementor-element-populated\">\n\t\t\t\t\t\t<div class=\"elementor-element elementor-element-238cafe color-scheme-inherit text-left elementor-widget elementor-widget-text-editor\" data-id=\"238cafe\" data-element_type=\"widget\" data-widget_type=\"text-editor.default\">\n\t\t\t\t<div class=\"elementor-widget-container\">\n\t\t\t\t\t\t\t\t\t<p>Haz que la hora de comer sea m\u00e1s f\u00e1cil y segura con nuestro biber\u00f3n de cristal (120 ml). Dise\u00f1ado para ofrecer versatilidad, incluye una cuchara y una tetina para las distintas etapas de la alimentaci\u00f3n, adem\u00e1s de una bonita funda protectora con forma de vaca para evitar que se rompa. No m\u00e1s preocupaciones, \u00a1s\u00f3lo feliz alimentaci\u00f3n! \ud83c\udf7c\ud83d\udc04\u2728<\/p>\t\t\t\t\t\t\t\t<\/div>\n\t\t\t\t<\/div>\n\t\t\t\t\t<\/div>\n\t\t<\/div>\n\t\t\t\t\t<\/div>\n\t\t<\/section>\n\t\t\t\t<section class=\"wd-negative-gap elementor-section elementor-top-section elementor-element elementor-element-d931356 elementor-section-boxed elementor-section-height-default elementor-section-height-default\" data-id=\"d931356\" data-element_type=\"section\">\n\t\t\t\t\t\t<div class=\"elementor-container elementor-column-gap-default\">\n\t\t\t\t\t<div class=\"elementor-column elementor-col-100 elementor-top-column elementor-element elementor-element-fb1f4c4\" data-id=\"fb1f4c4\" data-element_type=\"column\">\n\t\t\t<div class=\"elementor-widget-wrap elementor-element-populated\">\n\t\t\t\t\t\t<div class=\"elementor-element elementor-element-bd66e22 color-scheme-inherit text-left elementor-widget elementor-widget-text-editor\" data-id=\"bd66e22\" data-element_type=\"widget\" data-widget_type=\"text-editor.default\">\n\t\t\t\t<div class=\"elementor-widget-container\">\n\t\t\t\t\t\t\t\t\t<p><strong> Caracter\u00edsticas:<\/strong><\/p>\n<ol>\n<li>Dos modos de alimentaci\u00f3n: Cambia entre la cuchara blanda para pur\u00e9s suaves y la tetina para leche o agua.<\/li>\n<li>Bonito y protector: La adorable funda para botella con forma de vaca protege el vaso de ca\u00eddas y golpes accidentales.<\/li>\n<li>Vidrio resistente al calor: Fabricado en vidrio de alta calidad sin BPA que resiste el calor y mantiene la higiene.<\/li>\n<li>F\u00e1cil de limpiar: Viene con un cepillo de botella de cortes\u00eda para una limpieza sin complicaciones.<\/li>\n<li>Respetuoso con el medio ambiente: diga adi\u00f3s a los biberones de pl\u00e1stico; nuestra opci\u00f3n de vidrio es sostenible y m\u00e1s segura para su beb\u00e9.<\/li>\n<\/ol>\t\t\t\t\t\t\t\t<\/div>\n\t\t\t\t<\/div>\n\t\t\t\t\t<\/div>\n\t\t<\/div>\n\t\t\t\t\t<\/div>\n\t\t<\/section>\n\t\t\t\t<section class=\"wd-negative-gap elementor-section elementor-top-section elementor-element elementor-element-aa210ef elementor-section-boxed elementor-section-height-default elementor-section-height-default\" data-id=\"aa210ef\" data-element_type=\"section\">\n\t\t\t\t\t\t<div class=\"elementor-container elementor-column-gap-default\">\n\t\t\t\t\t<div class=\"elementor-column elementor-col-100 elementor-top-column elementor-element elementor-element-fac37e5\" data-id=\"fac37e5\" data-element_type=\"column\">\n\t\t\t<div class=\"elementor-widget-wrap elementor-element-populated\">\n\t\t\t\t\t\t<div class=\"elementor-element elementor-element-2c2b8b9 color-scheme-inherit text-left elementor-widget elementor-widget-text-editor\" data-id=\"2c2b8b9\" data-element_type=\"widget\" data-widget_type=\"text-editor.default\">\n\t\t\t\t<div class=\"elementor-widget-container\">\n\t\t\t\t\t\t\t\t\t<p><strong>Especificaciones:<\/strong><\/p><ul><li>Nombre del producto: Biber\u00f3n de vidrio (4.2oz\/120ml)<\/li><li>Material: Vidrio sin BPA, silicona, PP<\/li><li>Capacidad: 120 ml<\/li><li>Incluye: Cuchara y tetina de alimentaci\u00f3n, funda protectora con forma de vaca<\/li><li>Edades: 0-8 meses<\/li><\/ul>\t\t\t\t\t\t\t\t<\/div>\n\t\t\t\t<\/div>\n\t\t\t\t\t<\/div>\n\t\t<\/div>\n\t\t\t\t\t<\/div>\n\t\t<\/section>\n\t\t\t\t<section class=\"wd-negative-gap elementor-section elementor-top-section elementor-element elementor-element-fa1cd56 elementor-section-boxed elementor-section-height-default elementor-section-height-default\" data-id=\"fa1cd56\" data-element_type=\"section\">\n\t\t\t\t\t\t<div class=\"elementor-container elementor-column-gap-default\">\n\t\t\t\t\t<div class=\"elementor-column elementor-col-100 elementor-top-column elementor-element elementor-element-449fc6b\" data-id=\"449fc6b\" data-element_type=\"column\">\n\t\t\t<div class=\"elementor-widget-wrap elementor-element-populated\">\n\t\t\t\t\t\t<div class=\"elementor-element elementor-element-ec44419 color-scheme-inherit text-left elementor-widget elementor-widget-text-editor\" data-id=\"ec44419\" data-element_type=\"widget\" data-widget_type=\"text-editor.default\">\n\t\t\t\t<div class=\"elementor-widget-container\">\n\t\t\t\t\t\t\t\t\t<p><strong>Paquete:<\/strong><\/p><ul><li>1 biber\u00f3n de cristal (120 ml)<\/li><li>1 Cuchara<\/li><li>1 Pezonera<\/li><li>1 Funda protectora en forma de vaca<\/li><li>1 Cepillo para limpiar botellas<\/li><\/ul>\t\t\t\t\t\t\t\t<\/div>\n\t\t\t\t<\/div>\n\t\t\t\t\t<\/div>\n\t\t<\/div>\n\t\t\t\t\t<\/div>\n\t\t<\/section>\n\t\t\t\t<\/div>","protected":false},"excerpt":{"rendered":"<p>\"\u00a1Vidrio duradero, dise\u00f1o adorable! Alimenta a tu beb\u00e9 con confianza usando nuestro biber\u00f3n de vidrio de 4,2 oz con tema de vaca. Cons\u00edguelo ahora!\"<\/p>","protected":false},"featured_media":20983,"comment_status":"open","ping_status":"closed","template":"","meta":{"_acf_changed":false},"product_brand":[],"product_cat":[508],"product_tag":[923,924,922,925,921],"class_list":{"0":"post-20978","1":"product","2":"type-product","3":"status-publish","4":"has-post-thumbnail","6":"product_cat-best-baby-feeding","7":"product_tag-anti-colic-baby-bottles","8":"product_tag-bottles-for-breastfeeding-babies","9":"product_tag-bottles-for-newborn-babies","10":"product_tag-breastfed-baby-bottles","11":"product_tag-glass-baby-bottles","13":"first","14":"outofstock","15":"sale","16":"taxable","17":"shipping-taxable","18":"purchasable","19":"product-type-variable","20":"wvs-archive-product-wrapper"},"acf":[],"_links":{"self":[{"href":"https:\/\/babyvk.com\/es\/wp-json\/wp\/v2\/product\/20978","targetHints":{"allow":["GET"]}}],"collection":[{"href":"https:\/\/babyvk.com\/es\/wp-json\/wp\/v2\/product"}],"about":[{"href":"https:\/\/babyvk.com\/es\/wp-json\/wp\/v2\/types\/product"}],"replies":[{"embeddable":true,"href":"https:\/\/babyvk.com\/es\/wp-json\/wp\/v2\/comments?post=20978"}],"version-history":[{"count":0,"href":"https:\/\/babyvk.com\/es\/wp-json\/wp\/v2\/product\/20978\/revisions"}],"wp:featuredmedia":[{"embeddable":true,"href":"https:\/\/babyvk.com\/es\/wp-json\/wp\/v2\/media\/20983"}],"wp:attachment":[{"href":"https:\/\/babyvk.com\/es\/wp-json\/wp\/v2\/media?parent=20978"}],"wp:term":[{"taxonomy":"product_brand","embeddable":true,"href":"https:\/\/babyvk.com\/es\/wp-json\/wp\/v2\/product_brand?post=20978"},{"taxonomy":"product_cat","embeddable":true,"href":"https:\/\/babyvk.com\/es\/wp-json\/wp\/v2\/product_cat?post=20978"},{"taxonomy":"product_tag","embeddable":true,"href":"https:\/\/babyvk.com\/es\/wp-json\/wp\/v2\/product_tag?post=20978"}],"curies":[{"name":"wp","href":"https:\/\/api.w.org\/{rel}","templated":true}]}}