{"id":20567,"date":"2024-07-07T06:15:57","date_gmt":"2024-07-07T06:15:57","guid":{"rendered":"https:\/\/babyvk.com\/?post_type=product&#038;p=20567"},"modified":"2025-09-08T17:06:28","modified_gmt":"2025-09-08T17:06:28","slug":"portable-manual-breast-pump","status":"publish","type":"product","link":"https:\/\/babyvk.com\/es\/product\/portable-manual-breast-pump\/","title":{"rendered":"Extractor de leche manual port\u00e1til"},"content":{"rendered":"<div data-elementor-type=\"product-post\" data-elementor-id=\"20567\" class=\"elementor elementor-20567\" data-elementor-post-type=\"product\">\n\t\t\t\t\t\t<section class=\"wd-negative-gap elementor-section elementor-top-section elementor-element elementor-element-f8fb908 elementor-section-boxed elementor-section-height-default elementor-section-height-default\" data-id=\"f8fb908\" data-element_type=\"section\">\n\t\t\t\t\t\t<div class=\"elementor-container elementor-column-gap-default\">\n\t\t\t\t\t<div class=\"elementor-column elementor-col-100 elementor-top-column elementor-element elementor-element-7753c08\" data-id=\"7753c08\" data-element_type=\"column\">\n\t\t\t<div class=\"elementor-widget-wrap elementor-element-populated\">\n\t\t\t\t\t\t<div class=\"elementor-element elementor-element-656610f color-scheme-inherit text-left elementor-widget elementor-widget-text-editor\" data-id=\"656610f\" data-element_type=\"widget\" data-widget_type=\"text-editor.default\">\n\t\t\t\t<div class=\"elementor-widget-container\">\n\t\t\t\t\t\t\t\t\t<h2>Acerca de este art\u00edculo\uff1a<\/h2><div class=\"flex flex-grow flex-col max-w-full\"><div class=\"min-h-[20px] text-message flex flex-col items-start whitespace-pre-wrap break-words [.text-message+&amp;]:mt-5 juice:w-full juice:items-end overflow-x-auto gap-2\" dir=\"auto\" data-message-author-role=\"assistant\" data-message-id=\"17fd105e-56d0-41d5-89d5-66550b8994b3\"><div class=\"flex w-full flex-col gap-1 juice:empty:hidden juice:first:pt-[3px]\"><div class=\"markdown prose w-full break-words dark:prose-invert light\"><ul><li><p><strong>Reducir la fatiga de manos y mu\u00f1ecas<\/strong> - Este extractor de leche est\u00e1 dise\u00f1ado ergon\u00f3micamente para reducir la fatiga de manos y mu\u00f1ecas durante la lactancia. Es ligero, port\u00e1til y f\u00e1cil de llevar de viaje. A diferencia de los voluminosos extractores el\u00e9ctricos, este extractor manual es ecol\u00f3gico y no utiliza electricidad.<\/p><\/li><li><p><strong>C\u00f3modo e higi\u00e9nico<\/strong> - Fabricado en silicona alimentaria de alta calidad sin BPA, este extractor garantiza que su leche se mantenga natural y segura. Tambi\u00e9n es resistente a altas temperaturas para mayor tranquilidad.<\/p><\/li><li><p><strong>C\u00f3modo y silencioso<\/strong> - El vac\u00edo controlado manualmente le permite ajustar la succi\u00f3n para una comodidad \u00f3ptima y un flujo de leche eficaz. Cambie al lado del mango m\u00e1s largo para obtener un ciclo de succi\u00f3n m\u00e1s lento y extraer m\u00e1s leche.<\/p><\/li><li><p><strong>Palanca de ajuste de tres velocidades<\/strong> - Este extractor de leche manual ofrece tres ajustes de velocidad para mejorar la eficacia de la extracci\u00f3n, ayudando a las mam\u00e1s a obtener m\u00e1s leche en menos tiempo.<\/p><\/li><li><p><strong>F\u00e1cil de limpiar<\/strong> - Limpie el extractor y la tapa con agua y hi\u00e9rvalos durante 3-5 minutos para esterilizarlos. El paquete incluye un biber\u00f3n de 5 onzas, una tetina con reborde y una funda antipolvo para el extractor.<\/p><\/li><\/ul><\/div><\/div><\/div><\/div><div class=\"mt-1 flex gap-3 empty:hidden juice:-ml-3\"><div class=\"items-center justify-start rounded-xl p-1 flex\"><div class=\"flex items-center\">\u00a0<\/div><\/div><\/div>\t\t\t\t\t\t\t\t<\/div>\n\t\t\t\t<\/div>\n\t\t\t\t\t<\/div>\n\t\t<\/div>\n\t\t\t\t\t<\/div>\n\t\t<\/section>\n\t\t\t\t<section class=\"wd-negative-gap elementor-section elementor-top-section elementor-element elementor-element-1b6fd9d elementor-section-boxed elementor-section-height-default elementor-section-height-default\" data-id=\"1b6fd9d\" data-element_type=\"section\">\n\t\t\t\t\t\t<div class=\"elementor-container elementor-column-gap-default\">\n\t\t\t\t\t<div class=\"elementor-column elementor-col-100 elementor-top-column elementor-element elementor-element-c459291\" data-id=\"c459291\" data-element_type=\"column\">\n\t\t\t<div class=\"elementor-widget-wrap elementor-element-populated\">\n\t\t\t\t\t\t<div class=\"elementor-element elementor-element-e6ccdd6 color-scheme-inherit text-left elementor-widget elementor-widget-text-editor\" data-id=\"e6ccdd6\" data-element_type=\"widget\" data-widget_type=\"text-editor.default\">\n\t\t\t\t<div class=\"elementor-widget-container\">\n\t\t\t\t\t\t\t\t\t<div class=\"a-section a-spacing-none premium-aplus-15-heading\"><h2 class=\"premium-aplus-15-heading-text a-text-bold\">Consejos de salud:<\/h2><\/div><div class=\"a-section a-spacing-none\"><ol><li class=\"description\">L\u00e1vate las manos antes de utilizar el sacaleches o de tratar la leche materna.<\/li><li class=\"description\">El sacaleches se calienta con una toalla caliente antes del orde\u00f1o. El masaje estimula la areola para que el pecho est\u00e9 completamente despejado.<\/li><li class=\"description\">Orde\u00f1ar a su propia presi\u00f3n. Los pechos o pezones deben dejar de orde\u00f1arse cuando sientan dolor.<\/li><li class=\"description\">S\u00f3lo hay que exprimir la cantidad de ocho puntos para el orde\u00f1o (no m\u00e1s de 20 minutos)<\/li><li class=\"description\">Utiliza un recipiente con tapa para guardar la leche materna<\/li><li class=\"description\">Retire la leche materna que haya estado refrigerada m\u00e1s de 72 horas (3 d\u00edas)<\/li><li class=\"description\">No juntes leche materna refrigerada con leche materna fresca.<\/li><li class=\"description\">Descongelar la leche materna refrigerada o unir el recipiente a la leche caliente para la alimentaci\u00f3n en caliente.<\/li><li class=\"description\">Una vez descongelada la leche materna, si el beb\u00e9 no puede terminar de tomarla al cabo de 24 horas, no repita la toma de leche materna refrigerada. Deseche la sobrante y desinfecte el recipiente.<\/li><\/ol><\/div>\t\t\t\t\t\t\t\t<\/div>\n\t\t\t\t<\/div>\n\t\t\t\t\t<\/div>\n\t\t<\/div>\n\t\t\t\t\t<\/div>\n\t\t<\/section>\n\t\t\t\t<\/div>","protected":false},"excerpt":{"rendered":"<p>&#8220;<strong>\u00bfProblemas con el exceso de leche materna?<\/strong> Descubra nuestro Sacaleches Manual Port\u00e1til Eficaz, suave y port\u00e1til, ayuda a gestionar el exceso de leche c\u00f3modamente. Compre ahora con env\u00edo gratuito\".<\/p>","protected":false},"featured_media":20561,"comment_status":"open","ping_status":"closed","template":"","meta":{"_acf_changed":false},"product_brand":[],"product_cat":[20],"product_tag":[906,907,909,908,905],"class_list":{"0":"post-20567","1":"product","2":"type-product","3":"status-publish","4":"has-post-thumbnail","6":"product_cat-new-mom","7":"product_tag-hand-breast-pump","8":"product_tag-hand-breast-pump-manual","9":"product_tag-hand-express-breast-pump","10":"product_tag-hand-pump-breast-pump","11":"product_tag-hand-pump-breastmilk","13":"first","14":"instock","15":"taxable","16":"shipping-taxable","17":"purchasable","18":"product-type-variable","19":"wvs-archive-product-wrapper"},"acf":[],"_links":{"self":[{"href":"https:\/\/babyvk.com\/es\/wp-json\/wp\/v2\/product\/20567","targetHints":{"allow":["GET"]}}],"collection":[{"href":"https:\/\/babyvk.com\/es\/wp-json\/wp\/v2\/product"}],"about":[{"href":"https:\/\/babyvk.com\/es\/wp-json\/wp\/v2\/types\/product"}],"replies":[{"embeddable":true,"href":"https:\/\/babyvk.com\/es\/wp-json\/wp\/v2\/comments?post=20567"}],"version-history":[{"count":0,"href":"https:\/\/babyvk.com\/es\/wp-json\/wp\/v2\/product\/20567\/revisions"}],"wp:featuredmedia":[{"embeddable":true,"href":"https:\/\/babyvk.com\/es\/wp-json\/wp\/v2\/media\/20561"}],"wp:attachment":[{"href":"https:\/\/babyvk.com\/es\/wp-json\/wp\/v2\/media?parent=20567"}],"wp:term":[{"taxonomy":"product_brand","embeddable":true,"href":"https:\/\/babyvk.com\/es\/wp-json\/wp\/v2\/product_brand?post=20567"},{"taxonomy":"product_cat","embeddable":true,"href":"https:\/\/babyvk.com\/es\/wp-json\/wp\/v2\/product_cat?post=20567"},{"taxonomy":"product_tag","embeddable":true,"href":"https:\/\/babyvk.com\/es\/wp-json\/wp\/v2\/product_tag?post=20567"}],"curies":[{"name":"wp","href":"https:\/\/api.w.org\/{rel}","templated":true}]}}