{"id":20529,"date":"2024-07-07T04:35:04","date_gmt":"2024-07-07T04:35:04","guid":{"rendered":"https:\/\/babyvk.com\/?post_type=product&#038;p=20529"},"modified":"2025-09-08T17:03:41","modified_gmt":"2025-09-08T17:03:41","slug":"travel-portable-pee-cup-for-kids","status":"publish","type":"product","link":"https:\/\/babyvk.com\/es\/product\/travel-portable-pee-cup-for-kids\/","title":{"rendered":"Vaso para pip\u00ed port\u00e1til de viaje para ni\u00f1os"},"content":{"rendered":"<div data-elementor-type=\"product-post\" data-elementor-id=\"20529\" class=\"elementor elementor-20529\" data-elementor-post-type=\"product\">\n\t\t\t\t\t\t<section class=\"wd-negative-gap elementor-section elementor-top-section elementor-element elementor-element-430fe31 elementor-section-boxed elementor-section-height-default elementor-section-height-default\" data-id=\"430fe31\" data-element_type=\"section\">\n\t\t\t\t\t\t<div class=\"elementor-container elementor-column-gap-default\">\n\t\t\t\t\t<div class=\"elementor-column elementor-col-100 elementor-top-column elementor-element elementor-element-22747a8\" data-id=\"22747a8\" data-element_type=\"column\">\n\t\t\t<div class=\"elementor-widget-wrap elementor-element-populated\">\n\t\t\t\t\t\t<div class=\"elementor-element elementor-element-035d4ae elementor-widget elementor-widget-image\" data-id=\"035d4ae\" data-element_type=\"widget\" data-widget_type=\"image.default\">\n\t\t\t\t<div class=\"elementor-widget-container\">\n\t\t\t\t\t\t\t\t\t\t\t\t\t\t\t<img fetchpriority=\"high\" decoding=\"async\" width=\"970\" height=\"600\" src=\"https:\/\/babyvk.com\/wp-content\/themes\/woodmart\/images\/lazy.svg\" data-src=\"https:\/\/babyvk.com\/wp-content\/uploads\/2024\/07\/portable-urinals-for-children.webp\" class=\"wd-lazy-blur attachment-large size-large wp-image-20537 wvs-archive-product-image\" alt=\"portable bear toilet for children\" srcset=\"\" data-srcset=\"https:\/\/babyvk.com\/wp-content\/uploads\/2024\/07\/portable-urinals-for-children.webp 970w, https:\/\/babyvk.com\/wp-content\/uploads\/2024\/07\/portable-urinals-for-children-400x247.webp 400w, https:\/\/babyvk.com\/wp-content\/uploads\/2024\/07\/portable-urinals-for-children-768x475.webp 768w, https:\/\/babyvk.com\/wp-content\/uploads\/2024\/07\/portable-urinals-for-children-860x532.webp 860w, https:\/\/babyvk.com\/wp-content\/uploads\/2024\/07\/portable-urinals-for-children-430x266.webp 430w, https:\/\/babyvk.com\/wp-content\/uploads\/2024\/07\/portable-urinals-for-children-700x433.webp 700w, https:\/\/babyvk.com\/wp-content\/uploads\/2024\/07\/portable-urinals-for-children-100x62.webp 100w\" sizes=\"(max-width: 970px) 100vw, 970px\" title=\"\">\t\t\t\t\t\t\t\t\t\t\t\t\t\t\t<\/div>\n\t\t\t\t<\/div>\n\t\t\t\t\t<\/div>\n\t\t<\/div>\n\t\t\t\t\t<\/div>\n\t\t<\/section>\n\t\t\t\t<section class=\"wd-negative-gap elementor-section elementor-top-section elementor-element elementor-element-ab6447b elementor-section-boxed elementor-section-height-default elementor-section-height-default\" data-id=\"ab6447b\" data-element_type=\"section\">\n\t\t\t\t\t\t<div class=\"elementor-container elementor-column-gap-default\">\n\t\t\t\t\t<div class=\"elementor-column elementor-col-100 elementor-top-column elementor-element elementor-element-5781aa8\" data-id=\"5781aa8\" data-element_type=\"column\">\n\t\t\t<div class=\"elementor-widget-wrap elementor-element-populated\">\n\t\t\t\t\t\t<div class=\"elementor-element elementor-element-67a5aa3 color-scheme-inherit text-left elementor-widget elementor-widget-text-editor\" data-id=\"67a5aa3\" data-element_type=\"widget\" data-widget_type=\"text-editor.default\">\n\t\t\t\t<div class=\"elementor-widget-container\">\n\t\t\t\t\t\t\t\t\t<h2>Caracter\u00edsticas<\/h2><ol class=\"a-unordered-list a-vertical a-spacing-mini\"><li class=\"a-spacing-mini\"><span class=\"a-list-item\">Capacidad : 500ml para la orina contian , muy ligero para llevar s\u00f3lo 0.45bl . tama\u00f1o razonable 8.07in*3.15in (di\u00e1metro).<\/span><\/li><li class=\"a-spacing-mini\"><span class=\"a-list-item\">Port\u00e1til: con tama\u00f1o razonable puede f\u00e1cil de tomar, usted puede poner en casi cualquier bolsa para llevar.<\/span><\/li><li class=\"a-spacing-mini\"><span class=\"a-list-item\">Reutilizable: puede ser reutilizado despu\u00e9s de la limpieza, mejor con agua tibia limpiarlo, que el medio ambiente y la salud.<\/span><\/li><li class=\"a-spacing-mini\"><span class=\"a-list-item\">Conveniente: en cualquier lugar interior o exterior se puede utilizar, como la carretera, parque, carretera de viaje, coche o cuarto de ba\u00f1o . dejar que el beb\u00e9 evitar la urgencia de encontrar inodoro. entrenamiento para hacer pis ni\u00f1os, compa\u00f1ero de habitaci\u00f3n del beb\u00e9.<\/span><\/li><li class=\"a-spacing-mini\"><span class=\"a-list-item\">Sellado: No hay fugas despu\u00e9s de usar. Dise\u00f1o a prueba de fugas de 3 capas.<\/span><\/li><\/ol>\t\t\t\t\t\t\t\t<\/div>\n\t\t\t\t<\/div>\n\t\t\t\t\t<\/div>\n\t\t<\/div>\n\t\t\t\t\t<\/div>\n\t\t<\/section>\n\t\t\t\t<section class=\"wd-negative-gap elementor-section elementor-top-section elementor-element elementor-element-2534930 elementor-section-boxed elementor-section-height-default elementor-section-height-default\" data-id=\"2534930\" data-element_type=\"section\">\n\t\t\t\t\t\t<div class=\"elementor-container elementor-column-gap-default\">\n\t\t\t\t\t<div class=\"elementor-column elementor-col-100 elementor-top-column elementor-element elementor-element-ad5d854\" data-id=\"ad5d854\" data-element_type=\"column\">\n\t\t\t<div class=\"elementor-widget-wrap elementor-element-populated\">\n\t\t\t\t\t\t<div class=\"elementor-element elementor-element-7938565 elementor-widget elementor-widget-heading\" data-id=\"7938565\" data-element_type=\"widget\" data-widget_type=\"heading.default\">\n\t\t\t\t<div class=\"elementor-widget-container\">\n\t\t\t\t\t<h2 class=\"elementor-heading-title elementor-size-default\">\u00bfC\u00f3mo utilizar el orinal port\u00e1til de viaje?<\/h2>\t\t\t\t<\/div>\n\t\t\t\t<\/div>\n\t\t\t\t\t<\/div>\n\t\t<\/div>\n\t\t\t\t\t<\/div>\n\t\t<\/section>\n\t\t\t\t<section class=\"wd-negative-gap elementor-section elementor-top-section elementor-element elementor-element-f3fceec elementor-section-boxed elementor-section-height-default elementor-section-height-default\" data-id=\"f3fceec\" data-element_type=\"section\">\n\t\t\t\t\t\t<div class=\"elementor-container elementor-column-gap-default\">\n\t\t\t\t\t<div class=\"elementor-column elementor-col-25 elementor-top-column elementor-element elementor-element-c3bf3e4\" data-id=\"c3bf3e4\" data-element_type=\"column\">\n\t\t\t<div class=\"elementor-widget-wrap elementor-element-populated\">\n\t\t\t\t\t\t<div class=\"elementor-element elementor-element-867fd67 elementor-widget elementor-widget-image\" data-id=\"867fd67\" data-element_type=\"widget\" data-widget_type=\"image.default\">\n\t\t\t\t<div class=\"elementor-widget-container\">\n\t\t\t\t\t\t\t\t\t\t\t\t\t\t\t<img decoding=\"async\" width=\"220\" height=\"220\" src=\"https:\/\/babyvk.com\/wp-content\/themes\/woodmart\/images\/lazy.svg\" data-src=\"https:\/\/babyvk.com\/wp-content\/uploads\/2024\/07\/portable-baby-urinal.webp\" class=\"wd-lazy-blur attachment-large size-large wp-image-20534 wvs-archive-product-image\" alt=\"orinal taza\" srcset=\"\" data-srcset=\"https:\/\/babyvk.com\/wp-content\/uploads\/2024\/07\/portable-baby-urinal.webp 220w, https:\/\/babyvk.com\/wp-content\/uploads\/2024\/07\/portable-baby-urinal-150x150.webp 150w, https:\/\/babyvk.com\/wp-content\/uploads\/2024\/07\/portable-baby-urinal-100x100.webp 100w, https:\/\/babyvk.com\/wp-content\/uploads\/2024\/07\/portable-baby-urinal-50x50.webp 50w\" sizes=\"(max-width: 220px) 100vw, 220px\" title=\"\">\t\t\t\t\t\t\t\t\t\t\t\t\t\t\t<\/div>\n\t\t\t\t<\/div>\n\t\t\t\t<div class=\"elementor-element elementor-element-733c52a color-scheme-inherit text-left elementor-widget elementor-widget-text-editor\" data-id=\"733c52a\" data-element_type=\"widget\" data-widget_type=\"text-editor.default\">\n\t\t\t\t<div class=\"elementor-widget-container\">\n\t\t\t\t\t\t\t\t\t<ol><li>Abra la tapa del urinario.<\/li><\/ol>\t\t\t\t\t\t\t\t<\/div>\n\t\t\t\t<\/div>\n\t\t\t\t\t<\/div>\n\t\t<\/div>\n\t\t\t\t<div class=\"elementor-column elementor-col-25 elementor-top-column elementor-element elementor-element-1e982ca\" data-id=\"1e982ca\" data-element_type=\"column\">\n\t\t\t<div class=\"elementor-widget-wrap elementor-element-populated\">\n\t\t\t\t\t\t<div class=\"elementor-element elementor-element-3babd81 elementor-widget elementor-widget-image\" data-id=\"3babd81\" data-element_type=\"widget\" data-widget_type=\"image.default\">\n\t\t\t\t<div class=\"elementor-widget-container\">\n\t\t\t\t\t\t\t\t\t\t\t\t\t\t\t<img decoding=\"async\" width=\"220\" height=\"220\" src=\"https:\/\/babyvk.com\/wp-content\/themes\/woodmart\/images\/lazy.svg\" data-src=\"https:\/\/babyvk.com\/wp-content\/uploads\/2024\/07\/portable-car-urinal-kid.webp\" class=\"wd-lazy-blur attachment-large size-large wp-image-20536 wvs-archive-product-image\" alt=\"urinario portatil coche kid\" srcset=\"\" data-srcset=\"https:\/\/babyvk.com\/wp-content\/uploads\/2024\/07\/portable-car-urinal-kid.webp 220w, https:\/\/babyvk.com\/wp-content\/uploads\/2024\/07\/portable-car-urinal-kid-150x150.webp 150w, https:\/\/babyvk.com\/wp-content\/uploads\/2024\/07\/portable-car-urinal-kid-100x100.webp 100w, https:\/\/babyvk.com\/wp-content\/uploads\/2024\/07\/portable-car-urinal-kid-50x50.webp 50w\" sizes=\"(max-width: 220px) 100vw, 220px\" title=\"\">\t\t\t\t\t\t\t\t\t\t\t\t\t\t\t<\/div>\n\t\t\t\t<\/div>\n\t\t\t\t<div class=\"elementor-element elementor-element-a954f8a color-scheme-inherit text-left elementor-widget elementor-widget-text-editor\" data-id=\"a954f8a\" data-element_type=\"widget\" data-widget_type=\"text-editor.default\">\n\t\t\t\t<div class=\"elementor-widget-container\">\n\t\t\t\t\t\t\t\t\t<p>2. Gire el interruptor de llenado del urinario en sentido contrario a las agujas del reloj para abrirlo.<\/p>\t\t\t\t\t\t\t\t<\/div>\n\t\t\t\t<\/div>\n\t\t\t\t\t<\/div>\n\t\t<\/div>\n\t\t\t\t<div class=\"elementor-column elementor-col-25 elementor-top-column elementor-element elementor-element-6ad99fd\" data-id=\"6ad99fd\" data-element_type=\"column\">\n\t\t\t<div class=\"elementor-widget-wrap elementor-element-populated\">\n\t\t\t\t\t\t<div class=\"elementor-element elementor-element-bf3dd46 elementor-widget elementor-widget-image\" data-id=\"bf3dd46\" data-element_type=\"widget\" data-widget_type=\"image.default\">\n\t\t\t\t<div class=\"elementor-widget-container\">\n\t\t\t\t\t\t\t\t\t\t\t\t\t\t\t<img loading=\"lazy\" decoding=\"async\" width=\"220\" height=\"220\" src=\"https:\/\/babyvk.com\/wp-content\/themes\/woodmart\/images\/lazy.svg\" data-src=\"https:\/\/babyvk.com\/wp-content\/uploads\/2024\/07\/portable-bear-toilet-for-children.webp\" class=\"wd-lazy-blur attachment-large size-large wp-image-20535 wvs-archive-product-image\" alt=\"portable urinals for children\" srcset=\"\" data-srcset=\"https:\/\/babyvk.com\/wp-content\/uploads\/2024\/07\/portable-bear-toilet-for-children.webp 220w, https:\/\/babyvk.com\/wp-content\/uploads\/2024\/07\/portable-bear-toilet-for-children-150x150.webp 150w, https:\/\/babyvk.com\/wp-content\/uploads\/2024\/07\/portable-bear-toilet-for-children-100x100.webp 100w, https:\/\/babyvk.com\/wp-content\/uploads\/2024\/07\/portable-bear-toilet-for-children-50x50.webp 50w\" sizes=\"(max-width: 220px) 100vw, 220px\" title=\"\">\t\t\t\t\t\t\t\t\t\t\t\t\t\t\t<\/div>\n\t\t\t\t<\/div>\n\t\t\t\t<div class=\"elementor-element elementor-element-06f77a0 color-scheme-inherit text-left elementor-widget elementor-widget-text-editor\" data-id=\"06f77a0\" data-element_type=\"widget\" data-widget_type=\"text-editor.default\">\n\t\t\t\t<div class=\"elementor-widget-container\">\n\t\t\t\t\t\t\t\t\t<p>3. Cierre la tapa del urinario, evite las fugas de orina<\/p>\t\t\t\t\t\t\t\t<\/div>\n\t\t\t\t<\/div>\n\t\t\t\t\t<\/div>\n\t\t<\/div>\n\t\t\t\t<div class=\"elementor-column elementor-col-25 elementor-top-column elementor-element elementor-element-4f24804\" data-id=\"4f24804\" data-element_type=\"column\">\n\t\t\t<div class=\"elementor-widget-wrap elementor-element-populated\">\n\t\t\t\t\t\t<div class=\"elementor-element elementor-element-2d8a438 elementor-widget elementor-widget-image\" data-id=\"2d8a438\" data-element_type=\"widget\" data-widget_type=\"image.default\">\n\t\t\t\t<div class=\"elementor-widget-container\">\n\t\t\t\t\t\t\t\t\t\t\t\t\t\t\t<img loading=\"lazy\" decoding=\"async\" width=\"220\" height=\"220\" src=\"https:\/\/babyvk.com\/wp-content\/themes\/woodmart\/images\/lazy.svg\" data-src=\"https:\/\/babyvk.com\/wp-content\/uploads\/2024\/07\/potty-pee-cup.webp\" class=\"wd-lazy-blur attachment-large size-large wp-image-20538 wvs-archive-product-image\" alt=\"orinal port\u00e1til para beb\u00e9s\" srcset=\"\" data-srcset=\"https:\/\/babyvk.com\/wp-content\/uploads\/2024\/07\/potty-pee-cup.webp 220w, https:\/\/babyvk.com\/wp-content\/uploads\/2024\/07\/potty-pee-cup-150x150.webp 150w, https:\/\/babyvk.com\/wp-content\/uploads\/2024\/07\/potty-pee-cup-100x100.webp 100w, https:\/\/babyvk.com\/wp-content\/uploads\/2024\/07\/potty-pee-cup-50x50.webp 50w\" sizes=\"(max-width: 220px) 100vw, 220px\" title=\"\">\t\t\t\t\t\t\t\t\t\t\t\t\t\t\t<\/div>\n\t\t\t\t<\/div>\n\t\t\t\t<div class=\"elementor-element elementor-element-b01b97b color-scheme-inherit text-left elementor-widget elementor-widget-text-editor\" data-id=\"b01b97b\" data-element_type=\"widget\" data-widget_type=\"text-editor.default\">\n\t\t\t\t<div class=\"elementor-widget-container\">\n\t\t\t\t\t\t\t\t\t<p>4. Recuerde limpiar la botella del urinario a tiempo despu\u00e9s de su uso.<\/p>\t\t\t\t\t\t\t\t<\/div>\n\t\t\t\t<\/div>\n\t\t\t\t\t<\/div>\n\t\t<\/div>\n\t\t\t\t\t<\/div>\n\t\t<\/section>\n\t\t\t\t<section class=\"wd-negative-gap elementor-section elementor-top-section elementor-element elementor-element-8062034 elementor-section-boxed elementor-section-height-default elementor-section-height-default\" data-id=\"8062034\" data-element_type=\"section\">\n\t\t\t\t\t\t<div class=\"elementor-container elementor-column-gap-default\">\n\t\t\t\t\t<div class=\"elementor-column elementor-col-100 elementor-top-column elementor-element elementor-element-c5f4157\" data-id=\"c5f4157\" data-element_type=\"column\">\n\t\t\t<div class=\"elementor-widget-wrap elementor-element-populated\">\n\t\t\t\t\t\t<div class=\"elementor-element elementor-element-c32e771 color-scheme-inherit text-left elementor-widget elementor-widget-text-editor\" data-id=\"c32e771\" data-element_type=\"widget\" data-widget_type=\"text-editor.default\">\n\t\t\t\t<div class=\"elementor-widget-container\">\n\t\t\t\t\t\t\t\t\t<h3 class=\"a-spacing-mini\">Especificaciones<\/h3>\n<ul class=\"a-unordered-list a-vertical\">\n<li><span class=\"a-list-item\">Material\uff1a ABS<\/span><\/li>\n<li><span class=\"a-list-item\">Tama\u00f1o: 4,72 x 8,66 x 3,15 PULGADAS<\/span><\/li>\n<li><span class=\"a-list-item\">Capacidad m\u00e1xima : 500 ML<\/span><\/li>\n<li><span class=\"a-list-item\">Uso r\u00e1pido y c\u00f3modo.<\/span><\/li>\n<li><span class=\"a-list-item\">Urinario muy port\u00e1til, Nueva versi\u00f3n con v\u00e1lvula de sellado creciente que proporciona un mejor rendimiento de sellado.<\/span><\/li>\n<\/ul>\t\t\t\t\t\t\t\t<\/div>\n\t\t\t\t<\/div>\n\t\t\t\t\t<\/div>\n\t\t<\/div>\n\t\t\t\t\t<\/div>\n\t\t<\/section>\n\t\t\t\t<\/div>","protected":false},"excerpt":{"rendered":"<p>&#8220;<strong>\u00bfBusca una soluci\u00f3n para las urgencias en el ba\u00f1o de los ni\u00f1os sobre la marcha?<\/strong> \u00a1Descubre el orinal port\u00e1til de viaje para ni\u00f1os! Resuelve las necesidades urgentes de ir al ba\u00f1o en cualquier momento y lugar. Compre ahora y reciba el env\u00edo gratis\".<\/p>","protected":false},"featured_media":20521,"comment_status":"open","ping_status":"closed","template":"","meta":{"_acf_changed":false},"product_brand":[],"product_cat":[42,29],"product_tag":[903,904,901,900,902],"class_list":{"0":"post-20529","1":"product","2":"type-product","3":"status-publish","4":"has-post-thumbnail","6":"product_cat-best-travel-gear","7":"product_cat-best-baby-care","8":"product_tag-baby-travel-essentials-for-roadtrip","9":"product_tag-pee-bottle-for-kids","10":"product_tag-portable-toilet-for-kids","11":"product_tag-portable-urinal-for-kids","12":"product_tag-travel-pee-bottle-for-kids","14":"first","15":"instock","16":"taxable","17":"shipping-taxable","18":"purchasable","19":"product-type-variable","20":"wvs-archive-product-wrapper"},"acf":[],"_links":{"self":[{"href":"https:\/\/babyvk.com\/es\/wp-json\/wp\/v2\/product\/20529","targetHints":{"allow":["GET"]}}],"collection":[{"href":"https:\/\/babyvk.com\/es\/wp-json\/wp\/v2\/product"}],"about":[{"href":"https:\/\/babyvk.com\/es\/wp-json\/wp\/v2\/types\/product"}],"replies":[{"embeddable":true,"href":"https:\/\/babyvk.com\/es\/wp-json\/wp\/v2\/comments?post=20529"}],"version-history":[{"count":0,"href":"https:\/\/babyvk.com\/es\/wp-json\/wp\/v2\/product\/20529\/revisions"}],"wp:featuredmedia":[{"embeddable":true,"href":"https:\/\/babyvk.com\/es\/wp-json\/wp\/v2\/media\/20521"}],"wp:attachment":[{"href":"https:\/\/babyvk.com\/es\/wp-json\/wp\/v2\/media?parent=20529"}],"wp:term":[{"taxonomy":"product_brand","embeddable":true,"href":"https:\/\/babyvk.com\/es\/wp-json\/wp\/v2\/product_brand?post=20529"},{"taxonomy":"product_cat","embeddable":true,"href":"https:\/\/babyvk.com\/es\/wp-json\/wp\/v2\/product_cat?post=20529"},{"taxonomy":"product_tag","embeddable":true,"href":"https:\/\/babyvk.com\/es\/wp-json\/wp\/v2\/product_tag?post=20529"}],"curies":[{"name":"wp","href":"https:\/\/api.w.org\/{rel}","templated":true}]}}