{"id":20502,"date":"2024-07-06T05:56:44","date_gmt":"2024-07-06T05:56:44","guid":{"rendered":"https:\/\/babyvk.com\/?post_type=product&#038;p=20502"},"modified":"2025-07-12T17:53:56","modified_gmt":"2025-07-12T17:53:56","slug":"silicone-baby-tongue-cleaner-brush","status":"publish","type":"product","link":"https:\/\/babyvk.com\/es\/product\/silicone-baby-tongue-cleaner-brush\/","title":{"rendered":"Cepillo limpiador lingual de silicona para beb\u00e9s"},"content":{"rendered":"<div data-elementor-type=\"product-post\" data-elementor-id=\"20502\" class=\"elementor elementor-20502\" data-elementor-post-type=\"product\">\n\t\t\t\t\t\t<section class=\"wd-negative-gap elementor-section elementor-top-section elementor-element elementor-element-e3950fb elementor-section-boxed elementor-section-height-default elementor-section-height-default\" data-id=\"e3950fb\" data-element_type=\"section\">\n\t\t\t\t\t\t<div class=\"elementor-container elementor-column-gap-default\">\n\t\t\t\t\t<div class=\"elementor-column elementor-col-100 elementor-top-column elementor-element elementor-element-3eccc75\" data-id=\"3eccc75\" data-element_type=\"column\">\n\t\t\t<div class=\"elementor-widget-wrap elementor-element-populated\">\n\t\t\t\t\t\t<div class=\"elementor-element elementor-element-066e16c color-scheme-inherit text-left elementor-widget elementor-widget-text-editor\" data-id=\"066e16c\" data-element_type=\"widget\" data-widget_type=\"text-editor.default\">\n\t\t\t\t<div class=\"elementor-widget-container\">\n\t\t\t\t\t\t\t\t\t<h2>Caracter\u00edsticas:<\/h2><ol><li>Se prefiere el material de silicona resistente a altas temperaturas, seguro y respetuoso con el medio ambiente, inodoro y sin BPA.<\/li><li>Marcar el enjuague bucal en segundos para rechazar una infecci\u00f3n cruzada<\/li><li>Almacenamiento de 360 grados resistente al polvo, limpio e higi\u00e9nico<\/li><li>9 capas de dos lados de silicona, masaje durante la limpieza, la limpieza efectiva de los residuos entre la capa de la lengua y la brecha entre los dientes<\/li><li>El cabezal cepilla suavemente sin un n\u00facleo duro, el tratamiento suave limpia sin da\u00f1ar las enc\u00edas<\/li><li>L\u00ednea de seguridad para evitar la entrada demasiado profunda<\/li><li>Tacto borroso, m\u00e1s f\u00e1cil de sujetar, para evitar lesiones involuntarias en la boca del beb\u00e9<\/li><\/ol>\t\t\t\t\t\t\t\t<\/div>\n\t\t\t\t<\/div>\n\t\t\t\t\t<\/div>\n\t\t<\/div>\n\t\t\t\t\t<\/div>\n\t\t<\/section>\n\t\t\t\t<section class=\"wd-negative-gap elementor-section elementor-top-section elementor-element elementor-element-7b02580 elementor-section-boxed elementor-section-height-default elementor-section-height-default\" data-id=\"7b02580\" data-element_type=\"section\">\n\t\t\t\t\t\t<div class=\"elementor-container elementor-column-gap-default\">\n\t\t\t\t\t<div class=\"elementor-column elementor-col-100 elementor-top-column elementor-element elementor-element-8c4dd58\" data-id=\"8c4dd58\" data-element_type=\"column\">\n\t\t\t<div class=\"elementor-widget-wrap elementor-element-populated\">\n\t\t\t\t\t\t<div class=\"elementor-element elementor-element-f195c1d color-scheme-inherit text-left elementor-widget elementor-widget-text-editor\" data-id=\"f195c1d\" data-element_type=\"widget\" data-widget_type=\"text-editor.default\">\n\t\t\t\t<div class=\"elementor-widget-container\">\n\t\t\t\t\t\t\t\t\t<h2>Modo de empleo:<\/h2><ol><li>Prueba 2 gotas de aceite de s\u00e9samo en agua tibia, agua ligeramente salada o agua clara a 40 grados Celsius, moja un poco con un pincel<\/li><li>Cepillar suavemente la mancha de leche desde la base de la lengua hasta la punta de la lengua<\/li><li>Enjuague el cepillo de cabeza en<\/li><li>Repetir 3-5 veces para completar la limpieza bucal<\/li><\/ol>\t\t\t\t\t\t\t\t<\/div>\n\t\t\t\t<\/div>\n\t\t\t\t\t<\/div>\n\t\t<\/div>\n\t\t\t\t\t<\/div>\n\t\t<\/section>\n\t\t\t\t<section class=\"wd-negative-gap elementor-section elementor-top-section elementor-element elementor-element-49e74d8 elementor-section-boxed elementor-section-height-default elementor-section-height-default\" data-id=\"49e74d8\" data-element_type=\"section\">\n\t\t\t\t\t\t<div class=\"elementor-container elementor-column-gap-default\">\n\t\t\t\t\t<div class=\"elementor-column elementor-col-100 elementor-top-column elementor-element elementor-element-66d3164\" data-id=\"66d3164\" data-element_type=\"column\">\n\t\t\t<div class=\"elementor-widget-wrap elementor-element-populated\">\n\t\t\t\t\t\t<div class=\"elementor-element elementor-element-3bb2b32 color-scheme-inherit text-left elementor-widget elementor-widget-text-editor\" data-id=\"3bb2b32\" data-element_type=\"widget\" data-widget_type=\"text-editor.default\">\n\t\t\t\t<div class=\"elementor-widget-container\">\n\t\t\t\t\t\t\t\t\t<h2>Especificaciones:<\/h2><ul><li>Color: marr\u00f3n nano<\/li><li>Material: Silicona alimentaria<\/li><li>Di\u00e1metro de la rodaja redonda: 13 mm<\/li><li>Longitud total: 90 mm<\/li><\/ul>\t\t\t\t\t\t\t\t<\/div>\n\t\t\t\t<\/div>\n\t\t\t\t\t<\/div>\n\t\t<\/div>\n\t\t\t\t\t<\/div>\n\t\t<\/section>\n\t\t\t\t<\/div>","protected":false},"excerpt":{"rendered":"<p>&#8220;<strong>\u00bfTe preguntas c\u00f3mo limpiar eficazmente la lengua de tu beb\u00e9?<\/strong> Pruebe nuestro Cepillo Limpiador de Lengua de Silicona para Beb\u00e9s para eliminar la capa lingual con suavidad. Compre ahora para env\u00edo gratuito!\"<\/p>","protected":false},"featured_media":20500,"comment_status":"open","ping_status":"closed","template":"","meta":{"_acf_changed":false},"product_brand":[],"product_cat":[29],"product_tag":[895,893,705,894],"class_list":{"0":"post-20502","1":"product","2":"type-product","3":"status-publish","4":"has-post-thumbnail","6":"product_cat-best-baby-care","7":"product_tag-baby-care-kit","8":"product_tag-baby-tongue-cleaner","9":"product_tag-baby-toothbrush","10":"product_tag-infant-toothbrush","12":"first","13":"instock","14":"taxable","15":"shipping-taxable","16":"purchasable","17":"product-type-variable","18":"wvs-archive-product-wrapper"},"acf":[],"_links":{"self":[{"href":"https:\/\/babyvk.com\/es\/wp-json\/wp\/v2\/product\/20502","targetHints":{"allow":["GET"]}}],"collection":[{"href":"https:\/\/babyvk.com\/es\/wp-json\/wp\/v2\/product"}],"about":[{"href":"https:\/\/babyvk.com\/es\/wp-json\/wp\/v2\/types\/product"}],"replies":[{"embeddable":true,"href":"https:\/\/babyvk.com\/es\/wp-json\/wp\/v2\/comments?post=20502"}],"version-history":[{"count":0,"href":"https:\/\/babyvk.com\/es\/wp-json\/wp\/v2\/product\/20502\/revisions"}],"wp:featuredmedia":[{"embeddable":true,"href":"https:\/\/babyvk.com\/es\/wp-json\/wp\/v2\/media\/20500"}],"wp:attachment":[{"href":"https:\/\/babyvk.com\/es\/wp-json\/wp\/v2\/media?parent=20502"}],"wp:term":[{"taxonomy":"product_brand","embeddable":true,"href":"https:\/\/babyvk.com\/es\/wp-json\/wp\/v2\/product_brand?post=20502"},{"taxonomy":"product_cat","embeddable":true,"href":"https:\/\/babyvk.com\/es\/wp-json\/wp\/v2\/product_cat?post=20502"},{"taxonomy":"product_tag","embeddable":true,"href":"https:\/\/babyvk.com\/es\/wp-json\/wp\/v2\/product_tag?post=20502"}],"curies":[{"name":"wp","href":"https:\/\/api.w.org\/{rel}","templated":true}]}}