{"id":20489,"date":"2024-07-06T05:01:43","date_gmt":"2024-07-06T05:01:43","guid":{"rendered":"https:\/\/babyvk.com\/?post_type=product&#038;p=20489"},"modified":"2026-02-01T19:13:08","modified_gmt":"2026-02-01T19:13:08","slug":"dancing-talking-cactus-toy","status":"publish","type":"product","link":"https:\/\/babyvk.com\/es\/product\/dancing-talking-cactus-toy\/","title":{"rendered":"Cactus Parlanch\u00edn Bailar\u00edn"},"content":{"rendered":"<div data-elementor-type=\"product-post\" data-elementor-id=\"20489\" class=\"elementor elementor-20489\" data-elementor-post-type=\"product\">\n\t\t\t\t\t\t<section class=\"wd-negative-gap elementor-section elementor-top-section elementor-element elementor-element-f42bd14 elementor-section-boxed elementor-section-height-default elementor-section-height-default\" data-id=\"f42bd14\" data-element_type=\"section\">\n\t\t\t\t\t\t<div class=\"elementor-container elementor-column-gap-default\">\n\t\t\t\t\t<div class=\"elementor-column elementor-col-100 elementor-top-column elementor-element elementor-element-f08a127\" data-id=\"f08a127\" data-element_type=\"column\">\n\t\t\t<div class=\"elementor-widget-wrap elementor-element-populated\">\n\t\t\t\t\t\t<div class=\"elementor-element elementor-element-b416709 color-scheme-inherit text-left elementor-widget elementor-widget-text-editor\" data-id=\"b416709\" data-element_type=\"widget\" data-widget_type=\"text-editor.default\">\n\t\t\t\t<div class=\"elementor-widget-container\">\n\t\t\t\t\t\t\t\t\t<h2>Caracter\u00edsticas:<\/h2><ul class=\"a-unordered-list a-vertical a-spacing-mini\"><li class=\"a-spacing-mini\"><span class=\"a-list-item\">\ud83c\udf35\u3010Repeat Cactus Toy\/Talking Cactus Toy\u3011(Grabando &amp; Repitiendo &amp; Brillando &amp; Hablando &amp; Mene\u00e1ndose &amp; Imitando &amp; Cantando &amp; Bailando\uff09Dancing Cactus puede Repetir lo que dices, Dancing cactus se ilumina cantando.<\/span><\/li><li class=\"a-spacing-mini\"><span class=\"a-list-item\">\ud83c\udf35\u3010USB Charging Design\u3011Estos cactus bailarines el\u00e9ctricos pueden ser recargables con cable USB, los juguetes de cactus para los ni\u00f1os se pueden insertar en su ordenador port\u00e1til, banco de la energ\u00eda, y as\u00ed sucesivamente, simplemente gire el interruptor a \"ON\". As\u00ed, los ni\u00f1os pueden interactuar con el cactus bailar\u00edn y compartirlo con sus amigos.<\/span><\/li><li class=\"a-spacing-mini\"><span class=\"a-list-item\">\ud83c\udf35\u3010High Quality Material\u3011Juguetes de cactus bailar\u00edn hechos de felpa suave no t\u00f3xica e inofensiva, la tela del cactus bailar\u00edn es c\u00f3moda usted y sus hijos pueden jugar con confianza.<\/span><\/li><li class=\"a-spacing-mini\"><span class=\"a-list-item\">\ud83c\udf35\u3010LED Light Cactus Toys\u3011Nos comprometemos a proporcionar a los consumidores el producto y el servicio Premium,su SATISFACCI\u00d3N es lo m\u00e1s importante.Si no est\u00e1 completamente satisfecho con nuestro producto, no dude en ponerse en contacto con nosotros.Le daremos una soluci\u00f3n satisfactoria.<\/span><\/li><li class=\"a-spacing-mini\"><span class=\"a-list-item\">\u00a1\ud83c\udf35\u3010Educational Gift Toys\u3011Talking cactus juguete de regalo para sus hijos o friends.This divertido juguete sin duda har\u00e1 que la gente que reaceive que laugh! Juguete cactus imitando puede grabar lo que dices y seguir jugando.bailar cantando cactus juguetes de peluche,Juguetes para beb\u00e9s ni\u00f1os peque\u00f1os ni\u00f1os de 7 meses en adelante,Puede slso como una decoraci\u00f3n de la habitaci\u00f3n.<\/span><\/li><\/ul>\t\t\t\t\t\t\t\t<\/div>\n\t\t\t\t<\/div>\n\t\t\t\t\t<\/div>\n\t\t<\/div>\n\t\t\t\t\t<\/div>\n\t\t<\/section>\n\t\t\t\t<\/div>","protected":false},"excerpt":{"rendered":"<p>&#8220;<strong>\u00bfNecesita un juguete entretenido para sus hijos?<\/strong> El Juguete Cactus Parlanch\u00edn Bailar\u00edn canta, baila e imita el habla, creando diversi\u00f3n sin fin. Compre ahora y reciba el env\u00edo gratis\".<\/p>","protected":false},"featured_media":20483,"comment_status":"open","ping_status":"closed","template":"","meta":{"_acf_changed":false},"product_brand":[],"product_cat":[509],"product_tag":[889,892,888,890,891],"class_list":{"0":"post-20489","1":"product","2":"type-product","3":"status-publish","4":"has-post-thumbnail","6":"product_cat-best-baby-toys","7":"product_tag-cactus-baby-toy","8":"product_tag-dancing-cactus-mimicking","9":"product_tag-dancing-cactus-toy","10":"product_tag-repeating-cactus-toy","11":"product_tag-talking-cactus-toy-original","13":"first","14":"instock","15":"taxable","16":"shipping-taxable","17":"purchasable","18":"product-type-variable","19":"wvs-archive-product-wrapper"},"acf":[],"_links":{"self":[{"href":"https:\/\/babyvk.com\/es\/wp-json\/wp\/v2\/product\/20489","targetHints":{"allow":["GET"]}}],"collection":[{"href":"https:\/\/babyvk.com\/es\/wp-json\/wp\/v2\/product"}],"about":[{"href":"https:\/\/babyvk.com\/es\/wp-json\/wp\/v2\/types\/product"}],"replies":[{"embeddable":true,"href":"https:\/\/babyvk.com\/es\/wp-json\/wp\/v2\/comments?post=20489"}],"version-history":[{"count":1,"href":"https:\/\/babyvk.com\/es\/wp-json\/wp\/v2\/product\/20489\/revisions"}],"predecessor-version":[{"id":25266,"href":"https:\/\/babyvk.com\/es\/wp-json\/wp\/v2\/product\/20489\/revisions\/25266"}],"wp:featuredmedia":[{"embeddable":true,"href":"https:\/\/babyvk.com\/es\/wp-json\/wp\/v2\/media\/20483"}],"wp:attachment":[{"href":"https:\/\/babyvk.com\/es\/wp-json\/wp\/v2\/media?parent=20489"}],"wp:term":[{"taxonomy":"product_brand","embeddable":true,"href":"https:\/\/babyvk.com\/es\/wp-json\/wp\/v2\/product_brand?post=20489"},{"taxonomy":"product_cat","embeddable":true,"href":"https:\/\/babyvk.com\/es\/wp-json\/wp\/v2\/product_cat?post=20489"},{"taxonomy":"product_tag","embeddable":true,"href":"https:\/\/babyvk.com\/es\/wp-json\/wp\/v2\/product_tag?post=20489"}],"curies":[{"name":"wp","href":"https:\/\/api.w.org\/{rel}","templated":true}]}}