{"id":20472,"date":"2024-07-06T03:40:39","date_gmt":"2024-07-06T03:40:39","guid":{"rendered":"https:\/\/babyvk.com\/?post_type=product&#038;p=20472"},"modified":"2025-03-10T20:03:28","modified_gmt":"2025-03-10T20:03:28","slug":"8-in-1-baby-grooming-kit","status":"publish","type":"product","link":"https:\/\/babyvk.com\/es\/product\/8-in-1-baby-grooming-kit\/","title":{"rendered":"Kit de aseo para beb\u00e9s 8 en 1"},"content":{"rendered":"<div data-elementor-type=\"product-post\" data-elementor-id=\"20472\" class=\"elementor elementor-20472\" data-elementor-post-type=\"product\">\n\t\t\t\t\t\t<section class=\"wd-negative-gap elementor-section elementor-top-section elementor-element elementor-element-09a062a elementor-section-boxed elementor-section-height-default elementor-section-height-default\" data-id=\"09a062a\" data-element_type=\"section\">\n\t\t\t\t\t\t<div class=\"elementor-container elementor-column-gap-default\">\n\t\t\t\t\t<div class=\"elementor-column elementor-col-100 elementor-top-column elementor-element elementor-element-ae7c166\" data-id=\"ae7c166\" data-element_type=\"column\">\n\t\t\t<div class=\"elementor-widget-wrap elementor-element-populated\">\n\t\t\t\t\t\t<div class=\"elementor-element elementor-element-ad475ff color-scheme-inherit text-left elementor-widget elementor-widget-text-editor\" data-id=\"ad475ff\" data-element_type=\"widget\" data-widget_type=\"text-editor.default\">\n\t\t\t\t<div class=\"elementor-widget-container\">\n\t\t\t\t\t\t\t\t\t<h2>Caracter\u00edsticas:<\/h2><ul><li>8 juegos de art\u00edculos esenciales para reci\u00e9n nacidos (1 juego). Peines, peinetas, pinzas, corta\u00fa\u00f1as, aspirador nasal, cepillos de dientes para los dedos, tijeras de cabeza redonda pueden satisfacer las necesidades diarias de los beb\u00e9s. Las mejores necesidades\/suministros de beb\u00e9 para reci\u00e9n nacidos.<\/li><li>Duradero y port\u00e1til: Un kit de cuidado del beb\u00e9 con una caja de cremallera de almacenamiento duradero puede resolver este problema y hacer que el beb\u00e9 est\u00e9 sano y c\u00f3modo. Ya sea que est\u00e9 en casa o fuera de casa, todo es f\u00e1cil de llevar<\/li><li>Kit de aseo seguro para beb\u00e9s: Con el fin de hacer que cada beb\u00e9 siempre tenga un buen aseo y salud, hemos dise\u00f1ado este kit de aseo. El kit utiliza materiales de alta calidad y seguros para garantizar que no contiene BPA, y es seguro de usar para tranquilizar a los padres. Y proporcionar la mejor atenci\u00f3n m\u00e9dica para su beb\u00e9.<\/li><li>El cepillo est\u00e1 hecho de cerdas suaves, los dientes redondos del peine son muy suaves, lo que es especialmente delicado con el cuero cabelludo sensible de su beb\u00e9.<\/li><li>Bola de succi\u00f3n de silicona para beb\u00e9s: Apriete la bola de succi\u00f3n para aspirar los mocos. La boquilla de silicona es suave y c\u00f3moda, no da\u00f1a la nariz del beb\u00e9, piezas desmontables, f\u00e1cil de limpiar en cualquier momento.<\/li><\/ul>\t\t\t\t\t\t\t\t<\/div>\n\t\t\t\t<\/div>\n\t\t\t\t\t<\/div>\n\t\t<\/div>\n\t\t\t\t\t<\/div>\n\t\t<\/section>\n\t\t\t\t<section class=\"wd-negative-gap elementor-section elementor-top-section elementor-element elementor-element-98b6f9c elementor-section-boxed elementor-section-height-default elementor-section-height-default\" data-id=\"98b6f9c\" data-element_type=\"section\">\n\t\t\t\t\t\t<div class=\"elementor-container elementor-column-gap-default\">\n\t\t\t\t\t<div class=\"elementor-column elementor-col-100 elementor-top-column elementor-element elementor-element-ec84dc7\" data-id=\"ec84dc7\" data-element_type=\"column\">\n\t\t\t<div class=\"elementor-widget-wrap elementor-element-populated\">\n\t\t\t\t\t\t<div class=\"elementor-element elementor-element-d9b83bc color-scheme-inherit text-left elementor-widget elementor-widget-text-editor\" data-id=\"d9b83bc\" data-element_type=\"widget\" data-widget_type=\"text-editor.default\">\n\t\t\t\t<div class=\"elementor-widget-container\">\n\t\t\t\t\t\t\t\t\t<h2>Especificaciones:<\/h2><ul><li>Nombre: Kit de cuidado del beb\u00e9 8 en 1<\/li><li>Color: rosa, azul, amarillo<\/li><li>Material: Pl\u00e1stico + Silicona<\/li><li>Peso: 235 g<\/li><\/ul><h2>Lista de embalaje:<\/h2><p>1 * Cepillo<br \/>1 * Peine<br \/>1 * Corta\u00fa\u00f1as<br \/>1 * Cepillo de dientes para dedos<br \/>1 * Lima de u\u00f1as<br \/>1 * Limpiador nasal<br \/>1 * Par de tijeras<br \/>1 * Term\u00f3metros electr\u00f3nicos<\/p>\t\t\t\t\t\t\t\t<\/div>\n\t\t\t\t<\/div>\n\t\t\t\t\t<\/div>\n\t\t<\/div>\n\t\t\t\t\t<\/div>\n\t\t<\/section>\n\t\t\t\t<\/div>","protected":false},"excerpt":{"rendered":"<p>&#8220;<strong>\u00bfBusca la soluci\u00f3n perfecta para el aseo de su beb\u00e9?<\/strong> El Kit de aseo para beb\u00e9s 8 en 1 tiene todo lo que necesitas para mantener a tu beb\u00e9 aseado y sano. Compre ahora y reciba el env\u00edo gratis\".<\/p>","protected":false},"featured_media":20463,"comment_status":"open","ping_status":"closed","template":"","meta":{"_acf_changed":false},"product_brand":[],"product_cat":[29],"product_tag":[885,887,883,886,884],"class_list":{"0":"post-20472","1":"product","2":"type-product","3":"status-publish","4":"has-post-thumbnail","6":"product_cat-best-baby-care","7":"product_tag-finger-toothbrush","8":"product_tag-manicure-kit","9":"product_tag-nail-clipper","10":"product_tag-nail-scissors","11":"product_tag-nose-cleaner","13":"first","14":"instock","15":"taxable","16":"shipping-taxable","17":"purchasable","18":"product-type-variable","19":"wvs-archive-product-wrapper"},"acf":[],"_links":{"self":[{"href":"https:\/\/babyvk.com\/es\/wp-json\/wp\/v2\/product\/20472","targetHints":{"allow":["GET"]}}],"collection":[{"href":"https:\/\/babyvk.com\/es\/wp-json\/wp\/v2\/product"}],"about":[{"href":"https:\/\/babyvk.com\/es\/wp-json\/wp\/v2\/types\/product"}],"replies":[{"embeddable":true,"href":"https:\/\/babyvk.com\/es\/wp-json\/wp\/v2\/comments?post=20472"}],"version-history":[{"count":0,"href":"https:\/\/babyvk.com\/es\/wp-json\/wp\/v2\/product\/20472\/revisions"}],"wp:featuredmedia":[{"embeddable":true,"href":"https:\/\/babyvk.com\/es\/wp-json\/wp\/v2\/media\/20463"}],"wp:attachment":[{"href":"https:\/\/babyvk.com\/es\/wp-json\/wp\/v2\/media?parent=20472"}],"wp:term":[{"taxonomy":"product_brand","embeddable":true,"href":"https:\/\/babyvk.com\/es\/wp-json\/wp\/v2\/product_brand?post=20472"},{"taxonomy":"product_cat","embeddable":true,"href":"https:\/\/babyvk.com\/es\/wp-json\/wp\/v2\/product_cat?post=20472"},{"taxonomy":"product_tag","embeddable":true,"href":"https:\/\/babyvk.com\/es\/wp-json\/wp\/v2\/product_tag?post=20472"}],"curies":[{"name":"wp","href":"https:\/\/api.w.org\/{rel}","templated":true}]}}