{"id":20393,"date":"2024-07-05T17:51:31","date_gmt":"2024-07-05T17:51:31","guid":{"rendered":"https:\/\/babyvk.com\/?post_type=product&#038;p=20393"},"modified":"2025-09-08T17:06:39","modified_gmt":"2025-09-08T17:06:39","slug":"nursing-bras-for-breastfeeding","status":"publish","type":"product","link":"https:\/\/babyvk.com\/es\/product\/nursing-bras-for-breastfeeding\/","title":{"rendered":"Sujetadores de lactancia"},"content":{"rendered":"<div data-elementor-type=\"product-post\" data-elementor-id=\"20393\" class=\"elementor elementor-20393\" data-elementor-post-type=\"product\">\n\t\t\t\t\t\t<section class=\"wd-negative-gap elementor-section elementor-top-section elementor-element elementor-element-5794706 elementor-section-boxed elementor-section-height-default elementor-section-height-default\" data-id=\"5794706\" data-element_type=\"section\">\n\t\t\t\t\t\t<div class=\"elementor-container elementor-column-gap-default\">\n\t\t\t\t\t<div class=\"elementor-column elementor-col-100 elementor-top-column elementor-element elementor-element-555b2a8\" data-id=\"555b2a8\" data-element_type=\"column\">\n\t\t\t<div class=\"elementor-widget-wrap elementor-element-populated\">\n\t\t\t\t\t\t<div class=\"elementor-element elementor-element-5e7fbe0 color-scheme-inherit text-left elementor-widget elementor-widget-text-editor\" data-id=\"5e7fbe0\" data-element_type=\"widget\" data-widget_type=\"text-editor.default\">\n\t\t\t\t<div class=\"elementor-widget-container\">\n\t\t\t\t\t\t\t\t\t<h2>Caracter\u00edsticas:<\/h2><ol><li>\u00a090% Nylon + 10% Spandex<\/li><li>Cierre abierto para facilitar la lactancia, tirantes ajustables, 4 columnas y 3 filas de corchetes en la espalda<\/li><li>Sin costuras, sin aros, ajuste muy el\u00e1stico<\/li><li>F\u00e1cil de lavar, acolchado de espuma extra\u00edble, 100% Transpirable<\/li><li>Tejido suave como la mantequilla, se adapta c\u00f3modamente a tu forma cambiante<\/li><li>Respaldo en forma de U para mayor comodidad<\/li><\/ol>\t\t\t\t\t\t\t\t<\/div>\n\t\t\t\t<\/div>\n\t\t\t\t\t<\/div>\n\t\t<\/div>\n\t\t\t\t\t<\/div>\n\t\t<\/section>\n\t\t\t\t<section class=\"wd-negative-gap elementor-section elementor-top-section elementor-element elementor-element-d3ec959 elementor-section-boxed elementor-section-height-default elementor-section-height-default\" data-id=\"d3ec959\" data-element_type=\"section\">\n\t\t\t\t\t\t<div class=\"elementor-container elementor-column-gap-default\">\n\t\t\t\t\t<div class=\"elementor-column elementor-col-100 elementor-top-column elementor-element elementor-element-f8a6dd8\" data-id=\"f8a6dd8\" data-element_type=\"column\">\n\t\t\t<div class=\"elementor-widget-wrap elementor-element-populated\">\n\t\t\t\t\t\t<div class=\"elementor-element elementor-element-81685f8 color-scheme-inherit text-left elementor-widget elementor-widget-text-editor\" data-id=\"81685f8\" data-element_type=\"widget\" data-widget_type=\"text-editor.default\">\n\t\t\t\t<div class=\"elementor-widget-container\">\n\t\t\t\t\t\t\t\t\t<table style=\"height: 288px; width: 100%; border-collapse: collapse; border-style: solid; border-color: #707070; background-color: #e6e6e6;\"><tbody><tr style=\"height: 24px;\"><td style=\"width: 100%; text-align: center; height: 24px;\" colspan=\"4\"><span style=\"font-size: 18pt;\"><strong>Tabla de tallas de sujetador<\/strong><\/span><\/td><\/tr><tr style=\"height: 72px;\"><td style=\"width: 12.379%; height: 72px;\"><strong>Talla<\/strong><\/td><td style=\"width: 24.8145%; height: 72px;\"><strong>Tama\u00f1o recomendado<\/strong><\/td><td style=\"width: 31.267%; height: 72px;\"><strong>Bajo busto (cm)<\/strong><\/td><td style=\"width: 31.5395%; height: 72px;\"><strong>Busto (cm)<\/strong><\/td><\/tr><tr style=\"height: 48px;\"><td style=\"width: 12.379%; height: 48px;\">M<\/td><td style=\"width: 24.8145%; height: 48px;\">70A\/70B\/70C\/70D\/70E 75A\/75B\/75C\/75D\/75E<\/td><td style=\"width: 31.267%; height: 48px;\">68-77cm<\/td><td style=\"width: 31.5395%; height: 48px;\">78-97cm<\/td><\/tr><tr style=\"height: 48px;\"><td style=\"width: 12.379%; height: 48px;\">L<\/td><td style=\"width: 24.8145%; height: 48px;\">80A\/80B\/80C\/80D\/80E 85A\/85B\/85C\/85D\/85E<\/td><td style=\"width: 31.267%; height: 48px;\">78-87 cm<\/td><td style=\"width: 31.5395%; height: 48px;\">88-107 cm<\/td><\/tr><tr style=\"height: 48px;\"><td style=\"width: 12.379%; height: 48px;\">XL<\/td><td style=\"width: 24.8145%; height: 48px;\">90A\/90B\/90C\/90D\/90E 95A\/95B\/95C\/95D\/95E<\/td><td style=\"width: 31.267%; height: 48px;\">88-97cm<\/td><td style=\"width: 31.5395%; height: 48px;\">98-117 cm<\/td><\/tr><tr style=\"height: 48px;\"><td style=\"width: 12.379%; height: 48px;\">XXL<\/td><td style=\"width: 24.8145%; height: 48px;\">100A\/100B\/100C\/100D\/100E<br \/>105A\/105B\/105C\/105D\/105E<\/td><td style=\"width: 31.267%; height: 48px;\">98-107 cm<\/td><td style=\"width: 31.5395%; height: 48px;\">108-127 cm<\/td><\/tr><\/tbody><\/table>\t\t\t\t\t\t\t\t<\/div>\n\t\t\t\t<\/div>\n\t\t\t\t\t<\/div>\n\t\t<\/div>\n\t\t\t\t\t<\/div>\n\t\t<\/section>\n\t\t\t\t<section class=\"wd-negative-gap elementor-section elementor-top-section elementor-element elementor-element-6f528df elementor-section-boxed elementor-section-height-default elementor-section-height-default\" data-id=\"6f528df\" data-element_type=\"section\">\n\t\t\t\t\t\t<div class=\"elementor-container elementor-column-gap-default\">\n\t\t\t\t\t<div class=\"elementor-column elementor-col-100 elementor-top-column elementor-element elementor-element-fd8ffa0\" data-id=\"fd8ffa0\" data-element_type=\"column\">\n\t\t\t<div class=\"elementor-widget-wrap elementor-element-populated\">\n\t\t\t\t\t\t<div class=\"elementor-element elementor-element-d9afd99 color-scheme-inherit text-left elementor-widget elementor-widget-text-editor\" data-id=\"d9afd99\" data-element_type=\"widget\" data-widget_type=\"text-editor.default\">\n\t\t\t\t<div class=\"elementor-widget-container\">\n\t\t\t\t\t\t\t\t\t<p><span style=\"color: #ff6600;\">Nota: Debido a los diferentes m\u00e9todos de medici\u00f3n manual de la gama de error es de 1-3 cm, por favor, comprenda.<\/span><\/p>\t\t\t\t\t\t\t\t<\/div>\n\t\t\t\t<\/div>\n\t\t\t\t\t<\/div>\n\t\t<\/div>\n\t\t\t\t\t<\/div>\n\t\t<\/section>\n\t\t\t\t<\/div>","protected":false},"excerpt":{"rendered":"<p>&#8220;<strong>\u00bfBusca sujetadores de lactancia c\u00f3modos para dar el pecho?<\/strong> Nuestros sujetadores de lactancia garantizan comodidad y sujeci\u00f3n, haciendo que la lactancia sea m\u00e1s f\u00e1cil y c\u00f3moda. Compre ahora y reciba el env\u00edo gratis\".<\/p>","protected":false},"featured_media":20379,"comment_status":"open","ping_status":"closed","template":"","meta":{"_acf_changed":false},"product_brand":[],"product_cat":[20],"product_tag":[876,875,872,871,874,873],"class_list":{"0":"post-20393","1":"product","2":"type-product","3":"status-publish","4":"has-post-thumbnail","6":"product_cat-new-mom","7":"product_tag-breastfeeding-bra","8":"product_tag-maternity-bra","9":"product_tag-maternity-underwear","10":"product_tag-nursing-bras","11":"product_tag-nursing-tank-tops","12":"product_tag-pumping-bra","14":"first","15":"instock","16":"taxable","17":"shipping-taxable","18":"purchasable","19":"product-type-variable","20":"wvs-archive-product-wrapper"},"acf":[],"_links":{"self":[{"href":"https:\/\/babyvk.com\/es\/wp-json\/wp\/v2\/product\/20393","targetHints":{"allow":["GET"]}}],"collection":[{"href":"https:\/\/babyvk.com\/es\/wp-json\/wp\/v2\/product"}],"about":[{"href":"https:\/\/babyvk.com\/es\/wp-json\/wp\/v2\/types\/product"}],"replies":[{"embeddable":true,"href":"https:\/\/babyvk.com\/es\/wp-json\/wp\/v2\/comments?post=20393"}],"version-history":[{"count":0,"href":"https:\/\/babyvk.com\/es\/wp-json\/wp\/v2\/product\/20393\/revisions"}],"wp:featuredmedia":[{"embeddable":true,"href":"https:\/\/babyvk.com\/es\/wp-json\/wp\/v2\/media\/20379"}],"wp:attachment":[{"href":"https:\/\/babyvk.com\/es\/wp-json\/wp\/v2\/media?parent=20393"}],"wp:term":[{"taxonomy":"product_brand","embeddable":true,"href":"https:\/\/babyvk.com\/es\/wp-json\/wp\/v2\/product_brand?post=20393"},{"taxonomy":"product_cat","embeddable":true,"href":"https:\/\/babyvk.com\/es\/wp-json\/wp\/v2\/product_cat?post=20393"},{"taxonomy":"product_tag","embeddable":true,"href":"https:\/\/babyvk.com\/es\/wp-json\/wp\/v2\/product_tag?post=20393"}],"curies":[{"name":"wp","href":"https:\/\/api.w.org\/{rel}","templated":true}]}}