{"id":20328,"date":"2024-06-29T16:43:13","date_gmt":"2024-06-29T16:43:13","guid":{"rendered":"https:\/\/babyvk.com\/?post_type=product&#038;p=20328"},"modified":"2025-09-08T17:06:49","modified_gmt":"2025-09-08T17:06:49","slug":"disposable-breast-nursing-pads","status":"publish","type":"product","link":"https:\/\/babyvk.com\/es\/product\/disposable-breast-nursing-pads\/","title":{"rendered":"Discos absorbentes desechables"},"content":{"rendered":"<div data-elementor-type=\"product-post\" data-elementor-id=\"20328\" class=\"elementor elementor-20328\" data-elementor-post-type=\"product\">\n\t\t\t\t\t\t<section class=\"wd-negative-gap elementor-section elementor-top-section elementor-element elementor-element-3c9e7ce elementor-section-boxed elementor-section-height-default elementor-section-height-default\" data-id=\"3c9e7ce\" data-element_type=\"section\">\n\t\t\t\t\t\t<div class=\"elementor-container elementor-column-gap-default\">\n\t\t\t\t\t<div class=\"elementor-column elementor-col-100 elementor-top-column elementor-element elementor-element-2814bca\" data-id=\"2814bca\" data-element_type=\"column\">\n\t\t\t<div class=\"elementor-widget-wrap elementor-element-populated\">\n\t\t\t\t\t\t<div class=\"elementor-element elementor-element-c5327d4 color-scheme-inherit text-left elementor-widget elementor-widget-text-editor\" data-id=\"c5327d4\" data-element_type=\"widget\" data-widget_type=\"text-editor.default\">\n\t\t\t\t<div class=\"elementor-widget-container\">\n\t\t\t\t\t\t\t\t\t<h2>Descripci\u00f3n<\/h2><p>Las nuevas mam\u00e1s no deber\u00edan preocuparse por las p\u00e9rdidas. Los discos absorbentes desechables BabyVK son superabsorbentes para una mayor seguridad. Con la confianza de padres de todo el mundo, los discos absorbentes BabyVK te mantienen seca y c\u00f3moda durante todo el d\u00eda y la noche. Nuestros discos est\u00e1n envueltos individualmente para mayor comodidad. Su forma fina y contorneada ofrece un ajuste discreto y dos tiras adhesivas ayudan a que los discos se mantengan en su sitio. Sin l\u00e1tex. Sin BPA ni BPS. Estos discos de lactancia son un producto con certificaci\u00f3n FSC, fabricado con material procedente de bosques bien gestionados con certificaci\u00f3n FSC y con materiales reciclados.<\/p>\t\t\t\t\t\t\t\t<\/div>\n\t\t\t\t<\/div>\n\t\t\t\t\t<\/div>\n\t\t<\/div>\n\t\t\t\t\t<\/div>\n\t\t<\/section>\n\t\t\t\t<section class=\"wd-negative-gap elementor-section elementor-top-section elementor-element elementor-element-1722da1 elementor-section-boxed elementor-section-height-default elementor-section-height-default\" data-id=\"1722da1\" data-element_type=\"section\">\n\t\t\t\t\t\t<div class=\"elementor-container elementor-column-gap-default\">\n\t\t\t\t\t<div class=\"elementor-column elementor-col-100 elementor-top-column elementor-element elementor-element-1c49e24\" data-id=\"1c49e24\" data-element_type=\"column\">\n\t\t\t<div class=\"elementor-widget-wrap elementor-element-populated\">\n\t\t\t\t\t\t<div class=\"elementor-element elementor-element-0c10628 color-scheme-inherit text-left elementor-widget elementor-widget-text-editor\" data-id=\"0c10628\" data-element_type=\"widget\" data-widget_type=\"text-editor.default\">\n\t\t\t\t<div class=\"elementor-widget-container\">\n\t\t\t\t\t\t\t\t\t<h2>Caracter\u00edsticas<\/h2><ol><li>ABSORCI\u00d3N SUPERIOR PARA UNA CONFIANZA EXTRA - Estos absorbentes absorben 20 veces su peso para mantenerte segura y seca d\u00eda y noche.<\/li><li>RECOMENDADOS POR LAS MAM\u00c1S - C\u00f3modos, f\u00e1ciles de usar y muy absorbentes, los discos absorbentes tienen un n\u00facleo InvisiLock para capturar y dispersar la humedad al instante.<\/li><li>LIBRE DE FRAGANCIAS - Tambi\u00e9n seguro y c\u00f3modo para la piel de la mam\u00e1, adem\u00e1s de libre de BPA y BPS.<\/li><li>ENVUELTAS INDIVIDUALMENTE PARA TU CONVENIENCIA - El envoltorio higi\u00e9nico mantiene las compresas limpias dondequiera que las guardes.<\/li><li>BOLSAS DE AIRE TRANSPIRABLES PARA UNA PIEL SANA - Testadas por dermat\u00f3logos y muy suaves para pieles sensibles.<\/li><li>AJUSTE DISCRETO - Forma delgada y contorneada para un ajuste discreto.<\/li><\/ol>\t\t\t\t\t\t\t\t<\/div>\n\t\t\t\t<\/div>\n\t\t\t\t\t<\/div>\n\t\t<\/div>\n\t\t\t\t\t<\/div>\n\t\t<\/section>\n\t\t\t\t<section class=\"wd-negative-gap elementor-section elementor-top-section elementor-element elementor-element-73f4a9c elementor-section-boxed elementor-section-height-default elementor-section-height-default\" data-id=\"73f4a9c\" data-element_type=\"section\">\n\t\t\t\t\t\t<div class=\"elementor-container elementor-column-gap-default\">\n\t\t\t\t\t<div class=\"elementor-column elementor-col-100 elementor-top-column elementor-element elementor-element-9b7a728\" data-id=\"9b7a728\" data-element_type=\"column\">\n\t\t\t<div class=\"elementor-widget-wrap elementor-element-populated\">\n\t\t\t\t\t\t<div class=\"elementor-element elementor-element-9c7a61c elementor-widget elementor-widget-wd_image_or_svg\" data-id=\"9c7a61c\" data-element_type=\"widget\" data-widget_type=\"wd_image_or_svg.default\">\n\t\t\t\t<div class=\"elementor-widget-container\">\n\t\t\t\t\t\n\t\t<div class=\"wd-image text-left\">\n\t\t\t\t\t\t\t\t<img fetchpriority=\"high\" decoding=\"async\" width=\"1000\" height=\"1000\" src=\"https:\/\/babyvk.com\/wp-content\/uploads\/2024\/06\/nursing-bras-for-breastfeeding-and-pumping.jpg\" class=\"attachment-full size-full wvs-archive-product-image\" alt=\"discos absorbentes para la lactancia\" srcset=\"https:\/\/babyvk.com\/wp-content\/uploads\/2024\/06\/nursing-bras-for-breastfeeding-and-pumping.jpg 1000w, https:\/\/babyvk.com\/wp-content\/uploads\/2024\/06\/nursing-bras-for-breastfeeding-and-pumping-300x300.jpg 300w, https:\/\/babyvk.com\/wp-content\/uploads\/2024\/06\/nursing-bras-for-breastfeeding-and-pumping-800x800.jpg 800w, https:\/\/babyvk.com\/wp-content\/uploads\/2024\/06\/nursing-bras-for-breastfeeding-and-pumping-150x150.jpg 150w, https:\/\/babyvk.com\/wp-content\/uploads\/2024\/06\/nursing-bras-for-breastfeeding-and-pumping-768x768.jpg 768w, https:\/\/babyvk.com\/wp-content\/uploads\/2024\/06\/nursing-bras-for-breastfeeding-and-pumping-860x860.jpg 860w, https:\/\/babyvk.com\/wp-content\/uploads\/2024\/06\/nursing-bras-for-breastfeeding-and-pumping-430x430.jpg 430w, https:\/\/babyvk.com\/wp-content\/uploads\/2024\/06\/nursing-bras-for-breastfeeding-and-pumping-700x700.jpg 700w, https:\/\/babyvk.com\/wp-content\/uploads\/2024\/06\/nursing-bras-for-breastfeeding-and-pumping-100x100.jpg 100w, https:\/\/babyvk.com\/wp-content\/uploads\/2024\/06\/nursing-bras-for-breastfeeding-and-pumping-50x50.jpg 50w\" sizes=\"(max-width: 1000px) 100vw, 1000px\" title=\"\">\t\t\t\t\t<\/div>\n\n\t\t\t\t\t\t<\/div>\n\t\t\t\t<\/div>\n\t\t\t\t<div class=\"elementor-element elementor-element-283f67a elementor-widget elementor-widget-wd_image_or_svg\" data-id=\"283f67a\" data-element_type=\"widget\" data-widget_type=\"wd_image_or_svg.default\">\n\t\t\t\t<div class=\"elementor-widget-container\">\n\t\t\t\t\t\n\t\t<div class=\"wd-image text-left\">\n\t\t\t\t\t\t\t\t<img decoding=\"async\" width=\"1000\" height=\"1000\" src=\"https:\/\/babyvk.com\/wp-content\/uploads\/2024\/06\/disposable-nursing-pads.jpg\" class=\"attachment-full size-full wvs-archive-product-image\" alt=\"Discos absorbentes desechables\" srcset=\"https:\/\/babyvk.com\/wp-content\/uploads\/2024\/06\/disposable-nursing-pads.jpg 1000w, https:\/\/babyvk.com\/wp-content\/uploads\/2024\/06\/disposable-nursing-pads-300x300.jpg 300w, https:\/\/babyvk.com\/wp-content\/uploads\/2024\/06\/disposable-nursing-pads-800x800.jpg 800w, https:\/\/babyvk.com\/wp-content\/uploads\/2024\/06\/disposable-nursing-pads-150x150.jpg 150w, https:\/\/babyvk.com\/wp-content\/uploads\/2024\/06\/disposable-nursing-pads-768x768.jpg 768w, https:\/\/babyvk.com\/wp-content\/uploads\/2024\/06\/disposable-nursing-pads-860x860.jpg 860w, https:\/\/babyvk.com\/wp-content\/uploads\/2024\/06\/disposable-nursing-pads-430x430.jpg 430w, https:\/\/babyvk.com\/wp-content\/uploads\/2024\/06\/disposable-nursing-pads-700x700.jpg 700w, https:\/\/babyvk.com\/wp-content\/uploads\/2024\/06\/disposable-nursing-pads-100x100.jpg 100w, https:\/\/babyvk.com\/wp-content\/uploads\/2024\/06\/disposable-nursing-pads-50x50.jpg 50w\" sizes=\"(max-width: 1000px) 100vw, 1000px\" title=\"\">\t\t\t\t\t<\/div>\n\n\t\t\t\t\t\t<\/div>\n\t\t\t\t<\/div>\n\t\t\t\t<div class=\"elementor-element elementor-element-a8bf9c2 elementor-widget elementor-widget-wd_image_or_svg\" data-id=\"a8bf9c2\" data-element_type=\"widget\" data-widget_type=\"wd_image_or_svg.default\">\n\t\t\t\t<div class=\"elementor-widget-container\">\n\t\t\t\t\t\n\t\t<div class=\"wd-image text-left\">\n\t\t\t\t\t\t\t\t<img decoding=\"async\" width=\"1000\" height=\"1000\" src=\"https:\/\/babyvk.com\/wp-content\/uploads\/2024\/06\/breast-pads-disposable.jpg\" class=\"attachment-full size-full wvs-archive-product-image\" alt=\"discos absorbentes desechables\" srcset=\"https:\/\/babyvk.com\/wp-content\/uploads\/2024\/06\/breast-pads-disposable.jpg 1000w, https:\/\/babyvk.com\/wp-content\/uploads\/2024\/06\/breast-pads-disposable-300x300.jpg 300w, https:\/\/babyvk.com\/wp-content\/uploads\/2024\/06\/breast-pads-disposable-800x800.jpg 800w, https:\/\/babyvk.com\/wp-content\/uploads\/2024\/06\/breast-pads-disposable-150x150.jpg 150w, https:\/\/babyvk.com\/wp-content\/uploads\/2024\/06\/breast-pads-disposable-768x768.jpg 768w, https:\/\/babyvk.com\/wp-content\/uploads\/2024\/06\/breast-pads-disposable-860x860.jpg 860w, https:\/\/babyvk.com\/wp-content\/uploads\/2024\/06\/breast-pads-disposable-430x430.jpg 430w, https:\/\/babyvk.com\/wp-content\/uploads\/2024\/06\/breast-pads-disposable-700x700.jpg 700w, https:\/\/babyvk.com\/wp-content\/uploads\/2024\/06\/breast-pads-disposable-100x100.jpg 100w, https:\/\/babyvk.com\/wp-content\/uploads\/2024\/06\/breast-pads-disposable-50x50.jpg 50w\" sizes=\"(max-width: 1000px) 100vw, 1000px\" title=\"\">\t\t\t\t\t<\/div>\n\n\t\t\t\t\t\t<\/div>\n\t\t\t\t<\/div>\n\t\t\t\t<div class=\"elementor-element elementor-element-813e169 elementor-widget elementor-widget-image\" data-id=\"813e169\" data-element_type=\"widget\" data-widget_type=\"image.default\">\n\t\t\t\t<div class=\"elementor-widget-container\">\n\t\t\t\t\t\t\t\t\t\t\t\t\t\t\t<img loading=\"lazy\" decoding=\"async\" width=\"800\" height=\"800\" src=\"https:\/\/babyvk.com\/wp-content\/themes\/woodmart\/images\/lazy.svg\" data-src=\"https:\/\/babyvk.com\/wp-content\/uploads\/2024\/06\/disposable-nursing-pads-for-breastfeeding-800x800.jpg\" class=\"wd-lazy-blur attachment-large size-large wp-image-20352 wvs-archive-product-image\" alt=\"Discos absorbentes desechables\" srcset=\"\" data-srcset=\"https:\/\/babyvk.com\/wp-content\/uploads\/2024\/06\/disposable-nursing-pads-for-breastfeeding-800x800.jpg 800w, https:\/\/babyvk.com\/wp-content\/uploads\/2024\/06\/disposable-nursing-pads-for-breastfeeding-300x300.jpg 300w, https:\/\/babyvk.com\/wp-content\/uploads\/2024\/06\/disposable-nursing-pads-for-breastfeeding-150x150.jpg 150w, https:\/\/babyvk.com\/wp-content\/uploads\/2024\/06\/disposable-nursing-pads-for-breastfeeding-768x768.jpg 768w, https:\/\/babyvk.com\/wp-content\/uploads\/2024\/06\/disposable-nursing-pads-for-breastfeeding-860x860.jpg 860w, https:\/\/babyvk.com\/wp-content\/uploads\/2024\/06\/disposable-nursing-pads-for-breastfeeding-430x430.jpg 430w, https:\/\/babyvk.com\/wp-content\/uploads\/2024\/06\/disposable-nursing-pads-for-breastfeeding-700x700.jpg 700w, https:\/\/babyvk.com\/wp-content\/uploads\/2024\/06\/disposable-nursing-pads-for-breastfeeding-100x100.jpg 100w, https:\/\/babyvk.com\/wp-content\/uploads\/2024\/06\/disposable-nursing-pads-for-breastfeeding-50x50.jpg 50w, https:\/\/babyvk.com\/wp-content\/uploads\/2024\/06\/disposable-nursing-pads-for-breastfeeding.jpg 1000w\" sizes=\"(max-width: 800px) 100vw, 800px\" title=\"\">\t\t\t\t\t\t\t\t\t\t\t\t\t\t\t<\/div>\n\t\t\t\t<\/div>\n\t\t\t\t\t<\/div>\n\t\t<\/div>\n\t\t\t\t\t<\/div>\n\t\t<\/section>\n\t\t\t\t<\/div>","protected":false},"excerpt":{"rendered":"<p>\"<strong>Mam\u00e1s primerizas, \u00bfos preocupan las p\u00e9rdidas?<\/strong> Con los Discos Absorbentes Desechables de Lactancia, mant\u00e9ngase seca y segura todo el d\u00eda. Compre ahora y reciba el env\u00edo gratis\".<\/p>","protected":false},"featured_media":20354,"comment_status":"open","ping_status":"closed","template":"","meta":{"_acf_changed":false},"product_brand":[],"product_cat":[20],"product_tag":[866,869,868,865,867,870],"class_list":{"0":"post-20328","1":"product","2":"type-product","3":"status-publish","4":"has-post-thumbnail","6":"product_cat-new-mom","7":"product_tag-breast-pads-for-leaking-milk","8":"product_tag-breastfeeding-pads","9":"product_tag-disposable-nursing-pads","10":"product_tag-nipple-shields-for-breastfeeding-newborn","11":"product_tag-nursing-pads-disposable","12":"product_tag-nursing-pads-for-breastfeeding","14":"first","15":"instock","16":"sale","17":"taxable","18":"shipping-taxable","19":"purchasable","20":"product-type-variable","21":"wvs-archive-product-wrapper"},"acf":[],"_links":{"self":[{"href":"https:\/\/babyvk.com\/es\/wp-json\/wp\/v2\/product\/20328","targetHints":{"allow":["GET"]}}],"collection":[{"href":"https:\/\/babyvk.com\/es\/wp-json\/wp\/v2\/product"}],"about":[{"href":"https:\/\/babyvk.com\/es\/wp-json\/wp\/v2\/types\/product"}],"replies":[{"embeddable":true,"href":"https:\/\/babyvk.com\/es\/wp-json\/wp\/v2\/comments?post=20328"}],"version-history":[{"count":0,"href":"https:\/\/babyvk.com\/es\/wp-json\/wp\/v2\/product\/20328\/revisions"}],"wp:featuredmedia":[{"embeddable":true,"href":"https:\/\/babyvk.com\/es\/wp-json\/wp\/v2\/media\/20354"}],"wp:attachment":[{"href":"https:\/\/babyvk.com\/es\/wp-json\/wp\/v2\/media?parent=20328"}],"wp:term":[{"taxonomy":"product_brand","embeddable":true,"href":"https:\/\/babyvk.com\/es\/wp-json\/wp\/v2\/product_brand?post=20328"},{"taxonomy":"product_cat","embeddable":true,"href":"https:\/\/babyvk.com\/es\/wp-json\/wp\/v2\/product_cat?post=20328"},{"taxonomy":"product_tag","embeddable":true,"href":"https:\/\/babyvk.com\/es\/wp-json\/wp\/v2\/product_tag?post=20328"}],"curies":[{"name":"wp","href":"https:\/\/api.w.org\/{rel}","templated":true}]}}