{"id":20152,"date":"2024-06-04T13:08:29","date_gmt":"2024-06-04T13:08:29","guid":{"rendered":"https:\/\/babyvk.com\/?post_type=product&#038;p=20152"},"modified":"2025-03-10T20:03:29","modified_gmt":"2025-03-10T20:03:29","slug":"baby-waterproof-ear-stickers-for-swimming","status":"publish","type":"product","link":"https:\/\/babyvk.com\/es\/product\/baby-waterproof-ear-stickers-for-swimming\/","title":{"rendered":"Pegatinas impermeables para beb\u00e9s"},"content":{"rendered":"<div data-elementor-type=\"product-post\" data-elementor-id=\"20152\" class=\"elementor elementor-20152\" data-elementor-post-type=\"product\">\n\t\t\t\t\t\t<section class=\"wd-negative-gap elementor-section elementor-top-section elementor-element elementor-element-b8e18ad elementor-section-boxed elementor-section-height-default elementor-section-height-default\" data-id=\"b8e18ad\" data-element_type=\"section\">\n\t\t\t\t\t\t<div class=\"elementor-container elementor-column-gap-default\">\n\t\t\t\t\t<div class=\"elementor-column elementor-col-100 elementor-top-column elementor-element elementor-element-ed0cd97\" data-id=\"ed0cd97\" data-element_type=\"column\">\n\t\t\t<div class=\"elementor-widget-wrap elementor-element-populated\">\n\t\t\t\t\t\t<div class=\"elementor-element elementor-element-5a90991 color-scheme-inherit text-left elementor-widget elementor-widget-text-editor\" data-id=\"5a90991\" data-element_type=\"widget\" data-widget_type=\"text-editor.default\">\n\t\t\t\t<div class=\"elementor-widget-container\">\n\t\t\t\t\t\t\t\t\t<h2>Caracter\u00edsticas:<\/h2><ul><li><strong>Mantener alejado del agua:<\/strong> estos protectores de o\u00eddos para la ducha evitar\u00e1n que el agua entre en los o\u00eddos, reduciendo as\u00ed la incomodidad de los beb\u00e9s, permiti\u00e9ndoles tener una agradable experiencia de ba\u00f1o, tambi\u00e9n le resultar\u00e1 f\u00e1cil lavarlos<\/li><li><strong>Adecuadamente cubierto:<\/strong> Las pegatinas impermeables para las orejas de los ni\u00f1os miden aprox. 7 x 4,5 cm (2,76 x 1,78 pulgadas) y son adecuadas para cubrir las orejas de los beb\u00e9s. El dise\u00f1o ovalado se adapta a la forma de las orejas y evita el agua.<\/li><li><strong>Dise\u00f1o completo:<\/strong> bLa capa exterior de las orejeras de ba\u00f1o para beb\u00e9s es una pel\u00edcula transparente desechable que cubre toda la oreja y no se desprende f\u00e1cilmente.<\/li><li><strong>C\u00f3modo de cubrir:<\/strong> El tap\u00f3n impermeable para la ducha est\u00e1 hecho de una suave pel\u00edcula de PU transpirable, impermeable, agradable a la piel, f\u00e1cil de llevar y de pelar, los ni\u00f1os peque\u00f1os se sentir\u00e1n c\u00f3modos cuando se ba\u00f1en o se duchen y poco a poco les gustar\u00e1 el proceso<\/li><li><strong>F\u00e1cil de llevar:<\/strong> Las pegatinas para las orejas de nataci\u00f3n son compactas y port\u00e1tiles, por lo que pueden colocarse en el equipaje cuando se viaja, para que los ni\u00f1os disfruten de la playa y jueguen con entusiasmo.<\/li><\/ul>\t\t\t\t\t\t\t\t<\/div>\n\t\t\t\t<\/div>\n\t\t\t\t<div class=\"elementor-element elementor-element-3940e25 color-scheme-inherit text-left elementor-widget elementor-widget-text-editor\" data-id=\"3940e25\" data-element_type=\"widget\" data-widget_type=\"text-editor.default\">\n\t\t\t\t<div class=\"elementor-widget-container\">\n\t\t\t\t\t\t\t\t\t<h2>Especificaciones:<\/h2><ul><li>Material: Cinta de pel\u00edcula de poliuretano<\/li><li>Tama\u00f1o: 4,4*6,8 cm<\/li><li>Caducidad: 3 a\u00f1os<\/li><li>Edad adecuada: todas las edades<\/li><\/ul><h2>El embalaje incluye :<\/h2><ul><li>100 * Protector auricular impermeable<\/li><\/ul><p><strong>Nota: Los ni\u00f1os peque\u00f1os necesitan aplicar un poco de crema hidratante antes de usarla, para que sea f\u00e1cil de abrir.<\/strong><\/p>\t\t\t\t\t\t\t\t<\/div>\n\t\t\t\t<\/div>\n\t\t\t\t\t<\/div>\n\t\t<\/div>\n\t\t\t\t\t<\/div>\n\t\t<\/section>\n\t\t\t\t<section class=\"wd-negative-gap elementor-section elementor-top-section elementor-element elementor-element-253e1d9 elementor-section-boxed elementor-section-height-default elementor-section-height-default\" data-id=\"253e1d9\" data-element_type=\"section\">\n\t\t\t\t\t\t<div class=\"elementor-container elementor-column-gap-default\">\n\t\t\t\t\t<div class=\"elementor-column elementor-col-100 elementor-top-column elementor-element elementor-element-101fc08\" data-id=\"101fc08\" data-element_type=\"column\">\n\t\t\t<div class=\"elementor-widget-wrap elementor-element-populated\">\n\t\t\t\t\t\t<div class=\"elementor-element elementor-element-56d2641 elementor-widget elementor-widget-wd_image_or_svg\" data-id=\"56d2641\" data-element_type=\"widget\" data-widget_type=\"wd_image_or_svg.default\">\n\t\t\t\t<div class=\"elementor-widget-container\">\n\t\t\t\t\t\n\t\t<div class=\"wd-image text-left\">\n\t\t\t\t\t\t\t\t<img fetchpriority=\"high\" decoding=\"async\" width=\"1600\" height=\"1600\" src=\"https:\/\/babyvk.com\/wp-content\/uploads\/2024\/06\/swim-ear-plugs-kids.jpg\" class=\"attachment-full size-full wvs-archive-product-image\" alt=\"protecci\u00f3n auditiva para reci\u00e9n nacidos\" srcset=\"https:\/\/babyvk.com\/wp-content\/uploads\/2024\/06\/swim-ear-plugs-kids.jpg 1600w, https:\/\/babyvk.com\/wp-content\/uploads\/2024\/06\/swim-ear-plugs-kids-300x300.jpg 300w, https:\/\/babyvk.com\/wp-content\/uploads\/2024\/06\/swim-ear-plugs-kids-800x800.jpg 800w, https:\/\/babyvk.com\/wp-content\/uploads\/2024\/06\/swim-ear-plugs-kids-150x150.jpg 150w, https:\/\/babyvk.com\/wp-content\/uploads\/2024\/06\/swim-ear-plugs-kids-768x768.jpg 768w, https:\/\/babyvk.com\/wp-content\/uploads\/2024\/06\/swim-ear-plugs-kids-1536x1536.jpg 1536w, https:\/\/babyvk.com\/wp-content\/uploads\/2024\/06\/swim-ear-plugs-kids-860x860.jpg 860w, https:\/\/babyvk.com\/wp-content\/uploads\/2024\/06\/swim-ear-plugs-kids-430x430.jpg 430w, https:\/\/babyvk.com\/wp-content\/uploads\/2024\/06\/swim-ear-plugs-kids-700x700.jpg 700w, https:\/\/babyvk.com\/wp-content\/uploads\/2024\/06\/swim-ear-plugs-kids-100x100.jpg 100w, https:\/\/babyvk.com\/wp-content\/uploads\/2024\/06\/swim-ear-plugs-kids-50x50.jpg 50w\" sizes=\"(max-width: 1600px) 100vw, 1600px\" title=\"\">\t\t\t\t\t<\/div>\n\n\t\t\t\t\t\t<\/div>\n\t\t\t\t<\/div>\n\t\t\t\t<div class=\"elementor-element elementor-element-5bd2b62 elementor-widget elementor-widget-wd_image_or_svg\" data-id=\"5bd2b62\" data-element_type=\"widget\" data-widget_type=\"wd_image_or_svg.default\">\n\t\t\t\t<div class=\"elementor-widget-container\">\n\t\t\t\t\t\n\t\t<div class=\"wd-image text-left\">\n\t\t\t\t\t\t\t\t<img decoding=\"async\" width=\"1600\" height=\"1600\" src=\"https:\/\/babyvk.com\/wp-content\/uploads\/2024\/06\/ear-covers-for-swimming.jpg\" class=\"attachment-full size-full wvs-archive-product-image\" alt=\"protectores auditivos para el ba\u00f1o del beb\u00e9\" srcset=\"https:\/\/babyvk.com\/wp-content\/uploads\/2024\/06\/ear-covers-for-swimming.jpg 1600w, https:\/\/babyvk.com\/wp-content\/uploads\/2024\/06\/ear-covers-for-swimming-300x300.jpg 300w, https:\/\/babyvk.com\/wp-content\/uploads\/2024\/06\/ear-covers-for-swimming-800x800.jpg 800w, https:\/\/babyvk.com\/wp-content\/uploads\/2024\/06\/ear-covers-for-swimming-150x150.jpg 150w, https:\/\/babyvk.com\/wp-content\/uploads\/2024\/06\/ear-covers-for-swimming-768x768.jpg 768w, https:\/\/babyvk.com\/wp-content\/uploads\/2024\/06\/ear-covers-for-swimming-1536x1536.jpg 1536w, https:\/\/babyvk.com\/wp-content\/uploads\/2024\/06\/ear-covers-for-swimming-860x860.jpg 860w, https:\/\/babyvk.com\/wp-content\/uploads\/2024\/06\/ear-covers-for-swimming-430x430.jpg 430w, https:\/\/babyvk.com\/wp-content\/uploads\/2024\/06\/ear-covers-for-swimming-700x700.jpg 700w, https:\/\/babyvk.com\/wp-content\/uploads\/2024\/06\/ear-covers-for-swimming-100x100.jpg 100w, https:\/\/babyvk.com\/wp-content\/uploads\/2024\/06\/ear-covers-for-swimming-50x50.jpg 50w\" sizes=\"(max-width: 1600px) 100vw, 1600px\" title=\"\">\t\t\t\t\t<\/div>\n\n\t\t\t\t\t\t<\/div>\n\t\t\t\t<\/div>\n\t\t\t\t<div class=\"elementor-element elementor-element-3e57ff2 elementor-widget elementor-widget-wd_image_or_svg\" data-id=\"3e57ff2\" data-element_type=\"widget\" data-widget_type=\"wd_image_or_svg.default\">\n\t\t\t\t<div class=\"elementor-widget-container\">\n\t\t\t\t\t\n\t\t<div class=\"wd-image text-left\">\n\t\t\t\t\t\t\t\t<img decoding=\"async\" width=\"1600\" height=\"1600\" src=\"https:\/\/babyvk.com\/wp-content\/uploads\/2024\/06\/toddler-earplugs-forswimming.jpg\" class=\"attachment-full size-full wvs-archive-product-image\" alt=\"tapones para ni\u00f1os peque\u00f1os\" srcset=\"https:\/\/babyvk.com\/wp-content\/uploads\/2024\/06\/toddler-earplugs-forswimming.jpg 1600w, https:\/\/babyvk.com\/wp-content\/uploads\/2024\/06\/toddler-earplugs-forswimming-300x300.jpg 300w, https:\/\/babyvk.com\/wp-content\/uploads\/2024\/06\/toddler-earplugs-forswimming-800x800.jpg 800w, https:\/\/babyvk.com\/wp-content\/uploads\/2024\/06\/toddler-earplugs-forswimming-150x150.jpg 150w, https:\/\/babyvk.com\/wp-content\/uploads\/2024\/06\/toddler-earplugs-forswimming-768x768.jpg 768w, https:\/\/babyvk.com\/wp-content\/uploads\/2024\/06\/toddler-earplugs-forswimming-1536x1536.jpg 1536w, https:\/\/babyvk.com\/wp-content\/uploads\/2024\/06\/toddler-earplugs-forswimming-860x860.jpg 860w, https:\/\/babyvk.com\/wp-content\/uploads\/2024\/06\/toddler-earplugs-forswimming-430x430.jpg 430w, https:\/\/babyvk.com\/wp-content\/uploads\/2024\/06\/toddler-earplugs-forswimming-700x700.jpg 700w, https:\/\/babyvk.com\/wp-content\/uploads\/2024\/06\/toddler-earplugs-forswimming-100x100.jpg 100w, https:\/\/babyvk.com\/wp-content\/uploads\/2024\/06\/toddler-earplugs-forswimming-50x50.jpg 50w\" sizes=\"(max-width: 1600px) 100vw, 1600px\" title=\"\">\t\t\t\t\t<\/div>\n\n\t\t\t\t\t\t<\/div>\n\t\t\t\t<\/div>\n\t\t\t\t<div class=\"elementor-element elementor-element-7cd6326 elementor-widget elementor-widget-wd_image_or_svg\" data-id=\"7cd6326\" data-element_type=\"widget\" data-widget_type=\"wd_image_or_svg.default\">\n\t\t\t\t<div class=\"elementor-widget-container\">\n\t\t\t\t\t\n\t\t<div class=\"wd-image text-left\">\n\t\t\t\t\t\t\t\t<img loading=\"lazy\" decoding=\"async\" width=\"1600\" height=\"1600\" src=\"https:\/\/babyvk.com\/wp-content\/uploads\/2024\/06\/baby-ear-covers-for-shower.jpg\" class=\"attachment-full size-full wvs-archive-product-image\" alt=\"tapones impermeables para nadar\" srcset=\"https:\/\/babyvk.com\/wp-content\/uploads\/2024\/06\/baby-ear-covers-for-shower.jpg 1600w, https:\/\/babyvk.com\/wp-content\/uploads\/2024\/06\/baby-ear-covers-for-shower-300x300.jpg 300w, https:\/\/babyvk.com\/wp-content\/uploads\/2024\/06\/baby-ear-covers-for-shower-800x800.jpg 800w, https:\/\/babyvk.com\/wp-content\/uploads\/2024\/06\/baby-ear-covers-for-shower-150x150.jpg 150w, https:\/\/babyvk.com\/wp-content\/uploads\/2024\/06\/baby-ear-covers-for-shower-768x768.jpg 768w, https:\/\/babyvk.com\/wp-content\/uploads\/2024\/06\/baby-ear-covers-for-shower-1536x1536.jpg 1536w, https:\/\/babyvk.com\/wp-content\/uploads\/2024\/06\/baby-ear-covers-for-shower-860x860.jpg 860w, https:\/\/babyvk.com\/wp-content\/uploads\/2024\/06\/baby-ear-covers-for-shower-430x430.jpg 430w, https:\/\/babyvk.com\/wp-content\/uploads\/2024\/06\/baby-ear-covers-for-shower-700x700.jpg 700w, https:\/\/babyvk.com\/wp-content\/uploads\/2024\/06\/baby-ear-covers-for-shower-100x100.jpg 100w, https:\/\/babyvk.com\/wp-content\/uploads\/2024\/06\/baby-ear-covers-for-shower-50x50.jpg 50w\" sizes=\"(max-width: 1600px) 100vw, 1600px\" title=\"\">\t\t\t\t\t<\/div>\n\n\t\t\t\t\t\t<\/div>\n\t\t\t\t<\/div>\n\t\t\t\t\t<\/div>\n\t\t<\/div>\n\t\t\t\t\t<\/div>\n\t\t<\/section>\n\t\t\t\t<section class=\"wd-negative-gap elementor-section elementor-top-section elementor-element elementor-element-88b2d40 elementor-section-boxed elementor-section-height-default elementor-section-height-default\" data-id=\"88b2d40\" data-element_type=\"section\">\n\t\t\t\t\t\t<div class=\"elementor-container elementor-column-gap-default\">\n\t\t\t\t\t<div class=\"elementor-column elementor-col-100 elementor-top-column elementor-element elementor-element-53e4aa6\" data-id=\"53e4aa6\" data-element_type=\"column\">\n\t\t\t<div class=\"elementor-widget-wrap elementor-element-populated\">\n\t\t\t\t\t\t<div class=\"elementor-element elementor-element-b08436d wd-width-100 elementor-widget elementor-widget-wd_title\" data-id=\"b08436d\" data-element_type=\"widget\" data-widget_type=\"wd_title.default\">\n\t\t\t\t<div class=\"elementor-widget-container\">\n\t\t\t\t\t\t\t<div class=\"title-wrapper wd-set-mb reset-last-child wd-title-color-default wd-title-style-default wd-title-size-default text-center\">\n\n\t\t\t\t\t\t\t\t\t\t\t<div class=\"title-subtitle subtitle-color-default subtitle-style-default wd-fontsize-xs\">\n\t\t\t\t\tVEA NUESTRO VERDADERO ESPECT\u00c1CULO\t\t\t\t<\/div>\n\t\t\t\n\t\t\t<div class=\"liner-continer\">\n\t\t\t\t<h4 class=\"woodmart-title-container title wd-fontsize-l\">Nuestro breve v\u00eddeo<\/h4> \n\t\t\t\t\t\t\t<\/div>\n\n\t\t\t\t\t\t\t<div class=\"title-after_title reset-last-child wd-fontsize-xs\">\n\t\t\t\t\t<p>Muestra la escena de uso del producto, te permite conocer m\u00e1s detalles.<\/p>\t\t\t\t<\/div>\n\t\t\t\t\t<\/div>\n\t\t\t\t\t\t<\/div>\n\t\t\t\t<\/div>\n\t\t\t\t<div class=\"elementor-element elementor-element-c152264 elementor-widget elementor-widget-wd_testimonials\" data-id=\"c152264\" data-element_type=\"widget\" data-widget_type=\"wd_testimonials.default\">\n\t\t\t\t<div class=\"elementor-widget-container\">\n\t\t\t\t\t\t\t<div class=\"testimonials testimon-style-standard  color-scheme- testimon-align-center wd-carousel-container\" id=\"carousel-5254\">\n\t\t\t\t\t\t\t<div class=\"wd-carousel-inner\">\n\t\t\t\n\t\t\t<div class=\"wd-carousel wd-grid\" data-scroll_per_page=\"yes\" style=\"--wd-col-lg:2;--wd-col-md:2;--wd-col-sm:1;--wd-gap-lg:30px;--wd-gap-sm:10px;\">\n\t\t\t\t\t\t\t\t\t<div class=\"wd-carousel-wrap\">\n\t\t\t\t\n\t\t\t\t\t\t\t\t\t\n<div class=\"testimonial wd-carousel-item\">\n\t<div class=\"testimonial-inner\">\n\t\t\n\t\t<div class=\"testimonial-content\">\n\t\t\t<div class=\"testimonial-rating\">\n\t\t\t\t<span class=\"star-rating\">\n\t\t\t\t\t<span style=\"width:100%\"><\/span>\n\t\t\t\t<\/span>\n\t\t\t<\/div>\n\n\t\t\t<p><iframe  id=\"_ytid_40773\"  width=\"800\" height=\"450\"  data-origwidth=\"800\" data-origheight=\"450\"  data-relstop=\"1\" src=\"https:\/\/www.youtube.com\/embed\/XAHlACTDcdk?enablejsapi=1&autoplay=0&cc_load_policy=1&cc_lang_pref=&iv_load_policy=3&loop=0&rel=0&fs=1&playsinline=0&autohide=2&theme=dark&color=red&controls=1&disablekb=0&\" class=\"__youtube_prefs__  no-lazyload\" title=\"Reproductor de YouTube\"  allow=\"fullscreen; accelerometer; autoplay; clipboard-write; encrypted-media; gyroscope; picture-in-picture; web-share\" referrerpolicy=\"strict-origin-when-cross-origin\" allowfullscreen data-no-lazy=\"1\" data-skipgform_ajax_framebjll=\"\"><\/iframe><\/p>\n\t\t\t<footer>\n\t\t\t\t\n\t\t\t\t\t\t\t\t\t<span>\n\t\t\t\t\t\tDesarrollador web\t\t\t\t\t<\/span>\n\t\t\t\t\t\t\t<\/footer>\n\t\t<\/div>\n\t<\/div>\n<\/div>\t\t\t\t\t\t\t\t\t\n<div class=\"testimonial wd-carousel-item\">\n\t<div class=\"testimonial-inner\">\n\t\t\n\t\t<div class=\"testimonial-content\">\n\t\t\t<div class=\"testimonial-rating\">\n\t\t\t\t<span class=\"star-rating\">\n\t\t\t\t\t<span style=\"width:100%\"><\/span>\n\t\t\t\t<\/span>\n\t\t\t<\/div>\n\n\t\t\t<p><iframe  id=\"_ytid_40342\"  width=\"800\" height=\"450\"  data-origwidth=\"800\" data-origheight=\"450\"  data-relstop=\"1\" src=\"https:\/\/www.youtube.com\/embed\/IWpwlpDYPWc?enablejsapi=1&autoplay=0&cc_load_policy=1&cc_lang_pref=&iv_load_policy=3&loop=0&rel=0&fs=1&playsinline=0&autohide=2&theme=dark&color=red&controls=1&disablekb=0&\" class=\"__youtube_prefs__  no-lazyload\" title=\"Reproductor de YouTube\"  allow=\"fullscreen; accelerometer; autoplay; clipboard-write; encrypted-media; gyroscope; picture-in-picture; web-share\" referrerpolicy=\"strict-origin-when-cross-origin\" allowfullscreen data-no-lazy=\"1\" data-skipgform_ajax_framebjll=\"\"><\/iframe><\/p>\n\t\t\t<footer>\n\t\t\t\t\n\t\t\t\t\t\t\t<\/footer>\n\t\t<\/div>\n\t<\/div>\n<\/div>\t\t\t\t\t\t\t\t\t\n<div class=\"testimonial wd-carousel-item\">\n\t<div class=\"testimonial-inner\">\n\t\t\n\t\t<div class=\"testimonial-content\">\n\t\t\t<div class=\"testimonial-rating\">\n\t\t\t\t<span class=\"star-rating\">\n\t\t\t\t\t<span style=\"width:100%\"><\/span>\n\t\t\t\t<\/span>\n\t\t\t<\/div>\n\n\t\t\t<p><iframe  id=\"_ytid_44780\"  width=\"800\" height=\"450\"  data-origwidth=\"800\" data-origheight=\"450\"  data-relstop=\"1\" src=\"https:\/\/www.youtube.com\/embed\/9fxMaRCEKRE?enablejsapi=1&autoplay=0&cc_load_policy=1&cc_lang_pref=&iv_load_policy=3&loop=0&rel=0&fs=1&playsinline=0&autohide=2&theme=dark&color=red&controls=1&disablekb=0&\" class=\"__youtube_prefs__  no-lazyload\" title=\"Reproductor de YouTube\"  allow=\"fullscreen; accelerometer; autoplay; clipboard-write; encrypted-media; gyroscope; picture-in-picture; web-share\" referrerpolicy=\"strict-origin-when-cross-origin\" allowfullscreen data-no-lazy=\"1\" data-skipgform_ajax_framebjll=\"\"><\/iframe><\/p>\n\t\t\t<footer>\n\t\t\t\t\n\t\t\t\t\t\t\t\t\t<span>\n\t\t\t\t\t\tDesarrollador web\t\t\t\t\t<\/span>\n\t\t\t\t\t\t\t<\/footer>\n\t\t<\/div>\n\t<\/div>\n<\/div>\t\t\t\t\n\t\t\t\t\t\t\t\t\t<\/div>\n\t\t\t\t\t\t\t<\/div>\n\t\t\t\t\t\t\t\t\t\t\t\t\t\t<div class=\"wd-nav-arrows wd-pos-sep wd-hover-1 wd-icon-1\">\n\t\t\t<div class=\"wd-btn-arrow wd-prev wd-disabled\">\n\t\t\t\t<div class=\"wd-arrow-inner\"><\/div>\n\t\t\t<\/div>\n\t\t\t<div class=\"wd-btn-arrow wd-next\">\n\t\t\t\t<div class=\"wd-arrow-inner\"><\/div>\n\t\t\t<\/div>\n\t\t<\/div>\n\t\t\t\t\t\t\n\t\t\t\t<\/div>\n\n\t\t\t\t\t\t<div class=\"wd-nav-pagin-wrap text-center wd-style-shape wd-hide-md-sm wd-hide-sm\">\n\t\t\t<ul class=\"wd-nav-pagin\"><\/ul>\n\t\t<\/div>\n\t\t\t\t\t\t\t\t\t\t\t<\/div>\n\t\t\t\t\t\t<\/div>\n\t\t\t\t<\/div>\n\t\t\t\t\t<\/div>\n\t\t<\/div>\n\t\t\t\t\t<\/div>\n\t\t<\/section>\n\t\t\t\t<\/div>","protected":false},"excerpt":{"rendered":"<p><strong>\u00bfTienes miedo de que el agua se filtre en los o\u00eddos de tu beb\u00e9 mientras lo ba\u00f1as?<\/strong> Las Pegatinas Orejas Impermeables para Beb\u00e9s ofrecen una protecci\u00f3n fiable contra el agua. \u00a1Compre ahora y reciba el env\u00edo gratis!<\/p>","protected":false},"featured_media":20144,"comment_status":"open","ping_status":"closed","template":"","meta":{"_acf_changed":false},"product_brand":[],"product_cat":[29],"product_tag":[852,849,850,851],"class_list":{"0":"post-20152","1":"product","2":"type-product","3":"status-publish","4":"has-post-thumbnail","6":"product_cat-best-baby-care","7":"product_tag-ear-plugs-for-swimming","8":"product_tag-ear-plugs-for-swimming-kids","9":"product_tag-swimming-ear-plugs-for-kids","10":"product_tag-toddler-ear-plugs-for-swimming","12":"first","13":"instock","14":"sale","15":"taxable","16":"shipping-taxable","17":"purchasable","18":"product-type-variable","19":"wvs-archive-product-wrapper"},"acf":[],"_links":{"self":[{"href":"https:\/\/babyvk.com\/es\/wp-json\/wp\/v2\/product\/20152","targetHints":{"allow":["GET"]}}],"collection":[{"href":"https:\/\/babyvk.com\/es\/wp-json\/wp\/v2\/product"}],"about":[{"href":"https:\/\/babyvk.com\/es\/wp-json\/wp\/v2\/types\/product"}],"replies":[{"embeddable":true,"href":"https:\/\/babyvk.com\/es\/wp-json\/wp\/v2\/comments?post=20152"}],"version-history":[{"count":0,"href":"https:\/\/babyvk.com\/es\/wp-json\/wp\/v2\/product\/20152\/revisions"}],"wp:featuredmedia":[{"embeddable":true,"href":"https:\/\/babyvk.com\/es\/wp-json\/wp\/v2\/media\/20144"}],"wp:attachment":[{"href":"https:\/\/babyvk.com\/es\/wp-json\/wp\/v2\/media?parent=20152"}],"wp:term":[{"taxonomy":"product_brand","embeddable":true,"href":"https:\/\/babyvk.com\/es\/wp-json\/wp\/v2\/product_brand?post=20152"},{"taxonomy":"product_cat","embeddable":true,"href":"https:\/\/babyvk.com\/es\/wp-json\/wp\/v2\/product_cat?post=20152"},{"taxonomy":"product_tag","embeddable":true,"href":"https:\/\/babyvk.com\/es\/wp-json\/wp\/v2\/product_tag?post=20152"}],"curies":[{"name":"wp","href":"https:\/\/api.w.org\/{rel}","templated":true}]}}