{"id":20133,"date":"2024-06-04T12:09:56","date_gmt":"2024-06-04T12:09:56","guid":{"rendered":"https:\/\/babyvk.com\/?post_type=product&#038;p=20133"},"modified":"2025-07-06T03:13:06","modified_gmt":"2025-07-06T03:13:06","slug":"silicone-baby-head-scrubber","status":"publish","type":"product","link":"https:\/\/babyvk.com\/es\/product\/silicone-baby-head-scrubber\/","title":{"rendered":"Estropajo de silicona para la cabeza del beb\u00e9 2PCS"},"content":{"rendered":"<div data-elementor-type=\"product-post\" data-elementor-id=\"20133\" class=\"elementor elementor-20133\" data-elementor-post-type=\"product\">\n\t\t\t\t\t\t<section class=\"wd-negative-gap elementor-section elementor-top-section elementor-element elementor-element-c352778 elementor-section-boxed elementor-section-height-default elementor-section-height-default\" data-id=\"c352778\" data-element_type=\"section\">\n\t\t\t\t\t\t<div class=\"elementor-container elementor-column-gap-default\">\n\t\t\t\t\t<div class=\"elementor-column elementor-col-100 elementor-top-column elementor-element elementor-element-def4124\" data-id=\"def4124\" data-element_type=\"column\">\n\t\t\t<div class=\"elementor-widget-wrap elementor-element-populated\">\n\t\t\t\t\t\t<div class=\"elementor-element elementor-element-da2b368 color-scheme-inherit text-left elementor-widget elementor-widget-text-editor\" data-id=\"da2b368\" data-element_type=\"widget\" data-widget_type=\"text-editor.default\">\n\t\t\t\t<div class=\"elementor-widget-container\">\n\t\t\t\t\t\t\t\t\t<h2>CARACTER\u00cdSTICAS:<\/h2><ul><li><strong>CALIDAD SUPERIOR:<\/strong> Cepillo para beb\u00e9s de material de alta calidad, para que los ni\u00f1os de todas las edades \"se lo hagan ellos mismos\" durante la ducha y el ba\u00f1o.<\/li><li><strong>MEJOR ELECCI\u00d3N:<\/strong> Las suaves cerdas de silicona est\u00e1n dise\u00f1adas para evitar ara\u00f1ar el cuero cabelludo con las u\u00f1as. El cepillo de silicona suave y delicado ayuda a eliminar la suciedad. Se aclara y seca r\u00e1pidamente.<\/li><li><strong>USO FINAL:<\/strong> Tambi\u00e9n es un cepillo de limpieza multifuncional que se puede utilizar como masajeador corporal y herramienta de limpieza.<\/li><li><strong>MATERIAL SEGURO:\u00a0<\/strong> Fabricado con silicona 100% duradera y flexible. \u00a1Hipoalerg\u00e9nico y respetuoso con el medio ambiente!<\/li><li><strong>CONCEBIDO PARA BEB\u00c9S:\u00a0<\/strong> Masajea y limpia suavemente al beb\u00e9, \u00a1de la cabeza a los pies! Es un regalo perfecto para el beb\u00e9 o los ni\u00f1os.<\/li><\/ul><h2><span class=\"a-text-bold\">ATENCI\u00d3N:<\/span>\u00a0<\/h2><p>Aclarar con agua limpia y poner en agua hirviendo durante 2-3 minutos antes de usar. Guardar en un lugar fresco.<\/p><h2><span class=\"a-text-bold\">USO:<\/span>\u00a0<\/h2><p>Humedecer la cabeza o la piel con agua, aplicar una cantidad adecuada de gel de ducha o champ\u00fa sobre este producto, frotar suavemente,Desempe\u00f1ar\u00e1 un papel en el cuidado de la piel de masaje, promover el metabolismo de la piel del beb\u00e9. Mejora el desarrollo mental.<\/p><h2><span class=\"a-text-bold\">SORPRESA:<\/span>\u00a0<\/h2><p>Este cepillo de silicona para ba\u00f1o de beb\u00e9 tambi\u00e9n es adecuado para la limpieza facial de adultos, exfoliante, blanquear la piel, el uso regular puede hacer que la piel m\u00e1s el\u00e1stica apretada, promover la circulaci\u00f3n sangu\u00ednea.<\/p>\t\t\t\t\t\t\t\t<\/div>\n\t\t\t\t<\/div>\n\t\t\t\t\t<\/div>\n\t\t<\/div>\n\t\t\t\t\t<\/div>\n\t\t<\/section>\n\t\t\t\t<section class=\"wd-negative-gap elementor-section elementor-top-section elementor-element elementor-element-4fc4ca3 elementor-section-boxed elementor-section-height-default elementor-section-height-default\" data-id=\"4fc4ca3\" data-element_type=\"section\">\n\t\t\t\t\t\t<div class=\"elementor-container elementor-column-gap-default\">\n\t\t\t\t\t<div class=\"elementor-column elementor-col-100 elementor-top-column elementor-element elementor-element-1f1194f\" data-id=\"1f1194f\" data-element_type=\"column\">\n\t\t\t<div class=\"elementor-widget-wrap elementor-element-populated\">\n\t\t\t\t\t\t\t<\/div>\n\t\t<\/div>\n\t\t\t\t\t<\/div>\n\t\t<\/section>\n\t\t\t\t<section class=\"wd-negative-gap elementor-section elementor-top-section elementor-element elementor-element-5645c76 elementor-section-boxed elementor-section-height-default elementor-section-height-default\" data-id=\"5645c76\" data-element_type=\"section\">\n\t\t\t\t\t\t<div class=\"elementor-container elementor-column-gap-default\">\n\t\t\t\t\t<div class=\"elementor-column elementor-col-100 elementor-top-column elementor-element elementor-element-fe613e6\" data-id=\"fe613e6\" data-element_type=\"column\">\n\t\t\t<div class=\"elementor-widget-wrap elementor-element-populated\">\n\t\t\t\t\t\t<div class=\"elementor-element elementor-element-b97d522 wd-width-100 elementor-widget elementor-widget-wd_title\" data-id=\"b97d522\" data-element_type=\"widget\" data-widget_type=\"wd_title.default\">\n\t\t\t\t<div class=\"elementor-widget-container\">\n\t\t\t\t\t\t\t<div class=\"title-wrapper wd-set-mb reset-last-child wd-title-color-default wd-title-style-default wd-title-size-default text-center\">\n\n\t\t\t\t\t\t\t\t\t\t\t<div class=\"title-subtitle subtitle-color-default subtitle-style-default wd-fontsize-xs\">\n\t\t\t\t\tVEA NUESTRO VERDADERO ESPECT\u00c1CULO\t\t\t\t<\/div>\n\t\t\t\n\t\t\t<div class=\"liner-continer\">\n\t\t\t\t<h4 class=\"woodmart-title-container title wd-fontsize-l\">Nuestro breve v\u00eddeo<\/h4> \n\t\t\t\t\t\t\t<\/div>\n\n\t\t\t\t\t\t\t<div class=\"title-after_title reset-last-child wd-fontsize-xs\">\n\t\t\t\t\t<p>Muestra la escena de uso del producto, te permite conocer m\u00e1s detalles.<\/p>\t\t\t\t<\/div>\n\t\t\t\t\t<\/div>\n\t\t\t\t\t\t<\/div>\n\t\t\t\t<\/div>\n\t\t\t\t<div class=\"elementor-element elementor-element-833c718 elementor-widget elementor-widget-wd_testimonials\" data-id=\"833c718\" data-element_type=\"widget\" data-widget_type=\"wd_testimonials.default\">\n\t\t\t\t<div class=\"elementor-widget-container\">\n\t\t\t\t\t\t\t<div class=\"testimonials testimon-style-standard  color-scheme- testimon-align-center wd-carousel-container\" id=\"carousel-8863\">\n\t\t\t\t\t\t\t<div class=\"wd-carousel-inner\">\n\t\t\t\n\t\t\t<div class=\"wd-carousel wd-grid\" data-scroll_per_page=\"yes\" style=\"--wd-col-lg:2;--wd-col-md:2;--wd-col-sm:1;--wd-gap-lg:30px;--wd-gap-sm:10px;\">\n\t\t\t\t\t\t\t\t\t<div class=\"wd-carousel-wrap\">\n\t\t\t\t\n\t\t\t\t\t\t\t\t\t\n<div class=\"testimonial wd-carousel-item\">\n\t<div class=\"testimonial-inner\">\n\t\t\n\t\t<div class=\"testimonial-content\">\n\t\t\t<div class=\"testimonial-rating\">\n\t\t\t\t<span class=\"star-rating\">\n\t\t\t\t\t<span style=\"width:100%\"><\/span>\n\t\t\t\t<\/span>\n\t\t\t<\/div>\n\n\t\t\t<p><iframe  id=\"_ytid_55422\"  width=\"800\" height=\"450\"  data-origwidth=\"800\" data-origheight=\"450\"  data-relstop=\"1\" src=\"https:\/\/www.youtube.com\/embed\/LhnEg8IMp1s?enablejsapi=1&autoplay=0&cc_load_policy=1&cc_lang_pref=&iv_load_policy=3&loop=0&rel=0&fs=1&playsinline=0&autohide=2&theme=dark&color=red&controls=1&disablekb=0&\" class=\"__youtube_prefs__  no-lazyload\" title=\"Reproductor de YouTube\"  allow=\"fullscreen; accelerometer; autoplay; clipboard-write; encrypted-media; gyroscope; picture-in-picture; web-share\" referrerpolicy=\"strict-origin-when-cross-origin\" allowfullscreen data-no-lazy=\"1\" data-skipgform_ajax_framebjll=\"\"><\/iframe><\/p>\n\t\t\t<footer>\n\t\t\t\t\n\t\t\t\t\t\t\t<\/footer>\n\t\t<\/div>\n\t<\/div>\n<\/div>\t\t\t\t\n\t\t\t\t\t\t\t\t\t<\/div>\n\t\t\t\t\t\t\t<\/div>\n\t\t\t\t\t\t\t\t\t\t\t\t\t\t<div class=\"wd-nav-arrows wd-pos-sep wd-hover-1 wd-icon-1\">\n\t\t\t<div class=\"wd-btn-arrow wd-prev wd-disabled\">\n\t\t\t\t<div class=\"wd-arrow-inner\"><\/div>\n\t\t\t<\/div>\n\t\t\t<div class=\"wd-btn-arrow wd-next\">\n\t\t\t\t<div class=\"wd-arrow-inner\"><\/div>\n\t\t\t<\/div>\n\t\t<\/div>\n\t\t\t\t\t\t\n\t\t\t\t<\/div>\n\n\t\t\t\t\t\t<div class=\"wd-nav-pagin-wrap text-center wd-style-shape wd-hide-md-sm wd-hide-sm\">\n\t\t\t<ul class=\"wd-nav-pagin\"><\/ul>\n\t\t<\/div>\n\t\t\t\t\t\t\t\t\t\t\t<\/div>\n\t\t\t\t\t\t<\/div>\n\t\t\t\t<\/div>\n\t\t\t\t\t<\/div>\n\t\t<\/div>\n\t\t\t\t\t<\/div>\n\t\t<\/section>\n\t\t\t\t<\/div>","protected":false},"excerpt":{"rendered":"<p><strong>\u00bfBuscas una forma suave de limpiar el cuero cabelludo de tu beb\u00e9?<\/strong> El Exfoliante de Silicona para la Cabeza del Beb\u00e9 es suave, seguro y perfecto para eliminar la costra l\u00e1ctea. Compra ahora y \u00a1env\u00edo gratis!<\/p>","protected":false},"featured_media":20122,"comment_status":"open","ping_status":"closed","template":"","meta":{"_acf_changed":false},"product_brand":[],"product_cat":[29],"product_tag":[846,844,847,845,848],"class_list":{"0":"post-20133","1":"product","2":"type-product","3":"status-publish","4":"has-post-thumbnail","6":"product_cat-best-baby-care","7":"product_tag-baby-bath-scrubber","8":"product_tag-baby-head-scrubber","9":"product_tag-baby-scrubber-bath","10":"product_tag-shower-head-for-baby","11":"product_tag-silicone-baby-brush","13":"first","14":"instock","15":"sale","16":"taxable","17":"shipping-taxable","18":"purchasable","19":"product-type-variable","20":"wvs-archive-product-wrapper"},"acf":[],"_links":{"self":[{"href":"https:\/\/babyvk.com\/es\/wp-json\/wp\/v2\/product\/20133","targetHints":{"allow":["GET"]}}],"collection":[{"href":"https:\/\/babyvk.com\/es\/wp-json\/wp\/v2\/product"}],"about":[{"href":"https:\/\/babyvk.com\/es\/wp-json\/wp\/v2\/types\/product"}],"replies":[{"embeddable":true,"href":"https:\/\/babyvk.com\/es\/wp-json\/wp\/v2\/comments?post=20133"}],"version-history":[{"count":0,"href":"https:\/\/babyvk.com\/es\/wp-json\/wp\/v2\/product\/20133\/revisions"}],"wp:featuredmedia":[{"embeddable":true,"href":"https:\/\/babyvk.com\/es\/wp-json\/wp\/v2\/media\/20122"}],"wp:attachment":[{"href":"https:\/\/babyvk.com\/es\/wp-json\/wp\/v2\/media?parent=20133"}],"wp:term":[{"taxonomy":"product_brand","embeddable":true,"href":"https:\/\/babyvk.com\/es\/wp-json\/wp\/v2\/product_brand?post=20133"},{"taxonomy":"product_cat","embeddable":true,"href":"https:\/\/babyvk.com\/es\/wp-json\/wp\/v2\/product_cat?post=20133"},{"taxonomy":"product_tag","embeddable":true,"href":"https:\/\/babyvk.com\/es\/wp-json\/wp\/v2\/product_tag?post=20133"}],"curies":[{"name":"wp","href":"https:\/\/api.w.org\/{rel}","templated":true}]}}