{"id":19987,"date":"2024-05-25T08:32:10","date_gmt":"2024-05-25T08:32:10","guid":{"rendered":"https:\/\/babyvk.com\/?post_type=product&#038;p=19987"},"modified":"2025-03-10T20:03:29","modified_gmt":"2025-03-10T20:03:29","slug":"drawing-board-projector-for-kids","status":"publish","type":"product","link":"https:\/\/babyvk.com\/es\/product\/drawing-board-projector-for-kids\/","title":{"rendered":"Proyector de tablero de dibujo para ni\u00f1os"},"content":{"rendered":"<div data-elementor-type=\"product-post\" data-elementor-id=\"19987\" class=\"elementor elementor-19987\" data-elementor-post-type=\"product\">\n\t\t\t\t\t\t<section class=\"wd-negative-gap elementor-section elementor-top-section elementor-element elementor-element-2f7343b elementor-section-boxed elementor-section-height-default elementor-section-height-default\" data-id=\"2f7343b\" data-element_type=\"section\">\n\t\t\t\t\t\t<div class=\"elementor-container elementor-column-gap-default\">\n\t\t\t\t\t<div class=\"elementor-column elementor-col-100 elementor-top-column elementor-element elementor-element-6844aec\" data-id=\"6844aec\" data-element_type=\"column\">\n\t\t\t<div class=\"elementor-widget-wrap elementor-element-populated\">\n\t\t\t\t\t\t<div class=\"elementor-element elementor-element-071189d color-scheme-inherit text-left elementor-widget elementor-widget-text-editor\" data-id=\"071189d\" data-element_type=\"widget\" data-widget_type=\"text-editor.default\">\n\t\t\t\t<div class=\"elementor-widget-container\">\n\t\t\t\t\t\t\t\t\t<h2>Caracter\u00edsticas:<\/h2><ol><li><strong>Contenido del paquete<\/strong>: Este set de manualidades incluye una mesa de dibujo proyector y diversos materiales para inspirar la creatividad de los ni\u00f1os y fomentar sus habilidades art\u00edsticas.<\/li><li><strong>Proyector de dibujos mejorado<\/strong>: La mesa mejorada es m\u00e1s grande y adaptada a los ni\u00f1os, con tres modos: proyecci\u00f3n con sonido, s\u00f3lo proyecci\u00f3n y apagado, para un aprendizaje inmersivo.<\/li><li><strong>F\u00e1cil montaje y atractiva proyecci\u00f3n<\/strong>: Su sencillo montaje permite a los ni\u00f1os empezar a disfrutarlo de inmediato. Inserta una diapositiva, ajusta el patr\u00f3n y deja que su creatividad fluya mientras trazan las im\u00e1genes proyectadas.<\/li><li><strong>Tema de la jirafa y construcci\u00f3n duradera<\/strong>: Adorablemente dise\u00f1ado en forma de jirafa y fabricado con material ABS de alta calidad, este kit es duradero y resistente a las ca\u00eddas. Perfecto para ni\u00f1os de 3 a\u00f1os, es un regalo ideal para cumplea\u00f1os o Navidad.<\/li><\/ol>\t\t\t\t\t\t\t\t<\/div>\n\t\t\t\t<\/div>\n\t\t\t\t<div class=\"elementor-element elementor-element-79e6b64 color-scheme-inherit text-left elementor-widget elementor-widget-text-editor\" data-id=\"79e6b64\" data-element_type=\"widget\" data-widget_type=\"text-editor.default\">\n\t\t\t\t<div class=\"elementor-widget-container\">\n\t\t\t\t\t\t\t\t\t<h2>Utiliza los pasos: <\/h2><ol><li>Es necesario instalar tres pilas AA (no incluidas)<\/li><li>Instale la cabeza de proyecci\u00f3n en el tablero de dibujo.<\/li><li>Introduzca la corredera proyectada en el cabezal.<\/li><\/ol>\t\t\t\t\t\t\t\t<\/div>\n\t\t\t\t<\/div>\n\t\t\t\t<div class=\"elementor-element elementor-element-d475898 color-scheme-inherit text-left elementor-widget elementor-widget-text-editor\" data-id=\"d475898\" data-element_type=\"widget\" data-widget_type=\"text-editor.default\">\n\t\t\t\t<div class=\"elementor-widget-container\">\n\t\t\t\t\t\t\t\t\t<h2>Especificaci\u00f3n:<\/h2><ul><li>Nombre: Proyector de tablero de dibujo<\/li><li>Material: ABS<\/li><li>Color: rosa, amarillo.<\/li><li>Im\u00e1genes: 48 Patrones<\/li><li>Bol\u00edgrafo: 12 pinceles de color<\/li><li>Pilas: AA (no incluidas)<\/li><li>Tama\u00f1o: 38 cm*29,5 cm*25 cm<\/li><\/ul>\t\t\t\t\t\t\t\t<\/div>\n\t\t\t\t<\/div>\n\t\t\t\t\t<\/div>\n\t\t<\/div>\n\t\t\t\t\t<\/div>\n\t\t<\/section>\n\t\t\t\t<section class=\"wd-negative-gap elementor-section elementor-top-section elementor-element elementor-element-1c9795e elementor-section-boxed elementor-section-height-default elementor-section-height-default\" data-id=\"1c9795e\" data-element_type=\"section\">\n\t\t\t\t\t\t<div class=\"elementor-container elementor-column-gap-default\">\n\t\t\t\t\t<div class=\"elementor-column elementor-col-100 elementor-top-column elementor-element elementor-element-4ecd2b3\" data-id=\"4ecd2b3\" data-element_type=\"column\">\n\t\t\t<div class=\"elementor-widget-wrap elementor-element-populated\">\n\t\t\t\t\t\t<div class=\"elementor-element elementor-element-8351b19 elementor-widget elementor-widget-wd_image_or_svg\" data-id=\"8351b19\" data-element_type=\"widget\" data-widget_type=\"wd_image_or_svg.default\">\n\t\t\t\t<div class=\"elementor-widget-container\">\n\t\t\t\t\t\n\t\t<div class=\"wd-image text-left\">\n\t\t\t\t\t\t\t\t<img fetchpriority=\"high\" decoding=\"async\" width=\"778\" height=\"1442\" src=\"https:\/\/babyvk.com\/wp-content\/uploads\/2024\/05\/projector-for-kids.webp\" class=\"attachment-full size-full wvs-archive-product-image\" alt=\"Regalos para ni\u00f1as de 3 a\u00f1os\" srcset=\"https:\/\/babyvk.com\/wp-content\/uploads\/2024\/05\/projector-for-kids.webp 778w, https:\/\/babyvk.com\/wp-content\/uploads\/2024\/05\/projector-for-kids-162x300.webp 162w, https:\/\/babyvk.com\/wp-content\/uploads\/2024\/05\/projector-for-kids-432x800.webp 432w, https:\/\/babyvk.com\/wp-content\/uploads\/2024\/05\/projector-for-kids-768x1423.webp 768w, https:\/\/babyvk.com\/wp-content\/uploads\/2024\/05\/projector-for-kids-430x797.webp 430w, https:\/\/babyvk.com\/wp-content\/uploads\/2024\/05\/projector-for-kids-700x1297.webp 700w, https:\/\/babyvk.com\/wp-content\/uploads\/2024\/05\/projector-for-kids-100x185.webp 100w\" sizes=\"(max-width: 778px) 100vw, 778px\" title=\"\">\t\t\t\t\t<\/div>\n\n\t\t\t\t\t\t<\/div>\n\t\t\t\t<\/div>\n\t\t\t\t<div class=\"elementor-element elementor-element-d49ff56 elementor-widget elementor-widget-wd_image_or_svg\" data-id=\"d49ff56\" data-element_type=\"widget\" data-widget_type=\"wd_image_or_svg.default\">\n\t\t\t\t<div class=\"elementor-widget-container\">\n\t\t\t\t\t\n\t\t<div class=\"wd-image text-left\">\n\t\t\t\t\t\t\t\t<img decoding=\"async\" width=\"778\" height=\"1446\" src=\"https:\/\/babyvk.com\/wp-content\/uploads\/2024\/05\/drawing-projector.webp\" class=\"attachment-full size-full wvs-archive-product-image\" alt=\"Regalo para una ni\u00f1a de 5 a\u00f1os\" srcset=\"https:\/\/babyvk.com\/wp-content\/uploads\/2024\/05\/drawing-projector.webp 778w, https:\/\/babyvk.com\/wp-content\/uploads\/2024\/05\/drawing-projector-161x300.webp 161w, https:\/\/babyvk.com\/wp-content\/uploads\/2024\/05\/drawing-projector-430x799.webp 430w, https:\/\/babyvk.com\/wp-content\/uploads\/2024\/05\/drawing-projector-768x1427.webp 768w, https:\/\/babyvk.com\/wp-content\/uploads\/2024\/05\/drawing-projector-700x1301.webp 700w, https:\/\/babyvk.com\/wp-content\/uploads\/2024\/05\/drawing-projector-100x186.webp 100w\" sizes=\"(max-width: 778px) 100vw, 778px\" title=\"\">\t\t\t\t\t<\/div>\n\n\t\t\t\t\t\t<\/div>\n\t\t\t\t<\/div>\n\t\t\t\t<div class=\"elementor-element elementor-element-43cdd89 elementor-widget elementor-widget-wd_image_or_svg\" data-id=\"43cdd89\" data-element_type=\"widget\" data-widget_type=\"wd_image_or_svg.default\">\n\t\t\t\t<div class=\"elementor-widget-container\">\n\t\t\t\t\t\n\t\t<div class=\"wd-image text-left\">\n\t\t\t\t\t\t\t\t<img decoding=\"async\" width=\"778\" height=\"903\" src=\"https:\/\/babyvk.com\/wp-content\/uploads\/2024\/05\/kids-art-table.webp\" class=\"attachment-full size-full wvs-archive-product-image\" alt=\"estaci\u00f3n de pintura para ni\u00f1os\" srcset=\"https:\/\/babyvk.com\/wp-content\/uploads\/2024\/05\/kids-art-table.webp 778w, https:\/\/babyvk.com\/wp-content\/uploads\/2024\/05\/kids-art-table-258x300.webp 258w, https:\/\/babyvk.com\/wp-content\/uploads\/2024\/05\/kids-art-table-689x800.webp 689w, https:\/\/babyvk.com\/wp-content\/uploads\/2024\/05\/kids-art-table-768x891.webp 768w, https:\/\/babyvk.com\/wp-content\/uploads\/2024\/05\/kids-art-table-430x499.webp 430w, https:\/\/babyvk.com\/wp-content\/uploads\/2024\/05\/kids-art-table-700x812.webp 700w, https:\/\/babyvk.com\/wp-content\/uploads\/2024\/05\/kids-art-table-100x116.webp 100w\" sizes=\"(max-width: 778px) 100vw, 778px\" title=\"\">\t\t\t\t\t<\/div>\n\n\t\t\t\t\t\t<\/div>\n\t\t\t\t<\/div>\n\t\t\t\t<div class=\"elementor-element elementor-element-e4f3caf elementor-widget elementor-widget-wd_image_or_svg\" data-id=\"e4f3caf\" data-element_type=\"widget\" data-widget_type=\"wd_image_or_svg.default\">\n\t\t\t\t<div class=\"elementor-widget-container\">\n\t\t\t\t\t\n\t\t<div class=\"wd-image text-left\">\n\t\t\t\t\t\t\t\t<img loading=\"lazy\" decoding=\"async\" width=\"778\" height=\"1275\" src=\"https:\/\/babyvk.com\/wp-content\/uploads\/2024\/05\/drawing-kits-for-kids.webp\" class=\"attachment-full size-full wvs-archive-product-image\" alt=\"juguetes para ni\u00f1as de 5 a 7 a\u00f1os\" srcset=\"https:\/\/babyvk.com\/wp-content\/uploads\/2024\/05\/drawing-kits-for-kids.webp 778w, https:\/\/babyvk.com\/wp-content\/uploads\/2024\/05\/drawing-kits-for-kids-183x300.webp 183w, https:\/\/babyvk.com\/wp-content\/uploads\/2024\/05\/drawing-kits-for-kids-488x800.webp 488w, https:\/\/babyvk.com\/wp-content\/uploads\/2024\/05\/drawing-kits-for-kids-768x1259.webp 768w, https:\/\/babyvk.com\/wp-content\/uploads\/2024\/05\/drawing-kits-for-kids-430x705.webp 430w, https:\/\/babyvk.com\/wp-content\/uploads\/2024\/05\/drawing-kits-for-kids-700x1147.webp 700w, https:\/\/babyvk.com\/wp-content\/uploads\/2024\/05\/drawing-kits-for-kids-100x164.webp 100w\" sizes=\"(max-width: 778px) 100vw, 778px\" title=\"\">\t\t\t\t\t<\/div>\n\n\t\t\t\t\t\t<\/div>\n\t\t\t\t<\/div>\n\t\t\t\t<div class=\"elementor-element elementor-element-d2d7e16 elementor-widget elementor-widget-wd_image_or_svg\" data-id=\"d2d7e16\" data-element_type=\"widget\" data-widget_type=\"wd_image_or_svg.default\">\n\t\t\t\t<div class=\"elementor-widget-container\">\n\t\t\t\t\t\n\t\t<div class=\"wd-image text-left\">\n\t\t\t\t\t\t\t\t<img loading=\"lazy\" decoding=\"async\" width=\"778\" height=\"1011\" src=\"https:\/\/babyvk.com\/wp-content\/uploads\/2024\/05\/drawing-for-kids.webp\" class=\"attachment-full size-full wvs-archive-product-image\" alt=\"juguetes para 5-7 a\u00f1os\" srcset=\"https:\/\/babyvk.com\/wp-content\/uploads\/2024\/05\/drawing-for-kids.webp 778w, https:\/\/babyvk.com\/wp-content\/uploads\/2024\/05\/drawing-for-kids-231x300.webp 231w, https:\/\/babyvk.com\/wp-content\/uploads\/2024\/05\/drawing-for-kids-616x800.webp 616w, https:\/\/babyvk.com\/wp-content\/uploads\/2024\/05\/drawing-for-kids-768x998.webp 768w, https:\/\/babyvk.com\/wp-content\/uploads\/2024\/05\/drawing-for-kids-430x559.webp 430w, https:\/\/babyvk.com\/wp-content\/uploads\/2024\/05\/drawing-for-kids-700x910.webp 700w, https:\/\/babyvk.com\/wp-content\/uploads\/2024\/05\/drawing-for-kids-100x130.webp 100w\" sizes=\"(max-width: 778px) 100vw, 778px\" title=\"\">\t\t\t\t\t<\/div>\n\n\t\t\t\t\t\t<\/div>\n\t\t\t\t<\/div>\n\t\t\t\t<div class=\"elementor-element elementor-element-e7c1896 elementor-widget elementor-widget-wd_image_or_svg\" data-id=\"e7c1896\" data-element_type=\"widget\" data-widget_type=\"wd_image_or_svg.default\">\n\t\t\t\t<div class=\"elementor-widget-container\">\n\t\t\t\t\t\n\t\t<div class=\"wd-image text-left\">\n\t\t\t\t\t\t\t\t<img loading=\"lazy\" decoding=\"async\" width=\"778\" height=\"1191\" src=\"https:\/\/babyvk.com\/wp-content\/uploads\/2024\/05\/drawing-set-for-kids.webp\" class=\"attachment-full size-full wvs-archive-product-image\" alt=\"Regalos para ni\u00f1as de 4 a\u00f1os\" srcset=\"https:\/\/babyvk.com\/wp-content\/uploads\/2024\/05\/drawing-set-for-kids.webp 778w, https:\/\/babyvk.com\/wp-content\/uploads\/2024\/05\/drawing-set-for-kids-196x300.webp 196w, https:\/\/babyvk.com\/wp-content\/uploads\/2024\/05\/drawing-set-for-kids-523x800.webp 523w, https:\/\/babyvk.com\/wp-content\/uploads\/2024\/05\/drawing-set-for-kids-768x1176.webp 768w, https:\/\/babyvk.com\/wp-content\/uploads\/2024\/05\/drawing-set-for-kids-430x658.webp 430w, https:\/\/babyvk.com\/wp-content\/uploads\/2024\/05\/drawing-set-for-kids-700x1072.webp 700w, https:\/\/babyvk.com\/wp-content\/uploads\/2024\/05\/drawing-set-for-kids-100x153.webp 100w\" sizes=\"(max-width: 778px) 100vw, 778px\" title=\"\">\t\t\t\t\t<\/div>\n\n\t\t\t\t\t\t<\/div>\n\t\t\t\t<\/div>\n\t\t\t\t<div class=\"elementor-element elementor-element-ce00cb9 elementor-widget elementor-widget-wd_image_or_svg\" data-id=\"ce00cb9\" data-element_type=\"widget\" data-widget_type=\"wd_image_or_svg.default\">\n\t\t\t\t<div class=\"elementor-widget-container\">\n\t\t\t\t\t\n\t\t<div class=\"wd-image text-left\">\n\t\t\t\t\t\t\t\t<img loading=\"lazy\" decoding=\"async\" width=\"778\" height=\"1056\" src=\"https:\/\/babyvk.com\/wp-content\/uploads\/2024\/05\/projector-for-drawing.webp\" class=\"attachment-full size-full wvs-archive-product-image\" alt=\"juguetes para ni\u00f1as de 6-7 a\u00f1os\" srcset=\"https:\/\/babyvk.com\/wp-content\/uploads\/2024\/05\/projector-for-drawing.webp 778w, https:\/\/babyvk.com\/wp-content\/uploads\/2024\/05\/projector-for-drawing-221x300.webp 221w, https:\/\/babyvk.com\/wp-content\/uploads\/2024\/05\/projector-for-drawing-589x800.webp 589w, https:\/\/babyvk.com\/wp-content\/uploads\/2024\/05\/projector-for-drawing-768x1042.webp 768w, https:\/\/babyvk.com\/wp-content\/uploads\/2024\/05\/projector-for-drawing-430x584.webp 430w, https:\/\/babyvk.com\/wp-content\/uploads\/2024\/05\/projector-for-drawing-700x950.webp 700w, https:\/\/babyvk.com\/wp-content\/uploads\/2024\/05\/projector-for-drawing-100x136.webp 100w\" sizes=\"(max-width: 778px) 100vw, 778px\" title=\"\">\t\t\t\t\t<\/div>\n\n\t\t\t\t\t\t<\/div>\n\t\t\t\t<\/div>\n\t\t\t\t<div class=\"elementor-element elementor-element-0ab47a7 elementor-widget elementor-widget-wd_image_or_svg\" data-id=\"0ab47a7\" data-element_type=\"widget\" data-widget_type=\"wd_image_or_svg.default\">\n\t\t\t\t<div class=\"elementor-widget-container\">\n\t\t\t\t\t\n\t\t<div class=\"wd-image text-left\">\n\t\t\t\t\t\t\t\t<img loading=\"lazy\" decoding=\"async\" width=\"800\" height=\"800\" src=\"https:\/\/babyvk.com\/wp-content\/uploads\/2024\/05\/kids-drawing-kit.webp\" class=\"attachment-full size-full wvs-archive-product-image\" alt=\"Regalo de cumplea\u00f1os para ni\u00f1a de 6 a\u00f1os\" srcset=\"https:\/\/babyvk.com\/wp-content\/uploads\/2024\/05\/kids-drawing-kit.webp 800w, https:\/\/babyvk.com\/wp-content\/uploads\/2024\/05\/kids-drawing-kit-300x300.webp 300w, https:\/\/babyvk.com\/wp-content\/uploads\/2024\/05\/kids-drawing-kit-150x150.webp 150w, https:\/\/babyvk.com\/wp-content\/uploads\/2024\/05\/kids-drawing-kit-768x768.webp 768w, https:\/\/babyvk.com\/wp-content\/uploads\/2024\/05\/kids-drawing-kit-430x430.webp 430w, https:\/\/babyvk.com\/wp-content\/uploads\/2024\/05\/kids-drawing-kit-700x700.webp 700w, https:\/\/babyvk.com\/wp-content\/uploads\/2024\/05\/kids-drawing-kit-100x100.webp 100w, https:\/\/babyvk.com\/wp-content\/uploads\/2024\/05\/kids-drawing-kit-50x50.webp 50w\" sizes=\"(max-width: 800px) 100vw, 800px\" title=\"\">\t\t\t\t\t<\/div>\n\n\t\t\t\t\t\t<\/div>\n\t\t\t\t<\/div>\n\t\t\t\t<div class=\"elementor-element elementor-element-9784528 elementor-widget elementor-widget-wd_image_or_svg\" data-id=\"9784528\" data-element_type=\"widget\" data-widget_type=\"wd_image_or_svg.default\">\n\t\t\t\t<div class=\"elementor-widget-container\">\n\t\t\t\t\t\n\t\t<div class=\"wd-image text-left\">\n\t\t\t\t\t\t\t\t<img loading=\"lazy\" decoding=\"async\" width=\"778\" height=\"1656\" src=\"https:\/\/babyvk.com\/wp-content\/uploads\/2024\/05\/princess-toys-for-girls-1.webp\" class=\"attachment-full size-full wvs-archive-product-image\" alt=\"Ideas de regalos de cumplea\u00f1os para ni\u00f1as de 3 a\u00f1os\" srcset=\"https:\/\/babyvk.com\/wp-content\/uploads\/2024\/05\/princess-toys-for-girls-1.webp 778w, https:\/\/babyvk.com\/wp-content\/uploads\/2024\/05\/princess-toys-for-girls-1-141x300.webp 141w, https:\/\/babyvk.com\/wp-content\/uploads\/2024\/05\/princess-toys-for-girls-1-376x800.webp 376w, https:\/\/babyvk.com\/wp-content\/uploads\/2024\/05\/princess-toys-for-girls-1-768x1635.webp 768w, https:\/\/babyvk.com\/wp-content\/uploads\/2024\/05\/princess-toys-for-girls-1-722x1536.webp 722w, https:\/\/babyvk.com\/wp-content\/uploads\/2024\/05\/princess-toys-for-girls-1-430x915.webp 430w, https:\/\/babyvk.com\/wp-content\/uploads\/2024\/05\/princess-toys-for-girls-1-700x1490.webp 700w, https:\/\/babyvk.com\/wp-content\/uploads\/2024\/05\/princess-toys-for-girls-1-100x213.webp 100w\" sizes=\"(max-width: 778px) 100vw, 778px\" title=\"\">\t\t\t\t\t<\/div>\n\n\t\t\t\t\t\t<\/div>\n\t\t\t\t<\/div>\n\t\t\t\t<div class=\"elementor-element elementor-element-7ee136f elementor-widget elementor-widget-wd_image_or_svg\" data-id=\"7ee136f\" data-element_type=\"widget\" data-widget_type=\"wd_image_or_svg.default\">\n\t\t\t\t<div class=\"elementor-widget-container\">\n\t\t\t\t\t\n\t\t<div class=\"wd-image text-left\">\n\t\t\t\t\t\t\t\t<img loading=\"lazy\" decoding=\"async\" width=\"778\" height=\"867\" src=\"https:\/\/babyvk.com\/wp-content\/uploads\/2024\/05\/kids-drawing-table.webp\" class=\"attachment-full size-full wvs-archive-product-image\" alt=\"Regalos de cumplea\u00f1os para ni\u00f1as de 4 a\u00f1os\" srcset=\"https:\/\/babyvk.com\/wp-content\/uploads\/2024\/05\/kids-drawing-table.webp 778w, https:\/\/babyvk.com\/wp-content\/uploads\/2024\/05\/kids-drawing-table-269x300.webp 269w, https:\/\/babyvk.com\/wp-content\/uploads\/2024\/05\/kids-drawing-table-718x800.webp 718w, https:\/\/babyvk.com\/wp-content\/uploads\/2024\/05\/kids-drawing-table-768x856.webp 768w, https:\/\/babyvk.com\/wp-content\/uploads\/2024\/05\/kids-drawing-table-430x479.webp 430w, https:\/\/babyvk.com\/wp-content\/uploads\/2024\/05\/kids-drawing-table-700x780.webp 700w, https:\/\/babyvk.com\/wp-content\/uploads\/2024\/05\/kids-drawing-table-100x111.webp 100w\" sizes=\"(max-width: 778px) 100vw, 778px\" title=\"\">\t\t\t\t\t<\/div>\n\n\t\t\t\t\t\t<\/div>\n\t\t\t\t<\/div>\n\t\t\t\t<div class=\"elementor-element elementor-element-9a79974 elementor-widget elementor-widget-wd_image_or_svg\" data-id=\"9a79974\" data-element_type=\"widget\" data-widget_type=\"wd_image_or_svg.default\">\n\t\t\t\t<div class=\"elementor-widget-container\">\n\t\t\t\t\t\n\t\t<div class=\"wd-image text-left\">\n\t\t\t\t\t\t\t\t<img loading=\"lazy\" decoding=\"async\" width=\"778\" height=\"1183\" src=\"https:\/\/babyvk.com\/wp-content\/uploads\/2024\/05\/drawing-projector-for-kids-1.webp\" class=\"attachment-full size-full wvs-archive-product-image\" alt=\"Ideas de regalos de cumplea\u00f1os para ni\u00f1as de 5 a\u00f1os\" srcset=\"https:\/\/babyvk.com\/wp-content\/uploads\/2024\/05\/drawing-projector-for-kids-1.webp 778w, https:\/\/babyvk.com\/wp-content\/uploads\/2024\/05\/drawing-projector-for-kids-1-197x300.webp 197w, https:\/\/babyvk.com\/wp-content\/uploads\/2024\/05\/drawing-projector-for-kids-1-526x800.webp 526w, https:\/\/babyvk.com\/wp-content\/uploads\/2024\/05\/drawing-projector-for-kids-1-768x1168.webp 768w, https:\/\/babyvk.com\/wp-content\/uploads\/2024\/05\/drawing-projector-for-kids-1-430x654.webp 430w, https:\/\/babyvk.com\/wp-content\/uploads\/2024\/05\/drawing-projector-for-kids-1-700x1064.webp 700w, https:\/\/babyvk.com\/wp-content\/uploads\/2024\/05\/drawing-projector-for-kids-1-100x152.webp 100w\" sizes=\"(max-width: 778px) 100vw, 778px\" title=\"\">\t\t\t\t\t<\/div>\n\n\t\t\t\t\t\t<\/div>\n\t\t\t\t<\/div>\n\t\t\t\t\t<\/div>\n\t\t<\/div>\n\t\t\t\t\t<\/div>\n\t\t<\/section>\n\t\t\t\t<section class=\"wd-negative-gap elementor-section elementor-top-section elementor-element elementor-element-9837ed8 elementor-section-boxed elementor-section-height-default elementor-section-height-default\" data-id=\"9837ed8\" data-element_type=\"section\">\n\t\t\t\t\t\t<div class=\"elementor-container elementor-column-gap-default\">\n\t\t\t\t\t<div class=\"elementor-column elementor-col-100 elementor-top-column elementor-element elementor-element-ffd955e\" data-id=\"ffd955e\" data-element_type=\"column\">\n\t\t\t<div class=\"elementor-widget-wrap elementor-element-populated\">\n\t\t\t\t\t\t<div class=\"elementor-element elementor-element-79cd723 wd-width-100 elementor-widget elementor-widget-wd_title\" data-id=\"79cd723\" data-element_type=\"widget\" data-widget_type=\"wd_title.default\">\n\t\t\t\t<div class=\"elementor-widget-container\">\n\t\t\t\t\t\t\t<div class=\"title-wrapper wd-set-mb reset-last-child wd-title-color-default wd-title-style-default wd-title-size-default text-center\">\n\n\t\t\t\t\t\t\t\t\t\t\t<div class=\"title-subtitle subtitle-color-default subtitle-style-default wd-fontsize-xs\">\n\t\t\t\t\tVEA NUESTRO VERDADERO ESPECT\u00c1CULO\t\t\t\t<\/div>\n\t\t\t\n\t\t\t<div class=\"liner-continer\">\n\t\t\t\t<h4 class=\"woodmart-title-container title wd-fontsize-l\">Nuestro breve v\u00eddeo<\/h4> \n\t\t\t\t\t\t\t<\/div>\n\n\t\t\t\t\t\t\t<div class=\"title-after_title reset-last-child wd-fontsize-xs\">\n\t\t\t\t\t<p>Muestra la escena de uso del producto, te permite conocer m\u00e1s detalles.<\/p>\t\t\t\t<\/div>\n\t\t\t\t\t<\/div>\n\t\t\t\t\t\t<\/div>\n\t\t\t\t<\/div>\n\t\t\t\t<div class=\"elementor-element elementor-element-be3c487 elementor-widget elementor-widget-wd_testimonials\" data-id=\"be3c487\" data-element_type=\"widget\" data-widget_type=\"wd_testimonials.default\">\n\t\t\t\t<div class=\"elementor-widget-container\">\n\t\t\t\t\t\t\t<div class=\"testimonials testimon-style-standard  color-scheme- testimon-align-center wd-carousel-container\" id=\"carousel-7839\">\n\t\t\t\t\t\t\t<div class=\"wd-carousel-inner\">\n\t\t\t\n\t\t\t<div class=\"wd-carousel wd-grid\" data-scroll_per_page=\"yes\" style=\"--wd-col-lg:2;--wd-col-md:2;--wd-col-sm:1;--wd-gap-lg:30px;--wd-gap-sm:10px;\">\n\t\t\t\t\t\t\t\t\t<div class=\"wd-carousel-wrap\">\n\t\t\t\t\n\t\t\t\t\t\t\t\t\t\n<div class=\"testimonial wd-carousel-item\">\n\t<div class=\"testimonial-inner\">\n\t\t\n\t\t<div class=\"testimonial-content\">\n\t\t\t<div class=\"testimonial-rating\">\n\t\t\t\t<span class=\"star-rating\">\n\t\t\t\t\t<span style=\"width:100%\"><\/span>\n\t\t\t\t<\/span>\n\t\t\t<\/div>\n\n\t\t\t<p><iframe  id=\"_ytid_30759\"  width=\"800\" height=\"450\"  data-origwidth=\"800\" data-origheight=\"450\"  data-relstop=\"1\" src=\"https:\/\/www.youtube.com\/embed\/kwc6jXn3UBw?enablejsapi=1&autoplay=0&cc_load_policy=1&cc_lang_pref=&iv_load_policy=3&loop=0&rel=0&fs=1&playsinline=0&autohide=2&theme=dark&color=red&controls=1&disablekb=0&\" class=\"__youtube_prefs__  no-lazyload\" title=\"Reproductor de YouTube\"  allow=\"fullscreen; accelerometer; autoplay; clipboard-write; encrypted-media; gyroscope; picture-in-picture; web-share\" referrerpolicy=\"strict-origin-when-cross-origin\" allowfullscreen data-no-lazy=\"1\" data-skipgform_ajax_framebjll=\"\"><\/iframe><\/p>\n\t\t\t<footer>\n\t\t\t\t\n\t\t\t\t\t\t\t<\/footer>\n\t\t<\/div>\n\t<\/div>\n<\/div>\t\t\t\t\t\t\t\t\t\n<div class=\"testimonial wd-carousel-item\">\n\t<div class=\"testimonial-inner\">\n\t\t\n\t\t<div class=\"testimonial-content\">\n\t\t\t<div class=\"testimonial-rating\">\n\t\t\t\t<span class=\"star-rating\">\n\t\t\t\t\t<span style=\"width:100%\"><\/span>\n\t\t\t\t<\/span>\n\t\t\t<\/div>\n\n\t\t\t<p><iframe  id=\"_ytid_97244\"  width=\"800\" height=\"450\"  data-origwidth=\"800\" data-origheight=\"450\"  data-relstop=\"1\" src=\"https:\/\/www.youtube.com\/embed\/WWyZ5n1tVwI?enablejsapi=1&autoplay=0&cc_load_policy=1&cc_lang_pref=&iv_load_policy=3&loop=0&rel=0&fs=1&playsinline=0&autohide=2&theme=dark&color=red&controls=1&disablekb=0&\" class=\"__youtube_prefs__  no-lazyload\" title=\"Reproductor de YouTube\"  allow=\"fullscreen; accelerometer; autoplay; clipboard-write; encrypted-media; gyroscope; picture-in-picture; web-share\" referrerpolicy=\"strict-origin-when-cross-origin\" allowfullscreen data-no-lazy=\"1\" data-skipgform_ajax_framebjll=\"\"><\/iframe><\/p>\n\t\t\t<footer>\n\t\t\t\t\n\t\t\t\t\t\t\t<\/footer>\n\t\t<\/div>\n\t<\/div>\n<\/div>\t\t\t\t\n\t\t\t\t\t\t\t\t\t<\/div>\n\t\t\t\t\t\t\t<\/div>\n\t\t\t\t\t\t\t\t\t\t\t\t\t\t<div class=\"wd-nav-arrows wd-pos-sep wd-hover-1 wd-icon-1\">\n\t\t\t<div class=\"wd-btn-arrow wd-prev wd-disabled\">\n\t\t\t\t<div class=\"wd-arrow-inner\"><\/div>\n\t\t\t<\/div>\n\t\t\t<div class=\"wd-btn-arrow wd-next\">\n\t\t\t\t<div class=\"wd-arrow-inner\"><\/div>\n\t\t\t<\/div>\n\t\t<\/div>\n\t\t\t\t\t\t\n\t\t\t\t<\/div>\n\n\t\t\t\t\t\t<div class=\"wd-nav-pagin-wrap text-center wd-style-shape wd-hide-md-sm wd-hide-sm\">\n\t\t\t<ul class=\"wd-nav-pagin\"><\/ul>\n\t\t<\/div>\n\t\t\t\t\t\t\t\t\t\t\t<\/div>\n\t\t\t\t\t\t<\/div>\n\t\t\t\t<\/div>\n\t\t\t\t\t<\/div>\n\t\t<\/div>\n\t\t\t\t\t<\/div>\n\t\t<\/section>\n\t\t\t\t<\/div>","protected":false},"excerpt":{"rendered":"<p>&#8220;<strong>\u00bfQuiere mejorar las habilidades de dibujo de su hijo?<\/strong> \u00a1Presentamos el proyector de tablero de dibujo para ni\u00f1os! Transforma su creatividad con facilidad. Compre ahora para el env\u00edo gratis y obtener 30% OFF!\"<\/p>","protected":false},"featured_media":19980,"comment_status":"open","ping_status":"closed","template":"","meta":{"_acf_changed":false},"product_brand":[],"product_cat":[509],"product_tag":[839,841,840,842],"class_list":{"0":"post-19987","1":"product","2":"type-product","3":"status-publish","4":"has-post-thumbnail","6":"product_cat-best-baby-toys","7":"product_tag-drawing-board-projector","8":"product_tag-drawing-board-with-music","9":"product_tag-drawing-projector-for-kids","10":"product_tag-kids-drawing-board","12":"first","13":"instock","14":"sale","15":"taxable","16":"shipping-taxable","17":"purchasable","18":"product-type-variable","19":"wvs-archive-product-wrapper"},"acf":[],"_links":{"self":[{"href":"https:\/\/babyvk.com\/es\/wp-json\/wp\/v2\/product\/19987","targetHints":{"allow":["GET"]}}],"collection":[{"href":"https:\/\/babyvk.com\/es\/wp-json\/wp\/v2\/product"}],"about":[{"href":"https:\/\/babyvk.com\/es\/wp-json\/wp\/v2\/types\/product"}],"replies":[{"embeddable":true,"href":"https:\/\/babyvk.com\/es\/wp-json\/wp\/v2\/comments?post=19987"}],"version-history":[{"count":0,"href":"https:\/\/babyvk.com\/es\/wp-json\/wp\/v2\/product\/19987\/revisions"}],"wp:featuredmedia":[{"embeddable":true,"href":"https:\/\/babyvk.com\/es\/wp-json\/wp\/v2\/media\/19980"}],"wp:attachment":[{"href":"https:\/\/babyvk.com\/es\/wp-json\/wp\/v2\/media?parent=19987"}],"wp:term":[{"taxonomy":"product_brand","embeddable":true,"href":"https:\/\/babyvk.com\/es\/wp-json\/wp\/v2\/product_brand?post=19987"},{"taxonomy":"product_cat","embeddable":true,"href":"https:\/\/babyvk.com\/es\/wp-json\/wp\/v2\/product_cat?post=19987"},{"taxonomy":"product_tag","embeddable":true,"href":"https:\/\/babyvk.com\/es\/wp-json\/wp\/v2\/product_tag?post=19987"}],"curies":[{"name":"wp","href":"https:\/\/api.w.org\/{rel}","templated":true}]}}