{"id":19561,"date":"2024-04-11T17:18:17","date_gmt":"2024-04-11T17:18:17","guid":{"rendered":"https:\/\/babyvk.com\/?post_type=product&#038;p=19561"},"modified":"2024-06-07T01:04:59","modified_gmt":"2024-06-07T01:04:59","slug":"motorcycle-safety-harness-for-kids","status":"publish","type":"product","link":"https:\/\/babyvk.com\/es\/product\/motorcycle-safety-harness-for-kids\/","title":{"rendered":"Arn\u00e9s de seguridad para ni\u00f1os"},"content":{"rendered":"<div data-elementor-type=\"product-post\" data-elementor-id=\"19561\" class=\"elementor elementor-19561\" data-elementor-post-type=\"product\">\n\t\t\t\t\t\t<section class=\"wd-negative-gap elementor-section elementor-top-section elementor-element elementor-element-4fcbd33 elementor-section-boxed elementor-section-height-default elementor-section-height-default\" data-id=\"4fcbd33\" data-element_type=\"section\">\n\t\t\t\t\t\t<div class=\"elementor-container elementor-column-gap-default\">\n\t\t\t\t\t<div class=\"elementor-column elementor-col-100 elementor-top-column elementor-element elementor-element-f94c629\" data-id=\"f94c629\" data-element_type=\"column\">\n\t\t\t<div class=\"elementor-widget-wrap elementor-element-populated\">\n\t\t\t\t\t\t<div class=\"elementor-element elementor-element-aa3aba2 color-scheme-inherit text-left elementor-widget elementor-widget-text-editor\" data-id=\"aa3aba2\" data-element_type=\"widget\" data-widget_type=\"text-editor.default\">\n\t\t\t\t<div class=\"elementor-widget-container\">\n\t\t\t\t\t\t\t\t\t<p><strong>Utilice nuestro arn\u00e9s de seguridad para motocicletas para mantener seguro a su hijo. Ya no tendr\u00e1s que preocuparte de que se queden dormidos durante la conducci\u00f3n y pierdan su fr\u00e1gil agarre.<\/strong><\/p><h2>Caracter\u00edsticas:<\/h2><ol><li>Se adapta a la mayor\u00eda de motocicletas, ATV, para ni\u00f1os de 2 a 13 a\u00f1os, con un peso inferior a 99 libras.<\/li><li>Marcadores reflectantes para la seguridad nocturna.<\/li><li>El ni\u00f1o puede ir delante o detr\u00e1s.<\/li><li>Puede utilizarse como andador para ni\u00f1os peque\u00f1os y como arn\u00e9s de alimentaci\u00f3n para beb\u00e9s.<\/li><li>Tejido de primera calidad + algod\u00f3n de seda para una mejor salud.<\/li><li>Dise\u00f1o de nido de abeja para mayor transpirabilidad.<\/li><li>Hebilla 4 en 1 m\u00e1s grande y gruesa para mayor sujeci\u00f3n.<\/li><li>Costura de seguridad multicapa.<\/li><li>Tirantes m\u00e1s anchos de alta densidad.<\/li><li>Longitud del cintur\u00f3n ajustable.<\/li><\/ol>\t\t\t\t\t\t\t\t<\/div>\n\t\t\t\t<\/div>\n\t\t\t\t\t<\/div>\n\t\t<\/div>\n\t\t\t\t\t<\/div>\n\t\t<\/section>\n\t\t\t\t<section class=\"wd-negative-gap elementor-section elementor-top-section elementor-element elementor-element-41231d2 elementor-section-boxed elementor-section-height-default elementor-section-height-default\" data-id=\"41231d2\" data-element_type=\"section\">\n\t\t\t\t\t\t<div class=\"elementor-container elementor-column-gap-default\">\n\t\t\t\t\t<div class=\"elementor-column elementor-col-100 elementor-top-column elementor-element elementor-element-996f4ee\" data-id=\"996f4ee\" data-element_type=\"column\">\n\t\t\t<div class=\"elementor-widget-wrap elementor-element-populated\">\n\t\t\t\t\t\t<div class=\"elementor-element elementor-element-fe13715 wd-width-100 elementor-widget elementor-widget-wd_title\" data-id=\"fe13715\" data-element_type=\"widget\" data-widget_type=\"wd_title.default\">\n\t\t\t\t<div class=\"elementor-widget-container\">\n\t\t\t\t\t\t\t<div class=\"title-wrapper wd-set-mb reset-last-child wd-title-color-default wd-title-style-default wd-title-size-default text-center\">\n\n\t\t\t\n\t\t\t<div class=\"liner-continer\">\n\t\t\t\t<h2 class=\"woodmart-title-container title wd-fontsize-l\">Ciclismo seguro con el beb\u00e9<\/h2> \n\t\t\t\t\t\t\t<\/div>\n\n\t\t\t\t\t\t\t<div class=\"title-after_title reset-last-child wd-fontsize-xs\">\n\t\t\t\t\t<p>Evita que tu beb\u00e9 se caiga de la moto mientras duerme<\/p>\t\t\t\t<\/div>\n\t\t\t\t\t<\/div>\n\t\t\t\t\t\t<\/div>\n\t\t\t\t<\/div>\n\t\t\t\t<div class=\"elementor-element elementor-element-77ed340 elementor-widget elementor-widget-image\" data-id=\"77ed340\" data-element_type=\"widget\" data-widget_type=\"image.default\">\n\t\t\t\t<div class=\"elementor-widget-container\">\n\t\t\t\t\t\t\t\t\t\t\t\t\t\t\t<img fetchpriority=\"high\" decoding=\"async\" width=\"750\" height=\"642\" src=\"https:\/\/babyvk.com\/wp-content\/themes\/woodmart\/images\/lazy.svg\" data-src=\"https:\/\/babyvk.com\/wp-content\/uploads\/2024\/04\/rider-safe-travel-vest-car-seat-kids.webp\" class=\"wd-lazy-blur attachment-large size-large wp-image-19550 wvs-archive-product-image\" alt=\"child bike harness\" srcset=\"\" data-srcset=\"https:\/\/babyvk.com\/wp-content\/uploads\/2024\/04\/rider-safe-travel-vest-car-seat-kids.webp 750w, https:\/\/babyvk.com\/wp-content\/uploads\/2024\/04\/rider-safe-travel-vest-car-seat-kids-30x26.webp 30w, https:\/\/babyvk.com\/wp-content\/uploads\/2024\/04\/rider-safe-travel-vest-car-seat-kids-350x300.webp 350w, https:\/\/babyvk.com\/wp-content\/uploads\/2024\/04\/rider-safe-travel-vest-car-seat-kids-500x428.webp 500w, https:\/\/babyvk.com\/wp-content\/uploads\/2024\/04\/rider-safe-travel-vest-car-seat-kids-430x368.webp 430w, https:\/\/babyvk.com\/wp-content\/uploads\/2024\/04\/rider-safe-travel-vest-car-seat-kids-700x599.webp 700w\" sizes=\"(max-width: 750px) 100vw, 750px\" title=\"\">\t\t\t\t\t\t\t\t\t\t\t\t\t\t\t<\/div>\n\t\t\t\t<\/div>\n\t\t\t\t<div class=\"elementor-element elementor-element-59a20f2 wd-width-100 elementor-widget elementor-widget-wd_title\" data-id=\"59a20f2\" data-element_type=\"widget\" data-widget_type=\"wd_title.default\">\n\t\t\t\t<div class=\"elementor-widget-container\">\n\t\t\t\t\t\t\t<div class=\"title-wrapper wd-set-mb reset-last-child wd-title-color-default wd-title-style-default wd-title-size-default text-center\">\n\n\t\t\t\n\t\t\t<div class=\"liner-continer\">\n\t\t\t\t<h2 class=\"woodmart-title-container title wd-fontsize-l\">Viaja con el doble de seguridad<\/h2> \n\t\t\t\t\t\t\t<\/div>\n\n\t\t\t\t\t\t\t<div class=\"title-after_title reset-last-child wd-fontsize-xs\">\n\t\t\t\t\t<p>No es necesario sujetar al beb\u00e9 con una mano, \u00a1no hay que preocuparse de que se caiga al frenar!<\/p>\t\t\t\t<\/div>\n\t\t\t\t\t<\/div>\n\t\t\t\t\t\t<\/div>\n\t\t\t\t<\/div>\n\t\t\t\t<div class=\"elementor-element elementor-element-3958acf elementor-widget elementor-widget-image\" data-id=\"3958acf\" data-element_type=\"widget\" data-widget_type=\"image.default\">\n\t\t\t\t<div class=\"elementor-widget-container\">\n\t\t\t\t\t\t\t\t\t\t\t\t\t\t\t<img decoding=\"async\" width=\"799\" height=\"799\" src=\"https:\/\/babyvk.com\/wp-content\/themes\/woodmart\/images\/lazy.svg\" data-src=\"https:\/\/babyvk.com\/wp-content\/uploads\/2024\/04\/motorcycle-harnessfor-kids.webp\" class=\"wd-lazy-blur attachment-large size-large wp-image-19556 wvs-archive-product-image\" alt=\"rider safe travel chaleco asiento coche ni\u00f1os\" srcset=\"\" data-srcset=\"https:\/\/babyvk.com\/wp-content\/uploads\/2024\/04\/motorcycle-harnessfor-kids.webp 799w, https:\/\/babyvk.com\/wp-content\/uploads\/2024\/04\/motorcycle-harnessfor-kids-30x30.webp 30w, https:\/\/babyvk.com\/wp-content\/uploads\/2024\/04\/motorcycle-harnessfor-kids-50x50.webp 50w, https:\/\/babyvk.com\/wp-content\/uploads\/2024\/04\/motorcycle-harnessfor-kids-100x100.webp 100w, https:\/\/babyvk.com\/wp-content\/uploads\/2024\/04\/motorcycle-harnessfor-kids-150x150.webp 150w, https:\/\/babyvk.com\/wp-content\/uploads\/2024\/04\/motorcycle-harnessfor-kids-300x300.webp 300w, https:\/\/babyvk.com\/wp-content\/uploads\/2024\/04\/motorcycle-harnessfor-kids-768x768.webp 768w, https:\/\/babyvk.com\/wp-content\/uploads\/2024\/04\/motorcycle-harnessfor-kids-500x500.webp 500w, https:\/\/babyvk.com\/wp-content\/uploads\/2024\/04\/motorcycle-harnessfor-kids-430x430.webp 430w, https:\/\/babyvk.com\/wp-content\/uploads\/2024\/04\/motorcycle-harnessfor-kids-700x700.webp 700w\" sizes=\"(max-width: 799px) 100vw, 799px\" title=\"\">\t\t\t\t\t\t\t\t\t\t\t\t\t\t\t<\/div>\n\t\t\t\t<\/div>\n\t\t\t\t<div class=\"elementor-element elementor-element-d39516e wd-width-100 elementor-widget elementor-widget-wd_title\" data-id=\"d39516e\" data-element_type=\"widget\" data-widget_type=\"wd_title.default\">\n\t\t\t\t<div class=\"elementor-widget-container\">\n\t\t\t\t\t\t\t<div class=\"title-wrapper wd-set-mb reset-last-child wd-title-color-default wd-title-style-default wd-title-size-default text-center\">\n\n\t\t\t\n\t\t\t<div class=\"liner-continer\">\n\t\t\t\t<h2 class=\"woodmart-title-container title wd-fontsize-l\">Apto para muchos veh\u00edculos<\/h2> \n\t\t\t\t\t\t\t<\/div>\n\n\t\t\t\t\t\t\t<div class=\"title-after_title reset-last-child wd-fontsize-xs\">\n\t\t\t\t\t<p>\u00a1Adecuado para 99% de los modelos en el mercado, m\u00e1s fina mano de obra, s\u00f3lo para darle mejor!<\/p>\t\t\t\t<\/div>\n\t\t\t\t\t<\/div>\n\t\t\t\t\t\t<\/div>\n\t\t\t\t<\/div>\n\t\t\t\t<div class=\"elementor-element elementor-element-36d04aa elementor-widget elementor-widget-image\" data-id=\"36d04aa\" data-element_type=\"widget\" data-widget_type=\"image.default\">\n\t\t\t\t<div class=\"elementor-widget-container\">\n\t\t\t\t\t\t\t\t\t\t\t\t\t\t\t<img decoding=\"async\" width=\"750\" height=\"579\" src=\"https:\/\/babyvk.com\/wp-content\/themes\/woodmart\/images\/lazy.svg\" data-src=\"https:\/\/babyvk.com\/wp-content\/uploads\/2024\/04\/kids-motorcycle-harness-safety-belt.webp\" class=\"wd-lazy-blur attachment-large size-large wp-image-19554 wvs-archive-product-image\" alt=\"child safety harness for special needs child\" srcset=\"\" data-srcset=\"https:\/\/babyvk.com\/wp-content\/uploads\/2024\/04\/kids-motorcycle-harness-safety-belt.webp 750w, https:\/\/babyvk.com\/wp-content\/uploads\/2024\/04\/kids-motorcycle-harness-safety-belt-30x23.webp 30w, https:\/\/babyvk.com\/wp-content\/uploads\/2024\/04\/kids-motorcycle-harness-safety-belt-389x300.webp 389w, https:\/\/babyvk.com\/wp-content\/uploads\/2024\/04\/kids-motorcycle-harness-safety-belt-500x386.webp 500w, https:\/\/babyvk.com\/wp-content\/uploads\/2024\/04\/kids-motorcycle-harness-safety-belt-430x332.webp 430w, https:\/\/babyvk.com\/wp-content\/uploads\/2024\/04\/kids-motorcycle-harness-safety-belt-700x540.webp 700w\" sizes=\"(max-width: 750px) 100vw, 750px\" title=\"\">\t\t\t\t\t\t\t\t\t\t\t\t\t\t\t<\/div>\n\t\t\t\t<\/div>\n\t\t\t\t<div class=\"elementor-element elementor-element-739e36f wd-width-100 elementor-widget elementor-widget-wd_title\" data-id=\"739e36f\" data-element_type=\"widget\" data-widget_type=\"wd_title.default\">\n\t\t\t\t<div class=\"elementor-widget-container\">\n\t\t\t\t\t\t\t<div class=\"title-wrapper wd-set-mb reset-last-child wd-title-color-default wd-title-style-default wd-title-size-default text-center\">\n\n\t\t\t\n\t\t\t<div class=\"liner-continer\">\n\t\t\t\t<h2 class=\"woodmart-title-container title wd-fontsize-l\">Protecci\u00f3n multicapa<\/h2> \n\t\t\t\t\t\t\t<\/div>\n\n\t\t\t\t\t\t\t<div class=\"title-after_title reset-last-child wd-fontsize-xs\">\n\t\t\t\t\t<p>Correa de ajuste multidireccional + hebilla de seguridad a prueba de explosiones \u00a1para darte un poco m\u00e1s de seguridad!<\/p>\t\t\t\t<\/div>\n\t\t\t\t\t<\/div>\n\t\t\t\t\t\t<\/div>\n\t\t\t\t<\/div>\n\t\t\t\t<div class=\"elementor-element elementor-element-9210ffa elementor-widget elementor-widget-image\" data-id=\"9210ffa\" data-element_type=\"widget\" data-widget_type=\"image.default\">\n\t\t\t\t<div class=\"elementor-widget-container\">\n\t\t\t\t\t\t\t\t\t\t\t\t\t\t\t<img loading=\"lazy\" decoding=\"async\" width=\"750\" height=\"490\" src=\"https:\/\/babyvk.com\/wp-content\/themes\/woodmart\/images\/lazy.svg\" data-src=\"https:\/\/babyvk.com\/wp-content\/uploads\/2024\/04\/motorcycle-safety-harness-for-kids.webp\" class=\"wd-lazy-blur attachment-large size-large wp-image-19559 wvs-archive-product-image\" alt=\"kids motorcycle harness safety belt\" srcset=\"\" data-srcset=\"https:\/\/babyvk.com\/wp-content\/uploads\/2024\/04\/motorcycle-safety-harness-for-kids.webp 750w, https:\/\/babyvk.com\/wp-content\/uploads\/2024\/04\/motorcycle-safety-harness-for-kids-30x20.webp 30w, https:\/\/babyvk.com\/wp-content\/uploads\/2024\/04\/motorcycle-safety-harness-for-kids-400x261.webp 400w, https:\/\/babyvk.com\/wp-content\/uploads\/2024\/04\/motorcycle-safety-harness-for-kids-500x327.webp 500w, https:\/\/babyvk.com\/wp-content\/uploads\/2024\/04\/motorcycle-safety-harness-for-kids-430x281.webp 430w, https:\/\/babyvk.com\/wp-content\/uploads\/2024\/04\/motorcycle-safety-harness-for-kids-700x457.webp 700w\" sizes=\"(max-width: 750px) 100vw, 750px\" title=\"\">\t\t\t\t\t\t\t\t\t\t\t\t\t\t\t<\/div>\n\t\t\t\t<\/div>\n\t\t\t\t<div class=\"elementor-element elementor-element-aaba5fc wd-width-100 elementor-widget elementor-widget-wd_title\" data-id=\"aaba5fc\" data-element_type=\"widget\" data-widget_type=\"wd_title.default\">\n\t\t\t\t<div class=\"elementor-widget-container\">\n\t\t\t\t\t\t\t<div class=\"title-wrapper wd-set-mb reset-last-child wd-title-color-default wd-title-style-default wd-title-size-default text-center\">\n\n\t\t\t\n\t\t\t<div class=\"liner-continer\">\n\t\t\t\t<h2 class=\"woodmart-title-container title wd-fontsize-l\">Viajar de noche con seguridad<\/h2> \n\t\t\t\t\t\t\t<\/div>\n\n\t\t\t\t\t\t\t<div class=\"title-after_title reset-last-child wd-fontsize-xs\">\n\t\t\t\t\t<p>Los materiales reflectantes facilitan la identificaci\u00f3n cuando se circula de noche<\/p>\t\t\t\t<\/div>\n\t\t\t\t\t<\/div>\n\t\t\t\t\t\t<\/div>\n\t\t\t\t<\/div>\n\t\t\t\t<div class=\"elementor-element elementor-element-5975a2d elementor-widget elementor-widget-image\" data-id=\"5975a2d\" data-element_type=\"widget\" data-widget_type=\"image.default\">\n\t\t\t\t<div class=\"elementor-widget-container\">\n\t\t\t\t\t\t\t\t\t\t\t\t\t\t\t<img loading=\"lazy\" decoding=\"async\" width=\"750\" height=\"567\" src=\"https:\/\/babyvk.com\/wp-content\/themes\/woodmart\/images\/lazy.svg\" data-src=\"https:\/\/babyvk.com\/wp-content\/uploads\/2024\/04\/toddler-safetyharnesses-leashes.webp\" class=\"wd-lazy-blur attachment-large size-large wp-image-19551 wvs-archive-product-image\" alt=\"child bicycle motorcycle safety belt\" srcset=\"\" data-srcset=\"https:\/\/babyvk.com\/wp-content\/uploads\/2024\/04\/toddler-safetyharnesses-leashes.webp 750w, https:\/\/babyvk.com\/wp-content\/uploads\/2024\/04\/toddler-safetyharnesses-leashes-30x23.webp 30w, https:\/\/babyvk.com\/wp-content\/uploads\/2024\/04\/toddler-safetyharnesses-leashes-397x300.webp 397w, https:\/\/babyvk.com\/wp-content\/uploads\/2024\/04\/toddler-safetyharnesses-leashes-500x378.webp 500w, https:\/\/babyvk.com\/wp-content\/uploads\/2024\/04\/toddler-safetyharnesses-leashes-430x325.webp 430w, https:\/\/babyvk.com\/wp-content\/uploads\/2024\/04\/toddler-safetyharnesses-leashes-700x529.webp 700w\" sizes=\"(max-width: 750px) 100vw, 750px\" title=\"\">\t\t\t\t\t\t\t\t\t\t\t\t\t\t\t<\/div>\n\t\t\t\t<\/div>\n\t\t\t\t<div class=\"elementor-element elementor-element-0936c8c wd-width-100 elementor-widget elementor-widget-wd_title\" data-id=\"0936c8c\" data-element_type=\"widget\" data-widget_type=\"wd_title.default\">\n\t\t\t\t<div class=\"elementor-widget-container\">\n\t\t\t\t\t\t\t<div class=\"title-wrapper wd-set-mb reset-last-child wd-title-color-default wd-title-style-default wd-title-size-default text-center\">\n\n\t\t\t\n\t\t\t<div class=\"liner-continer\">\n\t\t\t\t<h2 class=\"woodmart-title-container title wd-fontsize-l\">Actualizar el paquete de almacenamiento masivo<\/h2> \n\t\t\t\t\t\t\t<\/div>\n\n\t\t\t\t\t\t\t<div class=\"title-after_title reset-last-child wd-fontsize-xs\">\n\t\t\t\t\t<p>Dise\u00f1o de almacenamiento mejorado Almacenamiento plegable de gran capacidad, f\u00e1cil de transportar<\/p>\t\t\t\t<\/div>\n\t\t\t\t\t<\/div>\n\t\t\t\t\t\t<\/div>\n\t\t\t\t<\/div>\n\t\t\t\t<div class=\"elementor-element elementor-element-b861053 elementor-widget elementor-widget-image\" data-id=\"b861053\" data-element_type=\"widget\" data-widget_type=\"image.default\">\n\t\t\t\t<div class=\"elementor-widget-container\">\n\t\t\t\t\t\t\t\t\t\t\t\t\t\t\t<img loading=\"lazy\" decoding=\"async\" width=\"750\" height=\"541\" src=\"https:\/\/babyvk.com\/wp-content\/themes\/woodmart\/images\/lazy.svg\" data-src=\"https:\/\/babyvk.com\/wp-content\/uploads\/2024\/04\/piggy-back-riders-for-kids.webp\" class=\"wd-lazy-blur attachment-large size-large wp-image-19560 wvs-archive-product-image\" alt=\"arn\u00e9s infantil para moto\" srcset=\"\" data-srcset=\"https:\/\/babyvk.com\/wp-content\/uploads\/2024\/04\/piggy-back-riders-for-kids.webp 750w, https:\/\/babyvk.com\/wp-content\/uploads\/2024\/04\/piggy-back-riders-for-kids-30x22.webp 30w, https:\/\/babyvk.com\/wp-content\/uploads\/2024\/04\/piggy-back-riders-for-kids-400x289.webp 400w, https:\/\/babyvk.com\/wp-content\/uploads\/2024\/04\/piggy-back-riders-for-kids-500x361.webp 500w, https:\/\/babyvk.com\/wp-content\/uploads\/2024\/04\/piggy-back-riders-for-kids-430x310.webp 430w, https:\/\/babyvk.com\/wp-content\/uploads\/2024\/04\/piggy-back-riders-for-kids-700x505.webp 700w\" sizes=\"(max-width: 750px) 100vw, 750px\" title=\"\">\t\t\t\t\t\t\t\t\t\t\t\t\t\t\t<\/div>\n\t\t\t\t<\/div>\n\t\t\t\t<div class=\"elementor-element elementor-element-1089ffd color-scheme-inherit text-left elementor-widget elementor-widget-text-editor\" data-id=\"1089ffd\" data-element_type=\"widget\" data-widget_type=\"text-editor.default\">\n\t\t\t\t<div class=\"elementor-widget-container\">\n\t\t\t\t\t\t\t\t\t<h2>Especificaciones:<\/h2><ul><li>Nombre: Arn\u00e9s de seguridad para ni\u00f1os<\/li><li>Edad aplicable: de 2 a 13 a\u00f1os<\/li><li>Material: tejido Oxford resistente al desgaste<\/li><li>Cintura aplicable: Cintura ajustable<\/li><li>Modelos aplicables: bicicleta, veh\u00edculo el\u00e9ctrico, motocicleta, etc.<\/li><\/ul>\t\t\t\t\t\t\t\t<\/div>\n\t\t\t\t<\/div>\n\t\t\t\t<div class=\"elementor-element elementor-element-5d06726 elementor-widget elementor-widget-image\" data-id=\"5d06726\" data-element_type=\"widget\" data-widget_type=\"image.default\">\n\t\t\t\t<div class=\"elementor-widget-container\">\n\t\t\t\t\t\t\t\t\t\t\t\t\t\t\t<img loading=\"lazy\" decoding=\"async\" width=\"750\" height=\"531\" src=\"https:\/\/babyvk.com\/wp-content\/themes\/woodmart\/images\/lazy.svg\" data-src=\"https:\/\/babyvk.com\/wp-content\/uploads\/2024\/04\/child-backpack-leash.webp\" class=\"wd-lazy-blur attachment-large size-large wp-image-19557 wvs-archive-product-image\" alt=\"arn\u00e9s de seguridad para ni\u00f1os\" srcset=\"\" data-srcset=\"https:\/\/babyvk.com\/wp-content\/uploads\/2024\/04\/child-backpack-leash.webp 750w, https:\/\/babyvk.com\/wp-content\/uploads\/2024\/04\/child-backpack-leash-30x21.webp 30w, https:\/\/babyvk.com\/wp-content\/uploads\/2024\/04\/child-backpack-leash-400x283.webp 400w, https:\/\/babyvk.com\/wp-content\/uploads\/2024\/04\/child-backpack-leash-500x354.webp 500w, https:\/\/babyvk.com\/wp-content\/uploads\/2024\/04\/child-backpack-leash-430x304.webp 430w, https:\/\/babyvk.com\/wp-content\/uploads\/2024\/04\/child-backpack-leash-700x496.webp 700w\" sizes=\"(max-width: 750px) 100vw, 750px\" title=\"\">\t\t\t\t\t\t\t\t\t\t\t\t\t\t\t<\/div>\n\t\t\t\t<\/div>\n\t\t\t\t\t<\/div>\n\t\t<\/div>\n\t\t\t\t\t<\/div>\n\t\t<\/section>\n\t\t\t\t<section class=\"wd-negative-gap elementor-section elementor-top-section elementor-element elementor-element-775cad8 elementor-section-boxed elementor-section-height-default elementor-section-height-default\" data-id=\"775cad8\" data-element_type=\"section\">\n\t\t\t\t\t\t<div class=\"elementor-container elementor-column-gap-default\">\n\t\t\t\t\t<div class=\"elementor-column elementor-col-100 elementor-top-column elementor-element elementor-element-d9e6811\" data-id=\"d9e6811\" data-element_type=\"column\">\n\t\t\t<div class=\"elementor-widget-wrap elementor-element-populated\">\n\t\t\t\t\t\t<div class=\"elementor-element elementor-element-f99f3ea wd-width-100 elementor-widget elementor-widget-wd_title\" data-id=\"f99f3ea\" data-element_type=\"widget\" data-widget_type=\"wd_title.default\">\n\t\t\t\t<div class=\"elementor-widget-container\">\n\t\t\t\t\t\t\t<div class=\"title-wrapper wd-set-mb reset-last-child wd-title-color-default wd-title-style-default wd-title-size-default text-center\">\n\n\t\t\t\t\t\t\t\t\t\t\t<div class=\"title-subtitle subtitle-color-default subtitle-style-default wd-fontsize-xs\">\n\t\t\t\t\tVEA NUESTRO VERDADERO ESPECT\u00c1CULO\t\t\t\t<\/div>\n\t\t\t\n\t\t\t<div class=\"liner-continer\">\n\t\t\t\t<h4 class=\"woodmart-title-container title wd-fontsize-l\">Nuestro breve v\u00eddeo<\/h4> \n\t\t\t\t\t\t\t<\/div>\n\n\t\t\t\t\t\t\t<div class=\"title-after_title reset-last-child wd-fontsize-xs\">\n\t\t\t\t\t<p>Muestra la escena de uso del producto, te permite conocer m\u00e1s detalles.<\/p>\t\t\t\t<\/div>\n\t\t\t\t\t<\/div>\n\t\t\t\t\t\t<\/div>\n\t\t\t\t<\/div>\n\t\t\t\t<div class=\"elementor-element elementor-element-073a004 elementor-widget elementor-widget-wd_testimonials\" data-id=\"073a004\" data-element_type=\"widget\" data-widget_type=\"wd_testimonials.default\">\n\t\t\t\t<div class=\"elementor-widget-container\">\n\t\t\t\t\t\t\t<div class=\"testimonials testimon-style-standard  color-scheme- testimon-align-center wd-carousel-container\" id=\"carousel-5371\">\n\t\t\t\t\t\t\t<div class=\"wd-carousel-inner\">\n\t\t\t\n\t\t\t<div class=\"wd-carousel wd-grid\" data-scroll_per_page=\"yes\" style=\"--wd-col-lg:2;--wd-col-md:2;--wd-col-sm:1;--wd-gap-lg:30px;--wd-gap-sm:10px;\">\n\t\t\t\t\t\t\t\t\t<div class=\"wd-carousel-wrap\">\n\t\t\t\t\n\t\t\t\t\t\t\t\t\t\n<div class=\"testimonial wd-carousel-item\">\n\t<div class=\"testimonial-inner\">\n\t\t\n\t\t<div class=\"testimonial-content\">\n\t\t\t<div class=\"testimonial-rating\">\n\t\t\t\t<span class=\"star-rating\">\n\t\t\t\t\t<span style=\"width:100%\"><\/span>\n\t\t\t\t<\/span>\n\t\t\t<\/div>\n\n\t\t\t<p><iframe  id=\"_ytid_11021\"  width=\"800\" height=\"450\"  data-origwidth=\"800\" data-origheight=\"450\"  data-relstop=\"1\" src=\"https:\/\/www.youtube.com\/embed\/rLJEc4BNp0E?enablejsapi=1&autoplay=0&cc_load_policy=1&cc_lang_pref=&iv_load_policy=3&loop=0&rel=0&fs=1&playsinline=0&autohide=2&theme=dark&color=red&controls=1&disablekb=0&\" class=\"__youtube_prefs__  no-lazyload\" title=\"Reproductor de YouTube\"  allow=\"fullscreen; accelerometer; autoplay; clipboard-write; encrypted-media; gyroscope; picture-in-picture; web-share\" referrerpolicy=\"strict-origin-when-cross-origin\" allowfullscreen data-no-lazy=\"1\" data-skipgform_ajax_framebjll=\"\"><\/iframe><\/p>\n\t\t\t<footer>\n\t\t\t\t\n\t\t\t\t\t\t\t<\/footer>\n\t\t<\/div>\n\t<\/div>\n<\/div>\t\t\t\t\n\t\t\t\t\t\t\t\t\t<\/div>\n\t\t\t\t\t\t\t<\/div>\n\t\t\t\t\t\t\t\t\t\t\t\t\t\t<div class=\"wd-nav-arrows wd-pos-sep wd-hover-1 wd-icon-1\">\n\t\t\t<div class=\"wd-btn-arrow wd-prev wd-disabled\">\n\t\t\t\t<div class=\"wd-arrow-inner\"><\/div>\n\t\t\t<\/div>\n\t\t\t<div class=\"wd-btn-arrow wd-next\">\n\t\t\t\t<div class=\"wd-arrow-inner\"><\/div>\n\t\t\t<\/div>\n\t\t<\/div>\n\t\t\t\t\t\t\n\t\t\t\t<\/div>\n\n\t\t\t\t\t\t<div class=\"wd-nav-pagin-wrap text-center wd-style-shape wd-hide-md-sm wd-hide-sm\">\n\t\t\t<ul class=\"wd-nav-pagin\"><\/ul>\n\t\t<\/div>\n\t\t\t\t\t\t\t\t\t\t\t<\/div>\n\t\t\t\t\t\t<\/div>\n\t\t\t\t<\/div>\n\t\t\t\t\t<\/div>\n\t\t<\/div>\n\t\t\t\t\t<\/div>\n\t\t<\/section>\n\t\t\t\t<\/div>","protected":false},"excerpt":{"rendered":"<p>&#8220;<strong>\u00bfLe preocupa viajar seguro con ni\u00f1os?<\/strong> Presentamos el arn\u00e9s de seguridad de moto para ni\u00f1os, que garantiza su protecci\u00f3n en cada viaje. Compre ahora para el env\u00edo gratis y obtener 30% OFF!\"<\/p>","protected":false},"featured_media":19552,"comment_status":"open","ping_status":"closed","template":"","meta":{"_acf_changed":false},"product_brand":[],"product_cat":[42],"product_tag":[828,827,830,829],"class_list":{"0":"post-19561","1":"product","2":"type-product","3":"status-publish","4":"has-post-thumbnail","6":"product_cat-best-travel-gear","7":"product_tag-child-backpack-leash","8":"product_tag-child-harness-leashes-for-toddlers","9":"product_tag-motorcycle-harness-for-kids","10":"product_tag-piggy-back-riders-for-kids","12":"first","13":"instock","14":"sale","15":"taxable","16":"shipping-taxable","17":"purchasable","18":"product-type-variable","19":"wvs-archive-product-wrapper"},"acf":[],"_links":{"self":[{"href":"https:\/\/babyvk.com\/es\/wp-json\/wp\/v2\/product\/19561","targetHints":{"allow":["GET"]}}],"collection":[{"href":"https:\/\/babyvk.com\/es\/wp-json\/wp\/v2\/product"}],"about":[{"href":"https:\/\/babyvk.com\/es\/wp-json\/wp\/v2\/types\/product"}],"replies":[{"embeddable":true,"href":"https:\/\/babyvk.com\/es\/wp-json\/wp\/v2\/comments?post=19561"}],"version-history":[{"count":0,"href":"https:\/\/babyvk.com\/es\/wp-json\/wp\/v2\/product\/19561\/revisions"}],"wp:featuredmedia":[{"embeddable":true,"href":"https:\/\/babyvk.com\/es\/wp-json\/wp\/v2\/media\/19552"}],"wp:attachment":[{"href":"https:\/\/babyvk.com\/es\/wp-json\/wp\/v2\/media?parent=19561"}],"wp:term":[{"taxonomy":"product_brand","embeddable":true,"href":"https:\/\/babyvk.com\/es\/wp-json\/wp\/v2\/product_brand?post=19561"},{"taxonomy":"product_cat","embeddable":true,"href":"https:\/\/babyvk.com\/es\/wp-json\/wp\/v2\/product_cat?post=19561"},{"taxonomy":"product_tag","embeddable":true,"href":"https:\/\/babyvk.com\/es\/wp-json\/wp\/v2\/product_tag?post=19561"}],"curies":[{"name":"wp","href":"https:\/\/api.w.org\/{rel}","templated":true}]}}