{"id":18873,"date":"2024-04-01T07:46:25","date_gmt":"2024-04-01T07:46:25","guid":{"rendered":"https:\/\/babyvk.com\/?post_type=product&#038;p=18873"},"modified":"2025-03-10T20:03:30","modified_gmt":"2025-03-10T20:03:30","slug":"neti-pot-sinus-rinse-bottle","status":"publish","type":"product","link":"https:\/\/babyvk.com\/es\/product\/neti-pot-sinus-rinse-bottle\/","title":{"rendered":"Enjuague nasal Neti Pot"},"content":{"rendered":"<div data-elementor-type=\"product-post\" data-elementor-id=\"18873\" class=\"elementor elementor-18873\" data-elementor-post-type=\"product\">\n\t\t\t\t\t\t<section class=\"wd-negative-gap elementor-section elementor-top-section elementor-element elementor-element-b3b3eca elementor-section-boxed elementor-section-height-default elementor-section-height-default\" data-id=\"b3b3eca\" data-element_type=\"section\">\n\t\t\t\t\t\t<div class=\"elementor-container elementor-column-gap-default\">\n\t\t\t\t\t<div class=\"elementor-column elementor-col-100 elementor-top-column elementor-element elementor-element-9a7acee\" data-id=\"9a7acee\" data-element_type=\"column\">\n\t\t\t<div class=\"elementor-widget-wrap elementor-element-populated\">\n\t\t\t\t\t\t<div class=\"elementor-element elementor-element-582a093 elementor-widget elementor-widget-wd_text_block\" data-id=\"582a093\" data-element_type=\"widget\" data-widget_type=\"wd_text_block.default\">\n\t\t\t\t<div class=\"elementor-widget-container\">\n\t\t\t\t\t\t\t<div class=\"wd-text-block reset-last-child text-left\">\n\t\t\t\n\t\t\t<h2>Caracter\u00edsticas:<\/h2><ol><li>Mejor respiraci\u00f3n: El uso de este enjuague nasal limpia eficazmente la nariz, permitiendo una respiraci\u00f3n m\u00e1s suave sin depender de Afrin.<\/li><li>F\u00e1cil de usar: Basta con dar la vuelta al irrigador nasal y pulsar el bot\u00f3n. No es necesario apretar el irrigador nasal. La gravedad har\u00e1 el resto. El irrigador nasal rociar\u00e1 agua en una fosa nasal y saldr\u00e1 por la otra.<\/li><li>Flujo de agua calmante: El flujo de agua de la botella del limpiador nasal pasar\u00e1 suavemente por las fosas nasales. No forzar\u00e1 el agua a trav\u00e9s de la congesti\u00f3n nasal, proporcionando efectos hidratantes y calmantes.<\/li><li>A prueba de fugas: Cada interfaz del irrigador nasal est\u00e1 cuidadosamente dise\u00f1ada para evitar fugas. No hay necesidad de preocuparse por el agua pulverizada fuera de la nariz.<\/li><li>1 a\u00f1o de servicio al cliente: Si tiene alguna pregunta sobre el irrigador nasal, le proporcionaremos asistencia incondicional \/ reemplazo \/ reembolso completo, junto con un servicio de atenci\u00f3n al cliente amigable las 24 horas.<\/li><\/ol>\n\t\t\t\t\t<\/div>\n\t\t\t\t\t\t<\/div>\n\t\t\t\t<\/div>\n\t\t\t\t<div class=\"elementor-element elementor-element-d894f5a elementor-widget elementor-widget-wd_text_block\" data-id=\"d894f5a\" data-element_type=\"widget\" data-widget_type=\"wd_text_block.default\">\n\t\t\t\t<div class=\"elementor-widget-container\">\n\t\t\t\t\t\t\t<div class=\"wd-text-block reset-last-child text-left\">\n\t\t\t\n\t\t\t<h2>Especificaci\u00f3n:<\/h2><ul><li>Nombre del producto: Frasco lavador nasal<\/li><li>Capacidad del producto: 330 ml<\/li><li>Material del producto: PP de calidad m\u00e9dica<\/li><li>N\u00famero de boquillas: 3 Boquillas<\/li><li>Color del producto: Azul\/Verde\/Rosa<\/li><li>Tama\u00f1o del producto: 110*74*158 mm<\/li><li>Peso del producto:19,5 g<\/li><\/ul>\n\t\t\t\t\t<\/div>\n\t\t\t\t\t\t<\/div>\n\t\t\t\t<\/div>\n\t\t\t\t\t<\/div>\n\t\t<\/div>\n\t\t\t\t\t<\/div>\n\t\t<\/section>\n\t\t\t\t<section class=\"wd-negative-gap elementor-section elementor-top-section elementor-element elementor-element-91e5f54 elementor-section-boxed elementor-section-height-default elementor-section-height-default\" data-id=\"91e5f54\" data-element_type=\"section\">\n\t\t\t\t\t\t<div class=\"elementor-container elementor-column-gap-default\">\n\t\t\t\t\t<div class=\"elementor-column elementor-col-100 elementor-top-column elementor-element elementor-element-3ca351b\" data-id=\"3ca351b\" data-element_type=\"column\">\n\t\t\t<div class=\"elementor-widget-wrap elementor-element-populated\">\n\t\t\t\t\t\t<div class=\"elementor-element elementor-element-d7adb34 elementor-widget elementor-widget-wd_image_or_svg\" data-id=\"d7adb34\" data-element_type=\"widget\" data-widget_type=\"wd_image_or_svg.default\">\n\t\t\t\t<div class=\"elementor-widget-container\">\n\t\t\t\t\t\n\t\t<div class=\"wd-image text-left\">\n\t\t\t\t\t\t\t\t<img fetchpriority=\"high\" decoding=\"async\" width=\"790\" height=\"1314\" src=\"https:\/\/babyvk.com\/wp-content\/uploads\/2024\/04\/description-image-2.jpeg\" class=\"attachment-full size-full wvs-archive-product-image\" alt=\"\" srcset=\"https:\/\/babyvk.com\/wp-content\/uploads\/2024\/04\/description-image-2.jpeg 790w, https:\/\/babyvk.com\/wp-content\/uploads\/2024\/04\/description-image-2-30x50.jpeg 30w, https:\/\/babyvk.com\/wp-content\/uploads\/2024\/04\/description-image-2-180x300.jpeg 180w, https:\/\/babyvk.com\/wp-content\/uploads\/2024\/04\/description-image-2-768x1277.jpeg 768w, https:\/\/babyvk.com\/wp-content\/uploads\/2024\/04\/description-image-2-481x800.jpeg 481w, https:\/\/babyvk.com\/wp-content\/uploads\/2024\/04\/description-image-2-301x500.jpeg 301w, https:\/\/babyvk.com\/wp-content\/uploads\/2024\/04\/description-image-2-430x715.jpeg 430w, https:\/\/babyvk.com\/wp-content\/uploads\/2024\/04\/description-image-2-700x1164.jpeg 700w\" sizes=\"(max-width: 790px) 100vw, 790px\" title=\"\">\t\t\t\t\t<\/div>\n\n\t\t\t\t\t\t<\/div>\n\t\t\t\t<\/div>\n\t\t\t\t<div class=\"elementor-element elementor-element-495c1e9 elementor-widget elementor-widget-wd_image_or_svg\" data-id=\"495c1e9\" data-element_type=\"widget\" data-widget_type=\"wd_image_or_svg.default\">\n\t\t\t\t<div class=\"elementor-widget-container\">\n\t\t\t\t\t\n\t\t<div class=\"wd-image text-left\">\n\t\t\t\t\t\t\t\t<img decoding=\"async\" width=\"790\" height=\"614\" src=\"https:\/\/babyvk.com\/wp-content\/uploads\/2024\/04\/description-image-3.jpeg\" class=\"attachment-full size-full wvs-archive-product-image\" alt=\"\" srcset=\"https:\/\/babyvk.com\/wp-content\/uploads\/2024\/04\/description-image-3.jpeg 790w, https:\/\/babyvk.com\/wp-content\/uploads\/2024\/04\/description-image-3-30x23.jpeg 30w, https:\/\/babyvk.com\/wp-content\/uploads\/2024\/04\/description-image-3-386x300.jpeg 386w, https:\/\/babyvk.com\/wp-content\/uploads\/2024\/04\/description-image-3-768x597.jpeg 768w, https:\/\/babyvk.com\/wp-content\/uploads\/2024\/04\/description-image-3-500x389.jpeg 500w, https:\/\/babyvk.com\/wp-content\/uploads\/2024\/04\/description-image-3-430x334.jpeg 430w, https:\/\/babyvk.com\/wp-content\/uploads\/2024\/04\/description-image-3-700x544.jpeg 700w\" sizes=\"(max-width: 790px) 100vw, 790px\" title=\"\">\t\t\t\t\t<\/div>\n\n\t\t\t\t\t\t<\/div>\n\t\t\t\t<\/div>\n\t\t\t\t<div class=\"elementor-element elementor-element-ebe3046 elementor-widget elementor-widget-wd_image_or_svg\" data-id=\"ebe3046\" data-element_type=\"widget\" data-widget_type=\"wd_image_or_svg.default\">\n\t\t\t\t<div class=\"elementor-widget-container\">\n\t\t\t\t\t\n\t\t<div class=\"wd-image text-left\">\n\t\t\t\t\t\t\t\t<img decoding=\"async\" width=\"790\" height=\"1212\" src=\"https:\/\/babyvk.com\/wp-content\/uploads\/2024\/04\/description-image-4.jpeg\" class=\"attachment-full size-full wvs-archive-product-image\" alt=\"\" srcset=\"https:\/\/babyvk.com\/wp-content\/uploads\/2024\/04\/description-image-4.jpeg 790w, https:\/\/babyvk.com\/wp-content\/uploads\/2024\/04\/description-image-4-30x46.jpeg 30w, https:\/\/babyvk.com\/wp-content\/uploads\/2024\/04\/description-image-4-196x300.jpeg 196w, https:\/\/babyvk.com\/wp-content\/uploads\/2024\/04\/description-image-4-768x1178.jpeg 768w, https:\/\/babyvk.com\/wp-content\/uploads\/2024\/04\/description-image-4-521x800.jpeg 521w, https:\/\/babyvk.com\/wp-content\/uploads\/2024\/04\/description-image-4-326x500.jpeg 326w, https:\/\/babyvk.com\/wp-content\/uploads\/2024\/04\/description-image-4-430x660.jpeg 430w, https:\/\/babyvk.com\/wp-content\/uploads\/2024\/04\/description-image-4-700x1074.jpeg 700w\" sizes=\"(max-width: 790px) 100vw, 790px\" title=\"\">\t\t\t\t\t<\/div>\n\n\t\t\t\t\t\t<\/div>\n\t\t\t\t<\/div>\n\t\t\t\t<div class=\"elementor-element elementor-element-6a4b8ee elementor-widget elementor-widget-wd_image_or_svg\" data-id=\"6a4b8ee\" data-element_type=\"widget\" data-widget_type=\"wd_image_or_svg.default\">\n\t\t\t\t<div class=\"elementor-widget-container\">\n\t\t\t\t\t\n\t\t<div class=\"wd-image text-left\">\n\t\t\t\t\t\t\t\t<img loading=\"lazy\" decoding=\"async\" width=\"790\" height=\"1285\" src=\"https:\/\/babyvk.com\/wp-content\/uploads\/2024\/04\/description-image-5.jpeg\" class=\"attachment-full size-full wvs-archive-product-image\" alt=\"\" srcset=\"https:\/\/babyvk.com\/wp-content\/uploads\/2024\/04\/description-image-5.jpeg 790w, https:\/\/babyvk.com\/wp-content\/uploads\/2024\/04\/description-image-5-30x49.jpeg 30w, https:\/\/babyvk.com\/wp-content\/uploads\/2024\/04\/description-image-5-184x300.jpeg 184w, https:\/\/babyvk.com\/wp-content\/uploads\/2024\/04\/description-image-5-768x1249.jpeg 768w, https:\/\/babyvk.com\/wp-content\/uploads\/2024\/04\/description-image-5-492x800.jpeg 492w, https:\/\/babyvk.com\/wp-content\/uploads\/2024\/04\/description-image-5-307x500.jpeg 307w, https:\/\/babyvk.com\/wp-content\/uploads\/2024\/04\/description-image-5-430x699.jpeg 430w, https:\/\/babyvk.com\/wp-content\/uploads\/2024\/04\/description-image-5-700x1139.jpeg 700w\" sizes=\"(max-width: 790px) 100vw, 790px\" title=\"\">\t\t\t\t\t<\/div>\n\n\t\t\t\t\t\t<\/div>\n\t\t\t\t<\/div>\n\t\t\t\t<div class=\"elementor-element elementor-element-de7833c elementor-widget elementor-widget-wd_image_or_svg\" data-id=\"de7833c\" data-element_type=\"widget\" data-widget_type=\"wd_image_or_svg.default\">\n\t\t\t\t<div class=\"elementor-widget-container\">\n\t\t\t\t\t\n\t\t<div class=\"wd-image text-left\">\n\t\t\t\t\t\t\t\t<img loading=\"lazy\" decoding=\"async\" width=\"790\" height=\"1413\" src=\"https:\/\/babyvk.com\/wp-content\/uploads\/2024\/04\/description-image-6.jpeg\" class=\"attachment-full size-full wvs-archive-product-image\" alt=\"\" srcset=\"https:\/\/babyvk.com\/wp-content\/uploads\/2024\/04\/description-image-6.jpeg 790w, https:\/\/babyvk.com\/wp-content\/uploads\/2024\/04\/description-image-6-30x54.jpeg 30w, https:\/\/babyvk.com\/wp-content\/uploads\/2024\/04\/description-image-6-168x300.jpeg 168w, https:\/\/babyvk.com\/wp-content\/uploads\/2024\/04\/description-image-6-768x1374.jpeg 768w, https:\/\/babyvk.com\/wp-content\/uploads\/2024\/04\/description-image-6-447x800.jpeg 447w, https:\/\/babyvk.com\/wp-content\/uploads\/2024\/04\/description-image-6-280x500.jpeg 280w, https:\/\/babyvk.com\/wp-content\/uploads\/2024\/04\/description-image-6-430x769.jpeg 430w, https:\/\/babyvk.com\/wp-content\/uploads\/2024\/04\/description-image-6-700x1252.jpeg 700w\" sizes=\"(max-width: 790px) 100vw, 790px\" title=\"\">\t\t\t\t\t<\/div>\n\n\t\t\t\t\t\t<\/div>\n\t\t\t\t<\/div>\n\t\t\t\t<div class=\"elementor-element elementor-element-0b257bc elementor-widget elementor-widget-wd_image_or_svg\" data-id=\"0b257bc\" data-element_type=\"widget\" data-widget_type=\"wd_image_or_svg.default\">\n\t\t\t\t<div class=\"elementor-widget-container\">\n\t\t\t\t\t\n\t\t<div class=\"wd-image text-left\">\n\t\t\t\t\t\t\t\t<img loading=\"lazy\" decoding=\"async\" width=\"790\" height=\"1294\" src=\"https:\/\/babyvk.com\/wp-content\/uploads\/2024\/04\/description-image-7.jpeg\" class=\"attachment-full size-full wvs-archive-product-image\" alt=\"\" srcset=\"https:\/\/babyvk.com\/wp-content\/uploads\/2024\/04\/description-image-7.jpeg 790w, https:\/\/babyvk.com\/wp-content\/uploads\/2024\/04\/description-image-7-30x49.jpeg 30w, https:\/\/babyvk.com\/wp-content\/uploads\/2024\/04\/description-image-7-183x300.jpeg 183w, https:\/\/babyvk.com\/wp-content\/uploads\/2024\/04\/description-image-7-768x1258.jpeg 768w, https:\/\/babyvk.com\/wp-content\/uploads\/2024\/04\/description-image-7-488x800.jpeg 488w, https:\/\/babyvk.com\/wp-content\/uploads\/2024\/04\/description-image-7-305x500.jpeg 305w, https:\/\/babyvk.com\/wp-content\/uploads\/2024\/04\/description-image-7-430x704.jpeg 430w, https:\/\/babyvk.com\/wp-content\/uploads\/2024\/04\/description-image-7-700x1147.jpeg 700w\" sizes=\"(max-width: 790px) 100vw, 790px\" title=\"\">\t\t\t\t\t<\/div>\n\n\t\t\t\t\t\t<\/div>\n\t\t\t\t<\/div>\n\t\t\t\t<div class=\"elementor-element elementor-element-1b1b530 elementor-widget elementor-widget-wd_image_or_svg\" data-id=\"1b1b530\" data-element_type=\"widget\" data-widget_type=\"wd_image_or_svg.default\">\n\t\t\t\t<div class=\"elementor-widget-container\">\n\t\t\t\t\t\n\t\t<div class=\"wd-image text-left\">\n\t\t\t\t\t\t\t\t<img loading=\"lazy\" decoding=\"async\" width=\"790\" height=\"1267\" src=\"https:\/\/babyvk.com\/wp-content\/uploads\/2024\/04\/description-image-8.jpeg\" class=\"attachment-full size-full wvs-archive-product-image\" alt=\"\" srcset=\"https:\/\/babyvk.com\/wp-content\/uploads\/2024\/04\/description-image-8.jpeg 790w, https:\/\/babyvk.com\/wp-content\/uploads\/2024\/04\/description-image-8-30x48.jpeg 30w, https:\/\/babyvk.com\/wp-content\/uploads\/2024\/04\/description-image-8-187x300.jpeg 187w, https:\/\/babyvk.com\/wp-content\/uploads\/2024\/04\/description-image-8-768x1232.jpeg 768w, https:\/\/babyvk.com\/wp-content\/uploads\/2024\/04\/description-image-8-499x800.jpeg 499w, https:\/\/babyvk.com\/wp-content\/uploads\/2024\/04\/description-image-8-312x500.jpeg 312w, https:\/\/babyvk.com\/wp-content\/uploads\/2024\/04\/description-image-8-430x690.jpeg 430w, https:\/\/babyvk.com\/wp-content\/uploads\/2024\/04\/description-image-8-700x1123.jpeg 700w\" sizes=\"(max-width: 790px) 100vw, 790px\" title=\"\">\t\t\t\t\t<\/div>\n\n\t\t\t\t\t\t<\/div>\n\t\t\t\t<\/div>\n\t\t\t\t<div class=\"elementor-element elementor-element-c6c1ab3 elementor-widget elementor-widget-wd_image_or_svg\" data-id=\"c6c1ab3\" data-element_type=\"widget\" data-widget_type=\"wd_image_or_svg.default\">\n\t\t\t\t<div class=\"elementor-widget-container\">\n\t\t\t\t\t\n\t\t<div class=\"wd-image text-left\">\n\t\t\t\t\t\t\t\t<img loading=\"lazy\" decoding=\"async\" width=\"790\" height=\"1236\" src=\"https:\/\/babyvk.com\/wp-content\/uploads\/2024\/04\/description-image-9.jpeg\" class=\"attachment-full size-full wvs-archive-product-image\" alt=\"\" srcset=\"https:\/\/babyvk.com\/wp-content\/uploads\/2024\/04\/description-image-9.jpeg 790w, https:\/\/babyvk.com\/wp-content\/uploads\/2024\/04\/description-image-9-30x47.jpeg 30w, https:\/\/babyvk.com\/wp-content\/uploads\/2024\/04\/description-image-9-192x300.jpeg 192w, https:\/\/babyvk.com\/wp-content\/uploads\/2024\/04\/description-image-9-768x1202.jpeg 768w, https:\/\/babyvk.com\/wp-content\/uploads\/2024\/04\/description-image-9-511x800.jpeg 511w, https:\/\/babyvk.com\/wp-content\/uploads\/2024\/04\/description-image-9-320x500.jpeg 320w, https:\/\/babyvk.com\/wp-content\/uploads\/2024\/04\/description-image-9-430x673.jpeg 430w, https:\/\/babyvk.com\/wp-content\/uploads\/2024\/04\/description-image-9-700x1095.jpeg 700w\" sizes=\"(max-width: 790px) 100vw, 790px\" title=\"\">\t\t\t\t\t<\/div>\n\n\t\t\t\t\t\t<\/div>\n\t\t\t\t<\/div>\n\t\t\t\t<div class=\"elementor-element elementor-element-9fa7eaf elementor-widget elementor-widget-wd_image_or_svg\" data-id=\"9fa7eaf\" data-element_type=\"widget\" data-widget_type=\"wd_image_or_svg.default\">\n\t\t\t\t<div class=\"elementor-widget-container\">\n\t\t\t\t\t\n\t\t<div class=\"wd-image text-left\">\n\t\t\t\t\t\t\t\t<img loading=\"lazy\" decoding=\"async\" width=\"790\" height=\"1227\" src=\"https:\/\/babyvk.com\/wp-content\/uploads\/2024\/04\/description-image-10.jpeg\" class=\"attachment-full size-full wvs-archive-product-image\" alt=\"\" srcset=\"https:\/\/babyvk.com\/wp-content\/uploads\/2024\/04\/description-image-10.jpeg 790w, https:\/\/babyvk.com\/wp-content\/uploads\/2024\/04\/description-image-10-30x47.jpeg 30w, https:\/\/babyvk.com\/wp-content\/uploads\/2024\/04\/description-image-10-193x300.jpeg 193w, https:\/\/babyvk.com\/wp-content\/uploads\/2024\/04\/description-image-10-768x1193.jpeg 768w, https:\/\/babyvk.com\/wp-content\/uploads\/2024\/04\/description-image-10-515x800.jpeg 515w, https:\/\/babyvk.com\/wp-content\/uploads\/2024\/04\/description-image-10-322x500.jpeg 322w, https:\/\/babyvk.com\/wp-content\/uploads\/2024\/04\/description-image-10-430x668.jpeg 430w, https:\/\/babyvk.com\/wp-content\/uploads\/2024\/04\/description-image-10-700x1087.jpeg 700w\" sizes=\"(max-width: 790px) 100vw, 790px\" title=\"\">\t\t\t\t\t<\/div>\n\n\t\t\t\t\t\t<\/div>\n\t\t\t\t<\/div>\n\t\t\t\t<div class=\"elementor-element elementor-element-c3b8b5b elementor-widget elementor-widget-wd_image_or_svg\" data-id=\"c3b8b5b\" data-element_type=\"widget\" data-widget_type=\"wd_image_or_svg.default\">\n\t\t\t\t<div class=\"elementor-widget-container\">\n\t\t\t\t\t\n\t\t<div class=\"wd-image text-left\">\n\t\t\t\t\t\t\t\t<img loading=\"lazy\" decoding=\"async\" width=\"790\" height=\"1358\" src=\"https:\/\/babyvk.com\/wp-content\/uploads\/2024\/04\/description-image-11.jpeg\" class=\"attachment-full size-full wvs-archive-product-image\" alt=\"\" srcset=\"https:\/\/babyvk.com\/wp-content\/uploads\/2024\/04\/description-image-11.jpeg 790w, https:\/\/babyvk.com\/wp-content\/uploads\/2024\/04\/description-image-11-30x52.jpeg 30w, https:\/\/babyvk.com\/wp-content\/uploads\/2024\/04\/description-image-11-175x300.jpeg 175w, https:\/\/babyvk.com\/wp-content\/uploads\/2024\/04\/description-image-11-768x1320.jpeg 768w, https:\/\/babyvk.com\/wp-content\/uploads\/2024\/04\/description-image-11-465x800.jpeg 465w, https:\/\/babyvk.com\/wp-content\/uploads\/2024\/04\/description-image-11-291x500.jpeg 291w, https:\/\/babyvk.com\/wp-content\/uploads\/2024\/04\/description-image-11-430x739.jpeg 430w, https:\/\/babyvk.com\/wp-content\/uploads\/2024\/04\/description-image-11-700x1203.jpeg 700w\" sizes=\"(max-width: 790px) 100vw, 790px\" title=\"\">\t\t\t\t\t<\/div>\n\n\t\t\t\t\t\t<\/div>\n\t\t\t\t<\/div>\n\t\t\t\t<div class=\"elementor-element elementor-element-51fcc61 elementor-widget elementor-widget-wd_image_or_svg\" data-id=\"51fcc61\" data-element_type=\"widget\" data-widget_type=\"wd_image_or_svg.default\">\n\t\t\t\t<div class=\"elementor-widget-container\">\n\t\t\t\t\t\n\t\t<div class=\"wd-image text-left\">\n\t\t\t\t\t\t\t\t<img loading=\"lazy\" decoding=\"async\" width=\"790\" height=\"1343\" src=\"https:\/\/babyvk.com\/wp-content\/uploads\/2024\/04\/description-image-12.jpeg\" class=\"attachment-full size-full wvs-archive-product-image\" alt=\"\" srcset=\"https:\/\/babyvk.com\/wp-content\/uploads\/2024\/04\/description-image-12.jpeg 790w, https:\/\/babyvk.com\/wp-content\/uploads\/2024\/04\/description-image-12-30x51.jpeg 30w, https:\/\/babyvk.com\/wp-content\/uploads\/2024\/04\/description-image-12-176x300.jpeg 176w, https:\/\/babyvk.com\/wp-content\/uploads\/2024\/04\/description-image-12-768x1306.jpeg 768w, https:\/\/babyvk.com\/wp-content\/uploads\/2024\/04\/description-image-12-471x800.jpeg 471w, https:\/\/babyvk.com\/wp-content\/uploads\/2024\/04\/description-image-12-294x500.jpeg 294w, https:\/\/babyvk.com\/wp-content\/uploads\/2024\/04\/description-image-12-430x731.jpeg 430w, https:\/\/babyvk.com\/wp-content\/uploads\/2024\/04\/description-image-12-700x1190.jpeg 700w\" sizes=\"(max-width: 790px) 100vw, 790px\" title=\"\">\t\t\t\t\t<\/div>\n\n\t\t\t\t\t\t<\/div>\n\t\t\t\t<\/div>\n\t\t\t\t<div class=\"elementor-element elementor-element-4153781 elementor-widget elementor-widget-wd_image_or_svg\" data-id=\"4153781\" data-element_type=\"widget\" data-widget_type=\"wd_image_or_svg.default\">\n\t\t\t\t<div class=\"elementor-widget-container\">\n\t\t\t\t\t\n\t\t<div class=\"wd-image text-left\">\n\t\t\t\t\t\t\t\t<img loading=\"lazy\" decoding=\"async\" width=\"790\" height=\"1477\" src=\"https:\/\/babyvk.com\/wp-content\/uploads\/2024\/04\/description-image-13.jpeg\" class=\"attachment-full size-full wvs-archive-product-image\" alt=\"\" srcset=\"https:\/\/babyvk.com\/wp-content\/uploads\/2024\/04\/description-image-13.jpeg 790w, https:\/\/babyvk.com\/wp-content\/uploads\/2024\/04\/description-image-13-30x56.jpeg 30w, https:\/\/babyvk.com\/wp-content\/uploads\/2024\/04\/description-image-13-160x300.jpeg 160w, https:\/\/babyvk.com\/wp-content\/uploads\/2024\/04\/description-image-13-768x1436.jpeg 768w, https:\/\/babyvk.com\/wp-content\/uploads\/2024\/04\/description-image-13-428x800.jpeg 428w, https:\/\/babyvk.com\/wp-content\/uploads\/2024\/04\/description-image-13-267x500.jpeg 267w, https:\/\/babyvk.com\/wp-content\/uploads\/2024\/04\/description-image-13-430x804.jpeg 430w, https:\/\/babyvk.com\/wp-content\/uploads\/2024\/04\/description-image-13-700x1309.jpeg 700w\" sizes=\"(max-width: 790px) 100vw, 790px\" title=\"\">\t\t\t\t\t<\/div>\n\n\t\t\t\t\t\t<\/div>\n\t\t\t\t<\/div>\n\t\t\t\t\t<\/div>\n\t\t<\/div>\n\t\t\t\t\t<\/div>\n\t\t<\/section>\n\t\t\t\t<\/div>","protected":false},"excerpt":{"rendered":"<p>&#8220;<strong>\u00bfBusca un alivio eficaz para la sinusitis?<\/strong> Descubra la botella de enjuague Neti Pot Sinus Rinse. Diga adi\u00f3s a la congesti\u00f3n y respire tranquilo. Compre ahora con env\u00edo gratuito y obtenga 30% DE DESCUENTO\".<\/p>","protected":false},"featured_media":18875,"comment_status":"open","ping_status":"closed","template":"","meta":{"_acf_changed":false},"product_brand":[],"product_cat":[29],"product_tag":[804,802,801,803,805],"class_list":{"0":"post-18873","1":"product","2":"type-product","3":"status-publish","4":"has-post-thumbnail","6":"product_cat-best-baby-care","7":"product_tag-nasal-irrigation-system","8":"product_tag-nasal-rinse-bottle","9":"product_tag-nasal-wash-bottle","10":"product_tag-sinus-rinsing","11":"product_tag-sinus-rinsing-bottle-cleaner","13":"first","14":"instock","15":"sale","16":"taxable","17":"shipping-taxable","18":"purchasable","19":"product-type-variable","20":"wvs-archive-product-wrapper"},"acf":[],"_links":{"self":[{"href":"https:\/\/babyvk.com\/es\/wp-json\/wp\/v2\/product\/18873","targetHints":{"allow":["GET"]}}],"collection":[{"href":"https:\/\/babyvk.com\/es\/wp-json\/wp\/v2\/product"}],"about":[{"href":"https:\/\/babyvk.com\/es\/wp-json\/wp\/v2\/types\/product"}],"replies":[{"embeddable":true,"href":"https:\/\/babyvk.com\/es\/wp-json\/wp\/v2\/comments?post=18873"}],"version-history":[{"count":1,"href":"https:\/\/babyvk.com\/es\/wp-json\/wp\/v2\/product\/18873\/revisions"}],"predecessor-version":[{"id":25083,"href":"https:\/\/babyvk.com\/es\/wp-json\/wp\/v2\/product\/18873\/revisions\/25083"}],"wp:featuredmedia":[{"embeddable":true,"href":"https:\/\/babyvk.com\/es\/wp-json\/wp\/v2\/media\/18875"}],"wp:attachment":[{"href":"https:\/\/babyvk.com\/es\/wp-json\/wp\/v2\/media?parent=18873"}],"wp:term":[{"taxonomy":"product_brand","embeddable":true,"href":"https:\/\/babyvk.com\/es\/wp-json\/wp\/v2\/product_brand?post=18873"},{"taxonomy":"product_cat","embeddable":true,"href":"https:\/\/babyvk.com\/es\/wp-json\/wp\/v2\/product_cat?post=18873"},{"taxonomy":"product_tag","embeddable":true,"href":"https:\/\/babyvk.com\/es\/wp-json\/wp\/v2\/product_tag?post=18873"}],"curies":[{"name":"wp","href":"https:\/\/api.w.org\/{rel}","templated":true}]}}