{"id":18855,"date":"2024-04-01T06:46:28","date_gmt":"2024-04-01T06:46:28","guid":{"rendered":"https:\/\/babyvk.com\/?post_type=product&#038;p=18855"},"modified":"2025-03-10T20:03:30","modified_gmt":"2025-03-10T20:03:30","slug":"magnetic-chess-game-set","status":"publish","type":"product","link":"https:\/\/babyvk.com\/es\/product\/magnetic-chess-game-set\/","title":{"rendered":"Juego de ajedrez magn\u00e9tico"},"content":{"rendered":"<div data-elementor-type=\"product-post\" data-elementor-id=\"18855\" class=\"elementor elementor-18855\" data-elementor-post-type=\"product\">\n\t\t\t\t\t\t<section class=\"wd-negative-gap elementor-section elementor-top-section elementor-element elementor-element-a712af6 elementor-section-boxed elementor-section-height-default elementor-section-height-default\" data-id=\"a712af6\" data-element_type=\"section\">\n\t\t\t\t\t\t<div class=\"elementor-container elementor-column-gap-default\">\n\t\t\t\t\t<div class=\"elementor-column elementor-col-100 elementor-top-column elementor-element elementor-element-b65a6f4\" data-id=\"b65a6f4\" data-element_type=\"column\">\n\t\t\t<div class=\"elementor-widget-wrap elementor-element-populated\">\n\t\t\t\t\t\t<div class=\"elementor-element elementor-element-1cf247b elementor-widget elementor-widget-wd_text_block\" data-id=\"1cf247b\" data-element_type=\"widget\" data-widget_type=\"wd_text_block.default\">\n\t\t\t\t<div class=\"elementor-widget-container\">\n\t\t\t\t\t\t\t<div class=\"wd-text-block reset-last-child text-left\">\n\t\t\t\n\t\t\t<h2>Art\u00edculo\uff1a<\/h2><ol><li><p><strong>Juego internacional de ajedrez magn\u00e9tico<\/strong>: El Ajedrez Internacional Magn\u00e9tico es un juego que desaf\u00eda el pensamiento y las habilidades l\u00f3gicas de una manera entretenida. Puede jugarlo con la familia y los amigos, ret\u00e1ndose a s\u00ed mismo o a los dem\u00e1s. Este juego acerca a las personas, permitiendo que todos disfruten de un tiempo de calidad juntos.<\/p><\/li><li><p><strong>Materiales duraderos y seguros<\/strong>: Fabricado con materiales magn\u00e9ticos y pl\u00e1sticos, es resistente, duradero y garantiza la seguridad. No se rompe ni se deforma incluso despu\u00e9s de un uso prolongado. Adem\u00e1s, ofrece un tacto c\u00f3modo y suave, garantizando la seguridad medioambiental.<\/p><\/li><li><p><strong>Jugabilidad<\/strong>: Es un juego apto para 2 o m\u00e1s jugadores. Durante la partida, el objetivo es no tener imanes cuando sea tu turno. Este juego de Ajedrez Internacional es f\u00e1cil de reutilizar, ya que sus fuertes imanes evitan que las piezas se desprendan f\u00e1cilmente. El juego de Ajedrez Internacional Magn\u00e9tico es perfecto para reuniones familiares.<\/p><\/li><li><p><strong>Desarrollo mental<\/strong>: Este juego de ajedrez estimula el desarrollo mental de los ni\u00f1os y mejora sus capacidades cognitivas. Ofrece varios modos y niveles para disfrutar, mejorar los tiempos de reacci\u00f3n, aprender r\u00e1pidamente conceptos b\u00e1sicos y fomentar la concentraci\u00f3n y la capacidad de pensamiento l\u00f3gico de los ni\u00f1os.<\/p><\/li><li><p><strong>Atractivo juego magn\u00e9tico interactivo<\/strong>: Se puede jugar con la familia y los amigos, y mejora las relaciones entre padres e hijos o las conexiones sociales. No solo se puede utilizar como juego de mesa, sino tambi\u00e9n para practicar la coordinaci\u00f3n mano-ojo y crear diversos modelos magn\u00e9ticos.<\/p><\/li><\/ol>\n\t\t\t\t\t<\/div>\n\t\t\t\t\t\t<\/div>\n\t\t\t\t<\/div>\n\t\t\t\t<div class=\"elementor-element elementor-element-bd9218e elementor-widget elementor-widget-wd_text_block\" data-id=\"bd9218e\" data-element_type=\"widget\" data-widget_type=\"wd_text_block.default\">\n\t\t\t\t<div class=\"elementor-widget-container\">\n\t\t\t\t\t\t\t<div class=\"wd-text-block reset-last-child text-left\">\n\t\t\t\n\t\t\t<h2>Embalaje:<\/h2><ul><li>Tablero de juego X 1pcs<\/li><li>Ajedrez magn\u00e9tico X 20 piezas<\/li><li>Bolsa de almacenamiento X 1pcs<\/li><\/ul>\n\t\t\t\t\t<\/div>\n\t\t\t\t\t\t<\/div>\n\t\t\t\t<\/div>\n\t\t\t\t\t<\/div>\n\t\t<\/div>\n\t\t\t\t\t<\/div>\n\t\t<\/section>\n\t\t\t\t<\/div>","protected":false},"excerpt":{"rendered":"<p>&#8220;<strong>\u00bfBusca un divertido juguete de ajedrez al que pueda jugar con sus hijos?<\/strong> El juego de ajedrez magn\u00e9tico ofrece un juego atractivo, perfecto para la uni\u00f3n familiar y el desarrollo cognitivo. Compre ahora con env\u00edo gratuito y obtenga 30% DE DESCUENTO\".<\/p>","protected":false},"featured_media":18848,"comment_status":"open","ping_status":"closed","template":"","meta":{"_acf_changed":false},"product_brand":[],"product_cat":[509],"product_tag":[798,800,797,799],"class_list":{"0":"post-18855","1":"product","2":"type-product","3":"status-publish","4":"has-post-thumbnail","6":"product_cat-best-baby-toys","7":"product_tag-magnetic-chess","8":"product_tag-magnetic-chess-board","9":"product_tag-magnetic-chess-game","10":"product_tag-magnetic-chess-set","12":"first","13":"instock","14":"sale","15":"taxable","16":"shipping-taxable","17":"purchasable","18":"product-type-variable","19":"wvs-archive-product-wrapper"},"acf":[],"_links":{"self":[{"href":"https:\/\/babyvk.com\/es\/wp-json\/wp\/v2\/product\/18855","targetHints":{"allow":["GET"]}}],"collection":[{"href":"https:\/\/babyvk.com\/es\/wp-json\/wp\/v2\/product"}],"about":[{"href":"https:\/\/babyvk.com\/es\/wp-json\/wp\/v2\/types\/product"}],"replies":[{"embeddable":true,"href":"https:\/\/babyvk.com\/es\/wp-json\/wp\/v2\/comments?post=18855"}],"version-history":[{"count":0,"href":"https:\/\/babyvk.com\/es\/wp-json\/wp\/v2\/product\/18855\/revisions"}],"wp:featuredmedia":[{"embeddable":true,"href":"https:\/\/babyvk.com\/es\/wp-json\/wp\/v2\/media\/18848"}],"wp:attachment":[{"href":"https:\/\/babyvk.com\/es\/wp-json\/wp\/v2\/media?parent=18855"}],"wp:term":[{"taxonomy":"product_brand","embeddable":true,"href":"https:\/\/babyvk.com\/es\/wp-json\/wp\/v2\/product_brand?post=18855"},{"taxonomy":"product_cat","embeddable":true,"href":"https:\/\/babyvk.com\/es\/wp-json\/wp\/v2\/product_cat?post=18855"},{"taxonomy":"product_tag","embeddable":true,"href":"https:\/\/babyvk.com\/es\/wp-json\/wp\/v2\/product_tag?post=18855"}],"curies":[{"name":"wp","href":"https:\/\/api.w.org\/{rel}","templated":true}]}}